





{"id":53784,"date":"2022-10-08T19:15:39","date_gmt":"2022-10-08T17:15:39","guid":{"rendered":"https:\/\/repliquemangacine.fr\/?post_type=product&#038;p=53784"},"modified":"2026-04-16T20:03:19","modified_gmt":"2026-04-16T18:03:19","slug":"asta-di-spada-assassins-creed","status":"publish","type":"product","link":"https:\/\/repliquemangacine.fr\/it\/armes-assassins-creed\/canne-epee-assassins-creed\/","title":{"rendered":"Bastone con spada di Assassin's Creed"},"content":{"rendered":"<h2>Replica della spada di Assassin's Creed Syndicate.<\/h2>\n<p>Per cominciare, questo <strong>Bastone con spada di Assassin's Creed<\/strong> <strong>sindacato<\/strong> \u00e8 utilizzato da <a href=\"https:\/\/assassinscreed.fandom.com\/fr\/wiki\/Jacob_Frye\" target=\"_blank\" rel=\"noopener noreferrer\">Giacobbe<\/a>, leader della banda, Maestro Assassino della Fratellanza Britannica.<\/p>\n<p>Assassin's Creed: Syndicate \u00e8 il nono capitolo principale della serie Assassin's Creed. Segue Assassin's Creed: Unity, uscito l'anno precedente. Syndicate ha come protagonisti gli Assassini Jacob ed Evie Frye, due gemelli membri della Confraternita, ambientati nella Londra vittoriana della seconda met\u00e0 del XIX secolo.<\/p>\n<p>Sir Jacob Frye, capo banda e Maestro Assassino della Fratellanza Britannica. \u00c8 il fratello gemello di Evie Frye.<\/p>\n<p>La spada di canna, l'arma speciale usata dai gemelli Evie e Jacob Frye. Discreta, ma comunque letale, poteva essere portata senza attirare l'attenzione in un'epoca in cui il porto d'armi era diventato proibito per la popolazione urbana.<\/p>\n<h2>La tua Spada di Assassin's Creed Syndicate al miglior prezzo.<\/h2>\n<p>Vi proponiamo tutte le battute dei vostri personaggi preferiti del vostro videogioco preferito.<\/p>\n<p>Innanzitutto,<\/p>\n<ul>\n<li>La <a href=\"https:\/\/repliquemangacine.fr\/it\/assassins-creed\/assassin-s-creed-odyssey-replica-lancia-spezzata-di-leonida\/\">La lancia spezzata di Leonida<\/a> nell'Odissea, usato da Kassandra e\/o Alexios.<\/li>\n<li>Ma anche i due <a href=\"https:\/\/repliquemangacine.fr\/it\/assassins-creed\/asce-assassins-creed-valhalla\/\">Assi utilizzati da Eivor<\/a> Varinsdottir in Assassin's Creed Valhalla.<\/li>\n<li>C'\u00e8 anche la battuta di <a href=\"https:\/\/repliquemangacine.fr\/it\/assassins-creed\/pistola-con-ascia-da-pirata-del-xviii-secolo\/\">Pistola con ascia dei pirati<\/a> in Assassin's Creed Unity.<\/li>\n<li>E molti altri da scoprire nel nostro negozio online!<\/li>\n<\/ul>\n<p>Ecco perch\u00e9 questa \u00e8 un'ottima idea regalo per tutti i fan di Assassin's Creed.<\/p>\n<p>In conclusione, \u00e8 possibile utilizzare questo <strong>Bastone con spada di Assassin's Creed<\/strong> <strong>Sindacato<\/strong> per le sfilate di cosplay o le serate a tema. Ma soprattutto \u00e8 un oggetto da collezione e un pezzo decorativo.<\/p>\n<h2>Come faccio a mantenere la lama della mia spada a bastone?<\/h2>\n<p>Le spade da collezione e decorative sono realizzate e assemblate in modo semplificato. Poich\u00e9 il loro uso \u00e8 decorativo, non hanno le caratteristiche di sicurezza richieste per una spada giapponese destinata all'allenamento.<\/p>\n<p>Tuttavia, il bastone della spada ha una lama d'acciaio che deve essere mantenuta per evitare che si danneggi nel tempo. Quando esponete la vostra katana, i vostri amici saranno curiosi di vedere la lama e di toccarla. \u00c8 qui che bisogna fare attenzione, perch\u00e9 l'acidit\u00e0 delle dita \u00e8 molto dannosa per l'acciaio, indipendentemente dalla sua qualit\u00e0.<\/p>\n<p>Tuttavia, se ci\u00f2 dovesse accadere, non fatevi prendere dal panico: basta un panno inumidito con un po' di olio per rimuovere le impronte digitali. In questo modo, la vostra spada durer\u00e0 a lungo.<\/p>","protected":false},"excerpt":{"rendered":"<p>Replica della Spada di Jacob in Assassin's Creed Syndicate.<\/p>\n<ul>\n<li>Realizzato interamente in metallo.<\/li>\n<li>Il pomello a testa di avvoltoio \u00e8 realizzato in acciaio massiccio.<\/li>\n<li>Lama in acciaio inox 440.<\/li>\n<li>All'estremit\u00e0 del bastone \u00e8 presente una striscia di gomma antiscivolo.<\/li>\n<li>Utile per le passeggiate.<\/li>\n<li>Lunghezza lama: 31 cm - Lunghezza totale: 96 cm - Peso: 800 grammi<\/li>\n<\/ul>","protected":false},"featured_media":53785,"template":"","meta":[],"product_brand":[896],"product_cat":[836,48,23],"product_tag":[],"class_list":{"0":"post-53784","1":"product","2":"type-product","3":"status-publish","4":"has-post-thumbnail","6":"product_brand-replique-manga-cine","7":"product_cat-armes-assassins-creed","8":"product_cat-epees-assassins-creed-armes-assassins-creed","9":"product_cat-repliques-manga-jeux-video","11":"first","12":"instock","13":"taxable","14":"shipping-taxable","15":"purchasable","16":"product-type-simple"},"yoast_head":"<!-- This site is optimized with the Yoast SEO plugin v27.4 - https:\/\/yoast.com\/product\/yoast-seo-wordpress\/ -->\n<title>Canne \u00e9p\u00e9e Assassin&#039;s Creed syndicate - R\u00e9plique Manga Cin\u00e9<\/title>\n<meta name=\"description\" content=\"Achetez vite ! La Canne \u00e9p\u00e9e Assassin&#039;s Creed utilis\u00e9e par Jacob dans l&#039;opus syndicate au meilleur prix. Lame en acier de 31 cm- Longueur totale : 96cm\" \/>\n<meta name=\"robots\" content=\"index, follow, max-snippet:-1, max-image-preview:large, max-video-preview:-1\" \/>\n<link rel=\"canonical\" href=\"https:\/\/repliquemangacine.fr\/it\/armi-di-assassins-creed\/asta-di-spada-assassins-creed\/\" \/>\n<meta property=\"og:locale\" content=\"it_IT\" \/>\n<meta property=\"og:type\" content=\"article\" \/>\n<meta property=\"og:title\" content=\"Canne \u00e9p\u00e9e Assassin&#039;s Creed syndicate - R\u00e9plique Manga Cin\u00e9\" \/>\n<meta property=\"og:description\" content=\"Achetez vite ! La Canne \u00e9p\u00e9e Assassin&#039;s Creed utilis\u00e9e par Jacob dans l&#039;opus syndicate au meilleur prix. Lame en acier de 31 cm- Longueur totale : 96cm\" \/>\n<meta property=\"og:url\" content=\"https:\/\/repliquemangacine.fr\/it\/armi-di-assassins-creed\/asta-di-spada-assassins-creed\/\" \/>\n<meta property=\"og:site_name\" content=\"R\u00e9plique Manga Cin\u00e9\" \/>\n<meta property=\"article:publisher\" content=\"https:\/\/www.facebook.com\/RepliqueMangaCine\" \/>\n<meta property=\"article:modified_time\" content=\"2026-04-16T18:03:19+00:00\" \/>\n<meta property=\"og:image\" content=\"https:\/\/repliquemangacine.fr\/wp-content\/uploads\/2023\/10\/Canne-epee-Assassins-Creed-.jpg\" \/>\n\t<meta property=\"og:image:width\" content=\"500\" \/>\n\t<meta property=\"og:image:height\" content=\"500\" \/>\n\t<meta property=\"og:image:type\" content=\"image\/jpeg\" \/>\n<meta name=\"twitter:card\" content=\"summary_large_image\" \/>\n<meta name=\"twitter:label1\" content=\"Tempo di lettura stimato\" \/>\n\t<meta name=\"twitter:data1\" content=\"2 minuti\" \/>\n<script type=\"application\/ld+json\" class=\"yoast-schema-graph\">{\"@context\":\"https:\\\/\\\/schema.org\",\"@graph\":[{\"@type\":\"WebPage\",\"@id\":\"https:\\\/\\\/repliquemangacine.fr\\\/armes-assassins-creed\\\/canne-epee-assassins-creed\\\/\",\"url\":\"https:\\\/\\\/repliquemangacine.fr\\\/armes-assassins-creed\\\/canne-epee-assassins-creed\\\/\",\"name\":\"Canne \u00e9p\u00e9e Assassin's Creed syndicate - R\u00e9plique Manga Cin\u00e9\",\"isPartOf\":{\"@id\":\"https:\\\/\\\/repliquemangacine.fr\\\/#website\"},\"primaryImageOfPage\":{\"@id\":\"https:\\\/\\\/repliquemangacine.fr\\\/armes-assassins-creed\\\/canne-epee-assassins-creed\\\/#primaryimage\"},\"image\":{\"@id\":\"https:\\\/\\\/repliquemangacine.fr\\\/armes-assassins-creed\\\/canne-epee-assassins-creed\\\/#primaryimage\"},\"thumbnailUrl\":\"https:\\\/\\\/repliquemangacine.fr\\\/wp-content\\\/uploads\\\/2023\\\/10\\\/Canne-epee-Assassins-Creed-.jpg\",\"datePublished\":\"2022-10-08T17:15:39+00:00\",\"dateModified\":\"2026-04-16T18:03:19+00:00\",\"description\":\"Achetez vite ! La Canne \u00e9p\u00e9e Assassin's Creed utilis\u00e9e par Jacob dans l'opus syndicate au meilleur prix. Lame en acier de 31 cm- Longueur totale : 96cm\",\"breadcrumb\":{\"@id\":\"https:\\\/\\\/repliquemangacine.fr\\\/armes-assassins-creed\\\/canne-epee-assassins-creed\\\/#breadcrumb\"},\"inLanguage\":\"it-IT\",\"potentialAction\":[{\"@type\":\"ReadAction\",\"target\":[\"https:\\\/\\\/repliquemangacine.fr\\\/armes-assassins-creed\\\/canne-epee-assassins-creed\\\/\"]}]},{\"@type\":\"ImageObject\",\"inLanguage\":\"it-IT\",\"@id\":\"https:\\\/\\\/repliquemangacine.fr\\\/armes-assassins-creed\\\/canne-epee-assassins-creed\\\/#primaryimage\",\"url\":\"https:\\\/\\\/repliquemangacine.fr\\\/wp-content\\\/uploads\\\/2023\\\/10\\\/Canne-epee-Assassins-Creed-.jpg\",\"contentUrl\":\"https:\\\/\\\/repliquemangacine.fr\\\/wp-content\\\/uploads\\\/2023\\\/10\\\/Canne-epee-Assassins-Creed-.jpg\",\"width\":500,\"height\":500,\"caption\":\"Canne \u00e9p\u00e9e Assassin's Creed syndicate\"},{\"@type\":\"BreadcrumbList\",\"@id\":\"https:\\\/\\\/repliquemangacine.fr\\\/armes-assassins-creed\\\/canne-epee-assassins-creed\\\/#breadcrumb\",\"itemListElement\":[{\"@type\":\"ListItem\",\"position\":1,\"name\":\"Accueil\",\"item\":\"https:\\\/\\\/repliquemangacine.fr\\\/\"},{\"@type\":\"ListItem\",\"position\":2,\"name\":\"Produits\",\"item\":\"https:\\\/\\\/repliquemangacine.fr\\\/boutique\\\/\"},{\"@type\":\"ListItem\",\"position\":3,\"name\":\"Canne \u00e9p\u00e9e Assassin&#8217;s Creed\"}]},{\"@type\":\"WebSite\",\"@id\":\"https:\\\/\\\/repliquemangacine.fr\\\/#website\",\"url\":\"https:\\\/\\\/repliquemangacine.fr\\\/\",\"name\":\"R\u00e9plique Manga Cin\u00e9\",\"description\":\"\",\"publisher\":{\"@id\":\"https:\\\/\\\/repliquemangacine.fr\\\/#organization\"},\"potentialAction\":[{\"@type\":\"SearchAction\",\"target\":{\"@type\":\"EntryPoint\",\"urlTemplate\":\"https:\\\/\\\/repliquemangacine.fr\\\/?s={search_term_string}\"},\"query-input\":{\"@type\":\"PropertyValueSpecification\",\"valueRequired\":true,\"valueName\":\"search_term_string\"}}],\"inLanguage\":\"it-IT\"},{\"@type\":\"Organization\",\"@id\":\"https:\\\/\\\/repliquemangacine.fr\\\/#organization\",\"name\":\"R\u00e9plique Manga Cin\u00e9\",\"url\":\"https:\\\/\\\/repliquemangacine.fr\\\/\",\"logo\":{\"@type\":\"ImageObject\",\"inLanguage\":\"it-IT\",\"@id\":\"https:\\\/\\\/repliquemangacine.fr\\\/#\\\/schema\\\/logo\\\/image\\\/\",\"url\":\"https:\\\/\\\/repliquemangacine.fr\\\/wp-content\\\/uploads\\\/2023\\\/10\\\/RMC-500250.png\",\"contentUrl\":\"https:\\\/\\\/repliquemangacine.fr\\\/wp-content\\\/uploads\\\/2023\\\/10\\\/RMC-500250.png\",\"width\":500,\"height\":250,\"caption\":\"R\u00e9plique Manga Cin\u00e9\"},\"image\":{\"@id\":\"https:\\\/\\\/repliquemangacine.fr\\\/#\\\/schema\\\/logo\\\/image\\\/\"},\"sameAs\":[\"https:\\\/\\\/www.facebook.com\\\/RepliqueMangaCine\",\"https:\\\/\\\/www.instagram.com\\\/repliquemangacine.fr\\\/\"]}]}<\/script>\n<!-- \/ Yoast SEO plugin. -->","yoast_head_json":{"title":"Spada del Sindacato di Assassin's Creed - R\u00e9plique Manga Cin\u00e9","description":"Acquista ora! Il bastone della spada di Assassin's Creed usato da Jacob nell'opera del Sindacato al miglior prezzo. Lama in acciaio da 31 cm - Lunghezza totale: 96 cm","robots":{"index":"index","follow":"follow","max-snippet":"max-snippet:-1","max-image-preview":"max-image-preview:large","max-video-preview":"max-video-preview:-1"},"canonical":"https:\/\/repliquemangacine.fr\/it\/armi-di-assassins-creed\/asta-di-spada-assassins-creed\/","og_locale":"it_IT","og_type":"article","og_title":"Canne \u00e9p\u00e9e Assassin's Creed syndicate - R\u00e9plique Manga Cin\u00e9","og_description":"Achetez vite ! La Canne \u00e9p\u00e9e Assassin's Creed utilis\u00e9e par Jacob dans l'opus syndicate au meilleur prix. Lame en acier de 31 cm- Longueur totale : 96cm","og_url":"https:\/\/repliquemangacine.fr\/it\/armi-di-assassins-creed\/asta-di-spada-assassins-creed\/","og_site_name":"R\u00e9plique Manga Cin\u00e9","article_publisher":"https:\/\/www.facebook.com\/RepliqueMangaCine","article_modified_time":"2026-04-16T18:03:19+00:00","og_image":[{"width":500,"height":500,"url":"https:\/\/repliquemangacine.fr\/wp-content\/uploads\/2023\/10\/Canne-epee-Assassins-Creed-.jpg","type":"image\/jpeg"}],"twitter_card":"summary_large_image","twitter_misc":{"Tempo di lettura stimato":"2 minuti"},"schema":{"@context":"https:\/\/schema.org","@graph":[{"@type":"WebPage","@id":"https:\/\/repliquemangacine.fr\/armes-assassins-creed\/canne-epee-assassins-creed\/","url":"https:\/\/repliquemangacine.fr\/armes-assassins-creed\/canne-epee-assassins-creed\/","name":"Spada del Sindacato di Assassin's Creed - R\u00e9plique Manga Cin\u00e9","isPartOf":{"@id":"https:\/\/repliquemangacine.fr\/#website"},"primaryImageOfPage":{"@id":"https:\/\/repliquemangacine.fr\/armes-assassins-creed\/canne-epee-assassins-creed\/#primaryimage"},"image":{"@id":"https:\/\/repliquemangacine.fr\/armes-assassins-creed\/canne-epee-assassins-creed\/#primaryimage"},"thumbnailUrl":"https:\/\/repliquemangacine.fr\/wp-content\/uploads\/2023\/10\/Canne-epee-Assassins-Creed-.jpg","datePublished":"2022-10-08T17:15:39+00:00","dateModified":"2026-04-16T18:03:19+00:00","description":"Acquista ora! Il bastone della spada di Assassin's Creed usato da Jacob nell'opera del Sindacato al miglior prezzo. Lama in acciaio da 31 cm - Lunghezza totale: 96 cm","breadcrumb":{"@id":"https:\/\/repliquemangacine.fr\/armes-assassins-creed\/canne-epee-assassins-creed\/#breadcrumb"},"inLanguage":"it-IT","potentialAction":[{"@type":"ReadAction","target":["https:\/\/repliquemangacine.fr\/armes-assassins-creed\/canne-epee-assassins-creed\/"]}]},{"@type":"ImageObject","inLanguage":"it-IT","@id":"https:\/\/repliquemangacine.fr\/armes-assassins-creed\/canne-epee-assassins-creed\/#primaryimage","url":"https:\/\/repliquemangacine.fr\/wp-content\/uploads\/2023\/10\/Canne-epee-Assassins-Creed-.jpg","contentUrl":"https:\/\/repliquemangacine.fr\/wp-content\/uploads\/2023\/10\/Canne-epee-Assassins-Creed-.jpg","width":500,"height":500,"caption":"Canne \u00e9p\u00e9e Assassin's Creed syndicate"},{"@type":"BreadcrumbList","@id":"https:\/\/repliquemangacine.fr\/armes-assassins-creed\/canne-epee-assassins-creed\/#breadcrumb","itemListElement":[{"@type":"ListItem","position":1,"name":"Accueil","item":"https:\/\/repliquemangacine.fr\/"},{"@type":"ListItem","position":2,"name":"Produits","item":"https:\/\/repliquemangacine.fr\/boutique\/"},{"@type":"ListItem","position":3,"name":"Canne \u00e9p\u00e9e Assassin&#8217;s Creed"}]},{"@type":"WebSite","@id":"https:\/\/repliquemangacine.fr\/#website","url":"https:\/\/repliquemangacine.fr\/","name":"R\u00e9plique Manga Cin\u00e9","description":"","publisher":{"@id":"https:\/\/repliquemangacine.fr\/#organization"},"potentialAction":[{"@type":"SearchAction","target":{"@type":"EntryPoint","urlTemplate":"https:\/\/repliquemangacine.fr\/?s={search_term_string}"},"query-input":{"@type":"PropertyValueSpecification","valueRequired":true,"valueName":"search_term_string"}}],"inLanguage":"it-IT"},{"@type":"Organization","@id":"https:\/\/repliquemangacine.fr\/#organization","name":"R\u00e9plique Manga Cin\u00e9","url":"https:\/\/repliquemangacine.fr\/","logo":{"@type":"ImageObject","inLanguage":"it-IT","@id":"https:\/\/repliquemangacine.fr\/#\/schema\/logo\/image\/","url":"https:\/\/repliquemangacine.fr\/wp-content\/uploads\/2023\/10\/RMC-500250.png","contentUrl":"https:\/\/repliquemangacine.fr\/wp-content\/uploads\/2023\/10\/RMC-500250.png","width":500,"height":250,"caption":"R\u00e9plique Manga Cin\u00e9"},"image":{"@id":"https:\/\/repliquemangacine.fr\/#\/schema\/logo\/image\/"},"sameAs":["https:\/\/www.facebook.com\/RepliqueMangaCine","https:\/\/www.instagram.com\/repliquemangacine.fr\/"]}]}},"_links":{"self":[{"href":"https:\/\/repliquemangacine.fr\/it\/wp-json\/wp\/v2\/product\/53784","targetHints":{"allow":["GET"]}}],"collection":[{"href":"https:\/\/repliquemangacine.fr\/it\/wp-json\/wp\/v2\/product"}],"about":[{"href":"https:\/\/repliquemangacine.fr\/it\/wp-json\/wp\/v2\/types\/product"}],"wp:featuredmedia":[{"embeddable":true,"href":"https:\/\/repliquemangacine.fr\/it\/wp-json\/wp\/v2\/media\/53785"}],"wp:attachment":[{"href":"https:\/\/repliquemangacine.fr\/it\/wp-json\/wp\/v2\/media?parent=53784"}],"wp:term":[{"taxonomy":"product_brand","embeddable":true,"href":"https:\/\/repliquemangacine.fr\/it\/wp-json\/wp\/v2\/product_brand?post=53784"},{"taxonomy":"product_cat","embeddable":true,"href":"https:\/\/repliquemangacine.fr\/it\/wp-json\/wp\/v2\/product_cat?post=53784"},{"taxonomy":"product_tag","embeddable":true,"href":"https:\/\/repliquemangacine.fr\/it\/wp-json\/wp\/v2\/product_tag?post=53784"}],"curies":[{"name":"wp","href":"https:\/\/api.w.org\/{rel}","templated":true}]}}