





{"id":53746,"date":"2022-10-08T14:08:47","date_gmt":"2022-10-08T12:08:47","guid":{"rendered":"https:\/\/repliquemangacine.fr\/?post_type=product&#038;p=53746"},"modified":"2026-01-29T20:04:51","modified_gmt":"2026-01-29T19:04:51","slug":"spada-assassina-wonder-woman-dio-assassino","status":"publish","type":"product","link":"https:\/\/repliquemangacine.fr\/it\/super-heros-marvel\/epee-tueuse-wonder-woman-god-killer\/","title":{"rendered":"Spada da cacciatore di Wonder Woman"},"content":{"rendered":"<h2>Spada della cacciatrice di Wonder Woman.<\/h2>\n<p>Per cominciare, il<strong>Spada da cacciatore di Wonder Woman<\/strong> (God Killer) \u00e8 un'arma incredibilmente affilata e resistente, che non mostra alcun danno apparente dopo l'ampio uso che ne ha fatto Diana durante la Prima Guerra Mondiale.<\/p>\n<p>Probabilmente era anche di natura magica, come molte armi di Themysciran. Tuttavia, pu\u00f2 essere distrutta dal potere divino di un Dio molto antico, come alla fine fece Ares.<\/p>\n<p>Diana originariamente acquist\u00f2 il God Killer da una speciale torre di Themyscira, che conteneva i \u201cmolti doni\u201d che gli dei avevano dato alle Amazzoni, credendo che sarebbe stata l'unica cosa in grado di uccidere Ares, il dio della guerra.<\/p>\n<p><a href=\"https:\/\/dc.fandom.com\/fr\/wiki\/Wonder_Woman_(Diana_Prince)\" target=\"_blank\" rel=\"noopener noreferrer\">Diana<\/a> sostituisce il Dio Assassino con la spada di Atena, usandola come una delle sue armi.<\/p>\n<h2>La tua spada da cacciatore di Wonder Woman al miglior prezzo.<\/h2>\n<p>Offriamo un'ampia gamma di repliche dei vostri supereroi preferiti.<\/p>\n<p>Innanzitutto<\/p>\n<ul>\n<li>L'<a href=\"https:\/\/repliquemangacine.fr\/it\/supereroi\/athena-spada-wonder-woman-justice-league\/\">Spada di Atena<\/a> di Wonder Woman, che ha preso il posto di Dio Assassino.<\/li>\n<li>Poi il<a href=\"https:\/\/repliquemangacine.fr\/it\/supereroi\/spada-katana-daywalker-blade\/\">Spada Daywalker<\/a> di Blade con la sua custodia posteriore.<\/li>\n<li>C'\u00e8 anche il <a href=\"https:\/\/repliquemangacine.fr\/it\/supereroi\/il-bastone-della-squadra-suicida-del-joker\/\">Bastone Joker<\/a> su licenza ufficiale distribuito da Noble Collection.<\/li>\n<li>E molti altri da scoprire nel nostro negozio online!<\/li>\n<\/ul>\n<p>Ecco quindi alcune fantastiche idee regalo per tutti gli amanti dell'universo Marvel.<\/p>\n<p>In conclusione, \u00e8 possibile utilizzare l\u2019<strong>Spada da cacciatore di Wonder Woman<\/strong> per le vostre sfilate di cosplay. Ma soprattutto, questa spada \u00e8 un oggetto da collezione e un oggetto decorativo.<\/p>\n<h2>Come si mantiene la lama della sciabola?<\/h2>\n<p>Le spade da collezione e decorative sono realizzate e assemblate in modo semplificato. Poich\u00e9 il loro uso \u00e8 decorativo, non hanno le caratteristiche di sicurezza richieste da una sciabola giapponese destinata all'allenamento.<\/p>\n<p>Tuttavia, il vostro <strong>Spada assassina di Wonder Woman<\/strong> a una lama d'acciaio che deve essere curata per evitare che si danneggi nel tempo. Quando si espone la katana, gli amici saranno curiosi di vedere la lama e di toccarla. \u00c8 qui che bisogna fare attenzione, perch\u00e9 l'acidit\u00e0 delle dita \u00e8 molto dannosa per l'acciaio, indipendentemente dalla sua qualit\u00e0.<\/p>\n<p>Tuttavia, se ci\u00f2 dovesse accadere, niente panico: basta un panno inumidito con un po' d'olio per eliminare le impronte. In questo modo, la spada durer\u00e0 a lungo.<\/p>","protected":false},"excerpt":{"rendered":"<p>Spada God Killer ispirata al film Wonder Woman.<\/p>\n<ul>\n<li>Lama in acciaio inox 440.<\/li>\n<li>Incisione di rune amazzoniche.<\/li>\n<li>Elsa in metallo antico con teste di drago.<\/li>\n<li>Manico in metallo, corpi di drago.<\/li>\n<li>Fodero in similpelle nera.<\/li>\n<li>Lunghezza lama: 79 cm - Lunghezza totale: 106 cm<\/li>\n<\/ul>","protected":false},"featured_media":53747,"template":"","meta":[],"product_brand":[896],"product_cat":[24,101,59],"product_tag":[],"class_list":{"0":"post-53746","1":"product","2":"type-product","3":"status-publish","4":"has-post-thumbnail","6":"product_brand-replique-manga-cine","7":"product_cat-films-series-tv-vente-de-katana-epee-et-produits-derives","8":"product_cat-soldes","9":"product_cat-super-heros-marvel","11":"first","12":"instock","13":"sale","14":"taxable","15":"shipping-taxable","16":"purchasable","17":"product-type-simple"},"yoast_head":"<!-- This site is optimized with the Yoast SEO plugin v27.4 - https:\/\/yoast.com\/product\/yoast-seo-wordpress\/ -->\n<title>Ep\u00e9e Tueuse Wonder Woman - God Killer - R\u00e9plique Manga Cin\u00e9<\/title>\n<meta name=\"description\" content=\"Offrez-vous cette Ep\u00e9e Tueuse Wonder Woman appel\u00e9 God Killer au meilleur prix. Lame en acier - Gravures de r\u00fbnes - Fourreau - Longueur : 106 cm\" \/>\n<meta name=\"robots\" content=\"index, follow, max-snippet:-1, max-image-preview:large, max-video-preview:-1\" \/>\n<link rel=\"canonical\" href=\"https:\/\/repliquemangacine.fr\/it\/bilanci\/spada-assassina-wonder-woman-dio-assassino\/\" \/>\n<meta property=\"og:locale\" content=\"it_IT\" \/>\n<meta property=\"og:type\" content=\"article\" \/>\n<meta property=\"og:title\" content=\"Ep\u00e9e Tueuse Wonder Woman - God Killer - R\u00e9plique Manga Cin\u00e9\" \/>\n<meta property=\"og:description\" content=\"Offrez-vous cette Ep\u00e9e Tueuse Wonder Woman appel\u00e9 God Killer au meilleur prix. Lame en acier - Gravures de r\u00fbnes - Fourreau - Longueur : 106 cm\" \/>\n<meta property=\"og:url\" content=\"https:\/\/repliquemangacine.fr\/it\/bilanci\/spada-assassina-wonder-woman-dio-assassino\/\" \/>\n<meta property=\"og:site_name\" content=\"R\u00e9plique Manga Cin\u00e9\" \/>\n<meta property=\"article:publisher\" content=\"https:\/\/www.facebook.com\/RepliqueMangaCine\" \/>\n<meta property=\"article:modified_time\" content=\"2026-01-29T19:04:51+00:00\" \/>\n<meta property=\"og:image\" content=\"https:\/\/repliquemangacine.fr\/wp-content\/uploads\/2023\/10\/646.jpg\" \/>\n\t<meta property=\"og:image:width\" content=\"500\" \/>\n\t<meta property=\"og:image:height\" content=\"500\" \/>\n\t<meta property=\"og:image:type\" content=\"image\/jpeg\" \/>\n<meta name=\"twitter:card\" content=\"summary_large_image\" \/>\n<meta name=\"twitter:label1\" content=\"Tempo di lettura stimato\" \/>\n\t<meta name=\"twitter:data1\" content=\"2 minuti\" \/>\n<script type=\"application\/ld+json\" class=\"yoast-schema-graph\">{\"@context\":\"https:\\\/\\\/schema.org\",\"@graph\":[{\"@type\":\"WebPage\",\"@id\":\"https:\\\/\\\/repliquemangacine.fr\\\/soldes\\\/epee-tueuse-wonder-woman-god-killer\\\/\",\"url\":\"https:\\\/\\\/repliquemangacine.fr\\\/soldes\\\/epee-tueuse-wonder-woman-god-killer\\\/\",\"name\":\"Ep\u00e9e Tueuse Wonder Woman - God Killer - R\u00e9plique Manga Cin\u00e9\",\"isPartOf\":{\"@id\":\"https:\\\/\\\/repliquemangacine.fr\\\/#website\"},\"primaryImageOfPage\":{\"@id\":\"https:\\\/\\\/repliquemangacine.fr\\\/soldes\\\/epee-tueuse-wonder-woman-god-killer\\\/#primaryimage\"},\"image\":{\"@id\":\"https:\\\/\\\/repliquemangacine.fr\\\/soldes\\\/epee-tueuse-wonder-woman-god-killer\\\/#primaryimage\"},\"thumbnailUrl\":\"https:\\\/\\\/repliquemangacine.fr\\\/wp-content\\\/uploads\\\/2023\\\/10\\\/646.jpg\",\"datePublished\":\"2022-10-08T12:08:47+00:00\",\"dateModified\":\"2026-01-29T19:04:51+00:00\",\"description\":\"Offrez-vous cette Ep\u00e9e Tueuse Wonder Woman appel\u00e9 God Killer au meilleur prix. Lame en acier - Gravures de r\u00fbnes - Fourreau - Longueur : 106 cm\",\"breadcrumb\":{\"@id\":\"https:\\\/\\\/repliquemangacine.fr\\\/soldes\\\/epee-tueuse-wonder-woman-god-killer\\\/#breadcrumb\"},\"inLanguage\":\"it-IT\",\"potentialAction\":[{\"@type\":\"ReadAction\",\"target\":[\"https:\\\/\\\/repliquemangacine.fr\\\/soldes\\\/epee-tueuse-wonder-woman-god-killer\\\/\"]}]},{\"@type\":\"ImageObject\",\"inLanguage\":\"it-IT\",\"@id\":\"https:\\\/\\\/repliquemangacine.fr\\\/soldes\\\/epee-tueuse-wonder-woman-god-killer\\\/#primaryimage\",\"url\":\"https:\\\/\\\/repliquemangacine.fr\\\/wp-content\\\/uploads\\\/2023\\\/10\\\/646.jpg\",\"contentUrl\":\"https:\\\/\\\/repliquemangacine.fr\\\/wp-content\\\/uploads\\\/2023\\\/10\\\/646.jpg\",\"width\":500,\"height\":500,\"caption\":\"Ep\u00e9e Tueuse Wonder Woman god killer\"},{\"@type\":\"BreadcrumbList\",\"@id\":\"https:\\\/\\\/repliquemangacine.fr\\\/soldes\\\/epee-tueuse-wonder-woman-god-killer\\\/#breadcrumb\",\"itemListElement\":[{\"@type\":\"ListItem\",\"position\":1,\"name\":\"Accueil\",\"item\":\"https:\\\/\\\/repliquemangacine.fr\\\/\"},{\"@type\":\"ListItem\",\"position\":2,\"name\":\"Produits\",\"item\":\"https:\\\/\\\/repliquemangacine.fr\\\/boutique\\\/\"},{\"@type\":\"ListItem\",\"position\":3,\"name\":\"Ep\u00e9e Tueuse Wonder Woman\"}]},{\"@type\":\"WebSite\",\"@id\":\"https:\\\/\\\/repliquemangacine.fr\\\/#website\",\"url\":\"https:\\\/\\\/repliquemangacine.fr\\\/\",\"name\":\"R\u00e9plique Manga Cin\u00e9\",\"description\":\"\",\"publisher\":{\"@id\":\"https:\\\/\\\/repliquemangacine.fr\\\/#organization\"},\"potentialAction\":[{\"@type\":\"SearchAction\",\"target\":{\"@type\":\"EntryPoint\",\"urlTemplate\":\"https:\\\/\\\/repliquemangacine.fr\\\/?s={search_term_string}\"},\"query-input\":{\"@type\":\"PropertyValueSpecification\",\"valueRequired\":true,\"valueName\":\"search_term_string\"}}],\"inLanguage\":\"it-IT\"},{\"@type\":\"Organization\",\"@id\":\"https:\\\/\\\/repliquemangacine.fr\\\/#organization\",\"name\":\"R\u00e9plique Manga Cin\u00e9\",\"url\":\"https:\\\/\\\/repliquemangacine.fr\\\/\",\"logo\":{\"@type\":\"ImageObject\",\"inLanguage\":\"it-IT\",\"@id\":\"https:\\\/\\\/repliquemangacine.fr\\\/#\\\/schema\\\/logo\\\/image\\\/\",\"url\":\"https:\\\/\\\/repliquemangacine.fr\\\/wp-content\\\/uploads\\\/2023\\\/10\\\/RMC-500250.png\",\"contentUrl\":\"https:\\\/\\\/repliquemangacine.fr\\\/wp-content\\\/uploads\\\/2023\\\/10\\\/RMC-500250.png\",\"width\":500,\"height\":250,\"caption\":\"R\u00e9plique Manga Cin\u00e9\"},\"image\":{\"@id\":\"https:\\\/\\\/repliquemangacine.fr\\\/#\\\/schema\\\/logo\\\/image\\\/\"},\"sameAs\":[\"https:\\\/\\\/www.facebook.com\\\/RepliqueMangaCine\",\"https:\\\/\\\/www.instagram.com\\\/repliquemangacine.fr\\\/\"]}]}<\/script>\n<!-- \/ Yoast SEO plugin. -->","yoast_head_json":{"title":"Spada da uccisore di Wonder Woman - Dio assassino - R\u00e9plique Manga Cin\u00e9","description":"Regalatevi questa spada da uccisore di Wonder Woman chiamata God Killer al miglior prezzo. Lama in acciaio - Incisioni a fuoco - Fodero - Lunghezza : 106 cm","robots":{"index":"index","follow":"follow","max-snippet":"max-snippet:-1","max-image-preview":"max-image-preview:large","max-video-preview":"max-video-preview:-1"},"canonical":"https:\/\/repliquemangacine.fr\/it\/bilanci\/spada-assassina-wonder-woman-dio-assassino\/","og_locale":"it_IT","og_type":"article","og_title":"Ep\u00e9e Tueuse Wonder Woman - God Killer - R\u00e9plique Manga Cin\u00e9","og_description":"Offrez-vous cette Ep\u00e9e Tueuse Wonder Woman appel\u00e9 God Killer au meilleur prix. Lame en acier - Gravures de r\u00fbnes - Fourreau - Longueur : 106 cm","og_url":"https:\/\/repliquemangacine.fr\/it\/bilanci\/spada-assassina-wonder-woman-dio-assassino\/","og_site_name":"R\u00e9plique Manga Cin\u00e9","article_publisher":"https:\/\/www.facebook.com\/RepliqueMangaCine","article_modified_time":"2026-01-29T19:04:51+00:00","og_image":[{"width":500,"height":500,"url":"https:\/\/repliquemangacine.fr\/wp-content\/uploads\/2023\/10\/646.jpg","type":"image\/jpeg"}],"twitter_card":"summary_large_image","twitter_misc":{"Tempo di lettura stimato":"2 minuti"},"schema":{"@context":"https:\/\/schema.org","@graph":[{"@type":"WebPage","@id":"https:\/\/repliquemangacine.fr\/soldes\/epee-tueuse-wonder-woman-god-killer\/","url":"https:\/\/repliquemangacine.fr\/soldes\/epee-tueuse-wonder-woman-god-killer\/","name":"Spada da uccisore di Wonder Woman - Dio assassino - R\u00e9plique Manga Cin\u00e9","isPartOf":{"@id":"https:\/\/repliquemangacine.fr\/#website"},"primaryImageOfPage":{"@id":"https:\/\/repliquemangacine.fr\/soldes\/epee-tueuse-wonder-woman-god-killer\/#primaryimage"},"image":{"@id":"https:\/\/repliquemangacine.fr\/soldes\/epee-tueuse-wonder-woman-god-killer\/#primaryimage"},"thumbnailUrl":"https:\/\/repliquemangacine.fr\/wp-content\/uploads\/2023\/10\/646.jpg","datePublished":"2022-10-08T12:08:47+00:00","dateModified":"2026-01-29T19:04:51+00:00","description":"Regalatevi questa spada da uccisore di Wonder Woman chiamata God Killer al miglior prezzo. Lama in acciaio - Incisioni a fuoco - Fodero - Lunghezza : 106 cm","breadcrumb":{"@id":"https:\/\/repliquemangacine.fr\/soldes\/epee-tueuse-wonder-woman-god-killer\/#breadcrumb"},"inLanguage":"it-IT","potentialAction":[{"@type":"ReadAction","target":["https:\/\/repliquemangacine.fr\/soldes\/epee-tueuse-wonder-woman-god-killer\/"]}]},{"@type":"ImageObject","inLanguage":"it-IT","@id":"https:\/\/repliquemangacine.fr\/soldes\/epee-tueuse-wonder-woman-god-killer\/#primaryimage","url":"https:\/\/repliquemangacine.fr\/wp-content\/uploads\/2023\/10\/646.jpg","contentUrl":"https:\/\/repliquemangacine.fr\/wp-content\/uploads\/2023\/10\/646.jpg","width":500,"height":500,"caption":"Ep\u00e9e Tueuse Wonder Woman god killer"},{"@type":"BreadcrumbList","@id":"https:\/\/repliquemangacine.fr\/soldes\/epee-tueuse-wonder-woman-god-killer\/#breadcrumb","itemListElement":[{"@type":"ListItem","position":1,"name":"Accueil","item":"https:\/\/repliquemangacine.fr\/"},{"@type":"ListItem","position":2,"name":"Produits","item":"https:\/\/repliquemangacine.fr\/boutique\/"},{"@type":"ListItem","position":3,"name":"Ep\u00e9e Tueuse Wonder Woman"}]},{"@type":"WebSite","@id":"https:\/\/repliquemangacine.fr\/#website","url":"https:\/\/repliquemangacine.fr\/","name":"R\u00e9plique Manga Cin\u00e9","description":"","publisher":{"@id":"https:\/\/repliquemangacine.fr\/#organization"},"potentialAction":[{"@type":"SearchAction","target":{"@type":"EntryPoint","urlTemplate":"https:\/\/repliquemangacine.fr\/?s={search_term_string}"},"query-input":{"@type":"PropertyValueSpecification","valueRequired":true,"valueName":"search_term_string"}}],"inLanguage":"it-IT"},{"@type":"Organization","@id":"https:\/\/repliquemangacine.fr\/#organization","name":"R\u00e9plique Manga Cin\u00e9","url":"https:\/\/repliquemangacine.fr\/","logo":{"@type":"ImageObject","inLanguage":"it-IT","@id":"https:\/\/repliquemangacine.fr\/#\/schema\/logo\/image\/","url":"https:\/\/repliquemangacine.fr\/wp-content\/uploads\/2023\/10\/RMC-500250.png","contentUrl":"https:\/\/repliquemangacine.fr\/wp-content\/uploads\/2023\/10\/RMC-500250.png","width":500,"height":250,"caption":"R\u00e9plique Manga Cin\u00e9"},"image":{"@id":"https:\/\/repliquemangacine.fr\/#\/schema\/logo\/image\/"},"sameAs":["https:\/\/www.facebook.com\/RepliqueMangaCine","https:\/\/www.instagram.com\/repliquemangacine.fr\/"]}]}},"_links":{"self":[{"href":"https:\/\/repliquemangacine.fr\/it\/wp-json\/wp\/v2\/product\/53746","targetHints":{"allow":["GET"]}}],"collection":[{"href":"https:\/\/repliquemangacine.fr\/it\/wp-json\/wp\/v2\/product"}],"about":[{"href":"https:\/\/repliquemangacine.fr\/it\/wp-json\/wp\/v2\/types\/product"}],"wp:featuredmedia":[{"embeddable":true,"href":"https:\/\/repliquemangacine.fr\/it\/wp-json\/wp\/v2\/media\/53747"}],"wp:attachment":[{"href":"https:\/\/repliquemangacine.fr\/it\/wp-json\/wp\/v2\/media?parent=53746"}],"wp:term":[{"taxonomy":"product_brand","embeddable":true,"href":"https:\/\/repliquemangacine.fr\/it\/wp-json\/wp\/v2\/product_brand?post=53746"},{"taxonomy":"product_cat","embeddable":true,"href":"https:\/\/repliquemangacine.fr\/it\/wp-json\/wp\/v2\/product_cat?post=53746"},{"taxonomy":"product_tag","embeddable":true,"href":"https:\/\/repliquemangacine.fr\/it\/wp-json\/wp\/v2\/product_tag?post=53746"}],"curies":[{"name":"wp","href":"https:\/\/api.w.org\/{rel}","templated":true}]}}