





{"id":53191,"date":"2022-09-16T16:50:03","date_gmt":"2022-09-16T14:50:03","guid":{"rendered":"https:\/\/repliquemangacine.fr\/?post_type=product&#038;p=53191"},"modified":"2026-01-14T13:42:01","modified_gmt":"2026-01-14T12:42:01","slug":"katana-byakuya-senbonzakura-bleach-epee-bleach","status":"publish","type":"product","link":"https:\/\/repliquemangacine.fr\/it\/katana-bleach\/katana-byakuya-senbonzakura-bleach-epee-bleach\/","title":{"rendered":"Katana Byakuya senbonzakura Bleach"},"content":{"rendered":"<h2>Katana Byakuya Senbonzakura Bleach replica<\/h2>\n<p>Per cominciare, il <strong>Katana Byakuya Senbonzakura Bleach<\/strong> \u00e8 la sua zanpakuto in forma sigillata. Senbonzakura (Mille fiori di ciliegio) \u00e8 una katana standard. Ha una normale guardia di bronzo con una cornice aperta, simile a una finestra a quattro vetri. Ha un'impugnatura color lavanda e un fodero bianco.<\/p>\n<p>La frase di lancio del suo Shikai \u00e8: Disperditi nell'anime. Nello Shikai, la lama della katana si divide in mille piccole lame che volano nell'aria, lasciando nella mano di Byakuya solo l'impugnatura e la tsuba della spada che, con il loro movimento, danno l'aspetto di fiori di ciliegio.<\/p>\n<p>La sua padronanza del Kid\u014d, il suo forte Potere Spirituale e il suo <a href=\"https:\/\/bleach.fandom.com\/fr\/wiki\/Byakuya_Kuchiki#Zanpakut\u014d\" target=\"_blank\" rel=\"noopener noreferrer\">Zanpakut\u014d<\/a>Senbonzakura, lo rendono uno dei capitani pi\u00f9 temibili delle 13 Divisioni. Byakuya \u00e8 un combattente dalla battuta pronta e un maestro di tattica.<\/p>\n<h2>La tua Katana Byakuya Senbonzakura Bleach al miglior prezzo.<\/h2>\n<p>Offriamo un'ampia gamma di repliche del vostro anime manga preferito Bleach<\/p>\n<p>Innanzitutto<\/p>\n<ul>\n<li>Il must-have <a href=\"https:\/\/repliquemangacine.fr\/it\/candeggina\/bankai-tensa-zangetsu\/\">Ichigo bankai<\/a> la versione breve di Tensa Zangetsu, ma ne esistono diverse versioni.<\/li>\n<li>C'\u00e8 anche il <a href=\"https:\/\/repliquemangacine.fr\/it\/candeggina\/canne-benihime-kisuke-urahara-bleach\/\">Asta per spada Benihime<\/a> di Kisuk\u00e9 Urahara.<\/li>\n<li>Cos\u00ec come il <a href=\"https:\/\/repliquemangacine.fr\/it\/candeggina\/katana-pantera-grimmjow-bleach\/\">Pantera katana<\/a> utilizzato da Grimmjow Jaggerjack.<\/li>\n<li>E molti altri da scoprire nel nostro negozio online!<\/li>\n<\/ul>\n<p>Ecco quindi alcune grandi idee regalo per tutti i fan di Bleach.<\/p>\n<p>In conclusione, \u00e8 possibile utilizzare il metodo <strong>Katana Byakuya Senbonzakura Bleach<\/strong> per le vostre sfilate di Cosplay o per le vostre serate a tema. Ma soprattutto, questa Zanpakuto di Byakuya \u00e8 un oggetto da collezione e un pezzo decorativo.<\/p>\n<h2>Come si mantiene la lama della katana di Bleach?<\/h2>\n<p>Le katane da collezione e decorative sono realizzate e assemblate in modo semplificato. Poich\u00e9 il loro uso \u00e8 decorativo, non hanno le caratteristiche di sicurezza richieste da una spada giapponese destinata all'allenamento.<\/p>\n<p>Tuttavia, la vostra katana <strong>Byakuya Senbonzakura Bleach<\/strong> a una lama d'acciaio che deve essere curata per evitare che si danneggi nel tempo. Quando si espone la katana, gli amici saranno curiosi di vedere la lama e di toccarla. \u00c8 qui che bisogna fare attenzione, perch\u00e9 l'acidit\u00e0 delle dita \u00e8 molto dannosa per l'acciaio, indipendentemente dalla sua qualit\u00e0.<\/p>\n<p>Tuttavia, se ci\u00f2 dovesse accadere, niente panico: basta un panno inumidito con un po' d'olio per eliminare le impronte. In questo modo, la spada durer\u00e0 a lungo.<\/p>","protected":false},"excerpt":{"rendered":"<p>Superba replica della Katana Byakuya Senbonzakura di Bleach.<\/p>\n<ul>\n<li>Lama in acciaio al carbonio non affilata.<\/li>\n<li>Protezione in acciaio massiccio bicolore.<\/li>\n<li>Manico rivestito di treccia di cotone color lavanda.<\/li>\n<li>Fodero in legno laccato bianco.<\/li>\n<li>Lunghezza lama: 68 cm - Lunghezza totale: 104 cm - Peso: 920 grammi<\/li>\n<\/ul>","protected":false},"featured_media":53192,"template":"","meta":[],"product_brand":[896],"product_cat":[30,23],"product_tag":[],"class_list":{"0":"post-53191","1":"product","2":"type-product","3":"status-publish","4":"has-post-thumbnail","6":"product_brand-replique-manga-cine","7":"product_cat-katana-bleach","8":"product_cat-repliques-manga-jeux-video","10":"first","11":"instock","12":"taxable","13":"shipping-taxable","14":"purchasable","15":"product-type-simple"},"yoast_head":"<!-- This site is optimized with the Yoast SEO plugin v27.4 - https:\/\/yoast.com\/product\/yoast-seo-wordpress\/ -->\n<title>Katana Byakuya senbonzakura Bleach - Boutique en ligne - RMC<\/title>\n<meta name=\"description\" content=\"Achetez vite ! Ce superbe Katana Byakuya Senbonzakura Bleach au meilleur prix. Lame acier - Fourreau laqu\u00e9 blanc - Longueur totale : 104cm - Envoi 24\/48h\" \/>\n<meta name=\"robots\" content=\"index, follow, max-snippet:-1, max-image-preview:large, max-video-preview:-1\" \/>\n<link rel=\"canonical\" href=\"https:\/\/repliquemangacine.fr\/it\/katana-bleach\/katana-byakuya-senbonzakura-bleach-epee-bleach\/\" \/>\n<meta property=\"og:locale\" content=\"it_IT\" \/>\n<meta property=\"og:type\" content=\"article\" \/>\n<meta property=\"og:title\" content=\"Katana Byakuya senbonzakura Bleach - Boutique en ligne - RMC\" \/>\n<meta property=\"og:description\" content=\"Achetez vite ! Ce superbe Katana Byakuya Senbonzakura Bleach au meilleur prix. Lame acier - Fourreau laqu\u00e9 blanc - Longueur totale : 104cm - Envoi 24\/48h\" \/>\n<meta property=\"og:url\" content=\"https:\/\/repliquemangacine.fr\/it\/katana-bleach\/katana-byakuya-senbonzakura-bleach-epee-bleach\/\" \/>\n<meta property=\"og:site_name\" content=\"R\u00e9plique Manga Cin\u00e9\" \/>\n<meta property=\"article:publisher\" content=\"https:\/\/www.facebook.com\/RepliqueMangaCine\" \/>\n<meta property=\"article:modified_time\" content=\"2026-01-14T12:42:01+00:00\" \/>\n<meta property=\"og:image\" content=\"https:\/\/repliquemangacine.fr\/wp-content\/uploads\/2023\/10\/katana-byakuya.png\" \/>\n\t<meta property=\"og:image:width\" content=\"500\" \/>\n\t<meta property=\"og:image:height\" content=\"500\" \/>\n\t<meta property=\"og:image:type\" content=\"image\/png\" \/>\n<meta name=\"twitter:card\" content=\"summary_large_image\" \/>\n<meta name=\"twitter:label1\" content=\"Tempo di lettura stimato\" \/>\n\t<meta name=\"twitter:data1\" content=\"2 minuti\" \/>\n<script type=\"application\/ld+json\" class=\"yoast-schema-graph\">{\"@context\":\"https:\\\/\\\/schema.org\",\"@graph\":[{\"@type\":\"WebPage\",\"@id\":\"https:\\\/\\\/repliquemangacine.fr\\\/katana-bleach\\\/katana-byakuya-senbonzakura-bleach-epee-bleach\\\/\",\"url\":\"https:\\\/\\\/repliquemangacine.fr\\\/katana-bleach\\\/katana-byakuya-senbonzakura-bleach-epee-bleach\\\/\",\"name\":\"Katana Byakuya senbonzakura Bleach - Boutique en ligne - RMC\",\"isPartOf\":{\"@id\":\"https:\\\/\\\/repliquemangacine.fr\\\/#website\"},\"primaryImageOfPage\":{\"@id\":\"https:\\\/\\\/repliquemangacine.fr\\\/katana-bleach\\\/katana-byakuya-senbonzakura-bleach-epee-bleach\\\/#primaryimage\"},\"image\":{\"@id\":\"https:\\\/\\\/repliquemangacine.fr\\\/katana-bleach\\\/katana-byakuya-senbonzakura-bleach-epee-bleach\\\/#primaryimage\"},\"thumbnailUrl\":\"https:\\\/\\\/repliquemangacine.fr\\\/wp-content\\\/uploads\\\/2023\\\/10\\\/katana-byakuya.png\",\"datePublished\":\"2022-09-16T14:50:03+00:00\",\"dateModified\":\"2026-01-14T12:42:01+00:00\",\"description\":\"Achetez vite ! Ce superbe Katana Byakuya Senbonzakura Bleach au meilleur prix. Lame acier - Fourreau laqu\u00e9 blanc - Longueur totale : 104cm - Envoi 24\\\/48h\",\"breadcrumb\":{\"@id\":\"https:\\\/\\\/repliquemangacine.fr\\\/katana-bleach\\\/katana-byakuya-senbonzakura-bleach-epee-bleach\\\/#breadcrumb\"},\"inLanguage\":\"it-IT\",\"potentialAction\":[{\"@type\":\"ReadAction\",\"target\":[\"https:\\\/\\\/repliquemangacine.fr\\\/katana-bleach\\\/katana-byakuya-senbonzakura-bleach-epee-bleach\\\/\"]}]},{\"@type\":\"ImageObject\",\"inLanguage\":\"it-IT\",\"@id\":\"https:\\\/\\\/repliquemangacine.fr\\\/katana-bleach\\\/katana-byakuya-senbonzakura-bleach-epee-bleach\\\/#primaryimage\",\"url\":\"https:\\\/\\\/repliquemangacine.fr\\\/wp-content\\\/uploads\\\/2023\\\/10\\\/katana-byakuya.png\",\"contentUrl\":\"https:\\\/\\\/repliquemangacine.fr\\\/wp-content\\\/uploads\\\/2023\\\/10\\\/katana-byakuya.png\",\"width\":500,\"height\":500,\"caption\":\"Katana Byakuya Senbonzakura Bleach\"},{\"@type\":\"BreadcrumbList\",\"@id\":\"https:\\\/\\\/repliquemangacine.fr\\\/katana-bleach\\\/katana-byakuya-senbonzakura-bleach-epee-bleach\\\/#breadcrumb\",\"itemListElement\":[{\"@type\":\"ListItem\",\"position\":1,\"name\":\"Accueil\",\"item\":\"https:\\\/\\\/repliquemangacine.fr\\\/\"},{\"@type\":\"ListItem\",\"position\":2,\"name\":\"Produits\",\"item\":\"https:\\\/\\\/repliquemangacine.fr\\\/boutique\\\/\"},{\"@type\":\"ListItem\",\"position\":3,\"name\":\"Katana Byakuya senbonzakura Bleach\"}]},{\"@type\":\"WebSite\",\"@id\":\"https:\\\/\\\/repliquemangacine.fr\\\/#website\",\"url\":\"https:\\\/\\\/repliquemangacine.fr\\\/\",\"name\":\"R\u00e9plique Manga Cin\u00e9\",\"description\":\"\",\"publisher\":{\"@id\":\"https:\\\/\\\/repliquemangacine.fr\\\/#organization\"},\"potentialAction\":[{\"@type\":\"SearchAction\",\"target\":{\"@type\":\"EntryPoint\",\"urlTemplate\":\"https:\\\/\\\/repliquemangacine.fr\\\/?s={search_term_string}\"},\"query-input\":{\"@type\":\"PropertyValueSpecification\",\"valueRequired\":true,\"valueName\":\"search_term_string\"}}],\"inLanguage\":\"it-IT\"},{\"@type\":\"Organization\",\"@id\":\"https:\\\/\\\/repliquemangacine.fr\\\/#organization\",\"name\":\"R\u00e9plique Manga Cin\u00e9\",\"url\":\"https:\\\/\\\/repliquemangacine.fr\\\/\",\"logo\":{\"@type\":\"ImageObject\",\"inLanguage\":\"it-IT\",\"@id\":\"https:\\\/\\\/repliquemangacine.fr\\\/#\\\/schema\\\/logo\\\/image\\\/\",\"url\":\"https:\\\/\\\/repliquemangacine.fr\\\/wp-content\\\/uploads\\\/2023\\\/10\\\/RMC-500250.png\",\"contentUrl\":\"https:\\\/\\\/repliquemangacine.fr\\\/wp-content\\\/uploads\\\/2023\\\/10\\\/RMC-500250.png\",\"width\":500,\"height\":250,\"caption\":\"R\u00e9plique Manga Cin\u00e9\"},\"image\":{\"@id\":\"https:\\\/\\\/repliquemangacine.fr\\\/#\\\/schema\\\/logo\\\/image\\\/\"},\"sameAs\":[\"https:\\\/\\\/www.facebook.com\\\/RepliqueMangaCine\",\"https:\\\/\\\/www.instagram.com\\\/repliquemangacine.fr\\\/\"]}]}<\/script>\n<!-- \/ Yoast SEO plugin. -->","yoast_head_json":{"title":"Katana Byakuya senbonzakura Bleach - Negozio online - RMC","description":"Comprate ora! Questa superba Katana Byakuya Senbonzakura Bleach al miglior prezzo. Lama in acciaio - Fodero laccato bianco - Lunghezza totale: 104cm - Spedizione 24\/48h","robots":{"index":"index","follow":"follow","max-snippet":"max-snippet:-1","max-image-preview":"max-image-preview:large","max-video-preview":"max-video-preview:-1"},"canonical":"https:\/\/repliquemangacine.fr\/it\/katana-bleach\/katana-byakuya-senbonzakura-bleach-epee-bleach\/","og_locale":"it_IT","og_type":"article","og_title":"Katana Byakuya senbonzakura Bleach - Boutique en ligne - RMC","og_description":"Achetez vite ! Ce superbe Katana Byakuya Senbonzakura Bleach au meilleur prix. Lame acier - Fourreau laqu\u00e9 blanc - Longueur totale : 104cm - Envoi 24\/48h","og_url":"https:\/\/repliquemangacine.fr\/it\/katana-bleach\/katana-byakuya-senbonzakura-bleach-epee-bleach\/","og_site_name":"R\u00e9plique Manga Cin\u00e9","article_publisher":"https:\/\/www.facebook.com\/RepliqueMangaCine","article_modified_time":"2026-01-14T12:42:01+00:00","og_image":[{"width":500,"height":500,"url":"https:\/\/repliquemangacine.fr\/wp-content\/uploads\/2023\/10\/katana-byakuya.png","type":"image\/png"}],"twitter_card":"summary_large_image","twitter_misc":{"Tempo di lettura stimato":"2 minuti"},"schema":{"@context":"https:\/\/schema.org","@graph":[{"@type":"WebPage","@id":"https:\/\/repliquemangacine.fr\/katana-bleach\/katana-byakuya-senbonzakura-bleach-epee-bleach\/","url":"https:\/\/repliquemangacine.fr\/katana-bleach\/katana-byakuya-senbonzakura-bleach-epee-bleach\/","name":"Katana Byakuya senbonzakura Bleach - Negozio online - RMC","isPartOf":{"@id":"https:\/\/repliquemangacine.fr\/#website"},"primaryImageOfPage":{"@id":"https:\/\/repliquemangacine.fr\/katana-bleach\/katana-byakuya-senbonzakura-bleach-epee-bleach\/#primaryimage"},"image":{"@id":"https:\/\/repliquemangacine.fr\/katana-bleach\/katana-byakuya-senbonzakura-bleach-epee-bleach\/#primaryimage"},"thumbnailUrl":"https:\/\/repliquemangacine.fr\/wp-content\/uploads\/2023\/10\/katana-byakuya.png","datePublished":"2022-09-16T14:50:03+00:00","dateModified":"2026-01-14T12:42:01+00:00","description":"Comprate ora! Questa superba Katana Byakuya Senbonzakura Bleach al miglior prezzo. Lama in acciaio - Fodero laccato bianco - Lunghezza totale: 104cm - Spedizione 24\/48h","breadcrumb":{"@id":"https:\/\/repliquemangacine.fr\/katana-bleach\/katana-byakuya-senbonzakura-bleach-epee-bleach\/#breadcrumb"},"inLanguage":"it-IT","potentialAction":[{"@type":"ReadAction","target":["https:\/\/repliquemangacine.fr\/katana-bleach\/katana-byakuya-senbonzakura-bleach-epee-bleach\/"]}]},{"@type":"ImageObject","inLanguage":"it-IT","@id":"https:\/\/repliquemangacine.fr\/katana-bleach\/katana-byakuya-senbonzakura-bleach-epee-bleach\/#primaryimage","url":"https:\/\/repliquemangacine.fr\/wp-content\/uploads\/2023\/10\/katana-byakuya.png","contentUrl":"https:\/\/repliquemangacine.fr\/wp-content\/uploads\/2023\/10\/katana-byakuya.png","width":500,"height":500,"caption":"Katana Byakuya Senbonzakura Bleach"},{"@type":"BreadcrumbList","@id":"https:\/\/repliquemangacine.fr\/katana-bleach\/katana-byakuya-senbonzakura-bleach-epee-bleach\/#breadcrumb","itemListElement":[{"@type":"ListItem","position":1,"name":"Accueil","item":"https:\/\/repliquemangacine.fr\/"},{"@type":"ListItem","position":2,"name":"Produits","item":"https:\/\/repliquemangacine.fr\/boutique\/"},{"@type":"ListItem","position":3,"name":"Katana Byakuya senbonzakura Bleach"}]},{"@type":"WebSite","@id":"https:\/\/repliquemangacine.fr\/#website","url":"https:\/\/repliquemangacine.fr\/","name":"R\u00e9plique Manga Cin\u00e9","description":"","publisher":{"@id":"https:\/\/repliquemangacine.fr\/#organization"},"potentialAction":[{"@type":"SearchAction","target":{"@type":"EntryPoint","urlTemplate":"https:\/\/repliquemangacine.fr\/?s={search_term_string}"},"query-input":{"@type":"PropertyValueSpecification","valueRequired":true,"valueName":"search_term_string"}}],"inLanguage":"it-IT"},{"@type":"Organization","@id":"https:\/\/repliquemangacine.fr\/#organization","name":"R\u00e9plique Manga Cin\u00e9","url":"https:\/\/repliquemangacine.fr\/","logo":{"@type":"ImageObject","inLanguage":"it-IT","@id":"https:\/\/repliquemangacine.fr\/#\/schema\/logo\/image\/","url":"https:\/\/repliquemangacine.fr\/wp-content\/uploads\/2023\/10\/RMC-500250.png","contentUrl":"https:\/\/repliquemangacine.fr\/wp-content\/uploads\/2023\/10\/RMC-500250.png","width":500,"height":250,"caption":"R\u00e9plique Manga Cin\u00e9"},"image":{"@id":"https:\/\/repliquemangacine.fr\/#\/schema\/logo\/image\/"},"sameAs":["https:\/\/www.facebook.com\/RepliqueMangaCine","https:\/\/www.instagram.com\/repliquemangacine.fr\/"]}]}},"_links":{"self":[{"href":"https:\/\/repliquemangacine.fr\/it\/wp-json\/wp\/v2\/product\/53191","targetHints":{"allow":["GET"]}}],"collection":[{"href":"https:\/\/repliquemangacine.fr\/it\/wp-json\/wp\/v2\/product"}],"about":[{"href":"https:\/\/repliquemangacine.fr\/it\/wp-json\/wp\/v2\/types\/product"}],"wp:featuredmedia":[{"embeddable":true,"href":"https:\/\/repliquemangacine.fr\/it\/wp-json\/wp\/v2\/media\/53192"}],"wp:attachment":[{"href":"https:\/\/repliquemangacine.fr\/it\/wp-json\/wp\/v2\/media?parent=53191"}],"wp:term":[{"taxonomy":"product_brand","embeddable":true,"href":"https:\/\/repliquemangacine.fr\/it\/wp-json\/wp\/v2\/product_brand?post=53191"},{"taxonomy":"product_cat","embeddable":true,"href":"https:\/\/repliquemangacine.fr\/it\/wp-json\/wp\/v2\/product_cat?post=53191"},{"taxonomy":"product_tag","embeddable":true,"href":"https:\/\/repliquemangacine.fr\/it\/wp-json\/wp\/v2\/product_tag?post=53191"}],"curies":[{"name":"wp","href":"https:\/\/api.w.org\/{rel}","templated":true}]}}