





{"id":53179,"date":"2022-09-16T11:47:59","date_gmt":"2022-09-16T09:47:59","guid":{"rendered":"https:\/\/repliquemangacine.fr\/?post_type=product&#038;p=53179"},"modified":"2025-09-23T18:02:49","modified_gmt":"2025-09-23T16:02:49","slug":"asce-assassins-creed-valhalla","status":"publish","type":"product","link":"https:\/\/repliquemangacine.fr\/it\/armes-assassins-creed\/haches-assassins-creed-valhalla\/","title":{"rendered":"Assi di Assassin's Creed Valhalla"},"content":{"rendered":"<h2>Ascia di Assassin's Creed Valhalla usata da Eivor.<\/h2>\n<p>Per cominciare, il <strong>Assi di Assassin's Creed Valhalla<\/strong> sono non ufficiali, ma incredibilmente realistici.<\/p>\n<p><a href=\"https:\/\/assassinscreed.fandom.com\/fr\/wiki\/Assassin's_Creed:_Valhalla\" target=\"_blank\" rel=\"noopener noreferrer\">Assassin's Creed: Valhalla<\/a> \u00e8 un videogioco d'azione e avventura sviluppato da Ubisoft Montr\u00e9al ed \u00e8 il dodicesimo capitolo della serie Assassin's Creed, dopo Assassin's Creed: Odyssey.<\/p>\n<p>Il gioco si svolge nell'epoca vichinga, nel IX secolo d.C.. I giocatori possono assumere il ruolo di Eivor, un personaggio vichingo il cui genere \u00e8 determinato dall'Animus, che rappresenta il flusso di memoria maschile o femminile.<\/p>\n<p>Nonostante le affermazioni di Ubisoft, la realt\u00e0 \u00e8 che Eivor \u00e8 una donna. Conosciuta come Amie-des-loups, \u00e8 una skjaldm\u00f6, un guerriero vichingo di origine norvegese che guid\u00f2 un'incursione per conquistare le terre d'Inghilterra contro i quattro re sassoni, tra cui Alfredo del Wessex.<\/p>\n<h2>Le tue asce Assassin's Creed Valhalla al miglior prezzo<\/h2>\n<p>Abbiamo una vasta gamma di repliche del famoso videogioco Assassin's Creed.<\/p>\n<p>Va bene,<\/p>\n<ul>\n<li>Il famoso <a href=\"https:\/\/repliquemangacine.fr\/it\/assassins-creed\/epee-daltair-assassins-creed\/\">spada di Alta\u00efr<\/a> nella prima parte della serie.<\/li>\n<li>C'\u00e8 anche il <a href=\"https:\/\/repliquemangacine.fr\/it\/assassins-creed\/assassin-s-creed-odyssey-replica-lancia-spezzata-di-leonida\/\">La lancia spezzata di Leonida<\/a> in Assassin's Creed Odyssey.<\/li>\n<li>Ma anche il <a href=\"https:\/\/repliquemangacine.fr\/it\/assassins-creed\/edward-keway-pistola-a-pietra-focaia-replica-manga-cine\/\">Pistola di Edward Kenway<\/a> in Assassin's Creed Black Flag.<\/li>\n<li>E molti altri da scoprire nel nostro negozio online!<\/li>\n<\/ul>\n<p>Ecco quindi alcuni fantastici regali per i fan della storica serie di Assassin's Creed.<\/p>\n<p>In conclusione, \u00e8 possibile utilizzare entrambi <strong>Assi di Assassin's Creed Valhalla<\/strong> per le vostre sfilate di Cosplay o per le vostre serate a tema. Ma soprattutto, queste due assi sono oggetti da collezione e decorativi.<\/p>\n<h2>Come si effettua la manutenzione delle lame delle asce Eivor?<\/h2>\n<p>Le asce da collezione e decorative sono realizzate e assemblate in modo semplificato. Poich\u00e9 il loro uso \u00e8 decorativo, non hanno le caratteristiche di sicurezza richieste per una spada giapponese destinata all'allenamento.<\/p>\n<p>Tuttavia, i vostri <strong>Assi di Assassin's Creed Valhalla<\/strong> hanno una lama in acciaio che deve essere mantenuta per evitare che si danneggi nel tempo. Quando si espone la katana, gli amici saranno curiosi di vedere la lama e di toccarla. \u00c8 qui che bisogna fare attenzione, perch\u00e9 l'acidit\u00e0 delle dita \u00e8 molto dannosa per l'acciaio, indipendentemente dalla sua qualit\u00e0.<\/p>\n<p>Tuttavia, se ci\u00f2 dovesse accadere, non fatevi prendere dal panico: basta un panno inumidito con un po' di olio per rimuovere le impronte digitali. In questo modo, la vostra spada durer\u00e0 a lungo.<\/p>\n<p><strong>\u00a0<\/strong><\/p>","protected":false},"excerpt":{"rendered":"<p>Set di due asce utilizzate da Eivor in Assassin's Creed Valhalla.<\/p>\n<ul>\n<li>A grandezza naturale, realizzata interamente in metallo dalle asce originali utilizzate nel videogioco.<\/li>\n<li>Le teste delle asce sono in acciaio massiccio, dipinte di grigio con decorazioni celtiche.<\/li>\n<li>Pomelli decorati in acciaio massiccio<\/li>\n<li>I manici in acciaio sono inoltre rivestiti da un lato in pelle scamosciata marrone e dall'altro in ABS decorato.<\/li>\n<li>Lunghezza dei due assi: 58 cm circa. Larghezza della testa: 23 cm circa<\/li>\n<li>Peso dei due assi: 3k800<\/li>\n<\/ul>","protected":false},"featured_media":53180,"template":"","meta":[],"product_brand":[896],"product_cat":[836,25,24,111,103,57],"product_tag":[],"class_list":{"0":"post-53179","1":"product","2":"type-product","3":"status-publish","4":"has-post-thumbnail","6":"product_brand-replique-manga-cine","7":"product_cat-armes-assassins-creed","8":"product_cat-armes-historiques","9":"product_cat-films-series-tv-vente-de-katana-epee-et-produits-derives","10":"product_cat-haches-serie-vikings","11":"product_cat-armes-et-accessoires-vikings","12":"product_cat-armes-vikings","14":"first","15":"outofstock","16":"taxable","17":"shipping-taxable","18":"purchasable","19":"product-type-simple"},"yoast_head":"<!-- This site is optimized with the Yoast SEO plugin v27.4 - https:\/\/yoast.com\/product\/yoast-seo-wordpress\/ -->\n<title>Haches Assassin&#039;s Creed Valhalla - R\u00e9plique Manga Cin\u00e9<\/title>\n<meta name=\"description\" content=\"Commandez vite ! Les deux Haches Assassin&#039;s Creed Valhalla utilis\u00e9 par Eivor au meilleur prix. Les t\u00eates sont en acier - Longueur totale : 58 cm\" \/>\n<meta name=\"robots\" content=\"index, follow, max-snippet:-1, max-image-preview:large, max-video-preview:-1\" \/>\n<link rel=\"canonical\" href=\"https:\/\/repliquemangacine.fr\/it\/armi-di-assassins-creed\/asce-assassins-creed-valhalla\/\" \/>\n<meta property=\"og:locale\" content=\"it_IT\" \/>\n<meta property=\"og:type\" content=\"article\" \/>\n<meta property=\"og:title\" content=\"Haches Assassin&#039;s Creed Valhalla - R\u00e9plique Manga Cin\u00e9\" \/>\n<meta property=\"og:description\" content=\"Commandez vite ! Les deux Haches Assassin&#039;s Creed Valhalla utilis\u00e9 par Eivor au meilleur prix. Les t\u00eates sont en acier - Longueur totale : 58 cm\" \/>\n<meta property=\"og:url\" content=\"https:\/\/repliquemangacine.fr\/it\/armi-di-assassins-creed\/asce-assassins-creed-valhalla\/\" \/>\n<meta property=\"og:site_name\" content=\"R\u00e9plique Manga Cin\u00e9\" \/>\n<meta property=\"article:publisher\" content=\"https:\/\/www.facebook.com\/RepliqueMangaCine\" \/>\n<meta property=\"article:modified_time\" content=\"2025-09-23T16:02:49+00:00\" \/>\n<meta property=\"og:image\" content=\"https:\/\/repliquemangacine.fr\/wp-content\/uploads\/2023\/10\/Haches-Assassincreed-Vahalla.png\" \/>\n\t<meta property=\"og:image:width\" content=\"500\" \/>\n\t<meta property=\"og:image:height\" content=\"500\" \/>\n\t<meta property=\"og:image:type\" content=\"image\/png\" \/>\n<meta name=\"twitter:card\" content=\"summary_large_image\" \/>\n<meta name=\"twitter:label1\" content=\"Tempo di lettura stimato\" \/>\n\t<meta name=\"twitter:data1\" content=\"2 minuti\" \/>\n<script type=\"application\/ld+json\" class=\"yoast-schema-graph\">{\"@context\":\"https:\\\/\\\/schema.org\",\"@graph\":[{\"@type\":\"WebPage\",\"@id\":\"https:\\\/\\\/repliquemangacine.fr\\\/armes-assassins-creed\\\/haches-assassins-creed-valhalla\\\/\",\"url\":\"https:\\\/\\\/repliquemangacine.fr\\\/armes-assassins-creed\\\/haches-assassins-creed-valhalla\\\/\",\"name\":\"Haches Assassin's Creed Valhalla - R\u00e9plique Manga Cin\u00e9\",\"isPartOf\":{\"@id\":\"https:\\\/\\\/repliquemangacine.fr\\\/#website\"},\"primaryImageOfPage\":{\"@id\":\"https:\\\/\\\/repliquemangacine.fr\\\/armes-assassins-creed\\\/haches-assassins-creed-valhalla\\\/#primaryimage\"},\"image\":{\"@id\":\"https:\\\/\\\/repliquemangacine.fr\\\/armes-assassins-creed\\\/haches-assassins-creed-valhalla\\\/#primaryimage\"},\"thumbnailUrl\":\"https:\\\/\\\/repliquemangacine.fr\\\/wp-content\\\/uploads\\\/2023\\\/10\\\/Haches-Assassincreed-Vahalla.png\",\"datePublished\":\"2022-09-16T09:47:59+00:00\",\"dateModified\":\"2025-09-23T16:02:49+00:00\",\"description\":\"Commandez vite ! Les deux Haches Assassin's Creed Valhalla utilis\u00e9 par Eivor au meilleur prix. Les t\u00eates sont en acier - Longueur totale : 58 cm\",\"breadcrumb\":{\"@id\":\"https:\\\/\\\/repliquemangacine.fr\\\/armes-assassins-creed\\\/haches-assassins-creed-valhalla\\\/#breadcrumb\"},\"inLanguage\":\"it-IT\",\"potentialAction\":[{\"@type\":\"ReadAction\",\"target\":[\"https:\\\/\\\/repliquemangacine.fr\\\/armes-assassins-creed\\\/haches-assassins-creed-valhalla\\\/\"]}]},{\"@type\":\"ImageObject\",\"inLanguage\":\"it-IT\",\"@id\":\"https:\\\/\\\/repliquemangacine.fr\\\/armes-assassins-creed\\\/haches-assassins-creed-valhalla\\\/#primaryimage\",\"url\":\"https:\\\/\\\/repliquemangacine.fr\\\/wp-content\\\/uploads\\\/2023\\\/10\\\/Haches-Assassincreed-Vahalla.png\",\"contentUrl\":\"https:\\\/\\\/repliquemangacine.fr\\\/wp-content\\\/uploads\\\/2023\\\/10\\\/Haches-Assassincreed-Vahalla.png\",\"width\":500,\"height\":500,\"caption\":\"Haches Assassin\u2019s Creed Valhalla viking\"},{\"@type\":\"BreadcrumbList\",\"@id\":\"https:\\\/\\\/repliquemangacine.fr\\\/armes-assassins-creed\\\/haches-assassins-creed-valhalla\\\/#breadcrumb\",\"itemListElement\":[{\"@type\":\"ListItem\",\"position\":1,\"name\":\"Accueil\",\"item\":\"https:\\\/\\\/repliquemangacine.fr\\\/\"},{\"@type\":\"ListItem\",\"position\":2,\"name\":\"Produits\",\"item\":\"https:\\\/\\\/repliquemangacine.fr\\\/boutique\\\/\"},{\"@type\":\"ListItem\",\"position\":3,\"name\":\"Haches Assassin&#8217;s Creed Valhalla\"}]},{\"@type\":\"WebSite\",\"@id\":\"https:\\\/\\\/repliquemangacine.fr\\\/#website\",\"url\":\"https:\\\/\\\/repliquemangacine.fr\\\/\",\"name\":\"R\u00e9plique Manga Cin\u00e9\",\"description\":\"\",\"publisher\":{\"@id\":\"https:\\\/\\\/repliquemangacine.fr\\\/#organization\"},\"potentialAction\":[{\"@type\":\"SearchAction\",\"target\":{\"@type\":\"EntryPoint\",\"urlTemplate\":\"https:\\\/\\\/repliquemangacine.fr\\\/?s={search_term_string}\"},\"query-input\":{\"@type\":\"PropertyValueSpecification\",\"valueRequired\":true,\"valueName\":\"search_term_string\"}}],\"inLanguage\":\"it-IT\"},{\"@type\":\"Organization\",\"@id\":\"https:\\\/\\\/repliquemangacine.fr\\\/#organization\",\"name\":\"R\u00e9plique Manga Cin\u00e9\",\"url\":\"https:\\\/\\\/repliquemangacine.fr\\\/\",\"logo\":{\"@type\":\"ImageObject\",\"inLanguage\":\"it-IT\",\"@id\":\"https:\\\/\\\/repliquemangacine.fr\\\/#\\\/schema\\\/logo\\\/image\\\/\",\"url\":\"https:\\\/\\\/repliquemangacine.fr\\\/wp-content\\\/uploads\\\/2023\\\/10\\\/RMC-500250.png\",\"contentUrl\":\"https:\\\/\\\/repliquemangacine.fr\\\/wp-content\\\/uploads\\\/2023\\\/10\\\/RMC-500250.png\",\"width\":500,\"height\":250,\"caption\":\"R\u00e9plique Manga Cin\u00e9\"},\"image\":{\"@id\":\"https:\\\/\\\/repliquemangacine.fr\\\/#\\\/schema\\\/logo\\\/image\\\/\"},\"sameAs\":[\"https:\\\/\\\/www.facebook.com\\\/RepliqueMangaCine\",\"https:\\\/\\\/www.instagram.com\\\/repliquemangacine.fr\\\/\"]}]}<\/script>\n<!-- \/ Yoast SEO plugin. -->","yoast_head_json":{"title":"Asce di Assassin's Creed Valhalla - R\u00e9plique Manga Cin\u00e9","description":"Ordina ora! Le due asce di Assassin's Creed Valhalla utilizzate da Eivor al miglior prezzo. Le teste sono in acciaio - Lunghezza totale: 58 cm","robots":{"index":"index","follow":"follow","max-snippet":"max-snippet:-1","max-image-preview":"max-image-preview:large","max-video-preview":"max-video-preview:-1"},"canonical":"https:\/\/repliquemangacine.fr\/it\/armi-di-assassins-creed\/asce-assassins-creed-valhalla\/","og_locale":"it_IT","og_type":"article","og_title":"Haches Assassin's Creed Valhalla - R\u00e9plique Manga Cin\u00e9","og_description":"Commandez vite ! Les deux Haches Assassin's Creed Valhalla utilis\u00e9 par Eivor au meilleur prix. Les t\u00eates sont en acier - Longueur totale : 58 cm","og_url":"https:\/\/repliquemangacine.fr\/it\/armi-di-assassins-creed\/asce-assassins-creed-valhalla\/","og_site_name":"R\u00e9plique Manga Cin\u00e9","article_publisher":"https:\/\/www.facebook.com\/RepliqueMangaCine","article_modified_time":"2025-09-23T16:02:49+00:00","og_image":[{"width":500,"height":500,"url":"https:\/\/repliquemangacine.fr\/wp-content\/uploads\/2023\/10\/Haches-Assassincreed-Vahalla.png","type":"image\/png"}],"twitter_card":"summary_large_image","twitter_misc":{"Tempo di lettura stimato":"2 minuti"},"schema":{"@context":"https:\/\/schema.org","@graph":[{"@type":"WebPage","@id":"https:\/\/repliquemangacine.fr\/armes-assassins-creed\/haches-assassins-creed-valhalla\/","url":"https:\/\/repliquemangacine.fr\/armes-assassins-creed\/haches-assassins-creed-valhalla\/","name":"Asce di Assassin's Creed Valhalla - R\u00e9plique Manga Cin\u00e9","isPartOf":{"@id":"https:\/\/repliquemangacine.fr\/#website"},"primaryImageOfPage":{"@id":"https:\/\/repliquemangacine.fr\/armes-assassins-creed\/haches-assassins-creed-valhalla\/#primaryimage"},"image":{"@id":"https:\/\/repliquemangacine.fr\/armes-assassins-creed\/haches-assassins-creed-valhalla\/#primaryimage"},"thumbnailUrl":"https:\/\/repliquemangacine.fr\/wp-content\/uploads\/2023\/10\/Haches-Assassincreed-Vahalla.png","datePublished":"2022-09-16T09:47:59+00:00","dateModified":"2025-09-23T16:02:49+00:00","description":"Ordina ora! Le due asce di Assassin's Creed Valhalla utilizzate da Eivor al miglior prezzo. Le teste sono in acciaio - Lunghezza totale: 58 cm","breadcrumb":{"@id":"https:\/\/repliquemangacine.fr\/armes-assassins-creed\/haches-assassins-creed-valhalla\/#breadcrumb"},"inLanguage":"it-IT","potentialAction":[{"@type":"ReadAction","target":["https:\/\/repliquemangacine.fr\/armes-assassins-creed\/haches-assassins-creed-valhalla\/"]}]},{"@type":"ImageObject","inLanguage":"it-IT","@id":"https:\/\/repliquemangacine.fr\/armes-assassins-creed\/haches-assassins-creed-valhalla\/#primaryimage","url":"https:\/\/repliquemangacine.fr\/wp-content\/uploads\/2023\/10\/Haches-Assassincreed-Vahalla.png","contentUrl":"https:\/\/repliquemangacine.fr\/wp-content\/uploads\/2023\/10\/Haches-Assassincreed-Vahalla.png","width":500,"height":500,"caption":"Haches Assassin\u2019s Creed Valhalla viking"},{"@type":"BreadcrumbList","@id":"https:\/\/repliquemangacine.fr\/armes-assassins-creed\/haches-assassins-creed-valhalla\/#breadcrumb","itemListElement":[{"@type":"ListItem","position":1,"name":"Accueil","item":"https:\/\/repliquemangacine.fr\/"},{"@type":"ListItem","position":2,"name":"Produits","item":"https:\/\/repliquemangacine.fr\/boutique\/"},{"@type":"ListItem","position":3,"name":"Haches Assassin&#8217;s Creed Valhalla"}]},{"@type":"WebSite","@id":"https:\/\/repliquemangacine.fr\/#website","url":"https:\/\/repliquemangacine.fr\/","name":"R\u00e9plique Manga Cin\u00e9","description":"","publisher":{"@id":"https:\/\/repliquemangacine.fr\/#organization"},"potentialAction":[{"@type":"SearchAction","target":{"@type":"EntryPoint","urlTemplate":"https:\/\/repliquemangacine.fr\/?s={search_term_string}"},"query-input":{"@type":"PropertyValueSpecification","valueRequired":true,"valueName":"search_term_string"}}],"inLanguage":"it-IT"},{"@type":"Organization","@id":"https:\/\/repliquemangacine.fr\/#organization","name":"R\u00e9plique Manga Cin\u00e9","url":"https:\/\/repliquemangacine.fr\/","logo":{"@type":"ImageObject","inLanguage":"it-IT","@id":"https:\/\/repliquemangacine.fr\/#\/schema\/logo\/image\/","url":"https:\/\/repliquemangacine.fr\/wp-content\/uploads\/2023\/10\/RMC-500250.png","contentUrl":"https:\/\/repliquemangacine.fr\/wp-content\/uploads\/2023\/10\/RMC-500250.png","width":500,"height":250,"caption":"R\u00e9plique Manga Cin\u00e9"},"image":{"@id":"https:\/\/repliquemangacine.fr\/#\/schema\/logo\/image\/"},"sameAs":["https:\/\/www.facebook.com\/RepliqueMangaCine","https:\/\/www.instagram.com\/repliquemangacine.fr\/"]}]}},"_links":{"self":[{"href":"https:\/\/repliquemangacine.fr\/it\/wp-json\/wp\/v2\/product\/53179","targetHints":{"allow":["GET"]}}],"collection":[{"href":"https:\/\/repliquemangacine.fr\/it\/wp-json\/wp\/v2\/product"}],"about":[{"href":"https:\/\/repliquemangacine.fr\/it\/wp-json\/wp\/v2\/types\/product"}],"wp:featuredmedia":[{"embeddable":true,"href":"https:\/\/repliquemangacine.fr\/it\/wp-json\/wp\/v2\/media\/53180"}],"wp:attachment":[{"href":"https:\/\/repliquemangacine.fr\/it\/wp-json\/wp\/v2\/media?parent=53179"}],"wp:term":[{"taxonomy":"product_brand","embeddable":true,"href":"https:\/\/repliquemangacine.fr\/it\/wp-json\/wp\/v2\/product_brand?post=53179"},{"taxonomy":"product_cat","embeddable":true,"href":"https:\/\/repliquemangacine.fr\/it\/wp-json\/wp\/v2\/product_cat?post=53179"},{"taxonomy":"product_tag","embeddable":true,"href":"https:\/\/repliquemangacine.fr\/it\/wp-json\/wp\/v2\/product_tag?post=53179"}],"curies":[{"name":"wp","href":"https:\/\/api.w.org\/{rel}","templated":true}]}}