





{"id":53132,"date":"2022-09-14T10:39:26","date_gmt":"2022-09-14T08:39:26","guid":{"rendered":"https:\/\/repliquemangacine.fr\/?post_type=product&#038;p=53132"},"modified":"2026-04-20T14:33:25","modified_gmt":"2026-04-20T12:33:25","slug":"katana-di-michonne","status":"publish","type":"product","link":"https:\/\/repliquemangacine.fr\/it\/armes-the-walking-dead\/katana-de-michonne\/","title":{"rendered":"Katana di Michonne"},"content":{"rendered":"<h2>La Katana di Michonne in The Walking Dead<\/h2>\n<p>Per cominciare, il <strong>Katana di Michonne<\/strong> nella versione non tagliata \u00e8 identico a quello della serie.<\/p>\n<p>Michonne \u00e8 un personaggio principale e una sopravvissuta all'epidemia nella serie televisiva della AMC, The Walking Dead. Dopo aver perso tutta la sua famiglia, \u00e8 diventata una sopravvissuta pi\u00f9 cupa, spietata e pragmatica.<\/p>\n<p>\u00c8 molto abile con la spada e uccide molti lurker. La vediamo per la prima volta alla fine della seconda stagione, accompagnata da due lurker mutilati e incatenati. <a href=\"https:\/\/thewalkingdead.fandom.com\/fr\/wiki\/Michonne_(s\u00e9rie_TV)\" target=\"_blank\" rel=\"noopener noreferrer\">Michonne<\/a> incontra Rick Grimes. Inizialmente sospettosi l'uno dell'altro, alla fine sviluppano un legame di fiducia e amicizia.<\/p>\n<p>Diventa quindi la sua compagna. Diventa un membro importante del gruppo di Rick. La katana di Michonne diventa un oggetto di culto nel corso delle stagioni.<\/p>\n<h2>La tua Katana de Michonne al miglior prezzo.<\/h2>\n<p>Offriamo una vasta gamma di repliche della serie The Walking Dead.<\/p>\n<p>Innanzitutto,<\/p>\n<ul>\n<li>Le <a href=\"https:\/\/repliquemangacine.fr\/it\/i-morti-che-camminano\/replique-revolver-python-6-usa-1955\/\">Il revolver Python di Rick Grimes<\/a> lo sceriffo eroe della serie.<\/li>\n<li>C'\u00e8 anche il <a href=\"https:\/\/repliquemangacine.fr\/it\/i-morti-che-camminano\/rick-axe-acciaio-freddo\/\">L'ascia di Rick<\/a> sui manifesti.<\/li>\n<li>Ma anche le varie <a href=\"https:\/\/repliquemangacine.fr\/it\/i-morti-che-camminano\/machette-haute-qualite-coupe-coupe-55cm\/\">machete<\/a> che si vedono in tutta la serie.<\/li>\n<li>E molti altri da scoprire nel nostro negozio online!<\/li>\n<\/ul>\n<p>Ecco perch\u00e9 \u00e8 un'idea regalo fantastica per i fan della serie The Walking Dead.<\/p>\n<p>In conclusione, \u00e8 possibile utilizzare il metodo <strong>Katana di Michonne<\/strong> per le sfilate di cosplay o le serate a tema. Ma soprattutto, \u00e8 un oggetto da collezione e una decorazione.<\/p>\n<h2>Come faccio a mantenere la lama della mia spada?<\/h2>\n<p>Le spade da collezione e decorative sono realizzate e assemblate in modo semplificato. Poich\u00e9 il loro uso \u00e8 decorativo, non hanno le caratteristiche di sicurezza richieste per una spada giapponese destinata all'allenamento.<\/p>\n<p>Tuttavia, il vostro <strong>La katana di Michonne<\/strong> a una lama d'acciaio che deve essere curata per evitare che si danneggi nel tempo. Quando si espone la katana, gli amici saranno curiosi di vedere la lama e di toccarla. \u00c8 qui che bisogna fare attenzione, perch\u00e9 l'acidit\u00e0 delle dita \u00e8 molto dannosa per l'acciaio, indipendentemente dalla sua qualit\u00e0.<\/p>\n<p>Tuttavia, se ci\u00f2 dovesse accadere, niente panico: basta un panno inumidito con un po' d'olio per eliminare le impronte. In questo modo, la spada durer\u00e0 a lungo.<\/p>","protected":false},"excerpt":{"rendered":"<p>La Katana non tagliente di Michonne in The Waalking Dead.<\/p>\n<ul>\n<li>Lama in acciaio 440 non tagliente.<\/li>\n<li>Incisione del simbolo tribale.<\/li>\n<li>Elsa e pomo in acciaio.<\/li>\n<li>Fodero in legno rivestito in similpelle.<\/li>\n<li>Manico circondato da una treccia di cotone bianco.<\/li>\n<li>Lunghezza lama: 69 cm - Lunghezza totale: 102 cm<\/li>\n<\/ul>","protected":false},"featured_media":53133,"template":"","meta":[],"product_brand":[896],"product_cat":[24,62],"product_tag":[],"class_list":{"0":"post-53132","1":"product","2":"type-product","3":"status-publish","4":"has-post-thumbnail","6":"product_brand-replique-manga-cine","7":"product_cat-films-series-tv-vente-de-katana-epee-et-produits-derives","8":"product_cat-armes-the-walking-dead","10":"first","11":"instock","12":"taxable","13":"shipping-taxable","14":"purchasable","15":"product-type-simple"},"yoast_head":"<!-- This site is optimized with the Yoast SEO plugin v27.4 - https:\/\/yoast.com\/product\/yoast-seo-wordpress\/ -->\n<title>Katana de Michonne - The Walking Dead - R\u00e9plique Manga Cin\u00e9<\/title>\n<meta name=\"description\" content=\"Offrez-lui le Katana de Michonne dans The Walking Dead au meilleur prix. Lame en acier 440 - Fourreau en similicuir - Longueur totale : 102 cm\" \/>\n<meta name=\"robots\" content=\"index, follow, max-snippet:-1, max-image-preview:large, max-video-preview:-1\" \/>\n<link rel=\"canonical\" href=\"https:\/\/repliquemangacine.fr\/it\/armi-the-walking-dead\/katana-di-michonne\/\" \/>\n<meta property=\"og:locale\" content=\"it_IT\" \/>\n<meta property=\"og:type\" content=\"article\" \/>\n<meta property=\"og:title\" content=\"Katana de Michonne - The Walking Dead - R\u00e9plique Manga Cin\u00e9\" \/>\n<meta property=\"og:description\" content=\"Offrez-lui le Katana de Michonne dans The Walking Dead au meilleur prix. Lame en acier 440 - Fourreau en similicuir - Longueur totale : 102 cm\" \/>\n<meta property=\"og:url\" content=\"https:\/\/repliquemangacine.fr\/it\/armi-the-walking-dead\/katana-di-michonne\/\" \/>\n<meta property=\"og:site_name\" content=\"R\u00e9plique Manga Cin\u00e9\" \/>\n<meta property=\"article:publisher\" content=\"https:\/\/www.facebook.com\/RepliqueMangaCine\" \/>\n<meta property=\"article:modified_time\" content=\"2026-04-20T12:33:25+00:00\" \/>\n<meta property=\"og:image\" content=\"https:\/\/repliquemangacine.fr\/wp-content\/uploads\/2023\/10\/katana-michonne.png.png\" \/>\n\t<meta property=\"og:image:width\" content=\"500\" \/>\n\t<meta property=\"og:image:height\" content=\"500\" \/>\n\t<meta property=\"og:image:type\" content=\"image\/png\" \/>\n<meta name=\"twitter:card\" content=\"summary_large_image\" \/>\n<meta name=\"twitter:label1\" content=\"Tempo di lettura stimato\" \/>\n\t<meta name=\"twitter:data1\" content=\"2 minuti\" \/>\n<script type=\"application\/ld+json\" class=\"yoast-schema-graph\">{\"@context\":\"https:\\\/\\\/schema.org\",\"@graph\":[{\"@type\":\"WebPage\",\"@id\":\"https:\\\/\\\/repliquemangacine.fr\\\/armes-the-walking-dead\\\/katana-de-michonne\\\/\",\"url\":\"https:\\\/\\\/repliquemangacine.fr\\\/armes-the-walking-dead\\\/katana-de-michonne\\\/\",\"name\":\"Katana de Michonne - The Walking Dead - R\u00e9plique Manga Cin\u00e9\",\"isPartOf\":{\"@id\":\"https:\\\/\\\/repliquemangacine.fr\\\/#website\"},\"primaryImageOfPage\":{\"@id\":\"https:\\\/\\\/repliquemangacine.fr\\\/armes-the-walking-dead\\\/katana-de-michonne\\\/#primaryimage\"},\"image\":{\"@id\":\"https:\\\/\\\/repliquemangacine.fr\\\/armes-the-walking-dead\\\/katana-de-michonne\\\/#primaryimage\"},\"thumbnailUrl\":\"https:\\\/\\\/repliquemangacine.fr\\\/wp-content\\\/uploads\\\/2023\\\/10\\\/katana-michonne.png.png\",\"datePublished\":\"2022-09-14T08:39:26+00:00\",\"dateModified\":\"2026-04-20T12:33:25+00:00\",\"description\":\"Offrez-lui le Katana de Michonne dans The Walking Dead au meilleur prix. Lame en acier 440 - Fourreau en similicuir - Longueur totale : 102 cm\",\"breadcrumb\":{\"@id\":\"https:\\\/\\\/repliquemangacine.fr\\\/armes-the-walking-dead\\\/katana-de-michonne\\\/#breadcrumb\"},\"inLanguage\":\"it-IT\",\"potentialAction\":[{\"@type\":\"ReadAction\",\"target\":[\"https:\\\/\\\/repliquemangacine.fr\\\/armes-the-walking-dead\\\/katana-de-michonne\\\/\"]}]},{\"@type\":\"ImageObject\",\"inLanguage\":\"it-IT\",\"@id\":\"https:\\\/\\\/repliquemangacine.fr\\\/armes-the-walking-dead\\\/katana-de-michonne\\\/#primaryimage\",\"url\":\"https:\\\/\\\/repliquemangacine.fr\\\/wp-content\\\/uploads\\\/2023\\\/10\\\/katana-michonne.png.png\",\"contentUrl\":\"https:\\\/\\\/repliquemangacine.fr\\\/wp-content\\\/uploads\\\/2023\\\/10\\\/katana-michonne.png.png\",\"width\":500,\"height\":500,\"caption\":\"Katana de Michonne Walking Dead\"},{\"@type\":\"BreadcrumbList\",\"@id\":\"https:\\\/\\\/repliquemangacine.fr\\\/armes-the-walking-dead\\\/katana-de-michonne\\\/#breadcrumb\",\"itemListElement\":[{\"@type\":\"ListItem\",\"position\":1,\"name\":\"Accueil\",\"item\":\"https:\\\/\\\/repliquemangacine.fr\\\/\"},{\"@type\":\"ListItem\",\"position\":2,\"name\":\"Produits\",\"item\":\"https:\\\/\\\/repliquemangacine.fr\\\/boutique\\\/\"},{\"@type\":\"ListItem\",\"position\":3,\"name\":\"Katana de Michonne\"}]},{\"@type\":\"WebSite\",\"@id\":\"https:\\\/\\\/repliquemangacine.fr\\\/#website\",\"url\":\"https:\\\/\\\/repliquemangacine.fr\\\/\",\"name\":\"R\u00e9plique Manga Cin\u00e9\",\"description\":\"\",\"publisher\":{\"@id\":\"https:\\\/\\\/repliquemangacine.fr\\\/#organization\"},\"potentialAction\":[{\"@type\":\"SearchAction\",\"target\":{\"@type\":\"EntryPoint\",\"urlTemplate\":\"https:\\\/\\\/repliquemangacine.fr\\\/?s={search_term_string}\"},\"query-input\":{\"@type\":\"PropertyValueSpecification\",\"valueRequired\":true,\"valueName\":\"search_term_string\"}}],\"inLanguage\":\"it-IT\"},{\"@type\":\"Organization\",\"@id\":\"https:\\\/\\\/repliquemangacine.fr\\\/#organization\",\"name\":\"R\u00e9plique Manga Cin\u00e9\",\"url\":\"https:\\\/\\\/repliquemangacine.fr\\\/\",\"logo\":{\"@type\":\"ImageObject\",\"inLanguage\":\"it-IT\",\"@id\":\"https:\\\/\\\/repliquemangacine.fr\\\/#\\\/schema\\\/logo\\\/image\\\/\",\"url\":\"https:\\\/\\\/repliquemangacine.fr\\\/wp-content\\\/uploads\\\/2023\\\/10\\\/RMC-500250.png\",\"contentUrl\":\"https:\\\/\\\/repliquemangacine.fr\\\/wp-content\\\/uploads\\\/2023\\\/10\\\/RMC-500250.png\",\"width\":500,\"height\":250,\"caption\":\"R\u00e9plique Manga Cin\u00e9\"},\"image\":{\"@id\":\"https:\\\/\\\/repliquemangacine.fr\\\/#\\\/schema\\\/logo\\\/image\\\/\"},\"sameAs\":[\"https:\\\/\\\/www.facebook.com\\\/RepliqueMangaCine\",\"https:\\\/\\\/www.instagram.com\\\/repliquemangacine.fr\\\/\"]}]}<\/script>\n<!-- \/ Yoast SEO plugin. -->","yoast_head_json":{"title":"Katana di Michonne - The Walking Dead - R\u00e9plique Manga Cin\u00e9","description":"Regalale la Katana di Michonne di The Walking Dead al miglior prezzo. Lama in acciaio 440 - Fodero in similpelle - Lunghezza totale: 102 cm","robots":{"index":"index","follow":"follow","max-snippet":"max-snippet:-1","max-image-preview":"max-image-preview:large","max-video-preview":"max-video-preview:-1"},"canonical":"https:\/\/repliquemangacine.fr\/it\/armi-the-walking-dead\/katana-di-michonne\/","og_locale":"it_IT","og_type":"article","og_title":"Katana de Michonne - The Walking Dead - R\u00e9plique Manga Cin\u00e9","og_description":"Offrez-lui le Katana de Michonne dans The Walking Dead au meilleur prix. Lame en acier 440 - Fourreau en similicuir - Longueur totale : 102 cm","og_url":"https:\/\/repliquemangacine.fr\/it\/armi-the-walking-dead\/katana-di-michonne\/","og_site_name":"R\u00e9plique Manga Cin\u00e9","article_publisher":"https:\/\/www.facebook.com\/RepliqueMangaCine","article_modified_time":"2026-04-20T12:33:25+00:00","og_image":[{"width":500,"height":500,"url":"https:\/\/repliquemangacine.fr\/wp-content\/uploads\/2023\/10\/katana-michonne.png.png","type":"image\/png"}],"twitter_card":"summary_large_image","twitter_misc":{"Tempo di lettura stimato":"2 minuti"},"schema":{"@context":"https:\/\/schema.org","@graph":[{"@type":"WebPage","@id":"https:\/\/repliquemangacine.fr\/armes-the-walking-dead\/katana-de-michonne\/","url":"https:\/\/repliquemangacine.fr\/armes-the-walking-dead\/katana-de-michonne\/","name":"Katana di Michonne - The Walking Dead - R\u00e9plique Manga Cin\u00e9","isPartOf":{"@id":"https:\/\/repliquemangacine.fr\/#website"},"primaryImageOfPage":{"@id":"https:\/\/repliquemangacine.fr\/armes-the-walking-dead\/katana-de-michonne\/#primaryimage"},"image":{"@id":"https:\/\/repliquemangacine.fr\/armes-the-walking-dead\/katana-de-michonne\/#primaryimage"},"thumbnailUrl":"https:\/\/repliquemangacine.fr\/wp-content\/uploads\/2023\/10\/katana-michonne.png.png","datePublished":"2022-09-14T08:39:26+00:00","dateModified":"2026-04-20T12:33:25+00:00","description":"Regalale la Katana di Michonne di The Walking Dead al miglior prezzo. Lama in acciaio 440 - Fodero in similpelle - Lunghezza totale: 102 cm","breadcrumb":{"@id":"https:\/\/repliquemangacine.fr\/armes-the-walking-dead\/katana-de-michonne\/#breadcrumb"},"inLanguage":"it-IT","potentialAction":[{"@type":"ReadAction","target":["https:\/\/repliquemangacine.fr\/armes-the-walking-dead\/katana-de-michonne\/"]}]},{"@type":"ImageObject","inLanguage":"it-IT","@id":"https:\/\/repliquemangacine.fr\/armes-the-walking-dead\/katana-de-michonne\/#primaryimage","url":"https:\/\/repliquemangacine.fr\/wp-content\/uploads\/2023\/10\/katana-michonne.png.png","contentUrl":"https:\/\/repliquemangacine.fr\/wp-content\/uploads\/2023\/10\/katana-michonne.png.png","width":500,"height":500,"caption":"Katana de Michonne Walking Dead"},{"@type":"BreadcrumbList","@id":"https:\/\/repliquemangacine.fr\/armes-the-walking-dead\/katana-de-michonne\/#breadcrumb","itemListElement":[{"@type":"ListItem","position":1,"name":"Accueil","item":"https:\/\/repliquemangacine.fr\/"},{"@type":"ListItem","position":2,"name":"Produits","item":"https:\/\/repliquemangacine.fr\/boutique\/"},{"@type":"ListItem","position":3,"name":"Katana de Michonne"}]},{"@type":"WebSite","@id":"https:\/\/repliquemangacine.fr\/#website","url":"https:\/\/repliquemangacine.fr\/","name":"R\u00e9plique Manga Cin\u00e9","description":"","publisher":{"@id":"https:\/\/repliquemangacine.fr\/#organization"},"potentialAction":[{"@type":"SearchAction","target":{"@type":"EntryPoint","urlTemplate":"https:\/\/repliquemangacine.fr\/?s={search_term_string}"},"query-input":{"@type":"PropertyValueSpecification","valueRequired":true,"valueName":"search_term_string"}}],"inLanguage":"it-IT"},{"@type":"Organization","@id":"https:\/\/repliquemangacine.fr\/#organization","name":"R\u00e9plique Manga Cin\u00e9","url":"https:\/\/repliquemangacine.fr\/","logo":{"@type":"ImageObject","inLanguage":"it-IT","@id":"https:\/\/repliquemangacine.fr\/#\/schema\/logo\/image\/","url":"https:\/\/repliquemangacine.fr\/wp-content\/uploads\/2023\/10\/RMC-500250.png","contentUrl":"https:\/\/repliquemangacine.fr\/wp-content\/uploads\/2023\/10\/RMC-500250.png","width":500,"height":250,"caption":"R\u00e9plique Manga Cin\u00e9"},"image":{"@id":"https:\/\/repliquemangacine.fr\/#\/schema\/logo\/image\/"},"sameAs":["https:\/\/www.facebook.com\/RepliqueMangaCine","https:\/\/www.instagram.com\/repliquemangacine.fr\/"]}]}},"_links":{"self":[{"href":"https:\/\/repliquemangacine.fr\/it\/wp-json\/wp\/v2\/product\/53132","targetHints":{"allow":["GET"]}}],"collection":[{"href":"https:\/\/repliquemangacine.fr\/it\/wp-json\/wp\/v2\/product"}],"about":[{"href":"https:\/\/repliquemangacine.fr\/it\/wp-json\/wp\/v2\/types\/product"}],"wp:featuredmedia":[{"embeddable":true,"href":"https:\/\/repliquemangacine.fr\/it\/wp-json\/wp\/v2\/media\/53133"}],"wp:attachment":[{"href":"https:\/\/repliquemangacine.fr\/it\/wp-json\/wp\/v2\/media?parent=53132"}],"wp:term":[{"taxonomy":"product_brand","embeddable":true,"href":"https:\/\/repliquemangacine.fr\/it\/wp-json\/wp\/v2\/product_brand?post=53132"},{"taxonomy":"product_cat","embeddable":true,"href":"https:\/\/repliquemangacine.fr\/it\/wp-json\/wp\/v2\/product_cat?post=53132"},{"taxonomy":"product_tag","embeddable":true,"href":"https:\/\/repliquemangacine.fr\/it\/wp-json\/wp\/v2\/product_tag?post=53132"}],"curies":[{"name":"wp","href":"https:\/\/api.w.org\/{rel}","templated":true}]}}