





{"id":52994,"date":"2022-09-09T14:19:21","date_gmt":"2022-09-09T12:19:21","guid":{"rendered":"https:\/\/repliquemangacine.fr\/?post_type=product&#038;p=52994"},"modified":"2026-01-18T20:18:19","modified_gmt":"2026-01-18T19:18:19","slug":"uovo-rhaegal-game-of-thrones","status":"publish","type":"product","link":"https:\/\/repliquemangacine.fr\/it\/collectors-et-goodies-game-of-thrones\/oeuf-de-rhaegal-game-of-thrones\/","title":{"rendered":"L'uovo di Rhaegal - Game of Thrones"},"content":{"rendered":"<h2>Uovo del Drago Rhaegal in Game of Thrones.<\/h2>\n<p>Per cominciare, il<strong>Uovo del Drago Rhaegal<\/strong> \u00e8 uno dei tre draghi che si sono schiusi nelle vaste pianure di Dothrak, tra le braccia di Daenerys Targaryen. L'uovo si distingue per le sue scaglie verdi. Replica distribuita da <a href=\"https:\/\/noblecollection.fr\/game-thrones-oeuf-rhaegal-p-4792.html\" target=\"_blank\" rel=\"noopener noreferrer\">La collezione Noble<\/a><\/p>\n<p>Daenerys Targaryen si ritrova in possesso di tre uova di drago, donatele in occasione del suo matrimonio con Khal Drogon. Il generoso donatore di queste uova, Illyrio Mopatis, \u00e8 convinto che il tempo le abbia trasformate in pietra. Ma Daenerys sta per scoprire che non \u00e8 cos\u00ec.<\/p>\n<p>Per covare un uovo di drago servono fiamme intense e una creatura che verr\u00e0 bruciata viva: una vita per una vita. \u00c8 da qui che deriva il motto Targaryen \u201cFuoco e sangue\u201d.<\/p>\n<h2>Il tuo Uovo di Drago Rhaegal al miglior prezzo.<\/h2>\n<p>Abbiamo tutte le repliche dei vostri personaggi preferiti di Game of Thrones e, a breve, le repliche della Casa del Drago.<\/p>\n<p>Innanzitutto,<\/p>\n<ul>\n<li>Le <a href=\"https:\/\/repliquemangacine.fr\/it\/gioielli-da-collezione\/gioco-del-trono-3d-portachiavi-targaryen\/\">Portachiavi Targaryens<\/a> in acciaio finemente decorato con draghi.<\/li>\n<li>Ci sono anche tutte le spade di Game of Thrones.<\/li>\n<li>E molti altri da scoprire nel nostro negozio online!<\/li>\n<\/ul>\n<p>Ecco quindi alcune ottime idee regalo per i fan di Game of Thrones e della Casa del Drago.<\/p>\n<p>In conclusione, potete ampliare la vostra collezione con questo <strong>Uovo del Drago Rhaegal<\/strong>. Ma soprattutto sono oggetti da collezione e decorativi.<\/p>\n<h2>Le ultime uscite economiche di Game of Thrones.<\/h2>\n<p>Il nostro obiettivo \u00e8 soddisfarvi, per questo facciamo tutto il possibile per trovare gli oggetti da collezione che state cercando. Non esitate quindi a comunicarci le vostre richieste e i vostri commenti, affinch\u00e9 possiamo continuare insieme questa avventura!<\/p>\n<p>Innanzitutto,<\/p>\n<ul>\n<li>La mini armatura interamente in metallo della guardia reale Lannister.<\/li>\n<li>Cos\u00ec come le uova di drago HBO di Daenerys<\/li>\n<li>Ci sono anche tazze di Game of Thrones<\/li>\n<li>E molti altri da scoprire!<\/li>\n<\/ul>\n<p>Prossimamente avremo il piacere di proporvi le figurine Funko pop...<\/p>\n<p>R\u00e9plique Manga Cin\u00e9 \u00e8 un'azienda familiare francese.<\/p>","protected":false},"excerpt":{"rendered":"<p>Splendida replica dell'Uovo di Rhaegal della serie Game of Thrones.<\/p>\n<ul>\n<li>Prodotto con licenza ufficiale HBO \"Game of Thrones<\/li>\n<li>Scultura interamente in resina.<\/li>\n<li>Dipinto e decorato a mano.<\/li>\n<li>Fornito con base di presentazione.<\/li>\n<li>Scatola da collezione HBO.<\/li>\n<li>Dimensioni: 19,5 cm<\/li>\n<\/ul>\n<p>&nbsp;<\/p>","protected":false},"featured_media":52995,"template":"","meta":[],"product_brand":[896],"product_cat":[81,24,47,105],"product_tag":[],"class_list":{"0":"post-52994","1":"product","2":"type-product","3":"status-publish","4":"has-post-thumbnail","6":"product_brand-replique-manga-cine","7":"product_cat-collectors-et-goodies-game-of-thrones","8":"product_cat-films-series-tv-vente-de-katana-epee-et-produits-derives","9":"product_cat-game-of-thrones","10":"product_cat-house-of-the-dragon","12":"first","13":"instock","14":"taxable","15":"shipping-taxable","16":"purchasable","17":"product-type-simple"},"yoast_head":"<!-- This site is optimized with the Yoast SEO plugin v27.4 - https:\/\/yoast.com\/product\/yoast-seo-wordpress\/ -->\n<title>\u0152uf du Dragon Rhaegal - Game of Thrones - R\u00e9plique Manga Cin\u00e9<\/title>\n<meta name=\"description\" content=\"R\u00e9plique \u00e0 l&#039;identique de l&#039;\u0152uf du Dragon Rhaegal dans Game of Thrones. Fait en r\u00e9sine - Peint \u00e0 la main - Licence officielle The Noble Collection\" \/>\n<meta name=\"robots\" content=\"index, follow, max-snippet:-1, max-image-preview:large, max-video-preview:-1\" \/>\n<link rel=\"canonical\" href=\"https:\/\/repliquemangacine.fr\/it\/casa-del-drago\/uovo-rhaegal-game-of-thrones\/\" \/>\n<meta property=\"og:locale\" content=\"it_IT\" \/>\n<meta property=\"og:type\" content=\"article\" \/>\n<meta property=\"og:title\" content=\"\u0152uf du Dragon Rhaegal - Game of Thrones - R\u00e9plique Manga Cin\u00e9\" \/>\n<meta property=\"og:description\" content=\"R\u00e9plique \u00e0 l&#039;identique de l&#039;\u0152uf du Dragon Rhaegal dans Game of Thrones. Fait en r\u00e9sine - Peint \u00e0 la main - Licence officielle The Noble Collection\" \/>\n<meta property=\"og:url\" content=\"https:\/\/repliquemangacine.fr\/it\/casa-del-drago\/uovo-rhaegal-game-of-thrones\/\" \/>\n<meta property=\"og:site_name\" content=\"R\u00e9plique Manga Cin\u00e9\" \/>\n<meta property=\"article:publisher\" content=\"https:\/\/www.facebook.com\/RepliqueMangaCine\" \/>\n<meta property=\"article:modified_time\" content=\"2026-01-18T19:18:19+00:00\" \/>\n<meta property=\"og:image\" content=\"https:\/\/repliquemangacine.fr\/wp-content\/uploads\/2023\/10\/oeuf-rhaegal.jpg\" \/>\n\t<meta property=\"og:image:width\" content=\"500\" \/>\n\t<meta property=\"og:image:height\" content=\"500\" \/>\n\t<meta property=\"og:image:type\" content=\"image\/jpeg\" \/>\n<meta name=\"twitter:card\" content=\"summary_large_image\" \/>\n<meta name=\"twitter:label1\" content=\"Tempo di lettura stimato\" \/>\n\t<meta name=\"twitter:data1\" content=\"2 minuti\" \/>\n<script type=\"application\/ld+json\" class=\"yoast-schema-graph\">{\"@context\":\"https:\\\/\\\/schema.org\",\"@graph\":[{\"@type\":\"WebPage\",\"@id\":\"https:\\\/\\\/repliquemangacine.fr\\\/house-of-the-dragon\\\/oeuf-de-rhaegal-game-of-thrones\\\/\",\"url\":\"https:\\\/\\\/repliquemangacine.fr\\\/house-of-the-dragon\\\/oeuf-de-rhaegal-game-of-thrones\\\/\",\"name\":\"\u0152uf du Dragon Rhaegal - Game of Thrones - R\u00e9plique Manga Cin\u00e9\",\"isPartOf\":{\"@id\":\"https:\\\/\\\/repliquemangacine.fr\\\/#website\"},\"primaryImageOfPage\":{\"@id\":\"https:\\\/\\\/repliquemangacine.fr\\\/house-of-the-dragon\\\/oeuf-de-rhaegal-game-of-thrones\\\/#primaryimage\"},\"image\":{\"@id\":\"https:\\\/\\\/repliquemangacine.fr\\\/house-of-the-dragon\\\/oeuf-de-rhaegal-game-of-thrones\\\/#primaryimage\"},\"thumbnailUrl\":\"https:\\\/\\\/repliquemangacine.fr\\\/wp-content\\\/uploads\\\/2023\\\/10\\\/oeuf-rhaegal.jpg\",\"datePublished\":\"2022-09-09T12:19:21+00:00\",\"dateModified\":\"2026-01-18T19:18:19+00:00\",\"description\":\"R\u00e9plique \u00e0 l'identique de l'\u0152uf du Dragon Rhaegal dans Game of Thrones. Fait en r\u00e9sine - Peint \u00e0 la main - Licence officielle The Noble Collection\",\"breadcrumb\":{\"@id\":\"https:\\\/\\\/repliquemangacine.fr\\\/house-of-the-dragon\\\/oeuf-de-rhaegal-game-of-thrones\\\/#breadcrumb\"},\"inLanguage\":\"it-IT\",\"potentialAction\":[{\"@type\":\"ReadAction\",\"target\":[\"https:\\\/\\\/repliquemangacine.fr\\\/house-of-the-dragon\\\/oeuf-de-rhaegal-game-of-thrones\\\/\"]}]},{\"@type\":\"ImageObject\",\"inLanguage\":\"it-IT\",\"@id\":\"https:\\\/\\\/repliquemangacine.fr\\\/house-of-the-dragon\\\/oeuf-de-rhaegal-game-of-thrones\\\/#primaryimage\",\"url\":\"https:\\\/\\\/repliquemangacine.fr\\\/wp-content\\\/uploads\\\/2023\\\/10\\\/oeuf-rhaegal.jpg\",\"contentUrl\":\"https:\\\/\\\/repliquemangacine.fr\\\/wp-content\\\/uploads\\\/2023\\\/10\\\/oeuf-rhaegal.jpg\",\"width\":500,\"height\":500,\"caption\":\"Oeuf Rhaegal Game of Thrones\"},{\"@type\":\"BreadcrumbList\",\"@id\":\"https:\\\/\\\/repliquemangacine.fr\\\/house-of-the-dragon\\\/oeuf-de-rhaegal-game-of-thrones\\\/#breadcrumb\",\"itemListElement\":[{\"@type\":\"ListItem\",\"position\":1,\"name\":\"Accueil\",\"item\":\"https:\\\/\\\/repliquemangacine.fr\\\/\"},{\"@type\":\"ListItem\",\"position\":2,\"name\":\"Produits\",\"item\":\"https:\\\/\\\/repliquemangacine.fr\\\/boutique\\\/\"},{\"@type\":\"ListItem\",\"position\":3,\"name\":\"Oeuf de Rhaegal &#8211; Game of Thrones\"}]},{\"@type\":\"WebSite\",\"@id\":\"https:\\\/\\\/repliquemangacine.fr\\\/#website\",\"url\":\"https:\\\/\\\/repliquemangacine.fr\\\/\",\"name\":\"R\u00e9plique Manga Cin\u00e9\",\"description\":\"\",\"publisher\":{\"@id\":\"https:\\\/\\\/repliquemangacine.fr\\\/#organization\"},\"potentialAction\":[{\"@type\":\"SearchAction\",\"target\":{\"@type\":\"EntryPoint\",\"urlTemplate\":\"https:\\\/\\\/repliquemangacine.fr\\\/?s={search_term_string}\"},\"query-input\":{\"@type\":\"PropertyValueSpecification\",\"valueRequired\":true,\"valueName\":\"search_term_string\"}}],\"inLanguage\":\"it-IT\"},{\"@type\":\"Organization\",\"@id\":\"https:\\\/\\\/repliquemangacine.fr\\\/#organization\",\"name\":\"R\u00e9plique Manga Cin\u00e9\",\"url\":\"https:\\\/\\\/repliquemangacine.fr\\\/\",\"logo\":{\"@type\":\"ImageObject\",\"inLanguage\":\"it-IT\",\"@id\":\"https:\\\/\\\/repliquemangacine.fr\\\/#\\\/schema\\\/logo\\\/image\\\/\",\"url\":\"https:\\\/\\\/repliquemangacine.fr\\\/wp-content\\\/uploads\\\/2023\\\/10\\\/RMC-500250.png\",\"contentUrl\":\"https:\\\/\\\/repliquemangacine.fr\\\/wp-content\\\/uploads\\\/2023\\\/10\\\/RMC-500250.png\",\"width\":500,\"height\":250,\"caption\":\"R\u00e9plique Manga Cin\u00e9\"},\"image\":{\"@id\":\"https:\\\/\\\/repliquemangacine.fr\\\/#\\\/schema\\\/logo\\\/image\\\/\"},\"sameAs\":[\"https:\\\/\\\/www.facebook.com\\\/RepliqueMangaCine\",\"https:\\\/\\\/www.instagram.com\\\/repliquemangacine.fr\\\/\"]}]}<\/script>\n<!-- \/ Yoast SEO plugin. -->","yoast_head_json":{"title":"Uovo di drago Rhaegal - Game of Thrones - R\u00e9plique Manga Cin\u00e9","description":"Replica identica dell'uovo di drago Rhaegal di Game of Thrones. Realizzato in resina - Dipinto a mano - Licenza ufficiale The Noble Collection","robots":{"index":"index","follow":"follow","max-snippet":"max-snippet:-1","max-image-preview":"max-image-preview:large","max-video-preview":"max-video-preview:-1"},"canonical":"https:\/\/repliquemangacine.fr\/it\/casa-del-drago\/uovo-rhaegal-game-of-thrones\/","og_locale":"it_IT","og_type":"article","og_title":"\u0152uf du Dragon Rhaegal - Game of Thrones - R\u00e9plique Manga Cin\u00e9","og_description":"R\u00e9plique \u00e0 l'identique de l'\u0152uf du Dragon Rhaegal dans Game of Thrones. Fait en r\u00e9sine - Peint \u00e0 la main - Licence officielle The Noble Collection","og_url":"https:\/\/repliquemangacine.fr\/it\/casa-del-drago\/uovo-rhaegal-game-of-thrones\/","og_site_name":"R\u00e9plique Manga Cin\u00e9","article_publisher":"https:\/\/www.facebook.com\/RepliqueMangaCine","article_modified_time":"2026-01-18T19:18:19+00:00","og_image":[{"width":500,"height":500,"url":"https:\/\/repliquemangacine.fr\/wp-content\/uploads\/2023\/10\/oeuf-rhaegal.jpg","type":"image\/jpeg"}],"twitter_card":"summary_large_image","twitter_misc":{"Tempo di lettura stimato":"2 minuti"},"schema":{"@context":"https:\/\/schema.org","@graph":[{"@type":"WebPage","@id":"https:\/\/repliquemangacine.fr\/house-of-the-dragon\/oeuf-de-rhaegal-game-of-thrones\/","url":"https:\/\/repliquemangacine.fr\/house-of-the-dragon\/oeuf-de-rhaegal-game-of-thrones\/","name":"Uovo di drago Rhaegal - Game of Thrones - R\u00e9plique Manga Cin\u00e9","isPartOf":{"@id":"https:\/\/repliquemangacine.fr\/#website"},"primaryImageOfPage":{"@id":"https:\/\/repliquemangacine.fr\/house-of-the-dragon\/oeuf-de-rhaegal-game-of-thrones\/#primaryimage"},"image":{"@id":"https:\/\/repliquemangacine.fr\/house-of-the-dragon\/oeuf-de-rhaegal-game-of-thrones\/#primaryimage"},"thumbnailUrl":"https:\/\/repliquemangacine.fr\/wp-content\/uploads\/2023\/10\/oeuf-rhaegal.jpg","datePublished":"2022-09-09T12:19:21+00:00","dateModified":"2026-01-18T19:18:19+00:00","description":"Replica identica dell'uovo di drago Rhaegal di Game of Thrones. Realizzato in resina - Dipinto a mano - Licenza ufficiale The Noble Collection","breadcrumb":{"@id":"https:\/\/repliquemangacine.fr\/house-of-the-dragon\/oeuf-de-rhaegal-game-of-thrones\/#breadcrumb"},"inLanguage":"it-IT","potentialAction":[{"@type":"ReadAction","target":["https:\/\/repliquemangacine.fr\/house-of-the-dragon\/oeuf-de-rhaegal-game-of-thrones\/"]}]},{"@type":"ImageObject","inLanguage":"it-IT","@id":"https:\/\/repliquemangacine.fr\/house-of-the-dragon\/oeuf-de-rhaegal-game-of-thrones\/#primaryimage","url":"https:\/\/repliquemangacine.fr\/wp-content\/uploads\/2023\/10\/oeuf-rhaegal.jpg","contentUrl":"https:\/\/repliquemangacine.fr\/wp-content\/uploads\/2023\/10\/oeuf-rhaegal.jpg","width":500,"height":500,"caption":"Oeuf Rhaegal Game of Thrones"},{"@type":"BreadcrumbList","@id":"https:\/\/repliquemangacine.fr\/house-of-the-dragon\/oeuf-de-rhaegal-game-of-thrones\/#breadcrumb","itemListElement":[{"@type":"ListItem","position":1,"name":"Accueil","item":"https:\/\/repliquemangacine.fr\/"},{"@type":"ListItem","position":2,"name":"Produits","item":"https:\/\/repliquemangacine.fr\/boutique\/"},{"@type":"ListItem","position":3,"name":"Oeuf de Rhaegal &#8211; Game of Thrones"}]},{"@type":"WebSite","@id":"https:\/\/repliquemangacine.fr\/#website","url":"https:\/\/repliquemangacine.fr\/","name":"R\u00e9plique Manga Cin\u00e9","description":"","publisher":{"@id":"https:\/\/repliquemangacine.fr\/#organization"},"potentialAction":[{"@type":"SearchAction","target":{"@type":"EntryPoint","urlTemplate":"https:\/\/repliquemangacine.fr\/?s={search_term_string}"},"query-input":{"@type":"PropertyValueSpecification","valueRequired":true,"valueName":"search_term_string"}}],"inLanguage":"it-IT"},{"@type":"Organization","@id":"https:\/\/repliquemangacine.fr\/#organization","name":"R\u00e9plique Manga Cin\u00e9","url":"https:\/\/repliquemangacine.fr\/","logo":{"@type":"ImageObject","inLanguage":"it-IT","@id":"https:\/\/repliquemangacine.fr\/#\/schema\/logo\/image\/","url":"https:\/\/repliquemangacine.fr\/wp-content\/uploads\/2023\/10\/RMC-500250.png","contentUrl":"https:\/\/repliquemangacine.fr\/wp-content\/uploads\/2023\/10\/RMC-500250.png","width":500,"height":250,"caption":"R\u00e9plique Manga Cin\u00e9"},"image":{"@id":"https:\/\/repliquemangacine.fr\/#\/schema\/logo\/image\/"},"sameAs":["https:\/\/www.facebook.com\/RepliqueMangaCine","https:\/\/www.instagram.com\/repliquemangacine.fr\/"]}]}},"_links":{"self":[{"href":"https:\/\/repliquemangacine.fr\/it\/wp-json\/wp\/v2\/product\/52994","targetHints":{"allow":["GET"]}}],"collection":[{"href":"https:\/\/repliquemangacine.fr\/it\/wp-json\/wp\/v2\/product"}],"about":[{"href":"https:\/\/repliquemangacine.fr\/it\/wp-json\/wp\/v2\/types\/product"}],"wp:featuredmedia":[{"embeddable":true,"href":"https:\/\/repliquemangacine.fr\/it\/wp-json\/wp\/v2\/media\/52995"}],"wp:attachment":[{"href":"https:\/\/repliquemangacine.fr\/it\/wp-json\/wp\/v2\/media?parent=52994"}],"wp:term":[{"taxonomy":"product_brand","embeddable":true,"href":"https:\/\/repliquemangacine.fr\/it\/wp-json\/wp\/v2\/product_brand?post=52994"},{"taxonomy":"product_cat","embeddable":true,"href":"https:\/\/repliquemangacine.fr\/it\/wp-json\/wp\/v2\/product_cat?post=52994"},{"taxonomy":"product_tag","embeddable":true,"href":"https:\/\/repliquemangacine.fr\/it\/wp-json\/wp\/v2\/product_tag?post=52994"}],"curies":[{"name":"wp","href":"https:\/\/api.w.org\/{rel}","templated":true}]}}