





{"id":52601,"date":"2022-08-19T16:04:17","date_gmt":"2022-08-19T14:04:17","guid":{"rendered":"https:\/\/repliquemangacine.fr\/?post_type=product&#038;p=52601"},"modified":"2026-02-02T14:10:14","modified_gmt":"2026-02-02T13:10:14","slug":"3-kunai-di-naruto","status":"publish","type":"product","link":"https:\/\/repliquemangacine.fr\/it\/couteaux-de-lancer-et-etoiles\/3-kunai-naruto\/","title":{"rendered":"Kunai Naruto"},"content":{"rendered":"<h2>Set di 3 Kunai di Naruto<\/h2>\n<p>Per cominciare, questo set di 3 <strong>Kunai Naruto<\/strong> viene fornito con una custodia per il trasporto.<\/p>\n<p>A <a href=\"https:\/\/naruto.fandom.com\/fr\/wiki\/Kuna\u00ef\" target=\"_blank\" rel=\"noopener noreferrer\">Kunai<\/a>, come uno shuriken, \u00e8 un'arma comunemente usata dai ninja. \u00c8 un'arma bianca, lunga in media quanto una mano, progettata per ferire nel combattimento ravvicinato, anche se pu\u00f2 essere usata come arma da lancio.<\/p>\n<p>Esistono diversi stili di kunai. Minato Namikaze usa kunai a tre lame a cui aggiunge un sigillo speciale per la sua tecnica di movimento istantaneo, dandogli il soprannome di \u2019Fulmine Giallo di Konoha\u00ab. Durante la prova finale dell'esame di selezione degli sh\u00fbnin, Kabuto ha usato un kunai senza anello per uccidere un membro degli Anbu.<\/p>\n<h2>Il tuo set di 3 Kunai di Naruto al miglior prezzo.<\/h2>\n<p>Vi proponiamo tutte le battute dei vostri personaggi preferiti del famoso manga animato Naruto.<\/p>\n<p>Innanzitutto,<\/p>\n<ul>\n<li>La replica del<a href=\"https:\/\/repliquemangacine.fr\/it\/naruto\/katana-sasuke-spada-kusanagi\/\">Spada Kusanagi<\/a>La katana bianca di Sasuk\u00e9. La versione nera \u00e8 disponibile qui.<\/li>\n<li>Cos\u00ec come una replica identica del <a href=\"https:\/\/repliquemangacine.fr\/it\/naruto\/kunai-despace-time-minato\/\">Kunai spazio-temporale<\/a> che Minato utilizza.<\/li>\n<li>E molti altri da scoprire nel nostro negozio online!<\/li>\n<\/ul>\n<p>Ecco quindi alcune fantastiche idee regalo per i fan di Naruto.<\/p>\n<p>In conclusione, potete anche utilizzare questo set di 3 <strong>Kunai Naruto<\/strong> per abbellire la vostra collezione e la vostra casa. Ma soprattutto, i Kunai sono oggetti da collezione e decorativi.<\/p>\n<h2>Scopri le nostre ultime novit\u00e0 Naruto a basso prezzo<\/h2>\n<p>Siamo sempre alla ricerca di novit\u00e0 e, per venire incontro alle vostre esigenze, abbiamo in serbo per voi alcune piccole chicche da scoprire nel prossimo futuro!<\/p>\n<p>Ad esempio, il grande Naruto Kunai con il manico bianco. Nel prossimo futuro, avremo il grande piacere di presentarvi le statuette di Naruto.<\/p>\n<p>R\u00e9plique Manga Cin\u00e9 \u00e8 un'azienda familiare francese.<\/p>\n<p><strong>Si prega di notare che tutte le nostre repliche sono oggetti da collezione e decorazioni. Possono essere utilizzate per rievocazioni storiche, sfilate di cosplay o decorazioni di interni. Di conseguenza, non \u00e8 possibile andare in luoghi pubblici con queste repliche.<\/strong><\/p>","protected":false},"excerpt":{"rendered":"<p>Superbo set di 3 Kunai di Naruto.<\/p>\n<ul>\n<li>Interamente in acciaio monoblocco con incisione.<\/li>\n<li>Nastro di cotone rosso per una presa sicura.<\/li>\n<li>Fornito con una custodia in cordura nera che pu\u00f2 essere indossata alla cintura.<\/li>\n<li>Lunghezza totale di ogni Kunai: 16 cm<\/li>\n<\/ul>","protected":false},"featured_media":52602,"template":"","meta":[],"product_brand":[896],"product_cat":[894,108,23,42],"product_tag":[],"class_list":{"0":"post-52601","1":"product","2":"type-product","3":"status-publish","4":"has-post-thumbnail","6":"product_brand-replique-manga-cine","7":"product_cat-couteaux-de-lancer-et-etoiles","8":"product_cat-kunai-et-shuriken-naruto","9":"product_cat-repliques-manga-jeux-video","10":"product_cat-katana-goodies-naruto-kunai","12":"first","13":"instock","14":"taxable","15":"shipping-taxable","16":"purchasable","17":"product-type-simple"},"yoast_head":"<!-- This site is optimized with the Yoast SEO plugin v27.4 - https:\/\/yoast.com\/product\/yoast-seo-wordpress\/ -->\n<title>Kuna\u00ef Naruto - Produits d\u00e9riv\u00e9s Naruto - Boutique en ligne - RMC<\/title>\n<meta name=\"description\" content=\"Achetez vite ! Cet ensemble de 3 Kuna\u00ef Naruto au meilleur prix. Tout en m\u00e9tal - Pochette de transport - Longueur de chaque Kuna\u00ef : 16cm - Envoi 24\/48h\" \/>\n<meta name=\"robots\" content=\"index, follow, max-snippet:-1, max-image-preview:large, max-video-preview:-1\" \/>\n<link rel=\"canonical\" href=\"https:\/\/repliquemangacine.fr\/it\/coltelli-da-lancio-e-stelle\/3-kunai-di-naruto\/\" \/>\n<meta property=\"og:locale\" content=\"it_IT\" \/>\n<meta property=\"og:type\" content=\"article\" \/>\n<meta property=\"og:title\" content=\"Kuna\u00ef Naruto - Produits d\u00e9riv\u00e9s Naruto - Boutique en ligne - RMC\" \/>\n<meta property=\"og:description\" content=\"Achetez vite ! Cet ensemble de 3 Kuna\u00ef Naruto au meilleur prix. Tout en m\u00e9tal - Pochette de transport - Longueur de chaque Kuna\u00ef : 16cm - Envoi 24\/48h\" \/>\n<meta property=\"og:url\" content=\"https:\/\/repliquemangacine.fr\/it\/coltelli-da-lancio-e-stelle\/3-kunai-di-naruto\/\" \/>\n<meta property=\"og:site_name\" content=\"R\u00e9plique Manga Cin\u00e9\" \/>\n<meta property=\"article:publisher\" content=\"https:\/\/www.facebook.com\/RepliqueMangaCine\" \/>\n<meta property=\"article:modified_time\" content=\"2026-02-02T13:10:14+00:00\" \/>\n<meta property=\"og:image\" content=\"https:\/\/repliquemangacine.fr\/wp-content\/uploads\/2023\/10\/6652.jpg\" \/>\n\t<meta property=\"og:image:width\" content=\"500\" \/>\n\t<meta property=\"og:image:height\" content=\"500\" \/>\n\t<meta property=\"og:image:type\" content=\"image\/jpeg\" \/>\n<meta name=\"twitter:card\" content=\"summary_large_image\" \/>\n<meta name=\"twitter:label1\" content=\"Tempo di lettura stimato\" \/>\n\t<meta name=\"twitter:data1\" content=\"2 minuti\" \/>\n<script type=\"application\/ld+json\" class=\"yoast-schema-graph\">{\"@context\":\"https:\\\/\\\/schema.org\",\"@graph\":[{\"@type\":\"WebPage\",\"@id\":\"https:\\\/\\\/repliquemangacine.fr\\\/couteaux-de-lancer-et-etoiles\\\/3-kunai-naruto\\\/\",\"url\":\"https:\\\/\\\/repliquemangacine.fr\\\/couteaux-de-lancer-et-etoiles\\\/3-kunai-naruto\\\/\",\"name\":\"Kuna\u00ef Naruto - Produits d\u00e9riv\u00e9s Naruto - Boutique en ligne - RMC\",\"isPartOf\":{\"@id\":\"https:\\\/\\\/repliquemangacine.fr\\\/#website\"},\"primaryImageOfPage\":{\"@id\":\"https:\\\/\\\/repliquemangacine.fr\\\/couteaux-de-lancer-et-etoiles\\\/3-kunai-naruto\\\/#primaryimage\"},\"image\":{\"@id\":\"https:\\\/\\\/repliquemangacine.fr\\\/couteaux-de-lancer-et-etoiles\\\/3-kunai-naruto\\\/#primaryimage\"},\"thumbnailUrl\":\"https:\\\/\\\/repliquemangacine.fr\\\/wp-content\\\/uploads\\\/2023\\\/10\\\/6652.jpg\",\"datePublished\":\"2022-08-19T14:04:17+00:00\",\"dateModified\":\"2026-02-02T13:10:14+00:00\",\"description\":\"Achetez vite ! Cet ensemble de 3 Kuna\u00ef Naruto au meilleur prix. Tout en m\u00e9tal - Pochette de transport - Longueur de chaque Kuna\u00ef : 16cm - Envoi 24\\\/48h\",\"breadcrumb\":{\"@id\":\"https:\\\/\\\/repliquemangacine.fr\\\/couteaux-de-lancer-et-etoiles\\\/3-kunai-naruto\\\/#breadcrumb\"},\"inLanguage\":\"it-IT\",\"potentialAction\":[{\"@type\":\"ReadAction\",\"target\":[\"https:\\\/\\\/repliquemangacine.fr\\\/couteaux-de-lancer-et-etoiles\\\/3-kunai-naruto\\\/\"]}]},{\"@type\":\"ImageObject\",\"inLanguage\":\"it-IT\",\"@id\":\"https:\\\/\\\/repliquemangacine.fr\\\/couteaux-de-lancer-et-etoiles\\\/3-kunai-naruto\\\/#primaryimage\",\"url\":\"https:\\\/\\\/repliquemangacine.fr\\\/wp-content\\\/uploads\\\/2023\\\/10\\\/6652.jpg\",\"contentUrl\":\"https:\\\/\\\/repliquemangacine.fr\\\/wp-content\\\/uploads\\\/2023\\\/10\\\/6652.jpg\",\"width\":500,\"height\":500,\"caption\":\"3 Kuna\u00ef Naruto m\u00e9tal\"},{\"@type\":\"BreadcrumbList\",\"@id\":\"https:\\\/\\\/repliquemangacine.fr\\\/couteaux-de-lancer-et-etoiles\\\/3-kunai-naruto\\\/#breadcrumb\",\"itemListElement\":[{\"@type\":\"ListItem\",\"position\":1,\"name\":\"Accueil\",\"item\":\"https:\\\/\\\/repliquemangacine.fr\\\/\"},{\"@type\":\"ListItem\",\"position\":2,\"name\":\"Produits\",\"item\":\"https:\\\/\\\/repliquemangacine.fr\\\/boutique\\\/\"},{\"@type\":\"ListItem\",\"position\":3,\"name\":\"Kuna\u00ef Naruto\"}]},{\"@type\":\"WebSite\",\"@id\":\"https:\\\/\\\/repliquemangacine.fr\\\/#website\",\"url\":\"https:\\\/\\\/repliquemangacine.fr\\\/\",\"name\":\"R\u00e9plique Manga Cin\u00e9\",\"description\":\"\",\"publisher\":{\"@id\":\"https:\\\/\\\/repliquemangacine.fr\\\/#organization\"},\"potentialAction\":[{\"@type\":\"SearchAction\",\"target\":{\"@type\":\"EntryPoint\",\"urlTemplate\":\"https:\\\/\\\/repliquemangacine.fr\\\/?s={search_term_string}\"},\"query-input\":{\"@type\":\"PropertyValueSpecification\",\"valueRequired\":true,\"valueName\":\"search_term_string\"}}],\"inLanguage\":\"it-IT\"},{\"@type\":\"Organization\",\"@id\":\"https:\\\/\\\/repliquemangacine.fr\\\/#organization\",\"name\":\"R\u00e9plique Manga Cin\u00e9\",\"url\":\"https:\\\/\\\/repliquemangacine.fr\\\/\",\"logo\":{\"@type\":\"ImageObject\",\"inLanguage\":\"it-IT\",\"@id\":\"https:\\\/\\\/repliquemangacine.fr\\\/#\\\/schema\\\/logo\\\/image\\\/\",\"url\":\"https:\\\/\\\/repliquemangacine.fr\\\/wp-content\\\/uploads\\\/2023\\\/10\\\/RMC-500250.png\",\"contentUrl\":\"https:\\\/\\\/repliquemangacine.fr\\\/wp-content\\\/uploads\\\/2023\\\/10\\\/RMC-500250.png\",\"width\":500,\"height\":250,\"caption\":\"R\u00e9plique Manga Cin\u00e9\"},\"image\":{\"@id\":\"https:\\\/\\\/repliquemangacine.fr\\\/#\\\/schema\\\/logo\\\/image\\\/\"},\"sameAs\":[\"https:\\\/\\\/www.facebook.com\\\/RepliqueMangaCine\",\"https:\\\/\\\/www.instagram.com\\\/repliquemangacine.fr\\\/\"]}]}<\/script>\n<!-- \/ Yoast SEO plugin. -->","yoast_head_json":{"title":"Kuna\u00ef Naruto - Prodotti derivati da Naruto - Negozio online - RMC","description":"Comprate ora! Questo set di 3 Kunai di Naruto al miglior prezzo. Tutto in metallo - Custodia per il trasporto - Lunghezza di ogni Kunai: 16cm - Spedizione 24\/48h","robots":{"index":"index","follow":"follow","max-snippet":"max-snippet:-1","max-image-preview":"max-image-preview:large","max-video-preview":"max-video-preview:-1"},"canonical":"https:\/\/repliquemangacine.fr\/it\/coltelli-da-lancio-e-stelle\/3-kunai-di-naruto\/","og_locale":"it_IT","og_type":"article","og_title":"Kuna\u00ef Naruto - Produits d\u00e9riv\u00e9s Naruto - Boutique en ligne - RMC","og_description":"Achetez vite ! Cet ensemble de 3 Kuna\u00ef Naruto au meilleur prix. Tout en m\u00e9tal - Pochette de transport - Longueur de chaque Kuna\u00ef : 16cm - Envoi 24\/48h","og_url":"https:\/\/repliquemangacine.fr\/it\/coltelli-da-lancio-e-stelle\/3-kunai-di-naruto\/","og_site_name":"R\u00e9plique Manga Cin\u00e9","article_publisher":"https:\/\/www.facebook.com\/RepliqueMangaCine","article_modified_time":"2026-02-02T13:10:14+00:00","og_image":[{"width":500,"height":500,"url":"https:\/\/repliquemangacine.fr\/wp-content\/uploads\/2023\/10\/6652.jpg","type":"image\/jpeg"}],"twitter_card":"summary_large_image","twitter_misc":{"Tempo di lettura stimato":"2 minuti"},"schema":{"@context":"https:\/\/schema.org","@graph":[{"@type":"WebPage","@id":"https:\/\/repliquemangacine.fr\/couteaux-de-lancer-et-etoiles\/3-kunai-naruto\/","url":"https:\/\/repliquemangacine.fr\/couteaux-de-lancer-et-etoiles\/3-kunai-naruto\/","name":"Kuna\u00ef Naruto - Prodotti derivati da Naruto - Negozio online - RMC","isPartOf":{"@id":"https:\/\/repliquemangacine.fr\/#website"},"primaryImageOfPage":{"@id":"https:\/\/repliquemangacine.fr\/couteaux-de-lancer-et-etoiles\/3-kunai-naruto\/#primaryimage"},"image":{"@id":"https:\/\/repliquemangacine.fr\/couteaux-de-lancer-et-etoiles\/3-kunai-naruto\/#primaryimage"},"thumbnailUrl":"https:\/\/repliquemangacine.fr\/wp-content\/uploads\/2023\/10\/6652.jpg","datePublished":"2022-08-19T14:04:17+00:00","dateModified":"2026-02-02T13:10:14+00:00","description":"Comprate ora! Questo set di 3 Kunai di Naruto al miglior prezzo. Tutto in metallo - Custodia per il trasporto - Lunghezza di ogni Kunai: 16cm - Spedizione 24\/48h","breadcrumb":{"@id":"https:\/\/repliquemangacine.fr\/couteaux-de-lancer-et-etoiles\/3-kunai-naruto\/#breadcrumb"},"inLanguage":"it-IT","potentialAction":[{"@type":"ReadAction","target":["https:\/\/repliquemangacine.fr\/couteaux-de-lancer-et-etoiles\/3-kunai-naruto\/"]}]},{"@type":"ImageObject","inLanguage":"it-IT","@id":"https:\/\/repliquemangacine.fr\/couteaux-de-lancer-et-etoiles\/3-kunai-naruto\/#primaryimage","url":"https:\/\/repliquemangacine.fr\/wp-content\/uploads\/2023\/10\/6652.jpg","contentUrl":"https:\/\/repliquemangacine.fr\/wp-content\/uploads\/2023\/10\/6652.jpg","width":500,"height":500,"caption":"3 Kuna\u00ef Naruto m\u00e9tal"},{"@type":"BreadcrumbList","@id":"https:\/\/repliquemangacine.fr\/couteaux-de-lancer-et-etoiles\/3-kunai-naruto\/#breadcrumb","itemListElement":[{"@type":"ListItem","position":1,"name":"Accueil","item":"https:\/\/repliquemangacine.fr\/"},{"@type":"ListItem","position":2,"name":"Produits","item":"https:\/\/repliquemangacine.fr\/boutique\/"},{"@type":"ListItem","position":3,"name":"Kuna\u00ef Naruto"}]},{"@type":"WebSite","@id":"https:\/\/repliquemangacine.fr\/#website","url":"https:\/\/repliquemangacine.fr\/","name":"R\u00e9plique Manga Cin\u00e9","description":"","publisher":{"@id":"https:\/\/repliquemangacine.fr\/#organization"},"potentialAction":[{"@type":"SearchAction","target":{"@type":"EntryPoint","urlTemplate":"https:\/\/repliquemangacine.fr\/?s={search_term_string}"},"query-input":{"@type":"PropertyValueSpecification","valueRequired":true,"valueName":"search_term_string"}}],"inLanguage":"it-IT"},{"@type":"Organization","@id":"https:\/\/repliquemangacine.fr\/#organization","name":"R\u00e9plique Manga Cin\u00e9","url":"https:\/\/repliquemangacine.fr\/","logo":{"@type":"ImageObject","inLanguage":"it-IT","@id":"https:\/\/repliquemangacine.fr\/#\/schema\/logo\/image\/","url":"https:\/\/repliquemangacine.fr\/wp-content\/uploads\/2023\/10\/RMC-500250.png","contentUrl":"https:\/\/repliquemangacine.fr\/wp-content\/uploads\/2023\/10\/RMC-500250.png","width":500,"height":250,"caption":"R\u00e9plique Manga Cin\u00e9"},"image":{"@id":"https:\/\/repliquemangacine.fr\/#\/schema\/logo\/image\/"},"sameAs":["https:\/\/www.facebook.com\/RepliqueMangaCine","https:\/\/www.instagram.com\/repliquemangacine.fr\/"]}]}},"_links":{"self":[{"href":"https:\/\/repliquemangacine.fr\/it\/wp-json\/wp\/v2\/product\/52601","targetHints":{"allow":["GET"]}}],"collection":[{"href":"https:\/\/repliquemangacine.fr\/it\/wp-json\/wp\/v2\/product"}],"about":[{"href":"https:\/\/repliquemangacine.fr\/it\/wp-json\/wp\/v2\/types\/product"}],"wp:featuredmedia":[{"embeddable":true,"href":"https:\/\/repliquemangacine.fr\/it\/wp-json\/wp\/v2\/media\/52602"}],"wp:attachment":[{"href":"https:\/\/repliquemangacine.fr\/it\/wp-json\/wp\/v2\/media?parent=52601"}],"wp:term":[{"taxonomy":"product_brand","embeddable":true,"href":"https:\/\/repliquemangacine.fr\/it\/wp-json\/wp\/v2\/product_brand?post=52601"},{"taxonomy":"product_cat","embeddable":true,"href":"https:\/\/repliquemangacine.fr\/it\/wp-json\/wp\/v2\/product_cat?post=52601"},{"taxonomy":"product_tag","embeddable":true,"href":"https:\/\/repliquemangacine.fr\/it\/wp-json\/wp\/v2\/product_tag?post=52601"}],"curies":[{"name":"wp","href":"https:\/\/api.w.org\/{rel}","templated":true}]}}