





{"id":52588,"date":"2022-08-19T13:58:31","date_gmt":"2022-08-19T11:58:31","guid":{"rendered":"https:\/\/repliquemangacine.fr\/?post_type=product&#038;p=52588"},"modified":"2025-09-23T18:02:49","modified_gmt":"2025-09-23T16:02:49","slug":"armatura-lannister-60cm-game-of-thrones","status":"publish","type":"product","link":"https:\/\/repliquemangacine.fr\/it\/collectors-et-goodies-game-of-thrones\/armure-lannister-60cm-game-of-thrones\/","title":{"rendered":"Armatura Lannister 60 cm"},"content":{"rendered":"<h2>Mini armatura Lannister 60 cm.<\/h2>\n<p>Per cominciare, il <strong>mini armatura Lannister<\/strong> 60 cm \u00e8 straordinariamente ben fatto. La Maison <a href=\"https:\/\/gameofthrones.fandom.com\/fr\/wiki\/Maison_Lannister\" target=\"_blank\" rel=\"noopener noreferrer\">Lannister<\/a> \u00e8 una delle grandi casate di Westeros. Governano la vasta regione delle Terre Occidentali dalla loro sede, Castel Granito, un castello che domina Porto Lannis.<\/p>\n<p>Continuiamo con i membri imprescindibili dei Lannister:<\/p>\n<ul>\n<li>Lord Tywin Lannister. Signore di Casterly Rock<\/li>\n<li>Poi Cersei Lannister, regina reggente delle Sette Corone.<\/li>\n<li>Cos\u00ec come Jaime Lannister, noto come \"lo Sterminatore di Re\", Lord Comandante della Guardia Reale.<\/li>\n<li>Il secondogenito di Tywin e legittimo erede, Tyrion Lannister, detto \"il Nano\".<\/li>\n<\/ul>\n<p>Il motto dei Lannister \u00e8 \"Io ruggisco\" e il loro emblema \u00e8 un leone. Tuttavia, il loro motto non ufficiale, anch'esso molto conosciuto, \u00e8 \"Un Lannister paga sempre i suoi debiti\".<\/p>\n<h2>La tua mini armatura Lannister al miglior prezzo.<\/h2>\n<p>Vi proponiamo tutte le repliche dei vostri personaggi preferiti della serie Game Of Thrones.<\/p>\n<p>Innanzitutto,<\/p>\n<ul>\n<li>La replica del<a href=\"https:\/\/repliquemangacine.fr\/it\/spade-di-game-of-thrones\/epee-needle-arya-stark-game-of-thrones-2\/\">La spada ad ago di Arya<\/a> Stark con fodero, disponibile anche con targhetta di presentazione.<\/li>\n<li>Cos\u00ec come il<a href=\"https:\/\/repliquemangacine.fr\/it\/gioco-del-trono\/jon-snow-spada-gran-griffe-il-trono-di-ferro\/\">Spada Grande Artiglio<\/a> una versione romana di Jon Snow, ma anche una versione di serie.<\/li>\n<li>E molti altri da scoprire nel nostro negozio online!<\/li>\n<\/ul>\n<p>Ecco quindi alcune fantastiche idee regalo per i fan di Game of Thrones.<\/p>\n<p>In conclusione, \u00e8 possibile utilizzare questo <strong>mini armatura Lannister<\/strong> 60 cm per arricchire la vostra collezione e la vostra casa. Ma soprattutto, \u00e8 un oggetto da collezione.<\/p>\n<h2>Le ultime uscite economiche di Game of Thrones.<\/h2>\n<p>Il nostro obiettivo \u00e8 soddisfarvi, per questo facciamo tutto il possibile per trovare gli oggetti da collezione che state cercando. Non esitate quindi a comunicarci le vostre richieste e i vostri commenti, affinch\u00e9 possiamo continuare insieme questa avventura!<\/p>\n<p>Innanzitutto,<\/p>\n<ul>\n<li>L'<a href=\"https:\/\/repliquemangacine.fr\/it\/gioco-del-trono\/gioco-del-trono-armatura-lannister-completa\/\">Armatura Lannister<\/a> full-size in acciaio invecchiato<\/li>\n<li>Cos\u00ec come le uova di drago HBO di Daenerys<\/li>\n<li>Ci sono anche<a href=\"https:\/\/repliquemangacine.fr\/it\/game-of-thrones-collezionismo-e-curiosita\/mug-chope-game-of-thrones\/\"> Tazza di Game of Thrones<\/a><\/li>\n<\/ul>\n<p>E molti altri da scoprire!<\/p>\n<p>Prossimamente avremo il piacere di proporvi le figurine Funko pop...<\/p>\n<p>R\u00e9plique Manga Cin\u00e9 \u00e8 un'azienda familiare francese.<\/p>\n<p>&nbsp;<\/p>","protected":false},"excerpt":{"rendered":"<p>Mini-armatura della guardia reale Lannister in Game of Thrones.<\/p>\n<ul>\n<li>Realizzato a mano in acciaio con finitura in ottone patinato.<\/li>\n<li>Bilance con patta in pelle.<\/li>\n<li>Fornito completo di casco e supporto.<\/li>\n<li>Supporto in legno lucido e stelo in metallo.<\/li>\n<li>Altezza: 60 cm - Larghezza: 19 cm - Peso: 2,7 kg<\/li>\n<\/ul>","protected":false},"featured_media":52589,"template":"","meta":[],"product_brand":[896],"product_cat":[81,24,47],"product_tag":[],"class_list":{"0":"post-52588","1":"product","2":"type-product","3":"status-publish","4":"has-post-thumbnail","6":"product_brand-replique-manga-cine","7":"product_cat-collectors-et-goodies-game-of-thrones","8":"product_cat-films-series-tv-vente-de-katana-epee-et-produits-derives","9":"product_cat-game-of-thrones","11":"first","12":"instock","13":"taxable","14":"shipping-taxable","15":"purchasable","16":"product-type-simple"},"yoast_head":"<!-- This site is optimized with the Yoast SEO plugin v27.4 - https:\/\/yoast.com\/product\/yoast-seo-wordpress\/ -->\n<title>Armure Lannister 60cm - Game of Thrones - R\u00e9plique Manga Cin\u00e9<\/title>\n<meta name=\"description\" content=\"Superbe r\u00e9plique en taille mini de l&#039; Armure Lannister 60cm. Tout en m\u00e9tal recouvert de laiton. Les bandelettes sont en cuir. Livr\u00e9 avec son support.\" \/>\n<meta name=\"robots\" content=\"index, follow, max-snippet:-1, max-image-preview:large, max-video-preview:-1\" \/>\n<link rel=\"canonical\" href=\"https:\/\/repliquemangacine.fr\/it\/game-of-thrones-collezionismo-e-curiosita\/armatura-lannister-60cm-game-of-thrones\/\" \/>\n<meta property=\"og:locale\" content=\"it_IT\" \/>\n<meta property=\"og:type\" content=\"article\" \/>\n<meta property=\"og:title\" content=\"Armure Lannister 60cm - Game of Thrones - R\u00e9plique Manga Cin\u00e9\" \/>\n<meta property=\"og:description\" content=\"Superbe r\u00e9plique en taille mini de l&#039; Armure Lannister 60cm. Tout en m\u00e9tal recouvert de laiton. Les bandelettes sont en cuir. Livr\u00e9 avec son support.\" \/>\n<meta property=\"og:url\" content=\"https:\/\/repliquemangacine.fr\/it\/game-of-thrones-collezionismo-e-curiosita\/armatura-lannister-60cm-game-of-thrones\/\" \/>\n<meta property=\"og:site_name\" content=\"R\u00e9plique Manga Cin\u00e9\" \/>\n<meta property=\"article:publisher\" content=\"https:\/\/www.facebook.com\/RepliqueMangaCine\" \/>\n<meta property=\"article:modified_time\" content=\"2025-09-23T16:02:49+00:00\" \/>\n<meta property=\"og:image\" content=\"https:\/\/repliquemangacine.fr\/wp-content\/uploads\/2023\/10\/Armure-60cm-GOT.jpg\" \/>\n\t<meta property=\"og:image:width\" content=\"500\" \/>\n\t<meta property=\"og:image:height\" content=\"500\" \/>\n\t<meta property=\"og:image:type\" content=\"image\/jpeg\" \/>\n<meta name=\"twitter:card\" content=\"summary_large_image\" \/>\n<meta name=\"twitter:label1\" content=\"Tempo di lettura stimato\" \/>\n\t<meta name=\"twitter:data1\" content=\"2 minuti\" \/>\n<script type=\"application\/ld+json\" class=\"yoast-schema-graph\">{\"@context\":\"https:\\\/\\\/schema.org\",\"@graph\":[{\"@type\":\"WebPage\",\"@id\":\"https:\\\/\\\/repliquemangacine.fr\\\/de\\\/sammlerstucke-und-game-of-thrones-goodies\\\/lannister-rustung-60cm-game-of-thrones\\\/\",\"url\":\"https:\\\/\\\/repliquemangacine.fr\\\/de\\\/sammlerstucke-und-game-of-thrones-goodies\\\/lannister-rustung-60cm-game-of-thrones\\\/\",\"name\":\"Armure Lannister 60cm - Game of Thrones - R\u00e9plique Manga Cin\u00e9\",\"isPartOf\":{\"@id\":\"https:\\\/\\\/repliquemangacine.fr\\\/#website\"},\"primaryImageOfPage\":{\"@id\":\"https:\\\/\\\/repliquemangacine.fr\\\/de\\\/sammlerstucke-und-game-of-thrones-goodies\\\/lannister-rustung-60cm-game-of-thrones\\\/#primaryimage\"},\"image\":{\"@id\":\"https:\\\/\\\/repliquemangacine.fr\\\/de\\\/sammlerstucke-und-game-of-thrones-goodies\\\/lannister-rustung-60cm-game-of-thrones\\\/#primaryimage\"},\"thumbnailUrl\":\"https:\\\/\\\/repliquemangacine.fr\\\/wp-content\\\/uploads\\\/2023\\\/10\\\/Armure-60cm-GOT.jpg\",\"datePublished\":\"2022-08-19T11:58:31+00:00\",\"dateModified\":\"2025-09-23T16:02:49+00:00\",\"description\":\"Superbe r\u00e9plique en taille mini de l' Armure Lannister 60cm. Tout en m\u00e9tal recouvert de laiton. Les bandelettes sont en cuir. Livr\u00e9 avec son support.\",\"breadcrumb\":{\"@id\":\"https:\\\/\\\/repliquemangacine.fr\\\/de\\\/sammlerstucke-und-game-of-thrones-goodies\\\/lannister-rustung-60cm-game-of-thrones\\\/#breadcrumb\"},\"inLanguage\":\"it-IT\",\"potentialAction\":[{\"@type\":\"ReadAction\",\"target\":[\"https:\\\/\\\/repliquemangacine.fr\\\/de\\\/sammlerstucke-und-game-of-thrones-goodies\\\/lannister-rustung-60cm-game-of-thrones\\\/\"]}]},{\"@type\":\"ImageObject\",\"inLanguage\":\"it-IT\",\"@id\":\"https:\\\/\\\/repliquemangacine.fr\\\/de\\\/sammlerstucke-und-game-of-thrones-goodies\\\/lannister-rustung-60cm-game-of-thrones\\\/#primaryimage\",\"url\":\"https:\\\/\\\/repliquemangacine.fr\\\/wp-content\\\/uploads\\\/2023\\\/10\\\/Armure-60cm-GOT.jpg\",\"contentUrl\":\"https:\\\/\\\/repliquemangacine.fr\\\/wp-content\\\/uploads\\\/2023\\\/10\\\/Armure-60cm-GOT.jpg\",\"width\":500,\"height\":500,\"caption\":\"Armure Lannister 60cm compl\u00e8te\"},{\"@type\":\"BreadcrumbList\",\"@id\":\"https:\\\/\\\/repliquemangacine.fr\\\/de\\\/sammlerstucke-und-game-of-thrones-goodies\\\/lannister-rustung-60cm-game-of-thrones\\\/#breadcrumb\",\"itemListElement\":[{\"@type\":\"ListItem\",\"position\":1,\"name\":\"Accueil\",\"item\":\"https:\\\/\\\/repliquemangacine.fr\\\/\"},{\"@type\":\"ListItem\",\"position\":2,\"name\":\"Produits\",\"item\":\"https:\\\/\\\/repliquemangacine.fr\\\/boutique\\\/\"},{\"@type\":\"ListItem\",\"position\":3,\"name\":\"Armure Lannister 60cm\"}]},{\"@type\":\"WebSite\",\"@id\":\"https:\\\/\\\/repliquemangacine.fr\\\/#website\",\"url\":\"https:\\\/\\\/repliquemangacine.fr\\\/\",\"name\":\"R\u00e9plique Manga Cin\u00e9\",\"description\":\"\",\"publisher\":{\"@id\":\"https:\\\/\\\/repliquemangacine.fr\\\/#organization\"},\"potentialAction\":[{\"@type\":\"SearchAction\",\"target\":{\"@type\":\"EntryPoint\",\"urlTemplate\":\"https:\\\/\\\/repliquemangacine.fr\\\/?s={search_term_string}\"},\"query-input\":{\"@type\":\"PropertyValueSpecification\",\"valueRequired\":true,\"valueName\":\"search_term_string\"}}],\"inLanguage\":\"it-IT\"},{\"@type\":\"Organization\",\"@id\":\"https:\\\/\\\/repliquemangacine.fr\\\/#organization\",\"name\":\"R\u00e9plique Manga Cin\u00e9\",\"url\":\"https:\\\/\\\/repliquemangacine.fr\\\/\",\"logo\":{\"@type\":\"ImageObject\",\"inLanguage\":\"it-IT\",\"@id\":\"https:\\\/\\\/repliquemangacine.fr\\\/#\\\/schema\\\/logo\\\/image\\\/\",\"url\":\"https:\\\/\\\/repliquemangacine.fr\\\/wp-content\\\/uploads\\\/2023\\\/10\\\/RMC-500250.png\",\"contentUrl\":\"https:\\\/\\\/repliquemangacine.fr\\\/wp-content\\\/uploads\\\/2023\\\/10\\\/RMC-500250.png\",\"width\":500,\"height\":250,\"caption\":\"R\u00e9plique Manga Cin\u00e9\"},\"image\":{\"@id\":\"https:\\\/\\\/repliquemangacine.fr\\\/#\\\/schema\\\/logo\\\/image\\\/\"},\"sameAs\":[\"https:\\\/\\\/www.facebook.com\\\/RepliqueMangaCine\",\"https:\\\/\\\/www.instagram.com\\\/repliquemangacine.fr\\\/\"]}]}<\/script>\n<!-- \/ Yoast SEO plugin. -->","yoast_head_json":{"title":"Armatura Lannister 60 cm - Game of Thrones - R\u00e9plique Manga Cin\u00e9","description":"Splendida replica in formato mini dell'armatura Lannister da 60 cm. Tutta in metallo rivestito in ottone. Cinghie di cuoio. Consegnata con il suo supporto.","robots":{"index":"index","follow":"follow","max-snippet":"max-snippet:-1","max-image-preview":"max-image-preview:large","max-video-preview":"max-video-preview:-1"},"canonical":"https:\/\/repliquemangacine.fr\/it\/game-of-thrones-collezionismo-e-curiosita\/armatura-lannister-60cm-game-of-thrones\/","og_locale":"it_IT","og_type":"article","og_title":"Armure Lannister 60cm - Game of Thrones - R\u00e9plique Manga Cin\u00e9","og_description":"Superbe r\u00e9plique en taille mini de l' Armure Lannister 60cm. Tout en m\u00e9tal recouvert de laiton. Les bandelettes sont en cuir. Livr\u00e9 avec son support.","og_url":"https:\/\/repliquemangacine.fr\/it\/game-of-thrones-collezionismo-e-curiosita\/armatura-lannister-60cm-game-of-thrones\/","og_site_name":"R\u00e9plique Manga Cin\u00e9","article_publisher":"https:\/\/www.facebook.com\/RepliqueMangaCine","article_modified_time":"2025-09-23T16:02:49+00:00","og_image":[{"width":500,"height":500,"url":"https:\/\/repliquemangacine.fr\/wp-content\/uploads\/2023\/10\/Armure-60cm-GOT.jpg","type":"image\/jpeg"}],"twitter_card":"summary_large_image","twitter_misc":{"Tempo di lettura stimato":"2 minuti"},"schema":{"@context":"https:\/\/schema.org","@graph":[{"@type":"WebPage","@id":"https:\/\/repliquemangacine.fr\/de\/sammlerstucke-und-game-of-thrones-goodies\/lannister-rustung-60cm-game-of-thrones\/","url":"https:\/\/repliquemangacine.fr\/de\/sammlerstucke-und-game-of-thrones-goodies\/lannister-rustung-60cm-game-of-thrones\/","name":"Armatura Lannister 60 cm - Game of Thrones - R\u00e9plique Manga Cin\u00e9","isPartOf":{"@id":"https:\/\/repliquemangacine.fr\/#website"},"primaryImageOfPage":{"@id":"https:\/\/repliquemangacine.fr\/de\/sammlerstucke-und-game-of-thrones-goodies\/lannister-rustung-60cm-game-of-thrones\/#primaryimage"},"image":{"@id":"https:\/\/repliquemangacine.fr\/de\/sammlerstucke-und-game-of-thrones-goodies\/lannister-rustung-60cm-game-of-thrones\/#primaryimage"},"thumbnailUrl":"https:\/\/repliquemangacine.fr\/wp-content\/uploads\/2023\/10\/Armure-60cm-GOT.jpg","datePublished":"2022-08-19T11:58:31+00:00","dateModified":"2025-09-23T16:02:49+00:00","description":"Splendida replica in formato mini dell'armatura Lannister da 60 cm. Tutta in metallo rivestito in ottone. Cinghie di cuoio. Consegnata con il suo supporto.","breadcrumb":{"@id":"https:\/\/repliquemangacine.fr\/de\/sammlerstucke-und-game-of-thrones-goodies\/lannister-rustung-60cm-game-of-thrones\/#breadcrumb"},"inLanguage":"it-IT","potentialAction":[{"@type":"ReadAction","target":["https:\/\/repliquemangacine.fr\/de\/sammlerstucke-und-game-of-thrones-goodies\/lannister-rustung-60cm-game-of-thrones\/"]}]},{"@type":"ImageObject","inLanguage":"it-IT","@id":"https:\/\/repliquemangacine.fr\/de\/sammlerstucke-und-game-of-thrones-goodies\/lannister-rustung-60cm-game-of-thrones\/#primaryimage","url":"https:\/\/repliquemangacine.fr\/wp-content\/uploads\/2023\/10\/Armure-60cm-GOT.jpg","contentUrl":"https:\/\/repliquemangacine.fr\/wp-content\/uploads\/2023\/10\/Armure-60cm-GOT.jpg","width":500,"height":500,"caption":"Armure Lannister 60cm compl\u00e8te"},{"@type":"BreadcrumbList","@id":"https:\/\/repliquemangacine.fr\/de\/sammlerstucke-und-game-of-thrones-goodies\/lannister-rustung-60cm-game-of-thrones\/#breadcrumb","itemListElement":[{"@type":"ListItem","position":1,"name":"Accueil","item":"https:\/\/repliquemangacine.fr\/"},{"@type":"ListItem","position":2,"name":"Produits","item":"https:\/\/repliquemangacine.fr\/boutique\/"},{"@type":"ListItem","position":3,"name":"Armure Lannister 60cm"}]},{"@type":"WebSite","@id":"https:\/\/repliquemangacine.fr\/#website","url":"https:\/\/repliquemangacine.fr\/","name":"R\u00e9plique Manga Cin\u00e9","description":"","publisher":{"@id":"https:\/\/repliquemangacine.fr\/#organization"},"potentialAction":[{"@type":"SearchAction","target":{"@type":"EntryPoint","urlTemplate":"https:\/\/repliquemangacine.fr\/?s={search_term_string}"},"query-input":{"@type":"PropertyValueSpecification","valueRequired":true,"valueName":"search_term_string"}}],"inLanguage":"it-IT"},{"@type":"Organization","@id":"https:\/\/repliquemangacine.fr\/#organization","name":"R\u00e9plique Manga Cin\u00e9","url":"https:\/\/repliquemangacine.fr\/","logo":{"@type":"ImageObject","inLanguage":"it-IT","@id":"https:\/\/repliquemangacine.fr\/#\/schema\/logo\/image\/","url":"https:\/\/repliquemangacine.fr\/wp-content\/uploads\/2023\/10\/RMC-500250.png","contentUrl":"https:\/\/repliquemangacine.fr\/wp-content\/uploads\/2023\/10\/RMC-500250.png","width":500,"height":250,"caption":"R\u00e9plique Manga Cin\u00e9"},"image":{"@id":"https:\/\/repliquemangacine.fr\/#\/schema\/logo\/image\/"},"sameAs":["https:\/\/www.facebook.com\/RepliqueMangaCine","https:\/\/www.instagram.com\/repliquemangacine.fr\/"]}]}},"_links":{"self":[{"href":"https:\/\/repliquemangacine.fr\/it\/wp-json\/wp\/v2\/product\/52588","targetHints":{"allow":["GET"]}}],"collection":[{"href":"https:\/\/repliquemangacine.fr\/it\/wp-json\/wp\/v2\/product"}],"about":[{"href":"https:\/\/repliquemangacine.fr\/it\/wp-json\/wp\/v2\/types\/product"}],"wp:featuredmedia":[{"embeddable":true,"href":"https:\/\/repliquemangacine.fr\/it\/wp-json\/wp\/v2\/media\/52589"}],"wp:attachment":[{"href":"https:\/\/repliquemangacine.fr\/it\/wp-json\/wp\/v2\/media?parent=52588"}],"wp:term":[{"taxonomy":"product_brand","embeddable":true,"href":"https:\/\/repliquemangacine.fr\/it\/wp-json\/wp\/v2\/product_brand?post=52588"},{"taxonomy":"product_cat","embeddable":true,"href":"https:\/\/repliquemangacine.fr\/it\/wp-json\/wp\/v2\/product_cat?post=52588"},{"taxonomy":"product_tag","embeddable":true,"href":"https:\/\/repliquemangacine.fr\/it\/wp-json\/wp\/v2\/product_tag?post=52588"}],"curies":[{"name":"wp","href":"https:\/\/api.w.org\/{rel}","templated":true}]}}