





{"id":52573,"date":"2022-08-18T19:16:18","date_gmt":"2022-08-18T17:16:18","guid":{"rendered":"https:\/\/repliquemangacine.fr\/?post_type=product&#038;p=52573"},"modified":"2026-02-18T10:55:28","modified_gmt":"2026-02-18T09:55:28","slug":"katana-forge-bill-fudoshin","status":"publish","type":"product","link":"https:\/\/repliquemangacine.fr\/it\/katana-kill-bill\/katana-forge-bill-fudoshin\/","title":{"rendered":"Bill Fudoshin ha forgiato una katana"},"content":{"rendered":"<h2>Katana forgiata da Bill Fudoshin in Kill Bill.<\/h2>\n<p>Per cominciare, il <strong>Bill Fudoshin ha forgiato una katana<\/strong> \u00e8 forgiato dal Maestro <a href=\"https:\/\/www.nautiljon.com\/people\/hattori+hanzo.html\" target=\"_blank\" rel=\"noopener noreferrer\">Hattori Hanzo<\/a>. Bill \u00e8 l'antagonista della duologia \u201dKill Bill\u201c.<\/p>\n<p>\u00c8 il capo della Squadra di Assassinio della Vipera Mortale, conosciuto con il nome in codice di Incantatore di Serpenti. Bill era l'amante di Beatrix Kiddo e il padre di BB Kiddo. .<\/p>\n<p>Bill arriva senza preavviso alle prove del matrimonio di Beatrix alla Two Pines Wedding Chapel, promettendo di non interferire con la sua nuova vita. Quando Bill incontra il fidanzato di Beatrix, lei lo copre dicendo che \u00e8 suo padre. Bill augura buona fortuna a Kiddo mentre si sposta dal lato della sposa nella cappella nuziale.<\/p>\n<h2>La vostra Katana forgiata da Bill Fudoshin al miglior prezzo.<\/h2>\n<p>Vi proponiamo tutte le battute utilizzate nei film di Quentin Tarentino, Kill Bill.<\/p>\n<p>Innanzitutto,<\/p>\n<ul>\n<li>Le <a href=\"https:\/\/repliquemangacine.fr\/it\/uccidere-il-disegno-di-legge\/katana-forge-beatrix-kill-bill\/\">katana della sposa<\/a> in versione affilata con la sua lama Maru.<\/li>\n<li>C'\u00e8 anche il <a href=\"https:\/\/repliquemangacine.fr\/it\/uccidere-il-disegno-di-legge\/gemma-katana\/\">La katana di Bud<\/a> suo fratello, versione non tagliata.<\/li>\n<li>E molti altri da scoprire nel nostro negozio online!<\/li>\n<\/ul>\n<p>Ecco perch\u00e9 questa \u00e8 un'ottima idea regalo per tutti i fan dei film di Kill Bill.<\/p>\n<p>In conclusione, \u00e8 possibile utilizzare questo <strong>La katana forgiata di Bill Fudoshin<\/strong> per le vostre sfilate cosplay o serate a tema. Ma soprattutto, la spada di Bill \u00e8 anche un oggetto da collezione e un pezzo decorativo.<\/p>\n<h2>Come faccio a mantenere la lama della mia katana Kill Bill?<\/h2>\n<p>Le katane da collezione e decorative sono realizzate e assemblate in modo semplificato. Poich\u00e9 il loro uso \u00e8 decorativo, non hanno le caratteristiche di sicurezza richieste da una spada giapponese destinata all'allenamento.<\/p>\n<p>Tuttavia, il vostro <strong>La katana forgiata di Bill Fudoshin<\/strong> a una lama d'acciaio che deve essere curata per evitare che si danneggi nel tempo. Quando si espone la katana, gli amici saranno curiosi di vedere la lama e di toccarla. \u00c8 qui che bisogna fare attenzione, perch\u00e9 l'acidit\u00e0 delle dita \u00e8 molto dannosa per l'acciaio, indipendentemente dalla sua qualit\u00e0.<\/p>\n<p>Tuttavia, se ci\u00f2 dovesse accadere, niente panico: basta un panno inumidito con un po' d'olio per eliminare le impronte. In questo modo, la spada durer\u00e0 a lungo.<\/p>","protected":false},"excerpt":{"rendered":"<p>La Katana di Bill usata da David Carradine in Kill Bill.<\/p>\n<ul>\n<li>Lama da taglio in acciaio 1045 con incisione.<\/li>\n<li>Protezione in metallo.<\/li>\n<li>Manico rivestito con treccia di pelle nera.<\/li>\n<li>Coperchio di protezione.<\/li>\n<li>Certificato di autenticit\u00e0 Fudoshin.<\/li>\n<li>Etichetta firmata Hattori Hanzo.<\/li>\n<li>Lunghezza lama: 69 cm - Lunghezza totale: 102 cm - Peso: 1270 gr.<\/li>\n<\/ul>","protected":false},"featured_media":52574,"template":"","meta":[],"product_brand":[896],"product_cat":[66,24,26,38,71],"product_tag":[],"class_list":{"0":"post-52573","1":"product","2":"type-product","3":"status-publish","4":"has-post-thumbnail","6":"product_brand-replique-manga-cine","7":"product_cat-repliques-d-armes-films-et-series","8":"product_cat-films-series-tv-vente-de-katana-epee-et-produits-derives","9":"product_cat-katana-epee","10":"product_cat-katana-forge","11":"product_cat-katana-kill-bill","13":"first","14":"instock","15":"taxable","16":"shipping-taxable","17":"purchasable","18":"product-type-simple"},"yoast_head":"<!-- This site is optimized with the Yoast SEO plugin v27.4 - https:\/\/yoast.com\/product\/yoast-seo-wordpress\/ -->\n<title>Katana forg\u00e9 Bill Fudoshin - Katana Kill Bill - R\u00e9plique Manga Cin\u00e9<\/title>\n<meta name=\"description\" content=\"Offrez-vous le Katana forg\u00e9 Bill Fudoshin dans le film Kill Bill au meilleur prix. Lame tranchante en acier Maru - Fourreau laqu\u00e9 grav\u00e9 - 102 cm\" \/>\n<meta name=\"robots\" content=\"index, follow, max-snippet:-1, max-image-preview:large, max-video-preview:-1\" \/>\n<link rel=\"canonical\" href=\"https:\/\/repliquemangacine.fr\/it\/katana-kill-bill\/katana-forge-bill-fudoshin\/\" \/>\n<meta property=\"og:locale\" content=\"it_IT\" \/>\n<meta property=\"og:type\" content=\"article\" \/>\n<meta property=\"og:title\" content=\"Katana forg\u00e9 Bill Fudoshin - Katana Kill Bill - R\u00e9plique Manga Cin\u00e9\" \/>\n<meta property=\"og:description\" content=\"Offrez-vous le Katana forg\u00e9 Bill Fudoshin dans le film Kill Bill au meilleur prix. Lame tranchante en acier Maru - Fourreau laqu\u00e9 grav\u00e9 - 102 cm\" \/>\n<meta property=\"og:url\" content=\"https:\/\/repliquemangacine.fr\/it\/katana-kill-bill\/katana-forge-bill-fudoshin\/\" \/>\n<meta property=\"og:site_name\" content=\"R\u00e9plique Manga Cin\u00e9\" \/>\n<meta property=\"article:publisher\" content=\"https:\/\/www.facebook.com\/RepliqueMangaCine\" \/>\n<meta property=\"article:modified_time\" content=\"2026-02-18T09:55:28+00:00\" \/>\n<meta property=\"og:image\" content=\"https:\/\/repliquemangacine.fr\/wp-content\/uploads\/2023\/10\/k320b.png\" \/>\n\t<meta property=\"og:image:width\" content=\"500\" \/>\n\t<meta property=\"og:image:height\" content=\"500\" \/>\n\t<meta property=\"og:image:type\" content=\"image\/png\" \/>\n<meta name=\"twitter:card\" content=\"summary_large_image\" \/>\n<meta name=\"twitter:label1\" content=\"Tempo di lettura stimato\" \/>\n\t<meta name=\"twitter:data1\" content=\"2 minuti\" \/>\n<script type=\"application\/ld+json\" class=\"yoast-schema-graph\">{\"@context\":\"https:\\\/\\\/schema.org\",\"@graph\":[{\"@type\":\"WebPage\",\"@id\":\"https:\\\/\\\/repliquemangacine.fr\\\/katana-kill-bill\\\/katana-forge-bill-fudoshin\\\/\",\"url\":\"https:\\\/\\\/repliquemangacine.fr\\\/katana-kill-bill\\\/katana-forge-bill-fudoshin\\\/\",\"name\":\"Katana forg\u00e9 Bill Fudoshin - Katana Kill Bill - R\u00e9plique Manga Cin\u00e9\",\"isPartOf\":{\"@id\":\"https:\\\/\\\/repliquemangacine.fr\\\/#website\"},\"primaryImageOfPage\":{\"@id\":\"https:\\\/\\\/repliquemangacine.fr\\\/katana-kill-bill\\\/katana-forge-bill-fudoshin\\\/#primaryimage\"},\"image\":{\"@id\":\"https:\\\/\\\/repliquemangacine.fr\\\/katana-kill-bill\\\/katana-forge-bill-fudoshin\\\/#primaryimage\"},\"thumbnailUrl\":\"https:\\\/\\\/repliquemangacine.fr\\\/wp-content\\\/uploads\\\/2023\\\/10\\\/k320b.png\",\"datePublished\":\"2022-08-18T17:16:18+00:00\",\"dateModified\":\"2026-02-18T09:55:28+00:00\",\"description\":\"Offrez-vous le Katana forg\u00e9 Bill Fudoshin dans le film Kill Bill au meilleur prix. Lame tranchante en acier Maru - Fourreau laqu\u00e9 grav\u00e9 - 102 cm\",\"breadcrumb\":{\"@id\":\"https:\\\/\\\/repliquemangacine.fr\\\/katana-kill-bill\\\/katana-forge-bill-fudoshin\\\/#breadcrumb\"},\"inLanguage\":\"it-IT\",\"potentialAction\":[{\"@type\":\"ReadAction\",\"target\":[\"https:\\\/\\\/repliquemangacine.fr\\\/katana-kill-bill\\\/katana-forge-bill-fudoshin\\\/\"]}]},{\"@type\":\"ImageObject\",\"inLanguage\":\"it-IT\",\"@id\":\"https:\\\/\\\/repliquemangacine.fr\\\/katana-kill-bill\\\/katana-forge-bill-fudoshin\\\/#primaryimage\",\"url\":\"https:\\\/\\\/repliquemangacine.fr\\\/wp-content\\\/uploads\\\/2023\\\/10\\\/k320b.png\",\"contentUrl\":\"https:\\\/\\\/repliquemangacine.fr\\\/wp-content\\\/uploads\\\/2023\\\/10\\\/k320b.png\",\"width\":500,\"height\":500,\"caption\":\"Katana forg\u00e9 Bill Fudoshin dans kill bill\"},{\"@type\":\"BreadcrumbList\",\"@id\":\"https:\\\/\\\/repliquemangacine.fr\\\/katana-kill-bill\\\/katana-forge-bill-fudoshin\\\/#breadcrumb\",\"itemListElement\":[{\"@type\":\"ListItem\",\"position\":1,\"name\":\"Accueil\",\"item\":\"https:\\\/\\\/repliquemangacine.fr\\\/\"},{\"@type\":\"ListItem\",\"position\":2,\"name\":\"Produits\",\"item\":\"https:\\\/\\\/repliquemangacine.fr\\\/boutique\\\/\"},{\"@type\":\"ListItem\",\"position\":3,\"name\":\"Katana forg\u00e9 Bill Fudoshin\"}]},{\"@type\":\"WebSite\",\"@id\":\"https:\\\/\\\/repliquemangacine.fr\\\/#website\",\"url\":\"https:\\\/\\\/repliquemangacine.fr\\\/\",\"name\":\"R\u00e9plique Manga Cin\u00e9\",\"description\":\"\",\"publisher\":{\"@id\":\"https:\\\/\\\/repliquemangacine.fr\\\/#organization\"},\"potentialAction\":[{\"@type\":\"SearchAction\",\"target\":{\"@type\":\"EntryPoint\",\"urlTemplate\":\"https:\\\/\\\/repliquemangacine.fr\\\/?s={search_term_string}\"},\"query-input\":{\"@type\":\"PropertyValueSpecification\",\"valueRequired\":true,\"valueName\":\"search_term_string\"}}],\"inLanguage\":\"it-IT\"},{\"@type\":\"Organization\",\"@id\":\"https:\\\/\\\/repliquemangacine.fr\\\/#organization\",\"name\":\"R\u00e9plique Manga Cin\u00e9\",\"url\":\"https:\\\/\\\/repliquemangacine.fr\\\/\",\"logo\":{\"@type\":\"ImageObject\",\"inLanguage\":\"it-IT\",\"@id\":\"https:\\\/\\\/repliquemangacine.fr\\\/#\\\/schema\\\/logo\\\/image\\\/\",\"url\":\"https:\\\/\\\/repliquemangacine.fr\\\/wp-content\\\/uploads\\\/2023\\\/10\\\/RMC-500250.png\",\"contentUrl\":\"https:\\\/\\\/repliquemangacine.fr\\\/wp-content\\\/uploads\\\/2023\\\/10\\\/RMC-500250.png\",\"width\":500,\"height\":250,\"caption\":\"R\u00e9plique Manga Cin\u00e9\"},\"image\":{\"@id\":\"https:\\\/\\\/repliquemangacine.fr\\\/#\\\/schema\\\/logo\\\/image\\\/\"},\"sameAs\":[\"https:\\\/\\\/www.facebook.com\\\/RepliqueMangaCine\",\"https:\\\/\\\/www.instagram.com\\\/repliquemangacine.fr\\\/\"]}]}<\/script>\n<!-- \/ Yoast SEO plugin. -->","yoast_head_json":{"title":"Katana forgiata Bill Fudoshin - Katana Kill Bill - R\u00e9plique Manga Cin\u00e9","description":"Regalatevi la Katana forgiata Bill Fudoshin del film Kill Bill al miglior prezzo. Lama da taglio in acciaio Maru - Fodero laccato inciso - 102 cm","robots":{"index":"index","follow":"follow","max-snippet":"max-snippet:-1","max-image-preview":"max-image-preview:large","max-video-preview":"max-video-preview:-1"},"canonical":"https:\/\/repliquemangacine.fr\/it\/katana-kill-bill\/katana-forge-bill-fudoshin\/","og_locale":"it_IT","og_type":"article","og_title":"Katana forg\u00e9 Bill Fudoshin - Katana Kill Bill - R\u00e9plique Manga Cin\u00e9","og_description":"Offrez-vous le Katana forg\u00e9 Bill Fudoshin dans le film Kill Bill au meilleur prix. Lame tranchante en acier Maru - Fourreau laqu\u00e9 grav\u00e9 - 102 cm","og_url":"https:\/\/repliquemangacine.fr\/it\/katana-kill-bill\/katana-forge-bill-fudoshin\/","og_site_name":"R\u00e9plique Manga Cin\u00e9","article_publisher":"https:\/\/www.facebook.com\/RepliqueMangaCine","article_modified_time":"2026-02-18T09:55:28+00:00","og_image":[{"width":500,"height":500,"url":"https:\/\/repliquemangacine.fr\/wp-content\/uploads\/2023\/10\/k320b.png","type":"image\/png"}],"twitter_card":"summary_large_image","twitter_misc":{"Tempo di lettura stimato":"2 minuti"},"schema":{"@context":"https:\/\/schema.org","@graph":[{"@type":"WebPage","@id":"https:\/\/repliquemangacine.fr\/katana-kill-bill\/katana-forge-bill-fudoshin\/","url":"https:\/\/repliquemangacine.fr\/katana-kill-bill\/katana-forge-bill-fudoshin\/","name":"Katana forgiata Bill Fudoshin - Katana Kill Bill - R\u00e9plique Manga Cin\u00e9","isPartOf":{"@id":"https:\/\/repliquemangacine.fr\/#website"},"primaryImageOfPage":{"@id":"https:\/\/repliquemangacine.fr\/katana-kill-bill\/katana-forge-bill-fudoshin\/#primaryimage"},"image":{"@id":"https:\/\/repliquemangacine.fr\/katana-kill-bill\/katana-forge-bill-fudoshin\/#primaryimage"},"thumbnailUrl":"https:\/\/repliquemangacine.fr\/wp-content\/uploads\/2023\/10\/k320b.png","datePublished":"2022-08-18T17:16:18+00:00","dateModified":"2026-02-18T09:55:28+00:00","description":"Regalatevi la Katana forgiata Bill Fudoshin del film Kill Bill al miglior prezzo. Lama da taglio in acciaio Maru - Fodero laccato inciso - 102 cm","breadcrumb":{"@id":"https:\/\/repliquemangacine.fr\/katana-kill-bill\/katana-forge-bill-fudoshin\/#breadcrumb"},"inLanguage":"it-IT","potentialAction":[{"@type":"ReadAction","target":["https:\/\/repliquemangacine.fr\/katana-kill-bill\/katana-forge-bill-fudoshin\/"]}]},{"@type":"ImageObject","inLanguage":"it-IT","@id":"https:\/\/repliquemangacine.fr\/katana-kill-bill\/katana-forge-bill-fudoshin\/#primaryimage","url":"https:\/\/repliquemangacine.fr\/wp-content\/uploads\/2023\/10\/k320b.png","contentUrl":"https:\/\/repliquemangacine.fr\/wp-content\/uploads\/2023\/10\/k320b.png","width":500,"height":500,"caption":"Katana forg\u00e9 Bill Fudoshin dans kill bill"},{"@type":"BreadcrumbList","@id":"https:\/\/repliquemangacine.fr\/katana-kill-bill\/katana-forge-bill-fudoshin\/#breadcrumb","itemListElement":[{"@type":"ListItem","position":1,"name":"Accueil","item":"https:\/\/repliquemangacine.fr\/"},{"@type":"ListItem","position":2,"name":"Produits","item":"https:\/\/repliquemangacine.fr\/boutique\/"},{"@type":"ListItem","position":3,"name":"Katana forg\u00e9 Bill Fudoshin"}]},{"@type":"WebSite","@id":"https:\/\/repliquemangacine.fr\/#website","url":"https:\/\/repliquemangacine.fr\/","name":"R\u00e9plique Manga Cin\u00e9","description":"","publisher":{"@id":"https:\/\/repliquemangacine.fr\/#organization"},"potentialAction":[{"@type":"SearchAction","target":{"@type":"EntryPoint","urlTemplate":"https:\/\/repliquemangacine.fr\/?s={search_term_string}"},"query-input":{"@type":"PropertyValueSpecification","valueRequired":true,"valueName":"search_term_string"}}],"inLanguage":"it-IT"},{"@type":"Organization","@id":"https:\/\/repliquemangacine.fr\/#organization","name":"R\u00e9plique Manga Cin\u00e9","url":"https:\/\/repliquemangacine.fr\/","logo":{"@type":"ImageObject","inLanguage":"it-IT","@id":"https:\/\/repliquemangacine.fr\/#\/schema\/logo\/image\/","url":"https:\/\/repliquemangacine.fr\/wp-content\/uploads\/2023\/10\/RMC-500250.png","contentUrl":"https:\/\/repliquemangacine.fr\/wp-content\/uploads\/2023\/10\/RMC-500250.png","width":500,"height":250,"caption":"R\u00e9plique Manga Cin\u00e9"},"image":{"@id":"https:\/\/repliquemangacine.fr\/#\/schema\/logo\/image\/"},"sameAs":["https:\/\/www.facebook.com\/RepliqueMangaCine","https:\/\/www.instagram.com\/repliquemangacine.fr\/"]}]}},"_links":{"self":[{"href":"https:\/\/repliquemangacine.fr\/it\/wp-json\/wp\/v2\/product\/52573","targetHints":{"allow":["GET"]}}],"collection":[{"href":"https:\/\/repliquemangacine.fr\/it\/wp-json\/wp\/v2\/product"}],"about":[{"href":"https:\/\/repliquemangacine.fr\/it\/wp-json\/wp\/v2\/types\/product"}],"wp:featuredmedia":[{"embeddable":true,"href":"https:\/\/repliquemangacine.fr\/it\/wp-json\/wp\/v2\/media\/52574"}],"wp:attachment":[{"href":"https:\/\/repliquemangacine.fr\/it\/wp-json\/wp\/v2\/media?parent=52573"}],"wp:term":[{"taxonomy":"product_brand","embeddable":true,"href":"https:\/\/repliquemangacine.fr\/it\/wp-json\/wp\/v2\/product_brand?post=52573"},{"taxonomy":"product_cat","embeddable":true,"href":"https:\/\/repliquemangacine.fr\/it\/wp-json\/wp\/v2\/product_cat?post=52573"},{"taxonomy":"product_tag","embeddable":true,"href":"https:\/\/repliquemangacine.fr\/it\/wp-json\/wp\/v2\/product_tag?post=52573"}],"curies":[{"name":"wp","href":"https:\/\/api.w.org\/{rel}","templated":true}]}}