





{"id":52488,"date":"2022-08-16T16:00:17","date_gmt":"2022-08-16T14:00:17","guid":{"rendered":"https:\/\/repliquemangacine.fr\/?post_type=product&#038;p=52488"},"modified":"2026-04-15T07:40:29","modified_gmt":"2026-04-15T05:40:29","slug":"spada-valorosa-di-narnia","status":"publish","type":"product","link":"https:\/\/repliquemangacine.fr\/it\/katana-les-epees-de-films-et-series\/epee-vaillante-narnia\/","title":{"rendered":"La spada di Valiant Narnia"},"content":{"rendered":"<h2>La Spada Valorosa in Narnia usata da Peter.<\/h2>\n<p>Per cominciare, il<strong>La spada valorosa a Narnia<\/strong> \u00e8 identico a quello usato da Peter nel film.<\/p>\n<p><a href=\"https:\/\/narnia.fandom.com\/fr\/wiki\/Vaillante\" target=\"_blank\" rel=\"noopener noreferrer\">Valiant<\/a> \u00e8 la spada dell'Alto Re Peter Pevensie del Regno di Narnia. Viene regalata da Babbo Natale poco prima della fine del Lungo Inverno, insieme a uno scudo. Si dice che abbia un'elsa d'oro.<\/p>\n<p>La prima volta che Pietro us\u00f2 questa spada fu quando il lupo Maugrim attacc\u00f2 le sue sorelle al Campo di Aslan. Peter combatt\u00e9 il lupo e riusc\u00ec a ucciderlo. In questa occasione, Pietro viene nominato cavaliere da Aslan. In seguito viene usata nella Prima Battaglia di Beruna e per breve tempo in un duello con Jadis.<\/p>\n<h2>La tua spada del valore a Narnia al miglior prezzo.<\/h2>\n<p>Vi riportiamo tutte le battute dei vostri personaggi preferiti nei film che vi hanno fatto sognare.<\/p>\n<p>Innanzitutto,<\/p>\n<ul>\n<li>L'<a href=\"https:\/\/repliquemangacine.fr\/it\/altri-film\/replique-epee-atlantean-conan-le-barbare\/\">Spada atlantidea<\/a> nel film Conan il barbaro, sia in versione replica che ufficiale.<\/li>\n<li>Cos\u00ec come il<a href=\"https:\/\/repliquemangacine.fr\/it\/altri-film\/replique-epee-atlantean-conan-le-barbare\/\">La spada di Blade<\/a> il Daywalker con la sua piastra per trasportarlo sulla schiena.<\/li>\n<li>E molti altri da scoprire nel nostro negozio online!<\/li>\n<\/ul>\n<p>Ecco quindi alcune ottime idee regalo per gli appassionati di cinema fantasy.<\/p>\n<p>In conclusione, \u00e8 possibile utilizzare questo <strong>La spada valorosa a Narnia<\/strong> per le vostre sfilate cosplay o serate a tema. Ma soprattutto, la spada di Peter \u00e8 anche un oggetto da collezione e un oggetto decorativo.<\/p>\n<h2>Come faccio a mantenere la lama della mia spada?<\/h2>\n<p>Le spade da collezione e decorative sono realizzate e assemblate in modo semplificato. Poich\u00e9 il loro uso \u00e8 decorativo, non hanno le caratteristiche di sicurezza richieste per una spada giapponese destinata all'allenamento.<\/p>\n<p>Tuttavia, il vostro <strong>La spada valorosa a Narnia<\/strong> a una lama d'acciaio che deve essere curata per evitare che si danneggi nel tempo. Quando si espone la katana, gli amici saranno curiosi di vedere la lama e di toccarla. \u00c8 qui che bisogna fare attenzione, perch\u00e9 l'acidit\u00e0 delle dita \u00e8 molto dannosa per l'acciaio, indipendentemente dalla sua qualit\u00e0.<\/p>\n<p>Tuttavia, se ci\u00f2 dovesse accadere, niente panico: basta un panno inumidito con un po' d'olio per eliminare le impronte. In questo modo, la spada durer\u00e0 a lungo.<\/p>","protected":false},"excerpt":{"rendered":"<p>Spada valorosa, usata da Peter nel Mondo di Narnia.<\/p>\n<ul>\n<li>Lama in acciaio 440 con incisione in oro.<\/li>\n<li>Manico rivestito in similpelle rossa.<\/li>\n<li>Pomello in acciaio a forma di testa di leone.<\/li>\n<li>Targa da parete decorata.<\/li>\n<li>Lunghezza lama: 91 cm - Lunghezza totale: 114 cm - Peso: 1,6 kg<\/li>\n<\/ul>","protected":false},"featured_media":52489,"template":"","meta":[],"product_brand":[896],"product_cat":[91,66,24],"product_tag":[],"class_list":{"0":"post-52488","1":"product","2":"type-product","3":"status-publish","4":"has-post-thumbnail","6":"product_brand-replique-manga-cine","7":"product_cat-katana-les-epees-de-films-et-series","8":"product_cat-repliques-d-armes-films-et-series","9":"product_cat-films-series-tv-vente-de-katana-epee-et-produits-derives","11":"first","12":"outofstock","13":"taxable","14":"shipping-taxable","15":"purchasable","16":"product-type-simple"},"yoast_head":"<!-- This site is optimized with the Yoast SEO plugin v27.4 - https:\/\/yoast.com\/product\/yoast-seo-wordpress\/ -->\n<title>Ep\u00e9e Vaillante dans Narnia - Vente en ligne - R\u00e9plique Manga Cin\u00e9<\/title>\n<meta name=\"description\" content=\"D\u00e9couvrez l&#039;Ep\u00e9e Vaillante dans Narnia au meilleur prix. Lame en acier 440 - Gravures - Pommeau acier t\u00eate de lion - Support - Longueur totale : 114 cm\" \/>\n<meta name=\"robots\" content=\"index, follow, max-snippet:-1, max-image-preview:large, max-video-preview:-1\" \/>\n<link rel=\"canonical\" href=\"https:\/\/repliquemangacine.fr\/it\/spade-katana-da-film-e-serie\/spada-valorosa-di-narnia\/\" \/>\n<meta property=\"og:locale\" content=\"it_IT\" \/>\n<meta property=\"og:type\" content=\"article\" \/>\n<meta property=\"og:title\" content=\"Ep\u00e9e Vaillante dans Narnia - Vente en ligne - R\u00e9plique Manga Cin\u00e9\" \/>\n<meta property=\"og:description\" content=\"D\u00e9couvrez l&#039;Ep\u00e9e Vaillante dans Narnia au meilleur prix. Lame en acier 440 - Gravures - Pommeau acier t\u00eate de lion - Support - Longueur totale : 114 cm\" \/>\n<meta property=\"og:url\" content=\"https:\/\/repliquemangacine.fr\/it\/spade-katana-da-film-e-serie\/spada-valorosa-di-narnia\/\" \/>\n<meta property=\"og:site_name\" content=\"R\u00e9plique Manga Cin\u00e9\" \/>\n<meta property=\"article:publisher\" content=\"https:\/\/www.facebook.com\/RepliqueMangaCine\" \/>\n<meta property=\"article:modified_time\" content=\"2026-04-15T05:40:29+00:00\" \/>\n<meta property=\"og:image\" content=\"https:\/\/repliquemangacine.fr\/wp-content\/uploads\/2023\/10\/epee-narnia.jpg\" \/>\n\t<meta property=\"og:image:width\" content=\"500\" \/>\n\t<meta property=\"og:image:height\" content=\"500\" \/>\n\t<meta property=\"og:image:type\" content=\"image\/jpeg\" \/>\n<meta name=\"twitter:card\" content=\"summary_large_image\" \/>\n<meta name=\"twitter:label1\" content=\"Tempo di lettura stimato\" \/>\n\t<meta name=\"twitter:data1\" content=\"2 minuti\" \/>\n<script type=\"application\/ld+json\" class=\"yoast-schema-graph\">{\"@context\":\"https:\\\/\\\/schema.org\",\"@graph\":[{\"@type\":\"WebPage\",\"@id\":\"https:\\\/\\\/repliquemangacine.fr\\\/katana-les-epees-de-films-et-series\\\/epee-vaillante-narnia\\\/\",\"url\":\"https:\\\/\\\/repliquemangacine.fr\\\/katana-les-epees-de-films-et-series\\\/epee-vaillante-narnia\\\/\",\"name\":\"Ep\u00e9e Vaillante dans Narnia - Vente en ligne - R\u00e9plique Manga Cin\u00e9\",\"isPartOf\":{\"@id\":\"https:\\\/\\\/repliquemangacine.fr\\\/#website\"},\"primaryImageOfPage\":{\"@id\":\"https:\\\/\\\/repliquemangacine.fr\\\/katana-les-epees-de-films-et-series\\\/epee-vaillante-narnia\\\/#primaryimage\"},\"image\":{\"@id\":\"https:\\\/\\\/repliquemangacine.fr\\\/katana-les-epees-de-films-et-series\\\/epee-vaillante-narnia\\\/#primaryimage\"},\"thumbnailUrl\":\"https:\\\/\\\/repliquemangacine.fr\\\/wp-content\\\/uploads\\\/2023\\\/10\\\/epee-narnia.jpg\",\"datePublished\":\"2022-08-16T14:00:17+00:00\",\"dateModified\":\"2026-04-15T05:40:29+00:00\",\"description\":\"D\u00e9couvrez l'Ep\u00e9e Vaillante dans Narnia au meilleur prix. Lame en acier 440 - Gravures - Pommeau acier t\u00eate de lion - Support - Longueur totale : 114 cm\",\"breadcrumb\":{\"@id\":\"https:\\\/\\\/repliquemangacine.fr\\\/katana-les-epees-de-films-et-series\\\/epee-vaillante-narnia\\\/#breadcrumb\"},\"inLanguage\":\"it-IT\",\"potentialAction\":[{\"@type\":\"ReadAction\",\"target\":[\"https:\\\/\\\/repliquemangacine.fr\\\/katana-les-epees-de-films-et-series\\\/epee-vaillante-narnia\\\/\"]}]},{\"@type\":\"ImageObject\",\"inLanguage\":\"it-IT\",\"@id\":\"https:\\\/\\\/repliquemangacine.fr\\\/katana-les-epees-de-films-et-series\\\/epee-vaillante-narnia\\\/#primaryimage\",\"url\":\"https:\\\/\\\/repliquemangacine.fr\\\/wp-content\\\/uploads\\\/2023\\\/10\\\/epee-narnia.jpg\",\"contentUrl\":\"https:\\\/\\\/repliquemangacine.fr\\\/wp-content\\\/uploads\\\/2023\\\/10\\\/epee-narnia.jpg\",\"width\":500,\"height\":500,\"caption\":\"Ep\u00e9e Vaillante dans Narnia\"},{\"@type\":\"BreadcrumbList\",\"@id\":\"https:\\\/\\\/repliquemangacine.fr\\\/katana-les-epees-de-films-et-series\\\/epee-vaillante-narnia\\\/#breadcrumb\",\"itemListElement\":[{\"@type\":\"ListItem\",\"position\":1,\"name\":\"Accueil\",\"item\":\"https:\\\/\\\/repliquemangacine.fr\\\/\"},{\"@type\":\"ListItem\",\"position\":2,\"name\":\"Produits\",\"item\":\"https:\\\/\\\/repliquemangacine.fr\\\/boutique\\\/\"},{\"@type\":\"ListItem\",\"position\":3,\"name\":\"Ep\u00e9e Vaillante Narnia\"}]},{\"@type\":\"WebSite\",\"@id\":\"https:\\\/\\\/repliquemangacine.fr\\\/#website\",\"url\":\"https:\\\/\\\/repliquemangacine.fr\\\/\",\"name\":\"R\u00e9plique Manga Cin\u00e9\",\"description\":\"\",\"publisher\":{\"@id\":\"https:\\\/\\\/repliquemangacine.fr\\\/#organization\"},\"potentialAction\":[{\"@type\":\"SearchAction\",\"target\":{\"@type\":\"EntryPoint\",\"urlTemplate\":\"https:\\\/\\\/repliquemangacine.fr\\\/?s={search_term_string}\"},\"query-input\":{\"@type\":\"PropertyValueSpecification\",\"valueRequired\":true,\"valueName\":\"search_term_string\"}}],\"inLanguage\":\"it-IT\"},{\"@type\":\"Organization\",\"@id\":\"https:\\\/\\\/repliquemangacine.fr\\\/#organization\",\"name\":\"R\u00e9plique Manga Cin\u00e9\",\"url\":\"https:\\\/\\\/repliquemangacine.fr\\\/\",\"logo\":{\"@type\":\"ImageObject\",\"inLanguage\":\"it-IT\",\"@id\":\"https:\\\/\\\/repliquemangacine.fr\\\/#\\\/schema\\\/logo\\\/image\\\/\",\"url\":\"https:\\\/\\\/repliquemangacine.fr\\\/wp-content\\\/uploads\\\/2023\\\/10\\\/RMC-500250.png\",\"contentUrl\":\"https:\\\/\\\/repliquemangacine.fr\\\/wp-content\\\/uploads\\\/2023\\\/10\\\/RMC-500250.png\",\"width\":500,\"height\":250,\"caption\":\"R\u00e9plique Manga Cin\u00e9\"},\"image\":{\"@id\":\"https:\\\/\\\/repliquemangacine.fr\\\/#\\\/schema\\\/logo\\\/image\\\/\"},\"sameAs\":[\"https:\\\/\\\/www.facebook.com\\\/RepliqueMangaCine\",\"https:\\\/\\\/www.instagram.com\\\/repliquemangacine.fr\\\/\"]}]}<\/script>\n<!-- \/ Yoast SEO plugin. -->","yoast_head_json":{"title":"Valiant Sword in Narnia - Acquista online - R\u00e9plique Manga Cin\u00e9","description":"Scopri la spada Valiant di Narnia al miglior prezzo. Lama in acciaio 440 - Incisioni - Pomo in acciaio a testa di leone - Supporto - Lunghezza totale: 114 cm","robots":{"index":"index","follow":"follow","max-snippet":"max-snippet:-1","max-image-preview":"max-image-preview:large","max-video-preview":"max-video-preview:-1"},"canonical":"https:\/\/repliquemangacine.fr\/it\/spade-katana-da-film-e-serie\/spada-valorosa-di-narnia\/","og_locale":"it_IT","og_type":"article","og_title":"Ep\u00e9e Vaillante dans Narnia - Vente en ligne - R\u00e9plique Manga Cin\u00e9","og_description":"D\u00e9couvrez l'Ep\u00e9e Vaillante dans Narnia au meilleur prix. Lame en acier 440 - Gravures - Pommeau acier t\u00eate de lion - Support - Longueur totale : 114 cm","og_url":"https:\/\/repliquemangacine.fr\/it\/spade-katana-da-film-e-serie\/spada-valorosa-di-narnia\/","og_site_name":"R\u00e9plique Manga Cin\u00e9","article_publisher":"https:\/\/www.facebook.com\/RepliqueMangaCine","article_modified_time":"2026-04-15T05:40:29+00:00","og_image":[{"width":500,"height":500,"url":"https:\/\/repliquemangacine.fr\/wp-content\/uploads\/2023\/10\/epee-narnia.jpg","type":"image\/jpeg"}],"twitter_card":"summary_large_image","twitter_misc":{"Tempo di lettura stimato":"2 minuti"},"schema":{"@context":"https:\/\/schema.org","@graph":[{"@type":"WebPage","@id":"https:\/\/repliquemangacine.fr\/katana-les-epees-de-films-et-series\/epee-vaillante-narnia\/","url":"https:\/\/repliquemangacine.fr\/katana-les-epees-de-films-et-series\/epee-vaillante-narnia\/","name":"Valiant Sword in Narnia - Acquista online - R\u00e9plique Manga Cin\u00e9","isPartOf":{"@id":"https:\/\/repliquemangacine.fr\/#website"},"primaryImageOfPage":{"@id":"https:\/\/repliquemangacine.fr\/katana-les-epees-de-films-et-series\/epee-vaillante-narnia\/#primaryimage"},"image":{"@id":"https:\/\/repliquemangacine.fr\/katana-les-epees-de-films-et-series\/epee-vaillante-narnia\/#primaryimage"},"thumbnailUrl":"https:\/\/repliquemangacine.fr\/wp-content\/uploads\/2023\/10\/epee-narnia.jpg","datePublished":"2022-08-16T14:00:17+00:00","dateModified":"2026-04-15T05:40:29+00:00","description":"Scopri la spada Valiant di Narnia al miglior prezzo. Lama in acciaio 440 - Incisioni - Pomo in acciaio a testa di leone - Supporto - Lunghezza totale: 114 cm","breadcrumb":{"@id":"https:\/\/repliquemangacine.fr\/katana-les-epees-de-films-et-series\/epee-vaillante-narnia\/#breadcrumb"},"inLanguage":"it-IT","potentialAction":[{"@type":"ReadAction","target":["https:\/\/repliquemangacine.fr\/katana-les-epees-de-films-et-series\/epee-vaillante-narnia\/"]}]},{"@type":"ImageObject","inLanguage":"it-IT","@id":"https:\/\/repliquemangacine.fr\/katana-les-epees-de-films-et-series\/epee-vaillante-narnia\/#primaryimage","url":"https:\/\/repliquemangacine.fr\/wp-content\/uploads\/2023\/10\/epee-narnia.jpg","contentUrl":"https:\/\/repliquemangacine.fr\/wp-content\/uploads\/2023\/10\/epee-narnia.jpg","width":500,"height":500,"caption":"Ep\u00e9e Vaillante dans Narnia"},{"@type":"BreadcrumbList","@id":"https:\/\/repliquemangacine.fr\/katana-les-epees-de-films-et-series\/epee-vaillante-narnia\/#breadcrumb","itemListElement":[{"@type":"ListItem","position":1,"name":"Accueil","item":"https:\/\/repliquemangacine.fr\/"},{"@type":"ListItem","position":2,"name":"Produits","item":"https:\/\/repliquemangacine.fr\/boutique\/"},{"@type":"ListItem","position":3,"name":"Ep\u00e9e Vaillante Narnia"}]},{"@type":"WebSite","@id":"https:\/\/repliquemangacine.fr\/#website","url":"https:\/\/repliquemangacine.fr\/","name":"R\u00e9plique Manga Cin\u00e9","description":"","publisher":{"@id":"https:\/\/repliquemangacine.fr\/#organization"},"potentialAction":[{"@type":"SearchAction","target":{"@type":"EntryPoint","urlTemplate":"https:\/\/repliquemangacine.fr\/?s={search_term_string}"},"query-input":{"@type":"PropertyValueSpecification","valueRequired":true,"valueName":"search_term_string"}}],"inLanguage":"it-IT"},{"@type":"Organization","@id":"https:\/\/repliquemangacine.fr\/#organization","name":"R\u00e9plique Manga Cin\u00e9","url":"https:\/\/repliquemangacine.fr\/","logo":{"@type":"ImageObject","inLanguage":"it-IT","@id":"https:\/\/repliquemangacine.fr\/#\/schema\/logo\/image\/","url":"https:\/\/repliquemangacine.fr\/wp-content\/uploads\/2023\/10\/RMC-500250.png","contentUrl":"https:\/\/repliquemangacine.fr\/wp-content\/uploads\/2023\/10\/RMC-500250.png","width":500,"height":250,"caption":"R\u00e9plique Manga Cin\u00e9"},"image":{"@id":"https:\/\/repliquemangacine.fr\/#\/schema\/logo\/image\/"},"sameAs":["https:\/\/www.facebook.com\/RepliqueMangaCine","https:\/\/www.instagram.com\/repliquemangacine.fr\/"]}]}},"_links":{"self":[{"href":"https:\/\/repliquemangacine.fr\/it\/wp-json\/wp\/v2\/product\/52488","targetHints":{"allow":["GET"]}}],"collection":[{"href":"https:\/\/repliquemangacine.fr\/it\/wp-json\/wp\/v2\/product"}],"about":[{"href":"https:\/\/repliquemangacine.fr\/it\/wp-json\/wp\/v2\/types\/product"}],"wp:featuredmedia":[{"embeddable":true,"href":"https:\/\/repliquemangacine.fr\/it\/wp-json\/wp\/v2\/media\/52489"}],"wp:attachment":[{"href":"https:\/\/repliquemangacine.fr\/it\/wp-json\/wp\/v2\/media?parent=52488"}],"wp:term":[{"taxonomy":"product_brand","embeddable":true,"href":"https:\/\/repliquemangacine.fr\/it\/wp-json\/wp\/v2\/product_brand?post=52488"},{"taxonomy":"product_cat","embeddable":true,"href":"https:\/\/repliquemangacine.fr\/it\/wp-json\/wp\/v2\/product_cat?post=52488"},{"taxonomy":"product_tag","embeddable":true,"href":"https:\/\/repliquemangacine.fr\/it\/wp-json\/wp\/v2\/product_tag?post=52488"}],"curies":[{"name":"wp","href":"https:\/\/api.w.org\/{rel}","templated":true}]}}