





{"id":52461,"date":"2022-08-15T18:27:18","date_gmt":"2022-08-15T16:27:18","guid":{"rendered":"https:\/\/repliquemangacine.fr\/?post_type=product&#038;p=52461"},"modified":"2026-01-24T23:06:32","modified_gmt":"2026-01-24T22:06:32","slug":"kunai-despace-time-minato","status":"publish","type":"product","link":"https:\/\/repliquemangacine.fr\/it\/kunai-et-shuriken-naruto\/kunai-despace-temps-minato\/","title":{"rendered":"Kunai Minato"},"content":{"rendered":"<h2>Kunai Minato, Naruto spazio-temporale.<\/h2>\n<p>Per cominciare, il <strong>Kunai Minato<\/strong> Lo spazio-tempo \u00e8 costituito da un unico pezzo con tre punti, proprio come nel manga animato Naruto.<\/p>\n<p><a href=\"https:\/\/naruto.fandom.com\/fr\/wiki\/Minato_Namikaze\" target=\"_blank\" rel=\"noopener noreferrer\">Minato Namikaze<\/a> soprannominato il \u2019Fulmine Giallo di Konoha\u00ab, il leggendario ninja che divenne il Quarto Hokage del villaggio di Konoha. I ninja dei villaggi nemici avevano l'ordine di fuggire se lo incontravano. \u00c8 il padre di Naruto Uzumaki. Oggi \u00e8 considerato una leggenda.<\/p>\n<p>Secondo Jiraya, Minato \u00e8 uno dei ninja pi\u00f9 talentuosi che il mondo abbia mai conosciuto, considerato il Figlio della Profezia, il \u00absalvatore del mondo\u00bb.<\/p>\n<p>Famoso per la sua tecnica spazio-temporale, il Dio del Tuono Volante, che gli permetteva di teletrasportarsi in qualsiasi luogo con un movimento minimo o nullo. Minato era in grado di farlo utilizzando i suoi kunai speciali.<\/p>\n<h2>Il vostro Kuna\u00ef Minato d'espace temps al miglior prezzo.<\/h2>\n<p>Vi proponiamo tutte le repliche dei vostri personaggi preferiti in questo manga animato Naruto.<\/p>\n<p>Innanzitutto,<\/p>\n<ul>\n<li>Le <a href=\"https:\/\/repliquemangacine.fr\/it\/naruto\/katana-sasuke-spada-kusanagi\/\">Katana Sasuke Uchiwa<\/a> che lui chiama spada Kusanagi.<\/li>\n<li>Cos\u00ec come il<a href=\"https:\/\/repliquemangacine.fr\/it\/naruto\/katana-kakashi-hatake-anbu-naruto\/\"> shirasaya<\/a> di Kakashi Hatake.<\/li>\n<li>E molti altri da scoprire nel nostro negozio online!<\/li>\n<\/ul>\n<p>Ecco quindi alcune fantastiche idee regalo per i fan di Naruto.<\/p>\n<p>In conclusione, \u00e8 possibile utilizzare questo <strong>Kunai Minato<\/strong> per trasportarvi alle parate cosplay o alle feste a tema. Ma soprattutto, lo Spacetime Kunai \u00e8 anche un oggetto da collezione e un oggetto decorativo.<\/p>\n<h2>Scoprite le nostre ultime novit\u00e0 Naruto a buon mercato.<\/h2>\n<p>Siamo sempre alla ricerca di novit\u00e0 e, per venire incontro alle vostre esigenze, abbiamo in serbo per voi alcune piccole chicche da scoprire nel prossimo futuro!<\/p>\n<p>Prima di tutto, avremo il piacere di presentarvi alcune statuette di Naruto e altre chicche. Nel frattempo, abbiamo questo grande Kunai di Naruto con il suo manico bianco.<\/p>\n<p>R\u00e9plique Manga Cin\u00e9 \u00e8 un'azienda familiare francese.<\/p>\n<p><strong>Si prega di notare che tutte le nostre repliche sono oggetti da collezione e decorazioni. Possono essere utilizzate per rievocazioni storiche, sfilate di cosplay o decorazioni di interni. Di conseguenza, non \u00e8 possibile andare in luoghi pubblici con queste repliche.<\/strong><\/p>","protected":false},"excerpt":{"rendered":"<p>Una replica superba e identica del Kunai spazio-temporale usato da Minato.<\/p>\n<ul>\n<li>Realizzato interamente in acciaio massiccio.<\/li>\n<li>Realizzato in un unico pezzo.<\/li>\n<li>Incisione del sigillo di Minato sull'impugnatura.<\/li>\n<li>Lunghezza totale: 22 cm<\/li>\n<\/ul>\n<p>Non c'\u00e8 il logo o il nome di Naruto sulla lama: \u00e8 esattamente uguale a quella del manga animato.<\/p>","protected":false},"featured_media":52462,"template":"","meta":[],"product_brand":[896],"product_cat":[108,23,42],"product_tag":[],"class_list":{"0":"post-52461","1":"product","2":"type-product","3":"status-publish","4":"has-post-thumbnail","6":"product_brand-replique-manga-cine","7":"product_cat-kunai-et-shuriken-naruto","8":"product_cat-repliques-manga-jeux-video","9":"product_cat-katana-goodies-naruto-kunai","11":"first","12":"instock","13":"taxable","14":"shipping-taxable","15":"purchasable","16":"product-type-simple"},"yoast_head":"<!-- This site is optimized with the Yoast SEO plugin v27.4 - https:\/\/yoast.com\/product\/yoast-seo-wordpress\/ -->\n<title>Kuna\u00ef Minato d&#039;espace temps - Naruto - Boutique en ligne - RMC<\/title>\n<meta name=\"description\" content=\"Commandez vite ! Ce Kuna\u00ef Minato espace temps dans Naruto au meilleur prix. Tout en acier d&#039;une seule pi\u00e8ce. Longueur totale : 22cm - Envoi 24\/48h\" \/>\n<meta name=\"robots\" content=\"index, follow, max-snippet:-1, max-image-preview:large, max-video-preview:-1\" \/>\n<link rel=\"canonical\" href=\"https:\/\/repliquemangacine.fr\/it\/naruto-kunai-e-shuriken\/kunai-despace-time-minato\/\" \/>\n<meta property=\"og:locale\" content=\"it_IT\" \/>\n<meta property=\"og:type\" content=\"article\" \/>\n<meta property=\"og:title\" content=\"Kuna\u00ef Minato d&#039;espace temps - Naruto - Boutique en ligne - RMC\" \/>\n<meta property=\"og:description\" content=\"Commandez vite ! Ce Kuna\u00ef Minato espace temps dans Naruto au meilleur prix. Tout en acier d&#039;une seule pi\u00e8ce. Longueur totale : 22cm - Envoi 24\/48h\" \/>\n<meta property=\"og:url\" content=\"https:\/\/repliquemangacine.fr\/it\/naruto-kunai-e-shuriken\/kunai-despace-time-minato\/\" \/>\n<meta property=\"og:site_name\" content=\"R\u00e9plique Manga Cin\u00e9\" \/>\n<meta property=\"article:publisher\" content=\"https:\/\/www.facebook.com\/RepliqueMangaCine\" \/>\n<meta property=\"article:modified_time\" content=\"2026-01-24T22:06:32+00:00\" \/>\n<meta property=\"og:image\" content=\"https:\/\/repliquemangacine.fr\/wp-content\/uploads\/2023\/10\/kunai-yondaime.png\" \/>\n\t<meta property=\"og:image:width\" content=\"500\" \/>\n\t<meta property=\"og:image:height\" content=\"500\" \/>\n\t<meta property=\"og:image:type\" content=\"image\/png\" \/>\n<meta name=\"twitter:card\" content=\"summary_large_image\" \/>\n<meta name=\"twitter:label1\" content=\"Tempo di lettura stimato\" \/>\n\t<meta name=\"twitter:data1\" content=\"2 minuti\" \/>\n<script type=\"application\/ld+json\" class=\"yoast-schema-graph\">{\"@context\":\"https:\\\/\\\/schema.org\",\"@graph\":[{\"@type\":\"WebPage\",\"@id\":\"https:\\\/\\\/repliquemangacine.fr\\\/kunai-et-shuriken-naruto\\\/kunai-despace-temps-minato\\\/\",\"url\":\"https:\\\/\\\/repliquemangacine.fr\\\/kunai-et-shuriken-naruto\\\/kunai-despace-temps-minato\\\/\",\"name\":\"Kuna\u00ef Minato d'espace temps - Naruto - Boutique en ligne - RMC\",\"isPartOf\":{\"@id\":\"https:\\\/\\\/repliquemangacine.fr\\\/#website\"},\"primaryImageOfPage\":{\"@id\":\"https:\\\/\\\/repliquemangacine.fr\\\/kunai-et-shuriken-naruto\\\/kunai-despace-temps-minato\\\/#primaryimage\"},\"image\":{\"@id\":\"https:\\\/\\\/repliquemangacine.fr\\\/kunai-et-shuriken-naruto\\\/kunai-despace-temps-minato\\\/#primaryimage\"},\"thumbnailUrl\":\"https:\\\/\\\/repliquemangacine.fr\\\/wp-content\\\/uploads\\\/2023\\\/10\\\/kunai-yondaime.png\",\"datePublished\":\"2022-08-15T16:27:18+00:00\",\"dateModified\":\"2026-01-24T22:06:32+00:00\",\"description\":\"Commandez vite ! Ce Kuna\u00ef Minato espace temps dans Naruto au meilleur prix. Tout en acier d'une seule pi\u00e8ce. Longueur totale : 22cm - Envoi 24\\\/48h\",\"breadcrumb\":{\"@id\":\"https:\\\/\\\/repliquemangacine.fr\\\/kunai-et-shuriken-naruto\\\/kunai-despace-temps-minato\\\/#breadcrumb\"},\"inLanguage\":\"it-IT\",\"potentialAction\":[{\"@type\":\"ReadAction\",\"target\":[\"https:\\\/\\\/repliquemangacine.fr\\\/kunai-et-shuriken-naruto\\\/kunai-despace-temps-minato\\\/\"]}]},{\"@type\":\"ImageObject\",\"inLanguage\":\"it-IT\",\"@id\":\"https:\\\/\\\/repliquemangacine.fr\\\/kunai-et-shuriken-naruto\\\/kunai-despace-temps-minato\\\/#primaryimage\",\"url\":\"https:\\\/\\\/repliquemangacine.fr\\\/wp-content\\\/uploads\\\/2023\\\/10\\\/kunai-yondaime.png\",\"contentUrl\":\"https:\\\/\\\/repliquemangacine.fr\\\/wp-content\\\/uploads\\\/2023\\\/10\\\/kunai-yondaime.png\",\"width\":500,\"height\":500,\"caption\":\"Kuna\u00ef d'espace-temps Minato dans naruto\"},{\"@type\":\"BreadcrumbList\",\"@id\":\"https:\\\/\\\/repliquemangacine.fr\\\/kunai-et-shuriken-naruto\\\/kunai-despace-temps-minato\\\/#breadcrumb\",\"itemListElement\":[{\"@type\":\"ListItem\",\"position\":1,\"name\":\"Accueil\",\"item\":\"https:\\\/\\\/repliquemangacine.fr\\\/\"},{\"@type\":\"ListItem\",\"position\":2,\"name\":\"Produits\",\"item\":\"https:\\\/\\\/repliquemangacine.fr\\\/boutique\\\/\"},{\"@type\":\"ListItem\",\"position\":3,\"name\":\"Kuna\u00ef Minato\"}]},{\"@type\":\"WebSite\",\"@id\":\"https:\\\/\\\/repliquemangacine.fr\\\/#website\",\"url\":\"https:\\\/\\\/repliquemangacine.fr\\\/\",\"name\":\"R\u00e9plique Manga Cin\u00e9\",\"description\":\"\",\"publisher\":{\"@id\":\"https:\\\/\\\/repliquemangacine.fr\\\/#organization\"},\"potentialAction\":[{\"@type\":\"SearchAction\",\"target\":{\"@type\":\"EntryPoint\",\"urlTemplate\":\"https:\\\/\\\/repliquemangacine.fr\\\/?s={search_term_string}\"},\"query-input\":{\"@type\":\"PropertyValueSpecification\",\"valueRequired\":true,\"valueName\":\"search_term_string\"}}],\"inLanguage\":\"it-IT\"},{\"@type\":\"Organization\",\"@id\":\"https:\\\/\\\/repliquemangacine.fr\\\/#organization\",\"name\":\"R\u00e9plique Manga Cin\u00e9\",\"url\":\"https:\\\/\\\/repliquemangacine.fr\\\/\",\"logo\":{\"@type\":\"ImageObject\",\"inLanguage\":\"it-IT\",\"@id\":\"https:\\\/\\\/repliquemangacine.fr\\\/#\\\/schema\\\/logo\\\/image\\\/\",\"url\":\"https:\\\/\\\/repliquemangacine.fr\\\/wp-content\\\/uploads\\\/2023\\\/10\\\/RMC-500250.png\",\"contentUrl\":\"https:\\\/\\\/repliquemangacine.fr\\\/wp-content\\\/uploads\\\/2023\\\/10\\\/RMC-500250.png\",\"width\":500,\"height\":250,\"caption\":\"R\u00e9plique Manga Cin\u00e9\"},\"image\":{\"@id\":\"https:\\\/\\\/repliquemangacine.fr\\\/#\\\/schema\\\/logo\\\/image\\\/\"},\"sameAs\":[\"https:\\\/\\\/www.facebook.com\\\/RepliqueMangaCine\",\"https:\\\/\\\/www.instagram.com\\\/repliquemangacine.fr\\\/\"]}]}<\/script>\n<!-- \/ Yoast SEO plugin. -->","yoast_head_json":{"title":"Kunai Minato dallo spaziotempo - Naruto - Negozio online - RMC","description":"Ordina ora! Questo tempo spaziale di Kuna\u00ef Minato in Naruto al miglior prezzo. Tutto in acciaio in un unico pezzo. Lunghezza totale: 22cm - Spedizione 24\/48h","robots":{"index":"index","follow":"follow","max-snippet":"max-snippet:-1","max-image-preview":"max-image-preview:large","max-video-preview":"max-video-preview:-1"},"canonical":"https:\/\/repliquemangacine.fr\/it\/naruto-kunai-e-shuriken\/kunai-despace-time-minato\/","og_locale":"it_IT","og_type":"article","og_title":"Kuna\u00ef Minato d'espace temps - Naruto - Boutique en ligne - RMC","og_description":"Commandez vite ! Ce Kuna\u00ef Minato espace temps dans Naruto au meilleur prix. Tout en acier d'une seule pi\u00e8ce. Longueur totale : 22cm - Envoi 24\/48h","og_url":"https:\/\/repliquemangacine.fr\/it\/naruto-kunai-e-shuriken\/kunai-despace-time-minato\/","og_site_name":"R\u00e9plique Manga Cin\u00e9","article_publisher":"https:\/\/www.facebook.com\/RepliqueMangaCine","article_modified_time":"2026-01-24T22:06:32+00:00","og_image":[{"width":500,"height":500,"url":"https:\/\/repliquemangacine.fr\/wp-content\/uploads\/2023\/10\/kunai-yondaime.png","type":"image\/png"}],"twitter_card":"summary_large_image","twitter_misc":{"Tempo di lettura stimato":"2 minuti"},"schema":{"@context":"https:\/\/schema.org","@graph":[{"@type":"WebPage","@id":"https:\/\/repliquemangacine.fr\/kunai-et-shuriken-naruto\/kunai-despace-temps-minato\/","url":"https:\/\/repliquemangacine.fr\/kunai-et-shuriken-naruto\/kunai-despace-temps-minato\/","name":"Kunai Minato dallo spaziotempo - Naruto - Negozio online - RMC","isPartOf":{"@id":"https:\/\/repliquemangacine.fr\/#website"},"primaryImageOfPage":{"@id":"https:\/\/repliquemangacine.fr\/kunai-et-shuriken-naruto\/kunai-despace-temps-minato\/#primaryimage"},"image":{"@id":"https:\/\/repliquemangacine.fr\/kunai-et-shuriken-naruto\/kunai-despace-temps-minato\/#primaryimage"},"thumbnailUrl":"https:\/\/repliquemangacine.fr\/wp-content\/uploads\/2023\/10\/kunai-yondaime.png","datePublished":"2022-08-15T16:27:18+00:00","dateModified":"2026-01-24T22:06:32+00:00","description":"Ordina ora! Questo tempo spaziale di Kuna\u00ef Minato in Naruto al miglior prezzo. Tutto in acciaio in un unico pezzo. Lunghezza totale: 22cm - Spedizione 24\/48h","breadcrumb":{"@id":"https:\/\/repliquemangacine.fr\/kunai-et-shuriken-naruto\/kunai-despace-temps-minato\/#breadcrumb"},"inLanguage":"it-IT","potentialAction":[{"@type":"ReadAction","target":["https:\/\/repliquemangacine.fr\/kunai-et-shuriken-naruto\/kunai-despace-temps-minato\/"]}]},{"@type":"ImageObject","inLanguage":"it-IT","@id":"https:\/\/repliquemangacine.fr\/kunai-et-shuriken-naruto\/kunai-despace-temps-minato\/#primaryimage","url":"https:\/\/repliquemangacine.fr\/wp-content\/uploads\/2023\/10\/kunai-yondaime.png","contentUrl":"https:\/\/repliquemangacine.fr\/wp-content\/uploads\/2023\/10\/kunai-yondaime.png","width":500,"height":500,"caption":"Kuna\u00ef d'espace-temps Minato dans naruto"},{"@type":"BreadcrumbList","@id":"https:\/\/repliquemangacine.fr\/kunai-et-shuriken-naruto\/kunai-despace-temps-minato\/#breadcrumb","itemListElement":[{"@type":"ListItem","position":1,"name":"Accueil","item":"https:\/\/repliquemangacine.fr\/"},{"@type":"ListItem","position":2,"name":"Produits","item":"https:\/\/repliquemangacine.fr\/boutique\/"},{"@type":"ListItem","position":3,"name":"Kuna\u00ef Minato"}]},{"@type":"WebSite","@id":"https:\/\/repliquemangacine.fr\/#website","url":"https:\/\/repliquemangacine.fr\/","name":"R\u00e9plique Manga Cin\u00e9","description":"","publisher":{"@id":"https:\/\/repliquemangacine.fr\/#organization"},"potentialAction":[{"@type":"SearchAction","target":{"@type":"EntryPoint","urlTemplate":"https:\/\/repliquemangacine.fr\/?s={search_term_string}"},"query-input":{"@type":"PropertyValueSpecification","valueRequired":true,"valueName":"search_term_string"}}],"inLanguage":"it-IT"},{"@type":"Organization","@id":"https:\/\/repliquemangacine.fr\/#organization","name":"R\u00e9plique Manga Cin\u00e9","url":"https:\/\/repliquemangacine.fr\/","logo":{"@type":"ImageObject","inLanguage":"it-IT","@id":"https:\/\/repliquemangacine.fr\/#\/schema\/logo\/image\/","url":"https:\/\/repliquemangacine.fr\/wp-content\/uploads\/2023\/10\/RMC-500250.png","contentUrl":"https:\/\/repliquemangacine.fr\/wp-content\/uploads\/2023\/10\/RMC-500250.png","width":500,"height":250,"caption":"R\u00e9plique Manga Cin\u00e9"},"image":{"@id":"https:\/\/repliquemangacine.fr\/#\/schema\/logo\/image\/"},"sameAs":["https:\/\/www.facebook.com\/RepliqueMangaCine","https:\/\/www.instagram.com\/repliquemangacine.fr\/"]}]}},"_links":{"self":[{"href":"https:\/\/repliquemangacine.fr\/it\/wp-json\/wp\/v2\/product\/52461","targetHints":{"allow":["GET"]}}],"collection":[{"href":"https:\/\/repliquemangacine.fr\/it\/wp-json\/wp\/v2\/product"}],"about":[{"href":"https:\/\/repliquemangacine.fr\/it\/wp-json\/wp\/v2\/types\/product"}],"wp:featuredmedia":[{"embeddable":true,"href":"https:\/\/repliquemangacine.fr\/it\/wp-json\/wp\/v2\/media\/52462"}],"wp:attachment":[{"href":"https:\/\/repliquemangacine.fr\/it\/wp-json\/wp\/v2\/media?parent=52461"}],"wp:term":[{"taxonomy":"product_brand","embeddable":true,"href":"https:\/\/repliquemangacine.fr\/it\/wp-json\/wp\/v2\/product_brand?post=52461"},{"taxonomy":"product_cat","embeddable":true,"href":"https:\/\/repliquemangacine.fr\/it\/wp-json\/wp\/v2\/product_cat?post=52461"},{"taxonomy":"product_tag","embeddable":true,"href":"https:\/\/repliquemangacine.fr\/it\/wp-json\/wp\/v2\/product_tag?post=52461"}],"curies":[{"name":"wp","href":"https:\/\/api.w.org\/{rel}","templated":true}]}}