





{"id":52243,"date":"2022-08-06T15:48:02","date_gmt":"2022-08-06T13:48:02","guid":{"rendered":"https:\/\/repliquemangacine.fr\/?post_type=product&#038;p=52243"},"modified":"2026-04-19T02:08:58","modified_gmt":"2026-04-19T00:08:58","slug":"canna-da-spada-brook","status":"publish","type":"product","link":"https:\/\/repliquemangacine.fr\/it\/repliques-manga-jeux-video\/canne-epee-brook\/","title":{"rendered":"Canna da spada di ruscello"},"content":{"rendered":"<h2>La spada di Brook in One Piece.<\/h2>\n<p>Per cominciare, il <strong>Bastone con spada di Brook<\/strong> \u00e8 utilizzato nella maggior parte delle sue tecniche di combattimento.<\/p>\n<p>Brook, soprannominato Brook the Hummer, \u00e8 il musicista e il secondo spadaccino (dopo Zoro) della ciurma di Cappello di Paglia. \u00c8 uno scheletro vivente incontrato a bordo di una nave fantasma dopo aver trovato un misterioso barile alla deriva nell'oceano.<\/p>\n<p>Prima apparizione, <a href=\"https:\/\/onepiece.fandom.com\/fr\/wiki\/Brook\" target=\"_blank\" rel=\"noopener noreferrer\">Ruscello<\/a> ha l'aspetto di uno scheletro con un taglio di capelli afro - le radici sono profondamente impiantate nel cranio - e inizialmente indossa abiti eleganti, distrutti dal tempo e dai duri combattimenti.<\/p>\n<p>Usa il bastone della spada per la maggior parte delle sue tecniche di combattimento, come :<\/p>\n<p>-Parata di ninne nanne: Brook prende il suo violino e usa la sua lama come arco. Questo produce una musica che fa addormentare i suoi nemici (e anche alcuni dei suoi amici).<\/p>\n<h2>Il vostro bastone da spada Brook al miglior prezzo.<\/h2>\n<p>Abbiamo una grande selezione di battute dei vostri personaggi preferiti di One Piece.<\/p>\n<p>Innanzitutto,<\/p>\n<ul>\n<li>La Katana <a href=\"https:\/\/repliquemangacine.fr\/it\/un-pezzo-unico\/nidai-kitetsu-la-spada-di-luffy-one-piece\/\">Nidai Kitetsu<\/a> di Luffy in One Piece, con il suo aspetto atipico.<\/li>\n<li>Poi, il nuovo <a href=\"https:\/\/repliquemangacine.fr\/it\/un-pezzo-unico\/nidai-kitetsu-la-spada-di-luffy-one-piece\/\">Katana di Zoro Enma<\/a> nella sua versione di lusso.<\/li>\n<li>E molti altri da scoprire nel nostro negozio online!<\/li>\n<\/ul>\n<p>Ecco perch\u00e9 questa \u00e8 un'ottima idea regalo per tutti i fan di One Piece.<\/p>\n<p>In conclusione, \u00e8 possibile utilizzare La <strong>Bastone con spada di Brook<\/strong> per le vostre sfilate di cosplay o serate a tema. Il bastone di Brook \u00e8 prima di tutto un oggetto da collezione e un oggetto decorativo.<\/p>\n<h2>Le nostre uscite economiche di One Piece<\/h2>\n<p>Siamo sempre alla ricerca di novit\u00e0, quindi abbiamo in serbo per voi alcune piccole chicche da scoprire nel prossimo futuro! Sarete in grado di passeggiare per le vostre convention manga con il <a href=\"https:\/\/repliquemangacine.fr\/it\/katana-monopezzo\/pezzo-unico-katana-raiu-shiliew\/\">raiu Shiliew katana<\/a>. Ci saranno anche statuette di One Piece e Wallscroll dei vostri personaggi preferiti.<\/p>\n<p>R\u00e9plique Manga Cin\u00e9 \u00e8 un'azienda francese.<\/p>\n<p><strong>Si prega di notare che tutte le nostre repliche sono oggetti da collezione e decorazioni. Possono essere utilizzate per rievocazioni storiche, sfilate di cosplay o decorazioni di interni. Di conseguenza, non \u00e8 possibile andare in luoghi pubblici con queste repliche.<\/strong><\/p>\n<p>&nbsp;<\/p>","protected":false},"excerpt":{"rendered":"<p>Superba replica del bastone spada usato da Brook in One Piece.<\/p>\n<ul>\n<li>Canna interamente in metallo rivestita di lacca viola.<\/li>\n<li>Lama in acciaio inox 440.<\/li>\n<li>La filettatura della vite \u00e8 relativamente lunga per garantire una buona sicurezza.<\/li>\n<li>All'estremit\u00e0 del bastone \u00e8 presente una striscia di gomma antiscivolo per una presa sicura durante la camminata.<\/li>\n<li>Lunghezza della lama: 62 cm - Lunghezza totale della canna della spada chiusa: 98 cm<\/li>\n<\/ul>","protected":false},"featured_media":52244,"template":"","meta":[],"product_brand":[896],"product_cat":[123,23],"product_tag":[],"class_list":{"0":"post-52243","1":"product","2":"type-product","3":"status-publish","4":"has-post-thumbnail","6":"product_brand-replique-manga-cine","7":"product_cat-katana-en-metal-one-piece","8":"product_cat-repliques-manga-jeux-video","10":"first","11":"outofstock","12":"taxable","13":"shipping-taxable","14":"purchasable","15":"product-type-simple"},"yoast_head":"<!-- This site is optimized with the Yoast SEO plugin v27.4 - https:\/\/yoast.com\/product\/yoast-seo-wordpress\/ -->\n<title>Canne Ep\u00e9e de Brook - One Piece - Boutique en ligne - RMC<\/title>\n<meta name=\"description\" content=\"Commandez votre Canne Ep\u00e9e de Brook dans One Piece au meilleur prix. Tout en m\u00e9tal violet et laqu\u00e9. Lame acier - Longueur totale : 98 cm - Envoi 24\/48h\" \/>\n<meta name=\"robots\" content=\"index, follow, max-snippet:-1, max-image-preview:large, max-video-preview:-1\" \/>\n<link rel=\"canonical\" href=\"https:\/\/repliquemangacine.fr\/it\/videogiochi-manga-replica\/canna-da-spada-brook\/\" \/>\n<meta property=\"og:locale\" content=\"it_IT\" \/>\n<meta property=\"og:type\" content=\"article\" \/>\n<meta property=\"og:title\" content=\"Canne Ep\u00e9e de Brook - One Piece - Boutique en ligne - RMC\" \/>\n<meta property=\"og:description\" content=\"Commandez votre Canne Ep\u00e9e de Brook dans One Piece au meilleur prix. Tout en m\u00e9tal violet et laqu\u00e9. Lame acier - Longueur totale : 98 cm - Envoi 24\/48h\" \/>\n<meta property=\"og:url\" content=\"https:\/\/repliquemangacine.fr\/it\/videogiochi-manga-replica\/canna-da-spada-brook\/\" \/>\n<meta property=\"og:site_name\" content=\"R\u00e9plique Manga Cin\u00e9\" \/>\n<meta property=\"article:publisher\" content=\"https:\/\/www.facebook.com\/RepliqueMangaCine\" \/>\n<meta property=\"article:modified_time\" content=\"2026-04-19T00:08:58+00:00\" \/>\n<meta property=\"og:image\" content=\"https:\/\/repliquemangacine.fr\/wp-content\/uploads\/2023\/10\/canne-epee-one-piece.png\" \/>\n\t<meta property=\"og:image:width\" content=\"500\" \/>\n\t<meta property=\"og:image:height\" content=\"500\" \/>\n\t<meta property=\"og:image:type\" content=\"image\/png\" \/>\n<meta name=\"twitter:card\" content=\"summary_large_image\" \/>\n<meta name=\"twitter:label1\" content=\"Tempo di lettura stimato\" \/>\n\t<meta name=\"twitter:data1\" content=\"3 minuti\" \/>\n<script type=\"application\/ld+json\" class=\"yoast-schema-graph\">{\"@context\":\"https:\\\/\\\/schema.org\",\"@graph\":[{\"@type\":\"WebPage\",\"@id\":\"https:\\\/\\\/repliquemangacine.fr\\\/repliques-manga-jeux-video\\\/canne-epee-brook\\\/\",\"url\":\"https:\\\/\\\/repliquemangacine.fr\\\/repliques-manga-jeux-video\\\/canne-epee-brook\\\/\",\"name\":\"Canne Ep\u00e9e de Brook - One Piece - Boutique en ligne - RMC\",\"isPartOf\":{\"@id\":\"https:\\\/\\\/repliquemangacine.fr\\\/#website\"},\"primaryImageOfPage\":{\"@id\":\"https:\\\/\\\/repliquemangacine.fr\\\/repliques-manga-jeux-video\\\/canne-epee-brook\\\/#primaryimage\"},\"image\":{\"@id\":\"https:\\\/\\\/repliquemangacine.fr\\\/repliques-manga-jeux-video\\\/canne-epee-brook\\\/#primaryimage\"},\"thumbnailUrl\":\"https:\\\/\\\/repliquemangacine.fr\\\/wp-content\\\/uploads\\\/2023\\\/10\\\/canne-epee-one-piece.png\",\"datePublished\":\"2022-08-06T13:48:02+00:00\",\"dateModified\":\"2026-04-19T00:08:58+00:00\",\"description\":\"Commandez votre Canne Ep\u00e9e de Brook dans One Piece au meilleur prix. Tout en m\u00e9tal violet et laqu\u00e9. Lame acier - Longueur totale : 98 cm - Envoi 24\\\/48h\",\"breadcrumb\":{\"@id\":\"https:\\\/\\\/repliquemangacine.fr\\\/repliques-manga-jeux-video\\\/canne-epee-brook\\\/#breadcrumb\"},\"inLanguage\":\"it-IT\",\"potentialAction\":[{\"@type\":\"ReadAction\",\"target\":[\"https:\\\/\\\/repliquemangacine.fr\\\/repliques-manga-jeux-video\\\/canne-epee-brook\\\/\"]}]},{\"@type\":\"ImageObject\",\"inLanguage\":\"it-IT\",\"@id\":\"https:\\\/\\\/repliquemangacine.fr\\\/repliques-manga-jeux-video\\\/canne-epee-brook\\\/#primaryimage\",\"url\":\"https:\\\/\\\/repliquemangacine.fr\\\/wp-content\\\/uploads\\\/2023\\\/10\\\/canne-epee-one-piece.png\",\"contentUrl\":\"https:\\\/\\\/repliquemangacine.fr\\\/wp-content\\\/uploads\\\/2023\\\/10\\\/canne-epee-one-piece.png\",\"width\":500,\"height\":500,\"caption\":\"Canne Ep\u00e9e de Brook dans One Piece\"},{\"@type\":\"BreadcrumbList\",\"@id\":\"https:\\\/\\\/repliquemangacine.fr\\\/repliques-manga-jeux-video\\\/canne-epee-brook\\\/#breadcrumb\",\"itemListElement\":[{\"@type\":\"ListItem\",\"position\":1,\"name\":\"Accueil\",\"item\":\"https:\\\/\\\/repliquemangacine.fr\\\/\"},{\"@type\":\"ListItem\",\"position\":2,\"name\":\"Produits\",\"item\":\"https:\\\/\\\/repliquemangacine.fr\\\/boutique\\\/\"},{\"@type\":\"ListItem\",\"position\":3,\"name\":\"Canne \u00e9p\u00e9e Brook\"}]},{\"@type\":\"WebSite\",\"@id\":\"https:\\\/\\\/repliquemangacine.fr\\\/#website\",\"url\":\"https:\\\/\\\/repliquemangacine.fr\\\/\",\"name\":\"R\u00e9plique Manga Cin\u00e9\",\"description\":\"\",\"publisher\":{\"@id\":\"https:\\\/\\\/repliquemangacine.fr\\\/#organization\"},\"potentialAction\":[{\"@type\":\"SearchAction\",\"target\":{\"@type\":\"EntryPoint\",\"urlTemplate\":\"https:\\\/\\\/repliquemangacine.fr\\\/?s={search_term_string}\"},\"query-input\":{\"@type\":\"PropertyValueSpecification\",\"valueRequired\":true,\"valueName\":\"search_term_string\"}}],\"inLanguage\":\"it-IT\"},{\"@type\":\"Organization\",\"@id\":\"https:\\\/\\\/repliquemangacine.fr\\\/#organization\",\"name\":\"R\u00e9plique Manga Cin\u00e9\",\"url\":\"https:\\\/\\\/repliquemangacine.fr\\\/\",\"logo\":{\"@type\":\"ImageObject\",\"inLanguage\":\"it-IT\",\"@id\":\"https:\\\/\\\/repliquemangacine.fr\\\/#\\\/schema\\\/logo\\\/image\\\/\",\"url\":\"https:\\\/\\\/repliquemangacine.fr\\\/wp-content\\\/uploads\\\/2023\\\/10\\\/RMC-500250.png\",\"contentUrl\":\"https:\\\/\\\/repliquemangacine.fr\\\/wp-content\\\/uploads\\\/2023\\\/10\\\/RMC-500250.png\",\"width\":500,\"height\":250,\"caption\":\"R\u00e9plique Manga Cin\u00e9\"},\"image\":{\"@id\":\"https:\\\/\\\/repliquemangacine.fr\\\/#\\\/schema\\\/logo\\\/image\\\/\"},\"sameAs\":[\"https:\\\/\\\/www.facebook.com\\\/RepliqueMangaCine\",\"https:\\\/\\\/www.instagram.com\\\/repliquemangacine.fr\\\/\"]}]}<\/script>\n<!-- \/ Yoast SEO plugin. -->","yoast_head_json":{"title":"Canna da spada Brook - One Piece - Negozio online - RMC","description":"Ordina la tua Canna della Spada di Brook in un pezzo unico al miglior prezzo. Tutto in metallo laccato viola. Lama in acciaio - Lunghezza totale: 98 cm - Spedizione 24\/48h","robots":{"index":"index","follow":"follow","max-snippet":"max-snippet:-1","max-image-preview":"max-image-preview:large","max-video-preview":"max-video-preview:-1"},"canonical":"https:\/\/repliquemangacine.fr\/it\/videogiochi-manga-replica\/canna-da-spada-brook\/","og_locale":"it_IT","og_type":"article","og_title":"Canne Ep\u00e9e de Brook - One Piece - Boutique en ligne - RMC","og_description":"Commandez votre Canne Ep\u00e9e de Brook dans One Piece au meilleur prix. Tout en m\u00e9tal violet et laqu\u00e9. Lame acier - Longueur totale : 98 cm - Envoi 24\/48h","og_url":"https:\/\/repliquemangacine.fr\/it\/videogiochi-manga-replica\/canna-da-spada-brook\/","og_site_name":"R\u00e9plique Manga Cin\u00e9","article_publisher":"https:\/\/www.facebook.com\/RepliqueMangaCine","article_modified_time":"2026-04-19T00:08:58+00:00","og_image":[{"width":500,"height":500,"url":"https:\/\/repliquemangacine.fr\/wp-content\/uploads\/2023\/10\/canne-epee-one-piece.png","type":"image\/png"}],"twitter_card":"summary_large_image","twitter_misc":{"Tempo di lettura stimato":"3 minuti"},"schema":{"@context":"https:\/\/schema.org","@graph":[{"@type":"WebPage","@id":"https:\/\/repliquemangacine.fr\/repliques-manga-jeux-video\/canne-epee-brook\/","url":"https:\/\/repliquemangacine.fr\/repliques-manga-jeux-video\/canne-epee-brook\/","name":"Canna da spada Brook - One Piece - Negozio online - RMC","isPartOf":{"@id":"https:\/\/repliquemangacine.fr\/#website"},"primaryImageOfPage":{"@id":"https:\/\/repliquemangacine.fr\/repliques-manga-jeux-video\/canne-epee-brook\/#primaryimage"},"image":{"@id":"https:\/\/repliquemangacine.fr\/repliques-manga-jeux-video\/canne-epee-brook\/#primaryimage"},"thumbnailUrl":"https:\/\/repliquemangacine.fr\/wp-content\/uploads\/2023\/10\/canne-epee-one-piece.png","datePublished":"2022-08-06T13:48:02+00:00","dateModified":"2026-04-19T00:08:58+00:00","description":"Ordina la tua Canna della Spada di Brook in un pezzo unico al miglior prezzo. Tutto in metallo laccato viola. Lama in acciaio - Lunghezza totale: 98 cm - Spedizione 24\/48h","breadcrumb":{"@id":"https:\/\/repliquemangacine.fr\/repliques-manga-jeux-video\/canne-epee-brook\/#breadcrumb"},"inLanguage":"it-IT","potentialAction":[{"@type":"ReadAction","target":["https:\/\/repliquemangacine.fr\/repliques-manga-jeux-video\/canne-epee-brook\/"]}]},{"@type":"ImageObject","inLanguage":"it-IT","@id":"https:\/\/repliquemangacine.fr\/repliques-manga-jeux-video\/canne-epee-brook\/#primaryimage","url":"https:\/\/repliquemangacine.fr\/wp-content\/uploads\/2023\/10\/canne-epee-one-piece.png","contentUrl":"https:\/\/repliquemangacine.fr\/wp-content\/uploads\/2023\/10\/canne-epee-one-piece.png","width":500,"height":500,"caption":"Canne Ep\u00e9e de Brook dans One Piece"},{"@type":"BreadcrumbList","@id":"https:\/\/repliquemangacine.fr\/repliques-manga-jeux-video\/canne-epee-brook\/#breadcrumb","itemListElement":[{"@type":"ListItem","position":1,"name":"Accueil","item":"https:\/\/repliquemangacine.fr\/"},{"@type":"ListItem","position":2,"name":"Produits","item":"https:\/\/repliquemangacine.fr\/boutique\/"},{"@type":"ListItem","position":3,"name":"Canne \u00e9p\u00e9e Brook"}]},{"@type":"WebSite","@id":"https:\/\/repliquemangacine.fr\/#website","url":"https:\/\/repliquemangacine.fr\/","name":"R\u00e9plique Manga Cin\u00e9","description":"","publisher":{"@id":"https:\/\/repliquemangacine.fr\/#organization"},"potentialAction":[{"@type":"SearchAction","target":{"@type":"EntryPoint","urlTemplate":"https:\/\/repliquemangacine.fr\/?s={search_term_string}"},"query-input":{"@type":"PropertyValueSpecification","valueRequired":true,"valueName":"search_term_string"}}],"inLanguage":"it-IT"},{"@type":"Organization","@id":"https:\/\/repliquemangacine.fr\/#organization","name":"R\u00e9plique Manga Cin\u00e9","url":"https:\/\/repliquemangacine.fr\/","logo":{"@type":"ImageObject","inLanguage":"it-IT","@id":"https:\/\/repliquemangacine.fr\/#\/schema\/logo\/image\/","url":"https:\/\/repliquemangacine.fr\/wp-content\/uploads\/2023\/10\/RMC-500250.png","contentUrl":"https:\/\/repliquemangacine.fr\/wp-content\/uploads\/2023\/10\/RMC-500250.png","width":500,"height":250,"caption":"R\u00e9plique Manga Cin\u00e9"},"image":{"@id":"https:\/\/repliquemangacine.fr\/#\/schema\/logo\/image\/"},"sameAs":["https:\/\/www.facebook.com\/RepliqueMangaCine","https:\/\/www.instagram.com\/repliquemangacine.fr\/"]}]}},"_links":{"self":[{"href":"https:\/\/repliquemangacine.fr\/it\/wp-json\/wp\/v2\/product\/52243","targetHints":{"allow":["GET"]}}],"collection":[{"href":"https:\/\/repliquemangacine.fr\/it\/wp-json\/wp\/v2\/product"}],"about":[{"href":"https:\/\/repliquemangacine.fr\/it\/wp-json\/wp\/v2\/types\/product"}],"wp:featuredmedia":[{"embeddable":true,"href":"https:\/\/repliquemangacine.fr\/it\/wp-json\/wp\/v2\/media\/52244"}],"wp:attachment":[{"href":"https:\/\/repliquemangacine.fr\/it\/wp-json\/wp\/v2\/media?parent=52243"}],"wp:term":[{"taxonomy":"product_brand","embeddable":true,"href":"https:\/\/repliquemangacine.fr\/it\/wp-json\/wp\/v2\/product_brand?post=52243"},{"taxonomy":"product_cat","embeddable":true,"href":"https:\/\/repliquemangacine.fr\/it\/wp-json\/wp\/v2\/product_cat?post=52243"},{"taxonomy":"product_tag","embeddable":true,"href":"https:\/\/repliquemangacine.fr\/it\/wp-json\/wp\/v2\/product_tag?post=52243"}],"curies":[{"name":"wp","href":"https:\/\/api.w.org\/{rel}","templated":true}]}}