





{"id":52222,"date":"2022-08-05T14:51:19","date_gmt":"2022-08-05T12:51:19","guid":{"rendered":"https:\/\/repliquemangacine.fr\/?post_type=product&#038;p=52222"},"modified":"2026-03-13T16:17:05","modified_gmt":"2026-03-13T15:17:05","slug":"gemma-katana","status":"publish","type":"product","link":"https:\/\/repliquemangacine.fr\/it\/katana-kill-bill\/katana-de-bud\/","title":{"rendered":"Katana di Bud"},"content":{"rendered":"<h2>La Katana di Bud in Kill Bill<\/h2>\n<p>Per cominciare, il <strong>Katana di Bud<\/strong> \u00e8 la spada regalatagli dal fratello Bill. Realizzata da Hattori Hanz\u014d, sulla lama \u00e8 inciso il messaggio \u201cTo My Brother Budd, The Only Man I Ever Loved, - Bill\".<\/p>\n<p>Quando Bill gli dice che Beatrix sta venendo a ucciderlo, Budd risponde filosoficamente: \u201cQuella donna merita la sua vendetta. E noi meritiamo di morire\u201c. Quando gli viene chiesto della sua katana Hanzo, Budd mente e afferma di averla impegnata per 250 dollari, con grande sgomento di Bill, che dice che una spada del genere non ha prezzo.<\/p>\n<p>Beatrix finalmente lo trov\u00f2 e si avvicin\u00f2 alla sua carovana. Anche se voleva fare un attacco furtivo, <a href=\"https:\/\/killbill.fandom.com\/wiki\/Budd\" target=\"_blank\" rel=\"noopener noreferrer\">Budd<\/a> aveva un vantaggio.<\/p>\n<h2>La Katana di Bud in Kill Bill al miglior prezzo.<\/h2>\n<p>Vi proponiamo tutte le battute utilizzate nei film di Quentin Tarentino, Kill Bill.<\/p>\n<p>Innanzitutto,<\/p>\n<ul>\n<li>Le <a href=\"https:\/\/repliquemangacine.fr\/it\/uccidere-il-disegno-di-legge\/katana-forge-beatrix-kill-bill\/\">katana della sposa<\/a> in versione non tagliente, ma \u00e8 disponibile anche in versione forgiata con lama Maru.<\/li>\n<li>C'\u00e8 anche il <a href=\"https:\/\/repliquemangacine.fr\/it\/uccidere-il-disegno-di-legge\/la-katana-di-bill\/\">La katana di Bill<\/a> il suo ex compagno e soprattutto il suo obiettivo.<\/li>\n<li>E molti altri da scoprire nel nostro negozio online!<\/li>\n<\/ul>\n<p>Ecco perch\u00e9 questa \u00e8 un'ottima idea regalo per tutti i fan dei film di Kill Bill.<\/p>\n<p>In conclusione, \u00e8 possibile utilizzare questo <strong>Katana di Bud<\/strong> per le vostre sfilate cosplay o serate a tema. Ma soprattutto, questa spada \u00e8 anche un oggetto da collezione e un pezzo decorativo.<\/p>\n<h2>Come faccio a mantenere la lama della mia katana Kill Bill?<\/h2>\n<p>Le katane da collezione e decorative sono realizzate e assemblate in modo semplificato. Poich\u00e9 il loro uso \u00e8 decorativo, non hanno le caratteristiche di sicurezza richieste da una spada giapponese destinata all'allenamento.<\/p>\n<p>Tuttavia, il vostro <strong>La katana di Bud<\/strong> a una lama d'acciaio che deve essere curata per evitare che si danneggi nel tempo. Quando si espone la katana, gli amici saranno curiosi di vedere la lama e di toccarla. \u00c8 qui che bisogna fare attenzione, perch\u00e9 l'acidit\u00e0 delle dita \u00e8 molto dannosa per l'acciaio, indipendentemente dalla sua qualit\u00e0.<\/p>\n<p>Tuttavia, se ci\u00f2 dovesse accadere, niente panico: basta un panno inumidito con un po' d'olio per eliminare le impronte. In questo modo, la spada durer\u00e0 a lungo.<\/p>\n<p><strong>\u00a0<\/strong><\/p>","protected":false},"excerpt":{"rendered":"<p>La Katana di Bud nel film Kill Bill.<\/p>\n<ul>\n<li>Lama in acciaio 440 con inciso il messaggio del fratello Bill.<\/li>\n<li>Manico rivestito di treccia di cotone nero.<\/li>\n<li>Fodero laccato nero con incisioni del maestro Hattori.<\/li>\n<li>Supporto alla presentazione.<\/li>\n<li>Lunghezza lama: 68 cm - Lunghezza totale: 104 cm<\/li>\n<\/ul>","protected":false},"featured_media":52223,"template":"","meta":[],"product_brand":[896],"product_cat":[66,24,71],"product_tag":[],"class_list":{"0":"post-52222","1":"product","2":"type-product","3":"status-publish","4":"has-post-thumbnail","6":"product_brand-replique-manga-cine","7":"product_cat-repliques-d-armes-films-et-series","8":"product_cat-films-series-tv-vente-de-katana-epee-et-produits-derives","9":"product_cat-katana-kill-bill","11":"first","12":"instock","13":"taxable","14":"shipping-taxable","15":"purchasable","16":"product-type-simple"},"yoast_head":"<!-- This site is optimized with the Yoast SEO plugin v27.4 - https:\/\/yoast.com\/product\/yoast-seo-wordpress\/ -->\n<title>Katana de Bud - Vente katana Kill Bill - R\u00e9plique Manga Cin\u00e9<\/title>\n<meta name=\"description\" content=\"D\u00e9couvrez le katana de Bud dans les films Kill Bill au meilleur prix. Lame en acier 440 - Gravure du message de Bill - Fourreau laqu\u00e9 - Support - 104 cm\" \/>\n<meta name=\"robots\" content=\"index, follow, max-snippet:-1, max-image-preview:large, max-video-preview:-1\" \/>\n<link rel=\"canonical\" href=\"https:\/\/repliquemangacine.fr\/it\/katana-kill-bill\/gemma-katana\/\" \/>\n<meta property=\"og:locale\" content=\"it_IT\" \/>\n<meta property=\"og:type\" content=\"article\" \/>\n<meta property=\"og:title\" content=\"Katana de Bud - Vente katana Kill Bill - R\u00e9plique Manga Cin\u00e9\" \/>\n<meta property=\"og:description\" content=\"D\u00e9couvrez le katana de Bud dans les films Kill Bill au meilleur prix. Lame en acier 440 - Gravure du message de Bill - Fourreau laqu\u00e9 - Support - 104 cm\" \/>\n<meta property=\"og:url\" content=\"https:\/\/repliquemangacine.fr\/it\/katana-kill-bill\/gemma-katana\/\" \/>\n<meta property=\"og:site_name\" content=\"R\u00e9plique Manga Cin\u00e9\" \/>\n<meta property=\"article:publisher\" content=\"https:\/\/www.facebook.com\/RepliqueMangaCine\" \/>\n<meta property=\"article:modified_time\" content=\"2026-03-13T15:17:05+00:00\" \/>\n<meta property=\"og:image\" content=\"https:\/\/repliquemangacine.fr\/wp-content\/uploads\/2023\/10\/bud.jpg\" \/>\n\t<meta property=\"og:image:width\" content=\"500\" \/>\n\t<meta property=\"og:image:height\" content=\"500\" \/>\n\t<meta property=\"og:image:type\" content=\"image\/jpeg\" \/>\n<meta name=\"twitter:card\" content=\"summary_large_image\" \/>\n<meta name=\"twitter:label1\" content=\"Tempo di lettura stimato\" \/>\n\t<meta name=\"twitter:data1\" content=\"2 minuti\" \/>\n<script type=\"application\/ld+json\" class=\"yoast-schema-graph\">{\"@context\":\"https:\\\/\\\/schema.org\",\"@graph\":[{\"@type\":\"WebPage\",\"@id\":\"https:\\\/\\\/repliquemangacine.fr\\\/katana-kill-bill\\\/katana-de-bud\\\/\",\"url\":\"https:\\\/\\\/repliquemangacine.fr\\\/katana-kill-bill\\\/katana-de-bud\\\/\",\"name\":\"Katana de Bud - Vente katana Kill Bill - R\u00e9plique Manga Cin\u00e9\",\"isPartOf\":{\"@id\":\"https:\\\/\\\/repliquemangacine.fr\\\/#website\"},\"primaryImageOfPage\":{\"@id\":\"https:\\\/\\\/repliquemangacine.fr\\\/katana-kill-bill\\\/katana-de-bud\\\/#primaryimage\"},\"image\":{\"@id\":\"https:\\\/\\\/repliquemangacine.fr\\\/katana-kill-bill\\\/katana-de-bud\\\/#primaryimage\"},\"thumbnailUrl\":\"https:\\\/\\\/repliquemangacine.fr\\\/wp-content\\\/uploads\\\/2023\\\/10\\\/bud.jpg\",\"datePublished\":\"2022-08-05T12:51:19+00:00\",\"dateModified\":\"2026-03-13T15:17:05+00:00\",\"description\":\"D\u00e9couvrez le katana de Bud dans les films Kill Bill au meilleur prix. Lame en acier 440 - Gravure du message de Bill - Fourreau laqu\u00e9 - Support - 104 cm\",\"breadcrumb\":{\"@id\":\"https:\\\/\\\/repliquemangacine.fr\\\/katana-kill-bill\\\/katana-de-bud\\\/#breadcrumb\"},\"inLanguage\":\"it-IT\",\"potentialAction\":[{\"@type\":\"ReadAction\",\"target\":[\"https:\\\/\\\/repliquemangacine.fr\\\/katana-kill-bill\\\/katana-de-bud\\\/\"]}]},{\"@type\":\"ImageObject\",\"inLanguage\":\"it-IT\",\"@id\":\"https:\\\/\\\/repliquemangacine.fr\\\/katana-kill-bill\\\/katana-de-bud\\\/#primaryimage\",\"url\":\"https:\\\/\\\/repliquemangacine.fr\\\/wp-content\\\/uploads\\\/2023\\\/10\\\/bud.jpg\",\"contentUrl\":\"https:\\\/\\\/repliquemangacine.fr\\\/wp-content\\\/uploads\\\/2023\\\/10\\\/bud.jpg\",\"width\":500,\"height\":500,\"caption\":\"Katana de Bud - Kill Bill\"},{\"@type\":\"BreadcrumbList\",\"@id\":\"https:\\\/\\\/repliquemangacine.fr\\\/katana-kill-bill\\\/katana-de-bud\\\/#breadcrumb\",\"itemListElement\":[{\"@type\":\"ListItem\",\"position\":1,\"name\":\"Accueil\",\"item\":\"https:\\\/\\\/repliquemangacine.fr\\\/\"},{\"@type\":\"ListItem\",\"position\":2,\"name\":\"Produits\",\"item\":\"https:\\\/\\\/repliquemangacine.fr\\\/boutique\\\/\"},{\"@type\":\"ListItem\",\"position\":3,\"name\":\"Katana de Bud\"}]},{\"@type\":\"WebSite\",\"@id\":\"https:\\\/\\\/repliquemangacine.fr\\\/#website\",\"url\":\"https:\\\/\\\/repliquemangacine.fr\\\/\",\"name\":\"R\u00e9plique Manga Cin\u00e9\",\"description\":\"\",\"publisher\":{\"@id\":\"https:\\\/\\\/repliquemangacine.fr\\\/#organization\"},\"potentialAction\":[{\"@type\":\"SearchAction\",\"target\":{\"@type\":\"EntryPoint\",\"urlTemplate\":\"https:\\\/\\\/repliquemangacine.fr\\\/?s={search_term_string}\"},\"query-input\":{\"@type\":\"PropertyValueSpecification\",\"valueRequired\":true,\"valueName\":\"search_term_string\"}}],\"inLanguage\":\"it-IT\"},{\"@type\":\"Organization\",\"@id\":\"https:\\\/\\\/repliquemangacine.fr\\\/#organization\",\"name\":\"R\u00e9plique Manga Cin\u00e9\",\"url\":\"https:\\\/\\\/repliquemangacine.fr\\\/\",\"logo\":{\"@type\":\"ImageObject\",\"inLanguage\":\"it-IT\",\"@id\":\"https:\\\/\\\/repliquemangacine.fr\\\/#\\\/schema\\\/logo\\\/image\\\/\",\"url\":\"https:\\\/\\\/repliquemangacine.fr\\\/wp-content\\\/uploads\\\/2023\\\/10\\\/RMC-500250.png\",\"contentUrl\":\"https:\\\/\\\/repliquemangacine.fr\\\/wp-content\\\/uploads\\\/2023\\\/10\\\/RMC-500250.png\",\"width\":500,\"height\":250,\"caption\":\"R\u00e9plique Manga Cin\u00e9\"},\"image\":{\"@id\":\"https:\\\/\\\/repliquemangacine.fr\\\/#\\\/schema\\\/logo\\\/image\\\/\"},\"sameAs\":[\"https:\\\/\\\/www.facebook.com\\\/RepliqueMangaCine\",\"https:\\\/\\\/www.instagram.com\\\/repliquemangacine.fr\\\/\"]}]}<\/script>\n<!-- \/ Yoast SEO plugin. -->","yoast_head_json":{"title":"Katana di Bud - Vendita katana di Kill Bill - R\u00e9plique Manga Cin\u00e9","description":"Scopri la katana di Bud dei film di Kill Bill al miglior prezzo. Lama in acciaio 440 - Incisione con il messaggio di Bill - Fodero laccato - Piedistallo - 104 cm","robots":{"index":"index","follow":"follow","max-snippet":"max-snippet:-1","max-image-preview":"max-image-preview:large","max-video-preview":"max-video-preview:-1"},"canonical":"https:\/\/repliquemangacine.fr\/it\/katana-kill-bill\/gemma-katana\/","og_locale":"it_IT","og_type":"article","og_title":"Katana de Bud - Vente katana Kill Bill - R\u00e9plique Manga Cin\u00e9","og_description":"D\u00e9couvrez le katana de Bud dans les films Kill Bill au meilleur prix. Lame en acier 440 - Gravure du message de Bill - Fourreau laqu\u00e9 - Support - 104 cm","og_url":"https:\/\/repliquemangacine.fr\/it\/katana-kill-bill\/gemma-katana\/","og_site_name":"R\u00e9plique Manga Cin\u00e9","article_publisher":"https:\/\/www.facebook.com\/RepliqueMangaCine","article_modified_time":"2026-03-13T15:17:05+00:00","og_image":[{"width":500,"height":500,"url":"https:\/\/repliquemangacine.fr\/wp-content\/uploads\/2023\/10\/bud.jpg","type":"image\/jpeg"}],"twitter_card":"summary_large_image","twitter_misc":{"Tempo di lettura stimato":"2 minuti"},"schema":{"@context":"https:\/\/schema.org","@graph":[{"@type":"WebPage","@id":"https:\/\/repliquemangacine.fr\/katana-kill-bill\/katana-de-bud\/","url":"https:\/\/repliquemangacine.fr\/katana-kill-bill\/katana-de-bud\/","name":"Katana di Bud - Vendita katana di Kill Bill - R\u00e9plique Manga Cin\u00e9","isPartOf":{"@id":"https:\/\/repliquemangacine.fr\/#website"},"primaryImageOfPage":{"@id":"https:\/\/repliquemangacine.fr\/katana-kill-bill\/katana-de-bud\/#primaryimage"},"image":{"@id":"https:\/\/repliquemangacine.fr\/katana-kill-bill\/katana-de-bud\/#primaryimage"},"thumbnailUrl":"https:\/\/repliquemangacine.fr\/wp-content\/uploads\/2023\/10\/bud.jpg","datePublished":"2022-08-05T12:51:19+00:00","dateModified":"2026-03-13T15:17:05+00:00","description":"Scopri la katana di Bud dei film di Kill Bill al miglior prezzo. Lama in acciaio 440 - Incisione con il messaggio di Bill - Fodero laccato - Piedistallo - 104 cm","breadcrumb":{"@id":"https:\/\/repliquemangacine.fr\/katana-kill-bill\/katana-de-bud\/#breadcrumb"},"inLanguage":"it-IT","potentialAction":[{"@type":"ReadAction","target":["https:\/\/repliquemangacine.fr\/katana-kill-bill\/katana-de-bud\/"]}]},{"@type":"ImageObject","inLanguage":"it-IT","@id":"https:\/\/repliquemangacine.fr\/katana-kill-bill\/katana-de-bud\/#primaryimage","url":"https:\/\/repliquemangacine.fr\/wp-content\/uploads\/2023\/10\/bud.jpg","contentUrl":"https:\/\/repliquemangacine.fr\/wp-content\/uploads\/2023\/10\/bud.jpg","width":500,"height":500,"caption":"Katana de Bud - Kill Bill"},{"@type":"BreadcrumbList","@id":"https:\/\/repliquemangacine.fr\/katana-kill-bill\/katana-de-bud\/#breadcrumb","itemListElement":[{"@type":"ListItem","position":1,"name":"Accueil","item":"https:\/\/repliquemangacine.fr\/"},{"@type":"ListItem","position":2,"name":"Produits","item":"https:\/\/repliquemangacine.fr\/boutique\/"},{"@type":"ListItem","position":3,"name":"Katana de Bud"}]},{"@type":"WebSite","@id":"https:\/\/repliquemangacine.fr\/#website","url":"https:\/\/repliquemangacine.fr\/","name":"R\u00e9plique Manga Cin\u00e9","description":"","publisher":{"@id":"https:\/\/repliquemangacine.fr\/#organization"},"potentialAction":[{"@type":"SearchAction","target":{"@type":"EntryPoint","urlTemplate":"https:\/\/repliquemangacine.fr\/?s={search_term_string}"},"query-input":{"@type":"PropertyValueSpecification","valueRequired":true,"valueName":"search_term_string"}}],"inLanguage":"it-IT"},{"@type":"Organization","@id":"https:\/\/repliquemangacine.fr\/#organization","name":"R\u00e9plique Manga Cin\u00e9","url":"https:\/\/repliquemangacine.fr\/","logo":{"@type":"ImageObject","inLanguage":"it-IT","@id":"https:\/\/repliquemangacine.fr\/#\/schema\/logo\/image\/","url":"https:\/\/repliquemangacine.fr\/wp-content\/uploads\/2023\/10\/RMC-500250.png","contentUrl":"https:\/\/repliquemangacine.fr\/wp-content\/uploads\/2023\/10\/RMC-500250.png","width":500,"height":250,"caption":"R\u00e9plique Manga Cin\u00e9"},"image":{"@id":"https:\/\/repliquemangacine.fr\/#\/schema\/logo\/image\/"},"sameAs":["https:\/\/www.facebook.com\/RepliqueMangaCine","https:\/\/www.instagram.com\/repliquemangacine.fr\/"]}]}},"_links":{"self":[{"href":"https:\/\/repliquemangacine.fr\/it\/wp-json\/wp\/v2\/product\/52222","targetHints":{"allow":["GET"]}}],"collection":[{"href":"https:\/\/repliquemangacine.fr\/it\/wp-json\/wp\/v2\/product"}],"about":[{"href":"https:\/\/repliquemangacine.fr\/it\/wp-json\/wp\/v2\/types\/product"}],"wp:featuredmedia":[{"embeddable":true,"href":"https:\/\/repliquemangacine.fr\/it\/wp-json\/wp\/v2\/media\/52223"}],"wp:attachment":[{"href":"https:\/\/repliquemangacine.fr\/it\/wp-json\/wp\/v2\/media?parent=52222"}],"wp:term":[{"taxonomy":"product_brand","embeddable":true,"href":"https:\/\/repliquemangacine.fr\/it\/wp-json\/wp\/v2\/product_brand?post=52222"},{"taxonomy":"product_cat","embeddable":true,"href":"https:\/\/repliquemangacine.fr\/it\/wp-json\/wp\/v2\/product_cat?post=52222"},{"taxonomy":"product_tag","embeddable":true,"href":"https:\/\/repliquemangacine.fr\/it\/wp-json\/wp\/v2\/product_tag?post=52222"}],"curies":[{"name":"wp","href":"https:\/\/api.w.org\/{rel}","templated":true}]}}