





{"id":51971,"date":"2022-07-28T19:17:27","date_gmt":"2022-07-28T17:17:27","guid":{"rendered":"https:\/\/repliquemangacine.fr\/?post_type=product&#038;p=51971"},"modified":"2026-03-25T09:35:12","modified_gmt":"2026-03-25T08:35:12","slug":"vulcanico-1854","status":"publish","type":"product","link":"https:\/\/repliquemangacine.fr\/it\/colt-revolver-western\/volcanic-1854\/","title":{"rendered":"Pistola vulcanica 1854"},"content":{"rendered":"<h2>Pistola vulcanica 1854 - Kolser<\/h2>\n<p>Per cominciare, il <strong>Pistola vulcanica 1854<\/strong>\u00a0 affascina i collezionisti, poich\u00e9 \u00e8 stato l'artefice della creazione di due delle pi\u00f9 famose aziende americane di armi da fuoco: Smith &amp; Wesson e Winchester.<\/p>\n<p>Nel 1854, Horace Smith e Daniel B. Wesson unirono le forze con Courtlandt Palmer. Migliorarono ulteriormente il meccanismo di funzionamento, sviluppando la pistola a leva Smith &amp; Wesson e una nuova cartuccia Volcanic.<\/p>\n<p>Progettato e brevettato nel 1854 nel tentativo di risolvere i problemi delle pistole ad ago.<\/p>\n<p>L'arma pi\u00f9 innovativa del suo tempo. Elevata cadenza di fuoco, maggiore capacit\u00e0 rispetto ai suoi contemporanei e munizioni impermeabili. Tuttavia, l'arma presentava alcuni difetti. Le pistole erano ingombranti e difficili da usare senza entrambe le mani.<\/p>\n<h2>La vostra pistola Volcanic 1854 al miglior prezzo.<\/h2>\n<p>Offriamo tutte le repliche di pistole e fucili western Kolser.<\/p>\n<p>Innanzitutto,<\/p>\n<ul>\n<li>Le <a href=\"https:\/\/repliquemangacine.fr\/it\/pistola-kolser\/replique-colt-45-laiton-4-75-pouces-1873-kolser\/\">colt 45 Peacemaker<\/a> Il 1873 ha nominato il Peacemaker in 4,75 pollici e oltre.<\/li>\n<li>Il Winchester<a href=\"https:\/\/repliquemangacine.fr\/it\/pistola-kolser\/mares-leg-55cm-grey-edition-kolser\/\"> Gamba della cavalla<\/a> La carabina a canne mozze di Josh Randall.<\/li>\n<li>E molti altri da scoprire nel nostro negozio online!<\/li>\n<\/ul>\n<p>Il Volcanic 1854 \u00e8 una delle armi utilizzate nei videogiochi.<\/p>\n<p>Per concludere, \u00e8 possibile utilizzare questa riproduzione del <strong>Pistola vulcanica 1854<\/strong> nei vostri spettacoli western, ma anche nelle vostre rievocazioni storiche. Ma soprattutto, \u00e8 anche un oggetto da collezione e un pezzo decorativo.<\/p>\n<p>R\u00e9plique Manga Cin\u00e9 \u00e8 un'azienda francese a conduzione familiare, distributrice del marchio <a href=\"https:\/\/kolser.com\" target=\"_blank\" rel=\"noopener noreferrer\">Kolser<\/a><\/p>\n<h2>Come vengono realizzate le armi Kolser?<\/h2>\n<p>Le pistole Kolser sono realizzate in metallo con finiture speciali in ottone galvanizzato e nichel, con effetti di metallo invecchiato o acciaio ottenuti attraverso meticolosi processi manuali che conferiscono un aspetto unico ai pezzi del marchio.<\/p>\n<p>Situati al massimo livello di qualit\u00e0 sul mercato, preservano lo spirito degli armaioli dei secoli passati per un lavoro ben fatto.<\/p>\n<p>Inoltre, la modernizzazione dei protocolli di progettazione dei nuovi modelli, realizzati con i pi\u00f9 elevati standard, raggiunge questo aspetto molto reale. Allo stesso modo, Kolser innova nei sistemi di produzione e nei processi di assemblaggio manuale per garantire la migliore qualit\u00e0 dei pezzi e dei materiali con cui realizzano i vostri prodotti. <strong>Pistola vulcanica 1854<\/strong>.<\/p>","protected":false},"excerpt":{"rendered":"<p>La riproduzione della pistola vulcanica \u00e8 identica all'originale.<\/p>\n<ul>\n<li>Calibro 41.<\/li>\n<li>Stock di legno.<\/li>\n<li>Canna ottagonale da 6 pollici.<\/li>\n<li>Meccanismo di protezione del grilletto a leva.<\/li>\n<li>Scatola di culatta in metallo e ottone.<\/li>\n<li>Armi in funzione e colpi, ma non in grado di sparare.<\/li>\n<li>Lunghezza canna: 13 cm - Lunghezza totale: 32 cm - Peso: 1325 g<\/li>\n<li><strong>Non \u00e8 richiesta alcuna autorizzazione. Vendita e possesso gratuiti.<\/strong><\/li>\n<\/ul>\n<p><iframe title=\"Lettore video di YouTube\" src=\"https:\/\/www.youtube.com\/embed\/qH9Fnpmnndg\" width=\"560\" height=\"315\" frameborder=\"0\" allowfullscreen=\"allowfullscreen\"><\/iframe><\/p>","protected":false},"featured_media":51972,"template":"","meta":[],"product_brand":[896],"product_cat":[100,34,77,28],"product_tag":[],"class_list":{"0":"post-51971","1":"product","2":"type-product","3":"status-publish","4":"has-post-thumbnail","6":"product_brand-replique-manga-cine","7":"product_cat-arme-kolser","8":"product_cat-armes-westerns","9":"product_cat-colt-revolver-western","10":"product_cat-repliques-darmes","12":"first","13":"instock","14":"taxable","15":"shipping-taxable","16":"purchasable","17":"product-type-simple"},"yoast_head":"<!-- This site is optimized with the Yoast SEO plugin v27.4 - https:\/\/yoast.com\/product\/yoast-seo-wordpress\/ -->\n<title>Pistolet Volcanic 1854 - Vente armes Kolser - R\u00e9plique Manga Cin\u00e9<\/title>\n<meta name=\"description\" content=\"Offrez-lui ! Ce Pistolet Volcanic 1854 de la marque Kolser au meilleur prix - En m\u00e9tal et laiton - M\u00e9canisme de levier de sous-garde - Longueur : 32 cm\" \/>\n<meta name=\"robots\" content=\"index, follow, max-snippet:-1, max-image-preview:large, max-video-preview:-1\" \/>\n<link rel=\"canonical\" href=\"https:\/\/repliquemangacine.fr\/it\/pistola-kolser\/vulcanico-1854\/\" \/>\n<meta property=\"og:locale\" content=\"it_IT\" \/>\n<meta property=\"og:type\" content=\"article\" \/>\n<meta property=\"og:title\" content=\"Pistolet Volcanic 1854 - Vente armes Kolser - R\u00e9plique Manga Cin\u00e9\" \/>\n<meta property=\"og:description\" content=\"Offrez-lui ! Ce Pistolet Volcanic 1854 de la marque Kolser au meilleur prix - En m\u00e9tal et laiton - M\u00e9canisme de levier de sous-garde - Longueur : 32 cm\" \/>\n<meta property=\"og:url\" content=\"https:\/\/repliquemangacine.fr\/it\/pistola-kolser\/vulcanico-1854\/\" \/>\n<meta property=\"og:site_name\" content=\"R\u00e9plique Manga Cin\u00e9\" \/>\n<meta property=\"article:publisher\" content=\"https:\/\/www.facebook.com\/RepliqueMangaCine\" \/>\n<meta property=\"article:modified_time\" content=\"2026-03-25T08:35:12+00:00\" \/>\n<meta property=\"og:image\" content=\"https:\/\/repliquemangacine.fr\/wp-content\/uploads\/2023\/10\/Volcanic-1854.png\" \/>\n\t<meta property=\"og:image:width\" content=\"500\" \/>\n\t<meta property=\"og:image:height\" content=\"500\" \/>\n\t<meta property=\"og:image:type\" content=\"image\/png\" \/>\n<meta name=\"twitter:card\" content=\"summary_large_image\" \/>\n<meta name=\"twitter:label1\" content=\"Tempo di lettura stimato\" \/>\n\t<meta name=\"twitter:data1\" content=\"2 minuti\" \/>\n<script type=\"application\/ld+json\" class=\"yoast-schema-graph\">{\"@context\":\"https:\\\/\\\/schema.org\",\"@graph\":[{\"@type\":\"WebPage\",\"@id\":\"https:\\\/\\\/repliquemangacine.fr\\\/arme-kolser\\\/volcanic-1854\\\/\",\"url\":\"https:\\\/\\\/repliquemangacine.fr\\\/arme-kolser\\\/volcanic-1854\\\/\",\"name\":\"Pistolet Volcanic 1854 - Vente armes Kolser - R\u00e9plique Manga Cin\u00e9\",\"isPartOf\":{\"@id\":\"https:\\\/\\\/repliquemangacine.fr\\\/#website\"},\"primaryImageOfPage\":{\"@id\":\"https:\\\/\\\/repliquemangacine.fr\\\/arme-kolser\\\/volcanic-1854\\\/#primaryimage\"},\"image\":{\"@id\":\"https:\\\/\\\/repliquemangacine.fr\\\/arme-kolser\\\/volcanic-1854\\\/#primaryimage\"},\"thumbnailUrl\":\"https:\\\/\\\/repliquemangacine.fr\\\/wp-content\\\/uploads\\\/2023\\\/10\\\/Volcanic-1854.png\",\"datePublished\":\"2022-07-28T17:17:27+00:00\",\"dateModified\":\"2026-03-25T08:35:12+00:00\",\"description\":\"Offrez-lui ! Ce Pistolet Volcanic 1854 de la marque Kolser au meilleur prix - En m\u00e9tal et laiton - M\u00e9canisme de levier de sous-garde - Longueur : 32 cm\",\"breadcrumb\":{\"@id\":\"https:\\\/\\\/repliquemangacine.fr\\\/arme-kolser\\\/volcanic-1854\\\/#breadcrumb\"},\"inLanguage\":\"it-IT\",\"potentialAction\":[{\"@type\":\"ReadAction\",\"target\":[\"https:\\\/\\\/repliquemangacine.fr\\\/arme-kolser\\\/volcanic-1854\\\/\"]}]},{\"@type\":\"ImageObject\",\"inLanguage\":\"it-IT\",\"@id\":\"https:\\\/\\\/repliquemangacine.fr\\\/arme-kolser\\\/volcanic-1854\\\/#primaryimage\",\"url\":\"https:\\\/\\\/repliquemangacine.fr\\\/wp-content\\\/uploads\\\/2023\\\/10\\\/Volcanic-1854.png\",\"contentUrl\":\"https:\\\/\\\/repliquemangacine.fr\\\/wp-content\\\/uploads\\\/2023\\\/10\\\/Volcanic-1854.png\",\"width\":500,\"height\":500,\"caption\":\"Volcanic 1854 kolser\"},{\"@type\":\"BreadcrumbList\",\"@id\":\"https:\\\/\\\/repliquemangacine.fr\\\/arme-kolser\\\/volcanic-1854\\\/#breadcrumb\",\"itemListElement\":[{\"@type\":\"ListItem\",\"position\":1,\"name\":\"Accueil\",\"item\":\"https:\\\/\\\/repliquemangacine.fr\\\/\"},{\"@type\":\"ListItem\",\"position\":2,\"name\":\"Produits\",\"item\":\"https:\\\/\\\/repliquemangacine.fr\\\/boutique\\\/\"},{\"@type\":\"ListItem\",\"position\":3,\"name\":\"Pistolet Volcanic 1854\"}]},{\"@type\":\"WebSite\",\"@id\":\"https:\\\/\\\/repliquemangacine.fr\\\/#website\",\"url\":\"https:\\\/\\\/repliquemangacine.fr\\\/\",\"name\":\"R\u00e9plique Manga Cin\u00e9\",\"description\":\"\",\"publisher\":{\"@id\":\"https:\\\/\\\/repliquemangacine.fr\\\/#organization\"},\"potentialAction\":[{\"@type\":\"SearchAction\",\"target\":{\"@type\":\"EntryPoint\",\"urlTemplate\":\"https:\\\/\\\/repliquemangacine.fr\\\/?s={search_term_string}\"},\"query-input\":{\"@type\":\"PropertyValueSpecification\",\"valueRequired\":true,\"valueName\":\"search_term_string\"}}],\"inLanguage\":\"it-IT\"},{\"@type\":\"Organization\",\"@id\":\"https:\\\/\\\/repliquemangacine.fr\\\/#organization\",\"name\":\"R\u00e9plique Manga Cin\u00e9\",\"url\":\"https:\\\/\\\/repliquemangacine.fr\\\/\",\"logo\":{\"@type\":\"ImageObject\",\"inLanguage\":\"it-IT\",\"@id\":\"https:\\\/\\\/repliquemangacine.fr\\\/#\\\/schema\\\/logo\\\/image\\\/\",\"url\":\"https:\\\/\\\/repliquemangacine.fr\\\/wp-content\\\/uploads\\\/2023\\\/10\\\/RMC-500250.png\",\"contentUrl\":\"https:\\\/\\\/repliquemangacine.fr\\\/wp-content\\\/uploads\\\/2023\\\/10\\\/RMC-500250.png\",\"width\":500,\"height\":250,\"caption\":\"R\u00e9plique Manga Cin\u00e9\"},\"image\":{\"@id\":\"https:\\\/\\\/repliquemangacine.fr\\\/#\\\/schema\\\/logo\\\/image\\\/\"},\"sameAs\":[\"https:\\\/\\\/www.facebook.com\\\/RepliqueMangaCine\",\"https:\\\/\\\/www.instagram.com\\\/repliquemangacine.fr\\\/\"]}]}<\/script>\n<!-- \/ Yoast SEO plugin. -->","yoast_head_json":{"title":"Pistola Volcanic 1854 - Vendita armi Kolser - R\u00e9plique Manga Cin\u00e9","description":"Regalatelo a lui! Questo Pistolet Volcanic 1854 di Kolser al miglior prezzo - In metallo e ottone - Meccanismo a leva di sicurezza - Lunghezza: 32 cm","robots":{"index":"index","follow":"follow","max-snippet":"max-snippet:-1","max-image-preview":"max-image-preview:large","max-video-preview":"max-video-preview:-1"},"canonical":"https:\/\/repliquemangacine.fr\/it\/pistola-kolser\/vulcanico-1854\/","og_locale":"it_IT","og_type":"article","og_title":"Pistolet Volcanic 1854 - Vente armes Kolser - R\u00e9plique Manga Cin\u00e9","og_description":"Offrez-lui ! Ce Pistolet Volcanic 1854 de la marque Kolser au meilleur prix - En m\u00e9tal et laiton - M\u00e9canisme de levier de sous-garde - Longueur : 32 cm","og_url":"https:\/\/repliquemangacine.fr\/it\/pistola-kolser\/vulcanico-1854\/","og_site_name":"R\u00e9plique Manga Cin\u00e9","article_publisher":"https:\/\/www.facebook.com\/RepliqueMangaCine","article_modified_time":"2026-03-25T08:35:12+00:00","og_image":[{"width":500,"height":500,"url":"https:\/\/repliquemangacine.fr\/wp-content\/uploads\/2023\/10\/Volcanic-1854.png","type":"image\/png"}],"twitter_card":"summary_large_image","twitter_misc":{"Tempo di lettura stimato":"2 minuti"},"schema":{"@context":"https:\/\/schema.org","@graph":[{"@type":"WebPage","@id":"https:\/\/repliquemangacine.fr\/arme-kolser\/volcanic-1854\/","url":"https:\/\/repliquemangacine.fr\/arme-kolser\/volcanic-1854\/","name":"Pistola Volcanic 1854 - Vendita armi Kolser - R\u00e9plique Manga Cin\u00e9","isPartOf":{"@id":"https:\/\/repliquemangacine.fr\/#website"},"primaryImageOfPage":{"@id":"https:\/\/repliquemangacine.fr\/arme-kolser\/volcanic-1854\/#primaryimage"},"image":{"@id":"https:\/\/repliquemangacine.fr\/arme-kolser\/volcanic-1854\/#primaryimage"},"thumbnailUrl":"https:\/\/repliquemangacine.fr\/wp-content\/uploads\/2023\/10\/Volcanic-1854.png","datePublished":"2022-07-28T17:17:27+00:00","dateModified":"2026-03-25T08:35:12+00:00","description":"Regalatelo a lui! Questo Pistolet Volcanic 1854 di Kolser al miglior prezzo - In metallo e ottone - Meccanismo a leva di sicurezza - Lunghezza: 32 cm","breadcrumb":{"@id":"https:\/\/repliquemangacine.fr\/arme-kolser\/volcanic-1854\/#breadcrumb"},"inLanguage":"it-IT","potentialAction":[{"@type":"ReadAction","target":["https:\/\/repliquemangacine.fr\/arme-kolser\/volcanic-1854\/"]}]},{"@type":"ImageObject","inLanguage":"it-IT","@id":"https:\/\/repliquemangacine.fr\/arme-kolser\/volcanic-1854\/#primaryimage","url":"https:\/\/repliquemangacine.fr\/wp-content\/uploads\/2023\/10\/Volcanic-1854.png","contentUrl":"https:\/\/repliquemangacine.fr\/wp-content\/uploads\/2023\/10\/Volcanic-1854.png","width":500,"height":500,"caption":"Volcanic 1854 kolser"},{"@type":"BreadcrumbList","@id":"https:\/\/repliquemangacine.fr\/arme-kolser\/volcanic-1854\/#breadcrumb","itemListElement":[{"@type":"ListItem","position":1,"name":"Accueil","item":"https:\/\/repliquemangacine.fr\/"},{"@type":"ListItem","position":2,"name":"Produits","item":"https:\/\/repliquemangacine.fr\/boutique\/"},{"@type":"ListItem","position":3,"name":"Pistolet Volcanic 1854"}]},{"@type":"WebSite","@id":"https:\/\/repliquemangacine.fr\/#website","url":"https:\/\/repliquemangacine.fr\/","name":"R\u00e9plique Manga Cin\u00e9","description":"","publisher":{"@id":"https:\/\/repliquemangacine.fr\/#organization"},"potentialAction":[{"@type":"SearchAction","target":{"@type":"EntryPoint","urlTemplate":"https:\/\/repliquemangacine.fr\/?s={search_term_string}"},"query-input":{"@type":"PropertyValueSpecification","valueRequired":true,"valueName":"search_term_string"}}],"inLanguage":"it-IT"},{"@type":"Organization","@id":"https:\/\/repliquemangacine.fr\/#organization","name":"R\u00e9plique Manga Cin\u00e9","url":"https:\/\/repliquemangacine.fr\/","logo":{"@type":"ImageObject","inLanguage":"it-IT","@id":"https:\/\/repliquemangacine.fr\/#\/schema\/logo\/image\/","url":"https:\/\/repliquemangacine.fr\/wp-content\/uploads\/2023\/10\/RMC-500250.png","contentUrl":"https:\/\/repliquemangacine.fr\/wp-content\/uploads\/2023\/10\/RMC-500250.png","width":500,"height":250,"caption":"R\u00e9plique Manga Cin\u00e9"},"image":{"@id":"https:\/\/repliquemangacine.fr\/#\/schema\/logo\/image\/"},"sameAs":["https:\/\/www.facebook.com\/RepliqueMangaCine","https:\/\/www.instagram.com\/repliquemangacine.fr\/"]}]}},"_links":{"self":[{"href":"https:\/\/repliquemangacine.fr\/it\/wp-json\/wp\/v2\/product\/51971","targetHints":{"allow":["GET"]}}],"collection":[{"href":"https:\/\/repliquemangacine.fr\/it\/wp-json\/wp\/v2\/product"}],"about":[{"href":"https:\/\/repliquemangacine.fr\/it\/wp-json\/wp\/v2\/types\/product"}],"wp:featuredmedia":[{"embeddable":true,"href":"https:\/\/repliquemangacine.fr\/it\/wp-json\/wp\/v2\/media\/51972"}],"wp:attachment":[{"href":"https:\/\/repliquemangacine.fr\/it\/wp-json\/wp\/v2\/media?parent=51971"}],"wp:term":[{"taxonomy":"product_brand","embeddable":true,"href":"https:\/\/repliquemangacine.fr\/it\/wp-json\/wp\/v2\/product_brand?post=51971"},{"taxonomy":"product_cat","embeddable":true,"href":"https:\/\/repliquemangacine.fr\/it\/wp-json\/wp\/v2\/product_cat?post=51971"},{"taxonomy":"product_tag","embeddable":true,"href":"https:\/\/repliquemangacine.fr\/it\/wp-json\/wp\/v2\/product_tag?post=51971"}],"curies":[{"name":"wp","href":"https:\/\/api.w.org\/{rel}","templated":true}]}}