





{"id":51618,"date":"2022-07-11T14:50:45","date_gmt":"2022-07-11T12:50:45","guid":{"rendered":"https:\/\/repliquemangacine.fr\/?post_type=product&#038;p=51618"},"modified":"2025-10-10T14:11:16","modified_gmt":"2025-10-10T12:11:16","slug":"scudo-vichingo-in-legno","status":"publish","type":"product","link":"https:\/\/repliquemangacine.fr\/it\/armes-et-accessoires-vikings\/bouclier-viking-en-bois\/","title":{"rendered":"Scudo vichingo in legno"},"content":{"rendered":"<h2>Scudo vichingo in legno con umbone in acciaio<\/h2>\n<p>Per cominciare, lo scudo vichingo in legno ispirato agli originali dell'epoca.<\/p>\n<p>Il <a href=\"https:\/\/www.futura-sciences.com\/sciences\/questions-reponses\/histoire-histoire-vikings-leur-epopee-13777\/\" target=\"_blank\" rel=\"noopener noreferrer\">Vichinghi<\/a> erano i guerrieri pi\u00f9 potenti che l'Europa abbia mai conosciuto. Combattenti rinomati per il loro coraggio, la loro audacia e la loro ferocia, ma soprattutto per la loro violenza. Una civilt\u00e0 segnata da una religione originale, dominata dagli dei Odino e Thor.<\/p>\n<p>Erano molto ingegnosi quando si trattava di costruire scudi. Riuscivano a collegare l'impugnatura sul retro dello scudo con il capo d'acciaio per proteggere la mano. Inoltre, realizzarono una parete dello scudo in modo che potesse essere sia difensivo che offensivo. Infine, gli scudi erano anche attaccati alle loro navi per proteggere l'equipaggio in combattimento.<\/p>\n<h2>Il vostro scudo vichingo in legno al miglior prezzo.<\/h2>\n<p>Offriamo una vasta gamma di repliche della serie Viking, ma non solo!<\/p>\n<p>Innanzitutto,<\/p>\n<ul>\n<li>L'<a href=\"https:\/\/repliquemangacine.fr\/it\/vichingo\/spada-vichinga-ironside\/\">Spada vichinga Ironside<\/a> de Condor che prende il nome da Bj\u00f6rn Ironside, il leggendario re vichingo di Upsal.<\/li>\n<li>Ma anche il<a href=\"https:\/\/repliquemangacine.fr\/it\/armi-vichinghe\/replica-della-spada-di-re-ragnar-lothbrok-della-serie-tv-vikings\/\">La spada di re Ragnar Lothbrok<\/a> con la sua lama in acciaio inossidabile a specchio e le rune vichinghe incise.<\/li>\n<li>E molto altro ancora da scoprire nel nostro negozio online!<\/li>\n<\/ul>\n<p>Ecco perch\u00e9 questa \u00e8 un'ottima idea regalo per tutti i fan dei Viking.<\/p>\n<p>In conclusione, \u00e8 possibile utilizzare il metodo <strong>Scudo vichingo in legno<\/strong> per le vostre rievocazioni storiche. \u00c8 anche un ottimo oggetto da collezione o da esposizione per tutti gli appassionati dell'epoca vichinga.<\/p>\n<h2>Come si usa lo scudo del guerriero?<\/h2>\n<p>Conosciuti in tutto il mondo come grandi e coraggiosi guerrieri, i Vichinghi erano molto efficaci nei loro attacchi e nella loro protezione.<\/p>\n<p>I Vichinghi utilizzavano una formazione bellica molto efficace che permetteva loro di indebolire i nemici senza subire gravi perdite. Una volta indeboliti i nemici, ne rompevano le linee e li schiacciavano con facilit\u00e0.<\/p>\n<p>Questa formazione \u00e8 oggi nota come \u201cparete a scudo\u201d.<\/p>\n<p>Inoltre, decoravano i loro scudi con rune o figure di animali, simboli che si riferivano alle divinit\u00e0 nordiche. Ma i loro obiettivi erano anche strategici. Infatti, i <strong>Scudo vichingo in legno<\/strong> che viene verniciato, impedisce all'acqua di essere assorbita dal legno, rendendolo molto pi\u00f9 pesante.<\/p>","protected":false},"excerpt":{"rendered":"<p>Scudo vichingo rotondo in legno.<\/p>\n<ul>\n<li>Rondelle di legno.<\/li>\n<li>Rinforzi in acciaio umbratile e rivettato.<\/li>\n<li>Il bordo dello scudo \u00e8 protetto da un anello di acciaio.<\/li>\n<li>Manico in metallo rivettato e tracolla in pelle regolabile.<\/li>\n<\/ul>\n<p>Diametro: 54,5 cm - Spessore: 1,3 cm - Peso: circa 2,5 kg<\/p>","protected":false},"featured_media":51619,"template":"","meta":[],"product_brand":[896],"product_cat":[25,24,103,57],"product_tag":[],"class_list":{"0":"post-51618","1":"product","2":"type-product","3":"status-publish","4":"has-post-thumbnail","6":"product_brand-replique-manga-cine","7":"product_cat-armes-historiques","8":"product_cat-films-series-tv-vente-de-katana-epee-et-produits-derives","9":"product_cat-armes-et-accessoires-vikings","10":"product_cat-armes-vikings","12":"first","13":"instock","14":"taxable","15":"shipping-taxable","16":"purchasable","17":"product-type-simple"},"yoast_head":"<!-- This site is optimized with the Yoast SEO plugin v27.4 - https:\/\/yoast.com\/product\/yoast-seo-wordpress\/ -->\n<title>Bouclier Viking en bois - Boutique en ligne - R\u00e9plique Manga Cin\u00e9<\/title>\n<meta name=\"description\" content=\"Offrez-vous ce Bouclier Viking en Bois au meilleur prix - Rondache en bois - Umbo et renforts rivet\u00e9s en acier - Diam\u00e8tre : 54.5 cm - Poids : 2.5 kg\" \/>\n<meta name=\"robots\" content=\"index, follow, max-snippet:-1, max-image-preview:large, max-video-preview:-1\" \/>\n<link rel=\"canonical\" href=\"https:\/\/repliquemangacine.fr\/it\/armi-e-accessori-vichinghi\/scudo-vichingo-in-legno\/\" \/>\n<meta property=\"og:locale\" content=\"it_IT\" \/>\n<meta property=\"og:type\" content=\"article\" \/>\n<meta property=\"og:title\" content=\"Bouclier Viking en bois - Boutique en ligne - R\u00e9plique Manga Cin\u00e9\" \/>\n<meta property=\"og:description\" content=\"Offrez-vous ce Bouclier Viking en Bois au meilleur prix - Rondache en bois - Umbo et renforts rivet\u00e9s en acier - Diam\u00e8tre : 54.5 cm - Poids : 2.5 kg\" \/>\n<meta property=\"og:url\" content=\"https:\/\/repliquemangacine.fr\/it\/armi-e-accessori-vichinghi\/scudo-vichingo-in-legno\/\" \/>\n<meta property=\"og:site_name\" content=\"R\u00e9plique Manga Cin\u00e9\" \/>\n<meta property=\"article:publisher\" content=\"https:\/\/www.facebook.com\/RepliqueMangaCine\" \/>\n<meta property=\"article:modified_time\" content=\"2025-10-10T12:11:16+00:00\" \/>\n<meta property=\"og:image\" content=\"https:\/\/repliquemangacine.fr\/wp-content\/uploads\/2023\/10\/Bouclier-Viking-bois.jpg\" \/>\n\t<meta property=\"og:image:width\" content=\"500\" \/>\n\t<meta property=\"og:image:height\" content=\"500\" \/>\n\t<meta property=\"og:image:type\" content=\"image\/jpeg\" \/>\n<meta name=\"twitter:card\" content=\"summary_large_image\" \/>\n<meta name=\"twitter:label1\" content=\"Tempo di lettura stimato\" \/>\n\t<meta name=\"twitter:data1\" content=\"2 minuti\" \/>\n<script type=\"application\/ld+json\" class=\"yoast-schema-graph\">{\"@context\":\"https:\\\/\\\/schema.org\",\"@graph\":[{\"@type\":\"WebPage\",\"@id\":\"https:\\\/\\\/repliquemangacine.fr\\\/armes-et-accessoires-vikings\\\/bouclier-viking-en-bois\\\/\",\"url\":\"https:\\\/\\\/repliquemangacine.fr\\\/armes-et-accessoires-vikings\\\/bouclier-viking-en-bois\\\/\",\"name\":\"Bouclier Viking en bois - Boutique en ligne - R\u00e9plique Manga Cin\u00e9\",\"isPartOf\":{\"@id\":\"https:\\\/\\\/repliquemangacine.fr\\\/#website\"},\"primaryImageOfPage\":{\"@id\":\"https:\\\/\\\/repliquemangacine.fr\\\/armes-et-accessoires-vikings\\\/bouclier-viking-en-bois\\\/#primaryimage\"},\"image\":{\"@id\":\"https:\\\/\\\/repliquemangacine.fr\\\/armes-et-accessoires-vikings\\\/bouclier-viking-en-bois\\\/#primaryimage\"},\"thumbnailUrl\":\"https:\\\/\\\/repliquemangacine.fr\\\/wp-content\\\/uploads\\\/2023\\\/10\\\/Bouclier-Viking-bois.jpg\",\"datePublished\":\"2022-07-11T12:50:45+00:00\",\"dateModified\":\"2025-10-10T12:11:16+00:00\",\"description\":\"Offrez-vous ce Bouclier Viking en Bois au meilleur prix - Rondache en bois - Umbo et renforts rivet\u00e9s en acier - Diam\u00e8tre : 54.5 cm - Poids : 2.5 kg\",\"breadcrumb\":{\"@id\":\"https:\\\/\\\/repliquemangacine.fr\\\/armes-et-accessoires-vikings\\\/bouclier-viking-en-bois\\\/#breadcrumb\"},\"inLanguage\":\"it-IT\",\"potentialAction\":[{\"@type\":\"ReadAction\",\"target\":[\"https:\\\/\\\/repliquemangacine.fr\\\/armes-et-accessoires-vikings\\\/bouclier-viking-en-bois\\\/\"]}]},{\"@type\":\"ImageObject\",\"inLanguage\":\"it-IT\",\"@id\":\"https:\\\/\\\/repliquemangacine.fr\\\/armes-et-accessoires-vikings\\\/bouclier-viking-en-bois\\\/#primaryimage\",\"url\":\"https:\\\/\\\/repliquemangacine.fr\\\/wp-content\\\/uploads\\\/2023\\\/10\\\/Bouclier-Viking-bois.jpg\",\"contentUrl\":\"https:\\\/\\\/repliquemangacine.fr\\\/wp-content\\\/uploads\\\/2023\\\/10\\\/Bouclier-Viking-bois.jpg\",\"width\":500,\"height\":500,\"caption\":\"Bouclier-Viking-bois rivete\"},{\"@type\":\"BreadcrumbList\",\"@id\":\"https:\\\/\\\/repliquemangacine.fr\\\/armes-et-accessoires-vikings\\\/bouclier-viking-en-bois\\\/#breadcrumb\",\"itemListElement\":[{\"@type\":\"ListItem\",\"position\":1,\"name\":\"Accueil\",\"item\":\"https:\\\/\\\/repliquemangacine.fr\\\/\"},{\"@type\":\"ListItem\",\"position\":2,\"name\":\"Produits\",\"item\":\"https:\\\/\\\/repliquemangacine.fr\\\/boutique\\\/\"},{\"@type\":\"ListItem\",\"position\":3,\"name\":\"Bouclier Viking Bois\"}]},{\"@type\":\"WebSite\",\"@id\":\"https:\\\/\\\/repliquemangacine.fr\\\/#website\",\"url\":\"https:\\\/\\\/repliquemangacine.fr\\\/\",\"name\":\"R\u00e9plique Manga Cin\u00e9\",\"description\":\"\",\"publisher\":{\"@id\":\"https:\\\/\\\/repliquemangacine.fr\\\/#organization\"},\"potentialAction\":[{\"@type\":\"SearchAction\",\"target\":{\"@type\":\"EntryPoint\",\"urlTemplate\":\"https:\\\/\\\/repliquemangacine.fr\\\/?s={search_term_string}\"},\"query-input\":{\"@type\":\"PropertyValueSpecification\",\"valueRequired\":true,\"valueName\":\"search_term_string\"}}],\"inLanguage\":\"it-IT\"},{\"@type\":\"Organization\",\"@id\":\"https:\\\/\\\/repliquemangacine.fr\\\/#organization\",\"name\":\"R\u00e9plique Manga Cin\u00e9\",\"url\":\"https:\\\/\\\/repliquemangacine.fr\\\/\",\"logo\":{\"@type\":\"ImageObject\",\"inLanguage\":\"it-IT\",\"@id\":\"https:\\\/\\\/repliquemangacine.fr\\\/#\\\/schema\\\/logo\\\/image\\\/\",\"url\":\"https:\\\/\\\/repliquemangacine.fr\\\/wp-content\\\/uploads\\\/2023\\\/10\\\/RMC-500250.png\",\"contentUrl\":\"https:\\\/\\\/repliquemangacine.fr\\\/wp-content\\\/uploads\\\/2023\\\/10\\\/RMC-500250.png\",\"width\":500,\"height\":250,\"caption\":\"R\u00e9plique Manga Cin\u00e9\"},\"image\":{\"@id\":\"https:\\\/\\\/repliquemangacine.fr\\\/#\\\/schema\\\/logo\\\/image\\\/\"},\"sameAs\":[\"https:\\\/\\\/www.facebook.com\\\/RepliqueMangaCine\",\"https:\\\/\\\/www.instagram.com\\\/repliquemangacine.fr\\\/\"]}]}<\/script>\n<!-- \/ Yoast SEO plugin. -->","yoast_head_json":{"title":"Scudo vichingo di legno - Negozio online - R\u00e9plique Manga Cin\u00e9","description":"Regalatevi questo scudo vichingo in legno al miglior prezzo - Tondo in legno - Umbo e rinforzi rivettati in acciaio - Diametro : 54,5 cm - Peso : 2,5 kg","robots":{"index":"index","follow":"follow","max-snippet":"max-snippet:-1","max-image-preview":"max-image-preview:large","max-video-preview":"max-video-preview:-1"},"canonical":"https:\/\/repliquemangacine.fr\/it\/armi-e-accessori-vichinghi\/scudo-vichingo-in-legno\/","og_locale":"it_IT","og_type":"article","og_title":"Bouclier Viking en bois - Boutique en ligne - R\u00e9plique Manga Cin\u00e9","og_description":"Offrez-vous ce Bouclier Viking en Bois au meilleur prix - Rondache en bois - Umbo et renforts rivet\u00e9s en acier - Diam\u00e8tre : 54.5 cm - Poids : 2.5 kg","og_url":"https:\/\/repliquemangacine.fr\/it\/armi-e-accessori-vichinghi\/scudo-vichingo-in-legno\/","og_site_name":"R\u00e9plique Manga Cin\u00e9","article_publisher":"https:\/\/www.facebook.com\/RepliqueMangaCine","article_modified_time":"2025-10-10T12:11:16+00:00","og_image":[{"width":500,"height":500,"url":"https:\/\/repliquemangacine.fr\/wp-content\/uploads\/2023\/10\/Bouclier-Viking-bois.jpg","type":"image\/jpeg"}],"twitter_card":"summary_large_image","twitter_misc":{"Tempo di lettura stimato":"2 minuti"},"schema":{"@context":"https:\/\/schema.org","@graph":[{"@type":"WebPage","@id":"https:\/\/repliquemangacine.fr\/armes-et-accessoires-vikings\/bouclier-viking-en-bois\/","url":"https:\/\/repliquemangacine.fr\/armes-et-accessoires-vikings\/bouclier-viking-en-bois\/","name":"Scudo vichingo di legno - Negozio online - R\u00e9plique Manga Cin\u00e9","isPartOf":{"@id":"https:\/\/repliquemangacine.fr\/#website"},"primaryImageOfPage":{"@id":"https:\/\/repliquemangacine.fr\/armes-et-accessoires-vikings\/bouclier-viking-en-bois\/#primaryimage"},"image":{"@id":"https:\/\/repliquemangacine.fr\/armes-et-accessoires-vikings\/bouclier-viking-en-bois\/#primaryimage"},"thumbnailUrl":"https:\/\/repliquemangacine.fr\/wp-content\/uploads\/2023\/10\/Bouclier-Viking-bois.jpg","datePublished":"2022-07-11T12:50:45+00:00","dateModified":"2025-10-10T12:11:16+00:00","description":"Regalatevi questo scudo vichingo in legno al miglior prezzo - Tondo in legno - Umbo e rinforzi rivettati in acciaio - Diametro : 54,5 cm - Peso : 2,5 kg","breadcrumb":{"@id":"https:\/\/repliquemangacine.fr\/armes-et-accessoires-vikings\/bouclier-viking-en-bois\/#breadcrumb"},"inLanguage":"it-IT","potentialAction":[{"@type":"ReadAction","target":["https:\/\/repliquemangacine.fr\/armes-et-accessoires-vikings\/bouclier-viking-en-bois\/"]}]},{"@type":"ImageObject","inLanguage":"it-IT","@id":"https:\/\/repliquemangacine.fr\/armes-et-accessoires-vikings\/bouclier-viking-en-bois\/#primaryimage","url":"https:\/\/repliquemangacine.fr\/wp-content\/uploads\/2023\/10\/Bouclier-Viking-bois.jpg","contentUrl":"https:\/\/repliquemangacine.fr\/wp-content\/uploads\/2023\/10\/Bouclier-Viking-bois.jpg","width":500,"height":500,"caption":"Bouclier-Viking-bois rivete"},{"@type":"BreadcrumbList","@id":"https:\/\/repliquemangacine.fr\/armes-et-accessoires-vikings\/bouclier-viking-en-bois\/#breadcrumb","itemListElement":[{"@type":"ListItem","position":1,"name":"Accueil","item":"https:\/\/repliquemangacine.fr\/"},{"@type":"ListItem","position":2,"name":"Produits","item":"https:\/\/repliquemangacine.fr\/boutique\/"},{"@type":"ListItem","position":3,"name":"Bouclier Viking Bois"}]},{"@type":"WebSite","@id":"https:\/\/repliquemangacine.fr\/#website","url":"https:\/\/repliquemangacine.fr\/","name":"R\u00e9plique Manga Cin\u00e9","description":"","publisher":{"@id":"https:\/\/repliquemangacine.fr\/#organization"},"potentialAction":[{"@type":"SearchAction","target":{"@type":"EntryPoint","urlTemplate":"https:\/\/repliquemangacine.fr\/?s={search_term_string}"},"query-input":{"@type":"PropertyValueSpecification","valueRequired":true,"valueName":"search_term_string"}}],"inLanguage":"it-IT"},{"@type":"Organization","@id":"https:\/\/repliquemangacine.fr\/#organization","name":"R\u00e9plique Manga Cin\u00e9","url":"https:\/\/repliquemangacine.fr\/","logo":{"@type":"ImageObject","inLanguage":"it-IT","@id":"https:\/\/repliquemangacine.fr\/#\/schema\/logo\/image\/","url":"https:\/\/repliquemangacine.fr\/wp-content\/uploads\/2023\/10\/RMC-500250.png","contentUrl":"https:\/\/repliquemangacine.fr\/wp-content\/uploads\/2023\/10\/RMC-500250.png","width":500,"height":250,"caption":"R\u00e9plique Manga Cin\u00e9"},"image":{"@id":"https:\/\/repliquemangacine.fr\/#\/schema\/logo\/image\/"},"sameAs":["https:\/\/www.facebook.com\/RepliqueMangaCine","https:\/\/www.instagram.com\/repliquemangacine.fr\/"]}]}},"_links":{"self":[{"href":"https:\/\/repliquemangacine.fr\/it\/wp-json\/wp\/v2\/product\/51618","targetHints":{"allow":["GET"]}}],"collection":[{"href":"https:\/\/repliquemangacine.fr\/it\/wp-json\/wp\/v2\/product"}],"about":[{"href":"https:\/\/repliquemangacine.fr\/it\/wp-json\/wp\/v2\/types\/product"}],"wp:featuredmedia":[{"embeddable":true,"href":"https:\/\/repliquemangacine.fr\/it\/wp-json\/wp\/v2\/media\/51619"}],"wp:attachment":[{"href":"https:\/\/repliquemangacine.fr\/it\/wp-json\/wp\/v2\/media?parent=51618"}],"wp:term":[{"taxonomy":"product_brand","embeddable":true,"href":"https:\/\/repliquemangacine.fr\/it\/wp-json\/wp\/v2\/product_brand?post=51618"},{"taxonomy":"product_cat","embeddable":true,"href":"https:\/\/repliquemangacine.fr\/it\/wp-json\/wp\/v2\/product_cat?post=51618"},{"taxonomy":"product_tag","embeddable":true,"href":"https:\/\/repliquemangacine.fr\/it\/wp-json\/wp\/v2\/product_tag?post=51618"}],"curies":[{"name":"wp","href":"https:\/\/api.w.org\/{rel}","templated":true}]}}