





{"id":50654,"date":"2022-05-18T17:20:33","date_gmt":"2022-05-18T15:20:33","guid":{"rendered":"https:\/\/repliquemangacine.fr\/?post_type=product&#038;p=50654"},"modified":"2025-12-01T23:54:33","modified_gmt":"2025-12-01T22:54:33","slug":"replica-pugno-dasuma-naruto-inseguitore-selvaggio","status":"publish","type":"product","link":"https:\/\/repliquemangacine.fr\/it\/kunai-et-shuriken-naruto\/replique-wild-tracker-poing-dasuma-naruto\/","title":{"rendered":"Pugno di Asuma Naruto"},"content":{"rendered":"<h2>Il pugno dell'inseguitore selvaggio Asuma in Naruto<\/h2>\n<p>Per cominciare, il <strong>Pugno di Asuma Naruto<\/strong>\u00e8 la sua lama del Chakra.<\/p>\n<p><a href=\"https:\/\/naruto.fandom.com\/fr\/wiki\/Asuma_Sarutobi\" target=\"_blank\" rel=\"noopener noreferrer\"> Asuma Sarutobi<\/a> \u00e8 un j\u00f4nin di Konoha del clan Sarutobi, nonch\u00e9 ex membro dei Dodici Ninja Guardiani. \u00c8 una persona rilassata e un fumatore accanito. Asuma ha un grande talento e nell'anime utilizza la tecnica del tempio del fuoco definitivo.<\/p>\n<p>Il suo stile di combattimento si basa principalmente sul taijutsu, combinato con le sue nocche d'ottone dotate di lame di chakra. Queste nocche di ottone sono fatte di un metallo speciale che \u00e8 in grado di trasportare il chakra dell'utente. Con la sua tecnica \u00abRondine volante\u00bb, pu\u00f2 estendere le lame con il suo chakra per ferire un nemico a pochi metri di distanza.<\/p>\n<p>Utilizza anche la tecnica Katon (Nuvole ardenti). Asuma sputa una nuvola di cenere, poi fa scattare i denti per creare una scintilla, provocando una potente esplosione.<\/p>\n<h2>Il tuo Naruto Asuma Fist al miglior prezzo.<\/h2>\n<p>Vi proponiamo tutte le repliche dei vostri personaggi preferiti in questo manga animato Naruto.<\/p>\n<p>Innanzitutto,<\/p>\n<ul>\n<li>La katana di Sasuke Uchiwa \u00e8 dotata di un chokut\u014d che egli chiama <a href=\"https:\/\/repliquemangacine.fr\/it\/naruto\/epee-sasuke-naruto\/\">Spada Kusanagi<\/a>.<\/li>\n<li>Ci sono anche <a href=\"https:\/\/repliquemangacine.fr\/it\/naruto\/set-di-3-naruto-kunai\/\">tre Kunai<\/a> utilizzato da Naruto.<\/li>\n<li>E molti altri da scoprire nel nostro negozio!<\/li>\n<\/ul>\n<p>Ecco quindi alcune fantastiche idee regalo per i fan di Naruto.<\/p>\n<p>In conclusione, \u00e8 possibile utilizzare questo <strong>Pugno di Asuma Naruto<\/strong> per le vostre sfilate cosplay o serate a tema. Ma soprattutto, il pugno di Asuma Naruto \u00e8 anche un oggetto da collezione e un pezzo decorativo.<\/p>\n<h2>Scoprite le nostre ultime novit\u00e0 Naruto a buon mercato.<\/h2>\n<p>Siamo sempre alla ricerca di novit\u00e0 e, per venire incontro alle vostre esigenze, abbiamo in serbo per voi alcune piccole chicche da scoprire nel prossimo futuro!<\/p>\n<p>\u00c8 da un po' che lo chiedete: eccolo che arriva! Statuette di Naruto e altri gadget ai migliori prezzi.<\/p>\n<p>R\u00e9plique Manga Cin\u00e9 \u00e8 un'azienda familiare francese.<\/p>\n<p><strong>Si prega di notare che tutte le nostre repliche sono oggetti da collezione e decorazioni. Possono essere utilizzate per rievocazioni storiche, sfilate di cosplay o decorazioni di interni. Di conseguenza, non \u00e8 possibile andare in luoghi pubblici con queste repliche.<\/strong><\/p>\n<p>&nbsp;<\/p>\n<p>&nbsp;<\/p>","protected":false},"excerpt":{"rendered":"<p>Una splendida replica del Wild Tracker usato da Asuma in Naruto.<\/p>\n<ul>\n<li>Lama pre-affilata in acciaio inox 440 nero.<\/li>\n<li>Il manico \u00e8 rivestito di filo di cotone nero.<\/li>\n<li>Rompighiaccio.<\/li>\n<li>Due kuneis<\/li>\n<li>Fondina in cordura nera per cintura.<\/li>\n<li>Lunghezza totale del pugnale: 29 cm - Lunghezza totale di ogni kunai: 18 cm<\/li>\n<\/ul>\n<p><strong>\u00a0<\/strong><\/p>\n<p>&nbsp;<\/p>","protected":false},"featured_media":50655,"template":"","meta":[],"product_brand":[896],"product_cat":[108,23,42],"product_tag":[],"class_list":{"0":"post-50654","1":"product","2":"type-product","3":"status-publish","4":"has-post-thumbnail","6":"product_brand-replique-manga-cine","7":"product_cat-kunai-et-shuriken-naruto","8":"product_cat-repliques-manga-jeux-video","9":"product_cat-katana-goodies-naruto-kunai","11":"first","12":"instock","13":"taxable","14":"shipping-taxable","15":"purchasable","16":"product-type-simple"},"yoast_head":"<!-- This site is optimized with the Yoast SEO plugin v27.4 - https:\/\/yoast.com\/product\/yoast-seo-wordpress\/ -->\n<title>Poing Asuma Naruto - Wild Tracker - Boutique en ligne - RMC<\/title>\n<meta name=\"description\" content=\"Achetez vite ! Cette r\u00e9plique du Poing Asuma Naruto. Tout en acier. Livr\u00e9 avec deux petits kuna\u00efs - Longueur totale : 29cm - Envoi 24\/48h\" \/>\n<meta name=\"robots\" content=\"index, follow, max-snippet:-1, max-image-preview:large, max-video-preview:-1\" \/>\n<link rel=\"canonical\" href=\"https:\/\/repliquemangacine.fr\/it\/naruto-kunai-e-shuriken\/replica-pugno-dasuma-naruto-inseguitore-selvaggio\/\" \/>\n<meta property=\"og:locale\" content=\"it_IT\" \/>\n<meta property=\"og:type\" content=\"article\" \/>\n<meta property=\"og:title\" content=\"Poing Asuma Naruto - Wild Tracker - Boutique en ligne - RMC\" \/>\n<meta property=\"og:description\" content=\"Achetez vite ! Cette r\u00e9plique du Poing Asuma Naruto. Tout en acier. Livr\u00e9 avec deux petits kuna\u00efs - Longueur totale : 29cm - Envoi 24\/48h\" \/>\n<meta property=\"og:url\" content=\"https:\/\/repliquemangacine.fr\/it\/naruto-kunai-e-shuriken\/replica-pugno-dasuma-naruto-inseguitore-selvaggio\/\" \/>\n<meta property=\"og:site_name\" content=\"R\u00e9plique Manga Cin\u00e9\" \/>\n<meta property=\"article:publisher\" content=\"https:\/\/www.facebook.com\/RepliqueMangaCine\" \/>\n<meta property=\"article:modified_time\" content=\"2025-12-01T22:54:33+00:00\" \/>\n<meta property=\"og:image\" content=\"https:\/\/repliquemangacine.fr\/wp-content\/uploads\/2023\/10\/poing-asuma.jpg\" \/>\n\t<meta property=\"og:image:width\" content=\"800\" \/>\n\t<meta property=\"og:image:height\" content=\"800\" \/>\n\t<meta property=\"og:image:type\" content=\"image\/jpeg\" \/>\n<meta name=\"twitter:card\" content=\"summary_large_image\" \/>\n<meta name=\"twitter:label1\" content=\"Tempo di lettura stimato\" \/>\n\t<meta name=\"twitter:data1\" content=\"1 minuto\" \/>\n<script type=\"application\/ld+json\" class=\"yoast-schema-graph\">{\"@context\":\"https:\\\/\\\/schema.org\",\"@graph\":[{\"@type\":\"WebPage\",\"@id\":\"https:\\\/\\\/repliquemangacine.fr\\\/kunai-et-shuriken-naruto\\\/replique-wild-tracker-poing-dasuma-naruto\\\/\",\"url\":\"https:\\\/\\\/repliquemangacine.fr\\\/kunai-et-shuriken-naruto\\\/replique-wild-tracker-poing-dasuma-naruto\\\/\",\"name\":\"Poing Asuma Naruto - Wild Tracker - Boutique en ligne - RMC\",\"isPartOf\":{\"@id\":\"https:\\\/\\\/repliquemangacine.fr\\\/#website\"},\"primaryImageOfPage\":{\"@id\":\"https:\\\/\\\/repliquemangacine.fr\\\/kunai-et-shuriken-naruto\\\/replique-wild-tracker-poing-dasuma-naruto\\\/#primaryimage\"},\"image\":{\"@id\":\"https:\\\/\\\/repliquemangacine.fr\\\/kunai-et-shuriken-naruto\\\/replique-wild-tracker-poing-dasuma-naruto\\\/#primaryimage\"},\"thumbnailUrl\":\"https:\\\/\\\/repliquemangacine.fr\\\/wp-content\\\/uploads\\\/2023\\\/10\\\/poing-asuma.jpg\",\"datePublished\":\"2022-05-18T15:20:33+00:00\",\"dateModified\":\"2025-12-01T22:54:33+00:00\",\"description\":\"Achetez vite ! Cette r\u00e9plique du Poing Asuma Naruto. Tout en acier. Livr\u00e9 avec deux petits kuna\u00efs - Longueur totale : 29cm - Envoi 24\\\/48h\",\"breadcrumb\":{\"@id\":\"https:\\\/\\\/repliquemangacine.fr\\\/kunai-et-shuriken-naruto\\\/replique-wild-tracker-poing-dasuma-naruto\\\/#breadcrumb\"},\"inLanguage\":\"it-IT\",\"potentialAction\":[{\"@type\":\"ReadAction\",\"target\":[\"https:\\\/\\\/repliquemangacine.fr\\\/kunai-et-shuriken-naruto\\\/replique-wild-tracker-poing-dasuma-naruto\\\/\"]}]},{\"@type\":\"ImageObject\",\"inLanguage\":\"it-IT\",\"@id\":\"https:\\\/\\\/repliquemangacine.fr\\\/kunai-et-shuriken-naruto\\\/replique-wild-tracker-poing-dasuma-naruto\\\/#primaryimage\",\"url\":\"https:\\\/\\\/repliquemangacine.fr\\\/wp-content\\\/uploads\\\/2023\\\/10\\\/poing-asuma.jpg\",\"contentUrl\":\"https:\\\/\\\/repliquemangacine.fr\\\/wp-content\\\/uploads\\\/2023\\\/10\\\/poing-asuma.jpg\",\"width\":800,\"height\":800,\"caption\":\"couteau wild tracker Asuma Naruto avec ses deux kuna\u00ef\"},{\"@type\":\"BreadcrumbList\",\"@id\":\"https:\\\/\\\/repliquemangacine.fr\\\/kunai-et-shuriken-naruto\\\/replique-wild-tracker-poing-dasuma-naruto\\\/#breadcrumb\",\"itemListElement\":[{\"@type\":\"ListItem\",\"position\":1,\"name\":\"Accueil\",\"item\":\"https:\\\/\\\/repliquemangacine.fr\\\/\"},{\"@type\":\"ListItem\",\"position\":2,\"name\":\"Produits\",\"item\":\"https:\\\/\\\/repliquemangacine.fr\\\/boutique\\\/\"},{\"@type\":\"ListItem\",\"position\":3,\"name\":\"Poing Asuma Naruto\"}]},{\"@type\":\"WebSite\",\"@id\":\"https:\\\/\\\/repliquemangacine.fr\\\/#website\",\"url\":\"https:\\\/\\\/repliquemangacine.fr\\\/\",\"name\":\"R\u00e9plique Manga Cin\u00e9\",\"description\":\"\",\"publisher\":{\"@id\":\"https:\\\/\\\/repliquemangacine.fr\\\/#organization\"},\"potentialAction\":[{\"@type\":\"SearchAction\",\"target\":{\"@type\":\"EntryPoint\",\"urlTemplate\":\"https:\\\/\\\/repliquemangacine.fr\\\/?s={search_term_string}\"},\"query-input\":{\"@type\":\"PropertyValueSpecification\",\"valueRequired\":true,\"valueName\":\"search_term_string\"}}],\"inLanguage\":\"it-IT\"},{\"@type\":\"Organization\",\"@id\":\"https:\\\/\\\/repliquemangacine.fr\\\/#organization\",\"name\":\"R\u00e9plique Manga Cin\u00e9\",\"url\":\"https:\\\/\\\/repliquemangacine.fr\\\/\",\"logo\":{\"@type\":\"ImageObject\",\"inLanguage\":\"it-IT\",\"@id\":\"https:\\\/\\\/repliquemangacine.fr\\\/#\\\/schema\\\/logo\\\/image\\\/\",\"url\":\"https:\\\/\\\/repliquemangacine.fr\\\/wp-content\\\/uploads\\\/2023\\\/10\\\/RMC-500250.png\",\"contentUrl\":\"https:\\\/\\\/repliquemangacine.fr\\\/wp-content\\\/uploads\\\/2023\\\/10\\\/RMC-500250.png\",\"width\":500,\"height\":250,\"caption\":\"R\u00e9plique Manga Cin\u00e9\"},\"image\":{\"@id\":\"https:\\\/\\\/repliquemangacine.fr\\\/#\\\/schema\\\/logo\\\/image\\\/\"},\"sameAs\":[\"https:\\\/\\\/www.facebook.com\\\/RepliqueMangaCine\",\"https:\\\/\\\/www.instagram.com\\\/repliquemangacine.fr\\\/\"]}]}<\/script>\n<!-- \/ Yoast SEO plugin. -->","yoast_head_json":{"title":"Pugno di Asuma Naruto - Inseguitore selvaggio - Negozio online - RMC","description":"Acquistabile ora! Questa replica del pugno di Naruto Asuma. Tutto in acciaio. Consegnato con due piccoli kunais - Lunghezza totale: 29cm - Spedizione 24\/48h","robots":{"index":"index","follow":"follow","max-snippet":"max-snippet:-1","max-image-preview":"max-image-preview:large","max-video-preview":"max-video-preview:-1"},"canonical":"https:\/\/repliquemangacine.fr\/it\/naruto-kunai-e-shuriken\/replica-pugno-dasuma-naruto-inseguitore-selvaggio\/","og_locale":"it_IT","og_type":"article","og_title":"Poing Asuma Naruto - Wild Tracker - Boutique en ligne - RMC","og_description":"Achetez vite ! Cette r\u00e9plique du Poing Asuma Naruto. Tout en acier. Livr\u00e9 avec deux petits kuna\u00efs - Longueur totale : 29cm - Envoi 24\/48h","og_url":"https:\/\/repliquemangacine.fr\/it\/naruto-kunai-e-shuriken\/replica-pugno-dasuma-naruto-inseguitore-selvaggio\/","og_site_name":"R\u00e9plique Manga Cin\u00e9","article_publisher":"https:\/\/www.facebook.com\/RepliqueMangaCine","article_modified_time":"2025-12-01T22:54:33+00:00","og_image":[{"width":800,"height":800,"url":"https:\/\/repliquemangacine.fr\/wp-content\/uploads\/2023\/10\/poing-asuma.jpg","type":"image\/jpeg"}],"twitter_card":"summary_large_image","twitter_misc":{"Tempo di lettura stimato":"1 minuto"},"schema":{"@context":"https:\/\/schema.org","@graph":[{"@type":"WebPage","@id":"https:\/\/repliquemangacine.fr\/kunai-et-shuriken-naruto\/replique-wild-tracker-poing-dasuma-naruto\/","url":"https:\/\/repliquemangacine.fr\/kunai-et-shuriken-naruto\/replique-wild-tracker-poing-dasuma-naruto\/","name":"Pugno di Asuma Naruto - Inseguitore selvaggio - Negozio online - RMC","isPartOf":{"@id":"https:\/\/repliquemangacine.fr\/#website"},"primaryImageOfPage":{"@id":"https:\/\/repliquemangacine.fr\/kunai-et-shuriken-naruto\/replique-wild-tracker-poing-dasuma-naruto\/#primaryimage"},"image":{"@id":"https:\/\/repliquemangacine.fr\/kunai-et-shuriken-naruto\/replique-wild-tracker-poing-dasuma-naruto\/#primaryimage"},"thumbnailUrl":"https:\/\/repliquemangacine.fr\/wp-content\/uploads\/2023\/10\/poing-asuma.jpg","datePublished":"2022-05-18T15:20:33+00:00","dateModified":"2025-12-01T22:54:33+00:00","description":"Acquistabile ora! Questa replica del pugno di Naruto Asuma. Tutto in acciaio. Consegnato con due piccoli kunais - Lunghezza totale: 29cm - Spedizione 24\/48h","breadcrumb":{"@id":"https:\/\/repliquemangacine.fr\/kunai-et-shuriken-naruto\/replique-wild-tracker-poing-dasuma-naruto\/#breadcrumb"},"inLanguage":"it-IT","potentialAction":[{"@type":"ReadAction","target":["https:\/\/repliquemangacine.fr\/kunai-et-shuriken-naruto\/replique-wild-tracker-poing-dasuma-naruto\/"]}]},{"@type":"ImageObject","inLanguage":"it-IT","@id":"https:\/\/repliquemangacine.fr\/kunai-et-shuriken-naruto\/replique-wild-tracker-poing-dasuma-naruto\/#primaryimage","url":"https:\/\/repliquemangacine.fr\/wp-content\/uploads\/2023\/10\/poing-asuma.jpg","contentUrl":"https:\/\/repliquemangacine.fr\/wp-content\/uploads\/2023\/10\/poing-asuma.jpg","width":800,"height":800,"caption":"couteau wild tracker Asuma Naruto avec ses deux kuna\u00ef"},{"@type":"BreadcrumbList","@id":"https:\/\/repliquemangacine.fr\/kunai-et-shuriken-naruto\/replique-wild-tracker-poing-dasuma-naruto\/#breadcrumb","itemListElement":[{"@type":"ListItem","position":1,"name":"Accueil","item":"https:\/\/repliquemangacine.fr\/"},{"@type":"ListItem","position":2,"name":"Produits","item":"https:\/\/repliquemangacine.fr\/boutique\/"},{"@type":"ListItem","position":3,"name":"Poing Asuma Naruto"}]},{"@type":"WebSite","@id":"https:\/\/repliquemangacine.fr\/#website","url":"https:\/\/repliquemangacine.fr\/","name":"R\u00e9plique Manga Cin\u00e9","description":"","publisher":{"@id":"https:\/\/repliquemangacine.fr\/#organization"},"potentialAction":[{"@type":"SearchAction","target":{"@type":"EntryPoint","urlTemplate":"https:\/\/repliquemangacine.fr\/?s={search_term_string}"},"query-input":{"@type":"PropertyValueSpecification","valueRequired":true,"valueName":"search_term_string"}}],"inLanguage":"it-IT"},{"@type":"Organization","@id":"https:\/\/repliquemangacine.fr\/#organization","name":"R\u00e9plique Manga Cin\u00e9","url":"https:\/\/repliquemangacine.fr\/","logo":{"@type":"ImageObject","inLanguage":"it-IT","@id":"https:\/\/repliquemangacine.fr\/#\/schema\/logo\/image\/","url":"https:\/\/repliquemangacine.fr\/wp-content\/uploads\/2023\/10\/RMC-500250.png","contentUrl":"https:\/\/repliquemangacine.fr\/wp-content\/uploads\/2023\/10\/RMC-500250.png","width":500,"height":250,"caption":"R\u00e9plique Manga Cin\u00e9"},"image":{"@id":"https:\/\/repliquemangacine.fr\/#\/schema\/logo\/image\/"},"sameAs":["https:\/\/www.facebook.com\/RepliqueMangaCine","https:\/\/www.instagram.com\/repliquemangacine.fr\/"]}]}},"_links":{"self":[{"href":"https:\/\/repliquemangacine.fr\/it\/wp-json\/wp\/v2\/product\/50654","targetHints":{"allow":["GET"]}}],"collection":[{"href":"https:\/\/repliquemangacine.fr\/it\/wp-json\/wp\/v2\/product"}],"about":[{"href":"https:\/\/repliquemangacine.fr\/it\/wp-json\/wp\/v2\/types\/product"}],"wp:featuredmedia":[{"embeddable":true,"href":"https:\/\/repliquemangacine.fr\/it\/wp-json\/wp\/v2\/media\/50655"}],"wp:attachment":[{"href":"https:\/\/repliquemangacine.fr\/it\/wp-json\/wp\/v2\/media?parent=50654"}],"wp:term":[{"taxonomy":"product_brand","embeddable":true,"href":"https:\/\/repliquemangacine.fr\/it\/wp-json\/wp\/v2\/product_brand?post=50654"},{"taxonomy":"product_cat","embeddable":true,"href":"https:\/\/repliquemangacine.fr\/it\/wp-json\/wp\/v2\/product_cat?post=50654"},{"taxonomy":"product_tag","embeddable":true,"href":"https:\/\/repliquemangacine.fr\/it\/wp-json\/wp\/v2\/product_tag?post=50654"}],"curies":[{"name":"wp","href":"https:\/\/api.w.org\/{rel}","templated":true}]}}