





{"id":50648,"date":"2022-05-18T11:56:44","date_gmt":"2022-05-18T09:56:44","guid":{"rendered":"https:\/\/repliquemangacine.fr\/?post_type=product&#038;p=50648"},"modified":"2025-09-23T18:02:47","modified_gmt":"2025-09-23T16:02:47","slug":"mousepad-60-x-40-i-sette-mortali","status":"publish","type":"product","link":"https:\/\/repliquemangacine.fr\/it\/divers-goodies\/tapis-souris-60-x-40-the-seven-deadly\/","title":{"rendered":"Tappetino per mouse Seven Deadly Sins"},"content":{"rendered":"<h2>Tappetino per mouse Seven Deadly Sins 60 X 40 cm<\/h2>\n<p>Per cominciare, il <strong>Tappetino per mouse Seven Deadly Sins<\/strong> misura 60 x 40 cm.<\/p>\n<p>La finitura superiore \u00e8 morbida e confortevole per polsi e mani. Trattata termicamente per un controllo preciso del puntamento. La sua consistenza morbida e la superficie liscia come la seta consentono movimenti del mouse pi\u00f9 precisi per mantenere un'eccellente velocit\u00e0 e controllo durante il lavoro o il gioco.<\/p>\n<p>Bordo di chiusura cucito a mano per proteggere dall'usura, dalla deformazione e dalla delaminazione. Inoltre, la superficie inferiore \u00e8 in gomma antiscivolo e si adatta a tutte le superfici piane.<\/p>\n<p>Il rivestimento \u00e8 impermeabile e lavabile, quindi non c'\u00e8 da preoccuparsi se si rovescia accidentalmente una bevanda o altro cibo sul tappetino per il mouse.<\/p>\n<p>Perfetto per l'ufficio, offre un ampio spazio mobile per i giochi e il lavoro.<\/p>\n<h2>Il vostro tappetino per mouse al miglior prezzo.<\/h2>\n<p>Offriamo un'ampia gamma di oggetti da collezione e di gadget dei vostri manga preferiti.<\/p>\n<p>Innanzitutto,<\/p>\n<ul>\n<li>Le <a href=\"https:\/\/repliquemangacine.fr\/it\/spade-dei-sette-peccati-capitali\/set-di-spade-meliodas-da-10-pezzi\/\">Set di portachiavi dei Sette Peccati Capitali<\/a> a forma di spada.<\/li>\n<li>C'\u00e8 anche il <a href=\"https:\/\/repliquemangacine.fr\/it\/katana-chicche-naruto-kunai\/fascia-konoha-naruto\/\">Fascia Konoha<\/a> in Naruto.<\/li>\n<li>Cos\u00ec come la statuetta Wow della spada con la sua base Frostmourne.<\/li>\n<li>E molti altri da scoprire nel nostro negozio online!<\/li>\n<\/ul>\n<p>Ecco perch\u00e9 abbiamo pensato a delle fantastiche idee regalo per tutti i nostri fan. Tutti i nostri prodotti sono di altissima qualit\u00e0.<\/p>\n<p>In conclusione, \u00e8 possibile utilizzare il tappetino per mouse <a href=\"https:\/\/seven-deadly-sins.fandom.com\/fr\/wiki\/Wiki_Seven_Deadly_Sins\" target=\"_blank\" rel=\"noopener noreferrer\">I sette peccati capitali<\/a> nella vita quotidiana.<\/p>\n<p>R\u00e9plique Manga Cin\u00e9 \u00e8 un'azienda familiare francese.<\/p>","protected":false},"excerpt":{"rendered":"<p>Tappetino per mouse di grandi dimensioni raffigurante Meliodas ne I sette capitali<\/p>\n<ul>\n<li>Finitura soft top.<\/li>\n<li>Confortevole per polsi e mani.<\/li>\n<li>Trattati termicamente per un controllo preciso del puntamento.<\/li>\n<li>Bordo di chiusura cucito a mano.<\/li>\n<li>Fondo in gomma antiscivolo.<\/li>\n<li>Superficie impermeabile e lavabile.<\/li>\n<li>Dimensioni: 60 X 40 cm<\/li>\n<\/ul>","protected":false},"featured_media":50649,"template":"","meta":[],"product_brand":[896],"product_cat":[98,94,23,110],"product_tag":[],"class_list":{"0":"post-50648","1":"product","2":"type-product","3":"status-publish","4":"has-post-thumbnail","6":"product_brand-replique-manga-cine","7":"product_cat-divers-goodies","8":"product_cat-goodies","9":"product_cat-repliques-manga-jeux-video","10":"product_cat-epees-seven-deadly-sins","12":"first","13":"instock","14":"taxable","15":"shipping-taxable","16":"purchasable","17":"product-type-simple"},"yoast_head":"<!-- This site is optimized with the Yoast SEO plugin v27.4 - https:\/\/yoast.com\/product\/yoast-seo-wordpress\/ -->\n<title>Tapis souris Seven Deadly Sins - R\u00e9plique Manga Cin\u00e9<\/title>\n<meta name=\"description\" content=\"D\u00e9couvrez ce Tapis souris 60 X 40 Seven Deadly sins au meilleur prix - Le rev\u00eatement est doux, imperm\u00e9able - Lavable - Antid\u00e9rapant\" \/>\n<meta name=\"robots\" content=\"index, follow, max-snippet:-1, max-image-preview:large, max-video-preview:-1\" \/>\n<link rel=\"canonical\" href=\"https:\/\/repliquemangacine.fr\/it\/spade-dei-sette-peccati-capitali\/mousepad-60-x-40-i-sette-mortali\/\" \/>\n<meta property=\"og:locale\" content=\"it_IT\" \/>\n<meta property=\"og:type\" content=\"article\" \/>\n<meta property=\"og:title\" content=\"Tapis souris Seven Deadly Sins - R\u00e9plique Manga Cin\u00e9\" \/>\n<meta property=\"og:description\" content=\"D\u00e9couvrez ce Tapis souris 60 X 40 Seven Deadly sins au meilleur prix - Le rev\u00eatement est doux, imperm\u00e9able - Lavable - Antid\u00e9rapant\" \/>\n<meta property=\"og:url\" content=\"https:\/\/repliquemangacine.fr\/it\/spade-dei-sette-peccati-capitali\/mousepad-60-x-40-i-sette-mortali\/\" \/>\n<meta property=\"og:site_name\" content=\"R\u00e9plique Manga Cin\u00e9\" \/>\n<meta property=\"article:publisher\" content=\"https:\/\/www.facebook.com\/RepliqueMangaCine\" \/>\n<meta property=\"article:modified_time\" content=\"2025-09-23T16:02:47+00:00\" \/>\n<meta property=\"og:image\" content=\"https:\/\/repliquemangacine.fr\/wp-content\/uploads\/2023\/10\/Tapis-souris-Meliodas.jpg\" \/>\n\t<meta property=\"og:image:width\" content=\"600\" \/>\n\t<meta property=\"og:image:height\" content=\"600\" \/>\n\t<meta property=\"og:image:type\" content=\"image\/jpeg\" \/>\n<meta name=\"twitter:card\" content=\"summary_large_image\" \/>\n<meta name=\"twitter:label1\" content=\"Tempo di lettura stimato\" \/>\n\t<meta name=\"twitter:data1\" content=\"1 minuto\" \/>\n<script type=\"application\/ld+json\" class=\"yoast-schema-graph\">{\"@context\":\"https:\\\/\\\/schema.org\",\"@graph\":[{\"@type\":\"WebPage\",\"@id\":\"https:\\\/\\\/repliquemangacine.fr\\\/epees-seven-deadly-sins\\\/tapis-souris-60-x-40-the-seven-deadly\\\/\",\"url\":\"https:\\\/\\\/repliquemangacine.fr\\\/epees-seven-deadly-sins\\\/tapis-souris-60-x-40-the-seven-deadly\\\/\",\"name\":\"Tapis souris Seven Deadly Sins - R\u00e9plique Manga Cin\u00e9\",\"isPartOf\":{\"@id\":\"https:\\\/\\\/repliquemangacine.fr\\\/#website\"},\"primaryImageOfPage\":{\"@id\":\"https:\\\/\\\/repliquemangacine.fr\\\/epees-seven-deadly-sins\\\/tapis-souris-60-x-40-the-seven-deadly\\\/#primaryimage\"},\"image\":{\"@id\":\"https:\\\/\\\/repliquemangacine.fr\\\/epees-seven-deadly-sins\\\/tapis-souris-60-x-40-the-seven-deadly\\\/#primaryimage\"},\"thumbnailUrl\":\"https:\\\/\\\/repliquemangacine.fr\\\/wp-content\\\/uploads\\\/2023\\\/10\\\/Tapis-souris-Meliodas.jpg\",\"datePublished\":\"2022-05-18T09:56:44+00:00\",\"dateModified\":\"2025-09-23T16:02:47+00:00\",\"description\":\"D\u00e9couvrez ce Tapis souris 60 X 40 Seven Deadly sins au meilleur prix - Le rev\u00eatement est doux, imperm\u00e9able - Lavable - Antid\u00e9rapant\",\"breadcrumb\":{\"@id\":\"https:\\\/\\\/repliquemangacine.fr\\\/epees-seven-deadly-sins\\\/tapis-souris-60-x-40-the-seven-deadly\\\/#breadcrumb\"},\"inLanguage\":\"it-IT\",\"potentialAction\":[{\"@type\":\"ReadAction\",\"target\":[\"https:\\\/\\\/repliquemangacine.fr\\\/epees-seven-deadly-sins\\\/tapis-souris-60-x-40-the-seven-deadly\\\/\"]}]},{\"@type\":\"ImageObject\",\"inLanguage\":\"it-IT\",\"@id\":\"https:\\\/\\\/repliquemangacine.fr\\\/epees-seven-deadly-sins\\\/tapis-souris-60-x-40-the-seven-deadly\\\/#primaryimage\",\"url\":\"https:\\\/\\\/repliquemangacine.fr\\\/wp-content\\\/uploads\\\/2023\\\/10\\\/Tapis-souris-Meliodas.jpg\",\"contentUrl\":\"https:\\\/\\\/repliquemangacine.fr\\\/wp-content\\\/uploads\\\/2023\\\/10\\\/Tapis-souris-Meliodas.jpg\",\"width\":600,\"height\":600,\"caption\":\"tapis-souris-m\u00e9liodas The Seven Deadly lavable\"},{\"@type\":\"BreadcrumbList\",\"@id\":\"https:\\\/\\\/repliquemangacine.fr\\\/epees-seven-deadly-sins\\\/tapis-souris-60-x-40-the-seven-deadly\\\/#breadcrumb\",\"itemListElement\":[{\"@type\":\"ListItem\",\"position\":1,\"name\":\"Accueil\",\"item\":\"https:\\\/\\\/repliquemangacine.fr\\\/\"},{\"@type\":\"ListItem\",\"position\":2,\"name\":\"Produits\",\"item\":\"https:\\\/\\\/repliquemangacine.fr\\\/boutique\\\/\"},{\"@type\":\"ListItem\",\"position\":3,\"name\":\"Tapis souris Seven Deadly Sins\"}]},{\"@type\":\"WebSite\",\"@id\":\"https:\\\/\\\/repliquemangacine.fr\\\/#website\",\"url\":\"https:\\\/\\\/repliquemangacine.fr\\\/\",\"name\":\"R\u00e9plique Manga Cin\u00e9\",\"description\":\"\",\"publisher\":{\"@id\":\"https:\\\/\\\/repliquemangacine.fr\\\/#organization\"},\"potentialAction\":[{\"@type\":\"SearchAction\",\"target\":{\"@type\":\"EntryPoint\",\"urlTemplate\":\"https:\\\/\\\/repliquemangacine.fr\\\/?s={search_term_string}\"},\"query-input\":{\"@type\":\"PropertyValueSpecification\",\"valueRequired\":true,\"valueName\":\"search_term_string\"}}],\"inLanguage\":\"it-IT\"},{\"@type\":\"Organization\",\"@id\":\"https:\\\/\\\/repliquemangacine.fr\\\/#organization\",\"name\":\"R\u00e9plique Manga Cin\u00e9\",\"url\":\"https:\\\/\\\/repliquemangacine.fr\\\/\",\"logo\":{\"@type\":\"ImageObject\",\"inLanguage\":\"it-IT\",\"@id\":\"https:\\\/\\\/repliquemangacine.fr\\\/#\\\/schema\\\/logo\\\/image\\\/\",\"url\":\"https:\\\/\\\/repliquemangacine.fr\\\/wp-content\\\/uploads\\\/2023\\\/10\\\/RMC-500250.png\",\"contentUrl\":\"https:\\\/\\\/repliquemangacine.fr\\\/wp-content\\\/uploads\\\/2023\\\/10\\\/RMC-500250.png\",\"width\":500,\"height\":250,\"caption\":\"R\u00e9plique Manga Cin\u00e9\"},\"image\":{\"@id\":\"https:\\\/\\\/repliquemangacine.fr\\\/#\\\/schema\\\/logo\\\/image\\\/\"},\"sameAs\":[\"https:\\\/\\\/www.facebook.com\\\/RepliqueMangaCine\",\"https:\\\/\\\/www.instagram.com\\\/repliquemangacine.fr\\\/\"]}]}<\/script>\n<!-- \/ Yoast SEO plugin. -->","yoast_head_json":{"title":"Tappetino per mouse Seven Deadly Sins - R\u00e9plique Manga Cin\u00e9","description":"Scopri questo tappetino per mouse 60 X 40 Seven Deadly sins al miglior prezzo - Il rivestimento \u00e8 morbido e impermeabile - Lavabile - Antiscivolo","robots":{"index":"index","follow":"follow","max-snippet":"max-snippet:-1","max-image-preview":"max-image-preview:large","max-video-preview":"max-video-preview:-1"},"canonical":"https:\/\/repliquemangacine.fr\/it\/spade-dei-sette-peccati-capitali\/mousepad-60-x-40-i-sette-mortali\/","og_locale":"it_IT","og_type":"article","og_title":"Tapis souris Seven Deadly Sins - R\u00e9plique Manga Cin\u00e9","og_description":"D\u00e9couvrez ce Tapis souris 60 X 40 Seven Deadly sins au meilleur prix - Le rev\u00eatement est doux, imperm\u00e9able - Lavable - Antid\u00e9rapant","og_url":"https:\/\/repliquemangacine.fr\/it\/spade-dei-sette-peccati-capitali\/mousepad-60-x-40-i-sette-mortali\/","og_site_name":"R\u00e9plique Manga Cin\u00e9","article_publisher":"https:\/\/www.facebook.com\/RepliqueMangaCine","article_modified_time":"2025-09-23T16:02:47+00:00","og_image":[{"width":600,"height":600,"url":"https:\/\/repliquemangacine.fr\/wp-content\/uploads\/2023\/10\/Tapis-souris-Meliodas.jpg","type":"image\/jpeg"}],"twitter_card":"summary_large_image","twitter_misc":{"Tempo di lettura stimato":"1 minuto"},"schema":{"@context":"https:\/\/schema.org","@graph":[{"@type":"WebPage","@id":"https:\/\/repliquemangacine.fr\/epees-seven-deadly-sins\/tapis-souris-60-x-40-the-seven-deadly\/","url":"https:\/\/repliquemangacine.fr\/epees-seven-deadly-sins\/tapis-souris-60-x-40-the-seven-deadly\/","name":"Tappetino per mouse Seven Deadly Sins - R\u00e9plique Manga Cin\u00e9","isPartOf":{"@id":"https:\/\/repliquemangacine.fr\/#website"},"primaryImageOfPage":{"@id":"https:\/\/repliquemangacine.fr\/epees-seven-deadly-sins\/tapis-souris-60-x-40-the-seven-deadly\/#primaryimage"},"image":{"@id":"https:\/\/repliquemangacine.fr\/epees-seven-deadly-sins\/tapis-souris-60-x-40-the-seven-deadly\/#primaryimage"},"thumbnailUrl":"https:\/\/repliquemangacine.fr\/wp-content\/uploads\/2023\/10\/Tapis-souris-Meliodas.jpg","datePublished":"2022-05-18T09:56:44+00:00","dateModified":"2025-09-23T16:02:47+00:00","description":"Scopri questo tappetino per mouse 60 X 40 Seven Deadly sins al miglior prezzo - Il rivestimento \u00e8 morbido e impermeabile - Lavabile - Antiscivolo","breadcrumb":{"@id":"https:\/\/repliquemangacine.fr\/epees-seven-deadly-sins\/tapis-souris-60-x-40-the-seven-deadly\/#breadcrumb"},"inLanguage":"it-IT","potentialAction":[{"@type":"ReadAction","target":["https:\/\/repliquemangacine.fr\/epees-seven-deadly-sins\/tapis-souris-60-x-40-the-seven-deadly\/"]}]},{"@type":"ImageObject","inLanguage":"it-IT","@id":"https:\/\/repliquemangacine.fr\/epees-seven-deadly-sins\/tapis-souris-60-x-40-the-seven-deadly\/#primaryimage","url":"https:\/\/repliquemangacine.fr\/wp-content\/uploads\/2023\/10\/Tapis-souris-Meliodas.jpg","contentUrl":"https:\/\/repliquemangacine.fr\/wp-content\/uploads\/2023\/10\/Tapis-souris-Meliodas.jpg","width":600,"height":600,"caption":"tapis-souris-m\u00e9liodas The Seven Deadly lavable"},{"@type":"BreadcrumbList","@id":"https:\/\/repliquemangacine.fr\/epees-seven-deadly-sins\/tapis-souris-60-x-40-the-seven-deadly\/#breadcrumb","itemListElement":[{"@type":"ListItem","position":1,"name":"Accueil","item":"https:\/\/repliquemangacine.fr\/"},{"@type":"ListItem","position":2,"name":"Produits","item":"https:\/\/repliquemangacine.fr\/boutique\/"},{"@type":"ListItem","position":3,"name":"Tapis souris Seven Deadly Sins"}]},{"@type":"WebSite","@id":"https:\/\/repliquemangacine.fr\/#website","url":"https:\/\/repliquemangacine.fr\/","name":"R\u00e9plique Manga Cin\u00e9","description":"","publisher":{"@id":"https:\/\/repliquemangacine.fr\/#organization"},"potentialAction":[{"@type":"SearchAction","target":{"@type":"EntryPoint","urlTemplate":"https:\/\/repliquemangacine.fr\/?s={search_term_string}"},"query-input":{"@type":"PropertyValueSpecification","valueRequired":true,"valueName":"search_term_string"}}],"inLanguage":"it-IT"},{"@type":"Organization","@id":"https:\/\/repliquemangacine.fr\/#organization","name":"R\u00e9plique Manga Cin\u00e9","url":"https:\/\/repliquemangacine.fr\/","logo":{"@type":"ImageObject","inLanguage":"it-IT","@id":"https:\/\/repliquemangacine.fr\/#\/schema\/logo\/image\/","url":"https:\/\/repliquemangacine.fr\/wp-content\/uploads\/2023\/10\/RMC-500250.png","contentUrl":"https:\/\/repliquemangacine.fr\/wp-content\/uploads\/2023\/10\/RMC-500250.png","width":500,"height":250,"caption":"R\u00e9plique Manga Cin\u00e9"},"image":{"@id":"https:\/\/repliquemangacine.fr\/#\/schema\/logo\/image\/"},"sameAs":["https:\/\/www.facebook.com\/RepliqueMangaCine","https:\/\/www.instagram.com\/repliquemangacine.fr\/"]}]}},"_links":{"self":[{"href":"https:\/\/repliquemangacine.fr\/it\/wp-json\/wp\/v2\/product\/50648","targetHints":{"allow":["GET"]}}],"collection":[{"href":"https:\/\/repliquemangacine.fr\/it\/wp-json\/wp\/v2\/product"}],"about":[{"href":"https:\/\/repliquemangacine.fr\/it\/wp-json\/wp\/v2\/types\/product"}],"wp:featuredmedia":[{"embeddable":true,"href":"https:\/\/repliquemangacine.fr\/it\/wp-json\/wp\/v2\/media\/50649"}],"wp:attachment":[{"href":"https:\/\/repliquemangacine.fr\/it\/wp-json\/wp\/v2\/media?parent=50648"}],"wp:term":[{"taxonomy":"product_brand","embeddable":true,"href":"https:\/\/repliquemangacine.fr\/it\/wp-json\/wp\/v2\/product_brand?post=50648"},{"taxonomy":"product_cat","embeddable":true,"href":"https:\/\/repliquemangacine.fr\/it\/wp-json\/wp\/v2\/product_cat?post=50648"},{"taxonomy":"product_tag","embeddable":true,"href":"https:\/\/repliquemangacine.fr\/it\/wp-json\/wp\/v2\/product_tag?post=50648"}],"curies":[{"name":"wp","href":"https:\/\/api.w.org\/{rel}","templated":true}]}}