





{"id":50612,"date":"2022-05-17T12:48:18","date_gmt":"2022-05-17T10:48:18","guid":{"rendered":"https:\/\/repliquemangacine.fr\/?post_type=product&#038;p=50612"},"modified":"2025-10-17T05:58:12","modified_gmt":"2025-10-17T03:58:12","slug":"vendicatori-marvel-mousepad-90x40","status":"publish","type":"product","link":"https:\/\/repliquemangacine.fr\/it\/divers-goodies\/avengers-tapis-souris-90x40-marvel\/","title":{"rendered":"Tappetino per mouse Avengers"},"content":{"rendered":"<h2>Tappetino per mouse Avengers 90 X 40 cm<\/h2>\n<p>Per cominciare, il <strong>Tappetino per mouse Avengers<\/strong> misura 90 x 40 cm.<\/p>\n<p>La finitura superiore \u00e8 morbida e confortevole per polsi e mani. Trattata termicamente per un controllo preciso del puntamento. La sua consistenza morbida e la superficie liscia come la seta consentono movimenti del mouse pi\u00f9 precisi per mantenere un'eccellente velocit\u00e0 e controllo durante il lavoro o il gioco.<\/p>\n<p>Bordo di chiusura cucito a mano per proteggere dall'usura, dalla deformazione e dalla delaminazione. Inoltre, la superficie inferiore \u00e8 in gomma antiscivolo e si adatta a tutte le superfici piane.<\/p>\n<p>Il rivestimento \u00e8 impermeabile e lavabile, quindi non c'\u00e8 da preoccuparsi se si rovescia accidentalmente una bevanda o altro cibo sul tappetino per il mouse.<\/p>\n<p>Perfetto per l'ufficio, offre un ampio spazio mobile per i giochi e il lavoro.<\/p>\n<p>Il <a href=\"https:\/\/universcinematographiquemarvel.fandom.com\/fr\/wiki\/Avengers\" target=\"_blank\" rel=\"noopener noreferrer\">Vendicatori<\/a>Una squadra di individui straordinari con superpoteri o altre caratteristiche speciali.<\/p>\n<h2>Le vostre chicche al miglior prezzo.<\/h2>\n<p>Offriamo un'ampia gamma di oggetti da collezione e di gadget dei vostri manga preferiti.<\/p>\n<p>Innanzitutto,<\/p>\n<ul>\n<li>Le <a href=\"https:\/\/repliquemangacine.fr\/it\/supereroi-marvel\/set-vendicatori-marvel-11-pezzi\/\">Set di portachiavi Avengers<\/a> Marvel con i simboli dei supereroi.<\/li>\n<li>C'\u00e8 anche il <a href=\"https:\/\/repliquemangacine.fr\/it\/supereroi-marvel\/mug-3d-batman-dc-universe\/\">Tazza di Batman<\/a>Pu\u00f2 anche essere una scatola per dolci o altri oggetti.<\/li>\n<li>Cos\u00ec come il <a href=\"https:\/\/repliquemangacine.fr\/it\/supereroi-marvel\/tazza-3d-di-iron-man-43\/\">Tazza per caramelle Iron Man<\/a> in 3D.<\/li>\n<li>E molti altri da scoprire nel nostro negozio online!<\/li>\n<\/ul>\n<p>Ecco perch\u00e9 abbiamo pensato a delle fantastiche idee regalo per tutti i nostri fan. Tutti i nostri prodotti sono di altissima qualit\u00e0.<\/p>\n<p>In conclusione, \u00e8 possibile utilizzare il proprio <strong>Tappetino per mouse Avengers<\/strong> nella vita quotidiana o nelle serate di gioco.<\/p>\n<p>R\u00e9plique Manga Cin\u00e9 \u00e8 un'azienda familiare francese.<\/p>","protected":false},"excerpt":{"rendered":"<p>Tappetino per mouse extra-lungo con i supereroi Avengers.<\/p>\n<ul>\n<li>Finitura soft top.<\/li>\n<li>Confortevole per polsi e mani.<\/li>\n<li>Trattati termicamente per un controllo preciso del puntamento.<\/li>\n<li>Bordo di chiusura cucito a mano.<\/li>\n<li>Fondo in gomma antiscivolo.<\/li>\n<li>Il rivestimento \u00e8 impermeabile e lavabile.<\/li>\n<li>Dimensioni: 90 X 40 cm<\/li>\n<\/ul>","protected":false},"featured_media":50613,"template":"","meta":[],"product_brand":[896],"product_cat":[98,24,94,59],"product_tag":[],"class_list":{"0":"post-50612","1":"product","2":"type-product","3":"status-publish","4":"has-post-thumbnail","6":"product_brand-replique-manga-cine","7":"product_cat-divers-goodies","8":"product_cat-films-series-tv-vente-de-katana-epee-et-produits-derives","9":"product_cat-goodies","10":"product_cat-super-heros-marvel","12":"first","13":"instock","14":"taxable","15":"shipping-taxable","16":"purchasable","17":"product-type-simple"},"yoast_head":"<!-- This site is optimized with the Yoast SEO plugin v27.4 - https:\/\/yoast.com\/product\/yoast-seo-wordpress\/ -->\n<title>Tapis Souris Avengers - Boutique en ligne - R\u00e9plique Manga Cin\u00e9<\/title>\n<meta name=\"description\" content=\"D\u00e9couvrez ce superbe Tapis souris Avengers au meilleur prix - Rev\u00eatement doux - Imperm\u00e9able et lavable - Antid\u00e9rapant - Dimensions : 90 X 40 cm\" \/>\n<meta name=\"robots\" content=\"index, follow, max-snippet:-1, max-image-preview:large, max-video-preview:-1\" \/>\n<link rel=\"canonical\" href=\"https:\/\/repliquemangacine.fr\/it\/varie-chicche\/vendicatori-marvel-mousepad-90x40\/\" \/>\n<meta property=\"og:locale\" content=\"it_IT\" \/>\n<meta property=\"og:type\" content=\"article\" \/>\n<meta property=\"og:title\" content=\"Tapis Souris Avengers - Boutique en ligne - R\u00e9plique Manga Cin\u00e9\" \/>\n<meta property=\"og:description\" content=\"D\u00e9couvrez ce superbe Tapis souris Avengers au meilleur prix - Rev\u00eatement doux - Imperm\u00e9able et lavable - Antid\u00e9rapant - Dimensions : 90 X 40 cm\" \/>\n<meta property=\"og:url\" content=\"https:\/\/repliquemangacine.fr\/it\/varie-chicche\/vendicatori-marvel-mousepad-90x40\/\" \/>\n<meta property=\"og:site_name\" content=\"R\u00e9plique Manga Cin\u00e9\" \/>\n<meta property=\"article:publisher\" content=\"https:\/\/www.facebook.com\/RepliqueMangaCine\" \/>\n<meta property=\"article:modified_time\" content=\"2025-10-17T03:58:12+00:00\" \/>\n<meta property=\"og:image\" content=\"https:\/\/repliquemangacine.fr\/wp-content\/uploads\/2023\/10\/tapis-souris-avengers-1.jpg\" \/>\n\t<meta property=\"og:image:width\" content=\"600\" \/>\n\t<meta property=\"og:image:height\" content=\"600\" \/>\n\t<meta property=\"og:image:type\" content=\"image\/jpeg\" \/>\n<meta name=\"twitter:card\" content=\"summary_large_image\" \/>\n<meta name=\"twitter:label1\" content=\"Tempo di lettura stimato\" \/>\n\t<meta name=\"twitter:data1\" content=\"1 minuto\" \/>\n<script type=\"application\/ld+json\" class=\"yoast-schema-graph\">{\"@context\":\"https:\\\/\\\/schema.org\",\"@graph\":[{\"@type\":\"WebPage\",\"@id\":\"https:\\\/\\\/repliquemangacine.fr\\\/divers-goodies\\\/avengers-tapis-souris-90x40-marvel\\\/\",\"url\":\"https:\\\/\\\/repliquemangacine.fr\\\/divers-goodies\\\/avengers-tapis-souris-90x40-marvel\\\/\",\"name\":\"Tapis Souris Avengers - Boutique en ligne - R\u00e9plique Manga Cin\u00e9\",\"isPartOf\":{\"@id\":\"https:\\\/\\\/repliquemangacine.fr\\\/#website\"},\"primaryImageOfPage\":{\"@id\":\"https:\\\/\\\/repliquemangacine.fr\\\/divers-goodies\\\/avengers-tapis-souris-90x40-marvel\\\/#primaryimage\"},\"image\":{\"@id\":\"https:\\\/\\\/repliquemangacine.fr\\\/divers-goodies\\\/avengers-tapis-souris-90x40-marvel\\\/#primaryimage\"},\"thumbnailUrl\":\"https:\\\/\\\/repliquemangacine.fr\\\/wp-content\\\/uploads\\\/2023\\\/10\\\/tapis-souris-avengers-1.jpg\",\"datePublished\":\"2022-05-17T10:48:18+00:00\",\"dateModified\":\"2025-10-17T03:58:12+00:00\",\"description\":\"D\u00e9couvrez ce superbe Tapis souris Avengers au meilleur prix - Rev\u00eatement doux - Imperm\u00e9able et lavable - Antid\u00e9rapant - Dimensions : 90 X 40 cm\",\"breadcrumb\":{\"@id\":\"https:\\\/\\\/repliquemangacine.fr\\\/divers-goodies\\\/avengers-tapis-souris-90x40-marvel\\\/#breadcrumb\"},\"inLanguage\":\"it-IT\",\"potentialAction\":[{\"@type\":\"ReadAction\",\"target\":[\"https:\\\/\\\/repliquemangacine.fr\\\/divers-goodies\\\/avengers-tapis-souris-90x40-marvel\\\/\"]}]},{\"@type\":\"ImageObject\",\"inLanguage\":\"it-IT\",\"@id\":\"https:\\\/\\\/repliquemangacine.fr\\\/divers-goodies\\\/avengers-tapis-souris-90x40-marvel\\\/#primaryimage\",\"url\":\"https:\\\/\\\/repliquemangacine.fr\\\/wp-content\\\/uploads\\\/2023\\\/10\\\/tapis-souris-avengers-1.jpg\",\"contentUrl\":\"https:\\\/\\\/repliquemangacine.fr\\\/wp-content\\\/uploads\\\/2023\\\/10\\\/tapis-souris-avengers-1.jpg\",\"width\":600,\"height\":600,\"caption\":\"tapis-souris-avengers-marvel 90x40\"},{\"@type\":\"BreadcrumbList\",\"@id\":\"https:\\\/\\\/repliquemangacine.fr\\\/divers-goodies\\\/avengers-tapis-souris-90x40-marvel\\\/#breadcrumb\",\"itemListElement\":[{\"@type\":\"ListItem\",\"position\":1,\"name\":\"Accueil\",\"item\":\"https:\\\/\\\/repliquemangacine.fr\\\/\"},{\"@type\":\"ListItem\",\"position\":2,\"name\":\"Produits\",\"item\":\"https:\\\/\\\/repliquemangacine.fr\\\/boutique\\\/\"},{\"@type\":\"ListItem\",\"position\":3,\"name\":\"Tapis Souris Avengers\"}]},{\"@type\":\"WebSite\",\"@id\":\"https:\\\/\\\/repliquemangacine.fr\\\/#website\",\"url\":\"https:\\\/\\\/repliquemangacine.fr\\\/\",\"name\":\"R\u00e9plique Manga Cin\u00e9\",\"description\":\"\",\"publisher\":{\"@id\":\"https:\\\/\\\/repliquemangacine.fr\\\/#organization\"},\"potentialAction\":[{\"@type\":\"SearchAction\",\"target\":{\"@type\":\"EntryPoint\",\"urlTemplate\":\"https:\\\/\\\/repliquemangacine.fr\\\/?s={search_term_string}\"},\"query-input\":{\"@type\":\"PropertyValueSpecification\",\"valueRequired\":true,\"valueName\":\"search_term_string\"}}],\"inLanguage\":\"it-IT\"},{\"@type\":\"Organization\",\"@id\":\"https:\\\/\\\/repliquemangacine.fr\\\/#organization\",\"name\":\"R\u00e9plique Manga Cin\u00e9\",\"url\":\"https:\\\/\\\/repliquemangacine.fr\\\/\",\"logo\":{\"@type\":\"ImageObject\",\"inLanguage\":\"it-IT\",\"@id\":\"https:\\\/\\\/repliquemangacine.fr\\\/#\\\/schema\\\/logo\\\/image\\\/\",\"url\":\"https:\\\/\\\/repliquemangacine.fr\\\/wp-content\\\/uploads\\\/2023\\\/10\\\/RMC-500250.png\",\"contentUrl\":\"https:\\\/\\\/repliquemangacine.fr\\\/wp-content\\\/uploads\\\/2023\\\/10\\\/RMC-500250.png\",\"width\":500,\"height\":250,\"caption\":\"R\u00e9plique Manga Cin\u00e9\"},\"image\":{\"@id\":\"https:\\\/\\\/repliquemangacine.fr\\\/#\\\/schema\\\/logo\\\/image\\\/\"},\"sameAs\":[\"https:\\\/\\\/www.facebook.com\\\/RepliqueMangaCine\",\"https:\\\/\\\/www.instagram.com\\\/repliquemangacine.fr\\\/\"]}]}<\/script>\n<!-- \/ Yoast SEO plugin. -->","yoast_head_json":{"title":"Tappetino per mouse Avengers - Negozio online - R\u00e9plique Manga Cin\u00e9","description":"Scopri questo superbo tappetino per mouse Avengers al miglior prezzo - Rivestimento morbido - Impermeabile e lavabile - Antiscivolo - Dimensioni : 90 X 40 cm","robots":{"index":"index","follow":"follow","max-snippet":"max-snippet:-1","max-image-preview":"max-image-preview:large","max-video-preview":"max-video-preview:-1"},"canonical":"https:\/\/repliquemangacine.fr\/it\/varie-chicche\/vendicatori-marvel-mousepad-90x40\/","og_locale":"it_IT","og_type":"article","og_title":"Tapis Souris Avengers - Boutique en ligne - R\u00e9plique Manga Cin\u00e9","og_description":"D\u00e9couvrez ce superbe Tapis souris Avengers au meilleur prix - Rev\u00eatement doux - Imperm\u00e9able et lavable - Antid\u00e9rapant - Dimensions : 90 X 40 cm","og_url":"https:\/\/repliquemangacine.fr\/it\/varie-chicche\/vendicatori-marvel-mousepad-90x40\/","og_site_name":"R\u00e9plique Manga Cin\u00e9","article_publisher":"https:\/\/www.facebook.com\/RepliqueMangaCine","article_modified_time":"2025-10-17T03:58:12+00:00","og_image":[{"width":600,"height":600,"url":"https:\/\/repliquemangacine.fr\/wp-content\/uploads\/2023\/10\/tapis-souris-avengers-1.jpg","type":"image\/jpeg"}],"twitter_card":"summary_large_image","twitter_misc":{"Tempo di lettura stimato":"1 minuto"},"schema":{"@context":"https:\/\/schema.org","@graph":[{"@type":"WebPage","@id":"https:\/\/repliquemangacine.fr\/divers-goodies\/avengers-tapis-souris-90x40-marvel\/","url":"https:\/\/repliquemangacine.fr\/divers-goodies\/avengers-tapis-souris-90x40-marvel\/","name":"Tappetino per mouse Avengers - Negozio online - R\u00e9plique Manga Cin\u00e9","isPartOf":{"@id":"https:\/\/repliquemangacine.fr\/#website"},"primaryImageOfPage":{"@id":"https:\/\/repliquemangacine.fr\/divers-goodies\/avengers-tapis-souris-90x40-marvel\/#primaryimage"},"image":{"@id":"https:\/\/repliquemangacine.fr\/divers-goodies\/avengers-tapis-souris-90x40-marvel\/#primaryimage"},"thumbnailUrl":"https:\/\/repliquemangacine.fr\/wp-content\/uploads\/2023\/10\/tapis-souris-avengers-1.jpg","datePublished":"2022-05-17T10:48:18+00:00","dateModified":"2025-10-17T03:58:12+00:00","description":"Scopri questo superbo tappetino per mouse Avengers al miglior prezzo - Rivestimento morbido - Impermeabile e lavabile - Antiscivolo - Dimensioni : 90 X 40 cm","breadcrumb":{"@id":"https:\/\/repliquemangacine.fr\/divers-goodies\/avengers-tapis-souris-90x40-marvel\/#breadcrumb"},"inLanguage":"it-IT","potentialAction":[{"@type":"ReadAction","target":["https:\/\/repliquemangacine.fr\/divers-goodies\/avengers-tapis-souris-90x40-marvel\/"]}]},{"@type":"ImageObject","inLanguage":"it-IT","@id":"https:\/\/repliquemangacine.fr\/divers-goodies\/avengers-tapis-souris-90x40-marvel\/#primaryimage","url":"https:\/\/repliquemangacine.fr\/wp-content\/uploads\/2023\/10\/tapis-souris-avengers-1.jpg","contentUrl":"https:\/\/repliquemangacine.fr\/wp-content\/uploads\/2023\/10\/tapis-souris-avengers-1.jpg","width":600,"height":600,"caption":"tapis-souris-avengers-marvel 90x40"},{"@type":"BreadcrumbList","@id":"https:\/\/repliquemangacine.fr\/divers-goodies\/avengers-tapis-souris-90x40-marvel\/#breadcrumb","itemListElement":[{"@type":"ListItem","position":1,"name":"Accueil","item":"https:\/\/repliquemangacine.fr\/"},{"@type":"ListItem","position":2,"name":"Produits","item":"https:\/\/repliquemangacine.fr\/boutique\/"},{"@type":"ListItem","position":3,"name":"Tapis Souris Avengers"}]},{"@type":"WebSite","@id":"https:\/\/repliquemangacine.fr\/#website","url":"https:\/\/repliquemangacine.fr\/","name":"R\u00e9plique Manga Cin\u00e9","description":"","publisher":{"@id":"https:\/\/repliquemangacine.fr\/#organization"},"potentialAction":[{"@type":"SearchAction","target":{"@type":"EntryPoint","urlTemplate":"https:\/\/repliquemangacine.fr\/?s={search_term_string}"},"query-input":{"@type":"PropertyValueSpecification","valueRequired":true,"valueName":"search_term_string"}}],"inLanguage":"it-IT"},{"@type":"Organization","@id":"https:\/\/repliquemangacine.fr\/#organization","name":"R\u00e9plique Manga Cin\u00e9","url":"https:\/\/repliquemangacine.fr\/","logo":{"@type":"ImageObject","inLanguage":"it-IT","@id":"https:\/\/repliquemangacine.fr\/#\/schema\/logo\/image\/","url":"https:\/\/repliquemangacine.fr\/wp-content\/uploads\/2023\/10\/RMC-500250.png","contentUrl":"https:\/\/repliquemangacine.fr\/wp-content\/uploads\/2023\/10\/RMC-500250.png","width":500,"height":250,"caption":"R\u00e9plique Manga Cin\u00e9"},"image":{"@id":"https:\/\/repliquemangacine.fr\/#\/schema\/logo\/image\/"},"sameAs":["https:\/\/www.facebook.com\/RepliqueMangaCine","https:\/\/www.instagram.com\/repliquemangacine.fr\/"]}]}},"_links":{"self":[{"href":"https:\/\/repliquemangacine.fr\/it\/wp-json\/wp\/v2\/product\/50612","targetHints":{"allow":["GET"]}}],"collection":[{"href":"https:\/\/repliquemangacine.fr\/it\/wp-json\/wp\/v2\/product"}],"about":[{"href":"https:\/\/repliquemangacine.fr\/it\/wp-json\/wp\/v2\/types\/product"}],"wp:featuredmedia":[{"embeddable":true,"href":"https:\/\/repliquemangacine.fr\/it\/wp-json\/wp\/v2\/media\/50613"}],"wp:attachment":[{"href":"https:\/\/repliquemangacine.fr\/it\/wp-json\/wp\/v2\/media?parent=50612"}],"wp:term":[{"taxonomy":"product_brand","embeddable":true,"href":"https:\/\/repliquemangacine.fr\/it\/wp-json\/wp\/v2\/product_brand?post=50612"},{"taxonomy":"product_cat","embeddable":true,"href":"https:\/\/repliquemangacine.fr\/it\/wp-json\/wp\/v2\/product_cat?post=50612"},{"taxonomy":"product_tag","embeddable":true,"href":"https:\/\/repliquemangacine.fr\/it\/wp-json\/wp\/v2\/product_tag?post=50612"}],"curies":[{"name":"wp","href":"https:\/\/api.w.org\/{rel}","templated":true}]}}