





{"id":50551,"date":"2022-05-16T12:13:47","date_gmt":"2022-05-16T10:13:47","guid":{"rendered":"https:\/\/repliquemangacine.fr\/?post_type=product&#038;p=50551"},"modified":"2025-10-01T00:18:42","modified_gmt":"2025-09-30T22:18:42","slug":"spade-marvel-deadpool","status":"publish","type":"product","link":"https:\/\/repliquemangacine.fr\/it\/super-heros-marvel\/sabres-de-deadpool-marvel\/","title":{"rendered":"Sciabole Deadpool"},"content":{"rendered":"<h2>Sciabole di Deadpool dall'universo Marvel.<\/h2>\n<p>Per cominciare, il <strong>Spade di Deadpool<\/strong>Sono dotati di uno zaino, proprio come nel film.<\/p>\n<p><a href=\"https:\/\/marvel.fandom.com\/fr\/wiki\/Wade_Wilson_(Terre-616)\" target=\"_blank\" rel=\"noopener noreferrer\">Deadpool<\/a> ha un fattore di guarigione derivato da quello del mutante Wolverine e pu\u00f2 rigenerare in pochi istanti i tessuti danneggiati da ferite d'arma da fuoco e gravi ustioni.<\/p>\n<p>La sua forza, resistenza e agilit\u00e0 sono di gran lunga superiori a quelle di un normale essere umano. Ha un senso della parola e un umorismo nero che va ben oltre i limiti della correttezza sociale.<\/p>\n<p>\u00c8 anche molto abile con le armi da taglio, in particolare con due spade che brandisce con destrezza. Ma \u00e8 anche un abile tiratore con le armi da fuoco, con una precisione eccezionale.<\/p>\n<h2>Il tuo Deadpool Sabres al miglior prezzo.<\/h2>\n<p>Offriamo un'ampia gamma di repliche dei vostri supereroi preferiti.<\/p>\n<p>Innanzitutto<\/p>\n<ul>\n<li>Il <a href=\"https:\/\/repliquemangacine.fr\/it\/film-serie-tv-vendita-di-spade-katana-e-prodotti-correlati\/x-men-griffes-de-wolverine-replique\/\">Gli artigli di Wolverine<\/a> Anche l'antieroe.<\/li>\n<li>Poi il <a href=\"https:\/\/repliquemangacine.fr\/it\/supereroi\/il-bastone-della-squadra-suicida-del-joker\/\">Bastone Joker<\/a> con i suoi strass sul manico in Suicide Squad.<\/li>\n<li>C'\u00e8 anche il <a href=\"https:\/\/repliquemangacine.fr\/it\/supereroi\/mazza-da-baseball-harley-quinn\/\">La mazza da baseball di Harley Quinn<\/a> su licenza ufficiale distribuito da Noble Collection.<\/li>\n<li>E molti altri da scoprire nel nostro negozio online!<\/li>\n<\/ul>\n<p>Ecco quindi alcune fantastiche idee regalo per tutti gli amanti dell'universo Marvel.<\/p>\n<p>In conclusione, \u00e8 possibile utilizzare i <strong>Sciabole Deadpool<\/strong> per le sfilate di cosplay. Ma soprattutto \u00e8 un oggetto da collezione e decorativo.<\/p>\n<h2>Come faccio a mantenere la lama della mia katana Marvel?<\/h2>\n<p>Le katane da collezione e decorative sono realizzate e assemblate in modo semplificato. Poich\u00e9 il loro uso \u00e8 decorativo, non hanno le caratteristiche di sicurezza richieste da una spada giapponese destinata all'allenamento.<\/p>\n<p>Tuttavia, i vostri <strong>Sciabole Deadpool<\/strong> hanno una lama in acciaio che deve essere curata per evitare che si rovini con il tempo. Infatti, quando esporrete la vostra katana, i vostri amici saranno curiosi di vedere la lama e di toccarla. \u00c8 qui che bisogna prestare attenzione, perch\u00e9 l'acidit\u00e0 delle dita \u00e8 molto dannosa per l'acciaio, indipendentemente dalla sua qualit\u00e0.<\/p>\n<p>Tuttavia, se ci\u00f2 dovesse accadere, niente panico: basta un panno inumidito con un po' d'olio per eliminare le impronte. In questo modo, la spada durer\u00e0 a lungo.<\/p>","protected":false},"excerpt":{"rendered":"<p>Replica delle due sciabole di Wade Wilson.<\/p>\n<ul>\n<li>Lame in acciaio 440 non taglienti.<\/li>\n<li>Protezione in acciaio.<\/li>\n<li>Manico in ABS stampato con scanalature.<\/li>\n<li>Fodero in legno nero.<\/li>\n<li>Fondina in pelle nera come Deadpool.<\/li>\n<li>Lunghezza lama: 70 cm - Lunghezza totale: 102 cm - Peso: 850 gr.<\/li>\n<\/ul>\n<p>&nbsp;<\/p>","protected":false},"featured_media":50552,"template":"","meta":[],"product_brand":[896],"product_cat":[24,59],"product_tag":[],"class_list":{"0":"post-50551","1":"product","2":"type-product","3":"status-publish","4":"has-post-thumbnail","6":"product_brand-replique-manga-cine","7":"product_cat-films-series-tv-vente-de-katana-epee-et-produits-derives","8":"product_cat-super-heros-marvel","10":"first","11":"outofstock","12":"taxable","13":"shipping-taxable","14":"purchasable","15":"product-type-simple"},"yoast_head":"<!-- This site is optimized with the Yoast SEO plugin v27.4 - https:\/\/yoast.com\/product\/yoast-seo-wordpress\/ -->\n<title>Sabres de Deadpool - Collector Marvel - R\u00e9plique Manga Cin\u00e9<\/title>\n<meta name=\"description\" content=\"D\u00e9couvrez les deux Sabres de Deadpool au meilleur prix. Lame acier 440 - Fourreau - Etui dorsal en cuir - Longueur totale : 102 cm chacun - Envoi 24\/48h\" \/>\n<meta name=\"robots\" content=\"index, follow, max-snippet:-1, max-image-preview:large, max-video-preview:-1\" \/>\n<link rel=\"canonical\" href=\"https:\/\/repliquemangacine.fr\/it\/supereroi-marvel\/spade-marvel-deadpool\/\" \/>\n<meta property=\"og:locale\" content=\"it_IT\" \/>\n<meta property=\"og:type\" content=\"article\" \/>\n<meta property=\"og:title\" content=\"Sabres de Deadpool - Collector Marvel - R\u00e9plique Manga Cin\u00e9\" \/>\n<meta property=\"og:description\" content=\"D\u00e9couvrez les deux Sabres de Deadpool au meilleur prix. Lame acier 440 - Fourreau - Etui dorsal en cuir - Longueur totale : 102 cm chacun - Envoi 24\/48h\" \/>\n<meta property=\"og:url\" content=\"https:\/\/repliquemangacine.fr\/it\/supereroi-marvel\/spade-marvel-deadpool\/\" \/>\n<meta property=\"og:site_name\" content=\"R\u00e9plique Manga Cin\u00e9\" \/>\n<meta property=\"article:publisher\" content=\"https:\/\/www.facebook.com\/RepliqueMangaCine\" \/>\n<meta property=\"article:modified_time\" content=\"2025-09-30T22:18:42+00:00\" \/>\n<meta property=\"og:image\" content=\"https:\/\/repliquemangacine.fr\/wp-content\/uploads\/2023\/10\/dou-sabre-deadpool.jpg\" \/>\n\t<meta property=\"og:image:width\" content=\"800\" \/>\n\t<meta property=\"og:image:height\" content=\"800\" \/>\n\t<meta property=\"og:image:type\" content=\"image\/jpeg\" \/>\n<meta name=\"twitter:card\" content=\"summary_large_image\" \/>\n<meta name=\"twitter:label1\" content=\"Tempo di lettura stimato\" \/>\n\t<meta name=\"twitter:data1\" content=\"2 minuti\" \/>\n<script type=\"application\/ld+json\" class=\"yoast-schema-graph\">{\"@context\":\"https:\\\/\\\/schema.org\",\"@graph\":[{\"@type\":\"WebPage\",\"@id\":\"https:\\\/\\\/repliquemangacine.fr\\\/super-heros-marvel\\\/sabres-de-deadpool-marvel\\\/\",\"url\":\"https:\\\/\\\/repliquemangacine.fr\\\/super-heros-marvel\\\/sabres-de-deadpool-marvel\\\/\",\"name\":\"Sabres de Deadpool - Collector Marvel - R\u00e9plique Manga Cin\u00e9\",\"isPartOf\":{\"@id\":\"https:\\\/\\\/repliquemangacine.fr\\\/#website\"},\"primaryImageOfPage\":{\"@id\":\"https:\\\/\\\/repliquemangacine.fr\\\/super-heros-marvel\\\/sabres-de-deadpool-marvel\\\/#primaryimage\"},\"image\":{\"@id\":\"https:\\\/\\\/repliquemangacine.fr\\\/super-heros-marvel\\\/sabres-de-deadpool-marvel\\\/#primaryimage\"},\"thumbnailUrl\":\"https:\\\/\\\/repliquemangacine.fr\\\/wp-content\\\/uploads\\\/2023\\\/10\\\/dou-sabre-deadpool.jpg\",\"datePublished\":\"2022-05-16T10:13:47+00:00\",\"dateModified\":\"2025-09-30T22:18:42+00:00\",\"description\":\"D\u00e9couvrez les deux Sabres de Deadpool au meilleur prix. Lame acier 440 - Fourreau - Etui dorsal en cuir - Longueur totale : 102 cm chacun - Envoi 24\\\/48h\",\"breadcrumb\":{\"@id\":\"https:\\\/\\\/repliquemangacine.fr\\\/super-heros-marvel\\\/sabres-de-deadpool-marvel\\\/#breadcrumb\"},\"inLanguage\":\"it-IT\",\"potentialAction\":[{\"@type\":\"ReadAction\",\"target\":[\"https:\\\/\\\/repliquemangacine.fr\\\/super-heros-marvel\\\/sabres-de-deadpool-marvel\\\/\"]}]},{\"@type\":\"ImageObject\",\"inLanguage\":\"it-IT\",\"@id\":\"https:\\\/\\\/repliquemangacine.fr\\\/super-heros-marvel\\\/sabres-de-deadpool-marvel\\\/#primaryimage\",\"url\":\"https:\\\/\\\/repliquemangacine.fr\\\/wp-content\\\/uploads\\\/2023\\\/10\\\/dou-sabre-deadpool.jpg\",\"contentUrl\":\"https:\\\/\\\/repliquemangacine.fr\\\/wp-content\\\/uploads\\\/2023\\\/10\\\/dou-sabre-deadpool.jpg\",\"width\":800,\"height\":800,\"caption\":\"Sabres de Deadpool Marvel\"},{\"@type\":\"BreadcrumbList\",\"@id\":\"https:\\\/\\\/repliquemangacine.fr\\\/super-heros-marvel\\\/sabres-de-deadpool-marvel\\\/#breadcrumb\",\"itemListElement\":[{\"@type\":\"ListItem\",\"position\":1,\"name\":\"Accueil\",\"item\":\"https:\\\/\\\/repliquemangacine.fr\\\/\"},{\"@type\":\"ListItem\",\"position\":2,\"name\":\"Produits\",\"item\":\"https:\\\/\\\/repliquemangacine.fr\\\/boutique\\\/\"},{\"@type\":\"ListItem\",\"position\":3,\"name\":\"Sabres de Deadpool\"}]},{\"@type\":\"WebSite\",\"@id\":\"https:\\\/\\\/repliquemangacine.fr\\\/#website\",\"url\":\"https:\\\/\\\/repliquemangacine.fr\\\/\",\"name\":\"R\u00e9plique Manga Cin\u00e9\",\"description\":\"\",\"publisher\":{\"@id\":\"https:\\\/\\\/repliquemangacine.fr\\\/#organization\"},\"potentialAction\":[{\"@type\":\"SearchAction\",\"target\":{\"@type\":\"EntryPoint\",\"urlTemplate\":\"https:\\\/\\\/repliquemangacine.fr\\\/?s={search_term_string}\"},\"query-input\":{\"@type\":\"PropertyValueSpecification\",\"valueRequired\":true,\"valueName\":\"search_term_string\"}}],\"inLanguage\":\"it-IT\"},{\"@type\":\"Organization\",\"@id\":\"https:\\\/\\\/repliquemangacine.fr\\\/#organization\",\"name\":\"R\u00e9plique Manga Cin\u00e9\",\"url\":\"https:\\\/\\\/repliquemangacine.fr\\\/\",\"logo\":{\"@type\":\"ImageObject\",\"inLanguage\":\"it-IT\",\"@id\":\"https:\\\/\\\/repliquemangacine.fr\\\/#\\\/schema\\\/logo\\\/image\\\/\",\"url\":\"https:\\\/\\\/repliquemangacine.fr\\\/wp-content\\\/uploads\\\/2023\\\/10\\\/RMC-500250.png\",\"contentUrl\":\"https:\\\/\\\/repliquemangacine.fr\\\/wp-content\\\/uploads\\\/2023\\\/10\\\/RMC-500250.png\",\"width\":500,\"height\":250,\"caption\":\"R\u00e9plique Manga Cin\u00e9\"},\"image\":{\"@id\":\"https:\\\/\\\/repliquemangacine.fr\\\/#\\\/schema\\\/logo\\\/image\\\/\"},\"sameAs\":[\"https:\\\/\\\/www.facebook.com\\\/RepliqueMangaCine\",\"https:\\\/\\\/www.instagram.com\\\/repliquemangacine.fr\\\/\"]}]}<\/script>\n<!-- \/ Yoast SEO plugin. -->","yoast_head_json":{"title":"Sciabole di Deadpool - Collezionista Marvel - R\u00e9plique Manga Cin\u00e9","description":"Scopri le due sciabole Deadpool al miglior prezzo. Lama in acciaio 440 - Fodero - Fodero posteriore in pelle - Lunghezza totale: 102 cm ciascuno - Spedizione 24\/48h","robots":{"index":"index","follow":"follow","max-snippet":"max-snippet:-1","max-image-preview":"max-image-preview:large","max-video-preview":"max-video-preview:-1"},"canonical":"https:\/\/repliquemangacine.fr\/it\/supereroi-marvel\/spade-marvel-deadpool\/","og_locale":"it_IT","og_type":"article","og_title":"Sabres de Deadpool - Collector Marvel - R\u00e9plique Manga Cin\u00e9","og_description":"D\u00e9couvrez les deux Sabres de Deadpool au meilleur prix. Lame acier 440 - Fourreau - Etui dorsal en cuir - Longueur totale : 102 cm chacun - Envoi 24\/48h","og_url":"https:\/\/repliquemangacine.fr\/it\/supereroi-marvel\/spade-marvel-deadpool\/","og_site_name":"R\u00e9plique Manga Cin\u00e9","article_publisher":"https:\/\/www.facebook.com\/RepliqueMangaCine","article_modified_time":"2025-09-30T22:18:42+00:00","og_image":[{"width":800,"height":800,"url":"https:\/\/repliquemangacine.fr\/wp-content\/uploads\/2023\/10\/dou-sabre-deadpool.jpg","type":"image\/jpeg"}],"twitter_card":"summary_large_image","twitter_misc":{"Tempo di lettura stimato":"2 minuti"},"schema":{"@context":"https:\/\/schema.org","@graph":[{"@type":"WebPage","@id":"https:\/\/repliquemangacine.fr\/super-heros-marvel\/sabres-de-deadpool-marvel\/","url":"https:\/\/repliquemangacine.fr\/super-heros-marvel\/sabres-de-deadpool-marvel\/","name":"Sciabole di Deadpool - Collezionista Marvel - R\u00e9plique Manga Cin\u00e9","isPartOf":{"@id":"https:\/\/repliquemangacine.fr\/#website"},"primaryImageOfPage":{"@id":"https:\/\/repliquemangacine.fr\/super-heros-marvel\/sabres-de-deadpool-marvel\/#primaryimage"},"image":{"@id":"https:\/\/repliquemangacine.fr\/super-heros-marvel\/sabres-de-deadpool-marvel\/#primaryimage"},"thumbnailUrl":"https:\/\/repliquemangacine.fr\/wp-content\/uploads\/2023\/10\/dou-sabre-deadpool.jpg","datePublished":"2022-05-16T10:13:47+00:00","dateModified":"2025-09-30T22:18:42+00:00","description":"Scopri le due sciabole Deadpool al miglior prezzo. Lama in acciaio 440 - Fodero - Fodero posteriore in pelle - Lunghezza totale: 102 cm ciascuno - Spedizione 24\/48h","breadcrumb":{"@id":"https:\/\/repliquemangacine.fr\/super-heros-marvel\/sabres-de-deadpool-marvel\/#breadcrumb"},"inLanguage":"it-IT","potentialAction":[{"@type":"ReadAction","target":["https:\/\/repliquemangacine.fr\/super-heros-marvel\/sabres-de-deadpool-marvel\/"]}]},{"@type":"ImageObject","inLanguage":"it-IT","@id":"https:\/\/repliquemangacine.fr\/super-heros-marvel\/sabres-de-deadpool-marvel\/#primaryimage","url":"https:\/\/repliquemangacine.fr\/wp-content\/uploads\/2023\/10\/dou-sabre-deadpool.jpg","contentUrl":"https:\/\/repliquemangacine.fr\/wp-content\/uploads\/2023\/10\/dou-sabre-deadpool.jpg","width":800,"height":800,"caption":"Sabres de Deadpool Marvel"},{"@type":"BreadcrumbList","@id":"https:\/\/repliquemangacine.fr\/super-heros-marvel\/sabres-de-deadpool-marvel\/#breadcrumb","itemListElement":[{"@type":"ListItem","position":1,"name":"Accueil","item":"https:\/\/repliquemangacine.fr\/"},{"@type":"ListItem","position":2,"name":"Produits","item":"https:\/\/repliquemangacine.fr\/boutique\/"},{"@type":"ListItem","position":3,"name":"Sabres de Deadpool"}]},{"@type":"WebSite","@id":"https:\/\/repliquemangacine.fr\/#website","url":"https:\/\/repliquemangacine.fr\/","name":"R\u00e9plique Manga Cin\u00e9","description":"","publisher":{"@id":"https:\/\/repliquemangacine.fr\/#organization"},"potentialAction":[{"@type":"SearchAction","target":{"@type":"EntryPoint","urlTemplate":"https:\/\/repliquemangacine.fr\/?s={search_term_string}"},"query-input":{"@type":"PropertyValueSpecification","valueRequired":true,"valueName":"search_term_string"}}],"inLanguage":"it-IT"},{"@type":"Organization","@id":"https:\/\/repliquemangacine.fr\/#organization","name":"R\u00e9plique Manga Cin\u00e9","url":"https:\/\/repliquemangacine.fr\/","logo":{"@type":"ImageObject","inLanguage":"it-IT","@id":"https:\/\/repliquemangacine.fr\/#\/schema\/logo\/image\/","url":"https:\/\/repliquemangacine.fr\/wp-content\/uploads\/2023\/10\/RMC-500250.png","contentUrl":"https:\/\/repliquemangacine.fr\/wp-content\/uploads\/2023\/10\/RMC-500250.png","width":500,"height":250,"caption":"R\u00e9plique Manga Cin\u00e9"},"image":{"@id":"https:\/\/repliquemangacine.fr\/#\/schema\/logo\/image\/"},"sameAs":["https:\/\/www.facebook.com\/RepliqueMangaCine","https:\/\/www.instagram.com\/repliquemangacine.fr\/"]}]}},"_links":{"self":[{"href":"https:\/\/repliquemangacine.fr\/it\/wp-json\/wp\/v2\/product\/50551","targetHints":{"allow":["GET"]}}],"collection":[{"href":"https:\/\/repliquemangacine.fr\/it\/wp-json\/wp\/v2\/product"}],"about":[{"href":"https:\/\/repliquemangacine.fr\/it\/wp-json\/wp\/v2\/types\/product"}],"wp:featuredmedia":[{"embeddable":true,"href":"https:\/\/repliquemangacine.fr\/it\/wp-json\/wp\/v2\/media\/50552"}],"wp:attachment":[{"href":"https:\/\/repliquemangacine.fr\/it\/wp-json\/wp\/v2\/media?parent=50551"}],"wp:term":[{"taxonomy":"product_brand","embeddable":true,"href":"https:\/\/repliquemangacine.fr\/it\/wp-json\/wp\/v2\/product_brand?post=50551"},{"taxonomy":"product_cat","embeddable":true,"href":"https:\/\/repliquemangacine.fr\/it\/wp-json\/wp\/v2\/product_cat?post=50551"},{"taxonomy":"product_tag","embeddable":true,"href":"https:\/\/repliquemangacine.fr\/it\/wp-json\/wp\/v2\/product_tag?post=50551"}],"curies":[{"name":"wp","href":"https:\/\/api.w.org\/{rel}","templated":true}]}}