





{"id":50423,"date":"2022-05-09T17:28:08","date_gmt":"2022-05-09T15:28:08","guid":{"rendered":"https:\/\/repliquemangacine.fr\/?post_type=product&#038;p=50423"},"modified":"2026-02-09T20:20:01","modified_gmt":"2026-02-09T19:20:01","slug":"pugnale-da-cerimonia-con-decorazione-templare","status":"publish","type":"product","link":"https:\/\/repliquemangacine.fr\/it\/dagues-medievales\/dague-de-decoration-templiere-de-ceremonie\/","title":{"rendered":"Pugnale templare cerimoniale"},"content":{"rendered":"<h2>Replica del pugnale cerimoniale templare<\/h2>\n<p>Per cominciare, il <strong>Pugnale templare cerimoniale<\/strong> \u00e8 un pezzo decorativo con una finitura perfetta.<\/p>\n<p>L'Ordine del Tempio, un ordine religioso e militare nato dalla cavalleria cristiana del Medioevo. Lo scopo dell'Ordine del Tempio era quello di proteggere i pellegrini cristiani in viaggio verso la Terra Santa. Questo pellegrinaggio era uno dei tre pi\u00f9 importanti della cristianit\u00e0 nel Medioevo.<\/p>\n<p>Il sigillo, un timbro personale che autentica un atto e attesta una firma. Si conoscono circa venti sigilli templari.<\/p>\n<p>La croce patteggiata indica che i Cavalieri Templari appartenevano al cristianesimo e il colore rosso ricordava il sangue versato da Cristo. Questa croce esprimeva anche il voto permanente di crociata a cui i Cavalieri Templari appartenevano. <a href=\"https:\/\/www.histoire-pour-tous.fr\/dossiers\/1505-naissance-des-templiers-13-janvier-1129.html\" target=\"_blank\" rel=\"noopener noreferrer\">i Cavalieri Templari<\/a> si sono impegnati a partecipare in ogni momento.<\/p>\n<h2>Il vostro Pugnale Templare Cerimoniale al miglior prezzo.<\/h2>\n<p>Offriamo un'ampia gamma di repliche di epoca medievale.<\/p>\n<p>Innanzitutto,<\/p>\n<ul>\n<li>L'<a href=\"https:\/\/repliquemangacine.fr\/it\/spada-medievale\/epee-excalibur-epee-roi-arthur\/\">la leggendaria spada Excalibur<\/a> di Re Art\u00f9.<\/li>\n<li>Ma anche la replica del<a href=\"https:\/\/repliquemangacine.fr\/it\/spada-medievale\/spada-da-cerimonia-templare\/\">Spada cerimoniale templare<\/a> finemente decorato.<\/li>\n<li>Cos\u00ec come il<a href=\"https:\/\/repliquemangacine.fr\/it\/spada-medievale\/spada-dei-cavalieri-templari\/\">spada dei cavalieri templari<\/a><\/li>\n<li>E molti altri da scoprire nel nostro negozio online!<\/li>\n<\/ul>\n<p>Ecco perch\u00e9 \u00e8 un'ottima idea regalo per tutti coloro che amano il Medioevo.<\/p>\n<p>In conclusione, \u00e8 possibile utilizzare questo <strong>Pugnale templare cerimoniale<\/strong> per le vostre rievocazioni storiche. Ma soprattutto, questo pugnale \u00e8 anche un oggetto da collezione e un pezzo decorativo.<\/p>\n<h2>Come faccio a mantenere la lama del mio pugnale?<\/h2>\n<p>I pugnali da collezione e decorativi sono realizzati e assemblati in modo semplificato. Essendo destinati a scopi decorativi, non dispongono degli elementi di sicurezza necessari per una spada giapponese destinata all'allenamento.<\/p>\n<p>Tuttavia, il vostro <strong>Pugnale templare cerimoniale<\/strong> a una lama d'acciaio che deve essere mantenuta per evitare che si danneggi nel tempo. Quando esponete il vostro pugnale, i vostri amici saranno curiosi di vedere la lama e di toccarla. \u00c8 qui che bisogna fare attenzione, perch\u00e9 l'acidit\u00e0 delle dita \u00e8 molto dannosa per l'acciaio, qualunque sia la sua qualit\u00e0.<\/p>\n<p>Tuttavia, se ci\u00f2 accade, non bisogna farsi prendere dal panico: basta usare un panno inumidito con un po' d'olio e cancellare le impronte digitali. In questo modo, il pugnale durer\u00e0 a lungo.<\/p>","protected":false},"excerpt":{"rendered":"<p>Pugnale che rappresenta l'epoca dei Templari.<\/p>\n<ul>\n<li>Lama in acciaio 440.<\/li>\n<li>Pomolo in acciaio a forma di elmo templare.<\/li>\n<li>Impugnatura in ABS stampato.<\/li>\n<li>Elsa in acciaio decorato.<\/li>\n<li>Fodero in similpelle.<\/li>\n<li>Lunghezza lama: 24,5 cm - Lunghezza totale: 42 cm<\/li>\n<li>Peso del pugnale: 200 grammi<\/li>\n<\/ul>","protected":false},"featured_media":50424,"template":"","meta":[],"product_brand":[896],"product_cat":[25,93,43],"product_tag":[],"class_list":{"0":"post-50423","1":"product","2":"type-product","3":"status-publish","4":"has-post-thumbnail","6":"product_brand-replique-manga-cine","7":"product_cat-armes-historiques","8":"product_cat-dagues-medievales","9":"product_cat-reproductions-d-armes-et-accessoires-medievales","11":"first","12":"instock","13":"taxable","14":"shipping-taxable","15":"purchasable","16":"product-type-simple"},"yoast_head":"<!-- This site is optimized with the Yoast SEO plugin v27.4 - https:\/\/yoast.com\/product\/yoast-seo-wordpress\/ -->\n<title>Dague Templi\u00e8re de C\u00e9r\u00e9monie - R\u00e9plique Manga Cin\u00e9<\/title>\n<meta name=\"description\" content=\"Offre-lui cette Dague Templi\u00e8re de C\u00e9r\u00e9monie au meilleur prix - Lame en acier inoxydable - Garde et pommeau en acier. Fourreau similicuir - Longueur : 42 cm\" \/>\n<meta name=\"robots\" content=\"index, follow, max-snippet:-1, max-image-preview:large, max-video-preview:-1\" \/>\n<link rel=\"canonical\" href=\"https:\/\/repliquemangacine.fr\/it\/pugnali-medievali\/pugnale-da-cerimonia-con-decorazione-templare\/\" \/>\n<meta property=\"og:locale\" content=\"it_IT\" \/>\n<meta property=\"og:type\" content=\"article\" \/>\n<meta property=\"og:title\" content=\"Dague Templi\u00e8re de C\u00e9r\u00e9monie - R\u00e9plique Manga Cin\u00e9\" \/>\n<meta property=\"og:description\" content=\"Offre-lui cette Dague Templi\u00e8re de C\u00e9r\u00e9monie au meilleur prix - Lame en acier inoxydable - Garde et pommeau en acier. Fourreau similicuir - Longueur : 42 cm\" \/>\n<meta property=\"og:url\" content=\"https:\/\/repliquemangacine.fr\/it\/pugnali-medievali\/pugnale-da-cerimonia-con-decorazione-templare\/\" \/>\n<meta property=\"og:site_name\" content=\"R\u00e9plique Manga Cin\u00e9\" \/>\n<meta property=\"article:publisher\" content=\"https:\/\/www.facebook.com\/RepliqueMangaCine\" \/>\n<meta property=\"article:modified_time\" content=\"2026-02-09T19:20:01+00:00\" \/>\n<meta property=\"og:image\" content=\"https:\/\/repliquemangacine.fr\/wp-content\/uploads\/2023\/10\/d72.jpg\" \/>\n\t<meta property=\"og:image:width\" content=\"800\" \/>\n\t<meta property=\"og:image:height\" content=\"800\" \/>\n\t<meta property=\"og:image:type\" content=\"image\/jpeg\" \/>\n<meta name=\"twitter:card\" content=\"summary_large_image\" \/>\n<meta name=\"twitter:label1\" content=\"Tempo di lettura stimato\" \/>\n\t<meta name=\"twitter:data1\" content=\"1 minuto\" \/>\n<script type=\"application\/ld+json\" class=\"yoast-schema-graph\">{\"@context\":\"https:\\\/\\\/schema.org\",\"@graph\":[{\"@type\":\"WebPage\",\"@id\":\"https:\\\/\\\/repliquemangacine.fr\\\/dagues-medievales\\\/dague-de-decoration-templiere-de-ceremonie\\\/\",\"url\":\"https:\\\/\\\/repliquemangacine.fr\\\/dagues-medievales\\\/dague-de-decoration-templiere-de-ceremonie\\\/\",\"name\":\"Dague Templi\u00e8re de C\u00e9r\u00e9monie - R\u00e9plique Manga Cin\u00e9\",\"isPartOf\":{\"@id\":\"https:\\\/\\\/repliquemangacine.fr\\\/#website\"},\"primaryImageOfPage\":{\"@id\":\"https:\\\/\\\/repliquemangacine.fr\\\/dagues-medievales\\\/dague-de-decoration-templiere-de-ceremonie\\\/#primaryimage\"},\"image\":{\"@id\":\"https:\\\/\\\/repliquemangacine.fr\\\/dagues-medievales\\\/dague-de-decoration-templiere-de-ceremonie\\\/#primaryimage\"},\"thumbnailUrl\":\"https:\\\/\\\/repliquemangacine.fr\\\/wp-content\\\/uploads\\\/2023\\\/10\\\/d72.jpg\",\"datePublished\":\"2022-05-09T15:28:08+00:00\",\"dateModified\":\"2026-02-09T19:20:01+00:00\",\"description\":\"Offre-lui cette Dague Templi\u00e8re de C\u00e9r\u00e9monie au meilleur prix - Lame en acier inoxydable - Garde et pommeau en acier. Fourreau similicuir - Longueur : 42 cm\",\"breadcrumb\":{\"@id\":\"https:\\\/\\\/repliquemangacine.fr\\\/dagues-medievales\\\/dague-de-decoration-templiere-de-ceremonie\\\/#breadcrumb\"},\"inLanguage\":\"it-IT\",\"potentialAction\":[{\"@type\":\"ReadAction\",\"target\":[\"https:\\\/\\\/repliquemangacine.fr\\\/dagues-medievales\\\/dague-de-decoration-templiere-de-ceremonie\\\/\"]}]},{\"@type\":\"ImageObject\",\"inLanguage\":\"it-IT\",\"@id\":\"https:\\\/\\\/repliquemangacine.fr\\\/dagues-medievales\\\/dague-de-decoration-templiere-de-ceremonie\\\/#primaryimage\",\"url\":\"https:\\\/\\\/repliquemangacine.fr\\\/wp-content\\\/uploads\\\/2023\\\/10\\\/d72.jpg\",\"contentUrl\":\"https:\\\/\\\/repliquemangacine.fr\\\/wp-content\\\/uploads\\\/2023\\\/10\\\/d72.jpg\",\"width\":800,\"height\":800,\"caption\":\"Dague de c\u00e9r\u00e9monie templi\u00e8re\"},{\"@type\":\"BreadcrumbList\",\"@id\":\"https:\\\/\\\/repliquemangacine.fr\\\/dagues-medievales\\\/dague-de-decoration-templiere-de-ceremonie\\\/#breadcrumb\",\"itemListElement\":[{\"@type\":\"ListItem\",\"position\":1,\"name\":\"Accueil\",\"item\":\"https:\\\/\\\/repliquemangacine.fr\\\/\"},{\"@type\":\"ListItem\",\"position\":2,\"name\":\"Produits\",\"item\":\"https:\\\/\\\/repliquemangacine.fr\\\/boutique\\\/\"},{\"@type\":\"ListItem\",\"position\":3,\"name\":\"Dague Templi\u00e8re c\u00e9r\u00e9monie\"}]},{\"@type\":\"WebSite\",\"@id\":\"https:\\\/\\\/repliquemangacine.fr\\\/#website\",\"url\":\"https:\\\/\\\/repliquemangacine.fr\\\/\",\"name\":\"R\u00e9plique Manga Cin\u00e9\",\"description\":\"\",\"publisher\":{\"@id\":\"https:\\\/\\\/repliquemangacine.fr\\\/#organization\"},\"potentialAction\":[{\"@type\":\"SearchAction\",\"target\":{\"@type\":\"EntryPoint\",\"urlTemplate\":\"https:\\\/\\\/repliquemangacine.fr\\\/?s={search_term_string}\"},\"query-input\":{\"@type\":\"PropertyValueSpecification\",\"valueRequired\":true,\"valueName\":\"search_term_string\"}}],\"inLanguage\":\"it-IT\"},{\"@type\":\"Organization\",\"@id\":\"https:\\\/\\\/repliquemangacine.fr\\\/#organization\",\"name\":\"R\u00e9plique Manga Cin\u00e9\",\"url\":\"https:\\\/\\\/repliquemangacine.fr\\\/\",\"logo\":{\"@type\":\"ImageObject\",\"inLanguage\":\"it-IT\",\"@id\":\"https:\\\/\\\/repliquemangacine.fr\\\/#\\\/schema\\\/logo\\\/image\\\/\",\"url\":\"https:\\\/\\\/repliquemangacine.fr\\\/wp-content\\\/uploads\\\/2023\\\/10\\\/RMC-500250.png\",\"contentUrl\":\"https:\\\/\\\/repliquemangacine.fr\\\/wp-content\\\/uploads\\\/2023\\\/10\\\/RMC-500250.png\",\"width\":500,\"height\":250,\"caption\":\"R\u00e9plique Manga Cin\u00e9\"},\"image\":{\"@id\":\"https:\\\/\\\/repliquemangacine.fr\\\/#\\\/schema\\\/logo\\\/image\\\/\"},\"sameAs\":[\"https:\\\/\\\/www.facebook.com\\\/RepliqueMangaCine\",\"https:\\\/\\\/www.instagram.com\\\/repliquemangacine.fr\\\/\"]}]}<\/script>\n<!-- \/ Yoast SEO plugin. -->","yoast_head_json":{"title":"Pugnale templare cerimoniale - R\u00e9plique Manga Cin\u00e9","description":"Offritegli questo pugnale da cerimonia templare al miglior prezzo - Lama in acciaio inossidabile - Elsa e pomo in acciaio. Fodero in similpelle - Lunghezza: 42 cm","robots":{"index":"index","follow":"follow","max-snippet":"max-snippet:-1","max-image-preview":"max-image-preview:large","max-video-preview":"max-video-preview:-1"},"canonical":"https:\/\/repliquemangacine.fr\/it\/pugnali-medievali\/pugnale-da-cerimonia-con-decorazione-templare\/","og_locale":"it_IT","og_type":"article","og_title":"Dague Templi\u00e8re de C\u00e9r\u00e9monie - R\u00e9plique Manga Cin\u00e9","og_description":"Offre-lui cette Dague Templi\u00e8re de C\u00e9r\u00e9monie au meilleur prix - Lame en acier inoxydable - Garde et pommeau en acier. Fourreau similicuir - Longueur : 42 cm","og_url":"https:\/\/repliquemangacine.fr\/it\/pugnali-medievali\/pugnale-da-cerimonia-con-decorazione-templare\/","og_site_name":"R\u00e9plique Manga Cin\u00e9","article_publisher":"https:\/\/www.facebook.com\/RepliqueMangaCine","article_modified_time":"2026-02-09T19:20:01+00:00","og_image":[{"width":800,"height":800,"url":"https:\/\/repliquemangacine.fr\/wp-content\/uploads\/2023\/10\/d72.jpg","type":"image\/jpeg"}],"twitter_card":"summary_large_image","twitter_misc":{"Tempo di lettura stimato":"1 minuto"},"schema":{"@context":"https:\/\/schema.org","@graph":[{"@type":"WebPage","@id":"https:\/\/repliquemangacine.fr\/dagues-medievales\/dague-de-decoration-templiere-de-ceremonie\/","url":"https:\/\/repliquemangacine.fr\/dagues-medievales\/dague-de-decoration-templiere-de-ceremonie\/","name":"Pugnale templare cerimoniale - R\u00e9plique Manga Cin\u00e9","isPartOf":{"@id":"https:\/\/repliquemangacine.fr\/#website"},"primaryImageOfPage":{"@id":"https:\/\/repliquemangacine.fr\/dagues-medievales\/dague-de-decoration-templiere-de-ceremonie\/#primaryimage"},"image":{"@id":"https:\/\/repliquemangacine.fr\/dagues-medievales\/dague-de-decoration-templiere-de-ceremonie\/#primaryimage"},"thumbnailUrl":"https:\/\/repliquemangacine.fr\/wp-content\/uploads\/2023\/10\/d72.jpg","datePublished":"2022-05-09T15:28:08+00:00","dateModified":"2026-02-09T19:20:01+00:00","description":"Offritegli questo pugnale da cerimonia templare al miglior prezzo - Lama in acciaio inossidabile - Elsa e pomo in acciaio. Fodero in similpelle - Lunghezza: 42 cm","breadcrumb":{"@id":"https:\/\/repliquemangacine.fr\/dagues-medievales\/dague-de-decoration-templiere-de-ceremonie\/#breadcrumb"},"inLanguage":"it-IT","potentialAction":[{"@type":"ReadAction","target":["https:\/\/repliquemangacine.fr\/dagues-medievales\/dague-de-decoration-templiere-de-ceremonie\/"]}]},{"@type":"ImageObject","inLanguage":"it-IT","@id":"https:\/\/repliquemangacine.fr\/dagues-medievales\/dague-de-decoration-templiere-de-ceremonie\/#primaryimage","url":"https:\/\/repliquemangacine.fr\/wp-content\/uploads\/2023\/10\/d72.jpg","contentUrl":"https:\/\/repliquemangacine.fr\/wp-content\/uploads\/2023\/10\/d72.jpg","width":800,"height":800,"caption":"Dague de c\u00e9r\u00e9monie templi\u00e8re"},{"@type":"BreadcrumbList","@id":"https:\/\/repliquemangacine.fr\/dagues-medievales\/dague-de-decoration-templiere-de-ceremonie\/#breadcrumb","itemListElement":[{"@type":"ListItem","position":1,"name":"Accueil","item":"https:\/\/repliquemangacine.fr\/"},{"@type":"ListItem","position":2,"name":"Produits","item":"https:\/\/repliquemangacine.fr\/boutique\/"},{"@type":"ListItem","position":3,"name":"Dague Templi\u00e8re c\u00e9r\u00e9monie"}]},{"@type":"WebSite","@id":"https:\/\/repliquemangacine.fr\/#website","url":"https:\/\/repliquemangacine.fr\/","name":"R\u00e9plique Manga Cin\u00e9","description":"","publisher":{"@id":"https:\/\/repliquemangacine.fr\/#organization"},"potentialAction":[{"@type":"SearchAction","target":{"@type":"EntryPoint","urlTemplate":"https:\/\/repliquemangacine.fr\/?s={search_term_string}"},"query-input":{"@type":"PropertyValueSpecification","valueRequired":true,"valueName":"search_term_string"}}],"inLanguage":"it-IT"},{"@type":"Organization","@id":"https:\/\/repliquemangacine.fr\/#organization","name":"R\u00e9plique Manga Cin\u00e9","url":"https:\/\/repliquemangacine.fr\/","logo":{"@type":"ImageObject","inLanguage":"it-IT","@id":"https:\/\/repliquemangacine.fr\/#\/schema\/logo\/image\/","url":"https:\/\/repliquemangacine.fr\/wp-content\/uploads\/2023\/10\/RMC-500250.png","contentUrl":"https:\/\/repliquemangacine.fr\/wp-content\/uploads\/2023\/10\/RMC-500250.png","width":500,"height":250,"caption":"R\u00e9plique Manga Cin\u00e9"},"image":{"@id":"https:\/\/repliquemangacine.fr\/#\/schema\/logo\/image\/"},"sameAs":["https:\/\/www.facebook.com\/RepliqueMangaCine","https:\/\/www.instagram.com\/repliquemangacine.fr\/"]}]}},"_links":{"self":[{"href":"https:\/\/repliquemangacine.fr\/it\/wp-json\/wp\/v2\/product\/50423","targetHints":{"allow":["GET"]}}],"collection":[{"href":"https:\/\/repliquemangacine.fr\/it\/wp-json\/wp\/v2\/product"}],"about":[{"href":"https:\/\/repliquemangacine.fr\/it\/wp-json\/wp\/v2\/types\/product"}],"wp:featuredmedia":[{"embeddable":true,"href":"https:\/\/repliquemangacine.fr\/it\/wp-json\/wp\/v2\/media\/50424"}],"wp:attachment":[{"href":"https:\/\/repliquemangacine.fr\/it\/wp-json\/wp\/v2\/media?parent=50423"}],"wp:term":[{"taxonomy":"product_brand","embeddable":true,"href":"https:\/\/repliquemangacine.fr\/it\/wp-json\/wp\/v2\/product_brand?post=50423"},{"taxonomy":"product_cat","embeddable":true,"href":"https:\/\/repliquemangacine.fr\/it\/wp-json\/wp\/v2\/product_cat?post=50423"},{"taxonomy":"product_tag","embeddable":true,"href":"https:\/\/repliquemangacine.fr\/it\/wp-json\/wp\/v2\/product_tag?post=50423"}],"curies":[{"name":"wp","href":"https:\/\/api.w.org\/{rel}","templated":true}]}}