





{"id":50075,"date":"2022-04-28T12:26:25","date_gmt":"2022-04-28T10:26:25","guid":{"rendered":"https:\/\/repliquemangacine.fr\/?post_type=product&#038;p=50075"},"modified":"2026-02-20T17:14:13","modified_gmt":"2026-02-20T16:14:13","slug":"animali-fantastici-a-bacchetta-di-queenie-goldstein","status":"publish","type":"product","link":"https:\/\/repliquemangacine.fr\/it\/les-animaux-fantastiques\/baguette-queenie-goldstein-animaux-fantastiques\/","title":{"rendered":"Queenie Baguette"},"content":{"rendered":"<h2>La bacchetta di Queenie Goldstein - Bestie fantastiche<\/h2>\n<p>Per cominciare, il <strong>Queenie Goldstein bacchetta<\/strong>, \u00e8 realizzato interamente in resina con un'anima centrale in metallo.<\/p>\n<p>Queenie \u00e8 la sorella minore di Porpentina Goldstein. Viene descritta come estremamente bella, con un cuore grande e uno spirito libero. \u00c8 anche un'abile legilimens. Queenie vive con la sorella Tina in un appartamento a New York.<\/p>\n<p>Una sera di dicembre, Queenie accoglie Norbert Dragonneau e Jacob Kowalski nella loro casa. \u00c8 ospitale con entrambi gli uomini e si dimostra particolarmente disponibile con Jacob, che non si sente bene. Durante la cena, Queenie si avvicina a Jacob Kowalski nonostante l'avvertimento della sorella di non avvicinarsi troppo.<\/p>\n<p>Queenie ammalia Jacob Kowalski e lo costringe ad accettare di sposarla. Egli non vuole che la loro relazione nascente danneggi la giovane donna, che potrebbe essere perseguita dalla polizia. <a href=\"https:\/\/harrypotter.fandom.com\/fr\/wiki\/Congr\u00e8s_magique_des_\u00c9tats-Unis_d'Am\u00e9rique?so=search\" target=\"_blank\" rel=\"noopener noreferrer\">MACUSA<\/a> perch\u00e9 frequenta un Non-Maj.<\/p>\n<h2>Il tuo Goldstein Queenie Baguette a buon mercato.<\/h2>\n<p>Offriamo una vasta gamma di bacchette magiche delle Bestie Fantastiche.<\/p>\n<p>Innanzitutto,<\/p>\n<ul>\n<li>La <a href=\"https:\/\/repliquemangacine.fr\/it\/animali-fantastici\/goldstein-bacchetta-porpentina-bestie-fantastiche\/\">Asta Goldstein Porpentina<\/a>La sorella di Queenie in Fantastic Beasts.<\/li>\n<li>Ma anche Rudolph Spielman in Animali fantastici.<\/li>\n<li>E molti altri da scoprire nel nostro negozio online!<\/li>\n<\/ul>\n<p>Ecco un'ottima idea regalo per tutti i fan di Harry Potter<\/p>\n<p>In conclusione, \u00e8 possibile utilizzare questo <strong>Queenie Goldstein bacchetta<\/strong> per i vostri cosplay o feste a tema. Ma soprattutto, \u00e8 un oggetto da collezione e una decorazione.<\/p>\n<p>R\u00e9plique Manga Cin\u00e9 \u00e8 un'azienda familiare francese.<\/p>\n<h2>Come vengono realizzate le bacchette degli stregoni?<\/h2>\n<p>La bacchetta magica \u00e8 un oggetto composto da due elementi variabili: il legno, solitamente proveniente da un albero, e il cosiddetto cuore della bacchetta, che pu\u00f2 provenire da una variet\u00e0 di creature magiche o piante. \u00c8 uno strumento utilizzato da maghi e streghe per affinare i loro incantesimi e ottenere risultati migliori nell'uso della magia.<\/p>\n<p>Le nostre bacchette sono realizzate in resina stampata, con un'asta di metallo al centro della bacchetta per dare al vostro <strong>Queenie Goldstein bacchetta<\/strong> notevole resistenza.<\/p>\n<p>Va notato che la maggior parte dei maghi acquista la bacchetta all'et\u00e0 di undici anni, prima di iniziare la propria formazione magica. I giovani maghi possono acquistare la bacchetta da soli da un venditore, mentre gli studenti inglesi si recano tradizionalmente da Ollivander.<\/p>","protected":false},"excerpt":{"rendered":"<p>La bacchetta di Queenie Goldstein ispirata alla saga delle Bestie Fantastiche.<\/p>\n<ul>\n<li>Asta in resina, imita il legno nero ebano.<\/li>\n<li>Maniglia a guscio di lumaca.<\/li>\n<li>Anima in metallo<\/li>\n<li>Scatola da collezione con interno in velluto blu.<\/li>\n<li>Scheda personaggio.<\/li>\n<li>Lunghezza: 36,5 cm<\/li>\n<\/ul>","protected":false},"featured_media":50076,"template":"","meta":[],"product_brand":[896],"product_cat":[24,104,101],"product_tag":[],"class_list":{"0":"post-50075","1":"product","2":"type-product","3":"status-publish","4":"has-post-thumbnail","6":"product_brand-replique-manga-cine","7":"product_cat-films-series-tv-vente-de-katana-epee-et-produits-derives","8":"product_cat-les-animaux-fantastiques","9":"product_cat-soldes","11":"first","12":"instock","13":"sale","14":"taxable","15":"shipping-taxable","16":"purchasable","17":"product-type-simple"},"yoast_head":"<!-- This site is optimized with the Yoast SEO plugin v27.4 - https:\/\/yoast.com\/product\/yoast-seo-wordpress\/ -->\n<title>Baguette Queenie Goldstein - Les Animaux Fantastiques - RMC<\/title>\n<meta name=\"description\" content=\"D\u00e9couvrez cette baguette Queenie Goldstein dans Les Animaux Fantastiques au meilleur prix. En r\u00e9sine - Noyau en m\u00e9tal - Longueur : 36.5 cm\" \/>\n<meta name=\"robots\" content=\"index, follow, max-snippet:-1, max-image-preview:large, max-video-preview:-1\" \/>\n<link rel=\"canonical\" href=\"https:\/\/repliquemangacine.fr\/it\/animali-fantastici\/animali-fantastici-a-bacchetta-di-queenie-goldstein\/\" \/>\n<meta property=\"og:locale\" content=\"it_IT\" \/>\n<meta property=\"og:type\" content=\"article\" \/>\n<meta property=\"og:title\" content=\"Baguette Queenie Goldstein - Les Animaux Fantastiques - RMC\" \/>\n<meta property=\"og:description\" content=\"D\u00e9couvrez cette baguette Queenie Goldstein dans Les Animaux Fantastiques au meilleur prix. En r\u00e9sine - Noyau en m\u00e9tal - Longueur : 36.5 cm\" \/>\n<meta property=\"og:url\" content=\"https:\/\/repliquemangacine.fr\/it\/animali-fantastici\/animali-fantastici-a-bacchetta-di-queenie-goldstein\/\" \/>\n<meta property=\"og:site_name\" content=\"R\u00e9plique Manga Cin\u00e9\" \/>\n<meta property=\"article:publisher\" content=\"https:\/\/www.facebook.com\/RepliqueMangaCine\" \/>\n<meta property=\"article:modified_time\" content=\"2026-02-20T16:14:13+00:00\" \/>\n<meta property=\"og:image\" content=\"https:\/\/repliquemangacine.fr\/wp-content\/uploads\/2023\/10\/baguette-Queenie-Goldstein.jpg\" \/>\n\t<meta property=\"og:image:width\" content=\"600\" \/>\n\t<meta property=\"og:image:height\" content=\"600\" \/>\n\t<meta property=\"og:image:type\" content=\"image\/jpeg\" \/>\n<meta name=\"twitter:card\" content=\"summary_large_image\" \/>\n<meta name=\"twitter:label1\" content=\"Tempo di lettura stimato\" \/>\n\t<meta name=\"twitter:data1\" content=\"2 minuti\" \/>\n<script type=\"application\/ld+json\" class=\"yoast-schema-graph\">{\"@context\":\"https:\\\/\\\/schema.org\",\"@graph\":[{\"@type\":\"WebPage\",\"@id\":\"https:\\\/\\\/repliquemangacine.fr\\\/les-animaux-fantastiques\\\/baguette-queenie-goldstein-animaux-fantastiques\\\/\",\"url\":\"https:\\\/\\\/repliquemangacine.fr\\\/les-animaux-fantastiques\\\/baguette-queenie-goldstein-animaux-fantastiques\\\/\",\"name\":\"Baguette Queenie Goldstein - Les Animaux Fantastiques - RMC\",\"isPartOf\":{\"@id\":\"https:\\\/\\\/repliquemangacine.fr\\\/#website\"},\"primaryImageOfPage\":{\"@id\":\"https:\\\/\\\/repliquemangacine.fr\\\/les-animaux-fantastiques\\\/baguette-queenie-goldstein-animaux-fantastiques\\\/#primaryimage\"},\"image\":{\"@id\":\"https:\\\/\\\/repliquemangacine.fr\\\/les-animaux-fantastiques\\\/baguette-queenie-goldstein-animaux-fantastiques\\\/#primaryimage\"},\"thumbnailUrl\":\"https:\\\/\\\/repliquemangacine.fr\\\/wp-content\\\/uploads\\\/2023\\\/10\\\/baguette-Queenie-Goldstein.jpg\",\"datePublished\":\"2022-04-28T10:26:25+00:00\",\"dateModified\":\"2026-02-20T16:14:13+00:00\",\"description\":\"D\u00e9couvrez cette baguette Queenie Goldstein dans Les Animaux Fantastiques au meilleur prix. En r\u00e9sine - Noyau en m\u00e9tal - Longueur : 36.5 cm\",\"breadcrumb\":{\"@id\":\"https:\\\/\\\/repliquemangacine.fr\\\/les-animaux-fantastiques\\\/baguette-queenie-goldstein-animaux-fantastiques\\\/#breadcrumb\"},\"inLanguage\":\"it-IT\",\"potentialAction\":[{\"@type\":\"ReadAction\",\"target\":[\"https:\\\/\\\/repliquemangacine.fr\\\/les-animaux-fantastiques\\\/baguette-queenie-goldstein-animaux-fantastiques\\\/\"]}]},{\"@type\":\"ImageObject\",\"inLanguage\":\"it-IT\",\"@id\":\"https:\\\/\\\/repliquemangacine.fr\\\/les-animaux-fantastiques\\\/baguette-queenie-goldstein-animaux-fantastiques\\\/#primaryimage\",\"url\":\"https:\\\/\\\/repliquemangacine.fr\\\/wp-content\\\/uploads\\\/2023\\\/10\\\/baguette-Queenie-Goldstein.jpg\",\"contentUrl\":\"https:\\\/\\\/repliquemangacine.fr\\\/wp-content\\\/uploads\\\/2023\\\/10\\\/baguette-Queenie-Goldstein.jpg\",\"width\":600,\"height\":600,\"caption\":\"baguette-Queenie-Goldstein les animaux fantastiques\"},{\"@type\":\"BreadcrumbList\",\"@id\":\"https:\\\/\\\/repliquemangacine.fr\\\/les-animaux-fantastiques\\\/baguette-queenie-goldstein-animaux-fantastiques\\\/#breadcrumb\",\"itemListElement\":[{\"@type\":\"ListItem\",\"position\":1,\"name\":\"Accueil\",\"item\":\"https:\\\/\\\/repliquemangacine.fr\\\/\"},{\"@type\":\"ListItem\",\"position\":2,\"name\":\"Produits\",\"item\":\"https:\\\/\\\/repliquemangacine.fr\\\/boutique\\\/\"},{\"@type\":\"ListItem\",\"position\":3,\"name\":\"Baguette Queenie\"}]},{\"@type\":\"WebSite\",\"@id\":\"https:\\\/\\\/repliquemangacine.fr\\\/#website\",\"url\":\"https:\\\/\\\/repliquemangacine.fr\\\/\",\"name\":\"R\u00e9plique Manga Cin\u00e9\",\"description\":\"\",\"publisher\":{\"@id\":\"https:\\\/\\\/repliquemangacine.fr\\\/#organization\"},\"potentialAction\":[{\"@type\":\"SearchAction\",\"target\":{\"@type\":\"EntryPoint\",\"urlTemplate\":\"https:\\\/\\\/repliquemangacine.fr\\\/?s={search_term_string}\"},\"query-input\":{\"@type\":\"PropertyValueSpecification\",\"valueRequired\":true,\"valueName\":\"search_term_string\"}}],\"inLanguage\":\"it-IT\"},{\"@type\":\"Organization\",\"@id\":\"https:\\\/\\\/repliquemangacine.fr\\\/#organization\",\"name\":\"R\u00e9plique Manga Cin\u00e9\",\"url\":\"https:\\\/\\\/repliquemangacine.fr\\\/\",\"logo\":{\"@type\":\"ImageObject\",\"inLanguage\":\"it-IT\",\"@id\":\"https:\\\/\\\/repliquemangacine.fr\\\/#\\\/schema\\\/logo\\\/image\\\/\",\"url\":\"https:\\\/\\\/repliquemangacine.fr\\\/wp-content\\\/uploads\\\/2023\\\/10\\\/RMC-500250.png\",\"contentUrl\":\"https:\\\/\\\/repliquemangacine.fr\\\/wp-content\\\/uploads\\\/2023\\\/10\\\/RMC-500250.png\",\"width\":500,\"height\":250,\"caption\":\"R\u00e9plique Manga Cin\u00e9\"},\"image\":{\"@id\":\"https:\\\/\\\/repliquemangacine.fr\\\/#\\\/schema\\\/logo\\\/image\\\/\"},\"sameAs\":[\"https:\\\/\\\/www.facebook.com\\\/RepliqueMangaCine\",\"https:\\\/\\\/www.instagram.com\\\/repliquemangacine.fr\\\/\"]}]}<\/script>\n<!-- \/ Yoast SEO plugin. -->","yoast_head_json":{"title":"La bacchetta di Queenie Goldstein - Bestie fantastiche - RMC","description":"Scopri questa bacchetta Queenie Goldstein di Animali Fantastici al miglior prezzo. Resina - Anima in metallo - Lunghezza: 36,5 cm","robots":{"index":"index","follow":"follow","max-snippet":"max-snippet:-1","max-image-preview":"max-image-preview:large","max-video-preview":"max-video-preview:-1"},"canonical":"https:\/\/repliquemangacine.fr\/it\/animali-fantastici\/animali-fantastici-a-bacchetta-di-queenie-goldstein\/","og_locale":"it_IT","og_type":"article","og_title":"Baguette Queenie Goldstein - Les Animaux Fantastiques - RMC","og_description":"D\u00e9couvrez cette baguette Queenie Goldstein dans Les Animaux Fantastiques au meilleur prix. En r\u00e9sine - Noyau en m\u00e9tal - Longueur : 36.5 cm","og_url":"https:\/\/repliquemangacine.fr\/it\/animali-fantastici\/animali-fantastici-a-bacchetta-di-queenie-goldstein\/","og_site_name":"R\u00e9plique Manga Cin\u00e9","article_publisher":"https:\/\/www.facebook.com\/RepliqueMangaCine","article_modified_time":"2026-02-20T16:14:13+00:00","og_image":[{"width":600,"height":600,"url":"https:\/\/repliquemangacine.fr\/wp-content\/uploads\/2023\/10\/baguette-Queenie-Goldstein.jpg","type":"image\/jpeg"}],"twitter_card":"summary_large_image","twitter_misc":{"Tempo di lettura stimato":"2 minuti"},"schema":{"@context":"https:\/\/schema.org","@graph":[{"@type":"WebPage","@id":"https:\/\/repliquemangacine.fr\/les-animaux-fantastiques\/baguette-queenie-goldstein-animaux-fantastiques\/","url":"https:\/\/repliquemangacine.fr\/les-animaux-fantastiques\/baguette-queenie-goldstein-animaux-fantastiques\/","name":"La bacchetta di Queenie Goldstein - Bestie fantastiche - RMC","isPartOf":{"@id":"https:\/\/repliquemangacine.fr\/#website"},"primaryImageOfPage":{"@id":"https:\/\/repliquemangacine.fr\/les-animaux-fantastiques\/baguette-queenie-goldstein-animaux-fantastiques\/#primaryimage"},"image":{"@id":"https:\/\/repliquemangacine.fr\/les-animaux-fantastiques\/baguette-queenie-goldstein-animaux-fantastiques\/#primaryimage"},"thumbnailUrl":"https:\/\/repliquemangacine.fr\/wp-content\/uploads\/2023\/10\/baguette-Queenie-Goldstein.jpg","datePublished":"2022-04-28T10:26:25+00:00","dateModified":"2026-02-20T16:14:13+00:00","description":"Scopri questa bacchetta Queenie Goldstein di Animali Fantastici al miglior prezzo. Resina - Anima in metallo - Lunghezza: 36,5 cm","breadcrumb":{"@id":"https:\/\/repliquemangacine.fr\/les-animaux-fantastiques\/baguette-queenie-goldstein-animaux-fantastiques\/#breadcrumb"},"inLanguage":"it-IT","potentialAction":[{"@type":"ReadAction","target":["https:\/\/repliquemangacine.fr\/les-animaux-fantastiques\/baguette-queenie-goldstein-animaux-fantastiques\/"]}]},{"@type":"ImageObject","inLanguage":"it-IT","@id":"https:\/\/repliquemangacine.fr\/les-animaux-fantastiques\/baguette-queenie-goldstein-animaux-fantastiques\/#primaryimage","url":"https:\/\/repliquemangacine.fr\/wp-content\/uploads\/2023\/10\/baguette-Queenie-Goldstein.jpg","contentUrl":"https:\/\/repliquemangacine.fr\/wp-content\/uploads\/2023\/10\/baguette-Queenie-Goldstein.jpg","width":600,"height":600,"caption":"baguette-Queenie-Goldstein les animaux fantastiques"},{"@type":"BreadcrumbList","@id":"https:\/\/repliquemangacine.fr\/les-animaux-fantastiques\/baguette-queenie-goldstein-animaux-fantastiques\/#breadcrumb","itemListElement":[{"@type":"ListItem","position":1,"name":"Accueil","item":"https:\/\/repliquemangacine.fr\/"},{"@type":"ListItem","position":2,"name":"Produits","item":"https:\/\/repliquemangacine.fr\/boutique\/"},{"@type":"ListItem","position":3,"name":"Baguette Queenie"}]},{"@type":"WebSite","@id":"https:\/\/repliquemangacine.fr\/#website","url":"https:\/\/repliquemangacine.fr\/","name":"R\u00e9plique Manga Cin\u00e9","description":"","publisher":{"@id":"https:\/\/repliquemangacine.fr\/#organization"},"potentialAction":[{"@type":"SearchAction","target":{"@type":"EntryPoint","urlTemplate":"https:\/\/repliquemangacine.fr\/?s={search_term_string}"},"query-input":{"@type":"PropertyValueSpecification","valueRequired":true,"valueName":"search_term_string"}}],"inLanguage":"it-IT"},{"@type":"Organization","@id":"https:\/\/repliquemangacine.fr\/#organization","name":"R\u00e9plique Manga Cin\u00e9","url":"https:\/\/repliquemangacine.fr\/","logo":{"@type":"ImageObject","inLanguage":"it-IT","@id":"https:\/\/repliquemangacine.fr\/#\/schema\/logo\/image\/","url":"https:\/\/repliquemangacine.fr\/wp-content\/uploads\/2023\/10\/RMC-500250.png","contentUrl":"https:\/\/repliquemangacine.fr\/wp-content\/uploads\/2023\/10\/RMC-500250.png","width":500,"height":250,"caption":"R\u00e9plique Manga Cin\u00e9"},"image":{"@id":"https:\/\/repliquemangacine.fr\/#\/schema\/logo\/image\/"},"sameAs":["https:\/\/www.facebook.com\/RepliqueMangaCine","https:\/\/www.instagram.com\/repliquemangacine.fr\/"]}]}},"_links":{"self":[{"href":"https:\/\/repliquemangacine.fr\/it\/wp-json\/wp\/v2\/product\/50075","targetHints":{"allow":["GET"]}}],"collection":[{"href":"https:\/\/repliquemangacine.fr\/it\/wp-json\/wp\/v2\/product"}],"about":[{"href":"https:\/\/repliquemangacine.fr\/it\/wp-json\/wp\/v2\/types\/product"}],"wp:featuredmedia":[{"embeddable":true,"href":"https:\/\/repliquemangacine.fr\/it\/wp-json\/wp\/v2\/media\/50076"}],"wp:attachment":[{"href":"https:\/\/repliquemangacine.fr\/it\/wp-json\/wp\/v2\/media?parent=50075"}],"wp:term":[{"taxonomy":"product_brand","embeddable":true,"href":"https:\/\/repliquemangacine.fr\/it\/wp-json\/wp\/v2\/product_brand?post=50075"},{"taxonomy":"product_cat","embeddable":true,"href":"https:\/\/repliquemangacine.fr\/it\/wp-json\/wp\/v2\/product_cat?post=50075"},{"taxonomy":"product_tag","embeddable":true,"href":"https:\/\/repliquemangacine.fr\/it\/wp-json\/wp\/v2\/product_tag?post=50075"}],"curies":[{"name":"wp","href":"https:\/\/api.w.org\/{rel}","templated":true}]}}