





{"id":50070,"date":"2022-04-28T11:50:55","date_gmt":"2022-04-28T09:50:55","guid":{"rendered":"https:\/\/repliquemangacine.fr\/?post_type=product&#038;p=50070"},"modified":"2025-12-13T18:08:22","modified_gmt":"2025-12-13T17:08:22","slug":"goldstein-bacchetta-porpentina-bestie-fantastiche","status":"publish","type":"product","link":"https:\/\/repliquemangacine.fr\/it\/les-animaux-fantastiques\/baguette-porpentina-goldstein-fantastic-beasts\/","title":{"rendered":"Baguette Tina Goldstein"},"content":{"rendered":"<h2>Bacchetta di Porpentina Goldstein - Bestie Fantastiche<\/h2>\n<p>Per cominciare, la bacchetta Goldstein Porpentina \u00e8 realizzata interamente in resina, con un'asta di metallo nel cuore della bacchetta per migliorare la qualit\u00e0.<\/p>\n<p>Porpentina Dragonneau, nata Goldstein, nota come Tina, \u00e8 la moglie di Norbert Dragonneau. Ha lavorato alla convention magica MACUSA come Auror, fino a quando non ha aggredito una donna non magica, Mary Lou Bellebosse, mentre quest'ultima stava picchiando un ragazzino, Croyance, sotto la sua tutela.<\/p>\n<p>A seguito di questo incidente, Tina viene retrocessa al rango di ufficiale federale addetto ai permessi di soggiorno. Tuttavia, in seguito a una serie di eventi, Norbert parla al Presidente del MACUSA dell'eroismo di Tina e le permette di riottenere il suo posto di investigatore.<\/p>\n<h2>La vostra Baguette Porpentina al miglior prezzo.<\/h2>\n<p>Offriamo una vasta gamma di bacchette magiche delle Bestie Fantastiche.<\/p>\n<p>Prima di tutto, le cose da fare,<\/p>\n<ul>\n<li>La bacchetta di Theseus Dragonneau, suo cognato in Animali fantastici.<\/li>\n<li>Ma anche quello di <a href=\"https:\/\/repliquemangacine.fr\/it\/animali-fantastici\/yusuf-kama-bacchetta-animali-fantastici\/\">Yusuf Kama<\/a> anche in Fantastic Beasts.<\/li>\n<li>E molti altri da scoprire nel nostro negozio online!<\/li>\n<li>Troverete inoltre tutte le bacchette della saga di Harry Potter in versione replica o ufficiale <a href=\"https:\/\/noblecollection.fr\/index.php\" target=\"_blank\" rel=\"noopener noreferrer\">La collezione Noble<\/a>.<\/li>\n<\/ul>\n<p>Ecco un'ottima idea regalo per tutti i fan di Harry Potter<\/p>\n<p>In conclusione, \u00e8 possibile utilizzare questo <strong>Bacchetta Porpentina<\/strong> Goldstein per i vostri cosplay o serate a tema. Ma soprattutto, \u00e8 un oggetto da collezione e un pezzo decorativo.<\/p>\n<p>R\u00e9plique Manga Cin\u00e9 \u00e8 un'azienda familiare francese.<\/p>\n<h2>Come vengono realizzate le bacchette degli stregoni?<\/h2>\n<p>La bacchetta magica \u00e8 un oggetto composto da due elementi variabili: il legno, solitamente proveniente da un albero, e il cosiddetto cuore della bacchetta, che pu\u00f2 provenire da una variet\u00e0 di creature magiche o piante. \u00c8 uno strumento utilizzato da maghi e streghe per affinare i loro incantesimi e ottenere risultati migliori nell'uso della magia.<\/p>\n<p>Le nostre bacchette sono realizzate in resina stampata, con un'asta di metallo al centro della bacchetta per dare al vostro <strong>Bacchetta Porpentina<\/strong> La notevole capacit\u00e0 di recupero di Goldstein.<\/p>\n<p>Va notato che la maggior parte dei maghi acquista la bacchetta all'et\u00e0 di undici anni, prima di iniziare la propria formazione magica. I giovani maghi possono acquistare la bacchetta da soli da un venditore, mentre gli studenti inglesi si recano tradizionalmente da Ollivander.<\/p>\n<p>&nbsp;<\/p>","protected":false},"excerpt":{"rendered":"<p>La bacchetta di Porpentina Goldstein ispirata alla saga delle Bestie Fantastiche.<\/p>\n<ul>\n<li>Asta in resina, che imita il legno marrone, sobria ed elegante.<\/li>\n<li>Anima in metallo<\/li>\n<li>Scatola da collezione con interno in velluto blu.<\/li>\n<li>Scheda personaggio.<\/li>\n<li>Lunghezza: 36 cm<\/li>\n<\/ul>","protected":false},"featured_media":50071,"template":"","meta":[],"product_brand":[896],"product_cat":[24,104,101],"product_tag":[],"class_list":{"0":"post-50070","1":"product","2":"type-product","3":"status-publish","4":"has-post-thumbnail","6":"product_brand-replique-manga-cine","7":"product_cat-films-series-tv-vente-de-katana-epee-et-produits-derives","8":"product_cat-les-animaux-fantastiques","9":"product_cat-soldes","11":"first","12":"instock","13":"sale","14":"taxable","15":"shipping-taxable","16":"purchasable","17":"product-type-simple"},"yoast_head":"<!-- This site is optimized with the Yoast SEO plugin v27.4 - https:\/\/yoast.com\/product\/yoast-seo-wordpress\/ -->\n<title>Baguette Porpentina - Fantastic Beasts - R\u00e9plique Manga Cin\u00e9<\/title>\n<meta name=\"description\" content=\"D\u00e9couvrez cette Baguette Porpentina Goldstein dans Les Animaux Fantastiques au meilleur prix. En r\u00e9sine - Noyau en m\u00e9tal - Longueur : 36 cm\" \/>\n<meta name=\"robots\" content=\"index, follow, max-snippet:-1, max-image-preview:large, max-video-preview:-1\" \/>\n<link rel=\"canonical\" href=\"https:\/\/repliquemangacine.fr\/it\/animali-fantastici\/goldstein-bacchetta-porpentina-bestie-fantastiche\/\" \/>\n<meta property=\"og:locale\" content=\"it_IT\" \/>\n<meta property=\"og:type\" content=\"article\" \/>\n<meta property=\"og:title\" content=\"Baguette Porpentina - Fantastic Beasts - R\u00e9plique Manga Cin\u00e9\" \/>\n<meta property=\"og:description\" content=\"D\u00e9couvrez cette Baguette Porpentina Goldstein dans Les Animaux Fantastiques au meilleur prix. En r\u00e9sine - Noyau en m\u00e9tal - Longueur : 36 cm\" \/>\n<meta property=\"og:url\" content=\"https:\/\/repliquemangacine.fr\/it\/animali-fantastici\/goldstein-bacchetta-porpentina-bestie-fantastiche\/\" \/>\n<meta property=\"og:site_name\" content=\"R\u00e9plique Manga Cin\u00e9\" \/>\n<meta property=\"article:publisher\" content=\"https:\/\/www.facebook.com\/RepliqueMangaCine\" \/>\n<meta property=\"article:modified_time\" content=\"2025-12-13T17:08:22+00:00\" \/>\n<meta property=\"og:image\" content=\"https:\/\/repliquemangacine.fr\/wp-content\/uploads\/2023\/10\/baguette-porpentina-Goldstein.jpg\" \/>\n\t<meta property=\"og:image:width\" content=\"600\" \/>\n\t<meta property=\"og:image:height\" content=\"600\" \/>\n\t<meta property=\"og:image:type\" content=\"image\/jpeg\" \/>\n<meta name=\"twitter:card\" content=\"summary_large_image\" \/>\n<meta name=\"twitter:label1\" content=\"Tempo di lettura stimato\" \/>\n\t<meta name=\"twitter:data1\" content=\"2 minuti\" \/>\n<script type=\"application\/ld+json\" class=\"yoast-schema-graph\">{\"@context\":\"https:\\\/\\\/schema.org\",\"@graph\":[{\"@type\":\"WebPage\",\"@id\":\"https:\\\/\\\/repliquemangacine.fr\\\/en\\\/fantastic-animals\\\/baguette-porpentina-goldstein-fantastic-beasts\\\/\",\"url\":\"https:\\\/\\\/repliquemangacine.fr\\\/en\\\/fantastic-animals\\\/baguette-porpentina-goldstein-fantastic-beasts\\\/\",\"name\":\"Baguette Porpentina - Fantastic Beasts - R\u00e9plique Manga Cin\u00e9\",\"isPartOf\":{\"@id\":\"https:\\\/\\\/repliquemangacine.fr\\\/#website\"},\"primaryImageOfPage\":{\"@id\":\"https:\\\/\\\/repliquemangacine.fr\\\/en\\\/fantastic-animals\\\/baguette-porpentina-goldstein-fantastic-beasts\\\/#primaryimage\"},\"image\":{\"@id\":\"https:\\\/\\\/repliquemangacine.fr\\\/en\\\/fantastic-animals\\\/baguette-porpentina-goldstein-fantastic-beasts\\\/#primaryimage\"},\"thumbnailUrl\":\"https:\\\/\\\/repliquemangacine.fr\\\/wp-content\\\/uploads\\\/2023\\\/10\\\/baguette-porpentina-Goldstein.jpg\",\"datePublished\":\"2022-04-28T09:50:55+00:00\",\"dateModified\":\"2025-12-13T17:08:22+00:00\",\"description\":\"D\u00e9couvrez cette Baguette Porpentina Goldstein dans Les Animaux Fantastiques au meilleur prix. En r\u00e9sine - Noyau en m\u00e9tal - Longueur : 36 cm\",\"breadcrumb\":{\"@id\":\"https:\\\/\\\/repliquemangacine.fr\\\/en\\\/fantastic-animals\\\/baguette-porpentina-goldstein-fantastic-beasts\\\/#breadcrumb\"},\"inLanguage\":\"it-IT\",\"potentialAction\":[{\"@type\":\"ReadAction\",\"target\":[\"https:\\\/\\\/repliquemangacine.fr\\\/en\\\/fantastic-animals\\\/baguette-porpentina-goldstein-fantastic-beasts\\\/\"]}]},{\"@type\":\"ImageObject\",\"inLanguage\":\"it-IT\",\"@id\":\"https:\\\/\\\/repliquemangacine.fr\\\/en\\\/fantastic-animals\\\/baguette-porpentina-goldstein-fantastic-beasts\\\/#primaryimage\",\"url\":\"https:\\\/\\\/repliquemangacine.fr\\\/wp-content\\\/uploads\\\/2023\\\/10\\\/baguette-porpentina-Goldstein.jpg\",\"contentUrl\":\"https:\\\/\\\/repliquemangacine.fr\\\/wp-content\\\/uploads\\\/2023\\\/10\\\/baguette-porpentina-Goldstein.jpg\",\"width\":600,\"height\":600,\"caption\":\"baguette-porpentina-Goldstein les animaux fantastiques\"},{\"@type\":\"BreadcrumbList\",\"@id\":\"https:\\\/\\\/repliquemangacine.fr\\\/en\\\/fantastic-animals\\\/baguette-porpentina-goldstein-fantastic-beasts\\\/#breadcrumb\",\"itemListElement\":[{\"@type\":\"ListItem\",\"position\":1,\"name\":\"Accueil\",\"item\":\"https:\\\/\\\/repliquemangacine.fr\\\/\"},{\"@type\":\"ListItem\",\"position\":2,\"name\":\"Produits\",\"item\":\"https:\\\/\\\/repliquemangacine.fr\\\/boutique\\\/\"},{\"@type\":\"ListItem\",\"position\":3,\"name\":\"Baguette Tina Goldstein\"}]},{\"@type\":\"WebSite\",\"@id\":\"https:\\\/\\\/repliquemangacine.fr\\\/#website\",\"url\":\"https:\\\/\\\/repliquemangacine.fr\\\/\",\"name\":\"R\u00e9plique Manga Cin\u00e9\",\"description\":\"\",\"publisher\":{\"@id\":\"https:\\\/\\\/repliquemangacine.fr\\\/#organization\"},\"potentialAction\":[{\"@type\":\"SearchAction\",\"target\":{\"@type\":\"EntryPoint\",\"urlTemplate\":\"https:\\\/\\\/repliquemangacine.fr\\\/?s={search_term_string}\"},\"query-input\":{\"@type\":\"PropertyValueSpecification\",\"valueRequired\":true,\"valueName\":\"search_term_string\"}}],\"inLanguage\":\"it-IT\"},{\"@type\":\"Organization\",\"@id\":\"https:\\\/\\\/repliquemangacine.fr\\\/#organization\",\"name\":\"R\u00e9plique Manga Cin\u00e9\",\"url\":\"https:\\\/\\\/repliquemangacine.fr\\\/\",\"logo\":{\"@type\":\"ImageObject\",\"inLanguage\":\"it-IT\",\"@id\":\"https:\\\/\\\/repliquemangacine.fr\\\/#\\\/schema\\\/logo\\\/image\\\/\",\"url\":\"https:\\\/\\\/repliquemangacine.fr\\\/wp-content\\\/uploads\\\/2023\\\/10\\\/RMC-500250.png\",\"contentUrl\":\"https:\\\/\\\/repliquemangacine.fr\\\/wp-content\\\/uploads\\\/2023\\\/10\\\/RMC-500250.png\",\"width\":500,\"height\":250,\"caption\":\"R\u00e9plique Manga Cin\u00e9\"},\"image\":{\"@id\":\"https:\\\/\\\/repliquemangacine.fr\\\/#\\\/schema\\\/logo\\\/image\\\/\"},\"sameAs\":[\"https:\\\/\\\/www.facebook.com\\\/RepliqueMangaCine\",\"https:\\\/\\\/www.instagram.com\\\/repliquemangacine.fr\\\/\"]}]}<\/script>\n<!-- \/ Yoast SEO plugin. -->","yoast_head_json":{"title":"Bacchetta di Porpentina - Bestie Fantastiche - R\u00e9plique Manga Cin\u00e9","description":"Scopri questa bacchetta Goldstein Porpentina in Animali Fantastici al miglior prezzo. Resina - Anima in metallo - Lunghezza: 36 cm","robots":{"index":"index","follow":"follow","max-snippet":"max-snippet:-1","max-image-preview":"max-image-preview:large","max-video-preview":"max-video-preview:-1"},"canonical":"https:\/\/repliquemangacine.fr\/it\/animali-fantastici\/goldstein-bacchetta-porpentina-bestie-fantastiche\/","og_locale":"it_IT","og_type":"article","og_title":"Baguette Porpentina - Fantastic Beasts - R\u00e9plique Manga Cin\u00e9","og_description":"D\u00e9couvrez cette Baguette Porpentina Goldstein dans Les Animaux Fantastiques au meilleur prix. En r\u00e9sine - Noyau en m\u00e9tal - Longueur : 36 cm","og_url":"https:\/\/repliquemangacine.fr\/it\/animali-fantastici\/goldstein-bacchetta-porpentina-bestie-fantastiche\/","og_site_name":"R\u00e9plique Manga Cin\u00e9","article_publisher":"https:\/\/www.facebook.com\/RepliqueMangaCine","article_modified_time":"2025-12-13T17:08:22+00:00","og_image":[{"width":600,"height":600,"url":"https:\/\/repliquemangacine.fr\/wp-content\/uploads\/2023\/10\/baguette-porpentina-Goldstein.jpg","type":"image\/jpeg"}],"twitter_card":"summary_large_image","twitter_misc":{"Tempo di lettura stimato":"2 minuti"},"schema":{"@context":"https:\/\/schema.org","@graph":[{"@type":"WebPage","@id":"https:\/\/repliquemangacine.fr\/en\/fantastic-animals\/baguette-porpentina-goldstein-fantastic-beasts\/","url":"https:\/\/repliquemangacine.fr\/en\/fantastic-animals\/baguette-porpentina-goldstein-fantastic-beasts\/","name":"Bacchetta di Porpentina - Bestie Fantastiche - R\u00e9plique Manga Cin\u00e9","isPartOf":{"@id":"https:\/\/repliquemangacine.fr\/#website"},"primaryImageOfPage":{"@id":"https:\/\/repliquemangacine.fr\/en\/fantastic-animals\/baguette-porpentina-goldstein-fantastic-beasts\/#primaryimage"},"image":{"@id":"https:\/\/repliquemangacine.fr\/en\/fantastic-animals\/baguette-porpentina-goldstein-fantastic-beasts\/#primaryimage"},"thumbnailUrl":"https:\/\/repliquemangacine.fr\/wp-content\/uploads\/2023\/10\/baguette-porpentina-Goldstein.jpg","datePublished":"2022-04-28T09:50:55+00:00","dateModified":"2025-12-13T17:08:22+00:00","description":"Scopri questa bacchetta Goldstein Porpentina in Animali Fantastici al miglior prezzo. Resina - Anima in metallo - Lunghezza: 36 cm","breadcrumb":{"@id":"https:\/\/repliquemangacine.fr\/en\/fantastic-animals\/baguette-porpentina-goldstein-fantastic-beasts\/#breadcrumb"},"inLanguage":"it-IT","potentialAction":[{"@type":"ReadAction","target":["https:\/\/repliquemangacine.fr\/en\/fantastic-animals\/baguette-porpentina-goldstein-fantastic-beasts\/"]}]},{"@type":"ImageObject","inLanguage":"it-IT","@id":"https:\/\/repliquemangacine.fr\/en\/fantastic-animals\/baguette-porpentina-goldstein-fantastic-beasts\/#primaryimage","url":"https:\/\/repliquemangacine.fr\/wp-content\/uploads\/2023\/10\/baguette-porpentina-Goldstein.jpg","contentUrl":"https:\/\/repliquemangacine.fr\/wp-content\/uploads\/2023\/10\/baguette-porpentina-Goldstein.jpg","width":600,"height":600,"caption":"baguette-porpentina-Goldstein les animaux fantastiques"},{"@type":"BreadcrumbList","@id":"https:\/\/repliquemangacine.fr\/en\/fantastic-animals\/baguette-porpentina-goldstein-fantastic-beasts\/#breadcrumb","itemListElement":[{"@type":"ListItem","position":1,"name":"Accueil","item":"https:\/\/repliquemangacine.fr\/"},{"@type":"ListItem","position":2,"name":"Produits","item":"https:\/\/repliquemangacine.fr\/boutique\/"},{"@type":"ListItem","position":3,"name":"Baguette Tina Goldstein"}]},{"@type":"WebSite","@id":"https:\/\/repliquemangacine.fr\/#website","url":"https:\/\/repliquemangacine.fr\/","name":"R\u00e9plique Manga Cin\u00e9","description":"","publisher":{"@id":"https:\/\/repliquemangacine.fr\/#organization"},"potentialAction":[{"@type":"SearchAction","target":{"@type":"EntryPoint","urlTemplate":"https:\/\/repliquemangacine.fr\/?s={search_term_string}"},"query-input":{"@type":"PropertyValueSpecification","valueRequired":true,"valueName":"search_term_string"}}],"inLanguage":"it-IT"},{"@type":"Organization","@id":"https:\/\/repliquemangacine.fr\/#organization","name":"R\u00e9plique Manga Cin\u00e9","url":"https:\/\/repliquemangacine.fr\/","logo":{"@type":"ImageObject","inLanguage":"it-IT","@id":"https:\/\/repliquemangacine.fr\/#\/schema\/logo\/image\/","url":"https:\/\/repliquemangacine.fr\/wp-content\/uploads\/2023\/10\/RMC-500250.png","contentUrl":"https:\/\/repliquemangacine.fr\/wp-content\/uploads\/2023\/10\/RMC-500250.png","width":500,"height":250,"caption":"R\u00e9plique Manga Cin\u00e9"},"image":{"@id":"https:\/\/repliquemangacine.fr\/#\/schema\/logo\/image\/"},"sameAs":["https:\/\/www.facebook.com\/RepliqueMangaCine","https:\/\/www.instagram.com\/repliquemangacine.fr\/"]}]}},"_links":{"self":[{"href":"https:\/\/repliquemangacine.fr\/it\/wp-json\/wp\/v2\/product\/50070","targetHints":{"allow":["GET"]}}],"collection":[{"href":"https:\/\/repliquemangacine.fr\/it\/wp-json\/wp\/v2\/product"}],"about":[{"href":"https:\/\/repliquemangacine.fr\/it\/wp-json\/wp\/v2\/types\/product"}],"wp:featuredmedia":[{"embeddable":true,"href":"https:\/\/repliquemangacine.fr\/it\/wp-json\/wp\/v2\/media\/50071"}],"wp:attachment":[{"href":"https:\/\/repliquemangacine.fr\/it\/wp-json\/wp\/v2\/media?parent=50070"}],"wp:term":[{"taxonomy":"product_brand","embeddable":true,"href":"https:\/\/repliquemangacine.fr\/it\/wp-json\/wp\/v2\/product_brand?post=50070"},{"taxonomy":"product_cat","embeddable":true,"href":"https:\/\/repliquemangacine.fr\/it\/wp-json\/wp\/v2\/product_cat?post=50070"},{"taxonomy":"product_tag","embeddable":true,"href":"https:\/\/repliquemangacine.fr\/it\/wp-json\/wp\/v2\/product_tag?post=50070"}],"curies":[{"name":"wp","href":"https:\/\/api.w.org\/{rel}","templated":true}]}}