





{"id":50050,"date":"2022-04-27T15:38:31","date_gmt":"2022-04-27T13:38:31","guid":{"rendered":"https:\/\/repliquemangacine.fr\/?post_type=product&#038;p=50050"},"modified":"2025-09-23T18:02:45","modified_gmt":"2025-09-23T16:02:45","slug":"bacchetta-di-nicolas-flamel-animali-fantastici","status":"publish","type":"product","link":"https:\/\/repliquemangacine.fr\/it\/les-animaux-fantastiques\/baguette-nicolas-flamel-animaux-fantastiques\/","title":{"rendered":"Bacchetta di Nicolas Flamel"},"content":{"rendered":"<h2>Bacchetta di Nicolas Flamel - Bestie Fantastiche<\/h2>\n<p>Per cominciare, il <strong>Bacchetta di Nicolas Flamel<\/strong>, \u00e8 realizzato in resina, con un'anima centrale in metallo.<\/p>\n<p>Fu un alchimista francese a creare il <a href=\"https:\/\/harrypotter.fandom.com\/fr\/wiki\/Pierre_philosophale\" target=\"_blank\" rel=\"noopener noreferrer\">Pietra filosofale<\/a>, La Pietra Filosofale \u00e8 una pietra che pu\u00f2 trasformare qualsiasi metallo in oro e rendere immortali grazie all'elisir di lunga vita. La Pietra Filosofale \u00e8 l'obiettivo supremo dell'alchimia. Nicolas la conserva nel suo appartamento, in una cassaforte, sotto vetro, sopra un libro magico di comunicazione.<\/p>\n<p>Flamel arriva durante la battaglia al cimitero di P\u00e8re-Lachaise. Consiglia ai sopravvissuti di formare un cerchio e di usare la formula finita per fermare la Protego Diabolica di Grindelwald e salvare Parigi.<\/p>\n<h2>La vostra bacchetta di Nicolas Flamel al miglior prezzo.<\/h2>\n<p>Abbiamo un'ampia gamma di bacchette magiche delle Bestie Fantastiche tra cui scegliere.<\/p>\n<p>Prima di tutto, le cose da fare,<\/p>\n<ul>\n<li>Il<a href=\"https:\/\/repliquemangacine.fr\/it\/animali-fantastici\/leta-lestrange-bacchetta-animali-fantastici\/\"> Leta Lestrange<\/a> in Animali fantastici.<\/li>\n<li>Ma anche quello di Queenie Goldstein in Fantastic Beasts.<\/li>\n<li>Cos\u00ec come il <a href=\"https:\/\/repliquemangacine.fr\/it\/animali-fantastici\/animali-fantastici-grindelwald-bacchetta\/\">Gellert Grindelwald<\/a>La bacchetta di Silente in Harry Potter.<\/li>\n<li>E molti altri da scoprire nel nostro negozio online!<\/li>\n<\/ul>\n<p>Ecco un'ottima idea regalo per tutti i fan di Harry Potter<\/p>\n<p>In conclusione, \u00e8 possibile utilizzare questo <strong>Bacchetta di Nicolas Flamel<\/strong> per i vostri cosplay o feste a tema. Ma soprattutto, \u00e8 un oggetto da collezione e una decorazione.<\/p>\n<p>R\u00e9plique Manga Cin\u00e9 \u00e8 un'azienda familiare francese.<\/p>\n<h2>Come vengono realizzate le bacchette degli stregoni?<\/h2>\n<p>La bacchetta magica \u00e8 un oggetto composto da due elementi variabili: il legno, solitamente proveniente da un albero, e il cosiddetto cuore della bacchetta, che pu\u00f2 provenire da una variet\u00e0 di creature magiche o piante. \u00c8 uno strumento utilizzato da maghi e streghe per affinare i loro incantesimi e ottenere risultati migliori nell'uso della magia.<\/p>\n<p>Le nostre bacchette sono realizzate in resina stampata, con un'asta di metallo al centro della bacchetta per dare al vostro <strong>Bacchetta di Nicolas Flamel<\/strong> notevole resistenza.<\/p>\n<p>Va notato che la maggior parte dei maghi acquista la bacchetta all'et\u00e0 di undici anni, prima di iniziare la propria formazione magica. I giovani maghi possono acquistare la bacchetta da soli da un venditore, mentre gli studenti inglesi si recano tradizionalmente da Ollivander.<\/p>\n<p>&nbsp;<\/p>","protected":false},"excerpt":{"rendered":"<p>La bacchetta di Nicolas Flamel ispirata alla saga delle Bestie Fantastiche.<\/p>\n<ul>\n<li>Asta in resina, finto legno marrone chiaro.<\/li>\n<li>Pomo a forma di corno.<\/li>\n<li>Anima in metallo.<\/li>\n<li>Scatola da collezione con interno in velluto blu.<\/li>\n<li>Scheda personaggio.<\/li>\n<li>Lunghezza: 37,5 cm<\/li>\n<\/ul>","protected":false},"featured_media":50051,"template":"","meta":[],"product_brand":[896],"product_cat":[24,104,101],"product_tag":[],"class_list":{"0":"post-50050","1":"product","2":"type-product","3":"status-publish","4":"has-post-thumbnail","6":"product_brand-replique-manga-cine","7":"product_cat-films-series-tv-vente-de-katana-epee-et-produits-derives","8":"product_cat-les-animaux-fantastiques","9":"product_cat-soldes","11":"first","12":"outofstock","13":"sale","14":"taxable","15":"shipping-taxable","16":"purchasable","17":"product-type-simple"},"yoast_head":"<!-- This site is optimized with the Yoast SEO plugin v27.4 - https:\/\/yoast.com\/product\/yoast-seo-wordpress\/ -->\n<title>Baguette Nicolas Flamel - Fantastic Beasts - R\u00e9plique Manga Cin\u00e9<\/title>\n<meta name=\"description\" content=\"Offrez-lui cette baguette de Nicolas Flamel Les Animaux Fantastiques au meilleur prix - En r\u00e9sine - Noyau en m\u00e9tal - Longueur : 37.5 cm - Boite collector\" \/>\n<meta name=\"robots\" content=\"index, follow, max-snippet:-1, max-image-preview:large, max-video-preview:-1\" \/>\n<link rel=\"canonical\" href=\"https:\/\/repliquemangacine.fr\/it\/animali-fantastici\/bacchetta-di-nicolas-flamel-animali-fantastici\/\" \/>\n<meta property=\"og:locale\" content=\"it_IT\" \/>\n<meta property=\"og:type\" content=\"article\" \/>\n<meta property=\"og:title\" content=\"Baguette Nicolas Flamel - Fantastic Beasts - R\u00e9plique Manga Cin\u00e9\" \/>\n<meta property=\"og:description\" content=\"Offrez-lui cette baguette de Nicolas Flamel Les Animaux Fantastiques au meilleur prix - En r\u00e9sine - Noyau en m\u00e9tal - Longueur : 37.5 cm - Boite collector\" \/>\n<meta property=\"og:url\" content=\"https:\/\/repliquemangacine.fr\/it\/animali-fantastici\/bacchetta-di-nicolas-flamel-animali-fantastici\/\" \/>\n<meta property=\"og:site_name\" content=\"R\u00e9plique Manga Cin\u00e9\" \/>\n<meta property=\"article:publisher\" content=\"https:\/\/www.facebook.com\/RepliqueMangaCine\" \/>\n<meta property=\"article:modified_time\" content=\"2025-09-23T16:02:45+00:00\" \/>\n<meta property=\"og:image\" content=\"https:\/\/repliquemangacine.fr\/wp-content\/uploads\/2023\/10\/Baguette-Nicolas-Flamel-Les-Animaux-Fantastiques.jpg\" \/>\n\t<meta property=\"og:image:width\" content=\"600\" \/>\n\t<meta property=\"og:image:height\" content=\"600\" \/>\n\t<meta property=\"og:image:type\" content=\"image\/jpeg\" \/>\n<meta name=\"twitter:card\" content=\"summary_large_image\" \/>\n<meta name=\"twitter:label1\" content=\"Tempo di lettura stimato\" \/>\n\t<meta name=\"twitter:data1\" content=\"2 minuti\" \/>\n<script type=\"application\/ld+json\" class=\"yoast-schema-graph\">{\"@context\":\"https:\\\/\\\/schema.org\",\"@graph\":[{\"@type\":\"WebPage\",\"@id\":\"https:\\\/\\\/repliquemangacine.fr\\\/les-animaux-fantastiques\\\/baguette-nicolas-flamel-animaux-fantastiques\\\/\",\"url\":\"https:\\\/\\\/repliquemangacine.fr\\\/les-animaux-fantastiques\\\/baguette-nicolas-flamel-animaux-fantastiques\\\/\",\"name\":\"Baguette Nicolas Flamel - Fantastic Beasts - R\u00e9plique Manga Cin\u00e9\",\"isPartOf\":{\"@id\":\"https:\\\/\\\/repliquemangacine.fr\\\/#website\"},\"primaryImageOfPage\":{\"@id\":\"https:\\\/\\\/repliquemangacine.fr\\\/les-animaux-fantastiques\\\/baguette-nicolas-flamel-animaux-fantastiques\\\/#primaryimage\"},\"image\":{\"@id\":\"https:\\\/\\\/repliquemangacine.fr\\\/les-animaux-fantastiques\\\/baguette-nicolas-flamel-animaux-fantastiques\\\/#primaryimage\"},\"thumbnailUrl\":\"https:\\\/\\\/repliquemangacine.fr\\\/wp-content\\\/uploads\\\/2023\\\/10\\\/Baguette-Nicolas-Flamel-Les-Animaux-Fantastiques.jpg\",\"datePublished\":\"2022-04-27T13:38:31+00:00\",\"dateModified\":\"2025-09-23T16:02:45+00:00\",\"description\":\"Offrez-lui cette baguette de Nicolas Flamel Les Animaux Fantastiques au meilleur prix - En r\u00e9sine - Noyau en m\u00e9tal - Longueur : 37.5 cm - Boite collector\",\"breadcrumb\":{\"@id\":\"https:\\\/\\\/repliquemangacine.fr\\\/les-animaux-fantastiques\\\/baguette-nicolas-flamel-animaux-fantastiques\\\/#breadcrumb\"},\"inLanguage\":\"it-IT\",\"potentialAction\":[{\"@type\":\"ReadAction\",\"target\":[\"https:\\\/\\\/repliquemangacine.fr\\\/les-animaux-fantastiques\\\/baguette-nicolas-flamel-animaux-fantastiques\\\/\"]}]},{\"@type\":\"ImageObject\",\"inLanguage\":\"it-IT\",\"@id\":\"https:\\\/\\\/repliquemangacine.fr\\\/les-animaux-fantastiques\\\/baguette-nicolas-flamel-animaux-fantastiques\\\/#primaryimage\",\"url\":\"https:\\\/\\\/repliquemangacine.fr\\\/wp-content\\\/uploads\\\/2023\\\/10\\\/Baguette-Nicolas-Flamel-Les-Animaux-Fantastiques.jpg\",\"contentUrl\":\"https:\\\/\\\/repliquemangacine.fr\\\/wp-content\\\/uploads\\\/2023\\\/10\\\/Baguette-Nicolas-Flamel-Les-Animaux-Fantastiques.jpg\",\"width\":600,\"height\":600,\"caption\":\"R\u00e9plique Baguette-Nicolas-Flamel-Les-Animaux-Fantastiques\"},{\"@type\":\"BreadcrumbList\",\"@id\":\"https:\\\/\\\/repliquemangacine.fr\\\/les-animaux-fantastiques\\\/baguette-nicolas-flamel-animaux-fantastiques\\\/#breadcrumb\",\"itemListElement\":[{\"@type\":\"ListItem\",\"position\":1,\"name\":\"Accueil\",\"item\":\"https:\\\/\\\/repliquemangacine.fr\\\/\"},{\"@type\":\"ListItem\",\"position\":2,\"name\":\"Produits\",\"item\":\"https:\\\/\\\/repliquemangacine.fr\\\/boutique\\\/\"},{\"@type\":\"ListItem\",\"position\":3,\"name\":\"Baguette Nicolas Flamel\"}]},{\"@type\":\"WebSite\",\"@id\":\"https:\\\/\\\/repliquemangacine.fr\\\/#website\",\"url\":\"https:\\\/\\\/repliquemangacine.fr\\\/\",\"name\":\"R\u00e9plique Manga Cin\u00e9\",\"description\":\"\",\"publisher\":{\"@id\":\"https:\\\/\\\/repliquemangacine.fr\\\/#organization\"},\"potentialAction\":[{\"@type\":\"SearchAction\",\"target\":{\"@type\":\"EntryPoint\",\"urlTemplate\":\"https:\\\/\\\/repliquemangacine.fr\\\/?s={search_term_string}\"},\"query-input\":{\"@type\":\"PropertyValueSpecification\",\"valueRequired\":true,\"valueName\":\"search_term_string\"}}],\"inLanguage\":\"it-IT\"},{\"@type\":\"Organization\",\"@id\":\"https:\\\/\\\/repliquemangacine.fr\\\/#organization\",\"name\":\"R\u00e9plique Manga Cin\u00e9\",\"url\":\"https:\\\/\\\/repliquemangacine.fr\\\/\",\"logo\":{\"@type\":\"ImageObject\",\"inLanguage\":\"it-IT\",\"@id\":\"https:\\\/\\\/repliquemangacine.fr\\\/#\\\/schema\\\/logo\\\/image\\\/\",\"url\":\"https:\\\/\\\/repliquemangacine.fr\\\/wp-content\\\/uploads\\\/2023\\\/10\\\/RMC-500250.png\",\"contentUrl\":\"https:\\\/\\\/repliquemangacine.fr\\\/wp-content\\\/uploads\\\/2023\\\/10\\\/RMC-500250.png\",\"width\":500,\"height\":250,\"caption\":\"R\u00e9plique Manga Cin\u00e9\"},\"image\":{\"@id\":\"https:\\\/\\\/repliquemangacine.fr\\\/#\\\/schema\\\/logo\\\/image\\\/\"},\"sameAs\":[\"https:\\\/\\\/www.facebook.com\\\/RepliqueMangaCine\",\"https:\\\/\\\/www.instagram.com\\\/repliquemangacine.fr\\\/\"]}]}<\/script>\n<!-- \/ Yoast SEO plugin. -->","yoast_head_json":{"title":"Bacchetta di Nicolas Flamel - Bestie Fantastiche - R\u00e9plique Manga Cin\u00e9","description":"Regalategli questa bacchetta di Animali Fantastici Nicolas Flamel al miglior prezzo - Resina - Anima in metallo - Lunghezza: 37,5 cm - Scatola da collezione","robots":{"index":"index","follow":"follow","max-snippet":"max-snippet:-1","max-image-preview":"max-image-preview:large","max-video-preview":"max-video-preview:-1"},"canonical":"https:\/\/repliquemangacine.fr\/it\/animali-fantastici\/bacchetta-di-nicolas-flamel-animali-fantastici\/","og_locale":"it_IT","og_type":"article","og_title":"Baguette Nicolas Flamel - Fantastic Beasts - R\u00e9plique Manga Cin\u00e9","og_description":"Offrez-lui cette baguette de Nicolas Flamel Les Animaux Fantastiques au meilleur prix - En r\u00e9sine - Noyau en m\u00e9tal - Longueur : 37.5 cm - Boite collector","og_url":"https:\/\/repliquemangacine.fr\/it\/animali-fantastici\/bacchetta-di-nicolas-flamel-animali-fantastici\/","og_site_name":"R\u00e9plique Manga Cin\u00e9","article_publisher":"https:\/\/www.facebook.com\/RepliqueMangaCine","article_modified_time":"2025-09-23T16:02:45+00:00","og_image":[{"width":600,"height":600,"url":"https:\/\/repliquemangacine.fr\/wp-content\/uploads\/2023\/10\/Baguette-Nicolas-Flamel-Les-Animaux-Fantastiques.jpg","type":"image\/jpeg"}],"twitter_card":"summary_large_image","twitter_misc":{"Tempo di lettura stimato":"2 minuti"},"schema":{"@context":"https:\/\/schema.org","@graph":[{"@type":"WebPage","@id":"https:\/\/repliquemangacine.fr\/les-animaux-fantastiques\/baguette-nicolas-flamel-animaux-fantastiques\/","url":"https:\/\/repliquemangacine.fr\/les-animaux-fantastiques\/baguette-nicolas-flamel-animaux-fantastiques\/","name":"Bacchetta di Nicolas Flamel - Bestie Fantastiche - R\u00e9plique Manga Cin\u00e9","isPartOf":{"@id":"https:\/\/repliquemangacine.fr\/#website"},"primaryImageOfPage":{"@id":"https:\/\/repliquemangacine.fr\/les-animaux-fantastiques\/baguette-nicolas-flamel-animaux-fantastiques\/#primaryimage"},"image":{"@id":"https:\/\/repliquemangacine.fr\/les-animaux-fantastiques\/baguette-nicolas-flamel-animaux-fantastiques\/#primaryimage"},"thumbnailUrl":"https:\/\/repliquemangacine.fr\/wp-content\/uploads\/2023\/10\/Baguette-Nicolas-Flamel-Les-Animaux-Fantastiques.jpg","datePublished":"2022-04-27T13:38:31+00:00","dateModified":"2025-09-23T16:02:45+00:00","description":"Regalategli questa bacchetta di Animali Fantastici Nicolas Flamel al miglior prezzo - Resina - Anima in metallo - Lunghezza: 37,5 cm - Scatola da collezione","breadcrumb":{"@id":"https:\/\/repliquemangacine.fr\/les-animaux-fantastiques\/baguette-nicolas-flamel-animaux-fantastiques\/#breadcrumb"},"inLanguage":"it-IT","potentialAction":[{"@type":"ReadAction","target":["https:\/\/repliquemangacine.fr\/les-animaux-fantastiques\/baguette-nicolas-flamel-animaux-fantastiques\/"]}]},{"@type":"ImageObject","inLanguage":"it-IT","@id":"https:\/\/repliquemangacine.fr\/les-animaux-fantastiques\/baguette-nicolas-flamel-animaux-fantastiques\/#primaryimage","url":"https:\/\/repliquemangacine.fr\/wp-content\/uploads\/2023\/10\/Baguette-Nicolas-Flamel-Les-Animaux-Fantastiques.jpg","contentUrl":"https:\/\/repliquemangacine.fr\/wp-content\/uploads\/2023\/10\/Baguette-Nicolas-Flamel-Les-Animaux-Fantastiques.jpg","width":600,"height":600,"caption":"R\u00e9plique Baguette-Nicolas-Flamel-Les-Animaux-Fantastiques"},{"@type":"BreadcrumbList","@id":"https:\/\/repliquemangacine.fr\/les-animaux-fantastiques\/baguette-nicolas-flamel-animaux-fantastiques\/#breadcrumb","itemListElement":[{"@type":"ListItem","position":1,"name":"Accueil","item":"https:\/\/repliquemangacine.fr\/"},{"@type":"ListItem","position":2,"name":"Produits","item":"https:\/\/repliquemangacine.fr\/boutique\/"},{"@type":"ListItem","position":3,"name":"Baguette Nicolas Flamel"}]},{"@type":"WebSite","@id":"https:\/\/repliquemangacine.fr\/#website","url":"https:\/\/repliquemangacine.fr\/","name":"R\u00e9plique Manga Cin\u00e9","description":"","publisher":{"@id":"https:\/\/repliquemangacine.fr\/#organization"},"potentialAction":[{"@type":"SearchAction","target":{"@type":"EntryPoint","urlTemplate":"https:\/\/repliquemangacine.fr\/?s={search_term_string}"},"query-input":{"@type":"PropertyValueSpecification","valueRequired":true,"valueName":"search_term_string"}}],"inLanguage":"it-IT"},{"@type":"Organization","@id":"https:\/\/repliquemangacine.fr\/#organization","name":"R\u00e9plique Manga Cin\u00e9","url":"https:\/\/repliquemangacine.fr\/","logo":{"@type":"ImageObject","inLanguage":"it-IT","@id":"https:\/\/repliquemangacine.fr\/#\/schema\/logo\/image\/","url":"https:\/\/repliquemangacine.fr\/wp-content\/uploads\/2023\/10\/RMC-500250.png","contentUrl":"https:\/\/repliquemangacine.fr\/wp-content\/uploads\/2023\/10\/RMC-500250.png","width":500,"height":250,"caption":"R\u00e9plique Manga Cin\u00e9"},"image":{"@id":"https:\/\/repliquemangacine.fr\/#\/schema\/logo\/image\/"},"sameAs":["https:\/\/www.facebook.com\/RepliqueMangaCine","https:\/\/www.instagram.com\/repliquemangacine.fr\/"]}]}},"_links":{"self":[{"href":"https:\/\/repliquemangacine.fr\/it\/wp-json\/wp\/v2\/product\/50050","targetHints":{"allow":["GET"]}}],"collection":[{"href":"https:\/\/repliquemangacine.fr\/it\/wp-json\/wp\/v2\/product"}],"about":[{"href":"https:\/\/repliquemangacine.fr\/it\/wp-json\/wp\/v2\/types\/product"}],"wp:featuredmedia":[{"embeddable":true,"href":"https:\/\/repliquemangacine.fr\/it\/wp-json\/wp\/v2\/media\/50051"}],"wp:attachment":[{"href":"https:\/\/repliquemangacine.fr\/it\/wp-json\/wp\/v2\/media?parent=50050"}],"wp:term":[{"taxonomy":"product_brand","embeddable":true,"href":"https:\/\/repliquemangacine.fr\/it\/wp-json\/wp\/v2\/product_brand?post=50050"},{"taxonomy":"product_cat","embeddable":true,"href":"https:\/\/repliquemangacine.fr\/it\/wp-json\/wp\/v2\/product_cat?post=50050"},{"taxonomy":"product_tag","embeddable":true,"href":"https:\/\/repliquemangacine.fr\/it\/wp-json\/wp\/v2\/product_tag?post=50050"}],"curies":[{"name":"wp","href":"https:\/\/api.w.org\/{rel}","templated":true}]}}