





{"id":50022,"date":"2022-04-27T12:18:43","date_gmt":"2022-04-27T10:18:43","guid":{"rendered":"https:\/\/repliquemangacine.fr\/?post_type=product&#038;p=50022"},"modified":"2026-02-20T17:14:01","modified_gmt":"2026-02-20T16:14:01","slug":"abernathy-bacchetta-animali-fantastici","status":"publish","type":"product","link":"https:\/\/repliquemangacine.fr\/it\/les-animaux-fantastiques\/baguette-abernathy-animaux-fantastiques\/","title":{"rendered":"Bacchetta di Abernathy"},"content":{"rendered":"<h2>Bacchetta di Abernathy - Bestie Fantastiche<\/h2>\n<p>Per cominciare, il <strong>Bacchetta di Abernathy<\/strong>, \u00c8 realizzato interamente in resina, con un'asta di metallo al centro, che gli conferisce un'elevata qualit\u00e0.<\/p>\n<p>\u00c8 uno stregone che lavora alla Macusa negli anni Venti. Descritto come un piccolo capo pomposo, severo e rigido. Un giovane lupo, il fustigatore ideale, il cui scopo principale \u00e8 compiacere Grindelwald.<\/p>\n<p>In Fantastic Beasts: The Crimes of Grindelwald, Abernathy assume le sembianze di Gellert Grindelwald per aiutarlo a fuggire dal MACUSA.<\/p>\n<p>Abernathy assiste poi al discorso di Grindelwald nel mausoleo. Durante la battaglia al cimitero P\u00e8re-Lachaise, passa attraverso il cerchio di fiamme creato dal Protego Diabolica di Grindelwald prima di trapiantarsi.<\/p>\n<h2>La vostra Baguette Abernathy al miglior prezzo.<\/h2>\n<p>Offriamo una vasta gamma di bacchette magiche delle Bestie Fantastiche.<\/p>\n<p>Prima di tutto, le cose da fare,<\/p>\n<ul>\n<li>La <a href=\"https:\/\/repliquemangacine.fr\/it\/animali-fantastici\/bacchetta-norbert-dragonneau-anima-in-metallo\/\">La bacchetta di Norbert Dragonneau<\/a>e la sua famosa valigia.<\/li>\n<li>C'\u00e8 anche il <a href=\"https:\/\/repliquemangacine.fr\/it\/animali-fantastici\/animali-fantastici-grindelwald-bacchetta\/\">La bacchetta di Gellert Grindelwald<\/a> in Fantastic Beasts. Questa bacchetta \u00e8 la stessa usata da Albus Silente in Harry Potter.<\/li>\n<li>E c'\u00e8 molto altro da scoprire!<\/li>\n<li>Naturalmente, abbiamo anche le bacchette ufficiali <a href=\"https:\/\/noblecollection.fr\/index.php\" target=\"_blank\" rel=\"noopener noreferrer\">La collezione Noble<\/a> su richiesta.<\/li>\n<\/ul>\n<p>Ecco un'ottima idea regalo per tutti i fan di Harry Potter<\/p>\n<p>In conclusione, \u00e8 possibile utilizzare questo <strong>Bacchetta di Abernathy<\/strong> per i vostri cosplay o feste a tema. Ma soprattutto, \u00e8 un oggetto da collezione e una decorazione.<\/p>\n<p>R\u00e9plique Manga Cin\u00e9 \u00e8 un'azienda familiare francese.<\/p>\n<h2>Come vengono realizzate le bacchette degli stregoni?<\/h2>\n<p>La bacchetta magica \u00e8 un oggetto composto da due elementi variabili: il legno, solitamente proveniente da un albero, e il cosiddetto cuore della bacchetta, che pu\u00f2 provenire da una variet\u00e0 di creature magiche o piante. \u00c8 uno strumento utilizzato da maghi e streghe per affinare i loro incantesimi e ottenere risultati migliori nell'uso della magia.<\/p>\n<p>Le nostre bacchette sono realizzate in resina stampata, con un'asta di metallo al centro della bacchetta per dare al vostro <strong>Bacchetta di Abernathy<\/strong> notevole resistenza.<\/p>\n<p>Va notato che la maggior parte dei maghi acquista la bacchetta all'et\u00e0 di undici anni, prima di iniziare la propria formazione magica. I giovani maghi possono acquistare la bacchetta da soli da un venditore, mentre gli studenti inglesi si recano tradizionalmente da Ollivander.<\/p>","protected":false},"excerpt":{"rendered":"<p>La bacchetta di Abernathy \u00e8 ispirata alla saga delle Bestie Fantastiche.<\/p>\n<ul>\n<li>Asta in resina, imita il legno marrone.<\/li>\n<li>Maniglia ritorta.<\/li>\n<li>Scatola da collezione con interno in velluto blu.<\/li>\n<li>Scheda personaggio.<\/li>\n<li>Lunghezza: 36 cm<\/li>\n<\/ul>","protected":false},"featured_media":50023,"template":"","meta":[],"product_brand":[896],"product_cat":[24,104,101],"product_tag":[],"class_list":{"0":"post-50022","1":"product","2":"type-product","3":"status-publish","4":"has-post-thumbnail","6":"product_brand-replique-manga-cine","7":"product_cat-films-series-tv-vente-de-katana-epee-et-produits-derives","8":"product_cat-les-animaux-fantastiques","9":"product_cat-soldes","11":"first","12":"instock","13":"sale","14":"taxable","15":"shipping-taxable","16":"purchasable","17":"product-type-simple"},"yoast_head":"<!-- This site is optimized with the Yoast SEO plugin v27.4 - https:\/\/yoast.com\/product\/yoast-seo-wordpress\/ -->\n<title>Baguette Abernathy - Baguette Les Animaux Fantastiques - RMC<\/title>\n<meta name=\"description\" content=\"D\u00e9couvrez cette Baguette magique Abernathy dans les Animaux Fantastiques au meilleur prix. En r\u00e9sine - Noyau en m\u00e9tal - Longueur : 36 cm - Envoi 24\/48h\" \/>\n<meta name=\"robots\" content=\"index, follow, max-snippet:-1, max-image-preview:large, max-video-preview:-1\" \/>\n<link rel=\"canonical\" href=\"https:\/\/repliquemangacine.fr\/it\/animali-fantastici\/abernathy-bacchetta-animali-fantastici\/\" \/>\n<meta property=\"og:locale\" content=\"it_IT\" \/>\n<meta property=\"og:type\" content=\"article\" \/>\n<meta property=\"og:title\" content=\"Baguette Abernathy - Baguette Les Animaux Fantastiques - RMC\" \/>\n<meta property=\"og:description\" content=\"D\u00e9couvrez cette Baguette magique Abernathy dans les Animaux Fantastiques au meilleur prix. En r\u00e9sine - Noyau en m\u00e9tal - Longueur : 36 cm - Envoi 24\/48h\" \/>\n<meta property=\"og:url\" content=\"https:\/\/repliquemangacine.fr\/it\/animali-fantastici\/abernathy-bacchetta-animali-fantastici\/\" \/>\n<meta property=\"og:site_name\" content=\"R\u00e9plique Manga Cin\u00e9\" \/>\n<meta property=\"article:publisher\" content=\"https:\/\/www.facebook.com\/RepliqueMangaCine\" \/>\n<meta property=\"article:modified_time\" content=\"2026-02-20T16:14:01+00:00\" \/>\n<meta property=\"og:image\" content=\"https:\/\/repliquemangacine.fr\/wp-content\/uploads\/2023\/10\/baguette-abernathy.jpg\" \/>\n\t<meta property=\"og:image:width\" content=\"600\" \/>\n\t<meta property=\"og:image:height\" content=\"600\" \/>\n\t<meta property=\"og:image:type\" content=\"image\/jpeg\" \/>\n<meta name=\"twitter:card\" content=\"summary_large_image\" \/>\n<meta name=\"twitter:label1\" content=\"Tempo di lettura stimato\" \/>\n\t<meta name=\"twitter:data1\" content=\"2 minuti\" \/>\n<script type=\"application\/ld+json\" class=\"yoast-schema-graph\">{\"@context\":\"https:\\\/\\\/schema.org\",\"@graph\":[{\"@type\":\"WebPage\",\"@id\":\"https:\\\/\\\/repliquemangacine.fr\\\/les-animaux-fantastiques\\\/baguette-abernathy-animaux-fantastiques\\\/\",\"url\":\"https:\\\/\\\/repliquemangacine.fr\\\/les-animaux-fantastiques\\\/baguette-abernathy-animaux-fantastiques\\\/\",\"name\":\"Baguette Abernathy - Baguette Les Animaux Fantastiques - RMC\",\"isPartOf\":{\"@id\":\"https:\\\/\\\/repliquemangacine.fr\\\/#website\"},\"primaryImageOfPage\":{\"@id\":\"https:\\\/\\\/repliquemangacine.fr\\\/les-animaux-fantastiques\\\/baguette-abernathy-animaux-fantastiques\\\/#primaryimage\"},\"image\":{\"@id\":\"https:\\\/\\\/repliquemangacine.fr\\\/les-animaux-fantastiques\\\/baguette-abernathy-animaux-fantastiques\\\/#primaryimage\"},\"thumbnailUrl\":\"https:\\\/\\\/repliquemangacine.fr\\\/wp-content\\\/uploads\\\/2023\\\/10\\\/baguette-abernathy.jpg\",\"datePublished\":\"2022-04-27T10:18:43+00:00\",\"dateModified\":\"2026-02-20T16:14:01+00:00\",\"description\":\"D\u00e9couvrez cette Baguette magique Abernathy dans les Animaux Fantastiques au meilleur prix. En r\u00e9sine - Noyau en m\u00e9tal - Longueur : 36 cm - Envoi 24\\\/48h\",\"breadcrumb\":{\"@id\":\"https:\\\/\\\/repliquemangacine.fr\\\/les-animaux-fantastiques\\\/baguette-abernathy-animaux-fantastiques\\\/#breadcrumb\"},\"inLanguage\":\"it-IT\",\"potentialAction\":[{\"@type\":\"ReadAction\",\"target\":[\"https:\\\/\\\/repliquemangacine.fr\\\/les-animaux-fantastiques\\\/baguette-abernathy-animaux-fantastiques\\\/\"]}]},{\"@type\":\"ImageObject\",\"inLanguage\":\"it-IT\",\"@id\":\"https:\\\/\\\/repliquemangacine.fr\\\/les-animaux-fantastiques\\\/baguette-abernathy-animaux-fantastiques\\\/#primaryimage\",\"url\":\"https:\\\/\\\/repliquemangacine.fr\\\/wp-content\\\/uploads\\\/2023\\\/10\\\/baguette-abernathy.jpg\",\"contentUrl\":\"https:\\\/\\\/repliquemangacine.fr\\\/wp-content\\\/uploads\\\/2023\\\/10\\\/baguette-abernathy.jpg\",\"width\":600,\"height\":600,\"caption\":\"baguette Abernathy-Les animaux Fantastique\"},{\"@type\":\"BreadcrumbList\",\"@id\":\"https:\\\/\\\/repliquemangacine.fr\\\/les-animaux-fantastiques\\\/baguette-abernathy-animaux-fantastiques\\\/#breadcrumb\",\"itemListElement\":[{\"@type\":\"ListItem\",\"position\":1,\"name\":\"Accueil\",\"item\":\"https:\\\/\\\/repliquemangacine.fr\\\/\"},{\"@type\":\"ListItem\",\"position\":2,\"name\":\"Produits\",\"item\":\"https:\\\/\\\/repliquemangacine.fr\\\/boutique\\\/\"},{\"@type\":\"ListItem\",\"position\":3,\"name\":\"Baguette Abernathy\"}]},{\"@type\":\"WebSite\",\"@id\":\"https:\\\/\\\/repliquemangacine.fr\\\/#website\",\"url\":\"https:\\\/\\\/repliquemangacine.fr\\\/\",\"name\":\"R\u00e9plique Manga Cin\u00e9\",\"description\":\"\",\"publisher\":{\"@id\":\"https:\\\/\\\/repliquemangacine.fr\\\/#organization\"},\"potentialAction\":[{\"@type\":\"SearchAction\",\"target\":{\"@type\":\"EntryPoint\",\"urlTemplate\":\"https:\\\/\\\/repliquemangacine.fr\\\/?s={search_term_string}\"},\"query-input\":{\"@type\":\"PropertyValueSpecification\",\"valueRequired\":true,\"valueName\":\"search_term_string\"}}],\"inLanguage\":\"it-IT\"},{\"@type\":\"Organization\",\"@id\":\"https:\\\/\\\/repliquemangacine.fr\\\/#organization\",\"name\":\"R\u00e9plique Manga Cin\u00e9\",\"url\":\"https:\\\/\\\/repliquemangacine.fr\\\/\",\"logo\":{\"@type\":\"ImageObject\",\"inLanguage\":\"it-IT\",\"@id\":\"https:\\\/\\\/repliquemangacine.fr\\\/#\\\/schema\\\/logo\\\/image\\\/\",\"url\":\"https:\\\/\\\/repliquemangacine.fr\\\/wp-content\\\/uploads\\\/2023\\\/10\\\/RMC-500250.png\",\"contentUrl\":\"https:\\\/\\\/repliquemangacine.fr\\\/wp-content\\\/uploads\\\/2023\\\/10\\\/RMC-500250.png\",\"width\":500,\"height\":250,\"caption\":\"R\u00e9plique Manga Cin\u00e9\"},\"image\":{\"@id\":\"https:\\\/\\\/repliquemangacine.fr\\\/#\\\/schema\\\/logo\\\/image\\\/\"},\"sameAs\":[\"https:\\\/\\\/www.facebook.com\\\/RepliqueMangaCine\",\"https:\\\/\\\/www.instagram.com\\\/repliquemangacine.fr\\\/\"]}]}<\/script>\n<!-- \/ Yoast SEO plugin. -->","yoast_head_json":{"title":"Bacchetta Abernathy - Bacchetta delle bestie fantastiche - RMC","description":"Scopri questa bacchetta magica Abernathy di Fantastic Beasts al miglior prezzo. Resina - Anima in metallo - Lunghezza: 36 cm - Spedizione 24\/48h","robots":{"index":"index","follow":"follow","max-snippet":"max-snippet:-1","max-image-preview":"max-image-preview:large","max-video-preview":"max-video-preview:-1"},"canonical":"https:\/\/repliquemangacine.fr\/it\/animali-fantastici\/abernathy-bacchetta-animali-fantastici\/","og_locale":"it_IT","og_type":"article","og_title":"Baguette Abernathy - Baguette Les Animaux Fantastiques - RMC","og_description":"D\u00e9couvrez cette Baguette magique Abernathy dans les Animaux Fantastiques au meilleur prix. En r\u00e9sine - Noyau en m\u00e9tal - Longueur : 36 cm - Envoi 24\/48h","og_url":"https:\/\/repliquemangacine.fr\/it\/animali-fantastici\/abernathy-bacchetta-animali-fantastici\/","og_site_name":"R\u00e9plique Manga Cin\u00e9","article_publisher":"https:\/\/www.facebook.com\/RepliqueMangaCine","article_modified_time":"2026-02-20T16:14:01+00:00","og_image":[{"width":600,"height":600,"url":"https:\/\/repliquemangacine.fr\/wp-content\/uploads\/2023\/10\/baguette-abernathy.jpg","type":"image\/jpeg"}],"twitter_card":"summary_large_image","twitter_misc":{"Tempo di lettura stimato":"2 minuti"},"schema":{"@context":"https:\/\/schema.org","@graph":[{"@type":"WebPage","@id":"https:\/\/repliquemangacine.fr\/les-animaux-fantastiques\/baguette-abernathy-animaux-fantastiques\/","url":"https:\/\/repliquemangacine.fr\/les-animaux-fantastiques\/baguette-abernathy-animaux-fantastiques\/","name":"Bacchetta Abernathy - Bacchetta delle bestie fantastiche - RMC","isPartOf":{"@id":"https:\/\/repliquemangacine.fr\/#website"},"primaryImageOfPage":{"@id":"https:\/\/repliquemangacine.fr\/les-animaux-fantastiques\/baguette-abernathy-animaux-fantastiques\/#primaryimage"},"image":{"@id":"https:\/\/repliquemangacine.fr\/les-animaux-fantastiques\/baguette-abernathy-animaux-fantastiques\/#primaryimage"},"thumbnailUrl":"https:\/\/repliquemangacine.fr\/wp-content\/uploads\/2023\/10\/baguette-abernathy.jpg","datePublished":"2022-04-27T10:18:43+00:00","dateModified":"2026-02-20T16:14:01+00:00","description":"Scopri questa bacchetta magica Abernathy di Fantastic Beasts al miglior prezzo. Resina - Anima in metallo - Lunghezza: 36 cm - Spedizione 24\/48h","breadcrumb":{"@id":"https:\/\/repliquemangacine.fr\/les-animaux-fantastiques\/baguette-abernathy-animaux-fantastiques\/#breadcrumb"},"inLanguage":"it-IT","potentialAction":[{"@type":"ReadAction","target":["https:\/\/repliquemangacine.fr\/les-animaux-fantastiques\/baguette-abernathy-animaux-fantastiques\/"]}]},{"@type":"ImageObject","inLanguage":"it-IT","@id":"https:\/\/repliquemangacine.fr\/les-animaux-fantastiques\/baguette-abernathy-animaux-fantastiques\/#primaryimage","url":"https:\/\/repliquemangacine.fr\/wp-content\/uploads\/2023\/10\/baguette-abernathy.jpg","contentUrl":"https:\/\/repliquemangacine.fr\/wp-content\/uploads\/2023\/10\/baguette-abernathy.jpg","width":600,"height":600,"caption":"baguette Abernathy-Les animaux Fantastique"},{"@type":"BreadcrumbList","@id":"https:\/\/repliquemangacine.fr\/les-animaux-fantastiques\/baguette-abernathy-animaux-fantastiques\/#breadcrumb","itemListElement":[{"@type":"ListItem","position":1,"name":"Accueil","item":"https:\/\/repliquemangacine.fr\/"},{"@type":"ListItem","position":2,"name":"Produits","item":"https:\/\/repliquemangacine.fr\/boutique\/"},{"@type":"ListItem","position":3,"name":"Baguette Abernathy"}]},{"@type":"WebSite","@id":"https:\/\/repliquemangacine.fr\/#website","url":"https:\/\/repliquemangacine.fr\/","name":"R\u00e9plique Manga Cin\u00e9","description":"","publisher":{"@id":"https:\/\/repliquemangacine.fr\/#organization"},"potentialAction":[{"@type":"SearchAction","target":{"@type":"EntryPoint","urlTemplate":"https:\/\/repliquemangacine.fr\/?s={search_term_string}"},"query-input":{"@type":"PropertyValueSpecification","valueRequired":true,"valueName":"search_term_string"}}],"inLanguage":"it-IT"},{"@type":"Organization","@id":"https:\/\/repliquemangacine.fr\/#organization","name":"R\u00e9plique Manga Cin\u00e9","url":"https:\/\/repliquemangacine.fr\/","logo":{"@type":"ImageObject","inLanguage":"it-IT","@id":"https:\/\/repliquemangacine.fr\/#\/schema\/logo\/image\/","url":"https:\/\/repliquemangacine.fr\/wp-content\/uploads\/2023\/10\/RMC-500250.png","contentUrl":"https:\/\/repliquemangacine.fr\/wp-content\/uploads\/2023\/10\/RMC-500250.png","width":500,"height":250,"caption":"R\u00e9plique Manga Cin\u00e9"},"image":{"@id":"https:\/\/repliquemangacine.fr\/#\/schema\/logo\/image\/"},"sameAs":["https:\/\/www.facebook.com\/RepliqueMangaCine","https:\/\/www.instagram.com\/repliquemangacine.fr\/"]}]}},"_links":{"self":[{"href":"https:\/\/repliquemangacine.fr\/it\/wp-json\/wp\/v2\/product\/50022","targetHints":{"allow":["GET"]}}],"collection":[{"href":"https:\/\/repliquemangacine.fr\/it\/wp-json\/wp\/v2\/product"}],"about":[{"href":"https:\/\/repliquemangacine.fr\/it\/wp-json\/wp\/v2\/types\/product"}],"wp:featuredmedia":[{"embeddable":true,"href":"https:\/\/repliquemangacine.fr\/it\/wp-json\/wp\/v2\/media\/50023"}],"wp:attachment":[{"href":"https:\/\/repliquemangacine.fr\/it\/wp-json\/wp\/v2\/media?parent=50022"}],"wp:term":[{"taxonomy":"product_brand","embeddable":true,"href":"https:\/\/repliquemangacine.fr\/it\/wp-json\/wp\/v2\/product_brand?post=50022"},{"taxonomy":"product_cat","embeddable":true,"href":"https:\/\/repliquemangacine.fr\/it\/wp-json\/wp\/v2\/product_cat?post=50022"},{"taxonomy":"product_tag","embeddable":true,"href":"https:\/\/repliquemangacine.fr\/it\/wp-json\/wp\/v2\/product_tag?post=50022"}],"curies":[{"name":"wp","href":"https:\/\/api.w.org\/{rel}","templated":true}]}}