





{"id":49992,"date":"2022-04-26T14:19:57","date_gmt":"2022-04-26T12:19:57","guid":{"rendered":"https:\/\/repliquemangacine.fr\/?post_type=product&#038;p=49992"},"modified":"2025-11-10T14:48:06","modified_gmt":"2025-11-10T13:48:06","slug":"lanima-di-metallo-della-bacchetta-di-gellert-grindelwald","status":"publish","type":"product","link":"https:\/\/repliquemangacine.fr\/it\/baguettes-personnages-harry-potter\/baguette-de-gellert-grindelwald-noyau-metal\/","title":{"rendered":"Bacchetta di Grindelwald"},"content":{"rendered":"<h2>Bacchetta di Grindelwald Anima metallica di Gellert<\/h2>\n<p>Per cominciare, il <strong>Bacchetta di Grindelwald Gellert<\/strong> \u00e8 realizzato in resina, con un'asta in metallo al centro dell'asta, che offre un'elevata qualit\u00e0.<\/p>\n<p>Come tutti i maghi della saga di Harry Potter, anche Grindelwald ha la sua bacchetta! Questa bacchetta pu\u00f2 lanciare incantesimi, come l'incantesimo Doloris, che provoca un dolore estremo a chiunque lo subisca.<\/p>\n<p>Gellert Grindelwald \u00e8 uno dei maghi pi\u00f9 noti del suo tempo. \u00c8 anche uno dei pi\u00f9 pericolosi e potenti.<\/p>\n<p>Utilizza il <a href=\"https:\/\/harrypotter.fandom.com\/fr\/wiki\/Baguette_de_Sureau\" target=\"_blank\" rel=\"noopener noreferrer\">Bacchetta di sambuco<\/a> per ottenere il potere. La popolarit\u00e0 di Grindelwald ha oscurato il significato originale del simbolo dei Doni della Morte, che molti maghi hanno poi considerato come il marchio di Grindelwald.<\/p>\n<h2>La vostra Bacchetta di Grindelwald Gellert al miglior prezzo.<\/h2>\n<p>Offriamo una vasta gamma di bacchette Ollivander di Harry Potter.<\/p>\n<p>Innanzitutto,<\/p>\n<ul>\n<li style=\"list-style-type: none;\">\n<ul>\n<li>La bacchetta di Albus<a href=\"https:\/\/repliquemangacine.fr\/it\/bacchette-per-personaggi\/bacchetta-di-albus-silente-anima-in-metallo-di-alta-qualita\/\"> Silente<\/a> in imitazione del legno di sambuco scuro<\/li>\n<li>E la bacchetta di Harry<a href=\"https:\/\/repliquemangacine.fr\/it\/bacchette-per-personaggi\/bacchetta-harry-potter-anima-in-metallo-di-alta-qualita\/\"> Potter<\/a> di persona!<\/li>\n<li>E molti altri da scoprire nel nostro negozio online!<\/li>\n<\/ul>\n<\/li>\n<\/ul>\n<p>Ecco un'ottima idea regalo per tutti i fan di Harry Potter<\/p>\n<p>In conclusione, \u00e8 possibile utilizzare questo <strong>Bacchetta di Grindelwald Gellert<\/strong> per i vostri cosplay o feste a tema. Ma soprattutto, \u00e8 un oggetto da collezione e una decorazione.<\/p>\n<p>R\u00e9plique Manga Cin\u00e9 \u00e8 un'azienda familiare francese.<\/p>\n<h2>Come vengono realizzate le bacchette degli stregoni?<\/h2>\n<p>La bacchetta magica \u00e8 un oggetto composto da due elementi variabili: il legno, solitamente proveniente da un albero, e il cosiddetto cuore della bacchetta, che pu\u00f2 provenire da una variet\u00e0 di creature magiche o piante. \u00c8 uno strumento utilizzato da maghi e streghe per affinare i loro incantesimi e ottenere risultati migliori nell'uso della magia.<\/p>\n<p>Le nostre bacchette sono realizzate in resina stampata, con un'asta di metallo al centro della bacchetta per dare al vostro <strong>Bacchetta di Grindelwald Gellert<\/strong> notevole resistenza.<\/p>\n<p>La maggior parte dei maghi acquista la bacchetta all'et\u00e0 di undici anni, prima di iniziare la propria formazione magica. I giovani maghi possono acquistare la bacchetta da un venditore, mentre gli studenti britannici si recano tradizionalmente da Ollivander.<\/p>","protected":false},"excerpt":{"rendered":"<p>Replica non ufficiale della bacchetta di Gellert Grindelwald, ispirata alla saga di Harry Potter.<\/p>\n<ul>\n<li>Asta in resina che imita un legno, con l'aspetto di un ramo contorto e spinoso.<\/li>\n<li>Anima in metallo.<\/li>\n<li>Consegnato in una scatola da collezione con rivestimento in velluto.<\/li>\n<li>Scheda personaggio.<\/li>\n<li>Lunghezza totale: 38 cm - Peso: 76 gr.<\/li>\n<\/ul>\n<p>&nbsp;<\/p>","protected":false},"featured_media":49993,"template":"","meta":[],"product_brand":[896],"product_cat":[80,24,41,101],"product_tag":[],"class_list":{"0":"post-49992","1":"product","2":"type-product","3":"status-publish","4":"has-post-thumbnail","6":"product_brand-replique-manga-cine","7":"product_cat-baguettes-personnages-harry-potter","8":"product_cat-films-series-tv-vente-de-katana-epee-et-produits-derives","9":"product_cat-baguettes-et-goodies-harry-potter","10":"product_cat-soldes","12":"first","13":"instock","14":"sale","15":"taxable","16":"shipping-taxable","17":"purchasable","18":"product-type-simple"},"yoast_head":"<!-- This site is optimized with the Yoast SEO plugin v27.4 - https:\/\/yoast.com\/product\/yoast-seo-wordpress\/ -->\n<title>Baguette Grindelwald Gellert - Harry Potter | R\u00e9plique Manga Cin\u00e9<\/title>\n<meta name=\"description\" content=\"Offrez-lui la Baguette de Grindelwald Gellert dans Harry Potter au meilleur prix. Noyau central en m\u00e9tal - Recouverte de r\u00e9sine - Longueur : 38 cm\" \/>\n<meta name=\"robots\" content=\"index, follow, max-snippet:-1, max-image-preview:large, max-video-preview:-1\" \/>\n<link rel=\"canonical\" href=\"https:\/\/repliquemangacine.fr\/it\/bilanci\/lanima-di-metallo-della-bacchetta-di-gellert-grindelwald\/\" \/>\n<meta property=\"og:locale\" content=\"it_IT\" \/>\n<meta property=\"og:type\" content=\"article\" \/>\n<meta property=\"og:title\" content=\"Baguette Grindelwald Gellert - Harry Potter | R\u00e9plique Manga Cin\u00e9\" \/>\n<meta property=\"og:description\" content=\"Offrez-lui la Baguette de Grindelwald Gellert dans Harry Potter au meilleur prix. Noyau central en m\u00e9tal - Recouverte de r\u00e9sine - Longueur : 38 cm\" \/>\n<meta property=\"og:url\" content=\"https:\/\/repliquemangacine.fr\/it\/bilanci\/lanima-di-metallo-della-bacchetta-di-gellert-grindelwald\/\" \/>\n<meta property=\"og:site_name\" content=\"R\u00e9plique Manga Cin\u00e9\" \/>\n<meta property=\"article:publisher\" content=\"https:\/\/www.facebook.com\/RepliqueMangaCine\" \/>\n<meta property=\"article:modified_time\" content=\"2025-11-10T13:48:06+00:00\" \/>\n<meta property=\"og:image\" content=\"https:\/\/repliquemangacine.fr\/wp-content\/uploads\/2023\/10\/baguette-grindelward-4.jpg\" \/>\n\t<meta property=\"og:image:width\" content=\"600\" \/>\n\t<meta property=\"og:image:height\" content=\"600\" \/>\n\t<meta property=\"og:image:type\" content=\"image\/jpeg\" \/>\n<meta name=\"twitter:card\" content=\"summary_large_image\" \/>\n<meta name=\"twitter:label1\" content=\"Tempo di lettura stimato\" \/>\n\t<meta name=\"twitter:data1\" content=\"2 minuti\" \/>\n<script type=\"application\/ld+json\" class=\"yoast-schema-graph\">{\"@context\":\"https:\\\/\\\/schema.org\",\"@graph\":[{\"@type\":\"WebPage\",\"@id\":\"https:\\\/\\\/repliquemangacine.fr\\\/soldes\\\/baguette-de-gellert-grindelwald-noyau-metal\\\/\",\"url\":\"https:\\\/\\\/repliquemangacine.fr\\\/soldes\\\/baguette-de-gellert-grindelwald-noyau-metal\\\/\",\"name\":\"Baguette Grindelwald Gellert - Harry Potter | R\u00e9plique Manga Cin\u00e9\",\"isPartOf\":{\"@id\":\"https:\\\/\\\/repliquemangacine.fr\\\/#website\"},\"primaryImageOfPage\":{\"@id\":\"https:\\\/\\\/repliquemangacine.fr\\\/soldes\\\/baguette-de-gellert-grindelwald-noyau-metal\\\/#primaryimage\"},\"image\":{\"@id\":\"https:\\\/\\\/repliquemangacine.fr\\\/soldes\\\/baguette-de-gellert-grindelwald-noyau-metal\\\/#primaryimage\"},\"thumbnailUrl\":\"https:\\\/\\\/repliquemangacine.fr\\\/wp-content\\\/uploads\\\/2023\\\/10\\\/baguette-grindelward-4.jpg\",\"datePublished\":\"2022-04-26T12:19:57+00:00\",\"dateModified\":\"2025-11-10T13:48:06+00:00\",\"description\":\"Offrez-lui la Baguette de Grindelwald Gellert dans Harry Potter au meilleur prix. Noyau central en m\u00e9tal - Recouverte de r\u00e9sine - Longueur : 38 cm\",\"breadcrumb\":{\"@id\":\"https:\\\/\\\/repliquemangacine.fr\\\/soldes\\\/baguette-de-gellert-grindelwald-noyau-metal\\\/#breadcrumb\"},\"inLanguage\":\"it-IT\",\"potentialAction\":[{\"@type\":\"ReadAction\",\"target\":[\"https:\\\/\\\/repliquemangacine.fr\\\/soldes\\\/baguette-de-gellert-grindelwald-noyau-metal\\\/\"]}]},{\"@type\":\"ImageObject\",\"inLanguage\":\"it-IT\",\"@id\":\"https:\\\/\\\/repliquemangacine.fr\\\/soldes\\\/baguette-de-gellert-grindelwald-noyau-metal\\\/#primaryimage\",\"url\":\"https:\\\/\\\/repliquemangacine.fr\\\/wp-content\\\/uploads\\\/2023\\\/10\\\/baguette-grindelward-4.jpg\",\"contentUrl\":\"https:\\\/\\\/repliquemangacine.fr\\\/wp-content\\\/uploads\\\/2023\\\/10\\\/baguette-grindelward-4.jpg\",\"width\":600,\"height\":600,\"caption\":\"Baguette de Grindelwald Gellert Harry Potter\"},{\"@type\":\"BreadcrumbList\",\"@id\":\"https:\\\/\\\/repliquemangacine.fr\\\/soldes\\\/baguette-de-gellert-grindelwald-noyau-metal\\\/#breadcrumb\",\"itemListElement\":[{\"@type\":\"ListItem\",\"position\":1,\"name\":\"Accueil\",\"item\":\"https:\\\/\\\/repliquemangacine.fr\\\/\"},{\"@type\":\"ListItem\",\"position\":2,\"name\":\"Produits\",\"item\":\"https:\\\/\\\/repliquemangacine.fr\\\/boutique\\\/\"},{\"@type\":\"ListItem\",\"position\":3,\"name\":\"Baguette Grindelwald\"}]},{\"@type\":\"WebSite\",\"@id\":\"https:\\\/\\\/repliquemangacine.fr\\\/#website\",\"url\":\"https:\\\/\\\/repliquemangacine.fr\\\/\",\"name\":\"R\u00e9plique Manga Cin\u00e9\",\"description\":\"\",\"publisher\":{\"@id\":\"https:\\\/\\\/repliquemangacine.fr\\\/#organization\"},\"potentialAction\":[{\"@type\":\"SearchAction\",\"target\":{\"@type\":\"EntryPoint\",\"urlTemplate\":\"https:\\\/\\\/repliquemangacine.fr\\\/?s={search_term_string}\"},\"query-input\":{\"@type\":\"PropertyValueSpecification\",\"valueRequired\":true,\"valueName\":\"search_term_string\"}}],\"inLanguage\":\"it-IT\"},{\"@type\":\"Organization\",\"@id\":\"https:\\\/\\\/repliquemangacine.fr\\\/#organization\",\"name\":\"R\u00e9plique Manga Cin\u00e9\",\"url\":\"https:\\\/\\\/repliquemangacine.fr\\\/\",\"logo\":{\"@type\":\"ImageObject\",\"inLanguage\":\"it-IT\",\"@id\":\"https:\\\/\\\/repliquemangacine.fr\\\/#\\\/schema\\\/logo\\\/image\\\/\",\"url\":\"https:\\\/\\\/repliquemangacine.fr\\\/wp-content\\\/uploads\\\/2023\\\/10\\\/RMC-500250.png\",\"contentUrl\":\"https:\\\/\\\/repliquemangacine.fr\\\/wp-content\\\/uploads\\\/2023\\\/10\\\/RMC-500250.png\",\"width\":500,\"height\":250,\"caption\":\"R\u00e9plique Manga Cin\u00e9\"},\"image\":{\"@id\":\"https:\\\/\\\/repliquemangacine.fr\\\/#\\\/schema\\\/logo\\\/image\\\/\"},\"sameAs\":[\"https:\\\/\\\/www.facebook.com\\\/RepliqueMangaCine\",\"https:\\\/\\\/www.instagram.com\\\/repliquemangacine.fr\\\/\"]}]}<\/script>\n<!-- \/ Yoast SEO plugin. -->","yoast_head_json":{"title":"Bacchetta Grindelwald Gellert - Harry Potter | R\u00e9plique Manga Cin\u00e9","description":"Regalategli la Bacchetta di Grindelwald di Harry Potter al miglior prezzo. Anima centrale in metallo - Rivestita in resina - Lunghezza: 38 cm","robots":{"index":"index","follow":"follow","max-snippet":"max-snippet:-1","max-image-preview":"max-image-preview:large","max-video-preview":"max-video-preview:-1"},"canonical":"https:\/\/repliquemangacine.fr\/it\/bilanci\/lanima-di-metallo-della-bacchetta-di-gellert-grindelwald\/","og_locale":"it_IT","og_type":"article","og_title":"Baguette Grindelwald Gellert - Harry Potter | R\u00e9plique Manga Cin\u00e9","og_description":"Offrez-lui la Baguette de Grindelwald Gellert dans Harry Potter au meilleur prix. Noyau central en m\u00e9tal - Recouverte de r\u00e9sine - Longueur : 38 cm","og_url":"https:\/\/repliquemangacine.fr\/it\/bilanci\/lanima-di-metallo-della-bacchetta-di-gellert-grindelwald\/","og_site_name":"R\u00e9plique Manga Cin\u00e9","article_publisher":"https:\/\/www.facebook.com\/RepliqueMangaCine","article_modified_time":"2025-11-10T13:48:06+00:00","og_image":[{"width":600,"height":600,"url":"https:\/\/repliquemangacine.fr\/wp-content\/uploads\/2023\/10\/baguette-grindelward-4.jpg","type":"image\/jpeg"}],"twitter_card":"summary_large_image","twitter_misc":{"Tempo di lettura stimato":"2 minuti"},"schema":{"@context":"https:\/\/schema.org","@graph":[{"@type":"WebPage","@id":"https:\/\/repliquemangacine.fr\/soldes\/baguette-de-gellert-grindelwald-noyau-metal\/","url":"https:\/\/repliquemangacine.fr\/soldes\/baguette-de-gellert-grindelwald-noyau-metal\/","name":"Bacchetta Grindelwald Gellert - Harry Potter | R\u00e9plique Manga Cin\u00e9","isPartOf":{"@id":"https:\/\/repliquemangacine.fr\/#website"},"primaryImageOfPage":{"@id":"https:\/\/repliquemangacine.fr\/soldes\/baguette-de-gellert-grindelwald-noyau-metal\/#primaryimage"},"image":{"@id":"https:\/\/repliquemangacine.fr\/soldes\/baguette-de-gellert-grindelwald-noyau-metal\/#primaryimage"},"thumbnailUrl":"https:\/\/repliquemangacine.fr\/wp-content\/uploads\/2023\/10\/baguette-grindelward-4.jpg","datePublished":"2022-04-26T12:19:57+00:00","dateModified":"2025-11-10T13:48:06+00:00","description":"Regalategli la Bacchetta di Grindelwald di Harry Potter al miglior prezzo. Anima centrale in metallo - Rivestita in resina - Lunghezza: 38 cm","breadcrumb":{"@id":"https:\/\/repliquemangacine.fr\/soldes\/baguette-de-gellert-grindelwald-noyau-metal\/#breadcrumb"},"inLanguage":"it-IT","potentialAction":[{"@type":"ReadAction","target":["https:\/\/repliquemangacine.fr\/soldes\/baguette-de-gellert-grindelwald-noyau-metal\/"]}]},{"@type":"ImageObject","inLanguage":"it-IT","@id":"https:\/\/repliquemangacine.fr\/soldes\/baguette-de-gellert-grindelwald-noyau-metal\/#primaryimage","url":"https:\/\/repliquemangacine.fr\/wp-content\/uploads\/2023\/10\/baguette-grindelward-4.jpg","contentUrl":"https:\/\/repliquemangacine.fr\/wp-content\/uploads\/2023\/10\/baguette-grindelward-4.jpg","width":600,"height":600,"caption":"Baguette de Grindelwald Gellert Harry Potter"},{"@type":"BreadcrumbList","@id":"https:\/\/repliquemangacine.fr\/soldes\/baguette-de-gellert-grindelwald-noyau-metal\/#breadcrumb","itemListElement":[{"@type":"ListItem","position":1,"name":"Accueil","item":"https:\/\/repliquemangacine.fr\/"},{"@type":"ListItem","position":2,"name":"Produits","item":"https:\/\/repliquemangacine.fr\/boutique\/"},{"@type":"ListItem","position":3,"name":"Baguette Grindelwald"}]},{"@type":"WebSite","@id":"https:\/\/repliquemangacine.fr\/#website","url":"https:\/\/repliquemangacine.fr\/","name":"R\u00e9plique Manga Cin\u00e9","description":"","publisher":{"@id":"https:\/\/repliquemangacine.fr\/#organization"},"potentialAction":[{"@type":"SearchAction","target":{"@type":"EntryPoint","urlTemplate":"https:\/\/repliquemangacine.fr\/?s={search_term_string}"},"query-input":{"@type":"PropertyValueSpecification","valueRequired":true,"valueName":"search_term_string"}}],"inLanguage":"it-IT"},{"@type":"Organization","@id":"https:\/\/repliquemangacine.fr\/#organization","name":"R\u00e9plique Manga Cin\u00e9","url":"https:\/\/repliquemangacine.fr\/","logo":{"@type":"ImageObject","inLanguage":"it-IT","@id":"https:\/\/repliquemangacine.fr\/#\/schema\/logo\/image\/","url":"https:\/\/repliquemangacine.fr\/wp-content\/uploads\/2023\/10\/RMC-500250.png","contentUrl":"https:\/\/repliquemangacine.fr\/wp-content\/uploads\/2023\/10\/RMC-500250.png","width":500,"height":250,"caption":"R\u00e9plique Manga Cin\u00e9"},"image":{"@id":"https:\/\/repliquemangacine.fr\/#\/schema\/logo\/image\/"},"sameAs":["https:\/\/www.facebook.com\/RepliqueMangaCine","https:\/\/www.instagram.com\/repliquemangacine.fr\/"]}]}},"_links":{"self":[{"href":"https:\/\/repliquemangacine.fr\/it\/wp-json\/wp\/v2\/product\/49992","targetHints":{"allow":["GET"]}}],"collection":[{"href":"https:\/\/repliquemangacine.fr\/it\/wp-json\/wp\/v2\/product"}],"about":[{"href":"https:\/\/repliquemangacine.fr\/it\/wp-json\/wp\/v2\/types\/product"}],"wp:featuredmedia":[{"embeddable":true,"href":"https:\/\/repliquemangacine.fr\/it\/wp-json\/wp\/v2\/media\/49993"}],"wp:attachment":[{"href":"https:\/\/repliquemangacine.fr\/it\/wp-json\/wp\/v2\/media?parent=49992"}],"wp:term":[{"taxonomy":"product_brand","embeddable":true,"href":"https:\/\/repliquemangacine.fr\/it\/wp-json\/wp\/v2\/product_brand?post=49992"},{"taxonomy":"product_cat","embeddable":true,"href":"https:\/\/repliquemangacine.fr\/it\/wp-json\/wp\/v2\/product_cat?post=49992"},{"taxonomy":"product_tag","embeddable":true,"href":"https:\/\/repliquemangacine.fr\/it\/wp-json\/wp\/v2\/product_tag?post=49992"}],"curies":[{"name":"wp","href":"https:\/\/api.w.org\/{rel}","templated":true}]}}