





{"id":49905,"date":"2022-04-22T17:12:10","date_gmt":"2022-04-22T15:12:10","guid":{"rendered":"https:\/\/repliquemangacine.fr\/?post_type=product&#038;p=49905"},"modified":"2026-02-20T16:48:23","modified_gmt":"2026-02-20T15:48:23","slug":"reattore-ad-arco-mk1-reattore-cuore-uomo-di-ferro","status":"publish","type":"product","link":"https:\/\/repliquemangacine.fr\/it\/super-heros-marvel\/arc-reactor-mk1-iron-man-coeur-reacteur\/","title":{"rendered":"Cuore di Iron Man"},"content":{"rendered":"<h2>Nucleo di Iron Man MK1 - Reattore ad arco.<\/h2>\n<p>Per cominciare, il <strong>Cuore di Iron Man <\/strong>L'Arc Reactor \u00e8 una replica esatta della versione MK1.<\/p>\n<p>Esistono due versioni principali del reattore ad arco. La versione industriale originale su larga scala. La versione miniaturizzata \u201ca corazza\u201d perfezionata da Tony Stark.<\/p>\n<p>Negli anni successivi alla morte di Howard, il progetto <a href=\"https:\/\/universcinematographiquemarvel.fandom.com\/fr\/wiki\/R\u00e9acteur_arc\" target=\"_blank\" rel=\"noopener noreferrer\">Reattore ad arco<\/a> \u00e8 diventata una priorit\u00e0 per l'azienda.<\/p>\n<p>Durante l'attacco ai Dieci Anelli e la cattura di Tony Stark, una bomba esplode vicino a Stark, facendo volare schegge vicino al suo cuore, minacciando la sua vita.<br \/>\nIl dottor Ho Yinsen ha rimosso la maggior parte delle schegge, ma alcune erano troppo vicine al cuore. Cos\u00ec ha creato un modo per fermare le schegge.<\/p>\n<h2>Il vostro Iron Man Heart al miglior prezzo.<\/h2>\n<p>Offriamo un'ampia gamma di repliche dei personaggi Avengers dell'universo Marvel.<\/p>\n<p>Innanzitutto,<\/p>\n<ul>\n<li>Le<a href=\"https:\/\/repliquemangacine.fr\/it\/supereroi\/scudo-di-capitan-america-versione-lusso\/\"> Lo scudo di Capitan America<\/a> tutto in acciaio, un pezzo raro per la vostra collezione.<\/li>\n<li>C'\u00e8 anche il <a href=\"https:\/\/repliquemangacine.fr\/it\/supereroi\/marteau-de-thor-mjoellnir-en-metal-avec-base\/\">Il martello di Thor<\/a>in versione lusso o standard.<\/li>\n<li>Oltre al gigantesco <a href=\"https:\/\/repliquemangacine.fr\/it\/supereroi\/double-epee-de-thanos-avengers-endgame\/\">La doppia spada di Thanos<\/a>.<\/li>\n<li>E molti altri da scoprire nel nostro negozio online!<\/li>\n<\/ul>\n<p>Ecco quindi alcune idee regalo per i fan degli Avengers!<\/p>\n<p>In conclusione, \u00e8 possibile utilizzare anche il metodo <strong>Cuore di Iron Man<\/strong> per le vostre sfilate cosplay o serate a tema. Ma soprattutto, il cuore del reattore \u00e8 anche un oggetto da collezione e un pezzo decorativo.<\/p>\n<h2>Come sono fatti i nostri merchandising Avengers Marvel?<\/h2>\n<p>Per cominciare, tutti i nostri prodotti derivati sono di altissima qualit\u00e0, realizzati con una meticolosa attenzione ai dettagli. Alcuni di essi sono realizzati a mano, per riprodurre i minimi dettagli. Le parti pi\u00f9 importanti sono lavorate con macchine molto precise. Le incisioni sono generalmente realizzate con una punta di diamante o con il laser.<\/p>\n<p>Il tuo <strong>Cuore di Iron Man<\/strong> \u00e8 stato realizzato per riprodurre esattamente ogni dettaglio. Dalle parti metalliche lavorate al filo di rame e ai LED ad alta intensit\u00e0.<\/p>\n<p>In conclusione, importate dalla Cina o dalla Spagna, le nostre repliche vi stupiranno!<\/p>\n<p>R\u00e9plique Manga Cin\u00e9 \u00e8 un'azienda familiare francese.<\/p>","protected":false},"excerpt":{"rendered":"<p>Replica del reattore ad arco MK1.<\/p>\n<ul>\n<li>In alluminio, acciaio inox e plastica stampata.<\/li>\n<li>LED ad alta intensit\u00e0.<\/li>\n<li>Si ritira dalla sua base.<\/li>\n<li>Supporto circolare in metallo, diametro 12 cm con incisione.<\/li>\n<li>Vetrina in plexiglas.<\/li>\n<li>Cavo USB da 1,20 m.<\/li>\n<li>Altezza totale: 19 cm - Larghezza totale: 16,5 cm<\/li>\n<\/ul>","protected":false},"featured_media":49906,"template":"","meta":[],"product_brand":[896],"product_cat":[24,59],"product_tag":[],"class_list":{"0":"post-49905","1":"product","2":"type-product","3":"status-publish","4":"has-post-thumbnail","6":"product_brand-replique-manga-cine","7":"product_cat-films-series-tv-vente-de-katana-epee-et-produits-derives","8":"product_cat-super-heros-marvel","10":"first","11":"outofstock","12":"sale","13":"taxable","14":"shipping-taxable","15":"purchasable","16":"product-type-simple"},"yoast_head":"<!-- This site is optimized with the Yoast SEO plugin v27.4 - https:\/\/yoast.com\/product\/yoast-seo-wordpress\/ -->\n<title>C\u0153ur Iron Man - R\u00e9pliques Avengers - R\u00e9plique Manga Cin\u00e9<\/title>\n<meta name=\"description\" content=\"Offrez-lui le C\u0153ur Iron Man MK1 au meilleur prix. Haute qualit\u00e9 - Sous vitrine en plexiglas - Eclairage par Led - Hauteur : 19 cm - Largeur : 16.5 cm\" \/>\n<meta name=\"robots\" content=\"index, follow, max-snippet:-1, max-image-preview:large, max-video-preview:-1\" \/>\n<link rel=\"canonical\" href=\"https:\/\/repliquemangacine.fr\/it\/supereroi-marvel\/reattore-ad-arco-mk1-reattore-cuore-uomo-di-ferro\/\" \/>\n<meta property=\"og:locale\" content=\"it_IT\" \/>\n<meta property=\"og:type\" content=\"article\" \/>\n<meta property=\"og:title\" content=\"C\u0153ur Iron Man - R\u00e9pliques Avengers - R\u00e9plique Manga Cin\u00e9\" \/>\n<meta property=\"og:description\" content=\"Offrez-lui le C\u0153ur Iron Man MK1 au meilleur prix. Haute qualit\u00e9 - Sous vitrine en plexiglas - Eclairage par Led - Hauteur : 19 cm - Largeur : 16.5 cm\" \/>\n<meta property=\"og:url\" content=\"https:\/\/repliquemangacine.fr\/it\/supereroi-marvel\/reattore-ad-arco-mk1-reattore-cuore-uomo-di-ferro\/\" \/>\n<meta property=\"og:site_name\" content=\"R\u00e9plique Manga Cin\u00e9\" \/>\n<meta property=\"article:publisher\" content=\"https:\/\/www.facebook.com\/RepliqueMangaCine\" \/>\n<meta property=\"article:modified_time\" content=\"2026-02-20T15:48:23+00:00\" \/>\n<meta property=\"og:image\" content=\"https:\/\/repliquemangacine.fr\/wp-content\/uploads\/2023\/10\/coeur-tony-stark-7.jpg\" \/>\n\t<meta property=\"og:image:width\" content=\"600\" \/>\n\t<meta property=\"og:image:height\" content=\"600\" \/>\n\t<meta property=\"og:image:type\" content=\"image\/jpeg\" \/>\n<meta name=\"twitter:card\" content=\"summary_large_image\" \/>\n<meta name=\"twitter:label1\" content=\"Tempo di lettura stimato\" \/>\n\t<meta name=\"twitter:data1\" content=\"3 minuti\" \/>\n<script type=\"application\/ld+json\" class=\"yoast-schema-graph\">{\"@context\":\"https:\\\/\\\/schema.org\",\"@graph\":[{\"@type\":\"WebPage\",\"@id\":\"https:\\\/\\\/repliquemangacine.fr\\\/super-heros-marvel\\\/arc-reactor-mk1-iron-man-coeur-reacteur\\\/\",\"url\":\"https:\\\/\\\/repliquemangacine.fr\\\/super-heros-marvel\\\/arc-reactor-mk1-iron-man-coeur-reacteur\\\/\",\"name\":\"C\u0153ur Iron Man - R\u00e9pliques Avengers - R\u00e9plique Manga Cin\u00e9\",\"isPartOf\":{\"@id\":\"https:\\\/\\\/repliquemangacine.fr\\\/#website\"},\"primaryImageOfPage\":{\"@id\":\"https:\\\/\\\/repliquemangacine.fr\\\/super-heros-marvel\\\/arc-reactor-mk1-iron-man-coeur-reacteur\\\/#primaryimage\"},\"image\":{\"@id\":\"https:\\\/\\\/repliquemangacine.fr\\\/super-heros-marvel\\\/arc-reactor-mk1-iron-man-coeur-reacteur\\\/#primaryimage\"},\"thumbnailUrl\":\"https:\\\/\\\/repliquemangacine.fr\\\/wp-content\\\/uploads\\\/2023\\\/10\\\/coeur-tony-stark-7.jpg\",\"datePublished\":\"2022-04-22T15:12:10+00:00\",\"dateModified\":\"2026-02-20T15:48:23+00:00\",\"description\":\"Offrez-lui le C\u0153ur Iron Man MK1 au meilleur prix. Haute qualit\u00e9 - Sous vitrine en plexiglas - Eclairage par Led - Hauteur : 19 cm - Largeur : 16.5 cm\",\"breadcrumb\":{\"@id\":\"https:\\\/\\\/repliquemangacine.fr\\\/super-heros-marvel\\\/arc-reactor-mk1-iron-man-coeur-reacteur\\\/#breadcrumb\"},\"inLanguage\":\"it-IT\",\"potentialAction\":[{\"@type\":\"ReadAction\",\"target\":[\"https:\\\/\\\/repliquemangacine.fr\\\/super-heros-marvel\\\/arc-reactor-mk1-iron-man-coeur-reacteur\\\/\"]}]},{\"@type\":\"ImageObject\",\"inLanguage\":\"it-IT\",\"@id\":\"https:\\\/\\\/repliquemangacine.fr\\\/super-heros-marvel\\\/arc-reactor-mk1-iron-man-coeur-reacteur\\\/#primaryimage\",\"url\":\"https:\\\/\\\/repliquemangacine.fr\\\/wp-content\\\/uploads\\\/2023\\\/10\\\/coeur-tony-stark-7.jpg\",\"contentUrl\":\"https:\\\/\\\/repliquemangacine.fr\\\/wp-content\\\/uploads\\\/2023\\\/10\\\/coeur-tony-stark-7.jpg\",\"width\":600,\"height\":600,\"caption\":\"R\u00e9plique Coeur r\u00e9acteur \u00e0 led Iron Man\"},{\"@type\":\"BreadcrumbList\",\"@id\":\"https:\\\/\\\/repliquemangacine.fr\\\/super-heros-marvel\\\/arc-reactor-mk1-iron-man-coeur-reacteur\\\/#breadcrumb\",\"itemListElement\":[{\"@type\":\"ListItem\",\"position\":1,\"name\":\"Accueil\",\"item\":\"https:\\\/\\\/repliquemangacine.fr\\\/\"},{\"@type\":\"ListItem\",\"position\":2,\"name\":\"Produits\",\"item\":\"https:\\\/\\\/repliquemangacine.fr\\\/boutique\\\/\"},{\"@type\":\"ListItem\",\"position\":3,\"name\":\"C\u0153ur Iron Man\"}]},{\"@type\":\"WebSite\",\"@id\":\"https:\\\/\\\/repliquemangacine.fr\\\/#website\",\"url\":\"https:\\\/\\\/repliquemangacine.fr\\\/\",\"name\":\"R\u00e9plique Manga Cin\u00e9\",\"description\":\"\",\"publisher\":{\"@id\":\"https:\\\/\\\/repliquemangacine.fr\\\/#organization\"},\"potentialAction\":[{\"@type\":\"SearchAction\",\"target\":{\"@type\":\"EntryPoint\",\"urlTemplate\":\"https:\\\/\\\/repliquemangacine.fr\\\/?s={search_term_string}\"},\"query-input\":{\"@type\":\"PropertyValueSpecification\",\"valueRequired\":true,\"valueName\":\"search_term_string\"}}],\"inLanguage\":\"it-IT\"},{\"@type\":\"Organization\",\"@id\":\"https:\\\/\\\/repliquemangacine.fr\\\/#organization\",\"name\":\"R\u00e9plique Manga Cin\u00e9\",\"url\":\"https:\\\/\\\/repliquemangacine.fr\\\/\",\"logo\":{\"@type\":\"ImageObject\",\"inLanguage\":\"it-IT\",\"@id\":\"https:\\\/\\\/repliquemangacine.fr\\\/#\\\/schema\\\/logo\\\/image\\\/\",\"url\":\"https:\\\/\\\/repliquemangacine.fr\\\/wp-content\\\/uploads\\\/2023\\\/10\\\/RMC-500250.png\",\"contentUrl\":\"https:\\\/\\\/repliquemangacine.fr\\\/wp-content\\\/uploads\\\/2023\\\/10\\\/RMC-500250.png\",\"width\":500,\"height\":250,\"caption\":\"R\u00e9plique Manga Cin\u00e9\"},\"image\":{\"@id\":\"https:\\\/\\\/repliquemangacine.fr\\\/#\\\/schema\\\/logo\\\/image\\\/\"},\"sameAs\":[\"https:\\\/\\\/www.facebook.com\\\/RepliqueMangaCine\",\"https:\\\/\\\/www.instagram.com\\\/repliquemangacine.fr\\\/\"]}]}<\/script>\n<!-- \/ Yoast SEO plugin. -->","yoast_head_json":{"title":"Cuore di Iron Man - Repliche dei Vendicatori - R\u00e9plique Manga Cin\u00e9","description":"Offritegli il cuore di Iron Man MK1 al miglior prezzo. Alta qualit\u00e0 - Vetrina in plexiglass - Illuminazione a led - Altezza: 19 cm - Larghezza: 16,5 cm","robots":{"index":"index","follow":"follow","max-snippet":"max-snippet:-1","max-image-preview":"max-image-preview:large","max-video-preview":"max-video-preview:-1"},"canonical":"https:\/\/repliquemangacine.fr\/it\/supereroi-marvel\/reattore-ad-arco-mk1-reattore-cuore-uomo-di-ferro\/","og_locale":"it_IT","og_type":"article","og_title":"C\u0153ur Iron Man - R\u00e9pliques Avengers - R\u00e9plique Manga Cin\u00e9","og_description":"Offrez-lui le C\u0153ur Iron Man MK1 au meilleur prix. Haute qualit\u00e9 - Sous vitrine en plexiglas - Eclairage par Led - Hauteur : 19 cm - Largeur : 16.5 cm","og_url":"https:\/\/repliquemangacine.fr\/it\/supereroi-marvel\/reattore-ad-arco-mk1-reattore-cuore-uomo-di-ferro\/","og_site_name":"R\u00e9plique Manga Cin\u00e9","article_publisher":"https:\/\/www.facebook.com\/RepliqueMangaCine","article_modified_time":"2026-02-20T15:48:23+00:00","og_image":[{"width":600,"height":600,"url":"https:\/\/repliquemangacine.fr\/wp-content\/uploads\/2023\/10\/coeur-tony-stark-7.jpg","type":"image\/jpeg"}],"twitter_card":"summary_large_image","twitter_misc":{"Tempo di lettura stimato":"3 minuti"},"schema":{"@context":"https:\/\/schema.org","@graph":[{"@type":"WebPage","@id":"https:\/\/repliquemangacine.fr\/super-heros-marvel\/arc-reactor-mk1-iron-man-coeur-reacteur\/","url":"https:\/\/repliquemangacine.fr\/super-heros-marvel\/arc-reactor-mk1-iron-man-coeur-reacteur\/","name":"Cuore di Iron Man - Repliche dei Vendicatori - R\u00e9plique Manga Cin\u00e9","isPartOf":{"@id":"https:\/\/repliquemangacine.fr\/#website"},"primaryImageOfPage":{"@id":"https:\/\/repliquemangacine.fr\/super-heros-marvel\/arc-reactor-mk1-iron-man-coeur-reacteur\/#primaryimage"},"image":{"@id":"https:\/\/repliquemangacine.fr\/super-heros-marvel\/arc-reactor-mk1-iron-man-coeur-reacteur\/#primaryimage"},"thumbnailUrl":"https:\/\/repliquemangacine.fr\/wp-content\/uploads\/2023\/10\/coeur-tony-stark-7.jpg","datePublished":"2022-04-22T15:12:10+00:00","dateModified":"2026-02-20T15:48:23+00:00","description":"Offritegli il cuore di Iron Man MK1 al miglior prezzo. Alta qualit\u00e0 - Vetrina in plexiglass - Illuminazione a led - Altezza: 19 cm - Larghezza: 16,5 cm","breadcrumb":{"@id":"https:\/\/repliquemangacine.fr\/super-heros-marvel\/arc-reactor-mk1-iron-man-coeur-reacteur\/#breadcrumb"},"inLanguage":"it-IT","potentialAction":[{"@type":"ReadAction","target":["https:\/\/repliquemangacine.fr\/super-heros-marvel\/arc-reactor-mk1-iron-man-coeur-reacteur\/"]}]},{"@type":"ImageObject","inLanguage":"it-IT","@id":"https:\/\/repliquemangacine.fr\/super-heros-marvel\/arc-reactor-mk1-iron-man-coeur-reacteur\/#primaryimage","url":"https:\/\/repliquemangacine.fr\/wp-content\/uploads\/2023\/10\/coeur-tony-stark-7.jpg","contentUrl":"https:\/\/repliquemangacine.fr\/wp-content\/uploads\/2023\/10\/coeur-tony-stark-7.jpg","width":600,"height":600,"caption":"R\u00e9plique Coeur r\u00e9acteur \u00e0 led Iron Man"},{"@type":"BreadcrumbList","@id":"https:\/\/repliquemangacine.fr\/super-heros-marvel\/arc-reactor-mk1-iron-man-coeur-reacteur\/#breadcrumb","itemListElement":[{"@type":"ListItem","position":1,"name":"Accueil","item":"https:\/\/repliquemangacine.fr\/"},{"@type":"ListItem","position":2,"name":"Produits","item":"https:\/\/repliquemangacine.fr\/boutique\/"},{"@type":"ListItem","position":3,"name":"C\u0153ur Iron Man"}]},{"@type":"WebSite","@id":"https:\/\/repliquemangacine.fr\/#website","url":"https:\/\/repliquemangacine.fr\/","name":"R\u00e9plique Manga Cin\u00e9","description":"","publisher":{"@id":"https:\/\/repliquemangacine.fr\/#organization"},"potentialAction":[{"@type":"SearchAction","target":{"@type":"EntryPoint","urlTemplate":"https:\/\/repliquemangacine.fr\/?s={search_term_string}"},"query-input":{"@type":"PropertyValueSpecification","valueRequired":true,"valueName":"search_term_string"}}],"inLanguage":"it-IT"},{"@type":"Organization","@id":"https:\/\/repliquemangacine.fr\/#organization","name":"R\u00e9plique Manga Cin\u00e9","url":"https:\/\/repliquemangacine.fr\/","logo":{"@type":"ImageObject","inLanguage":"it-IT","@id":"https:\/\/repliquemangacine.fr\/#\/schema\/logo\/image\/","url":"https:\/\/repliquemangacine.fr\/wp-content\/uploads\/2023\/10\/RMC-500250.png","contentUrl":"https:\/\/repliquemangacine.fr\/wp-content\/uploads\/2023\/10\/RMC-500250.png","width":500,"height":250,"caption":"R\u00e9plique Manga Cin\u00e9"},"image":{"@id":"https:\/\/repliquemangacine.fr\/#\/schema\/logo\/image\/"},"sameAs":["https:\/\/www.facebook.com\/RepliqueMangaCine","https:\/\/www.instagram.com\/repliquemangacine.fr\/"]}]}},"_links":{"self":[{"href":"https:\/\/repliquemangacine.fr\/it\/wp-json\/wp\/v2\/product\/49905","targetHints":{"allow":["GET"]}}],"collection":[{"href":"https:\/\/repliquemangacine.fr\/it\/wp-json\/wp\/v2\/product"}],"about":[{"href":"https:\/\/repliquemangacine.fr\/it\/wp-json\/wp\/v2\/types\/product"}],"wp:featuredmedia":[{"embeddable":true,"href":"https:\/\/repliquemangacine.fr\/it\/wp-json\/wp\/v2\/media\/49906"}],"wp:attachment":[{"href":"https:\/\/repliquemangacine.fr\/it\/wp-json\/wp\/v2\/media?parent=49905"}],"wp:term":[{"taxonomy":"product_brand","embeddable":true,"href":"https:\/\/repliquemangacine.fr\/it\/wp-json\/wp\/v2\/product_brand?post=49905"},{"taxonomy":"product_cat","embeddable":true,"href":"https:\/\/repliquemangacine.fr\/it\/wp-json\/wp\/v2\/product_cat?post=49905"},{"taxonomy":"product_tag","embeddable":true,"href":"https:\/\/repliquemangacine.fr\/it\/wp-json\/wp\/v2\/product_tag?post=49905"}],"curies":[{"name":"wp","href":"https:\/\/api.w.org\/{rel}","templated":true}]}}