





{"id":49822,"date":"2022-04-19T13:44:08","date_gmt":"2022-04-19T11:44:08","guid":{"rendered":"https:\/\/repliquemangacine.fr\/?post_type=product&#038;p=49822"},"modified":"2025-09-23T18:02:44","modified_gmt":"2025-09-23T16:02:44","slug":"padre-spada-conan-marto","status":"publish","type":"product","link":"https:\/\/repliquemangacine.fr\/it\/katana-les-epees-de-films-et-series\/father-sword-conan-marto\/","title":{"rendered":"Padre Spada Conan Marto"},"content":{"rendered":"<h2>Padre Spada Conan Marto su licenza ufficiale<\/h2>\n<p>Prima di tutto, le cose da fare, <strong>Padre Spada Conan Marto<\/strong>Questa riproduzione \u00e8 autorizzata ufficialmente e viene fornita con un certificato di autenticit\u00e0 che riporta il numero di serie sulla lama. Collezione esclusiva di spade Conan <a href=\"https:\/\/www.marto.es\/index.php\/es\/productos-marto\/espadas-de-cine\/conan\/espada-conan-padre-bronce-detail\" target=\"_blank\" rel=\"noopener noreferrer\">Marto<\/a>.<\/p>\n<p>Le avventure di Conan si svolgono in un passato mitico, creato da Howard, chiamato \u2019Et\u00e0 Hyboriana\u00ab. \u00c8 un barbaro della Cimmeria, una terra tenebrosa che Howard collega alla Cimmeria storica. Corin \u00e8 il padre di Conan e Siobahn e il famoso fabbro del suo villaggio in Cimmeria.<\/p>\n<p>Nel 1982 esce Conan il barbaro di John Milius, con Arnold Schwarzenegger. Questo film non adatta nessuno dei racconti di Howard; solo alcune scene sono tratte dai testi originali e integrate nella sceneggiatura di John Milius, scritta in collaborazione con Oliver Stone.<\/p>\n<h2>La tua Spada del Padre di Conan al miglior prezzo.<\/h2>\n<p>Vi proponiamo un'ampia scelta di repliche di spade e oggetti da collezione dei vostri eroi cinematografici preferiti.<\/p>\n<p>Innanzitutto,<\/p>\n<p>L'<a href=\"https:\/\/repliquemangacine.fr\/it\/supereroi\/spada-katana-daywalker-blade\/\">Spada Daywalker Blade<\/a> con la sua lama dritta e il fodero in lamiera per portarlo sulla schiena.<br \/>\nPoi la spada<a href=\"https:\/\/repliquemangacine.fr\/it\/altri-film\/spada-highlander-di-connor-macleod\/\"> ufficiale di connor Macleod<\/a> firmato Marto.<br \/>\nC'\u00e8 anche il<a href=\"https:\/\/repliquemangacine.fr\/it\/altri-film\/conan-marto-spada-atlantidea\/\">Spada di Conan Atlanteo<\/a> con licenza ufficiale distribuita da Marto.<br \/>\nE molti altri da scoprire nel nostro negozio online!<\/p>\n<p>Ecco quindi alcune fantastiche idee regalo per tutti gli amanti del mondo del cinema.<\/p>\n<p>In conclusione, \u00e8 possibile utilizzare <strong>Padre Spada Conan Marto<\/strong> per le vostre sfilate cosplay. Ma soprattutto, questa spada \u00e8 un oggetto da collezione con licenza ufficiale e certificato di autenticit\u00e0 - MARTO.<\/p>\n<h2>Come faccio a mantenere la lama della mia spada Marto?<\/h2>\n<p>Le spade da collezione e decorative sono realizzate e assemblate in modo semplificato. Poich\u00e9 il loro uso \u00e8 decorativo, non hanno le caratteristiche di sicurezza richieste per una spada giapponese destinata all'allenamento.<\/p>\n<p>Tuttavia, il vostro <strong>Padre Spada Conan Marto<\/strong> a una lama d'acciaio che deve essere curata per evitare che si danneggi nel tempo. Quando si espone la katana, gli amici saranno curiosi di vedere la lama e di toccarla. \u00c8 qui che bisogna fare attenzione, perch\u00e9 l'acidit\u00e0 delle dita \u00e8 molto dannosa per l'acciaio, indipendentemente dalla sua qualit\u00e0.<\/p>\n<p>Tuttavia, se ci\u00f2 dovesse accadere, niente panico: basta un panno inumidito con un po' d'olio per eliminare le impronte. In questo modo, la spada durer\u00e0 a lungo.<\/p>","protected":false},"excerpt":{"rendered":"<p>Riproduzione identica della spada del padre di Conan il Barbaro con certificato di autenticit\u00e0 Marto.<\/p>\n<ul>\n<li>Lama forgiata in acciaio temprato, con numero di serie.<\/li>\n<li>Profonde incisioni sulla lama con le rune originali dedicate a Crom.<\/li>\n<li>Guardia in acciaio con finitura in bronzo, testa di alce irlandese.<\/li>\n<li>Pomello in acciaio bronzato raffigurante uno zoccolo di alce.<\/li>\n<li>Manico in acciaio rivestito con treccia di cuoio.<\/li>\n<li>Su licenza ufficiale.<\/li>\n<li>Certificato di autenticit\u00e0<\/li>\n<li>Lunghezza totale della spada: 96 cm - Lunghezza della lama: 74 cm - Peso: 2,670 kg<\/li>\n<\/ul>","protected":false},"featured_media":49823,"template":"","meta":[],"product_brand":[896],"product_cat":[91,66,24],"product_tag":[],"class_list":{"0":"post-49822","1":"product","2":"type-product","3":"status-publish","4":"has-post-thumbnail","6":"product_brand-replique-manga-cine","7":"product_cat-katana-les-epees-de-films-et-series","8":"product_cat-repliques-d-armes-films-et-series","9":"product_cat-films-series-tv-vente-de-katana-epee-et-produits-derives","11":"first","12":"outofstock","13":"taxable","14":"shipping-taxable","15":"purchasable","16":"product-type-simple"},"yoast_head":"<!-- This site is optimized with the Yoast SEO plugin v27.4 - https:\/\/yoast.com\/product\/yoast-seo-wordpress\/ -->\n<title>Father Sword Conan Marto - Vente en ligne - R\u00e9plique Manga Cin\u00e9<\/title>\n<meta name=\"description\" content=\"Retrouvez la r\u00e9plique exacte de l&#039;\u00e9p\u00e9e du p\u00e8re du Conan le Barbare. Father Sword Conan Marto. Certificat d&#039;authenticit\u00e9. Sous licence officielle.\" \/>\n<meta name=\"robots\" content=\"index, follow, max-snippet:-1, max-image-preview:large, max-video-preview:-1\" \/>\n<link rel=\"canonical\" href=\"https:\/\/repliquemangacine.fr\/it\/spade-katana-da-film-e-serie\/padre-spada-conan-marto\/\" \/>\n<meta property=\"og:locale\" content=\"it_IT\" \/>\n<meta property=\"og:type\" content=\"article\" \/>\n<meta property=\"og:title\" content=\"Father Sword Conan Marto - Vente en ligne - R\u00e9plique Manga Cin\u00e9\" \/>\n<meta property=\"og:description\" content=\"Retrouvez la r\u00e9plique exacte de l&#039;\u00e9p\u00e9e du p\u00e8re du Conan le Barbare. Father Sword Conan Marto. Certificat d&#039;authenticit\u00e9. Sous licence officielle.\" \/>\n<meta property=\"og:url\" content=\"https:\/\/repliquemangacine.fr\/it\/spade-katana-da-film-e-serie\/padre-spada-conan-marto\/\" \/>\n<meta property=\"og:site_name\" content=\"R\u00e9plique Manga Cin\u00e9\" \/>\n<meta property=\"article:publisher\" content=\"https:\/\/www.facebook.com\/RepliqueMangaCine\" \/>\n<meta property=\"article:modified_time\" content=\"2025-09-23T16:02:44+00:00\" \/>\n<meta property=\"og:image\" content=\"https:\/\/repliquemangacine.fr\/wp-content\/uploads\/2023\/10\/epee-conan-marto.jpg\" \/>\n\t<meta property=\"og:image:width\" content=\"600\" \/>\n\t<meta property=\"og:image:height\" content=\"600\" \/>\n\t<meta property=\"og:image:type\" content=\"image\/jpeg\" \/>\n<meta name=\"twitter:card\" content=\"summary_large_image\" \/>\n<meta name=\"twitter:label1\" content=\"Tempo di lettura stimato\" \/>\n\t<meta name=\"twitter:data1\" content=\"1 minuto\" \/>\n<script type=\"application\/ld+json\" class=\"yoast-schema-graph\">{\"@context\":\"https:\\\/\\\/schema.org\",\"@graph\":[{\"@type\":\"WebPage\",\"@id\":\"https:\\\/\\\/repliquemangacine.fr\\\/katana-les-epees-de-films-et-series\\\/father-sword-conan-marto\\\/\",\"url\":\"https:\\\/\\\/repliquemangacine.fr\\\/katana-les-epees-de-films-et-series\\\/father-sword-conan-marto\\\/\",\"name\":\"Father Sword Conan Marto - Vente en ligne - R\u00e9plique Manga Cin\u00e9\",\"isPartOf\":{\"@id\":\"https:\\\/\\\/repliquemangacine.fr\\\/#website\"},\"primaryImageOfPage\":{\"@id\":\"https:\\\/\\\/repliquemangacine.fr\\\/katana-les-epees-de-films-et-series\\\/father-sword-conan-marto\\\/#primaryimage\"},\"image\":{\"@id\":\"https:\\\/\\\/repliquemangacine.fr\\\/katana-les-epees-de-films-et-series\\\/father-sword-conan-marto\\\/#primaryimage\"},\"thumbnailUrl\":\"https:\\\/\\\/repliquemangacine.fr\\\/wp-content\\\/uploads\\\/2023\\\/10\\\/epee-conan-marto.jpg\",\"datePublished\":\"2022-04-19T11:44:08+00:00\",\"dateModified\":\"2025-09-23T16:02:44+00:00\",\"description\":\"Retrouvez la r\u00e9plique exacte de l'\u00e9p\u00e9e du p\u00e8re du Conan le Barbare. Father Sword Conan Marto. Certificat d'authenticit\u00e9. Sous licence officielle.\",\"breadcrumb\":{\"@id\":\"https:\\\/\\\/repliquemangacine.fr\\\/katana-les-epees-de-films-et-series\\\/father-sword-conan-marto\\\/#breadcrumb\"},\"inLanguage\":\"it-IT\",\"potentialAction\":[{\"@type\":\"ReadAction\",\"target\":[\"https:\\\/\\\/repliquemangacine.fr\\\/katana-les-epees-de-films-et-series\\\/father-sword-conan-marto\\\/\"]}]},{\"@type\":\"ImageObject\",\"inLanguage\":\"it-IT\",\"@id\":\"https:\\\/\\\/repliquemangacine.fr\\\/katana-les-epees-de-films-et-series\\\/father-sword-conan-marto\\\/#primaryimage\",\"url\":\"https:\\\/\\\/repliquemangacine.fr\\\/wp-content\\\/uploads\\\/2023\\\/10\\\/epee-conan-marto.jpg\",\"contentUrl\":\"https:\\\/\\\/repliquemangacine.fr\\\/wp-content\\\/uploads\\\/2023\\\/10\\\/epee-conan-marto.jpg\",\"width\":600,\"height\":600,\"caption\":\"\u00e9p\u00e9e-conan-marto garde acier\"},{\"@type\":\"BreadcrumbList\",\"@id\":\"https:\\\/\\\/repliquemangacine.fr\\\/katana-les-epees-de-films-et-series\\\/father-sword-conan-marto\\\/#breadcrumb\",\"itemListElement\":[{\"@type\":\"ListItem\",\"position\":1,\"name\":\"Accueil\",\"item\":\"https:\\\/\\\/repliquemangacine.fr\\\/\"},{\"@type\":\"ListItem\",\"position\":2,\"name\":\"Produits\",\"item\":\"https:\\\/\\\/repliquemangacine.fr\\\/boutique\\\/\"},{\"@type\":\"ListItem\",\"position\":3,\"name\":\"Father Sword Conan Marto\"}]},{\"@type\":\"WebSite\",\"@id\":\"https:\\\/\\\/repliquemangacine.fr\\\/#website\",\"url\":\"https:\\\/\\\/repliquemangacine.fr\\\/\",\"name\":\"R\u00e9plique Manga Cin\u00e9\",\"description\":\"\",\"publisher\":{\"@id\":\"https:\\\/\\\/repliquemangacine.fr\\\/#organization\"},\"potentialAction\":[{\"@type\":\"SearchAction\",\"target\":{\"@type\":\"EntryPoint\",\"urlTemplate\":\"https:\\\/\\\/repliquemangacine.fr\\\/?s={search_term_string}\"},\"query-input\":{\"@type\":\"PropertyValueSpecification\",\"valueRequired\":true,\"valueName\":\"search_term_string\"}}],\"inLanguage\":\"it-IT\"},{\"@type\":\"Organization\",\"@id\":\"https:\\\/\\\/repliquemangacine.fr\\\/#organization\",\"name\":\"R\u00e9plique Manga Cin\u00e9\",\"url\":\"https:\\\/\\\/repliquemangacine.fr\\\/\",\"logo\":{\"@type\":\"ImageObject\",\"inLanguage\":\"it-IT\",\"@id\":\"https:\\\/\\\/repliquemangacine.fr\\\/#\\\/schema\\\/logo\\\/image\\\/\",\"url\":\"https:\\\/\\\/repliquemangacine.fr\\\/wp-content\\\/uploads\\\/2023\\\/10\\\/RMC-500250.png\",\"contentUrl\":\"https:\\\/\\\/repliquemangacine.fr\\\/wp-content\\\/uploads\\\/2023\\\/10\\\/RMC-500250.png\",\"width\":500,\"height\":250,\"caption\":\"R\u00e9plique Manga Cin\u00e9\"},\"image\":{\"@id\":\"https:\\\/\\\/repliquemangacine.fr\\\/#\\\/schema\\\/logo\\\/image\\\/\"},\"sameAs\":[\"https:\\\/\\\/www.facebook.com\\\/RepliqueMangaCine\",\"https:\\\/\\\/www.instagram.com\\\/repliquemangacine.fr\\\/\"]}]}<\/script>\n<!-- \/ Yoast SEO plugin. -->","yoast_head_json":{"title":"Spada Padre Conan Marto - Vendita online - R\u00e9plique Manga Cin\u00e9","description":"Trova la replica esatta della spada usata dal padre di Conan il Barbaro. Spada padre Conan Marto. Certificato di autenticit\u00e0. Su licenza ufficiale.","robots":{"index":"index","follow":"follow","max-snippet":"max-snippet:-1","max-image-preview":"max-image-preview:large","max-video-preview":"max-video-preview:-1"},"canonical":"https:\/\/repliquemangacine.fr\/it\/spade-katana-da-film-e-serie\/padre-spada-conan-marto\/","og_locale":"it_IT","og_type":"article","og_title":"Father Sword Conan Marto - Vente en ligne - R\u00e9plique Manga Cin\u00e9","og_description":"Retrouvez la r\u00e9plique exacte de l'\u00e9p\u00e9e du p\u00e8re du Conan le Barbare. Father Sword Conan Marto. Certificat d'authenticit\u00e9. Sous licence officielle.","og_url":"https:\/\/repliquemangacine.fr\/it\/spade-katana-da-film-e-serie\/padre-spada-conan-marto\/","og_site_name":"R\u00e9plique Manga Cin\u00e9","article_publisher":"https:\/\/www.facebook.com\/RepliqueMangaCine","article_modified_time":"2025-09-23T16:02:44+00:00","og_image":[{"width":600,"height":600,"url":"https:\/\/repliquemangacine.fr\/wp-content\/uploads\/2023\/10\/epee-conan-marto.jpg","type":"image\/jpeg"}],"twitter_card":"summary_large_image","twitter_misc":{"Tempo di lettura stimato":"1 minuto"},"schema":{"@context":"https:\/\/schema.org","@graph":[{"@type":"WebPage","@id":"https:\/\/repliquemangacine.fr\/katana-les-epees-de-films-et-series\/father-sword-conan-marto\/","url":"https:\/\/repliquemangacine.fr\/katana-les-epees-de-films-et-series\/father-sword-conan-marto\/","name":"Spada Padre Conan Marto - Vendita online - R\u00e9plique Manga Cin\u00e9","isPartOf":{"@id":"https:\/\/repliquemangacine.fr\/#website"},"primaryImageOfPage":{"@id":"https:\/\/repliquemangacine.fr\/katana-les-epees-de-films-et-series\/father-sword-conan-marto\/#primaryimage"},"image":{"@id":"https:\/\/repliquemangacine.fr\/katana-les-epees-de-films-et-series\/father-sword-conan-marto\/#primaryimage"},"thumbnailUrl":"https:\/\/repliquemangacine.fr\/wp-content\/uploads\/2023\/10\/epee-conan-marto.jpg","datePublished":"2022-04-19T11:44:08+00:00","dateModified":"2025-09-23T16:02:44+00:00","description":"Trova la replica esatta della spada usata dal padre di Conan il Barbaro. Spada padre Conan Marto. Certificato di autenticit\u00e0. Su licenza ufficiale.","breadcrumb":{"@id":"https:\/\/repliquemangacine.fr\/katana-les-epees-de-films-et-series\/father-sword-conan-marto\/#breadcrumb"},"inLanguage":"it-IT","potentialAction":[{"@type":"ReadAction","target":["https:\/\/repliquemangacine.fr\/katana-les-epees-de-films-et-series\/father-sword-conan-marto\/"]}]},{"@type":"ImageObject","inLanguage":"it-IT","@id":"https:\/\/repliquemangacine.fr\/katana-les-epees-de-films-et-series\/father-sword-conan-marto\/#primaryimage","url":"https:\/\/repliquemangacine.fr\/wp-content\/uploads\/2023\/10\/epee-conan-marto.jpg","contentUrl":"https:\/\/repliquemangacine.fr\/wp-content\/uploads\/2023\/10\/epee-conan-marto.jpg","width":600,"height":600,"caption":"\u00e9p\u00e9e-conan-marto garde acier"},{"@type":"BreadcrumbList","@id":"https:\/\/repliquemangacine.fr\/katana-les-epees-de-films-et-series\/father-sword-conan-marto\/#breadcrumb","itemListElement":[{"@type":"ListItem","position":1,"name":"Accueil","item":"https:\/\/repliquemangacine.fr\/"},{"@type":"ListItem","position":2,"name":"Produits","item":"https:\/\/repliquemangacine.fr\/boutique\/"},{"@type":"ListItem","position":3,"name":"Father Sword Conan Marto"}]},{"@type":"WebSite","@id":"https:\/\/repliquemangacine.fr\/#website","url":"https:\/\/repliquemangacine.fr\/","name":"R\u00e9plique Manga Cin\u00e9","description":"","publisher":{"@id":"https:\/\/repliquemangacine.fr\/#organization"},"potentialAction":[{"@type":"SearchAction","target":{"@type":"EntryPoint","urlTemplate":"https:\/\/repliquemangacine.fr\/?s={search_term_string}"},"query-input":{"@type":"PropertyValueSpecification","valueRequired":true,"valueName":"search_term_string"}}],"inLanguage":"it-IT"},{"@type":"Organization","@id":"https:\/\/repliquemangacine.fr\/#organization","name":"R\u00e9plique Manga Cin\u00e9","url":"https:\/\/repliquemangacine.fr\/","logo":{"@type":"ImageObject","inLanguage":"it-IT","@id":"https:\/\/repliquemangacine.fr\/#\/schema\/logo\/image\/","url":"https:\/\/repliquemangacine.fr\/wp-content\/uploads\/2023\/10\/RMC-500250.png","contentUrl":"https:\/\/repliquemangacine.fr\/wp-content\/uploads\/2023\/10\/RMC-500250.png","width":500,"height":250,"caption":"R\u00e9plique Manga Cin\u00e9"},"image":{"@id":"https:\/\/repliquemangacine.fr\/#\/schema\/logo\/image\/"},"sameAs":["https:\/\/www.facebook.com\/RepliqueMangaCine","https:\/\/www.instagram.com\/repliquemangacine.fr\/"]}]}},"_links":{"self":[{"href":"https:\/\/repliquemangacine.fr\/it\/wp-json\/wp\/v2\/product\/49822","targetHints":{"allow":["GET"]}}],"collection":[{"href":"https:\/\/repliquemangacine.fr\/it\/wp-json\/wp\/v2\/product"}],"about":[{"href":"https:\/\/repliquemangacine.fr\/it\/wp-json\/wp\/v2\/types\/product"}],"wp:featuredmedia":[{"embeddable":true,"href":"https:\/\/repliquemangacine.fr\/it\/wp-json\/wp\/v2\/media\/49823"}],"wp:attachment":[{"href":"https:\/\/repliquemangacine.fr\/it\/wp-json\/wp\/v2\/media?parent=49822"}],"wp:term":[{"taxonomy":"product_brand","embeddable":true,"href":"https:\/\/repliquemangacine.fr\/it\/wp-json\/wp\/v2\/product_brand?post=49822"},{"taxonomy":"product_cat","embeddable":true,"href":"https:\/\/repliquemangacine.fr\/it\/wp-json\/wp\/v2\/product_cat?post=49822"},{"taxonomy":"product_tag","embeddable":true,"href":"https:\/\/repliquemangacine.fr\/it\/wp-json\/wp\/v2\/product_tag?post=49822"}],"curies":[{"name":"wp","href":"https:\/\/api.w.org\/{rel}","templated":true}]}}