





{"id":49748,"date":"2022-04-15T15:41:36","date_gmt":"2022-04-15T13:41:36","guid":{"rendered":"https:\/\/repliquemangacine.fr\/?post_type=product&#038;p=49748"},"modified":"2025-12-03T14:27:22","modified_gmt":"2025-12-03T13:27:22","slug":"spada-vichinga-torshov-9-10-secolo-pratico","status":"publish","type":"product","link":"https:\/\/repliquemangacine.fr\/it\/epees-serie-tv-vikings\/epee-viking-torshov-9-10e-siecle-practical\/","title":{"rendered":"Spada vichinga Torshov 9\u00b0-10\u00b0 secolo"},"content":{"rendered":"<h2>Spada vichinga di Torshov del 9-10\u1d49 secolo.<\/h2>\n<p>Per cominciare, questo <strong>Spada vichinga Torshov, <\/strong>basato su un ritrovamento a Torshov, nel sud della Norvegia. Forgiato a mano. Guardia e pomo in ghisa malleabile trattata termicamente. Lama in acciaio per molle, temprata a olio a 48-50\u00b0 Rockwell. Manico in legno ricoperto da una corda di cuoio. La lama offre flessibilit\u00e0 e leggerezza. Bordi smussati e punta arrotondata per una maggiore sicurezza.<\/p>\n<p>Per oltre 100 anni, dal 799 al 911, i Vichinghi compirono numerose incursioni mortali in Francia. Questi guerrieri provenienti dalla Norvegia ottennero molte vittorie. Si stabilirono anche in modo permanente in Normandia.<\/p>\n<p>Sebbene i Vichinghi fossero noti come formidabili guerrieri, non riuscirono mai a formare un vero e proprio esercito.<\/p>\n<h2>La tua spada vichinga Torshov al miglior prezzo.<\/h2>\n<p>Offriamo un'ampia gamma di spade, elmi e scudi dell'epoca vichinga.<\/p>\n<p>Innanzitutto,<\/p>\n<ul>\n<li>Questo <a href=\"https:\/\/repliquemangacine.fr\/it\/armi-vichinghe\/replica-della-spada-di-re-ragnar-lothbrok-della-serie-tv-vikings\/\">La spada di re Ragnar Lothbrok <\/a>della serie Viking.<\/li>\n<li>C'\u00e8 anche il<a href=\"https:\/\/repliquemangacine.fr\/it\/vichingo\/scudo-vichingo-in-legno\/\"> scudo rotondo in legno<\/a>con un Umbo in acciaio.<\/li>\n<li>Cos\u00ec come il <a href=\"https:\/\/repliquemangacine.fr\/it\/vichingo\/elmo-vichingo-beowulf\/\">Elmo vichingo Beowulf<\/a> con appliques in ottone sbalzato.<\/li>\n<li>E molti altri ancora!<\/li>\n<li>Se state cercando un braccialetto, un anello o addirittura un tatuaggio per completare il vostro outfit, date un'occhiata al nostro negozio partner. <a href=\"https:\/\/www.viking-clan.com\/\" target=\"_blank\" rel=\"noopener noreferrer\">Clan vichingo<\/a>.<\/li>\n<\/ul>\n<p>\u00c8 un'ottima idea regalo per gli appassionati dell'epoca vichinga e per i fan della famosa serie.<\/p>\n<p>\u00c8 possibile utilizzare questa spada anche per le sfilate cosplay o le rievocazioni storiche. Ma soprattutto, la\u2019<strong>Spada vichinga Torshov<\/strong>\u00c8 un oggetto da collezione, per di pi\u00f9 decorativo.<\/p>\n<h2>Come faccio a mantenere la lama della mia spada?<\/h2>\n<p>Le spade da collezione e decorative sono realizzate e assemblate in modo semplificato. Poich\u00e9 il loro uso \u00e8 decorativo, non hanno le caratteristiche di sicurezza richieste per una spada giapponese destinata all'allenamento.<\/p>\n<p>Tuttavia, il vostro <strong>Spada vichinga Torshov<\/strong> a una lama d'acciaio che deve essere curata per evitare che si danneggi nel tempo. Quando si espone la katana, gli amici saranno curiosi di vedere la lama e di toccarla. \u00c8 qui che bisogna fare attenzione, perch\u00e9 l'acidit\u00e0 delle dita \u00e8 molto dannosa per l'acciaio, indipendentemente dalla sua qualit\u00e0.<\/p>\n<p>Tuttavia, se ci\u00f2 dovesse accadere, niente panico: basta un panno inumidito con un po' d'olio per eliminare le impronte. In questo modo, la spada durer\u00e0 a lungo.<\/p>","protected":false},"excerpt":{"rendered":"<p>Spada smussata, forgiata a mano, risalente all'Alto Medioevo.<\/p>\n<ul>\n<li>Lama in acciaio per molle EN45, trattata termicamente<\/li>\n<li>Guardia e pomo in ghisa malleabile trattata termicamente<\/li>\n<li>Fodero in legno rivestito in pelle.<\/li>\n<li>Durezza della lama Rockwell: 48-50\u00b0 HRC.<\/li>\n<li>Lunghezza totale: 96 cm - Lunghezza lama: 78,5 cm<\/li>\n<li>Punto di equilibrio: circa 14 cm<\/li>\n<li>Peso: 1600 grammi<\/li>\n<\/ul>","protected":false},"featured_media":49749,"template":"","meta":[],"product_brand":[896],"product_cat":[25,112,24,103,57],"product_tag":[],"class_list":{"0":"post-49748","1":"product","2":"type-product","3":"status-publish","4":"has-post-thumbnail","6":"product_brand-replique-manga-cine","7":"product_cat-armes-historiques","8":"product_cat-epees-serie-tv-vikings","9":"product_cat-films-series-tv-vente-de-katana-epee-et-produits-derives","10":"product_cat-armes-et-accessoires-vikings","11":"product_cat-armes-vikings","13":"first","14":"outofstock","15":"taxable","16":"shipping-taxable","17":"purchasable","18":"product-type-simple"},"yoast_head":"<!-- This site is optimized with the Yoast SEO plugin v27.4 - https:\/\/yoast.com\/product\/yoast-seo-wordpress\/ -->\n<title>\u00c9p\u00e9e Viking Torshov 9-10e si\u00e8cle - R\u00e9plique Manga Cin\u00e9<\/title>\n<meta name=\"description\" content=\"D\u00e9couvrez cette \u00e9p\u00e9e de combat viking Torshov au meilleur prix. Lame en acier \u00e0 ressort EN45 - Fourreau cuir - Longueur totale : 96 cm - Envoi 24\/48h\" \/>\n<meta name=\"robots\" content=\"index, follow, max-snippet:-1, max-image-preview:large, max-video-preview:-1\" \/>\n<link rel=\"canonical\" href=\"https:\/\/repliquemangacine.fr\/it\/spade-serie-tv-vichinghi\/spada-vichinga-torshov-9-10-secolo-pratico\/\" \/>\n<meta property=\"og:locale\" content=\"it_IT\" \/>\n<meta property=\"og:type\" content=\"article\" \/>\n<meta property=\"og:title\" content=\"\u00c9p\u00e9e Viking Torshov 9-10e si\u00e8cle - R\u00e9plique Manga Cin\u00e9\" \/>\n<meta property=\"og:description\" content=\"D\u00e9couvrez cette \u00e9p\u00e9e de combat viking Torshov au meilleur prix. Lame en acier \u00e0 ressort EN45 - Fourreau cuir - Longueur totale : 96 cm - Envoi 24\/48h\" \/>\n<meta property=\"og:url\" content=\"https:\/\/repliquemangacine.fr\/it\/spade-serie-tv-vichinghi\/spada-vichinga-torshov-9-10-secolo-pratico\/\" \/>\n<meta property=\"og:site_name\" content=\"R\u00e9plique Manga Cin\u00e9\" \/>\n<meta property=\"article:publisher\" content=\"https:\/\/www.facebook.com\/RepliqueMangaCine\" \/>\n<meta property=\"article:modified_time\" content=\"2025-12-03T13:27:22+00:00\" \/>\n<meta property=\"og:image\" content=\"https:\/\/repliquemangacine.fr\/wp-content\/uploads\/2023\/10\/epee-vikig-torshov.jpg\" \/>\n\t<meta property=\"og:image:width\" content=\"800\" \/>\n\t<meta property=\"og:image:height\" content=\"800\" \/>\n\t<meta property=\"og:image:type\" content=\"image\/jpeg\" \/>\n<meta name=\"twitter:card\" content=\"summary_large_image\" \/>\n<meta name=\"twitter:label1\" content=\"Tempo di lettura stimato\" \/>\n\t<meta name=\"twitter:data1\" content=\"2 minuti\" \/>\n<script type=\"application\/ld+json\" class=\"yoast-schema-graph\">{\"@context\":\"https:\\\/\\\/schema.org\",\"@graph\":[{\"@type\":\"WebPage\",\"@id\":\"https:\\\/\\\/repliquemangacine.fr\\\/epees-serie-tv-vikings\\\/epee-viking-torshov-9-10e-siecle-practical\\\/\",\"url\":\"https:\\\/\\\/repliquemangacine.fr\\\/epees-serie-tv-vikings\\\/epee-viking-torshov-9-10e-siecle-practical\\\/\",\"name\":\"\u00c9p\u00e9e Viking Torshov 9-10e si\u00e8cle - R\u00e9plique Manga Cin\u00e9\",\"isPartOf\":{\"@id\":\"https:\\\/\\\/repliquemangacine.fr\\\/#website\"},\"primaryImageOfPage\":{\"@id\":\"https:\\\/\\\/repliquemangacine.fr\\\/epees-serie-tv-vikings\\\/epee-viking-torshov-9-10e-siecle-practical\\\/#primaryimage\"},\"image\":{\"@id\":\"https:\\\/\\\/repliquemangacine.fr\\\/epees-serie-tv-vikings\\\/epee-viking-torshov-9-10e-siecle-practical\\\/#primaryimage\"},\"thumbnailUrl\":\"https:\\\/\\\/repliquemangacine.fr\\\/wp-content\\\/uploads\\\/2023\\\/10\\\/epee-vikig-torshov.jpg\",\"datePublished\":\"2022-04-15T13:41:36+00:00\",\"dateModified\":\"2025-12-03T13:27:22+00:00\",\"description\":\"D\u00e9couvrez cette \u00e9p\u00e9e de combat viking Torshov au meilleur prix. Lame en acier \u00e0 ressort EN45 - Fourreau cuir - Longueur totale : 96 cm - Envoi 24\\\/48h\",\"breadcrumb\":{\"@id\":\"https:\\\/\\\/repliquemangacine.fr\\\/epees-serie-tv-vikings\\\/epee-viking-torshov-9-10e-siecle-practical\\\/#breadcrumb\"},\"inLanguage\":\"it-IT\",\"potentialAction\":[{\"@type\":\"ReadAction\",\"target\":[\"https:\\\/\\\/repliquemangacine.fr\\\/epees-serie-tv-vikings\\\/epee-viking-torshov-9-10e-siecle-practical\\\/\"]}]},{\"@type\":\"ImageObject\",\"inLanguage\":\"it-IT\",\"@id\":\"https:\\\/\\\/repliquemangacine.fr\\\/epees-serie-tv-vikings\\\/epee-viking-torshov-9-10e-siecle-practical\\\/#primaryimage\",\"url\":\"https:\\\/\\\/repliquemangacine.fr\\\/wp-content\\\/uploads\\\/2023\\\/10\\\/epee-vikig-torshov.jpg\",\"contentUrl\":\"https:\\\/\\\/repliquemangacine.fr\\\/wp-content\\\/uploads\\\/2023\\\/10\\\/epee-vikig-torshov.jpg\",\"width\":800,\"height\":800,\"caption\":\"epee-viking-torshov practical\"},{\"@type\":\"BreadcrumbList\",\"@id\":\"https:\\\/\\\/repliquemangacine.fr\\\/epees-serie-tv-vikings\\\/epee-viking-torshov-9-10e-siecle-practical\\\/#breadcrumb\",\"itemListElement\":[{\"@type\":\"ListItem\",\"position\":1,\"name\":\"Accueil\",\"item\":\"https:\\\/\\\/repliquemangacine.fr\\\/\"},{\"@type\":\"ListItem\",\"position\":2,\"name\":\"Produits\",\"item\":\"https:\\\/\\\/repliquemangacine.fr\\\/boutique\\\/\"},{\"@type\":\"ListItem\",\"position\":3,\"name\":\"\u00c9p\u00e9e Viking Torshov 9-10e si\u00e8cle\"}]},{\"@type\":\"WebSite\",\"@id\":\"https:\\\/\\\/repliquemangacine.fr\\\/#website\",\"url\":\"https:\\\/\\\/repliquemangacine.fr\\\/\",\"name\":\"R\u00e9plique Manga Cin\u00e9\",\"description\":\"\",\"publisher\":{\"@id\":\"https:\\\/\\\/repliquemangacine.fr\\\/#organization\"},\"potentialAction\":[{\"@type\":\"SearchAction\",\"target\":{\"@type\":\"EntryPoint\",\"urlTemplate\":\"https:\\\/\\\/repliquemangacine.fr\\\/?s={search_term_string}\"},\"query-input\":{\"@type\":\"PropertyValueSpecification\",\"valueRequired\":true,\"valueName\":\"search_term_string\"}}],\"inLanguage\":\"it-IT\"},{\"@type\":\"Organization\",\"@id\":\"https:\\\/\\\/repliquemangacine.fr\\\/#organization\",\"name\":\"R\u00e9plique Manga Cin\u00e9\",\"url\":\"https:\\\/\\\/repliquemangacine.fr\\\/\",\"logo\":{\"@type\":\"ImageObject\",\"inLanguage\":\"it-IT\",\"@id\":\"https:\\\/\\\/repliquemangacine.fr\\\/#\\\/schema\\\/logo\\\/image\\\/\",\"url\":\"https:\\\/\\\/repliquemangacine.fr\\\/wp-content\\\/uploads\\\/2023\\\/10\\\/RMC-500250.png\",\"contentUrl\":\"https:\\\/\\\/repliquemangacine.fr\\\/wp-content\\\/uploads\\\/2023\\\/10\\\/RMC-500250.png\",\"width\":500,\"height\":250,\"caption\":\"R\u00e9plique Manga Cin\u00e9\"},\"image\":{\"@id\":\"https:\\\/\\\/repliquemangacine.fr\\\/#\\\/schema\\\/logo\\\/image\\\/\"},\"sameAs\":[\"https:\\\/\\\/www.facebook.com\\\/RepliqueMangaCine\",\"https:\\\/\\\/www.instagram.com\\\/repliquemangacine.fr\\\/\"]}]}<\/script>\n<!-- \/ Yoast SEO plugin. -->","yoast_head_json":{"title":"Spada vichinga Torshov del IX-X secolo - R\u00e9plique Manga Cin\u00e9","description":"Scopri questa spada da combattimento vichinga Torshov al miglior prezzo. Lama in acciaio EN45 - Fodero in pelle - Lunghezza totale: 96 cm - Spedizione in 24\/48 ore.","robots":{"index":"index","follow":"follow","max-snippet":"max-snippet:-1","max-image-preview":"max-image-preview:large","max-video-preview":"max-video-preview:-1"},"canonical":"https:\/\/repliquemangacine.fr\/it\/spade-serie-tv-vichinghi\/spada-vichinga-torshov-9-10-secolo-pratico\/","og_locale":"it_IT","og_type":"article","og_title":"\u00c9p\u00e9e Viking Torshov 9-10e si\u00e8cle - R\u00e9plique Manga Cin\u00e9","og_description":"D\u00e9couvrez cette \u00e9p\u00e9e de combat viking Torshov au meilleur prix. Lame en acier \u00e0 ressort EN45 - Fourreau cuir - Longueur totale : 96 cm - Envoi 24\/48h","og_url":"https:\/\/repliquemangacine.fr\/it\/spade-serie-tv-vichinghi\/spada-vichinga-torshov-9-10-secolo-pratico\/","og_site_name":"R\u00e9plique Manga Cin\u00e9","article_publisher":"https:\/\/www.facebook.com\/RepliqueMangaCine","article_modified_time":"2025-12-03T13:27:22+00:00","og_image":[{"width":800,"height":800,"url":"https:\/\/repliquemangacine.fr\/wp-content\/uploads\/2023\/10\/epee-vikig-torshov.jpg","type":"image\/jpeg"}],"twitter_card":"summary_large_image","twitter_misc":{"Tempo di lettura stimato":"2 minuti"},"schema":{"@context":"https:\/\/schema.org","@graph":[{"@type":"WebPage","@id":"https:\/\/repliquemangacine.fr\/epees-serie-tv-vikings\/epee-viking-torshov-9-10e-siecle-practical\/","url":"https:\/\/repliquemangacine.fr\/epees-serie-tv-vikings\/epee-viking-torshov-9-10e-siecle-practical\/","name":"Spada vichinga Torshov del IX-X secolo - R\u00e9plique Manga Cin\u00e9","isPartOf":{"@id":"https:\/\/repliquemangacine.fr\/#website"},"primaryImageOfPage":{"@id":"https:\/\/repliquemangacine.fr\/epees-serie-tv-vikings\/epee-viking-torshov-9-10e-siecle-practical\/#primaryimage"},"image":{"@id":"https:\/\/repliquemangacine.fr\/epees-serie-tv-vikings\/epee-viking-torshov-9-10e-siecle-practical\/#primaryimage"},"thumbnailUrl":"https:\/\/repliquemangacine.fr\/wp-content\/uploads\/2023\/10\/epee-vikig-torshov.jpg","datePublished":"2022-04-15T13:41:36+00:00","dateModified":"2025-12-03T13:27:22+00:00","description":"Scopri questa spada da combattimento vichinga Torshov al miglior prezzo. Lama in acciaio EN45 - Fodero in pelle - Lunghezza totale: 96 cm - Spedizione in 24\/48 ore.","breadcrumb":{"@id":"https:\/\/repliquemangacine.fr\/epees-serie-tv-vikings\/epee-viking-torshov-9-10e-siecle-practical\/#breadcrumb"},"inLanguage":"it-IT","potentialAction":[{"@type":"ReadAction","target":["https:\/\/repliquemangacine.fr\/epees-serie-tv-vikings\/epee-viking-torshov-9-10e-siecle-practical\/"]}]},{"@type":"ImageObject","inLanguage":"it-IT","@id":"https:\/\/repliquemangacine.fr\/epees-serie-tv-vikings\/epee-viking-torshov-9-10e-siecle-practical\/#primaryimage","url":"https:\/\/repliquemangacine.fr\/wp-content\/uploads\/2023\/10\/epee-vikig-torshov.jpg","contentUrl":"https:\/\/repliquemangacine.fr\/wp-content\/uploads\/2023\/10\/epee-vikig-torshov.jpg","width":800,"height":800,"caption":"epee-viking-torshov practical"},{"@type":"BreadcrumbList","@id":"https:\/\/repliquemangacine.fr\/epees-serie-tv-vikings\/epee-viking-torshov-9-10e-siecle-practical\/#breadcrumb","itemListElement":[{"@type":"ListItem","position":1,"name":"Accueil","item":"https:\/\/repliquemangacine.fr\/"},{"@type":"ListItem","position":2,"name":"Produits","item":"https:\/\/repliquemangacine.fr\/boutique\/"},{"@type":"ListItem","position":3,"name":"\u00c9p\u00e9e Viking Torshov 9-10e si\u00e8cle"}]},{"@type":"WebSite","@id":"https:\/\/repliquemangacine.fr\/#website","url":"https:\/\/repliquemangacine.fr\/","name":"R\u00e9plique Manga Cin\u00e9","description":"","publisher":{"@id":"https:\/\/repliquemangacine.fr\/#organization"},"potentialAction":[{"@type":"SearchAction","target":{"@type":"EntryPoint","urlTemplate":"https:\/\/repliquemangacine.fr\/?s={search_term_string}"},"query-input":{"@type":"PropertyValueSpecification","valueRequired":true,"valueName":"search_term_string"}}],"inLanguage":"it-IT"},{"@type":"Organization","@id":"https:\/\/repliquemangacine.fr\/#organization","name":"R\u00e9plique Manga Cin\u00e9","url":"https:\/\/repliquemangacine.fr\/","logo":{"@type":"ImageObject","inLanguage":"it-IT","@id":"https:\/\/repliquemangacine.fr\/#\/schema\/logo\/image\/","url":"https:\/\/repliquemangacine.fr\/wp-content\/uploads\/2023\/10\/RMC-500250.png","contentUrl":"https:\/\/repliquemangacine.fr\/wp-content\/uploads\/2023\/10\/RMC-500250.png","width":500,"height":250,"caption":"R\u00e9plique Manga Cin\u00e9"},"image":{"@id":"https:\/\/repliquemangacine.fr\/#\/schema\/logo\/image\/"},"sameAs":["https:\/\/www.facebook.com\/RepliqueMangaCine","https:\/\/www.instagram.com\/repliquemangacine.fr\/"]}]}},"_links":{"self":[{"href":"https:\/\/repliquemangacine.fr\/it\/wp-json\/wp\/v2\/product\/49748","targetHints":{"allow":["GET"]}}],"collection":[{"href":"https:\/\/repliquemangacine.fr\/it\/wp-json\/wp\/v2\/product"}],"about":[{"href":"https:\/\/repliquemangacine.fr\/it\/wp-json\/wp\/v2\/types\/product"}],"wp:featuredmedia":[{"embeddable":true,"href":"https:\/\/repliquemangacine.fr\/it\/wp-json\/wp\/v2\/media\/49749"}],"wp:attachment":[{"href":"https:\/\/repliquemangacine.fr\/it\/wp-json\/wp\/v2\/media?parent=49748"}],"wp:term":[{"taxonomy":"product_brand","embeddable":true,"href":"https:\/\/repliquemangacine.fr\/it\/wp-json\/wp\/v2\/product_brand?post=49748"},{"taxonomy":"product_cat","embeddable":true,"href":"https:\/\/repliquemangacine.fr\/it\/wp-json\/wp\/v2\/product_cat?post=49748"},{"taxonomy":"product_tag","embeddable":true,"href":"https:\/\/repliquemangacine.fr\/it\/wp-json\/wp\/v2\/product_tag?post=49748"}],"curies":[{"name":"wp","href":"https:\/\/api.w.org\/{rel}","templated":true}]}}