





{"id":49519,"date":"2022-04-06T17:44:34","date_gmt":"2022-04-06T15:44:34","guid":{"rendered":"https:\/\/repliquemangacine.fr\/?post_type=product&#038;p=49519"},"modified":"2026-03-20T12:42:41","modified_gmt":"2026-03-20T11:42:41","slug":"spada-da-taglio-katana-ninja-blowpipe-forge","status":"publish","type":"product","link":"https:\/\/repliquemangacine.fr\/it\/katana-les-epees-de-films-et-series\/katana-ninja-sarbacane-forge-sabre-coupant\/","title":{"rendered":"Cannello Ninjato Spada ninja"},"content":{"rendered":"<h2>Katana ninja forgiata con cerbottana.<\/h2>\n<p>Per cominciare, il <strong>Katana ninja forgiata con cerbottana<\/strong>, Questo Ninjato \u00e8 assolutamente incredibile, con il suo soffietto funzionante e la sua lama affilata.<\/p>\n<p>Le <a href=\"https:\/\/fr.wikipedia.org\/wiki\/Shinobi_kenjutsu\" target=\"_blank\" rel=\"noopener noreferrer\">Shinobi Kenjutsu<\/a> \u00e8 un'arte marziale giapponese che insegna il dominio della spada Ninjat\u014d. A differenza della pratica convenzionale del Kenjutsu, stabilita dai samurai. Lo Shinobi Kenjutsu si libera dal formalismo del bushido per considerare solo l'efficacia. Calci, pugni, attacchi al viso con la tsuka (impugnatura) o la tsuba (guardia), salti (cho yaku jutsu), falsi foderi (saya) e cerbottane.<\/p>\n<p>Tuttavia, nonostante l'aspetto fantasioso, \u00e8 necessario un eccellente livello di padronanza della spada per permettersi tali acrobazie. La cerbottana \u00e8 un tubo o un tubo con cui si lanciano piccoli proiettili con la forza del soffio.<\/p>\n<h2>La tua Katana forgiata Ninja Sarbacane al miglior prezzo.<\/h2>\n<p>Vi proponiamo un'ampia scelta di repliche di arti marziali.<\/p>\n<p>Innanzitutto,<\/p>\n<ul>\n<li>Il set di due pezzi <a href=\"https:\/\/repliquemangacine.fr\/it\/spade-e-pugnali-fantasy\/machete-e-tanto-ninja\/\">machete e tanto ninja<\/a>Tutto in metallo con custodia per il trasporto.<\/li>\n<li>Ci sono anche <a href=\"https:\/\/repliquemangacine.fr\/it\/film-serie-tv-vendita-di-spade-katana-e-prodotti-correlati\/expendables-coltelli-da-lancio-giganti-kunai-jason-statham\/\">due coltelli da lancio<\/a> utilizzato da Lee Christmas nel film \"The Expendables\".<\/li>\n<li>Cos\u00ec come la s<a href=\"https:\/\/repliquemangacine.fr\/it\/decorazione-della-katana\/katana-ninja-cannello-ninjato\/\">cannello ninja abre<\/a> in una versione non tagliata.<\/li>\n<li>E molti altri da scoprire nel nostro negozio online!<\/li>\n<\/ul>\n<p>Ecco quindi alcune fantastiche idee regalo per tutti gli appassionati di arti marziali.<\/p>\n<p>In conclusione, \u00e8 possibile utilizzare il metodo <strong>Katana ninja forgiata con cerbottana<\/strong> per il vostro allenamento al taglio. Ma soprattutto, questa spada \u00e8 un oggetto da collezione e un pezzo decorativo.<\/p>\n<h2>Come faccio a mantenere la lama della mia spada?<\/h2>\n<p>Le katane da collezione e decorative sono realizzate e assemblate in modo semplificato. Poich\u00e9 il loro uso \u00e8 decorativo, non hanno le caratteristiche di sicurezza richieste da una spada giapponese destinata all'allenamento.<\/p>\n<p>Tuttavia, il vostro <strong>Katana ninja forgiata con cerbottana<\/strong> a una lama d'acciaio che deve essere curata per evitare che si danneggi nel tempo. Quando si espone la katana, gli amici saranno curiosi di vedere la lama e di toccarla. \u00c8 qui che bisogna fare attenzione, perch\u00e9 l'acidit\u00e0 delle dita \u00e8 molto dannosa per l'acciaio, indipendentemente dalla sua qualit\u00e0.<\/p>\n<p>Tuttavia, se ci\u00f2 dovesse accadere, niente panico: basta un panno inumidito con un po' d'olio per eliminare le impronte. In questo modo, la spada durer\u00e0 a lungo.<\/p>","protected":false},"excerpt":{"rendered":"<p>Katana ninja forgiata con cerbottana<\/p>\n<ul>\n<li>Lama in acciaio al carbonio 1045 Maru forgiato a mano.<\/li>\n<li>Lama nera non riflettente e affilata come un rasoio.<\/li>\n<li>Protezione in acciaio.<\/li>\n<li>Manico rivestito di treccia di cotone nero.<\/li>\n<li>Il fodero in legno contiene un cannello e 12 aghi in metallo.<\/li>\n<li>Sarbacane funzionale.<\/li>\n<li>Durezza: 60 HRC sul bordo e 40 HRC sul retro della lama.<\/li>\n<li>Copertina protettiva in seta nera.<\/li>\n<li>Fornito con cerbottana + 12 dardi + boccaglio<\/li>\n<\/ul>","protected":false},"featured_media":49520,"template":"","meta":[],"product_brand":[896],"product_cat":[91,66,24,26,38],"product_tag":[],"class_list":{"0":"post-49519","1":"product","2":"type-product","3":"status-publish","4":"has-post-thumbnail","6":"product_brand-replique-manga-cine","7":"product_cat-katana-les-epees-de-films-et-series","8":"product_cat-repliques-d-armes-films-et-series","9":"product_cat-films-series-tv-vente-de-katana-epee-et-produits-derives","10":"product_cat-katana-epee","11":"product_cat-katana-forge","13":"first","14":"instock","15":"taxable","16":"shipping-taxable","17":"purchasable","18":"product-type-simple"},"yoast_head":"<!-- This site is optimized with the Yoast SEO plugin v27.5 - https:\/\/yoast.com\/product\/yoast-seo-wordpress\/ -->\n<title>Katana Ninja forg\u00e9 sarbacane - R\u00e9plique Manga Cin\u00e9<\/title>\n<meta name=\"description\" content=\"D\u00e9couvrez le Katana Ninja forg\u00e9 avec sarbacane au meilleur prix. Lame droite en acier carbone - Sarbacane fonctionnelle sur le fourreau - Longueur : 105 cm\" \/>\n<meta name=\"robots\" content=\"index, follow, max-snippet:-1, max-image-preview:large, max-video-preview:-1\" \/>\n<link rel=\"canonical\" href=\"https:\/\/repliquemangacine.fr\/it\/spade-katana-da-film-e-serie\/spada-da-taglio-katana-ninja-blowpipe-forge\/\" \/>\n<meta property=\"og:locale\" content=\"it_IT\" \/>\n<meta property=\"og:type\" content=\"article\" \/>\n<meta property=\"og:title\" content=\"Katana Ninja forg\u00e9 sarbacane - R\u00e9plique Manga Cin\u00e9\" \/>\n<meta property=\"og:description\" content=\"D\u00e9couvrez le Katana Ninja forg\u00e9 avec sarbacane au meilleur prix. Lame droite en acier carbone - Sarbacane fonctionnelle sur le fourreau - Longueur : 105 cm\" \/>\n<meta property=\"og:url\" content=\"https:\/\/repliquemangacine.fr\/it\/spade-katana-da-film-e-serie\/spada-da-taglio-katana-ninja-blowpipe-forge\/\" \/>\n<meta property=\"og:site_name\" content=\"R\u00e9plique Manga Cin\u00e9\" \/>\n<meta property=\"article:publisher\" content=\"https:\/\/www.facebook.com\/RepliqueMangaCine\" \/>\n<meta property=\"article:modified_time\" content=\"2026-03-20T11:42:41+00:00\" \/>\n<meta property=\"og:image\" content=\"https:\/\/repliquemangacine.fr\/wp-content\/uploads\/2023\/10\/0000048_ninja-sword-with-attached-blowgun.jpeg\" \/>\n\t<meta property=\"og:image:width\" content=\"600\" \/>\n\t<meta property=\"og:image:height\" content=\"600\" \/>\n\t<meta property=\"og:image:type\" content=\"image\/jpeg\" \/>\n<meta name=\"twitter:card\" content=\"summary_large_image\" \/>\n<meta name=\"twitter:label1\" content=\"Tempo di lettura stimato\" \/>\n\t<meta name=\"twitter:data1\" content=\"2 minuti\" \/>\n<script type=\"application\/ld+json\" class=\"yoast-schema-graph\">{\"@context\":\"https:\\\/\\\/schema.org\",\"@graph\":[{\"@type\":\"WebPage\",\"@id\":\"https:\\\/\\\/repliquemangacine.fr\\\/katana-les-epees-de-films-et-series\\\/katana-ninja-sarbacane-forge-sabre-coupant\\\/\",\"url\":\"https:\\\/\\\/repliquemangacine.fr\\\/katana-les-epees-de-films-et-series\\\/katana-ninja-sarbacane-forge-sabre-coupant\\\/\",\"name\":\"Katana Ninja forg\u00e9 sarbacane - R\u00e9plique Manga Cin\u00e9\",\"isPartOf\":{\"@id\":\"https:\\\/\\\/repliquemangacine.fr\\\/#website\"},\"primaryImageOfPage\":{\"@id\":\"https:\\\/\\\/repliquemangacine.fr\\\/katana-les-epees-de-films-et-series\\\/katana-ninja-sarbacane-forge-sabre-coupant\\\/#primaryimage\"},\"image\":{\"@id\":\"https:\\\/\\\/repliquemangacine.fr\\\/katana-les-epees-de-films-et-series\\\/katana-ninja-sarbacane-forge-sabre-coupant\\\/#primaryimage\"},\"thumbnailUrl\":\"https:\\\/\\\/repliquemangacine.fr\\\/wp-content\\\/uploads\\\/2023\\\/10\\\/0000048_ninja-sword-with-attached-blowgun.jpeg\",\"datePublished\":\"2022-04-06T15:44:34+00:00\",\"dateModified\":\"2026-03-20T11:42:41+00:00\",\"description\":\"D\u00e9couvrez le Katana Ninja forg\u00e9 avec sarbacane au meilleur prix. Lame droite en acier carbone - Sarbacane fonctionnelle sur le fourreau - Longueur : 105 cm\",\"breadcrumb\":{\"@id\":\"https:\\\/\\\/repliquemangacine.fr\\\/katana-les-epees-de-films-et-series\\\/katana-ninja-sarbacane-forge-sabre-coupant\\\/#breadcrumb\"},\"inLanguage\":\"it-IT\",\"potentialAction\":[{\"@type\":\"ReadAction\",\"target\":[\"https:\\\/\\\/repliquemangacine.fr\\\/katana-les-epees-de-films-et-series\\\/katana-ninja-sarbacane-forge-sabre-coupant\\\/\"]}]},{\"@type\":\"ImageObject\",\"inLanguage\":\"it-IT\",\"@id\":\"https:\\\/\\\/repliquemangacine.fr\\\/katana-les-epees-de-films-et-series\\\/katana-ninja-sarbacane-forge-sabre-coupant\\\/#primaryimage\",\"url\":\"https:\\\/\\\/repliquemangacine.fr\\\/wp-content\\\/uploads\\\/2023\\\/10\\\/0000048_ninja-sword-with-attached-blowgun.jpeg\",\"contentUrl\":\"https:\\\/\\\/repliquemangacine.fr\\\/wp-content\\\/uploads\\\/2023\\\/10\\\/0000048_ninja-sword-with-attached-blowgun.jpeg\",\"width\":600,\"height\":600,\"caption\":\"Ninjato sarbacane \u00e9p\u00e9e de ninja\"},{\"@type\":\"BreadcrumbList\",\"@id\":\"https:\\\/\\\/repliquemangacine.fr\\\/katana-les-epees-de-films-et-series\\\/katana-ninja-sarbacane-forge-sabre-coupant\\\/#breadcrumb\",\"itemListElement\":[{\"@type\":\"ListItem\",\"position\":1,\"name\":\"Accueil\",\"item\":\"https:\\\/\\\/repliquemangacine.fr\\\/\"},{\"@type\":\"ListItem\",\"position\":2,\"name\":\"Produits\",\"item\":\"https:\\\/\\\/repliquemangacine.fr\\\/boutique\\\/\"},{\"@type\":\"ListItem\",\"position\":3,\"name\":\"Ninjato sarbacane Sabre Ninja\"}]},{\"@type\":\"WebSite\",\"@id\":\"https:\\\/\\\/repliquemangacine.fr\\\/#website\",\"url\":\"https:\\\/\\\/repliquemangacine.fr\\\/\",\"name\":\"R\u00e9plique Manga Cin\u00e9\",\"description\":\"\",\"publisher\":{\"@id\":\"https:\\\/\\\/repliquemangacine.fr\\\/#organization\"},\"potentialAction\":[{\"@type\":\"SearchAction\",\"target\":{\"@type\":\"EntryPoint\",\"urlTemplate\":\"https:\\\/\\\/repliquemangacine.fr\\\/?s={search_term_string}\"},\"query-input\":{\"@type\":\"PropertyValueSpecification\",\"valueRequired\":true,\"valueName\":\"search_term_string\"}}],\"inLanguage\":\"it-IT\"},{\"@type\":\"Organization\",\"@id\":\"https:\\\/\\\/repliquemangacine.fr\\\/#organization\",\"name\":\"R\u00e9plique Manga Cin\u00e9\",\"url\":\"https:\\\/\\\/repliquemangacine.fr\\\/\",\"logo\":{\"@type\":\"ImageObject\",\"inLanguage\":\"it-IT\",\"@id\":\"https:\\\/\\\/repliquemangacine.fr\\\/#\\\/schema\\\/logo\\\/image\\\/\",\"url\":\"https:\\\/\\\/repliquemangacine.fr\\\/wp-content\\\/uploads\\\/2023\\\/10\\\/RMC-500250.png\",\"contentUrl\":\"https:\\\/\\\/repliquemangacine.fr\\\/wp-content\\\/uploads\\\/2023\\\/10\\\/RMC-500250.png\",\"width\":500,\"height\":250,\"caption\":\"R\u00e9plique Manga Cin\u00e9\"},\"image\":{\"@id\":\"https:\\\/\\\/repliquemangacine.fr\\\/#\\\/schema\\\/logo\\\/image\\\/\"},\"sameAs\":[\"https:\\\/\\\/www.facebook.com\\\/RepliqueMangaCine\",\"https:\\\/\\\/www.instagram.com\\\/repliquemangacine.fr\\\/\"]}]}<\/script>\n<!-- \/ Yoast SEO plugin. -->","yoast_head_json":{"title":"Cannello forgiato Katana Ninja - R\u00e9plique Manga Cin\u00e9","description":"Scopri la Katana Ninja forgiata con cannello al miglior prezzo. Lama dritta in acciaio al carbonio - Cannello funzionale sul fodero - Lunghezza: 105 cm","robots":{"index":"index","follow":"follow","max-snippet":"max-snippet:-1","max-image-preview":"max-image-preview:large","max-video-preview":"max-video-preview:-1"},"canonical":"https:\/\/repliquemangacine.fr\/it\/spade-katana-da-film-e-serie\/spada-da-taglio-katana-ninja-blowpipe-forge\/","og_locale":"it_IT","og_type":"article","og_title":"Katana Ninja forg\u00e9 sarbacane - R\u00e9plique Manga Cin\u00e9","og_description":"D\u00e9couvrez le Katana Ninja forg\u00e9 avec sarbacane au meilleur prix. Lame droite en acier carbone - Sarbacane fonctionnelle sur le fourreau - Longueur : 105 cm","og_url":"https:\/\/repliquemangacine.fr\/it\/spade-katana-da-film-e-serie\/spada-da-taglio-katana-ninja-blowpipe-forge\/","og_site_name":"R\u00e9plique Manga Cin\u00e9","article_publisher":"https:\/\/www.facebook.com\/RepliqueMangaCine","article_modified_time":"2026-03-20T11:42:41+00:00","og_image":[{"width":600,"height":600,"url":"https:\/\/repliquemangacine.fr\/wp-content\/uploads\/2023\/10\/0000048_ninja-sword-with-attached-blowgun.jpeg","type":"image\/jpeg"}],"twitter_card":"summary_large_image","twitter_misc":{"Tempo di lettura stimato":"2 minuti"},"schema":{"@context":"https:\/\/schema.org","@graph":[{"@type":"WebPage","@id":"https:\/\/repliquemangacine.fr\/katana-les-epees-de-films-et-series\/katana-ninja-sarbacane-forge-sabre-coupant\/","url":"https:\/\/repliquemangacine.fr\/katana-les-epees-de-films-et-series\/katana-ninja-sarbacane-forge-sabre-coupant\/","name":"Cannello forgiato Katana Ninja - R\u00e9plique Manga Cin\u00e9","isPartOf":{"@id":"https:\/\/repliquemangacine.fr\/#website"},"primaryImageOfPage":{"@id":"https:\/\/repliquemangacine.fr\/katana-les-epees-de-films-et-series\/katana-ninja-sarbacane-forge-sabre-coupant\/#primaryimage"},"image":{"@id":"https:\/\/repliquemangacine.fr\/katana-les-epees-de-films-et-series\/katana-ninja-sarbacane-forge-sabre-coupant\/#primaryimage"},"thumbnailUrl":"https:\/\/repliquemangacine.fr\/wp-content\/uploads\/2023\/10\/0000048_ninja-sword-with-attached-blowgun.jpeg","datePublished":"2022-04-06T15:44:34+00:00","dateModified":"2026-03-20T11:42:41+00:00","description":"Scopri la Katana Ninja forgiata con cannello al miglior prezzo. Lama dritta in acciaio al carbonio - Cannello funzionale sul fodero - Lunghezza: 105 cm","breadcrumb":{"@id":"https:\/\/repliquemangacine.fr\/katana-les-epees-de-films-et-series\/katana-ninja-sarbacane-forge-sabre-coupant\/#breadcrumb"},"inLanguage":"it-IT","potentialAction":[{"@type":"ReadAction","target":["https:\/\/repliquemangacine.fr\/katana-les-epees-de-films-et-series\/katana-ninja-sarbacane-forge-sabre-coupant\/"]}]},{"@type":"ImageObject","inLanguage":"it-IT","@id":"https:\/\/repliquemangacine.fr\/katana-les-epees-de-films-et-series\/katana-ninja-sarbacane-forge-sabre-coupant\/#primaryimage","url":"https:\/\/repliquemangacine.fr\/wp-content\/uploads\/2023\/10\/0000048_ninja-sword-with-attached-blowgun.jpeg","contentUrl":"https:\/\/repliquemangacine.fr\/wp-content\/uploads\/2023\/10\/0000048_ninja-sword-with-attached-blowgun.jpeg","width":600,"height":600,"caption":"Ninjato sarbacane \u00e9p\u00e9e de ninja"},{"@type":"BreadcrumbList","@id":"https:\/\/repliquemangacine.fr\/katana-les-epees-de-films-et-series\/katana-ninja-sarbacane-forge-sabre-coupant\/#breadcrumb","itemListElement":[{"@type":"ListItem","position":1,"name":"Accueil","item":"https:\/\/repliquemangacine.fr\/"},{"@type":"ListItem","position":2,"name":"Produits","item":"https:\/\/repliquemangacine.fr\/boutique\/"},{"@type":"ListItem","position":3,"name":"Ninjato sarbacane Sabre Ninja"}]},{"@type":"WebSite","@id":"https:\/\/repliquemangacine.fr\/#website","url":"https:\/\/repliquemangacine.fr\/","name":"R\u00e9plique Manga Cin\u00e9","description":"","publisher":{"@id":"https:\/\/repliquemangacine.fr\/#organization"},"potentialAction":[{"@type":"SearchAction","target":{"@type":"EntryPoint","urlTemplate":"https:\/\/repliquemangacine.fr\/?s={search_term_string}"},"query-input":{"@type":"PropertyValueSpecification","valueRequired":true,"valueName":"search_term_string"}}],"inLanguage":"it-IT"},{"@type":"Organization","@id":"https:\/\/repliquemangacine.fr\/#organization","name":"R\u00e9plique Manga Cin\u00e9","url":"https:\/\/repliquemangacine.fr\/","logo":{"@type":"ImageObject","inLanguage":"it-IT","@id":"https:\/\/repliquemangacine.fr\/#\/schema\/logo\/image\/","url":"https:\/\/repliquemangacine.fr\/wp-content\/uploads\/2023\/10\/RMC-500250.png","contentUrl":"https:\/\/repliquemangacine.fr\/wp-content\/uploads\/2023\/10\/RMC-500250.png","width":500,"height":250,"caption":"R\u00e9plique Manga Cin\u00e9"},"image":{"@id":"https:\/\/repliquemangacine.fr\/#\/schema\/logo\/image\/"},"sameAs":["https:\/\/www.facebook.com\/RepliqueMangaCine","https:\/\/www.instagram.com\/repliquemangacine.fr\/"]}]}},"_links":{"self":[{"href":"https:\/\/repliquemangacine.fr\/it\/wp-json\/wp\/v2\/product\/49519","targetHints":{"allow":["GET"]}}],"collection":[{"href":"https:\/\/repliquemangacine.fr\/it\/wp-json\/wp\/v2\/product"}],"about":[{"href":"https:\/\/repliquemangacine.fr\/it\/wp-json\/wp\/v2\/types\/product"}],"wp:featuredmedia":[{"embeddable":true,"href":"https:\/\/repliquemangacine.fr\/it\/wp-json\/wp\/v2\/media\/49520"}],"wp:attachment":[{"href":"https:\/\/repliquemangacine.fr\/it\/wp-json\/wp\/v2\/media?parent=49519"}],"wp:term":[{"taxonomy":"product_brand","embeddable":true,"href":"https:\/\/repliquemangacine.fr\/it\/wp-json\/wp\/v2\/product_brand?post=49519"},{"taxonomy":"product_cat","embeddable":true,"href":"https:\/\/repliquemangacine.fr\/it\/wp-json\/wp\/v2\/product_cat?post=49519"},{"taxonomy":"product_tag","embeddable":true,"href":"https:\/\/repliquemangacine.fr\/it\/wp-json\/wp\/v2\/product_tag?post=49519"}],"curies":[{"name":"wp","href":"https:\/\/api.w.org\/{rel}","templated":true}]}}