





{"id":49262,"date":"2022-03-28T13:43:34","date_gmt":"2022-03-28T11:43:34","guid":{"rendered":"https:\/\/repliquemangacine.fr\/?post_type=product&#038;p=49262"},"modified":"2025-09-23T18:02:44","modified_gmt":"2025-09-23T16:02:44","slug":"spada-di-kakashi-anbu","status":"publish","type":"product","link":"https:\/\/repliquemangacine.fr\/it\/katana-naruto\/sabre-de-kakashi-anbu\/","title":{"rendered":"Spada Kakashi Anbu"},"content":{"rendered":"<h2>La spada di Kakashi Anbu in Naruto.<\/h2>\n<p>Per cominciare, il <strong>Spada Kakashi Anbu<\/strong> fa parte del codice di abbigliamento degli Anbu. Infatti, l'uniforme degli Anbu consiste anche in abiti neri coperti da una corazza leggera. Guanti, sandali con suole rinforzate e una maschera per nascondere l'identit\u00e0.<\/p>\n<p>Kakashi Hatake \u00e8 un j\u00f4nin del villaggio nascosto di Konoha. \u00c8 il primo mentore dei protagonisti della storia. Conosciuto in tutto il mondo per l'uso dello Sharingan, con il soprannome di \u00abCopia Ninja\u00bb.<\/p>\n<p>L'<a href=\"https:\/\/naruto.fandom.com\/fr\/wiki\/Anbu\" target=\"_blank\" rel=\"noopener noreferrer\">Anbu<\/a>Squadra di tattica speciale e di assassinio. Si tratta di un'unit\u00e0 speciale creata per servire come guardia personale del Kage. Il termine Anbu \u00e8 usato per designare sia l'unit\u00e0 che i suoi membri. A causa della grande segretezza professionale che comporta la carriera di un membro dell'Anbu, la personalit\u00e0 di una recluta \u00e8 un fattore determinante per la sua idoneit\u00e0 a entrare nell'unit\u00e0.<\/p>\n<h2>La tua sciabola Kakashi Anbu al miglior prezzo.<\/h2>\n<p>Vi offriamo un'ampia scelta di repliche di katana del famoso manga animato Naruto.<\/p>\n<p>Innanzitutto,<\/p>\n<ul>\n<li>L'<a href=\"https:\/\/repliquemangacine.fr\/it\/naruto\/katana-sasuke-spada-kusanagi\/\">Spada Sasuk\u00e9 Kusanagi<\/a> con la sua lama dritta e il fodero bianco.<\/li>\n<li>C'\u00e8 anche il <a href=\"https:\/\/repliquemangacine.fr\/it\/naruto\/naruto-kunai-grande\/\">Il grande kunai di Naruto<\/a> realizzato in un unico pezzo.<\/li>\n<li>Oltre alla replica dei tirapugni in ottone, il<a href=\"https:\/\/repliquemangacine.fr\/it\/naruto\/lama-di-chakra-asuma\/\">Arma di chakra di Asuma<\/a>.<\/li>\n<li>E molti altri da scoprire nel nostro negozio online!<\/li>\n<\/ul>\n<p>Ecco perch\u00e9 questa \u00e8 un'ottima idea regalo per i fan di Naruto.<\/p>\n<p>In conclusione, \u00e8 possibile utilizzare il metodo <strong>Spada Kakashi Anbu<\/strong> per le sfilate Cosplay alle convention. Ma soprattutto \u00e8 un oggetto da collezione e una decorazione.<\/p>\n<h2>Come si mantiene la lama della katana di Naruto?<\/h2>\n<p>Le katane da collezione e decorative sono realizzate e assemblate in modo semplificato. Inoltre, essendo utilizzate a scopo decorativo, non hanno le caratteristiche di sicurezza richieste da una spada giapponese destinata all'allenamento.<\/p>\n<p>Tuttavia, il vostro <strong>Spada Kakashi Anbu<\/strong> a una lama d'acciaio che deve essere curata per evitare che si danneggi nel tempo. Quando si espone la katana, gli amici saranno curiosi di vedere la lama e di toccarla. \u00c8 qui che bisogna fare attenzione, perch\u00e9 l'acidit\u00e0 delle dita \u00e8 molto dannosa per l'acciaio, indipendentemente dalla sua qualit\u00e0.<\/p>\n<p>Tuttavia, se ci\u00f2 dovesse accadere, niente panico: basta un panno inumidito con un po' d'olio per eliminare le impronte. In questo modo, la spada durer\u00e0 a lungo.<\/p>","protected":false},"excerpt":{"rendered":"<p>Replica superba della spada di Kakashi Anbu della famosa serie animata Naruto.<\/p>\n<ul>\n<li>Lama dritta in acciaio inox 440 nero, non tagliente.<\/li>\n<li>Manico in finta pelle di razza rossa ricoperto da una treccia di cotone nero.<\/li>\n<li>Fodero in legno laccato nero.<\/li>\n<li>Lunghezza lama: 69 cm - Lunghezza totale: 104 cm<\/li>\n<\/ul>","protected":false},"featured_media":49263,"template":"","meta":[],"product_brand":[896],"product_cat":[109,23,42],"product_tag":[],"class_list":{"0":"post-49262","1":"product","2":"type-product","3":"status-publish","4":"has-post-thumbnail","6":"product_brand-replique-manga-cine","7":"product_cat-katana-naruto","8":"product_cat-repliques-manga-jeux-video","9":"product_cat-katana-goodies-naruto-kunai","11":"first","12":"instock","13":"taxable","14":"shipping-taxable","15":"purchasable","16":"product-type-simple"},"yoast_head":"<!-- This site is optimized with the Yoast SEO plugin v27.5 - https:\/\/yoast.com\/product\/yoast-seo-wordpress\/ -->\n<title>Sabre de Kakashi Anbu - Naruto - Boutique en ligne - RMC<\/title>\n<meta name=\"description\" content=\"Commandez votre Sabre de Kakashi Anbu dans Naruto au meilleur prix. Lame acier 440 - Fourreau laqu\u00e9 - Longueur totale : 104cm - Envoi 24\/48h\" \/>\n<meta name=\"robots\" content=\"index, follow, max-snippet:-1, max-image-preview:large, max-video-preview:-1\" \/>\n<link rel=\"canonical\" href=\"https:\/\/repliquemangacine.fr\/it\/katana-naruto\/spada-di-kakashi-anbu\/\" \/>\n<meta property=\"og:locale\" content=\"it_IT\" \/>\n<meta property=\"og:type\" content=\"article\" \/>\n<meta property=\"og:title\" content=\"Sabre de Kakashi Anbu - Naruto - Boutique en ligne - RMC\" \/>\n<meta property=\"og:description\" content=\"Commandez votre Sabre de Kakashi Anbu dans Naruto au meilleur prix. Lame acier 440 - Fourreau laqu\u00e9 - Longueur totale : 104cm - Envoi 24\/48h\" \/>\n<meta property=\"og:url\" content=\"https:\/\/repliquemangacine.fr\/it\/katana-naruto\/spada-di-kakashi-anbu\/\" \/>\n<meta property=\"og:site_name\" content=\"R\u00e9plique Manga Cin\u00e9\" \/>\n<meta property=\"article:publisher\" content=\"https:\/\/www.facebook.com\/RepliqueMangaCine\" \/>\n<meta property=\"article:modified_time\" content=\"2025-09-23T16:02:44+00:00\" \/>\n<meta property=\"og:image\" content=\"https:\/\/repliquemangacine.fr\/wp-content\/uploads\/2023\/10\/naruto-1.jpg\" \/>\n\t<meta property=\"og:image:width\" content=\"800\" \/>\n\t<meta property=\"og:image:height\" content=\"800\" \/>\n\t<meta property=\"og:image:type\" content=\"image\/jpeg\" \/>\n<meta name=\"twitter:card\" content=\"summary_large_image\" \/>\n<meta name=\"twitter:label1\" content=\"Tempo di lettura stimato\" \/>\n\t<meta name=\"twitter:data1\" content=\"3 minuti\" \/>\n<script type=\"application\/ld+json\" class=\"yoast-schema-graph\">{\"@context\":\"https:\\\/\\\/schema.org\",\"@graph\":[{\"@type\":\"WebPage\",\"@id\":\"https:\\\/\\\/repliquemangacine.fr\\\/katana-naruto\\\/sabre-de-kakashi-anbu\\\/\",\"url\":\"https:\\\/\\\/repliquemangacine.fr\\\/katana-naruto\\\/sabre-de-kakashi-anbu\\\/\",\"name\":\"Sabre de Kakashi Anbu - Naruto - Boutique en ligne - RMC\",\"isPartOf\":{\"@id\":\"https:\\\/\\\/repliquemangacine.fr\\\/#website\"},\"primaryImageOfPage\":{\"@id\":\"https:\\\/\\\/repliquemangacine.fr\\\/katana-naruto\\\/sabre-de-kakashi-anbu\\\/#primaryimage\"},\"image\":{\"@id\":\"https:\\\/\\\/repliquemangacine.fr\\\/katana-naruto\\\/sabre-de-kakashi-anbu\\\/#primaryimage\"},\"thumbnailUrl\":\"https:\\\/\\\/repliquemangacine.fr\\\/wp-content\\\/uploads\\\/2023\\\/10\\\/naruto-1.jpg\",\"datePublished\":\"2022-03-28T11:43:34+00:00\",\"dateModified\":\"2025-09-23T16:02:44+00:00\",\"description\":\"Commandez votre Sabre de Kakashi Anbu dans Naruto au meilleur prix. Lame acier 440 - Fourreau laqu\u00e9 - Longueur totale : 104cm - Envoi 24\\\/48h\",\"breadcrumb\":{\"@id\":\"https:\\\/\\\/repliquemangacine.fr\\\/katana-naruto\\\/sabre-de-kakashi-anbu\\\/#breadcrumb\"},\"inLanguage\":\"it-IT\",\"potentialAction\":[{\"@type\":\"ReadAction\",\"target\":[\"https:\\\/\\\/repliquemangacine.fr\\\/katana-naruto\\\/sabre-de-kakashi-anbu\\\/\"]}]},{\"@type\":\"ImageObject\",\"inLanguage\":\"it-IT\",\"@id\":\"https:\\\/\\\/repliquemangacine.fr\\\/katana-naruto\\\/sabre-de-kakashi-anbu\\\/#primaryimage\",\"url\":\"https:\\\/\\\/repliquemangacine.fr\\\/wp-content\\\/uploads\\\/2023\\\/10\\\/naruto-1.jpg\",\"contentUrl\":\"https:\\\/\\\/repliquemangacine.fr\\\/wp-content\\\/uploads\\\/2023\\\/10\\\/naruto-1.jpg\",\"width\":800,\"height\":800,\"caption\":\"Sabre de Kakashi Anbu dans naruto\"},{\"@type\":\"BreadcrumbList\",\"@id\":\"https:\\\/\\\/repliquemangacine.fr\\\/katana-naruto\\\/sabre-de-kakashi-anbu\\\/#breadcrumb\",\"itemListElement\":[{\"@type\":\"ListItem\",\"position\":1,\"name\":\"Accueil\",\"item\":\"https:\\\/\\\/repliquemangacine.fr\\\/\"},{\"@type\":\"ListItem\",\"position\":2,\"name\":\"Produits\",\"item\":\"https:\\\/\\\/repliquemangacine.fr\\\/boutique\\\/\"},{\"@type\":\"ListItem\",\"position\":3,\"name\":\"Sabre de Kakashi Anbu\"}]},{\"@type\":\"WebSite\",\"@id\":\"https:\\\/\\\/repliquemangacine.fr\\\/#website\",\"url\":\"https:\\\/\\\/repliquemangacine.fr\\\/\",\"name\":\"R\u00e9plique Manga Cin\u00e9\",\"description\":\"\",\"publisher\":{\"@id\":\"https:\\\/\\\/repliquemangacine.fr\\\/#organization\"},\"potentialAction\":[{\"@type\":\"SearchAction\",\"target\":{\"@type\":\"EntryPoint\",\"urlTemplate\":\"https:\\\/\\\/repliquemangacine.fr\\\/?s={search_term_string}\"},\"query-input\":{\"@type\":\"PropertyValueSpecification\",\"valueRequired\":true,\"valueName\":\"search_term_string\"}}],\"inLanguage\":\"it-IT\"},{\"@type\":\"Organization\",\"@id\":\"https:\\\/\\\/repliquemangacine.fr\\\/#organization\",\"name\":\"R\u00e9plique Manga Cin\u00e9\",\"url\":\"https:\\\/\\\/repliquemangacine.fr\\\/\",\"logo\":{\"@type\":\"ImageObject\",\"inLanguage\":\"it-IT\",\"@id\":\"https:\\\/\\\/repliquemangacine.fr\\\/#\\\/schema\\\/logo\\\/image\\\/\",\"url\":\"https:\\\/\\\/repliquemangacine.fr\\\/wp-content\\\/uploads\\\/2023\\\/10\\\/RMC-500250.png\",\"contentUrl\":\"https:\\\/\\\/repliquemangacine.fr\\\/wp-content\\\/uploads\\\/2023\\\/10\\\/RMC-500250.png\",\"width\":500,\"height\":250,\"caption\":\"R\u00e9plique Manga Cin\u00e9\"},\"image\":{\"@id\":\"https:\\\/\\\/repliquemangacine.fr\\\/#\\\/schema\\\/logo\\\/image\\\/\"},\"sameAs\":[\"https:\\\/\\\/www.facebook.com\\\/RepliqueMangaCine\",\"https:\\\/\\\/www.instagram.com\\\/repliquemangacine.fr\\\/\"]}]}<\/script>\n<!-- \/ Yoast SEO plugin. -->","yoast_head_json":{"title":"Spada Kakashi Anbu - Naruto - Negozio online - RMC","description":"Ordina la tua sciabola Kakashi Anbu di Naruto al miglior prezzo. Lama in acciaio 440 - Fodero laccato - Lunghezza totale: 104cm - Spedizione 24\/48h","robots":{"index":"index","follow":"follow","max-snippet":"max-snippet:-1","max-image-preview":"max-image-preview:large","max-video-preview":"max-video-preview:-1"},"canonical":"https:\/\/repliquemangacine.fr\/it\/katana-naruto\/spada-di-kakashi-anbu\/","og_locale":"it_IT","og_type":"article","og_title":"Sabre de Kakashi Anbu - Naruto - Boutique en ligne - RMC","og_description":"Commandez votre Sabre de Kakashi Anbu dans Naruto au meilleur prix. Lame acier 440 - Fourreau laqu\u00e9 - Longueur totale : 104cm - Envoi 24\/48h","og_url":"https:\/\/repliquemangacine.fr\/it\/katana-naruto\/spada-di-kakashi-anbu\/","og_site_name":"R\u00e9plique Manga Cin\u00e9","article_publisher":"https:\/\/www.facebook.com\/RepliqueMangaCine","article_modified_time":"2025-09-23T16:02:44+00:00","og_image":[{"width":800,"height":800,"url":"https:\/\/repliquemangacine.fr\/wp-content\/uploads\/2023\/10\/naruto-1.jpg","type":"image\/jpeg"}],"twitter_card":"summary_large_image","twitter_misc":{"Tempo di lettura stimato":"3 minuti"},"schema":{"@context":"https:\/\/schema.org","@graph":[{"@type":"WebPage","@id":"https:\/\/repliquemangacine.fr\/katana-naruto\/sabre-de-kakashi-anbu\/","url":"https:\/\/repliquemangacine.fr\/katana-naruto\/sabre-de-kakashi-anbu\/","name":"Spada Kakashi Anbu - Naruto - Negozio online - RMC","isPartOf":{"@id":"https:\/\/repliquemangacine.fr\/#website"},"primaryImageOfPage":{"@id":"https:\/\/repliquemangacine.fr\/katana-naruto\/sabre-de-kakashi-anbu\/#primaryimage"},"image":{"@id":"https:\/\/repliquemangacine.fr\/katana-naruto\/sabre-de-kakashi-anbu\/#primaryimage"},"thumbnailUrl":"https:\/\/repliquemangacine.fr\/wp-content\/uploads\/2023\/10\/naruto-1.jpg","datePublished":"2022-03-28T11:43:34+00:00","dateModified":"2025-09-23T16:02:44+00:00","description":"Ordina la tua sciabola Kakashi Anbu di Naruto al miglior prezzo. Lama in acciaio 440 - Fodero laccato - Lunghezza totale: 104cm - Spedizione 24\/48h","breadcrumb":{"@id":"https:\/\/repliquemangacine.fr\/katana-naruto\/sabre-de-kakashi-anbu\/#breadcrumb"},"inLanguage":"it-IT","potentialAction":[{"@type":"ReadAction","target":["https:\/\/repliquemangacine.fr\/katana-naruto\/sabre-de-kakashi-anbu\/"]}]},{"@type":"ImageObject","inLanguage":"it-IT","@id":"https:\/\/repliquemangacine.fr\/katana-naruto\/sabre-de-kakashi-anbu\/#primaryimage","url":"https:\/\/repliquemangacine.fr\/wp-content\/uploads\/2023\/10\/naruto-1.jpg","contentUrl":"https:\/\/repliquemangacine.fr\/wp-content\/uploads\/2023\/10\/naruto-1.jpg","width":800,"height":800,"caption":"Sabre de Kakashi Anbu dans naruto"},{"@type":"BreadcrumbList","@id":"https:\/\/repliquemangacine.fr\/katana-naruto\/sabre-de-kakashi-anbu\/#breadcrumb","itemListElement":[{"@type":"ListItem","position":1,"name":"Accueil","item":"https:\/\/repliquemangacine.fr\/"},{"@type":"ListItem","position":2,"name":"Produits","item":"https:\/\/repliquemangacine.fr\/boutique\/"},{"@type":"ListItem","position":3,"name":"Sabre de Kakashi Anbu"}]},{"@type":"WebSite","@id":"https:\/\/repliquemangacine.fr\/#website","url":"https:\/\/repliquemangacine.fr\/","name":"R\u00e9plique Manga Cin\u00e9","description":"","publisher":{"@id":"https:\/\/repliquemangacine.fr\/#organization"},"potentialAction":[{"@type":"SearchAction","target":{"@type":"EntryPoint","urlTemplate":"https:\/\/repliquemangacine.fr\/?s={search_term_string}"},"query-input":{"@type":"PropertyValueSpecification","valueRequired":true,"valueName":"search_term_string"}}],"inLanguage":"it-IT"},{"@type":"Organization","@id":"https:\/\/repliquemangacine.fr\/#organization","name":"R\u00e9plique Manga Cin\u00e9","url":"https:\/\/repliquemangacine.fr\/","logo":{"@type":"ImageObject","inLanguage":"it-IT","@id":"https:\/\/repliquemangacine.fr\/#\/schema\/logo\/image\/","url":"https:\/\/repliquemangacine.fr\/wp-content\/uploads\/2023\/10\/RMC-500250.png","contentUrl":"https:\/\/repliquemangacine.fr\/wp-content\/uploads\/2023\/10\/RMC-500250.png","width":500,"height":250,"caption":"R\u00e9plique Manga Cin\u00e9"},"image":{"@id":"https:\/\/repliquemangacine.fr\/#\/schema\/logo\/image\/"},"sameAs":["https:\/\/www.facebook.com\/RepliqueMangaCine","https:\/\/www.instagram.com\/repliquemangacine.fr\/"]}]}},"_links":{"self":[{"href":"https:\/\/repliquemangacine.fr\/it\/wp-json\/wp\/v2\/product\/49262","targetHints":{"allow":["GET"]}}],"collection":[{"href":"https:\/\/repliquemangacine.fr\/it\/wp-json\/wp\/v2\/product"}],"about":[{"href":"https:\/\/repliquemangacine.fr\/it\/wp-json\/wp\/v2\/types\/product"}],"wp:featuredmedia":[{"embeddable":true,"href":"https:\/\/repliquemangacine.fr\/it\/wp-json\/wp\/v2\/media\/49263"}],"wp:attachment":[{"href":"https:\/\/repliquemangacine.fr\/it\/wp-json\/wp\/v2\/media?parent=49262"}],"wp:term":[{"taxonomy":"product_brand","embeddable":true,"href":"https:\/\/repliquemangacine.fr\/it\/wp-json\/wp\/v2\/product_brand?post=49262"},{"taxonomy":"product_cat","embeddable":true,"href":"https:\/\/repliquemangacine.fr\/it\/wp-json\/wp\/v2\/product_cat?post=49262"},{"taxonomy":"product_tag","embeddable":true,"href":"https:\/\/repliquemangacine.fr\/it\/wp-json\/wp\/v2\/product_tag?post=49262"}],"curies":[{"name":"wp","href":"https:\/\/api.w.org\/{rel}","templated":true}]}}