





{"id":49206,"date":"2022-03-25T15:04:53","date_gmt":"2022-03-25T14:04:53","guid":{"rendered":"https:\/\/repliquemangacine.fr\/?post_type=product&#038;p=49206"},"modified":"2026-02-06T15:27:40","modified_gmt":"2026-02-06T14:27:40","slug":"cannone-napoleone-1857-usa-guerra-civile-denix","status":"publish","type":"product","link":"https:\/\/repliquemangacine.fr\/it\/holster-accessoires-western\/canon-napoleon-1857-guerre-civile-usa-denix\/","title":{"rendered":"Cannone Napoleone 1857 Denix in miniatura"},"content":{"rendered":"<h2>Miniatura del cannone di Napoleone 1857 - Guerra civile USA<\/h2>\n<p>Per cominciare, il <strong>Cannone Napoleone 1857<\/strong>, Questo fu il pi\u00f9 diffuso calibro 12 utilizzato durante la Guerra Civile Americana. Rappresentava quasi il 40% delle munizioni di artiglieria e fu uno dei cannoni pi\u00f9 importanti del conflitto. Il \u00abNapoleon\u00bb era ampiamente ammirato per la sua sicurezza, affidabilit\u00e0 ed efficacia, soprattutto a distanza ravvicinata.<\/p>\n<p>Un cannone da 12 libbre \u00e8 un cannone che spara palle da 12 libbre, utilizzato dal XVII secolo alla met\u00e0 del XIX secolo. Fu usato ampiamente durante la battaglia di Gettysburg, il principale punto di svolta della guerra.<\/p>\n<p>Guerra civile, un evento molto importante nella storia degli Stati Uniti d'America, che ebbe luogo tra il 1861 e il 1865.<\/p>\n<p>Per concludere, questa miniatura <a href=\"https:\/\/www.denix.fr\/fr\/catalogue\/guerre-civile-occidentale-et-americaine-1861-1899\/canons-et-catapultes\/422\/\" target=\"_blank\" rel=\"noopener noreferrer\">Denix<\/a> \u00e8 straordinariamente ben fatto e sar\u00e0 l'ideale da aggiungere alla vostra collezione.<\/p>\n<h2>La vostra miniatura Napoleon 1857 Canon al miglior prezzo.<\/h2>\n<p>Offriamo una vasta gamma di repliche di armi antiche<\/p>\n<p>Innanzitutto<\/p>\n<ul>\n<li>Le <a href=\"https:\/\/repliquemangacine.fr\/it\/armi-replica-1-impero\/1807-carabina-napoleonica-a-pietra-focaia\/\">Fucile Napoleone 1807<\/a> con il calcio in legno decorato con la \"N\" di Napoleone, realizzato da Denix<\/li>\n<li>Esiste anche il moschetto Land Pattern, il <a href=\"https:\/\/repliquemangacine.fr\/it\/armi-replica-1-impero\/fucile-brown-bess-1722-land-pattern-denix\/\">Brown Bess 1722<\/a><\/li>\n<li>Cos\u00ec come il <a href=\"https:\/\/repliquemangacine.fr\/it\/armi-replica-1-impero\/fucile-charleville-1806-con-baionetta\/\">Fucile Charleville<\/a> e la sua baionetta<\/li>\n<li>E molto altro ancora da scoprire nel nostro negozio online!<\/li>\n<\/ul>\n<p>Ecco perch\u00e9 \u00e8 un'ottima idea regalo per tutti gli amanti delle armi d'epoca.<\/p>\n<p>In conclusione, \u00e8 possibile acquistare questa miniatura del <strong>Cannone Napoleone 1857<\/strong> per ampliare la vostra collezione.<\/p>\n<p>R\u00e9plique Manga Cin\u00e9 \u00e8 un'azienda familiare francese e distributore ufficiale di Denix.<\/p>\n<h2>Come vengono realizzati i vostri oggetti da collezione?<\/h2>\n<p>Per cominciare, tutti i nostri prodotti derivati sono di altissima qualit\u00e0, realizzati con una meticolosa attenzione ai dettagli. Alcuni di essi sono realizzati a mano, per riprodurre i minimi dettagli. Le parti pi\u00f9 importanti sono lavorate con macchine molto precise. Le incisioni sono generalmente realizzate con una punta di diamante o con il laser.<\/p>\n<p>Il tuo <strong>Cannone Napoleone 1857<\/strong> fabbricati per riprodurre esattamente ogni dettaglio. Per eguagliare l'eredit\u00e0 dei capolavori originali. L'accento \u00e8 posto sulla creazione di repliche di alta qualit\u00e0 che siano il pi\u00f9 possibile storicamente accurate.<\/p>\n<p>In conclusione, importate dalla Cina, dalla Spagna o dall'India, le nostre repliche vi stupiranno!<\/p>","protected":false},"excerpt":{"rendered":"<p>Magnifica riproduzione in miniatura del cannone soprannominato \"Napoleone\" del 1857 della guerra civile americana.<\/p>\n<ul>\n<li>Ricordate la battaglia di Gettysburg con la riproduzione DENIX del pi\u00f9 importante cannone della guerra civile americana!<\/li>\n<li>Realizzato interamente in metallo.<\/li>\n<li>Dimensioni: 19 cm - Peso: 590 g<\/li>\n<\/ul>\n<p><iframe title=\"Lettore video di YouTube\" src=\"https:\/\/www.youtube.com\/embed\/2iy7fSxFpAA\" width=\"560\" height=\"315\" frameborder=\"0\" allowfullscreen=\"allowfullscreen\"><\/iframe><\/p>","protected":false},"featured_media":49207,"template":"","meta":[],"product_brand":[896],"product_cat":[34,102,90,28,833],"product_tag":[],"class_list":{"0":"post-49206","1":"product","2":"type-product","3":"status-publish","4":"has-post-thumbnail","6":"product_brand-replique-manga-cine","7":"product_cat-armes-westerns","8":"product_cat-denix","9":"product_cat-holster-accessoires-western","10":"product_cat-repliques-darmes","11":"product_cat-repliques-darmes-napoleon","13":"first","14":"instock","15":"taxable","16":"shipping-taxable","17":"purchasable","18":"product-type-simple"},"yoast_head":"<!-- This site is optimized with the Yoast SEO plugin v27.4 - https:\/\/yoast.com\/product\/yoast-seo-wordpress\/ -->\n<title>Canon Napol\u00e9on 1857 miniature Denix - R\u00e9plique Manga Cin\u00e9<\/title>\n<meta name=\"description\" content=\"D\u00e9couvrez la miniature du Canon Napol\u00e9on 1857 au meilleur prix - Enti\u00e8rement en m\u00e9tal - Finitions remarquables - Longueur : 19 cm - Poids : 590g\" \/>\n<meta name=\"robots\" content=\"index, follow, max-snippet:-1, max-image-preview:large, max-video-preview:-1\" \/>\n<link rel=\"canonical\" href=\"https:\/\/repliquemangacine.fr\/it\/replica-pistole-napoleoniche\/cannone-napoleone-1857-usa-guerra-civile-denix\/\" \/>\n<meta property=\"og:locale\" content=\"it_IT\" \/>\n<meta property=\"og:type\" content=\"article\" \/>\n<meta property=\"og:title\" content=\"Canon Napol\u00e9on 1857 miniature Denix - R\u00e9plique Manga Cin\u00e9\" \/>\n<meta property=\"og:description\" content=\"D\u00e9couvrez la miniature du Canon Napol\u00e9on 1857 au meilleur prix - Enti\u00e8rement en m\u00e9tal - Finitions remarquables - Longueur : 19 cm - Poids : 590g\" \/>\n<meta property=\"og:url\" content=\"https:\/\/repliquemangacine.fr\/it\/replica-pistole-napoleoniche\/cannone-napoleone-1857-usa-guerra-civile-denix\/\" \/>\n<meta property=\"og:site_name\" content=\"R\u00e9plique Manga Cin\u00e9\" \/>\n<meta property=\"article:publisher\" content=\"https:\/\/www.facebook.com\/RepliqueMangaCine\" \/>\n<meta property=\"article:modified_time\" content=\"2026-02-06T14:27:40+00:00\" \/>\n<meta property=\"og:image\" content=\"https:\/\/repliquemangacine.fr\/wp-content\/uploads\/2023\/10\/Canon-Guerre-civile-usa.jpg\" \/>\n\t<meta property=\"og:image:width\" content=\"800\" \/>\n\t<meta property=\"og:image:height\" content=\"800\" \/>\n\t<meta property=\"og:image:type\" content=\"image\/jpeg\" \/>\n<meta name=\"twitter:card\" content=\"summary_large_image\" \/>\n<meta name=\"twitter:label1\" content=\"Tempo di lettura stimato\" \/>\n\t<meta name=\"twitter:data1\" content=\"2 minuti\" \/>\n<script type=\"application\/ld+json\" class=\"yoast-schema-graph\">{\"@context\":\"https:\\\/\\\/schema.org\",\"@graph\":[{\"@type\":\"WebPage\",\"@id\":\"https:\\\/\\\/repliquemangacine.fr\\\/repliques-darmes-napoleon\\\/canon-napoleon-1857-guerre-civile-usa-denix\\\/\",\"url\":\"https:\\\/\\\/repliquemangacine.fr\\\/repliques-darmes-napoleon\\\/canon-napoleon-1857-guerre-civile-usa-denix\\\/\",\"name\":\"Canon Napol\u00e9on 1857 miniature Denix - R\u00e9plique Manga Cin\u00e9\",\"isPartOf\":{\"@id\":\"https:\\\/\\\/repliquemangacine.fr\\\/#website\"},\"primaryImageOfPage\":{\"@id\":\"https:\\\/\\\/repliquemangacine.fr\\\/repliques-darmes-napoleon\\\/canon-napoleon-1857-guerre-civile-usa-denix\\\/#primaryimage\"},\"image\":{\"@id\":\"https:\\\/\\\/repliquemangacine.fr\\\/repliques-darmes-napoleon\\\/canon-napoleon-1857-guerre-civile-usa-denix\\\/#primaryimage\"},\"thumbnailUrl\":\"https:\\\/\\\/repliquemangacine.fr\\\/wp-content\\\/uploads\\\/2023\\\/10\\\/Canon-Guerre-civile-usa.jpg\",\"datePublished\":\"2022-03-25T14:04:53+00:00\",\"dateModified\":\"2026-02-06T14:27:40+00:00\",\"description\":\"D\u00e9couvrez la miniature du Canon Napol\u00e9on 1857 au meilleur prix - Enti\u00e8rement en m\u00e9tal - Finitions remarquables - Longueur : 19 cm - Poids : 590g\",\"breadcrumb\":{\"@id\":\"https:\\\/\\\/repliquemangacine.fr\\\/repliques-darmes-napoleon\\\/canon-napoleon-1857-guerre-civile-usa-denix\\\/#breadcrumb\"},\"inLanguage\":\"it-IT\",\"potentialAction\":[{\"@type\":\"ReadAction\",\"target\":[\"https:\\\/\\\/repliquemangacine.fr\\\/repliques-darmes-napoleon\\\/canon-napoleon-1857-guerre-civile-usa-denix\\\/\"]}]},{\"@type\":\"ImageObject\",\"inLanguage\":\"it-IT\",\"@id\":\"https:\\\/\\\/repliquemangacine.fr\\\/repliques-darmes-napoleon\\\/canon-napoleon-1857-guerre-civile-usa-denix\\\/#primaryimage\",\"url\":\"https:\\\/\\\/repliquemangacine.fr\\\/wp-content\\\/uploads\\\/2023\\\/10\\\/Canon-Guerre-civile-usa.jpg\",\"contentUrl\":\"https:\\\/\\\/repliquemangacine.fr\\\/wp-content\\\/uploads\\\/2023\\\/10\\\/Canon-Guerre-civile-usa.jpg\",\"width\":800,\"height\":800,\"caption\":\"Canon-Guerre-civile-usa 1857 DIT NAPOLEON\"},{\"@type\":\"BreadcrumbList\",\"@id\":\"https:\\\/\\\/repliquemangacine.fr\\\/repliques-darmes-napoleon\\\/canon-napoleon-1857-guerre-civile-usa-denix\\\/#breadcrumb\",\"itemListElement\":[{\"@type\":\"ListItem\",\"position\":1,\"name\":\"Accueil\",\"item\":\"https:\\\/\\\/repliquemangacine.fr\\\/\"},{\"@type\":\"ListItem\",\"position\":2,\"name\":\"Produits\",\"item\":\"https:\\\/\\\/repliquemangacine.fr\\\/boutique\\\/\"},{\"@type\":\"ListItem\",\"position\":3,\"name\":\"Canon Napol\u00e9on 1857 miniature Denix\"}]},{\"@type\":\"WebSite\",\"@id\":\"https:\\\/\\\/repliquemangacine.fr\\\/#website\",\"url\":\"https:\\\/\\\/repliquemangacine.fr\\\/\",\"name\":\"R\u00e9plique Manga Cin\u00e9\",\"description\":\"\",\"publisher\":{\"@id\":\"https:\\\/\\\/repliquemangacine.fr\\\/#organization\"},\"potentialAction\":[{\"@type\":\"SearchAction\",\"target\":{\"@type\":\"EntryPoint\",\"urlTemplate\":\"https:\\\/\\\/repliquemangacine.fr\\\/?s={search_term_string}\"},\"query-input\":{\"@type\":\"PropertyValueSpecification\",\"valueRequired\":true,\"valueName\":\"search_term_string\"}}],\"inLanguage\":\"it-IT\"},{\"@type\":\"Organization\",\"@id\":\"https:\\\/\\\/repliquemangacine.fr\\\/#organization\",\"name\":\"R\u00e9plique Manga Cin\u00e9\",\"url\":\"https:\\\/\\\/repliquemangacine.fr\\\/\",\"logo\":{\"@type\":\"ImageObject\",\"inLanguage\":\"it-IT\",\"@id\":\"https:\\\/\\\/repliquemangacine.fr\\\/#\\\/schema\\\/logo\\\/image\\\/\",\"url\":\"https:\\\/\\\/repliquemangacine.fr\\\/wp-content\\\/uploads\\\/2023\\\/10\\\/RMC-500250.png\",\"contentUrl\":\"https:\\\/\\\/repliquemangacine.fr\\\/wp-content\\\/uploads\\\/2023\\\/10\\\/RMC-500250.png\",\"width\":500,\"height\":250,\"caption\":\"R\u00e9plique Manga Cin\u00e9\"},\"image\":{\"@id\":\"https:\\\/\\\/repliquemangacine.fr\\\/#\\\/schema\\\/logo\\\/image\\\/\"},\"sameAs\":[\"https:\\\/\\\/www.facebook.com\\\/RepliqueMangaCine\",\"https:\\\/\\\/www.instagram.com\\\/repliquemangacine.fr\\\/\"]}]}<\/script>\n<!-- \/ Yoast SEO plugin. -->","yoast_head_json":{"title":"Cannone Napoleone 1857 Denix in miniatura - R\u00e9plique Manga Cin\u00e9","description":"Scopri la miniatura Napoleon 1857 Canon al miglior prezzo - Interamente in metallo - Notevole finitura - Lunghezza: 19 cm - Peso: 590g","robots":{"index":"index","follow":"follow","max-snippet":"max-snippet:-1","max-image-preview":"max-image-preview:large","max-video-preview":"max-video-preview:-1"},"canonical":"https:\/\/repliquemangacine.fr\/it\/replica-pistole-napoleoniche\/cannone-napoleone-1857-usa-guerra-civile-denix\/","og_locale":"it_IT","og_type":"article","og_title":"Canon Napol\u00e9on 1857 miniature Denix - R\u00e9plique Manga Cin\u00e9","og_description":"D\u00e9couvrez la miniature du Canon Napol\u00e9on 1857 au meilleur prix - Enti\u00e8rement en m\u00e9tal - Finitions remarquables - Longueur : 19 cm - Poids : 590g","og_url":"https:\/\/repliquemangacine.fr\/it\/replica-pistole-napoleoniche\/cannone-napoleone-1857-usa-guerra-civile-denix\/","og_site_name":"R\u00e9plique Manga Cin\u00e9","article_publisher":"https:\/\/www.facebook.com\/RepliqueMangaCine","article_modified_time":"2026-02-06T14:27:40+00:00","og_image":[{"width":800,"height":800,"url":"https:\/\/repliquemangacine.fr\/wp-content\/uploads\/2023\/10\/Canon-Guerre-civile-usa.jpg","type":"image\/jpeg"}],"twitter_card":"summary_large_image","twitter_misc":{"Tempo di lettura stimato":"2 minuti"},"schema":{"@context":"https:\/\/schema.org","@graph":[{"@type":"WebPage","@id":"https:\/\/repliquemangacine.fr\/repliques-darmes-napoleon\/canon-napoleon-1857-guerre-civile-usa-denix\/","url":"https:\/\/repliquemangacine.fr\/repliques-darmes-napoleon\/canon-napoleon-1857-guerre-civile-usa-denix\/","name":"Cannone Napoleone 1857 Denix in miniatura - R\u00e9plique Manga Cin\u00e9","isPartOf":{"@id":"https:\/\/repliquemangacine.fr\/#website"},"primaryImageOfPage":{"@id":"https:\/\/repliquemangacine.fr\/repliques-darmes-napoleon\/canon-napoleon-1857-guerre-civile-usa-denix\/#primaryimage"},"image":{"@id":"https:\/\/repliquemangacine.fr\/repliques-darmes-napoleon\/canon-napoleon-1857-guerre-civile-usa-denix\/#primaryimage"},"thumbnailUrl":"https:\/\/repliquemangacine.fr\/wp-content\/uploads\/2023\/10\/Canon-Guerre-civile-usa.jpg","datePublished":"2022-03-25T14:04:53+00:00","dateModified":"2026-02-06T14:27:40+00:00","description":"Scopri la miniatura Napoleon 1857 Canon al miglior prezzo - Interamente in metallo - Notevole finitura - Lunghezza: 19 cm - Peso: 590g","breadcrumb":{"@id":"https:\/\/repliquemangacine.fr\/repliques-darmes-napoleon\/canon-napoleon-1857-guerre-civile-usa-denix\/#breadcrumb"},"inLanguage":"it-IT","potentialAction":[{"@type":"ReadAction","target":["https:\/\/repliquemangacine.fr\/repliques-darmes-napoleon\/canon-napoleon-1857-guerre-civile-usa-denix\/"]}]},{"@type":"ImageObject","inLanguage":"it-IT","@id":"https:\/\/repliquemangacine.fr\/repliques-darmes-napoleon\/canon-napoleon-1857-guerre-civile-usa-denix\/#primaryimage","url":"https:\/\/repliquemangacine.fr\/wp-content\/uploads\/2023\/10\/Canon-Guerre-civile-usa.jpg","contentUrl":"https:\/\/repliquemangacine.fr\/wp-content\/uploads\/2023\/10\/Canon-Guerre-civile-usa.jpg","width":800,"height":800,"caption":"Canon-Guerre-civile-usa 1857 DIT NAPOLEON"},{"@type":"BreadcrumbList","@id":"https:\/\/repliquemangacine.fr\/repliques-darmes-napoleon\/canon-napoleon-1857-guerre-civile-usa-denix\/#breadcrumb","itemListElement":[{"@type":"ListItem","position":1,"name":"Accueil","item":"https:\/\/repliquemangacine.fr\/"},{"@type":"ListItem","position":2,"name":"Produits","item":"https:\/\/repliquemangacine.fr\/boutique\/"},{"@type":"ListItem","position":3,"name":"Canon Napol\u00e9on 1857 miniature Denix"}]},{"@type":"WebSite","@id":"https:\/\/repliquemangacine.fr\/#website","url":"https:\/\/repliquemangacine.fr\/","name":"R\u00e9plique Manga Cin\u00e9","description":"","publisher":{"@id":"https:\/\/repliquemangacine.fr\/#organization"},"potentialAction":[{"@type":"SearchAction","target":{"@type":"EntryPoint","urlTemplate":"https:\/\/repliquemangacine.fr\/?s={search_term_string}"},"query-input":{"@type":"PropertyValueSpecification","valueRequired":true,"valueName":"search_term_string"}}],"inLanguage":"it-IT"},{"@type":"Organization","@id":"https:\/\/repliquemangacine.fr\/#organization","name":"R\u00e9plique Manga Cin\u00e9","url":"https:\/\/repliquemangacine.fr\/","logo":{"@type":"ImageObject","inLanguage":"it-IT","@id":"https:\/\/repliquemangacine.fr\/#\/schema\/logo\/image\/","url":"https:\/\/repliquemangacine.fr\/wp-content\/uploads\/2023\/10\/RMC-500250.png","contentUrl":"https:\/\/repliquemangacine.fr\/wp-content\/uploads\/2023\/10\/RMC-500250.png","width":500,"height":250,"caption":"R\u00e9plique Manga Cin\u00e9"},"image":{"@id":"https:\/\/repliquemangacine.fr\/#\/schema\/logo\/image\/"},"sameAs":["https:\/\/www.facebook.com\/RepliqueMangaCine","https:\/\/www.instagram.com\/repliquemangacine.fr\/"]}]}},"_links":{"self":[{"href":"https:\/\/repliquemangacine.fr\/it\/wp-json\/wp\/v2\/product\/49206","targetHints":{"allow":["GET"]}}],"collection":[{"href":"https:\/\/repliquemangacine.fr\/it\/wp-json\/wp\/v2\/product"}],"about":[{"href":"https:\/\/repliquemangacine.fr\/it\/wp-json\/wp\/v2\/types\/product"}],"wp:featuredmedia":[{"embeddable":true,"href":"https:\/\/repliquemangacine.fr\/it\/wp-json\/wp\/v2\/media\/49207"}],"wp:attachment":[{"href":"https:\/\/repliquemangacine.fr\/it\/wp-json\/wp\/v2\/media?parent=49206"}],"wp:term":[{"taxonomy":"product_brand","embeddable":true,"href":"https:\/\/repliquemangacine.fr\/it\/wp-json\/wp\/v2\/product_brand?post=49206"},{"taxonomy":"product_cat","embeddable":true,"href":"https:\/\/repliquemangacine.fr\/it\/wp-json\/wp\/v2\/product_cat?post=49206"},{"taxonomy":"product_tag","embeddable":true,"href":"https:\/\/repliquemangacine.fr\/it\/wp-json\/wp\/v2\/product_tag?post=49206"}],"curies":[{"name":"wp","href":"https:\/\/api.w.org\/{rel}","templated":true}]}}