





{"id":49156,"date":"2022-03-24T13:50:57","date_gmt":"2022-03-24T12:50:57","guid":{"rendered":"https:\/\/repliquemangacine.fr\/?post_type=product&#038;p=49156"},"modified":"2025-11-01T19:42:36","modified_gmt":"2025-11-01T18:42:36","slug":"kyojuro-che-taglia-la-katana","status":"publish","type":"product","link":"https:\/\/repliquemangacine.fr\/it\/katana-demon-slayer-metal\/katana-coupant-kyojuro\/","title":{"rendered":"Kyojuro ha forgiato la katana"},"content":{"rendered":"<h2>Kyojuro Demon Slayer katana da taglio in acciaio al carbonio 1045<\/h2>\n<p>Per cominciare, il<strong> Katana da taglio Kyojuro<\/strong>, Ha una lama forgiata in acciaio al carbonio 1045. Durezza: 60 HRC\/40 HRC<\/p>\n<p>Spadaccino molto potente, \u00e8 l'attuale pilastro della \u00abFiamma\u00bb. \u00c8 uno dei personaggi principali del film Demon Slayer: Kimetsu no Yaiba - The Infinity Train. Alla fine dell'arco del Mugen Train, <a href=\"https:\/\/kimetsu-no-yaiba.fandom.com\/fr\/wiki\/Kyojuro_Rengoku\" target=\"_blank\" rel=\"noopener noreferrer\">Ky\u014djur\u014d<\/a> ha un confronto con il demone AkazaIn.<\/p>\n<p>Ky\u014djur\u014d Rengoku muore effettivamente durante lo scontro con Akaza nell'arco del Mugen Train. Ha combattuto valorosamente, ma alla fine ha ceduto alle ferite mortali, inflitte da Akaza. Poco prima di perdere la vita, guarda Tanjiro, poi Inosuke e Zenitsu e dice loro che crede in loro e che pensa che diventeranno la prossima generazione di Pilastri.<\/p>\n<h2>La tua Katana da taglio Kyojuro al miglior prezzo.<\/h2>\n<p>Abbiamo tutte le battute dei vostri personaggi preferiti in questo manga anime Demon Slayer.<\/p>\n<p>Innanzitutto,<\/p>\n<ul>\n<li>il <a href=\"https:\/\/repliquemangacine.fr\/it\/cacciatore-di-demoni\/kanao-la-katana-delluccisore-di-demoni\/\">Kanao Tsuyuri katana<\/a> con la lama serigrafata con simboli giapponesi.<\/li>\n<li>Cos\u00ec come il <a href=\"https:\/\/repliquemangacine.fr\/it\/cacciatore-di-demoni\/katana-delluccisore-di-demoni-shinobu\/\">Katana di Shinobu Koch\u014d<\/a> con la sua lama modificata che scompare fino alla punta.<\/li>\n<li>E molti altri da scoprire nel nostro negozio online!<\/li>\n<\/ul>\n<p>Ecco quindi alcune fantastiche idee regalo per i fan di Kimetsu no Yaiba o Demon Slayer.<\/p>\n<p>In conclusione, \u00e8 possibile utilizzare questo <strong>Taglio della katana di Kyojuro<\/strong> per le vostre sfilate di cosplay o per le vostre feste a tema. Ma soprattutto, la spada Ky\u014djur\u014d Rengoku \u00e8 anche un oggetto da collezione e un pezzo decorativo.<\/p>\n<h2>Come si mantiene la lama della katana forgiata?<\/h2>\n<p>Le katane da collezione e decorative sono realizzate e assemblate in modo semplificato. Poich\u00e9 il loro uso \u00e8 decorativo, non hanno le caratteristiche di sicurezza richieste da una spada giapponese destinata all'allenamento.<\/p>\n<p>Tuttavia, il vostro <strong>Kyojuro che taglia la katana<\/strong> La Demon Slayer ha una lama in acciaio che deve essere mantenuta per evitare che si danneggi nel tempo. Se avete intenzione di esporre la vostra katana, i vostri amici saranno curiosi di vedere la lama e di toccarla. In questo caso \u00e8 necessario fare attenzione, poich\u00e9 l'acidit\u00e0 delle dita \u00e8 molto dannosa per l'acciaio, indipendentemente dalla sua qualit\u00e0.<\/p>\n<p>Se ci\u00f2 accade, non bisogna farsi prendere dal panico: basta usare un panno inumidito con un po' d'olio e cancellare le impronte digitali. In questo modo, la spada durer\u00e0 a lungo.<\/p>","protected":false},"excerpt":{"rendered":"<p>Superba replica nella sua versione affilata della katana di Ky\u014djur\u014d Rengoku nel manga animato Demon Slayer.<\/p>\n<ul>\n<li>Lama nera in acciaio al carbonio 1045 forgiato.<\/li>\n<li>Protezione in metallo bicolore.<\/li>\n<li>Manico ricoperto da una fascia di cotone bianco.<\/li>\n<li>Fodero in legno rivestito in finta pelle bianca decorata e cucita a mano.<\/li>\n<li>Consegnato nella sua scatola.<\/li>\n<li>Durezza: 60 HRC\/40 HRC. Acciaio: carbonio 1045 forgiato<\/li>\n<li>Lunghezza lama: 72,6 cm - Lunghezza totale con fodero: 108 cm - Peso: 1320 gr.<\/li>\n<\/ul>","protected":false},"featured_media":49157,"template":"","meta":[],"product_brand":[896],"product_cat":[63,26,117,38,23],"product_tag":[],"class_list":{"0":"post-49156","1":"product","2":"type-product","3":"status-publish","4":"has-post-thumbnail","6":"product_brand-replique-manga-cine","7":"product_cat-katana-demon-slayer","8":"product_cat-katana-epee","9":"product_cat-katana-demon-slayer-metal","10":"product_cat-katana-forge","11":"product_cat-repliques-manga-jeux-video","13":"first","14":"instock","15":"taxable","16":"shipping-taxable","17":"purchasable","18":"product-type-simple"},"yoast_head":"<!-- This site is optimized with the Yoast SEO plugin v27.4 - https:\/\/yoast.com\/product\/yoast-seo-wordpress\/ -->\n<title>Katana Coupant Kyojuro Demon Slayer - Boutique en ligne - RMC<\/title>\n<meta name=\"description\" content=\"Votre Katana Coupant Kyojuro Demon Slayers au meilleur prix. Lame en acier carbone 1045 - Fourreau cuir blanc - Longueur 108 cm - Envoi 24\/48h\" \/>\n<meta name=\"robots\" content=\"index, follow, max-snippet:-1, max-image-preview:large, max-video-preview:-1\" \/>\n<link rel=\"canonical\" href=\"https:\/\/repliquemangacine.fr\/it\/katana-demon-slayer-metal\/kyojuro-che-taglia-la-katana\/\" \/>\n<meta property=\"og:locale\" content=\"it_IT\" \/>\n<meta property=\"og:type\" content=\"article\" \/>\n<meta property=\"og:title\" content=\"Katana Coupant Kyojuro Demon Slayer - Boutique en ligne - RMC\" \/>\n<meta property=\"og:description\" content=\"Votre Katana Coupant Kyojuro Demon Slayers au meilleur prix. Lame en acier carbone 1045 - Fourreau cuir blanc - Longueur 108 cm - Envoi 24\/48h\" \/>\n<meta property=\"og:url\" content=\"https:\/\/repliquemangacine.fr\/it\/katana-demon-slayer-metal\/kyojuro-che-taglia-la-katana\/\" \/>\n<meta property=\"og:site_name\" content=\"R\u00e9plique Manga Cin\u00e9\" \/>\n<meta property=\"article:publisher\" content=\"https:\/\/www.facebook.com\/RepliqueMangaCine\" \/>\n<meta property=\"article:modified_time\" content=\"2025-11-01T18:42:36+00:00\" \/>\n<meta property=\"og:image\" content=\"https:\/\/repliquemangacine.fr\/wp-content\/uploads\/2023\/10\/0245-11.jpg\" \/>\n\t<meta property=\"og:image:width\" content=\"800\" \/>\n\t<meta property=\"og:image:height\" content=\"800\" \/>\n\t<meta property=\"og:image:type\" content=\"image\/jpeg\" \/>\n<meta name=\"twitter:card\" content=\"summary_large_image\" \/>\n<meta name=\"twitter:label1\" content=\"Tempo di lettura stimato\" \/>\n\t<meta name=\"twitter:data1\" content=\"2 minuti\" \/>\n<script type=\"application\/ld+json\" class=\"yoast-schema-graph\">{\"@context\":\"https:\\\/\\\/schema.org\",\"@graph\":[{\"@type\":\"WebPage\",\"@id\":\"https:\\\/\\\/repliquemangacine.fr\\\/katana-demon-slayer-metal\\\/katana-coupant-kyojuro\\\/\",\"url\":\"https:\\\/\\\/repliquemangacine.fr\\\/katana-demon-slayer-metal\\\/katana-coupant-kyojuro\\\/\",\"name\":\"Katana Coupant Kyojuro Demon Slayer - Boutique en ligne - RMC\",\"isPartOf\":{\"@id\":\"https:\\\/\\\/repliquemangacine.fr\\\/#website\"},\"primaryImageOfPage\":{\"@id\":\"https:\\\/\\\/repliquemangacine.fr\\\/katana-demon-slayer-metal\\\/katana-coupant-kyojuro\\\/#primaryimage\"},\"image\":{\"@id\":\"https:\\\/\\\/repliquemangacine.fr\\\/katana-demon-slayer-metal\\\/katana-coupant-kyojuro\\\/#primaryimage\"},\"thumbnailUrl\":\"https:\\\/\\\/repliquemangacine.fr\\\/wp-content\\\/uploads\\\/2023\\\/10\\\/0245-11.jpg\",\"datePublished\":\"2022-03-24T12:50:57+00:00\",\"dateModified\":\"2025-11-01T18:42:36+00:00\",\"description\":\"Votre Katana Coupant Kyojuro Demon Slayers au meilleur prix. Lame en acier carbone 1045 - Fourreau cuir blanc - Longueur 108 cm - Envoi 24\\\/48h\",\"breadcrumb\":{\"@id\":\"https:\\\/\\\/repliquemangacine.fr\\\/katana-demon-slayer-metal\\\/katana-coupant-kyojuro\\\/#breadcrumb\"},\"inLanguage\":\"it-IT\",\"potentialAction\":[{\"@type\":\"ReadAction\",\"target\":[\"https:\\\/\\\/repliquemangacine.fr\\\/katana-demon-slayer-metal\\\/katana-coupant-kyojuro\\\/\"]}]},{\"@type\":\"ImageObject\",\"inLanguage\":\"it-IT\",\"@id\":\"https:\\\/\\\/repliquemangacine.fr\\\/katana-demon-slayer-metal\\\/katana-coupant-kyojuro\\\/#primaryimage\",\"url\":\"https:\\\/\\\/repliquemangacine.fr\\\/wp-content\\\/uploads\\\/2023\\\/10\\\/0245-11.jpg\",\"contentUrl\":\"https:\\\/\\\/repliquemangacine.fr\\\/wp-content\\\/uploads\\\/2023\\\/10\\\/0245-11.jpg\",\"width\":800,\"height\":800,\"caption\":\"Katana Coupant Kyojuro Demon Slayer\"},{\"@type\":\"BreadcrumbList\",\"@id\":\"https:\\\/\\\/repliquemangacine.fr\\\/katana-demon-slayer-metal\\\/katana-coupant-kyojuro\\\/#breadcrumb\",\"itemListElement\":[{\"@type\":\"ListItem\",\"position\":1,\"name\":\"Accueil\",\"item\":\"https:\\\/\\\/repliquemangacine.fr\\\/\"},{\"@type\":\"ListItem\",\"position\":2,\"name\":\"Produits\",\"item\":\"https:\\\/\\\/repliquemangacine.fr\\\/boutique\\\/\"},{\"@type\":\"ListItem\",\"position\":3,\"name\":\"Katana Kyojuro forg\u00e9\"}]},{\"@type\":\"WebSite\",\"@id\":\"https:\\\/\\\/repliquemangacine.fr\\\/#website\",\"url\":\"https:\\\/\\\/repliquemangacine.fr\\\/\",\"name\":\"R\u00e9plique Manga Cin\u00e9\",\"description\":\"\",\"publisher\":{\"@id\":\"https:\\\/\\\/repliquemangacine.fr\\\/#organization\"},\"potentialAction\":[{\"@type\":\"SearchAction\",\"target\":{\"@type\":\"EntryPoint\",\"urlTemplate\":\"https:\\\/\\\/repliquemangacine.fr\\\/?s={search_term_string}\"},\"query-input\":{\"@type\":\"PropertyValueSpecification\",\"valueRequired\":true,\"valueName\":\"search_term_string\"}}],\"inLanguage\":\"it-IT\"},{\"@type\":\"Organization\",\"@id\":\"https:\\\/\\\/repliquemangacine.fr\\\/#organization\",\"name\":\"R\u00e9plique Manga Cin\u00e9\",\"url\":\"https:\\\/\\\/repliquemangacine.fr\\\/\",\"logo\":{\"@type\":\"ImageObject\",\"inLanguage\":\"it-IT\",\"@id\":\"https:\\\/\\\/repliquemangacine.fr\\\/#\\\/schema\\\/logo\\\/image\\\/\",\"url\":\"https:\\\/\\\/repliquemangacine.fr\\\/wp-content\\\/uploads\\\/2023\\\/10\\\/RMC-500250.png\",\"contentUrl\":\"https:\\\/\\\/repliquemangacine.fr\\\/wp-content\\\/uploads\\\/2023\\\/10\\\/RMC-500250.png\",\"width\":500,\"height\":250,\"caption\":\"R\u00e9plique Manga Cin\u00e9\"},\"image\":{\"@id\":\"https:\\\/\\\/repliquemangacine.fr\\\/#\\\/schema\\\/logo\\\/image\\\/\"},\"sameAs\":[\"https:\\\/\\\/www.facebook.com\\\/RepliqueMangaCine\",\"https:\\\/\\\/www.instagram.com\\\/repliquemangacine.fr\\\/\"]}]}<\/script>\n<!-- \/ Yoast SEO plugin. -->","yoast_head_json":{"title":"Katana da taglio Kyojuro Demon Slayer - Negozio online - RMC","description":"La tua Katana da taglio Kyojuro Demon Slayers al miglior prezzo. Lama in acciaio al carbonio 1045 - Fodero in pelle bianca - Lunghezza 108 cm - Spedizione 24\/48h","robots":{"index":"index","follow":"follow","max-snippet":"max-snippet:-1","max-image-preview":"max-image-preview:large","max-video-preview":"max-video-preview:-1"},"canonical":"https:\/\/repliquemangacine.fr\/it\/katana-demon-slayer-metal\/kyojuro-che-taglia-la-katana\/","og_locale":"it_IT","og_type":"article","og_title":"Katana Coupant Kyojuro Demon Slayer - Boutique en ligne - RMC","og_description":"Votre Katana Coupant Kyojuro Demon Slayers au meilleur prix. Lame en acier carbone 1045 - Fourreau cuir blanc - Longueur 108 cm - Envoi 24\/48h","og_url":"https:\/\/repliquemangacine.fr\/it\/katana-demon-slayer-metal\/kyojuro-che-taglia-la-katana\/","og_site_name":"R\u00e9plique Manga Cin\u00e9","article_publisher":"https:\/\/www.facebook.com\/RepliqueMangaCine","article_modified_time":"2025-11-01T18:42:36+00:00","og_image":[{"width":800,"height":800,"url":"https:\/\/repliquemangacine.fr\/wp-content\/uploads\/2023\/10\/0245-11.jpg","type":"image\/jpeg"}],"twitter_card":"summary_large_image","twitter_misc":{"Tempo di lettura stimato":"2 minuti"},"schema":{"@context":"https:\/\/schema.org","@graph":[{"@type":"WebPage","@id":"https:\/\/repliquemangacine.fr\/katana-demon-slayer-metal\/katana-coupant-kyojuro\/","url":"https:\/\/repliquemangacine.fr\/katana-demon-slayer-metal\/katana-coupant-kyojuro\/","name":"Katana da taglio Kyojuro Demon Slayer - Negozio online - RMC","isPartOf":{"@id":"https:\/\/repliquemangacine.fr\/#website"},"primaryImageOfPage":{"@id":"https:\/\/repliquemangacine.fr\/katana-demon-slayer-metal\/katana-coupant-kyojuro\/#primaryimage"},"image":{"@id":"https:\/\/repliquemangacine.fr\/katana-demon-slayer-metal\/katana-coupant-kyojuro\/#primaryimage"},"thumbnailUrl":"https:\/\/repliquemangacine.fr\/wp-content\/uploads\/2023\/10\/0245-11.jpg","datePublished":"2022-03-24T12:50:57+00:00","dateModified":"2025-11-01T18:42:36+00:00","description":"La tua Katana da taglio Kyojuro Demon Slayers al miglior prezzo. Lama in acciaio al carbonio 1045 - Fodero in pelle bianca - Lunghezza 108 cm - Spedizione 24\/48h","breadcrumb":{"@id":"https:\/\/repliquemangacine.fr\/katana-demon-slayer-metal\/katana-coupant-kyojuro\/#breadcrumb"},"inLanguage":"it-IT","potentialAction":[{"@type":"ReadAction","target":["https:\/\/repliquemangacine.fr\/katana-demon-slayer-metal\/katana-coupant-kyojuro\/"]}]},{"@type":"ImageObject","inLanguage":"it-IT","@id":"https:\/\/repliquemangacine.fr\/katana-demon-slayer-metal\/katana-coupant-kyojuro\/#primaryimage","url":"https:\/\/repliquemangacine.fr\/wp-content\/uploads\/2023\/10\/0245-11.jpg","contentUrl":"https:\/\/repliquemangacine.fr\/wp-content\/uploads\/2023\/10\/0245-11.jpg","width":800,"height":800,"caption":"Katana Coupant Kyojuro Demon Slayer"},{"@type":"BreadcrumbList","@id":"https:\/\/repliquemangacine.fr\/katana-demon-slayer-metal\/katana-coupant-kyojuro\/#breadcrumb","itemListElement":[{"@type":"ListItem","position":1,"name":"Accueil","item":"https:\/\/repliquemangacine.fr\/"},{"@type":"ListItem","position":2,"name":"Produits","item":"https:\/\/repliquemangacine.fr\/boutique\/"},{"@type":"ListItem","position":3,"name":"Katana Kyojuro forg\u00e9"}]},{"@type":"WebSite","@id":"https:\/\/repliquemangacine.fr\/#website","url":"https:\/\/repliquemangacine.fr\/","name":"R\u00e9plique Manga Cin\u00e9","description":"","publisher":{"@id":"https:\/\/repliquemangacine.fr\/#organization"},"potentialAction":[{"@type":"SearchAction","target":{"@type":"EntryPoint","urlTemplate":"https:\/\/repliquemangacine.fr\/?s={search_term_string}"},"query-input":{"@type":"PropertyValueSpecification","valueRequired":true,"valueName":"search_term_string"}}],"inLanguage":"it-IT"},{"@type":"Organization","@id":"https:\/\/repliquemangacine.fr\/#organization","name":"R\u00e9plique Manga Cin\u00e9","url":"https:\/\/repliquemangacine.fr\/","logo":{"@type":"ImageObject","inLanguage":"it-IT","@id":"https:\/\/repliquemangacine.fr\/#\/schema\/logo\/image\/","url":"https:\/\/repliquemangacine.fr\/wp-content\/uploads\/2023\/10\/RMC-500250.png","contentUrl":"https:\/\/repliquemangacine.fr\/wp-content\/uploads\/2023\/10\/RMC-500250.png","width":500,"height":250,"caption":"R\u00e9plique Manga Cin\u00e9"},"image":{"@id":"https:\/\/repliquemangacine.fr\/#\/schema\/logo\/image\/"},"sameAs":["https:\/\/www.facebook.com\/RepliqueMangaCine","https:\/\/www.instagram.com\/repliquemangacine.fr\/"]}]}},"_links":{"self":[{"href":"https:\/\/repliquemangacine.fr\/it\/wp-json\/wp\/v2\/product\/49156","targetHints":{"allow":["GET"]}}],"collection":[{"href":"https:\/\/repliquemangacine.fr\/it\/wp-json\/wp\/v2\/product"}],"about":[{"href":"https:\/\/repliquemangacine.fr\/it\/wp-json\/wp\/v2\/types\/product"}],"wp:featuredmedia":[{"embeddable":true,"href":"https:\/\/repliquemangacine.fr\/it\/wp-json\/wp\/v2\/media\/49157"}],"wp:attachment":[{"href":"https:\/\/repliquemangacine.fr\/it\/wp-json\/wp\/v2\/media?parent=49156"}],"wp:term":[{"taxonomy":"product_brand","embeddable":true,"href":"https:\/\/repliquemangacine.fr\/it\/wp-json\/wp\/v2\/product_brand?post=49156"},{"taxonomy":"product_cat","embeddable":true,"href":"https:\/\/repliquemangacine.fr\/it\/wp-json\/wp\/v2\/product_cat?post=49156"},{"taxonomy":"product_tag","embeddable":true,"href":"https:\/\/repliquemangacine.fr\/it\/wp-json\/wp\/v2\/product_tag?post=49156"}],"curies":[{"name":"wp","href":"https:\/\/api.w.org\/{rel}","templated":true}]}}