





{"id":49115,"date":"2022-03-22T14:21:09","date_gmt":"2022-03-22T13:21:09","guid":{"rendered":"https:\/\/repliquemangacine.fr\/?post_type=product&#038;p=49115"},"modified":"2025-09-23T18:02:44","modified_gmt":"2025-09-23T16:02:44","slug":"spada-ruler-fate-apocrypha-spada-de-jeanne-la-pucelle","status":"publish","type":"product","link":"https:\/\/repliquemangacine.fr\/it\/katana-et-epee-de-manga-anime-autre-manga\/epee-ruler-fate-apocrypha-epee-de-jeanne-la-pucelle\/","title":{"rendered":"Spada del destino Apocrifo"},"content":{"rendered":"<h2>La spada del sovrano Fate Apocrypha nella serie anime.<\/h2>\n<p>Per cominciare, il<strong>Spada del destino Apocrifo<\/strong> \u00e8 identico al manga animato.<\/p>\n<p>Il sovrano \u00e8 il <a href=\"https:\/\/typemoon.fandom.com\/fr\/wiki\/Servant\" target=\"_blank\" rel=\"noopener noreferrer\">Servo<\/a> Classe di governanti convocata durante la Guerra dell'Alto Graal in Fate\/Apocrypha. La sua vera identit\u00e0 \u00e8 quella di Santa Giovanna d'Arco (La Pucelle d'Orl\u00e9ans), l'eroina medievale francese che liber\u00f2 Orl\u00e9ans dagli inglesi durante la Guerra dei Cento Anni.<\/p>\n<p>Ruler ha il corpo di una giovane ragazza francese di nome L\u00e6ticia, le cui caratteristiche fisiche e magiche sono compatibili con lei. Quando si toglie il guanto, \u00e8 possibile vedere gli incantesimi di comando incisi sulla sua mano.<\/p>\n<p>Fate\/Apocrypha \u00e8 originariamente una light novel scritta da Yuuichirou Higashide. \u00c8 anche un manga e una serie televisiva. Fate\/Apocrypha si svolge in un mondo parallelo a quello di Fate\/Stay Night.<\/p>\n<h2>Your Fate Apocrypha Ruler Sword al miglior prezzo.<\/h2>\n<p>Offriamo un'ampia gamma di repliche di manga e videogiochi animati.<\/p>\n<p>Innanzitutto,<\/p>\n<ul>\n<li>L'<a href=\"https:\/\/repliquemangacine.fr\/it\/altri-manga\/spada-armatura-erza-fairy-tail\/\">armatura spada<\/a> la natura di Erza in Fairy Tail.<\/li>\n<li>Successivamente, la riproduzione del Demon's Chopper <a href=\"https:\/\/repliquemangacine.fr\/it\/altri-manga\/meliodas-spada-tesoro-sacro-lostvayne\/\">Lostvayne<\/a> nel manga e nell'anime Seven Deadly Sins.<\/li>\n<li>Cos\u00ec come il<a href=\"https:\/\/repliquemangacine.fr\/it\/altri-manga\/epee-de-trunks-dragon-ball-z\/\">La spada di Trunks<\/a> in Dragon Ball Z.<\/li>\n<li>E molti altri da scoprire nel nostro negozio online!<\/li>\n<\/ul>\n<p>Ecco un'ottima idea regalo per i fan di Fate Apocrypha e Fate\/stay night.<\/p>\n<p>In conclusione, \u00e8 possibile utilizzare l\u2019<strong>Spada del destino Apocrifo<\/strong> per le sfilate Cosplay alle convention. Ma soprattutto \u00e8 un oggetto da collezione e una decorazione.<\/p>\n<h2>Come si mantiene la lama della spada Manga?<\/h2>\n<p>Le spade da collezione e decorative sono realizzate e assemblate in modo semplificato. Poich\u00e9 il loro uso \u00e8 decorativo, non hanno le caratteristiche di sicurezza richieste per una spada giapponese destinata all'allenamento.<\/p>\n<p>Tuttavia, il vostro <strong>Spada del destino Apocrifo<\/strong> a una lama d'acciaio che deve essere curata per evitare che si danneggi nel tempo. Quando si espone la katana, gli amici saranno curiosi di vedere la lama e di toccarla. \u00c8 qui che bisogna fare attenzione, perch\u00e9 l'acidit\u00e0 delle dita \u00e8 molto dannosa per l'acciaio, indipendentemente dalla sua qualit\u00e0.<\/p>\n<p>Tuttavia, se ci\u00f2 dovesse accadere, niente panico: basta un panno inumidito con un po' d'olio per eliminare le impronte. In questo modo, la spada durer\u00e0 a lungo.<\/p>","protected":false},"excerpt":{"rendered":"<p>Spada di Giovanna d'Arco detta \"la Pucelle\" in Fate Apocrypha.<\/p>\n<ul>\n<li>Lama in acciaio 440 con scanalatura, non affilata.<\/li>\n<li>Elsa in acciaio e cinturino in metallo avvolto intorno all'elsa.<\/li>\n<li>Fodero in legno nero.<\/li>\n<li>Manopola e maniglia in acciaio massiccio.<\/li>\n<li>Lunghezza lama: 76 cm - Lunghezza totale: 115 cm<\/li>\n<li>Peso: 2050 grammi<\/li>\n<\/ul>\n<p><strong>\u00a0<\/strong><\/p>","protected":false},"featured_media":49116,"template":"","meta":[],"product_brand":[896],"product_cat":[65,23,101],"product_tag":[],"class_list":{"0":"post-49115","1":"product","2":"type-product","3":"status-publish","4":"has-post-thumbnail","6":"product_brand-replique-manga-cine","7":"product_cat-katana-et-epee-de-manga-anime-autre-manga","8":"product_cat-repliques-manga-jeux-video","9":"product_cat-soldes","11":"first","12":"instock","13":"sale","14":"taxable","15":"shipping-taxable","16":"purchasable","17":"product-type-simple"},"yoast_head":"<!-- This site is optimized with the Yoast SEO plugin v27.4 - https:\/\/yoast.com\/product\/yoast-seo-wordpress\/ -->\n<title>Ep\u00e9e Ruler Fate Apocrypha - Boutique en ligne - RMC<\/title>\n<meta name=\"description\" content=\"Offrez-vous l&#039;Ep\u00e9e Ruler Fate Apocrypha au meilleur prix. Lame acier avec gorge - Garde m\u00e9tal - Echelle 1\/1 - Longueur totale : 115 cm - Envoi 24\/48h\" \/>\n<meta name=\"robots\" content=\"index, follow, max-snippet:-1, max-image-preview:large, max-video-preview:-1\" \/>\n<link rel=\"canonical\" href=\"https:\/\/repliquemangacine.fr\/it\/bilanci\/spada-ruler-fate-apocrypha-spada-de-jeanne-la-pucelle\/\" \/>\n<meta property=\"og:locale\" content=\"it_IT\" \/>\n<meta property=\"og:type\" content=\"article\" \/>\n<meta property=\"og:title\" content=\"Ep\u00e9e Ruler Fate Apocrypha - Boutique en ligne - RMC\" \/>\n<meta property=\"og:description\" content=\"Offrez-vous l&#039;Ep\u00e9e Ruler Fate Apocrypha au meilleur prix. Lame acier avec gorge - Garde m\u00e9tal - Echelle 1\/1 - Longueur totale : 115 cm - Envoi 24\/48h\" \/>\n<meta property=\"og:url\" content=\"https:\/\/repliquemangacine.fr\/it\/bilanci\/spada-ruler-fate-apocrypha-spada-de-jeanne-la-pucelle\/\" \/>\n<meta property=\"og:site_name\" content=\"R\u00e9plique Manga Cin\u00e9\" \/>\n<meta property=\"article:publisher\" content=\"https:\/\/www.facebook.com\/RepliqueMangaCine\" \/>\n<meta property=\"article:modified_time\" content=\"2025-09-23T16:02:44+00:00\" \/>\n<meta property=\"og:image\" content=\"https:\/\/repliquemangacine.fr\/wp-content\/uploads\/2023\/10\/zs628.jpg\" \/>\n\t<meta property=\"og:image:width\" content=\"800\" \/>\n\t<meta property=\"og:image:height\" content=\"800\" \/>\n\t<meta property=\"og:image:type\" content=\"image\/jpeg\" \/>\n<meta name=\"twitter:card\" content=\"summary_large_image\" \/>\n<meta name=\"twitter:label1\" content=\"Tempo di lettura stimato\" \/>\n\t<meta name=\"twitter:data1\" content=\"2 minuti\" \/>\n<script type=\"application\/ld+json\" class=\"yoast-schema-graph\">{\"@context\":\"https:\\\/\\\/schema.org\",\"@graph\":[{\"@type\":\"WebPage\",\"@id\":\"https:\\\/\\\/repliquemangacine.fr\\\/soldes\\\/epee-ruler-fate-apocrypha-epee-de-jeanne-la-pucelle\\\/\",\"url\":\"https:\\\/\\\/repliquemangacine.fr\\\/soldes\\\/epee-ruler-fate-apocrypha-epee-de-jeanne-la-pucelle\\\/\",\"name\":\"Ep\u00e9e Ruler Fate Apocrypha - Boutique en ligne - RMC\",\"isPartOf\":{\"@id\":\"https:\\\/\\\/repliquemangacine.fr\\\/#website\"},\"primaryImageOfPage\":{\"@id\":\"https:\\\/\\\/repliquemangacine.fr\\\/soldes\\\/epee-ruler-fate-apocrypha-epee-de-jeanne-la-pucelle\\\/#primaryimage\"},\"image\":{\"@id\":\"https:\\\/\\\/repliquemangacine.fr\\\/soldes\\\/epee-ruler-fate-apocrypha-epee-de-jeanne-la-pucelle\\\/#primaryimage\"},\"thumbnailUrl\":\"https:\\\/\\\/repliquemangacine.fr\\\/wp-content\\\/uploads\\\/2023\\\/10\\\/zs628.jpg\",\"datePublished\":\"2022-03-22T13:21:09+00:00\",\"dateModified\":\"2025-09-23T16:02:44+00:00\",\"description\":\"Offrez-vous l'Ep\u00e9e Ruler Fate Apocrypha au meilleur prix. Lame acier avec gorge - Garde m\u00e9tal - Echelle 1\\\/1 - Longueur totale : 115 cm - Envoi 24\\\/48h\",\"breadcrumb\":{\"@id\":\"https:\\\/\\\/repliquemangacine.fr\\\/soldes\\\/epee-ruler-fate-apocrypha-epee-de-jeanne-la-pucelle\\\/#breadcrumb\"},\"inLanguage\":\"it-IT\",\"potentialAction\":[{\"@type\":\"ReadAction\",\"target\":[\"https:\\\/\\\/repliquemangacine.fr\\\/soldes\\\/epee-ruler-fate-apocrypha-epee-de-jeanne-la-pucelle\\\/\"]}]},{\"@type\":\"ImageObject\",\"inLanguage\":\"it-IT\",\"@id\":\"https:\\\/\\\/repliquemangacine.fr\\\/soldes\\\/epee-ruler-fate-apocrypha-epee-de-jeanne-la-pucelle\\\/#primaryimage\",\"url\":\"https:\\\/\\\/repliquemangacine.fr\\\/wp-content\\\/uploads\\\/2023\\\/10\\\/zs628.jpg\",\"contentUrl\":\"https:\\\/\\\/repliquemangacine.fr\\\/wp-content\\\/uploads\\\/2023\\\/10\\\/zs628.jpg\",\"width\":800,\"height\":800,\"caption\":\"Ep\u00e9e de jeanne la pucelle fate Apocrypha\"},{\"@type\":\"BreadcrumbList\",\"@id\":\"https:\\\/\\\/repliquemangacine.fr\\\/soldes\\\/epee-ruler-fate-apocrypha-epee-de-jeanne-la-pucelle\\\/#breadcrumb\",\"itemListElement\":[{\"@type\":\"ListItem\",\"position\":1,\"name\":\"Accueil\",\"item\":\"https:\\\/\\\/repliquemangacine.fr\\\/\"},{\"@type\":\"ListItem\",\"position\":2,\"name\":\"Produits\",\"item\":\"https:\\\/\\\/repliquemangacine.fr\\\/boutique\\\/\"},{\"@type\":\"ListItem\",\"position\":3,\"name\":\"Ep\u00e9e Ruler Fate Apocrypha\"}]},{\"@type\":\"WebSite\",\"@id\":\"https:\\\/\\\/repliquemangacine.fr\\\/#website\",\"url\":\"https:\\\/\\\/repliquemangacine.fr\\\/\",\"name\":\"R\u00e9plique Manga Cin\u00e9\",\"description\":\"\",\"publisher\":{\"@id\":\"https:\\\/\\\/repliquemangacine.fr\\\/#organization\"},\"potentialAction\":[{\"@type\":\"SearchAction\",\"target\":{\"@type\":\"EntryPoint\",\"urlTemplate\":\"https:\\\/\\\/repliquemangacine.fr\\\/?s={search_term_string}\"},\"query-input\":{\"@type\":\"PropertyValueSpecification\",\"valueRequired\":true,\"valueName\":\"search_term_string\"}}],\"inLanguage\":\"it-IT\"},{\"@type\":\"Organization\",\"@id\":\"https:\\\/\\\/repliquemangacine.fr\\\/#organization\",\"name\":\"R\u00e9plique Manga Cin\u00e9\",\"url\":\"https:\\\/\\\/repliquemangacine.fr\\\/\",\"logo\":{\"@type\":\"ImageObject\",\"inLanguage\":\"it-IT\",\"@id\":\"https:\\\/\\\/repliquemangacine.fr\\\/#\\\/schema\\\/logo\\\/image\\\/\",\"url\":\"https:\\\/\\\/repliquemangacine.fr\\\/wp-content\\\/uploads\\\/2023\\\/10\\\/RMC-500250.png\",\"contentUrl\":\"https:\\\/\\\/repliquemangacine.fr\\\/wp-content\\\/uploads\\\/2023\\\/10\\\/RMC-500250.png\",\"width\":500,\"height\":250,\"caption\":\"R\u00e9plique Manga Cin\u00e9\"},\"image\":{\"@id\":\"https:\\\/\\\/repliquemangacine.fr\\\/#\\\/schema\\\/logo\\\/image\\\/\"},\"sameAs\":[\"https:\\\/\\\/www.facebook.com\\\/RepliqueMangaCine\",\"https:\\\/\\\/www.instagram.com\\\/repliquemangacine.fr\\\/\"]}]}<\/script>\n<!-- \/ Yoast SEO plugin. -->","yoast_head_json":{"title":"Ruler Sword Fate Apocrypha - Negozio online - RMC","description":"Regalati la spada Fate Apocrypha Ruler al miglior prezzo. Lama in acciaio con gola - Guardia in metallo - Scala 1\/1 - Lunghezza totale : 115 cm - Spedizione 24\/48h","robots":{"index":"index","follow":"follow","max-snippet":"max-snippet:-1","max-image-preview":"max-image-preview:large","max-video-preview":"max-video-preview:-1"},"canonical":"https:\/\/repliquemangacine.fr\/it\/bilanci\/spada-ruler-fate-apocrypha-spada-de-jeanne-la-pucelle\/","og_locale":"it_IT","og_type":"article","og_title":"Ep\u00e9e Ruler Fate Apocrypha - Boutique en ligne - RMC","og_description":"Offrez-vous l'Ep\u00e9e Ruler Fate Apocrypha au meilleur prix. Lame acier avec gorge - Garde m\u00e9tal - Echelle 1\/1 - Longueur totale : 115 cm - Envoi 24\/48h","og_url":"https:\/\/repliquemangacine.fr\/it\/bilanci\/spada-ruler-fate-apocrypha-spada-de-jeanne-la-pucelle\/","og_site_name":"R\u00e9plique Manga Cin\u00e9","article_publisher":"https:\/\/www.facebook.com\/RepliqueMangaCine","article_modified_time":"2025-09-23T16:02:44+00:00","og_image":[{"width":800,"height":800,"url":"https:\/\/repliquemangacine.fr\/wp-content\/uploads\/2023\/10\/zs628.jpg","type":"image\/jpeg"}],"twitter_card":"summary_large_image","twitter_misc":{"Tempo di lettura stimato":"2 minuti"},"schema":{"@context":"https:\/\/schema.org","@graph":[{"@type":"WebPage","@id":"https:\/\/repliquemangacine.fr\/soldes\/epee-ruler-fate-apocrypha-epee-de-jeanne-la-pucelle\/","url":"https:\/\/repliquemangacine.fr\/soldes\/epee-ruler-fate-apocrypha-epee-de-jeanne-la-pucelle\/","name":"Ruler Sword Fate Apocrypha - Negozio online - RMC","isPartOf":{"@id":"https:\/\/repliquemangacine.fr\/#website"},"primaryImageOfPage":{"@id":"https:\/\/repliquemangacine.fr\/soldes\/epee-ruler-fate-apocrypha-epee-de-jeanne-la-pucelle\/#primaryimage"},"image":{"@id":"https:\/\/repliquemangacine.fr\/soldes\/epee-ruler-fate-apocrypha-epee-de-jeanne-la-pucelle\/#primaryimage"},"thumbnailUrl":"https:\/\/repliquemangacine.fr\/wp-content\/uploads\/2023\/10\/zs628.jpg","datePublished":"2022-03-22T13:21:09+00:00","dateModified":"2025-09-23T16:02:44+00:00","description":"Regalati la spada Fate Apocrypha Ruler al miglior prezzo. Lama in acciaio con gola - Guardia in metallo - Scala 1\/1 - Lunghezza totale : 115 cm - Spedizione 24\/48h","breadcrumb":{"@id":"https:\/\/repliquemangacine.fr\/soldes\/epee-ruler-fate-apocrypha-epee-de-jeanne-la-pucelle\/#breadcrumb"},"inLanguage":"it-IT","potentialAction":[{"@type":"ReadAction","target":["https:\/\/repliquemangacine.fr\/soldes\/epee-ruler-fate-apocrypha-epee-de-jeanne-la-pucelle\/"]}]},{"@type":"ImageObject","inLanguage":"it-IT","@id":"https:\/\/repliquemangacine.fr\/soldes\/epee-ruler-fate-apocrypha-epee-de-jeanne-la-pucelle\/#primaryimage","url":"https:\/\/repliquemangacine.fr\/wp-content\/uploads\/2023\/10\/zs628.jpg","contentUrl":"https:\/\/repliquemangacine.fr\/wp-content\/uploads\/2023\/10\/zs628.jpg","width":800,"height":800,"caption":"Ep\u00e9e de jeanne la pucelle fate Apocrypha"},{"@type":"BreadcrumbList","@id":"https:\/\/repliquemangacine.fr\/soldes\/epee-ruler-fate-apocrypha-epee-de-jeanne-la-pucelle\/#breadcrumb","itemListElement":[{"@type":"ListItem","position":1,"name":"Accueil","item":"https:\/\/repliquemangacine.fr\/"},{"@type":"ListItem","position":2,"name":"Produits","item":"https:\/\/repliquemangacine.fr\/boutique\/"},{"@type":"ListItem","position":3,"name":"Ep\u00e9e Ruler Fate Apocrypha"}]},{"@type":"WebSite","@id":"https:\/\/repliquemangacine.fr\/#website","url":"https:\/\/repliquemangacine.fr\/","name":"R\u00e9plique Manga Cin\u00e9","description":"","publisher":{"@id":"https:\/\/repliquemangacine.fr\/#organization"},"potentialAction":[{"@type":"SearchAction","target":{"@type":"EntryPoint","urlTemplate":"https:\/\/repliquemangacine.fr\/?s={search_term_string}"},"query-input":{"@type":"PropertyValueSpecification","valueRequired":true,"valueName":"search_term_string"}}],"inLanguage":"it-IT"},{"@type":"Organization","@id":"https:\/\/repliquemangacine.fr\/#organization","name":"R\u00e9plique Manga Cin\u00e9","url":"https:\/\/repliquemangacine.fr\/","logo":{"@type":"ImageObject","inLanguage":"it-IT","@id":"https:\/\/repliquemangacine.fr\/#\/schema\/logo\/image\/","url":"https:\/\/repliquemangacine.fr\/wp-content\/uploads\/2023\/10\/RMC-500250.png","contentUrl":"https:\/\/repliquemangacine.fr\/wp-content\/uploads\/2023\/10\/RMC-500250.png","width":500,"height":250,"caption":"R\u00e9plique Manga Cin\u00e9"},"image":{"@id":"https:\/\/repliquemangacine.fr\/#\/schema\/logo\/image\/"},"sameAs":["https:\/\/www.facebook.com\/RepliqueMangaCine","https:\/\/www.instagram.com\/repliquemangacine.fr\/"]}]}},"_links":{"self":[{"href":"https:\/\/repliquemangacine.fr\/it\/wp-json\/wp\/v2\/product\/49115","targetHints":{"allow":["GET"]}}],"collection":[{"href":"https:\/\/repliquemangacine.fr\/it\/wp-json\/wp\/v2\/product"}],"about":[{"href":"https:\/\/repliquemangacine.fr\/it\/wp-json\/wp\/v2\/types\/product"}],"wp:featuredmedia":[{"embeddable":true,"href":"https:\/\/repliquemangacine.fr\/it\/wp-json\/wp\/v2\/media\/49116"}],"wp:attachment":[{"href":"https:\/\/repliquemangacine.fr\/it\/wp-json\/wp\/v2\/media?parent=49115"}],"wp:term":[{"taxonomy":"product_brand","embeddable":true,"href":"https:\/\/repliquemangacine.fr\/it\/wp-json\/wp\/v2\/product_brand?post=49115"},{"taxonomy":"product_cat","embeddable":true,"href":"https:\/\/repliquemangacine.fr\/it\/wp-json\/wp\/v2\/product_cat?post=49115"},{"taxonomy":"product_tag","embeddable":true,"href":"https:\/\/repliquemangacine.fr\/it\/wp-json\/wp\/v2\/product_tag?post=49115"}],"curies":[{"name":"wp","href":"https:\/\/api.w.org\/{rel}","templated":true}]}}