





{"id":49103,"date":"2022-03-22T10:19:36","date_gmt":"2022-03-22T09:19:36","guid":{"rendered":"https:\/\/repliquemangacine.fr\/?post_type=product&#038;p=49103"},"modified":"2026-03-20T21:28:23","modified_gmt":"2026-03-20T20:28:23","slug":"staffa-da-parete-in-acciaio-per-spada","status":"publish","type":"product","link":"https:\/\/repliquemangacine.fr\/it\/epee-templier-medievale\/support-mural-en-acier-pour-epee\/","title":{"rendered":"Supporto a parete in acciaio per spada"},"content":{"rendered":"<h2>Supporto da parete in acciaio per spade.<\/h2>\n<p>Per cominciare, il <strong>Staffa a parete in acciaio<\/strong> \u00e8 praticamente invisibile una volta che la spada \u00e8 sospesa.<\/p>\n<p>I supporti di presentazione svolgono un ruolo essenziale nell'esposizione di spade, sciabole, katane, pistole e fucili da collezione. Questo set di due pezzi interamente in acciaio \u00e8 regolabile in profondit\u00e0, in modo da poter mostrare ai vostri amici la qualit\u00e0 delle vostre riproduzioni di armi storiche.<\/p>\n<p>Vale la pena sottolineare che la finitura di produzione di Denix \u00e8 sorprendente. Importatore di fama mondiale, <a href=\"https:\/\/www.denix.fr\/\">Denix<\/a> \u00e8 il marchio di riferimento per le riproduzioni di armi storiche. Sono rappresentate tutte le grandi storie di battaglie e guerre, tra cui :<\/p>\n<ul>\n<li>Il primo Impero con le sue spade e i suoi cannoni.<\/li>\n<li>Spade e armi del Medioevo<\/li>\n<li>Cowboy colts<\/li>\n<li>Infine, le armi della Seconda Guerra Mondiale.<\/li>\n<\/ul>\n<h2>La vostra replica di armi storiche al miglior prezzo.<\/h2>\n<p>Offriamo un'ampia gamma di riproduzioni di spade, fucili e pistole Denix.<\/p>\n<p>Innanzitutto,<\/p>\n<ul>\n<li>Il <a href=\"https:\/\/repliquemangacine.fr\/it\/armi-e-accessori-occidentali\/\">colts western<\/a> con fondine per essere un vero cowboy.<\/li>\n<li>Ci sono anche<a href=\"https:\/\/repliquemangacine.fr\/it\/pistola-antica\/\"> pistole antiche<\/a>Ma anche i vecchi fucili con le baionette.<\/li>\n<li>Cos\u00ec come tutte le riproduzioni di armi della Seconda Guerra Mondiale\u1d49 e dei suoi sbarchi.<\/li>\n<li>E molto altro ancora da scoprire nel nostro negozio online!<\/li>\n<\/ul>\n<p>Ecco quindi alcune grandi idee regalo per tutti gli amanti delle storie.<\/p>\n<p>In conclusione, \u00e8 possibile utilizzare il proprio <strong>Staffa a parete in acciaio<\/strong> per esporre tutte le armi da collezione.<\/p>\n<p>R\u00e9plique Manga Cin\u00e9 \u00e8 un'azienda familiare francese, distributore ufficiale del marchio Denix.<\/p>","protected":false},"excerpt":{"rendered":"<p>Supporto a parete a forma di forbice, pu\u00f2 essere fissato alla parete o a un palo di legno...<\/p>\n<ul>\n<li>Tutto acciaio.<\/li>\n<li>Braccia articolate, ravvicinate o ampiamente estese.<\/li>\n<li>Adatto a un'ampia variet\u00e0 di spade.<\/li>\n<li>La staffa a parete scompare dietro la maniglia, con i soli perni di fissaggio visibili nella parte anteriore.<\/li>\n<\/ul>\n<p>Altezza: da 5,5 cm a 7,5 cm - Larghezza: da 3 cm a 8 cm<\/p>\n<p><strong>\u00a0<\/strong><\/p>","protected":false},"featured_media":49104,"template":"","meta":[],"product_brand":[896],"product_cat":[50,25,84,92,26,43],"product_tag":[],"class_list":{"0":"post-49103","1":"product","2":"type-product","3":"status-publish","4":"has-post-thumbnail","6":"product_brand-replique-manga-cine","7":"product_cat-accessoires-katana","8":"product_cat-armes-historiques","9":"product_cat-epee-templier-medievale","10":"product_cat-haches-de-guerre-medievale-et-accessoire-medievaux","11":"product_cat-katana-epee","12":"product_cat-reproductions-d-armes-et-accessoires-medievales","14":"first","15":"instock","16":"taxable","17":"shipping-taxable","18":"purchasable","19":"product-type-simple"},"yoast_head":"<!-- This site is optimized with the Yoast SEO plugin v27.4 - https:\/\/yoast.com\/product\/yoast-seo-wordpress\/ -->\n<title>Support mural acier pour \u00e9p\u00e9e - R\u00e9plique Manga Cin\u00e9<\/title>\n<meta name=\"description\" content=\"Petit, discret et facile \u00e0 poser, ce support mural acier va vous enchanter ! une fois fixer au mur avec son \u00e9p\u00e9e, il devient invisible...\" \/>\n<meta name=\"robots\" content=\"index, follow, max-snippet:-1, max-image-preview:large, max-video-preview:-1\" \/>\n<link rel=\"canonical\" href=\"https:\/\/repliquemangacine.fr\/it\/asce-da-battaglia-medievali-e-accessori\/staffa-da-parete-in-acciaio-per-spada\/\" \/>\n<meta property=\"og:locale\" content=\"it_IT\" \/>\n<meta property=\"og:type\" content=\"article\" \/>\n<meta property=\"og:title\" content=\"Support mural acier pour \u00e9p\u00e9e - R\u00e9plique Manga Cin\u00e9\" \/>\n<meta property=\"og:description\" content=\"Petit, discret et facile \u00e0 poser, ce support mural acier va vous enchanter ! une fois fixer au mur avec son \u00e9p\u00e9e, il devient invisible...\" \/>\n<meta property=\"og:url\" content=\"https:\/\/repliquemangacine.fr\/it\/asce-da-battaglia-medievali-e-accessori\/staffa-da-parete-in-acciaio-per-spada\/\" \/>\n<meta property=\"og:site_name\" content=\"R\u00e9plique Manga Cin\u00e9\" \/>\n<meta property=\"article:publisher\" content=\"https:\/\/www.facebook.com\/RepliqueMangaCine\" \/>\n<meta property=\"article:modified_time\" content=\"2026-03-20T20:28:23+00:00\" \/>\n<meta property=\"og:image\" content=\"https:\/\/repliquemangacine.fr\/wp-content\/uploads\/2023\/10\/PORTE-EPEE.jpg\" \/>\n\t<meta property=\"og:image:width\" content=\"800\" \/>\n\t<meta property=\"og:image:height\" content=\"800\" \/>\n\t<meta property=\"og:image:type\" content=\"image\/jpeg\" \/>\n<meta name=\"twitter:card\" content=\"summary_large_image\" \/>\n<meta name=\"twitter:label1\" content=\"Tempo di lettura stimato\" \/>\n\t<meta name=\"twitter:data1\" content=\"1 minuto\" \/>\n<script type=\"application\/ld+json\" class=\"yoast-schema-graph\">{\"@context\":\"https:\\\/\\\/schema.org\",\"@graph\":[{\"@type\":\"WebPage\",\"@id\":\"https:\\\/\\\/repliquemangacine.fr\\\/haches-de-guerre-medievale-et-accessoire-medievaux\\\/support-mural-en-acier-pour-epee\\\/\",\"url\":\"https:\\\/\\\/repliquemangacine.fr\\\/haches-de-guerre-medievale-et-accessoire-medievaux\\\/support-mural-en-acier-pour-epee\\\/\",\"name\":\"Support mural acier pour \u00e9p\u00e9e - R\u00e9plique Manga Cin\u00e9\",\"isPartOf\":{\"@id\":\"https:\\\/\\\/repliquemangacine.fr\\\/#website\"},\"primaryImageOfPage\":{\"@id\":\"https:\\\/\\\/repliquemangacine.fr\\\/haches-de-guerre-medievale-et-accessoire-medievaux\\\/support-mural-en-acier-pour-epee\\\/#primaryimage\"},\"image\":{\"@id\":\"https:\\\/\\\/repliquemangacine.fr\\\/haches-de-guerre-medievale-et-accessoire-medievaux\\\/support-mural-en-acier-pour-epee\\\/#primaryimage\"},\"thumbnailUrl\":\"https:\\\/\\\/repliquemangacine.fr\\\/wp-content\\\/uploads\\\/2023\\\/10\\\/PORTE-EPEE.jpg\",\"datePublished\":\"2022-03-22T09:19:36+00:00\",\"dateModified\":\"2026-03-20T20:28:23+00:00\",\"description\":\"Petit, discret et facile \u00e0 poser, ce support mural acier va vous enchanter ! une fois fixer au mur avec son \u00e9p\u00e9e, il devient invisible...\",\"breadcrumb\":{\"@id\":\"https:\\\/\\\/repliquemangacine.fr\\\/haches-de-guerre-medievale-et-accessoire-medievaux\\\/support-mural-en-acier-pour-epee\\\/#breadcrumb\"},\"inLanguage\":\"it-IT\",\"potentialAction\":[{\"@type\":\"ReadAction\",\"target\":[\"https:\\\/\\\/repliquemangacine.fr\\\/haches-de-guerre-medievale-et-accessoire-medievaux\\\/support-mural-en-acier-pour-epee\\\/\"]}]},{\"@type\":\"ImageObject\",\"inLanguage\":\"it-IT\",\"@id\":\"https:\\\/\\\/repliquemangacine.fr\\\/haches-de-guerre-medievale-et-accessoire-medievaux\\\/support-mural-en-acier-pour-epee\\\/#primaryimage\",\"url\":\"https:\\\/\\\/repliquemangacine.fr\\\/wp-content\\\/uploads\\\/2023\\\/10\\\/PORTE-EPEE.jpg\",\"contentUrl\":\"https:\\\/\\\/repliquemangacine.fr\\\/wp-content\\\/uploads\\\/2023\\\/10\\\/PORTE-EPEE.jpg\",\"width\":800,\"height\":800,\"caption\":\"Porte Ep\u00e9e mural en acier\"},{\"@type\":\"BreadcrumbList\",\"@id\":\"https:\\\/\\\/repliquemangacine.fr\\\/haches-de-guerre-medievale-et-accessoire-medievaux\\\/support-mural-en-acier-pour-epee\\\/#breadcrumb\",\"itemListElement\":[{\"@type\":\"ListItem\",\"position\":1,\"name\":\"Accueil\",\"item\":\"https:\\\/\\\/repliquemangacine.fr\\\/\"},{\"@type\":\"ListItem\",\"position\":2,\"name\":\"Produits\",\"item\":\"https:\\\/\\\/repliquemangacine.fr\\\/boutique\\\/\"},{\"@type\":\"ListItem\",\"position\":3,\"name\":\"Support mural acier pour \u00e9p\u00e9e\"}]},{\"@type\":\"WebSite\",\"@id\":\"https:\\\/\\\/repliquemangacine.fr\\\/#website\",\"url\":\"https:\\\/\\\/repliquemangacine.fr\\\/\",\"name\":\"R\u00e9plique Manga Cin\u00e9\",\"description\":\"\",\"publisher\":{\"@id\":\"https:\\\/\\\/repliquemangacine.fr\\\/#organization\"},\"potentialAction\":[{\"@type\":\"SearchAction\",\"target\":{\"@type\":\"EntryPoint\",\"urlTemplate\":\"https:\\\/\\\/repliquemangacine.fr\\\/?s={search_term_string}\"},\"query-input\":{\"@type\":\"PropertyValueSpecification\",\"valueRequired\":true,\"valueName\":\"search_term_string\"}}],\"inLanguage\":\"it-IT\"},{\"@type\":\"Organization\",\"@id\":\"https:\\\/\\\/repliquemangacine.fr\\\/#organization\",\"name\":\"R\u00e9plique Manga Cin\u00e9\",\"url\":\"https:\\\/\\\/repliquemangacine.fr\\\/\",\"logo\":{\"@type\":\"ImageObject\",\"inLanguage\":\"it-IT\",\"@id\":\"https:\\\/\\\/repliquemangacine.fr\\\/#\\\/schema\\\/logo\\\/image\\\/\",\"url\":\"https:\\\/\\\/repliquemangacine.fr\\\/wp-content\\\/uploads\\\/2023\\\/10\\\/RMC-500250.png\",\"contentUrl\":\"https:\\\/\\\/repliquemangacine.fr\\\/wp-content\\\/uploads\\\/2023\\\/10\\\/RMC-500250.png\",\"width\":500,\"height\":250,\"caption\":\"R\u00e9plique Manga Cin\u00e9\"},\"image\":{\"@id\":\"https:\\\/\\\/repliquemangacine.fr\\\/#\\\/schema\\\/logo\\\/image\\\/\"},\"sameAs\":[\"https:\\\/\\\/www.facebook.com\\\/RepliqueMangaCine\",\"https:\\\/\\\/www.instagram.com\\\/repliquemangacine.fr\\\/\"]}]}<\/script>\n<!-- \/ Yoast SEO plugin. -->","yoast_head_json":{"title":"Staffa a parete in acciaio per spada - R\u00e9plique Manga Cin\u00e9","description":"Piccola, discreta e facile da installare, questa staffa da parete in acciaio vi conquister\u00e0! Una volta fissata alla parete con il suo spadino, diventa invisibile...","robots":{"index":"index","follow":"follow","max-snippet":"max-snippet:-1","max-image-preview":"max-image-preview:large","max-video-preview":"max-video-preview:-1"},"canonical":"https:\/\/repliquemangacine.fr\/it\/asce-da-battaglia-medievali-e-accessori\/staffa-da-parete-in-acciaio-per-spada\/","og_locale":"it_IT","og_type":"article","og_title":"Support mural acier pour \u00e9p\u00e9e - R\u00e9plique Manga Cin\u00e9","og_description":"Petit, discret et facile \u00e0 poser, ce support mural acier va vous enchanter ! une fois fixer au mur avec son \u00e9p\u00e9e, il devient invisible...","og_url":"https:\/\/repliquemangacine.fr\/it\/asce-da-battaglia-medievali-e-accessori\/staffa-da-parete-in-acciaio-per-spada\/","og_site_name":"R\u00e9plique Manga Cin\u00e9","article_publisher":"https:\/\/www.facebook.com\/RepliqueMangaCine","article_modified_time":"2026-03-20T20:28:23+00:00","og_image":[{"width":800,"height":800,"url":"https:\/\/repliquemangacine.fr\/wp-content\/uploads\/2023\/10\/PORTE-EPEE.jpg","type":"image\/jpeg"}],"twitter_card":"summary_large_image","twitter_misc":{"Tempo di lettura stimato":"1 minuto"},"schema":{"@context":"https:\/\/schema.org","@graph":[{"@type":"WebPage","@id":"https:\/\/repliquemangacine.fr\/haches-de-guerre-medievale-et-accessoire-medievaux\/support-mural-en-acier-pour-epee\/","url":"https:\/\/repliquemangacine.fr\/haches-de-guerre-medievale-et-accessoire-medievaux\/support-mural-en-acier-pour-epee\/","name":"Staffa a parete in acciaio per spada - R\u00e9plique Manga Cin\u00e9","isPartOf":{"@id":"https:\/\/repliquemangacine.fr\/#website"},"primaryImageOfPage":{"@id":"https:\/\/repliquemangacine.fr\/haches-de-guerre-medievale-et-accessoire-medievaux\/support-mural-en-acier-pour-epee\/#primaryimage"},"image":{"@id":"https:\/\/repliquemangacine.fr\/haches-de-guerre-medievale-et-accessoire-medievaux\/support-mural-en-acier-pour-epee\/#primaryimage"},"thumbnailUrl":"https:\/\/repliquemangacine.fr\/wp-content\/uploads\/2023\/10\/PORTE-EPEE.jpg","datePublished":"2022-03-22T09:19:36+00:00","dateModified":"2026-03-20T20:28:23+00:00","description":"Piccola, discreta e facile da installare, questa staffa da parete in acciaio vi conquister\u00e0! Una volta fissata alla parete con il suo spadino, diventa invisibile...","breadcrumb":{"@id":"https:\/\/repliquemangacine.fr\/haches-de-guerre-medievale-et-accessoire-medievaux\/support-mural-en-acier-pour-epee\/#breadcrumb"},"inLanguage":"it-IT","potentialAction":[{"@type":"ReadAction","target":["https:\/\/repliquemangacine.fr\/haches-de-guerre-medievale-et-accessoire-medievaux\/support-mural-en-acier-pour-epee\/"]}]},{"@type":"ImageObject","inLanguage":"it-IT","@id":"https:\/\/repliquemangacine.fr\/haches-de-guerre-medievale-et-accessoire-medievaux\/support-mural-en-acier-pour-epee\/#primaryimage","url":"https:\/\/repliquemangacine.fr\/wp-content\/uploads\/2023\/10\/PORTE-EPEE.jpg","contentUrl":"https:\/\/repliquemangacine.fr\/wp-content\/uploads\/2023\/10\/PORTE-EPEE.jpg","width":800,"height":800,"caption":"Porte Ep\u00e9e mural en acier"},{"@type":"BreadcrumbList","@id":"https:\/\/repliquemangacine.fr\/haches-de-guerre-medievale-et-accessoire-medievaux\/support-mural-en-acier-pour-epee\/#breadcrumb","itemListElement":[{"@type":"ListItem","position":1,"name":"Accueil","item":"https:\/\/repliquemangacine.fr\/"},{"@type":"ListItem","position":2,"name":"Produits","item":"https:\/\/repliquemangacine.fr\/boutique\/"},{"@type":"ListItem","position":3,"name":"Support mural acier pour \u00e9p\u00e9e"}]},{"@type":"WebSite","@id":"https:\/\/repliquemangacine.fr\/#website","url":"https:\/\/repliquemangacine.fr\/","name":"R\u00e9plique Manga Cin\u00e9","description":"","publisher":{"@id":"https:\/\/repliquemangacine.fr\/#organization"},"potentialAction":[{"@type":"SearchAction","target":{"@type":"EntryPoint","urlTemplate":"https:\/\/repliquemangacine.fr\/?s={search_term_string}"},"query-input":{"@type":"PropertyValueSpecification","valueRequired":true,"valueName":"search_term_string"}}],"inLanguage":"it-IT"},{"@type":"Organization","@id":"https:\/\/repliquemangacine.fr\/#organization","name":"R\u00e9plique Manga Cin\u00e9","url":"https:\/\/repliquemangacine.fr\/","logo":{"@type":"ImageObject","inLanguage":"it-IT","@id":"https:\/\/repliquemangacine.fr\/#\/schema\/logo\/image\/","url":"https:\/\/repliquemangacine.fr\/wp-content\/uploads\/2023\/10\/RMC-500250.png","contentUrl":"https:\/\/repliquemangacine.fr\/wp-content\/uploads\/2023\/10\/RMC-500250.png","width":500,"height":250,"caption":"R\u00e9plique Manga Cin\u00e9"},"image":{"@id":"https:\/\/repliquemangacine.fr\/#\/schema\/logo\/image\/"},"sameAs":["https:\/\/www.facebook.com\/RepliqueMangaCine","https:\/\/www.instagram.com\/repliquemangacine.fr\/"]}]}},"_links":{"self":[{"href":"https:\/\/repliquemangacine.fr\/it\/wp-json\/wp\/v2\/product\/49103","targetHints":{"allow":["GET"]}}],"collection":[{"href":"https:\/\/repliquemangacine.fr\/it\/wp-json\/wp\/v2\/product"}],"about":[{"href":"https:\/\/repliquemangacine.fr\/it\/wp-json\/wp\/v2\/types\/product"}],"wp:featuredmedia":[{"embeddable":true,"href":"https:\/\/repliquemangacine.fr\/it\/wp-json\/wp\/v2\/media\/49104"}],"wp:attachment":[{"href":"https:\/\/repliquemangacine.fr\/it\/wp-json\/wp\/v2\/media?parent=49103"}],"wp:term":[{"taxonomy":"product_brand","embeddable":true,"href":"https:\/\/repliquemangacine.fr\/it\/wp-json\/wp\/v2\/product_brand?post=49103"},{"taxonomy":"product_cat","embeddable":true,"href":"https:\/\/repliquemangacine.fr\/it\/wp-json\/wp\/v2\/product_cat?post=49103"},{"taxonomy":"product_tag","embeddable":true,"href":"https:\/\/repliquemangacine.fr\/it\/wp-json\/wp\/v2\/product_tag?post=49103"}],"curies":[{"name":"wp","href":"https:\/\/api.w.org\/{rel}","templated":true}]}}