





{"id":49004,"date":"2022-03-18T11:58:20","date_gmt":"2022-03-18T10:58:20","guid":{"rendered":"https:\/\/repliquemangacine.fr\/?post_type=product&#038;p=49004"},"modified":"2026-04-15T12:00:54","modified_gmt":"2026-04-15T10:00:54","slug":"katana-du-dernier-samourai-lultimo-samourai","status":"publish","type":"product","link":"https:\/\/repliquemangacine.fr\/it\/katanas-le-dernier-samourai\/katana-du-dernier-samourai-the-last-samourai\/","title":{"rendered":"Ultima Katana del Samurai"},"content":{"rendered":"<h2>Katana Last Samurai di Nathan Algren.<\/h2>\n<p>Per cominciare, il <strong>Ultima Katana del Samurai<\/strong> \u00e8 una superba battuta di Tom Cruise ne L'ultimo samurai.<\/p>\n<p>Questo film \u00e8 un libero adattamento ispirato agli eventi della Ribellione di Satsuma del 1877 e alla storia di Jules Brunet, un ufficiale francese che si dimise dall'esercito per fedelt\u00e0 all'ultimo shogun, Tokugawa Yoshinobu, che aveva precedentemente firmato un trattato di amicizia con Napoleone III.<\/p>\n<p>La spada giapponese (Nihonto) descrive un insieme di armi a lama realizzate con tecniche giapponesi. Esse comprendono il Tachi, il Wakizashi, il Tanto e, naturalmente, la famosa Katana. La spada giapponese \u00e8 stata creata per la guerra. Oggi \u00e8 considerata un'opera d'arte a tutti gli effetti. Esiste una <a href=\"https:\/\/www.touken.or.jp\/english\/\" target=\"_blank\" rel=\"noopener noreferrer\">museo della spada<\/a> in Giappone.<\/p>\n<h2>Il tuo Katana Dernier Samoura\u00ef al miglior prezzo.<\/h2>\n<p>Offriamo un'ampia gamma di spade giapponesi per l'allenamento e la decorazione.<\/p>\n<p>Innanzitutto,<\/p>\n<ul>\n<li>Le <a href=\"https:\/\/repliquemangacine.fr\/it\/fucina-di-katana\/katana-forge-dragon-bleu\/\">Katana del drago forgiata<\/a> allenamento al taglio per principianti.<\/li>\n<li>Ma anche il<a href=\"https:\/\/repliquemangacine.fr\/it\/lultimo-samurai\/la-katana-forgia-lultimo-samurai\/\"> spada forgiata<\/a> di Nathan Algren nel film L'ultimo samurai.<\/li>\n<li>E molti altri da scoprire nel nostro negozio online!<\/li>\n<\/ul>\n<p>Ecco un'ottima idea regalo per i fan de L'ultimo samurai di Tom Cruise.<\/p>\n<p>In conclusione, \u00e8 possibile utilizzare questo <strong>Ultima Katana del Samurai<\/strong> per le sfilate di cosplay o per la vostra collezione. Ma soprattutto, \u00e8 anche un oggetto da collezione e un oggetto decorativo.<\/p>\n<h2>Come si mantiene la lama della spada giapponese?<\/h2>\n<p>Le katane da collezione e decorative sono realizzate e assemblate in modo semplificato. Poich\u00e9 il loro uso \u00e8 decorativo, non hanno le caratteristiche di sicurezza richieste da una spada giapponese destinata all'allenamento.<\/p>\n<p>Tuttavia, il vostro <strong>Ultima katana da samurai<\/strong> a una lama d'acciaio che deve essere curata per evitare che si danneggi nel tempo. Quando si espone la katana, gli amici saranno curiosi di vedere la lama e di toccarla. \u00c8 qui che bisogna fare attenzione, perch\u00e9 l'acidit\u00e0 delle dita \u00e8 molto dannosa per l'acciaio, indipendentemente dalla sua qualit\u00e0.<\/p>\n<p>Tuttavia, se ci\u00f2 dovesse accadere, niente panico: basta un panno inumidito con un po' d'olio per eliminare le impronte. In questo modo, la spada durer\u00e0 a lungo.<\/p>","protected":false},"excerpt":{"rendered":"<p>La Katana di Nathan Algren ne L'ultimo samurai.<\/p>\n<ul>\n<li>Lama in acciaio 440 con incisione \"Appartengo al guerriero in cui le antiche tradizioni hanno incontrato la modernit\u00e0\".<\/li>\n<li>Fornito con supporto in legno.<\/li>\n<li>Elsa in acciaio decorata con un drago.<\/li>\n<li>Fodero inciso.<\/li>\n<li>Manico rivestito di treccia di cotone nero.<\/li>\n<li>Lunghezza lama: 68 cm - Lunghezza totale: 103 cm<\/li>\n<\/ul>","protected":false},"featured_media":49005,"template":"","meta":[],"product_brand":[896],"product_cat":[66,24,26,32,88],"product_tag":[],"class_list":{"0":"post-49004","1":"product","2":"type-product","3":"status-publish","4":"has-post-thumbnail","6":"product_brand-replique-manga-cine","7":"product_cat-repliques-d-armes-films-et-series","8":"product_cat-films-series-tv-vente-de-katana-epee-et-produits-derives","9":"product_cat-katana-epee","10":"product_cat-katana-decoration","11":"product_cat-katanas-le-dernier-samourai","13":"first","14":"instock","15":"sale","16":"taxable","17":"shipping-taxable","18":"purchasable","19":"product-type-simple"},"yoast_head":"<!-- This site is optimized with the Yoast SEO plugin v27.4 - https:\/\/yoast.com\/product\/yoast-seo-wordpress\/ -->\n<title>Katana Dernier Samoura\u00ef - Vente en ligne - R\u00e9plique Manga Cin\u00e9<\/title>\n<meta name=\"description\" content=\"Offrez-vous le Katana Dernier Samoura\u00ef au meilleur prix. Lame en acier avec gravure - Fourreau bois grav\u00e9 - Longueur totale\u00a0: 103 cm - Envoi 24\/48h\" \/>\n<meta name=\"robots\" content=\"index, follow, max-snippet:-1, max-image-preview:large, max-video-preview:-1\" \/>\n<link rel=\"canonical\" href=\"https:\/\/repliquemangacine.fr\/it\/katana-lultimo-samurai\/katana-du-dernier-samourai-lultimo-samourai\/\" \/>\n<meta property=\"og:locale\" content=\"it_IT\" \/>\n<meta property=\"og:type\" content=\"article\" \/>\n<meta property=\"og:title\" content=\"Katana Dernier Samoura\u00ef - Vente en ligne - R\u00e9plique Manga Cin\u00e9\" \/>\n<meta property=\"og:description\" content=\"Offrez-vous le Katana Dernier Samoura\u00ef au meilleur prix. Lame en acier avec gravure - Fourreau bois grav\u00e9 - Longueur totale\u00a0: 103 cm - Envoi 24\/48h\" \/>\n<meta property=\"og:url\" content=\"https:\/\/repliquemangacine.fr\/it\/katana-lultimo-samurai\/katana-du-dernier-samourai-lultimo-samourai\/\" \/>\n<meta property=\"og:site_name\" content=\"R\u00e9plique Manga Cin\u00e9\" \/>\n<meta property=\"article:publisher\" content=\"https:\/\/www.facebook.com\/RepliqueMangaCine\" \/>\n<meta property=\"article:modified_time\" content=\"2026-04-15T10:00:54+00:00\" \/>\n<meta property=\"og:image\" content=\"https:\/\/repliquemangacine.fr\/wp-content\/uploads\/2023\/10\/dernier-samourai.jpg\" \/>\n\t<meta property=\"og:image:width\" content=\"800\" \/>\n\t<meta property=\"og:image:height\" content=\"800\" \/>\n\t<meta property=\"og:image:type\" content=\"image\/jpeg\" \/>\n<meta name=\"twitter:card\" content=\"summary_large_image\" \/>\n<meta name=\"twitter:label1\" content=\"Tempo di lettura stimato\" \/>\n\t<meta name=\"twitter:data1\" content=\"2 minuti\" \/>\n<script type=\"application\/ld+json\" class=\"yoast-schema-graph\">{\"@context\":\"https:\\\/\\\/schema.org\",\"@graph\":[{\"@type\":\"WebPage\",\"@id\":\"https:\\\/\\\/repliquemangacine.fr\\\/katanas-le-dernier-samourai\\\/katana-du-dernier-samourai-the-last-samourai\\\/\",\"url\":\"https:\\\/\\\/repliquemangacine.fr\\\/katanas-le-dernier-samourai\\\/katana-du-dernier-samourai-the-last-samourai\\\/\",\"name\":\"Katana Dernier Samoura\u00ef - Vente en ligne - R\u00e9plique Manga Cin\u00e9\",\"isPartOf\":{\"@id\":\"https:\\\/\\\/repliquemangacine.fr\\\/#website\"},\"primaryImageOfPage\":{\"@id\":\"https:\\\/\\\/repliquemangacine.fr\\\/katanas-le-dernier-samourai\\\/katana-du-dernier-samourai-the-last-samourai\\\/#primaryimage\"},\"image\":{\"@id\":\"https:\\\/\\\/repliquemangacine.fr\\\/katanas-le-dernier-samourai\\\/katana-du-dernier-samourai-the-last-samourai\\\/#primaryimage\"},\"thumbnailUrl\":\"https:\\\/\\\/repliquemangacine.fr\\\/wp-content\\\/uploads\\\/2023\\\/10\\\/dernier-samourai.jpg\",\"datePublished\":\"2022-03-18T10:58:20+00:00\",\"dateModified\":\"2026-04-15T10:00:54+00:00\",\"description\":\"Offrez-vous le Katana Dernier Samoura\u00ef au meilleur prix. Lame en acier avec gravure - Fourreau bois grav\u00e9 - Longueur totale\u00a0: 103 cm - Envoi 24\\\/48h\",\"breadcrumb\":{\"@id\":\"https:\\\/\\\/repliquemangacine.fr\\\/katanas-le-dernier-samourai\\\/katana-du-dernier-samourai-the-last-samourai\\\/#breadcrumb\"},\"inLanguage\":\"it-IT\",\"potentialAction\":[{\"@type\":\"ReadAction\",\"target\":[\"https:\\\/\\\/repliquemangacine.fr\\\/katanas-le-dernier-samourai\\\/katana-du-dernier-samourai-the-last-samourai\\\/\"]}]},{\"@type\":\"ImageObject\",\"inLanguage\":\"it-IT\",\"@id\":\"https:\\\/\\\/repliquemangacine.fr\\\/katanas-le-dernier-samourai\\\/katana-du-dernier-samourai-the-last-samourai\\\/#primaryimage\",\"url\":\"https:\\\/\\\/repliquemangacine.fr\\\/wp-content\\\/uploads\\\/2023\\\/10\\\/dernier-samourai.jpg\",\"contentUrl\":\"https:\\\/\\\/repliquemangacine.fr\\\/wp-content\\\/uploads\\\/2023\\\/10\\\/dernier-samourai.jpg\",\"width\":800,\"height\":800,\"caption\":\"r\u00e9plique Katana du dernier-samourai\"},{\"@type\":\"BreadcrumbList\",\"@id\":\"https:\\\/\\\/repliquemangacine.fr\\\/katanas-le-dernier-samourai\\\/katana-du-dernier-samourai-the-last-samourai\\\/#breadcrumb\",\"itemListElement\":[{\"@type\":\"ListItem\",\"position\":1,\"name\":\"Accueil\",\"item\":\"https:\\\/\\\/repliquemangacine.fr\\\/\"},{\"@type\":\"ListItem\",\"position\":2,\"name\":\"Produits\",\"item\":\"https:\\\/\\\/repliquemangacine.fr\\\/boutique\\\/\"},{\"@type\":\"ListItem\",\"position\":3,\"name\":\"Katana Dernier Samoura\u00ef\"}]},{\"@type\":\"WebSite\",\"@id\":\"https:\\\/\\\/repliquemangacine.fr\\\/#website\",\"url\":\"https:\\\/\\\/repliquemangacine.fr\\\/\",\"name\":\"R\u00e9plique Manga Cin\u00e9\",\"description\":\"\",\"publisher\":{\"@id\":\"https:\\\/\\\/repliquemangacine.fr\\\/#organization\"},\"potentialAction\":[{\"@type\":\"SearchAction\",\"target\":{\"@type\":\"EntryPoint\",\"urlTemplate\":\"https:\\\/\\\/repliquemangacine.fr\\\/?s={search_term_string}\"},\"query-input\":{\"@type\":\"PropertyValueSpecification\",\"valueRequired\":true,\"valueName\":\"search_term_string\"}}],\"inLanguage\":\"it-IT\"},{\"@type\":\"Organization\",\"@id\":\"https:\\\/\\\/repliquemangacine.fr\\\/#organization\",\"name\":\"R\u00e9plique Manga Cin\u00e9\",\"url\":\"https:\\\/\\\/repliquemangacine.fr\\\/\",\"logo\":{\"@type\":\"ImageObject\",\"inLanguage\":\"it-IT\",\"@id\":\"https:\\\/\\\/repliquemangacine.fr\\\/#\\\/schema\\\/logo\\\/image\\\/\",\"url\":\"https:\\\/\\\/repliquemangacine.fr\\\/wp-content\\\/uploads\\\/2023\\\/10\\\/RMC-500250.png\",\"contentUrl\":\"https:\\\/\\\/repliquemangacine.fr\\\/wp-content\\\/uploads\\\/2023\\\/10\\\/RMC-500250.png\",\"width\":500,\"height\":250,\"caption\":\"R\u00e9plique Manga Cin\u00e9\"},\"image\":{\"@id\":\"https:\\\/\\\/repliquemangacine.fr\\\/#\\\/schema\\\/logo\\\/image\\\/\"},\"sameAs\":[\"https:\\\/\\\/www.facebook.com\\\/RepliqueMangaCine\",\"https:\\\/\\\/www.instagram.com\\\/repliquemangacine.fr\\\/\"]}]}<\/script>\n<!-- \/ Yoast SEO plugin. -->","yoast_head_json":{"title":"Katana Dernier Samoura\u00ef - Vendita online - R\u00e9plique Manga Cin\u00e9","description":"Regalati l'Ultima Katana Samurai al miglior prezzo. Lama in acciaio con incisione - Fodero in legno inciso - Lunghezza totale: 103 cm - Spedizione 24\/48h","robots":{"index":"index","follow":"follow","max-snippet":"max-snippet:-1","max-image-preview":"max-image-preview:large","max-video-preview":"max-video-preview:-1"},"canonical":"https:\/\/repliquemangacine.fr\/it\/katana-lultimo-samurai\/katana-du-dernier-samourai-lultimo-samourai\/","og_locale":"it_IT","og_type":"article","og_title":"Katana Dernier Samoura\u00ef - Vente en ligne - R\u00e9plique Manga Cin\u00e9","og_description":"Offrez-vous le Katana Dernier Samoura\u00ef au meilleur prix. Lame en acier avec gravure - Fourreau bois grav\u00e9 - Longueur totale\u00a0: 103 cm - Envoi 24\/48h","og_url":"https:\/\/repliquemangacine.fr\/it\/katana-lultimo-samurai\/katana-du-dernier-samourai-lultimo-samourai\/","og_site_name":"R\u00e9plique Manga Cin\u00e9","article_publisher":"https:\/\/www.facebook.com\/RepliqueMangaCine","article_modified_time":"2026-04-15T10:00:54+00:00","og_image":[{"width":800,"height":800,"url":"https:\/\/repliquemangacine.fr\/wp-content\/uploads\/2023\/10\/dernier-samourai.jpg","type":"image\/jpeg"}],"twitter_card":"summary_large_image","twitter_misc":{"Tempo di lettura stimato":"2 minuti"},"schema":{"@context":"https:\/\/schema.org","@graph":[{"@type":"WebPage","@id":"https:\/\/repliquemangacine.fr\/katanas-le-dernier-samourai\/katana-du-dernier-samourai-the-last-samourai\/","url":"https:\/\/repliquemangacine.fr\/katanas-le-dernier-samourai\/katana-du-dernier-samourai-the-last-samourai\/","name":"Katana Dernier Samoura\u00ef - Vendita online - R\u00e9plique Manga Cin\u00e9","isPartOf":{"@id":"https:\/\/repliquemangacine.fr\/#website"},"primaryImageOfPage":{"@id":"https:\/\/repliquemangacine.fr\/katanas-le-dernier-samourai\/katana-du-dernier-samourai-the-last-samourai\/#primaryimage"},"image":{"@id":"https:\/\/repliquemangacine.fr\/katanas-le-dernier-samourai\/katana-du-dernier-samourai-the-last-samourai\/#primaryimage"},"thumbnailUrl":"https:\/\/repliquemangacine.fr\/wp-content\/uploads\/2023\/10\/dernier-samourai.jpg","datePublished":"2022-03-18T10:58:20+00:00","dateModified":"2026-04-15T10:00:54+00:00","description":"Regalati l'Ultima Katana Samurai al miglior prezzo. Lama in acciaio con incisione - Fodero in legno inciso - Lunghezza totale: 103 cm - Spedizione 24\/48h","breadcrumb":{"@id":"https:\/\/repliquemangacine.fr\/katanas-le-dernier-samourai\/katana-du-dernier-samourai-the-last-samourai\/#breadcrumb"},"inLanguage":"it-IT","potentialAction":[{"@type":"ReadAction","target":["https:\/\/repliquemangacine.fr\/katanas-le-dernier-samourai\/katana-du-dernier-samourai-the-last-samourai\/"]}]},{"@type":"ImageObject","inLanguage":"it-IT","@id":"https:\/\/repliquemangacine.fr\/katanas-le-dernier-samourai\/katana-du-dernier-samourai-the-last-samourai\/#primaryimage","url":"https:\/\/repliquemangacine.fr\/wp-content\/uploads\/2023\/10\/dernier-samourai.jpg","contentUrl":"https:\/\/repliquemangacine.fr\/wp-content\/uploads\/2023\/10\/dernier-samourai.jpg","width":800,"height":800,"caption":"r\u00e9plique Katana du dernier-samourai"},{"@type":"BreadcrumbList","@id":"https:\/\/repliquemangacine.fr\/katanas-le-dernier-samourai\/katana-du-dernier-samourai-the-last-samourai\/#breadcrumb","itemListElement":[{"@type":"ListItem","position":1,"name":"Accueil","item":"https:\/\/repliquemangacine.fr\/"},{"@type":"ListItem","position":2,"name":"Produits","item":"https:\/\/repliquemangacine.fr\/boutique\/"},{"@type":"ListItem","position":3,"name":"Katana Dernier Samoura\u00ef"}]},{"@type":"WebSite","@id":"https:\/\/repliquemangacine.fr\/#website","url":"https:\/\/repliquemangacine.fr\/","name":"R\u00e9plique Manga Cin\u00e9","description":"","publisher":{"@id":"https:\/\/repliquemangacine.fr\/#organization"},"potentialAction":[{"@type":"SearchAction","target":{"@type":"EntryPoint","urlTemplate":"https:\/\/repliquemangacine.fr\/?s={search_term_string}"},"query-input":{"@type":"PropertyValueSpecification","valueRequired":true,"valueName":"search_term_string"}}],"inLanguage":"it-IT"},{"@type":"Organization","@id":"https:\/\/repliquemangacine.fr\/#organization","name":"R\u00e9plique Manga Cin\u00e9","url":"https:\/\/repliquemangacine.fr\/","logo":{"@type":"ImageObject","inLanguage":"it-IT","@id":"https:\/\/repliquemangacine.fr\/#\/schema\/logo\/image\/","url":"https:\/\/repliquemangacine.fr\/wp-content\/uploads\/2023\/10\/RMC-500250.png","contentUrl":"https:\/\/repliquemangacine.fr\/wp-content\/uploads\/2023\/10\/RMC-500250.png","width":500,"height":250,"caption":"R\u00e9plique Manga Cin\u00e9"},"image":{"@id":"https:\/\/repliquemangacine.fr\/#\/schema\/logo\/image\/"},"sameAs":["https:\/\/www.facebook.com\/RepliqueMangaCine","https:\/\/www.instagram.com\/repliquemangacine.fr\/"]}]}},"_links":{"self":[{"href":"https:\/\/repliquemangacine.fr\/it\/wp-json\/wp\/v2\/product\/49004","targetHints":{"allow":["GET"]}}],"collection":[{"href":"https:\/\/repliquemangacine.fr\/it\/wp-json\/wp\/v2\/product"}],"about":[{"href":"https:\/\/repliquemangacine.fr\/it\/wp-json\/wp\/v2\/types\/product"}],"wp:featuredmedia":[{"embeddable":true,"href":"https:\/\/repliquemangacine.fr\/it\/wp-json\/wp\/v2\/media\/49005"}],"wp:attachment":[{"href":"https:\/\/repliquemangacine.fr\/it\/wp-json\/wp\/v2\/media?parent=49004"}],"wp:term":[{"taxonomy":"product_brand","embeddable":true,"href":"https:\/\/repliquemangacine.fr\/it\/wp-json\/wp\/v2\/product_brand?post=49004"},{"taxonomy":"product_cat","embeddable":true,"href":"https:\/\/repliquemangacine.fr\/it\/wp-json\/wp\/v2\/product_cat?post=49004"},{"taxonomy":"product_tag","embeddable":true,"href":"https:\/\/repliquemangacine.fr\/it\/wp-json\/wp\/v2\/product_tag?post=49004"}],"curies":[{"name":"wp","href":"https:\/\/api.w.org\/{rel}","templated":true}]}}