





{"id":48728,"date":"2022-03-07T13:08:04","date_gmt":"2022-03-07T12:08:04","guid":{"rendered":"https:\/\/repliquemangacine.fr\/?post_type=product&#038;p=48728"},"modified":"2026-04-08T07:48:31","modified_gmt":"2026-04-08T05:48:31","slug":"1982-pistola-denix-nickele-desert-eagle","status":"publish","type":"product","link":"https:\/\/repliquemangacine.fr\/it\/pistolet-moderne\/pistolet-desert-eagle-nickele-1982-denix\/","title":{"rendered":"Desert Eagle nichelato 1982"},"content":{"rendered":"<h2>1982 Desert Eagle Pistola nichelata - Denix<\/h2>\n<p>Per cominciare, il <strong>Pistola Desert Eagle nichelata<\/strong> \u00e8 un'arma potente e semiautomatica in calibro .357, .44 e .50.  Progettata all'inizio degli anni '80 in Israele e poi negli Stati Uniti.<\/p>\n<p>Il peso e la lunghezza sono quasi doppi rispetto alle pistole militari. Viene descritta pi\u00f9 come un'arma a mano che come una pistola. Utilizza un sistema a gas simile a quello di molti fucili e mitragliatrici.<\/p>\n<p>L'industria dei videogiochi e il cinema non hanno tardato a farlo proprio. Lo si pu\u00f2 vedere in Nikita, Matrix e Agent Smith.<\/p>\n<p>Appare anche in numerosi videogiochi, tra cui Resident Evil, Tom Raider3 e Counter-Strike. L'arma preferita di Meryl in Metal Gear Solid.<\/p>\n<h3>Offriamo un'ampia gamma di riproduzioni di armi in Denix.<\/h3>\n<p>Innanzitutto,<\/p>\n<ul>\n<li>La replica del <a href=\"https:\/\/repliquemangacine.fr\/it\/i-morti-che-camminano\/replique-revolver-python-6-usa-1955\/\">revolver pitonato<\/a> che \u00e8 l'arma principale di Rick Grimes nella serie televisiva The Walking Dead.<\/li>\n<li>Esiste anche una riproduzione del revolver <a href=\"https:\/\/repliquemangacine.fr\/it\/pistola-moderna\/revolver-colt-python-357-magnum-4\/\">Colt Python 357 Magnum 4<\/a>\"barile, USA 1955.<\/li>\n<li>Oltre alla pistola <a href=\"https:\/\/repliquemangacine.fr\/it\/pistola-moderna\/pistola-desert-eagle-nero-1982-denix\/\">Desert Eagle nero<\/a> semiautomatiche, calibro 357. 44 e 50.<\/li>\n<li>E molti altri da scoprire nel nostro negozio online!<\/li>\n<\/ul>\n<p>Ecco perch\u00e9 \u00e8 un'ottima idea regalo per i collezionisti e gli appassionati di videogiochi.<\/p>\n<p>In conclusione, \u00e8 possibile utilizzare il metodo <strong>Pistola Desert Eagle nichelata<\/strong> per le sfilate di cosplay o le serate a tema. Ma soprattutto, \u00e8 un oggetto da collezione e decorativo.<\/p>\n<p>R\u00e9plique Manga Cin\u00e9 \u00e8 un'azienda francese a conduzione familiare e distributore ufficiale del marchio <a href=\"https:\/\/www.denix.fr\/fr\/catalogue\/armes-modernes-1945-1982\/\" target=\"_blank\" rel=\"noopener noreferrer\">Denix<\/a>.<\/p>\n<h2>Come vengono realizzate le repliche delle armi Denix?<\/h2>\n<p>Utilizzate in rievocazioni storiche, film, serie e dai collezionisti. Le riproduzioni Denix sono realizzate con materiali di alta qualit\u00e0. Sono accuratamente lavorate e assemblate per creare armi realistiche da collezione.<\/p>\n<p>I metalli sono in una lega metallica nota come Zamac, la cui composizione di base \u00e8 zinco in 95%.<br \/>\nLe parti in plastica delle repliche sono realizzate in ABS stampato, che offre una grande resistenza.<br \/>\nIl legno scelto per la sua bellezza e durata, come il mogano, l'ulivo o il noce, conferir\u00e0 ai mozziconi e alle botti un aspetto elegante e autentico.<\/p>\n<p>Si noti che tutte le riproduzioni Denix sono identiche agli originali, come il vostro <strong>Pistola Desert Eagle nichelata<\/strong>.<\/p>","protected":false},"excerpt":{"rendered":"<p>Riproduzione a grandezza naturale della pistola semiautomatica Desert Eagle.<\/p>\n<ul>\n<li>Telaio in Zamac.<\/li>\n<li>Piastre stock in ABS con iniziale DE.<\/li>\n<li>Testata mobile.<\/li>\n<li>Caricatore rimovibile.<\/li>\n<li>Armi e scioperi.<\/li>\n<li>Non idoneo a sparare.<\/li>\n<li>Non \u00e8 richiesta alcuna autorizzazione. Vendita e possesso gratuiti<\/li>\n<li>Dimensioni: 27 cm - Peso: 1530 grammi<\/li>\n<\/ul>","protected":false},"featured_media":48729,"template":"","meta":[],"product_brand":[896],"product_cat":[102,40,28],"product_tag":[],"class_list":{"0":"post-48728","1":"product","2":"type-product","3":"status-publish","4":"has-post-thumbnail","6":"product_brand-replique-manga-cine","7":"product_cat-denix","8":"product_cat-pistolet-moderne","9":"product_cat-repliques-darmes","11":"first","12":"instock","13":"sale","14":"taxable","15":"shipping-taxable","16":"purchasable","17":"product-type-simple"},"yoast_head":"<!-- This site is optimized with the Yoast SEO plugin v27.4 - https:\/\/yoast.com\/product\/yoast-seo-wordpress\/ -->\n<title>Desert Eagle Nickel\u00e9 1982 - Armes Denix - R\u00e9plique Manga Cin\u00e9<\/title>\n<meta name=\"description\" content=\"Offrez-lui ! ce superbe Desert Eagle Nickel\u00e9 au meilleur prix - En zamac - M\u00e9canisme fonctionnel - Simulation de tir - Crosse ABS - Longueur : 27 cm\" \/>\n<meta name=\"robots\" content=\"index, follow, max-snippet:-1, max-image-preview:large, max-video-preview:-1\" \/>\n<link rel=\"canonical\" href=\"https:\/\/repliquemangacine.fr\/it\/denix\/1982-pistola-denix-nickele-desert-eagle\/\" \/>\n<meta property=\"og:locale\" content=\"it_IT\" \/>\n<meta property=\"og:type\" content=\"article\" \/>\n<meta property=\"og:title\" content=\"Desert Eagle Nickel\u00e9 1982 - Armes Denix - R\u00e9plique Manga Cin\u00e9\" \/>\n<meta property=\"og:description\" content=\"Offrez-lui ! ce superbe Desert Eagle Nickel\u00e9 au meilleur prix - En zamac - M\u00e9canisme fonctionnel - Simulation de tir - Crosse ABS - Longueur : 27 cm\" \/>\n<meta property=\"og:url\" content=\"https:\/\/repliquemangacine.fr\/it\/denix\/1982-pistola-denix-nickele-desert-eagle\/\" \/>\n<meta property=\"og:site_name\" content=\"R\u00e9plique Manga Cin\u00e9\" \/>\n<meta property=\"article:publisher\" content=\"https:\/\/www.facebook.com\/RepliqueMangaCine\" \/>\n<meta property=\"article:modified_time\" content=\"2026-04-08T05:48:31+00:00\" \/>\n<meta property=\"og:image\" content=\"https:\/\/repliquemangacine.fr\/wp-content\/uploads\/2023\/10\/eagle-gris.jpg\" \/>\n\t<meta property=\"og:image:width\" content=\"800\" \/>\n\t<meta property=\"og:image:height\" content=\"800\" \/>\n\t<meta property=\"og:image:type\" content=\"image\/jpeg\" \/>\n<meta name=\"twitter:card\" content=\"summary_large_image\" \/>\n<meta name=\"twitter:label1\" content=\"Tempo di lettura stimato\" \/>\n\t<meta name=\"twitter:data1\" content=\"2 minuti\" \/>\n<script type=\"application\/ld+json\" class=\"yoast-schema-graph\">{\"@context\":\"https:\\\/\\\/schema.org\",\"@graph\":[{\"@type\":\"WebPage\",\"@id\":\"https:\\\/\\\/repliquemangacine.fr\\\/denix\\\/pistolet-desert-eagle-nickele-1982-denix\\\/\",\"url\":\"https:\\\/\\\/repliquemangacine.fr\\\/denix\\\/pistolet-desert-eagle-nickele-1982-denix\\\/\",\"name\":\"Desert Eagle Nickel\u00e9 1982 - Armes Denix - R\u00e9plique Manga Cin\u00e9\",\"isPartOf\":{\"@id\":\"https:\\\/\\\/repliquemangacine.fr\\\/#website\"},\"primaryImageOfPage\":{\"@id\":\"https:\\\/\\\/repliquemangacine.fr\\\/denix\\\/pistolet-desert-eagle-nickele-1982-denix\\\/#primaryimage\"},\"image\":{\"@id\":\"https:\\\/\\\/repliquemangacine.fr\\\/denix\\\/pistolet-desert-eagle-nickele-1982-denix\\\/#primaryimage\"},\"thumbnailUrl\":\"https:\\\/\\\/repliquemangacine.fr\\\/wp-content\\\/uploads\\\/2023\\\/10\\\/eagle-gris.jpg\",\"datePublished\":\"2022-03-07T12:08:04+00:00\",\"dateModified\":\"2026-04-08T05:48:31+00:00\",\"description\":\"Offrez-lui ! ce superbe Desert Eagle Nickel\u00e9 au meilleur prix - En zamac - M\u00e9canisme fonctionnel - Simulation de tir - Crosse ABS - Longueur : 27 cm\",\"breadcrumb\":{\"@id\":\"https:\\\/\\\/repliquemangacine.fr\\\/denix\\\/pistolet-desert-eagle-nickele-1982-denix\\\/#breadcrumb\"},\"inLanguage\":\"it-IT\",\"potentialAction\":[{\"@type\":\"ReadAction\",\"target\":[\"https:\\\/\\\/repliquemangacine.fr\\\/denix\\\/pistolet-desert-eagle-nickele-1982-denix\\\/\"]}]},{\"@type\":\"ImageObject\",\"inLanguage\":\"it-IT\",\"@id\":\"https:\\\/\\\/repliquemangacine.fr\\\/denix\\\/pistolet-desert-eagle-nickele-1982-denix\\\/#primaryimage\",\"url\":\"https:\\\/\\\/repliquemangacine.fr\\\/wp-content\\\/uploads\\\/2023\\\/10\\\/eagle-gris.jpg\",\"contentUrl\":\"https:\\\/\\\/repliquemangacine.fr\\\/wp-content\\\/uploads\\\/2023\\\/10\\\/eagle-gris.jpg\",\"width\":800,\"height\":800,\"caption\":\"r\u00e9plique desert eagle\"},{\"@type\":\"BreadcrumbList\",\"@id\":\"https:\\\/\\\/repliquemangacine.fr\\\/denix\\\/pistolet-desert-eagle-nickele-1982-denix\\\/#breadcrumb\",\"itemListElement\":[{\"@type\":\"ListItem\",\"position\":1,\"name\":\"Accueil\",\"item\":\"https:\\\/\\\/repliquemangacine.fr\\\/\"},{\"@type\":\"ListItem\",\"position\":2,\"name\":\"Produits\",\"item\":\"https:\\\/\\\/repliquemangacine.fr\\\/boutique\\\/\"},{\"@type\":\"ListItem\",\"position\":3,\"name\":\"Desert Eagle Nickel\u00e9 1982\"}]},{\"@type\":\"WebSite\",\"@id\":\"https:\\\/\\\/repliquemangacine.fr\\\/#website\",\"url\":\"https:\\\/\\\/repliquemangacine.fr\\\/\",\"name\":\"R\u00e9plique Manga Cin\u00e9\",\"description\":\"\",\"publisher\":{\"@id\":\"https:\\\/\\\/repliquemangacine.fr\\\/#organization\"},\"potentialAction\":[{\"@type\":\"SearchAction\",\"target\":{\"@type\":\"EntryPoint\",\"urlTemplate\":\"https:\\\/\\\/repliquemangacine.fr\\\/?s={search_term_string}\"},\"query-input\":{\"@type\":\"PropertyValueSpecification\",\"valueRequired\":true,\"valueName\":\"search_term_string\"}}],\"inLanguage\":\"it-IT\"},{\"@type\":\"Organization\",\"@id\":\"https:\\\/\\\/repliquemangacine.fr\\\/#organization\",\"name\":\"R\u00e9plique Manga Cin\u00e9\",\"url\":\"https:\\\/\\\/repliquemangacine.fr\\\/\",\"logo\":{\"@type\":\"ImageObject\",\"inLanguage\":\"it-IT\",\"@id\":\"https:\\\/\\\/repliquemangacine.fr\\\/#\\\/schema\\\/logo\\\/image\\\/\",\"url\":\"https:\\\/\\\/repliquemangacine.fr\\\/wp-content\\\/uploads\\\/2023\\\/10\\\/RMC-500250.png\",\"contentUrl\":\"https:\\\/\\\/repliquemangacine.fr\\\/wp-content\\\/uploads\\\/2023\\\/10\\\/RMC-500250.png\",\"width\":500,\"height\":250,\"caption\":\"R\u00e9plique Manga Cin\u00e9\"},\"image\":{\"@id\":\"https:\\\/\\\/repliquemangacine.fr\\\/#\\\/schema\\\/logo\\\/image\\\/\"},\"sameAs\":[\"https:\\\/\\\/www.facebook.com\\\/RepliqueMangaCine\",\"https:\\\/\\\/www.instagram.com\\\/repliquemangacine.fr\\\/\"]}]}<\/script>\n<!-- \/ Yoast SEO plugin. -->","yoast_head_json":{"title":"Desert Eagle nichelato 1982 - Pistole Denix - R\u00e9plique Manga Cin\u00e9","description":"Regalategli questa superba Desert Eagle nichelata al miglior prezzo - In zamac - Meccanismo funzionale - Simulazione di tiro - Calcio in ABS - Lunghezza: 27 cm","robots":{"index":"index","follow":"follow","max-snippet":"max-snippet:-1","max-image-preview":"max-image-preview:large","max-video-preview":"max-video-preview:-1"},"canonical":"https:\/\/repliquemangacine.fr\/it\/denix\/1982-pistola-denix-nickele-desert-eagle\/","og_locale":"it_IT","og_type":"article","og_title":"Desert Eagle Nickel\u00e9 1982 - Armes Denix - R\u00e9plique Manga Cin\u00e9","og_description":"Offrez-lui ! ce superbe Desert Eagle Nickel\u00e9 au meilleur prix - En zamac - M\u00e9canisme fonctionnel - Simulation de tir - Crosse ABS - Longueur : 27 cm","og_url":"https:\/\/repliquemangacine.fr\/it\/denix\/1982-pistola-denix-nickele-desert-eagle\/","og_site_name":"R\u00e9plique Manga Cin\u00e9","article_publisher":"https:\/\/www.facebook.com\/RepliqueMangaCine","article_modified_time":"2026-04-08T05:48:31+00:00","og_image":[{"width":800,"height":800,"url":"https:\/\/repliquemangacine.fr\/wp-content\/uploads\/2023\/10\/eagle-gris.jpg","type":"image\/jpeg"}],"twitter_card":"summary_large_image","twitter_misc":{"Tempo di lettura stimato":"2 minuti"},"schema":{"@context":"https:\/\/schema.org","@graph":[{"@type":"WebPage","@id":"https:\/\/repliquemangacine.fr\/denix\/pistolet-desert-eagle-nickele-1982-denix\/","url":"https:\/\/repliquemangacine.fr\/denix\/pistolet-desert-eagle-nickele-1982-denix\/","name":"Desert Eagle nichelato 1982 - Pistole Denix - R\u00e9plique Manga Cin\u00e9","isPartOf":{"@id":"https:\/\/repliquemangacine.fr\/#website"},"primaryImageOfPage":{"@id":"https:\/\/repliquemangacine.fr\/denix\/pistolet-desert-eagle-nickele-1982-denix\/#primaryimage"},"image":{"@id":"https:\/\/repliquemangacine.fr\/denix\/pistolet-desert-eagle-nickele-1982-denix\/#primaryimage"},"thumbnailUrl":"https:\/\/repliquemangacine.fr\/wp-content\/uploads\/2023\/10\/eagle-gris.jpg","datePublished":"2022-03-07T12:08:04+00:00","dateModified":"2026-04-08T05:48:31+00:00","description":"Regalategli questa superba Desert Eagle nichelata al miglior prezzo - In zamac - Meccanismo funzionale - Simulazione di tiro - Calcio in ABS - Lunghezza: 27 cm","breadcrumb":{"@id":"https:\/\/repliquemangacine.fr\/denix\/pistolet-desert-eagle-nickele-1982-denix\/#breadcrumb"},"inLanguage":"it-IT","potentialAction":[{"@type":"ReadAction","target":["https:\/\/repliquemangacine.fr\/denix\/pistolet-desert-eagle-nickele-1982-denix\/"]}]},{"@type":"ImageObject","inLanguage":"it-IT","@id":"https:\/\/repliquemangacine.fr\/denix\/pistolet-desert-eagle-nickele-1982-denix\/#primaryimage","url":"https:\/\/repliquemangacine.fr\/wp-content\/uploads\/2023\/10\/eagle-gris.jpg","contentUrl":"https:\/\/repliquemangacine.fr\/wp-content\/uploads\/2023\/10\/eagle-gris.jpg","width":800,"height":800,"caption":"r\u00e9plique desert eagle"},{"@type":"BreadcrumbList","@id":"https:\/\/repliquemangacine.fr\/denix\/pistolet-desert-eagle-nickele-1982-denix\/#breadcrumb","itemListElement":[{"@type":"ListItem","position":1,"name":"Accueil","item":"https:\/\/repliquemangacine.fr\/"},{"@type":"ListItem","position":2,"name":"Produits","item":"https:\/\/repliquemangacine.fr\/boutique\/"},{"@type":"ListItem","position":3,"name":"Desert Eagle Nickel\u00e9 1982"}]},{"@type":"WebSite","@id":"https:\/\/repliquemangacine.fr\/#website","url":"https:\/\/repliquemangacine.fr\/","name":"R\u00e9plique Manga Cin\u00e9","description":"","publisher":{"@id":"https:\/\/repliquemangacine.fr\/#organization"},"potentialAction":[{"@type":"SearchAction","target":{"@type":"EntryPoint","urlTemplate":"https:\/\/repliquemangacine.fr\/?s={search_term_string}"},"query-input":{"@type":"PropertyValueSpecification","valueRequired":true,"valueName":"search_term_string"}}],"inLanguage":"it-IT"},{"@type":"Organization","@id":"https:\/\/repliquemangacine.fr\/#organization","name":"R\u00e9plique Manga Cin\u00e9","url":"https:\/\/repliquemangacine.fr\/","logo":{"@type":"ImageObject","inLanguage":"it-IT","@id":"https:\/\/repliquemangacine.fr\/#\/schema\/logo\/image\/","url":"https:\/\/repliquemangacine.fr\/wp-content\/uploads\/2023\/10\/RMC-500250.png","contentUrl":"https:\/\/repliquemangacine.fr\/wp-content\/uploads\/2023\/10\/RMC-500250.png","width":500,"height":250,"caption":"R\u00e9plique Manga Cin\u00e9"},"image":{"@id":"https:\/\/repliquemangacine.fr\/#\/schema\/logo\/image\/"},"sameAs":["https:\/\/www.facebook.com\/RepliqueMangaCine","https:\/\/www.instagram.com\/repliquemangacine.fr\/"]}]}},"_links":{"self":[{"href":"https:\/\/repliquemangacine.fr\/it\/wp-json\/wp\/v2\/product\/48728","targetHints":{"allow":["GET"]}}],"collection":[{"href":"https:\/\/repliquemangacine.fr\/it\/wp-json\/wp\/v2\/product"}],"about":[{"href":"https:\/\/repliquemangacine.fr\/it\/wp-json\/wp\/v2\/types\/product"}],"wp:featuredmedia":[{"embeddable":true,"href":"https:\/\/repliquemangacine.fr\/it\/wp-json\/wp\/v2\/media\/48729"}],"wp:attachment":[{"href":"https:\/\/repliquemangacine.fr\/it\/wp-json\/wp\/v2\/media?parent=48728"}],"wp:term":[{"taxonomy":"product_brand","embeddable":true,"href":"https:\/\/repliquemangacine.fr\/it\/wp-json\/wp\/v2\/product_brand?post=48728"},{"taxonomy":"product_cat","embeddable":true,"href":"https:\/\/repliquemangacine.fr\/it\/wp-json\/wp\/v2\/product_cat?post=48728"},{"taxonomy":"product_tag","embeddable":true,"href":"https:\/\/repliquemangacine.fr\/it\/wp-json\/wp\/v2\/product_tag?post=48728"}],"curies":[{"name":"wp","href":"https:\/\/api.w.org\/{rel}","templated":true}]}}