





{"id":48405,"date":"2022-02-21T14:17:09","date_gmt":"2022-02-21T13:17:09","guid":{"rendered":"https:\/\/repliquemangacine.fr\/?post_type=product&#038;p=48405"},"modified":"2026-04-15T23:44:42","modified_gmt":"2026-04-15T21:44:42","slug":"6-proiettili-winchester-kolser-dummy","status":"publish","type":"product","link":"https:\/\/repliquemangacine.fr\/it\/holster-accessoires-western\/6-balles-factices-winchester-kolser\/","title":{"rendered":"Proiettili finti Winchester Kolser"},"content":{"rendered":"<h2>Proiettili finti Winchester Kolser<\/h2>\n<p>Per cominciare, i proiettili finti Winchester Kolser o imitazioni di proiettili, oggetti che a volte imitano in modo molto realistico le munizioni vere. Le armi e i proiettili finti sono per lo pi\u00f9 giocattoli o repliche destinate ai collezionisti.<\/p>\n<p>I Winchester Kolser sono tutti realizzati a mano e di alta qualit\u00e0. Sistema di espulsione dei proiettili durante il caricamento, che conferisce un incredibile realismo. Il numero di proiettili che possono essere inseriti nella camera varia a seconda delle dimensioni della canna.<\/p>\n<p>I proiettili sono realizzati in acciaio dorato, leggermente incavati nella parte posteriore, con una piccola punta sporgente. Posizionare l'innesco pirotecnico su questa punta, inserire i proiettili nella camera e sparare!<\/p>\n<p>Per concludere, i proiettili finti sono un accessorio indispensabile per rendere pi\u00f9 realistico il tuo fucile di marca. <a href=\"https:\/\/kolser.com\/\" target=\"_blank\" rel=\"noopener noreferrer\">Kolser<\/a>.<\/p>\n<h2>I vostri accessori western al miglior prezzo.<\/h2>\n<p>Offriamo un'ampia gamma di riproduzioni di armi fittizie Kolser.<\/p>\n<p>Innanzitutto,<\/p>\n<ul>\n<li>Il Winchester di Joss Randall in \"Nel nome della legge\", il <a href=\"https:\/\/repliquemangacine.fr\/it\/pistola-kolser\/mares-leg-55cm-grey-kolser\/\">Gamba della cavalla<\/a> con la sua canna segata.<\/li>\n<li>Cos\u00ec come il <a href=\"https:\/\/repliquemangacine.fr\/it\/pistola-kolser\/winchester-108cm-grey-kolser\/\">Fucile Winchester 1892<\/a> Sistema di espulsione delle balle da 108 cm.<\/li>\n<li>C'\u00e8 anche il <a href=\"https:\/\/repliquemangacine.fr\/it\/accessori-per-fondine\/portaproiettili-per-winchester-kolser\/\">portaproiettili in pelle<\/a> in modo da potersi divertire senza preoccuparsi delle palline.<\/li>\n<li>E molti altri da scoprire nel nostro negozio online!<\/li>\n<\/ul>\n<p>Ecco perch\u00e9 questa \u00e8 un'ottima idea regalo per tutti gli amanti delle armi storiche.<\/p>\n<p>In conclusione, potete utilizzare queste pallottole finte Winchester Kolser per le vostre ricostruzioni e scenografie storiche. Ma prima di tutto, quest'arma \u00e8 un oggetto da collezione e da esposizione.<\/p>\n<p>R\u00e9plique Manga Cin\u00e9 \u00e8 un'azienda francese, distributore ufficiale dei marchi Kolser e Denix.<\/p>","protected":false},"excerpt":{"rendered":"<p>Proiettili fittizi per fucili Kolser.<\/p>\n<ul>\n<li>In metallo placcato oro con punta grigia.<\/li>\n<li>Nessuna carica esplosiva.<\/li>\n<li>Progettato per petardi con innesco.<\/li>\n<li>Si adatta alle cantinette Kolser con sistema di espulsione delle balle.<\/li>\n<li>Confezione da 6 palline.<\/li>\n<li>Lunghezza della sfera: 4 cm - Diametro: 12 mm - Peso: 23 g<\/li>\n<\/ul>","protected":false},"featured_media":85565,"template":"","meta":[],"product_brand":[896],"product_cat":[51,100,90,27],"product_tag":[],"class_list":{"0":"post-48405","1":"product","2":"type-product","3":"status-publish","4":"has-post-thumbnail","6":"product_brand-replique-manga-cine","7":"product_cat-accessoires-western","8":"product_cat-arme-kolser","9":"product_cat-holster-accessoires-western","10":"product_cat-armes-et-accessoires-western","12":"first","13":"instock","14":"taxable","15":"shipping-taxable","16":"purchasable","17":"product-type-simple"},"yoast_head":"<!-- This site is optimized with the Yoast SEO plugin v27.4 - https:\/\/yoast.com\/product\/yoast-seo-wordpress\/ -->\n<title>Balles Factices Winchester Kolser - R\u00e9plique Manga Cin\u00e9<\/title>\n<meta name=\"description\" content=\"Pour plus de r\u00e9alisme, commandez vite ! vos Balles Factices Winchester Kolser au meilleur prix - Syst\u00e8me d&#039;amorce pour que \u00e7a p\u00e9tarade - Tout en m\u00e9tal\" \/>\n<meta name=\"robots\" content=\"index, follow, max-snippet:-1, max-image-preview:large, max-video-preview:-1\" \/>\n<link rel=\"canonical\" href=\"https:\/\/repliquemangacine.fr\/it\/pistola-kolser\/6-proiettili-winchester-kolser-dummy\/\" \/>\n<meta property=\"og:locale\" content=\"it_IT\" \/>\n<meta property=\"og:type\" content=\"article\" \/>\n<meta property=\"og:title\" content=\"Balles Factices Winchester Kolser - R\u00e9plique Manga Cin\u00e9\" \/>\n<meta property=\"og:description\" content=\"Pour plus de r\u00e9alisme, commandez vite ! vos Balles Factices Winchester Kolser au meilleur prix - Syst\u00e8me d&#039;amorce pour que \u00e7a p\u00e9tarade - Tout en m\u00e9tal\" \/>\n<meta property=\"og:url\" content=\"https:\/\/repliquemangacine.fr\/it\/pistola-kolser\/6-proiettili-winchester-kolser-dummy\/\" \/>\n<meta property=\"og:site_name\" content=\"R\u00e9plique Manga Cin\u00e9\" \/>\n<meta property=\"article:publisher\" content=\"https:\/\/www.facebook.com\/RepliqueMangaCine\" \/>\n<meta property=\"article:modified_time\" content=\"2026-04-15T21:44:42+00:00\" \/>\n<meta property=\"og:image\" content=\"https:\/\/repliquemangacine.fr\/wp-content\/uploads\/2022\/02\/balles-fusil-kolser.jpg\" \/>\n\t<meta property=\"og:image:width\" content=\"800\" \/>\n\t<meta property=\"og:image:height\" content=\"800\" \/>\n\t<meta property=\"og:image:type\" content=\"image\/jpeg\" \/>\n<meta name=\"twitter:card\" content=\"summary_large_image\" \/>\n<meta name=\"twitter:label1\" content=\"Tempo di lettura stimato\" \/>\n\t<meta name=\"twitter:data1\" content=\"2 minuti\" \/>\n<script type=\"application\/ld+json\" class=\"yoast-schema-graph\">{\"@context\":\"https:\\\/\\\/schema.org\",\"@graph\":[{\"@type\":\"WebPage\",\"@id\":\"https:\\\/\\\/repliquemangacine.fr\\\/de\\\/kolser-waffe\\\/6-attrappenkugeln-winchester-kolser\\\/\",\"url\":\"https:\\\/\\\/repliquemangacine.fr\\\/de\\\/kolser-waffe\\\/6-attrappenkugeln-winchester-kolser\\\/\",\"name\":\"Balles Factices Winchester Kolser - R\u00e9plique Manga Cin\u00e9\",\"isPartOf\":{\"@id\":\"https:\\\/\\\/repliquemangacine.fr\\\/#website\"},\"primaryImageOfPage\":{\"@id\":\"https:\\\/\\\/repliquemangacine.fr\\\/de\\\/kolser-waffe\\\/6-attrappenkugeln-winchester-kolser\\\/#primaryimage\"},\"image\":{\"@id\":\"https:\\\/\\\/repliquemangacine.fr\\\/de\\\/kolser-waffe\\\/6-attrappenkugeln-winchester-kolser\\\/#primaryimage\"},\"thumbnailUrl\":\"https:\\\/\\\/repliquemangacine.fr\\\/wp-content\\\/uploads\\\/2022\\\/02\\\/balles-fusil-kolser.jpg\",\"datePublished\":\"2022-02-21T13:17:09+00:00\",\"dateModified\":\"2026-04-15T21:44:42+00:00\",\"description\":\"Pour plus de r\u00e9alisme, commandez vite ! vos Balles Factices Winchester Kolser au meilleur prix - Syst\u00e8me d'amorce pour que \u00e7a p\u00e9tarade - Tout en m\u00e9tal\",\"breadcrumb\":{\"@id\":\"https:\\\/\\\/repliquemangacine.fr\\\/de\\\/kolser-waffe\\\/6-attrappenkugeln-winchester-kolser\\\/#breadcrumb\"},\"inLanguage\":\"it-IT\",\"potentialAction\":[{\"@type\":\"ReadAction\",\"target\":[\"https:\\\/\\\/repliquemangacine.fr\\\/de\\\/kolser-waffe\\\/6-attrappenkugeln-winchester-kolser\\\/\"]}]},{\"@type\":\"ImageObject\",\"inLanguage\":\"it-IT\",\"@id\":\"https:\\\/\\\/repliquemangacine.fr\\\/de\\\/kolser-waffe\\\/6-attrappenkugeln-winchester-kolser\\\/#primaryimage\",\"url\":\"https:\\\/\\\/repliquemangacine.fr\\\/wp-content\\\/uploads\\\/2022\\\/02\\\/balles-fusil-kolser.jpg\",\"contentUrl\":\"https:\\\/\\\/repliquemangacine.fr\\\/wp-content\\\/uploads\\\/2022\\\/02\\\/balles-fusil-kolser.jpg\",\"width\":800,\"height\":800,\"caption\":\"Balles Factices Winchester Kolser\"},{\"@type\":\"BreadcrumbList\",\"@id\":\"https:\\\/\\\/repliquemangacine.fr\\\/de\\\/kolser-waffe\\\/6-attrappenkugeln-winchester-kolser\\\/#breadcrumb\",\"itemListElement\":[{\"@type\":\"ListItem\",\"position\":1,\"name\":\"Accueil\",\"item\":\"https:\\\/\\\/repliquemangacine.fr\\\/\"},{\"@type\":\"ListItem\",\"position\":2,\"name\":\"Produits\",\"item\":\"https:\\\/\\\/repliquemangacine.fr\\\/boutique\\\/\"},{\"@type\":\"ListItem\",\"position\":3,\"name\":\"Balles Factices Winchester Kolser\"}]},{\"@type\":\"WebSite\",\"@id\":\"https:\\\/\\\/repliquemangacine.fr\\\/#website\",\"url\":\"https:\\\/\\\/repliquemangacine.fr\\\/\",\"name\":\"R\u00e9plique Manga Cin\u00e9\",\"description\":\"\",\"publisher\":{\"@id\":\"https:\\\/\\\/repliquemangacine.fr\\\/#organization\"},\"potentialAction\":[{\"@type\":\"SearchAction\",\"target\":{\"@type\":\"EntryPoint\",\"urlTemplate\":\"https:\\\/\\\/repliquemangacine.fr\\\/?s={search_term_string}\"},\"query-input\":{\"@type\":\"PropertyValueSpecification\",\"valueRequired\":true,\"valueName\":\"search_term_string\"}}],\"inLanguage\":\"it-IT\"},{\"@type\":\"Organization\",\"@id\":\"https:\\\/\\\/repliquemangacine.fr\\\/#organization\",\"name\":\"R\u00e9plique Manga Cin\u00e9\",\"url\":\"https:\\\/\\\/repliquemangacine.fr\\\/\",\"logo\":{\"@type\":\"ImageObject\",\"inLanguage\":\"it-IT\",\"@id\":\"https:\\\/\\\/repliquemangacine.fr\\\/#\\\/schema\\\/logo\\\/image\\\/\",\"url\":\"https:\\\/\\\/repliquemangacine.fr\\\/wp-content\\\/uploads\\\/2023\\\/10\\\/RMC-500250.png\",\"contentUrl\":\"https:\\\/\\\/repliquemangacine.fr\\\/wp-content\\\/uploads\\\/2023\\\/10\\\/RMC-500250.png\",\"width\":500,\"height\":250,\"caption\":\"R\u00e9plique Manga Cin\u00e9\"},\"image\":{\"@id\":\"https:\\\/\\\/repliquemangacine.fr\\\/#\\\/schema\\\/logo\\\/image\\\/\"},\"sameAs\":[\"https:\\\/\\\/www.facebook.com\\\/RepliqueMangaCine\",\"https:\\\/\\\/www.instagram.com\\\/repliquemangacine.fr\\\/\"]}]}<\/script>\n<!-- \/ Yoast SEO plugin. -->","yoast_head_json":{"title":"Proiettili finti Winchester Kolser - R\u00e9plique Manga Cin\u00e9","description":"Per un maggiore realismo, ordinate i proiettili Winchester Kolser al miglior prezzo! - Sistema di sparo per farli esplodere - Tutto metallo","robots":{"index":"index","follow":"follow","max-snippet":"max-snippet:-1","max-image-preview":"max-image-preview:large","max-video-preview":"max-video-preview:-1"},"canonical":"https:\/\/repliquemangacine.fr\/it\/pistola-kolser\/6-proiettili-winchester-kolser-dummy\/","og_locale":"it_IT","og_type":"article","og_title":"Balles Factices Winchester Kolser - R\u00e9plique Manga Cin\u00e9","og_description":"Pour plus de r\u00e9alisme, commandez vite ! vos Balles Factices Winchester Kolser au meilleur prix - Syst\u00e8me d'amorce pour que \u00e7a p\u00e9tarade - Tout en m\u00e9tal","og_url":"https:\/\/repliquemangacine.fr\/it\/pistola-kolser\/6-proiettili-winchester-kolser-dummy\/","og_site_name":"R\u00e9plique Manga Cin\u00e9","article_publisher":"https:\/\/www.facebook.com\/RepliqueMangaCine","article_modified_time":"2026-04-15T21:44:42+00:00","og_image":[{"width":800,"height":800,"url":"https:\/\/repliquemangacine.fr\/wp-content\/uploads\/2022\/02\/balles-fusil-kolser.jpg","type":"image\/jpeg"}],"twitter_card":"summary_large_image","twitter_misc":{"Tempo di lettura stimato":"2 minuti"},"schema":{"@context":"https:\/\/schema.org","@graph":[{"@type":"WebPage","@id":"https:\/\/repliquemangacine.fr\/de\/kolser-waffe\/6-attrappenkugeln-winchester-kolser\/","url":"https:\/\/repliquemangacine.fr\/de\/kolser-waffe\/6-attrappenkugeln-winchester-kolser\/","name":"Proiettili finti Winchester Kolser - R\u00e9plique Manga Cin\u00e9","isPartOf":{"@id":"https:\/\/repliquemangacine.fr\/#website"},"primaryImageOfPage":{"@id":"https:\/\/repliquemangacine.fr\/de\/kolser-waffe\/6-attrappenkugeln-winchester-kolser\/#primaryimage"},"image":{"@id":"https:\/\/repliquemangacine.fr\/de\/kolser-waffe\/6-attrappenkugeln-winchester-kolser\/#primaryimage"},"thumbnailUrl":"https:\/\/repliquemangacine.fr\/wp-content\/uploads\/2022\/02\/balles-fusil-kolser.jpg","datePublished":"2022-02-21T13:17:09+00:00","dateModified":"2026-04-15T21:44:42+00:00","description":"Per un maggiore realismo, ordinate i proiettili Winchester Kolser al miglior prezzo! - Sistema di sparo per farli esplodere - Tutto metallo","breadcrumb":{"@id":"https:\/\/repliquemangacine.fr\/de\/kolser-waffe\/6-attrappenkugeln-winchester-kolser\/#breadcrumb"},"inLanguage":"it-IT","potentialAction":[{"@type":"ReadAction","target":["https:\/\/repliquemangacine.fr\/de\/kolser-waffe\/6-attrappenkugeln-winchester-kolser\/"]}]},{"@type":"ImageObject","inLanguage":"it-IT","@id":"https:\/\/repliquemangacine.fr\/de\/kolser-waffe\/6-attrappenkugeln-winchester-kolser\/#primaryimage","url":"https:\/\/repliquemangacine.fr\/wp-content\/uploads\/2022\/02\/balles-fusil-kolser.jpg","contentUrl":"https:\/\/repliquemangacine.fr\/wp-content\/uploads\/2022\/02\/balles-fusil-kolser.jpg","width":800,"height":800,"caption":"Balles Factices Winchester Kolser"},{"@type":"BreadcrumbList","@id":"https:\/\/repliquemangacine.fr\/de\/kolser-waffe\/6-attrappenkugeln-winchester-kolser\/#breadcrumb","itemListElement":[{"@type":"ListItem","position":1,"name":"Accueil","item":"https:\/\/repliquemangacine.fr\/"},{"@type":"ListItem","position":2,"name":"Produits","item":"https:\/\/repliquemangacine.fr\/boutique\/"},{"@type":"ListItem","position":3,"name":"Balles Factices Winchester Kolser"}]},{"@type":"WebSite","@id":"https:\/\/repliquemangacine.fr\/#website","url":"https:\/\/repliquemangacine.fr\/","name":"R\u00e9plique Manga Cin\u00e9","description":"","publisher":{"@id":"https:\/\/repliquemangacine.fr\/#organization"},"potentialAction":[{"@type":"SearchAction","target":{"@type":"EntryPoint","urlTemplate":"https:\/\/repliquemangacine.fr\/?s={search_term_string}"},"query-input":{"@type":"PropertyValueSpecification","valueRequired":true,"valueName":"search_term_string"}}],"inLanguage":"it-IT"},{"@type":"Organization","@id":"https:\/\/repliquemangacine.fr\/#organization","name":"R\u00e9plique Manga Cin\u00e9","url":"https:\/\/repliquemangacine.fr\/","logo":{"@type":"ImageObject","inLanguage":"it-IT","@id":"https:\/\/repliquemangacine.fr\/#\/schema\/logo\/image\/","url":"https:\/\/repliquemangacine.fr\/wp-content\/uploads\/2023\/10\/RMC-500250.png","contentUrl":"https:\/\/repliquemangacine.fr\/wp-content\/uploads\/2023\/10\/RMC-500250.png","width":500,"height":250,"caption":"R\u00e9plique Manga Cin\u00e9"},"image":{"@id":"https:\/\/repliquemangacine.fr\/#\/schema\/logo\/image\/"},"sameAs":["https:\/\/www.facebook.com\/RepliqueMangaCine","https:\/\/www.instagram.com\/repliquemangacine.fr\/"]}]}},"_links":{"self":[{"href":"https:\/\/repliquemangacine.fr\/it\/wp-json\/wp\/v2\/product\/48405","targetHints":{"allow":["GET"]}}],"collection":[{"href":"https:\/\/repliquemangacine.fr\/it\/wp-json\/wp\/v2\/product"}],"about":[{"href":"https:\/\/repliquemangacine.fr\/it\/wp-json\/wp\/v2\/types\/product"}],"wp:featuredmedia":[{"embeddable":true,"href":"https:\/\/repliquemangacine.fr\/it\/wp-json\/wp\/v2\/media\/85565"}],"wp:attachment":[{"href":"https:\/\/repliquemangacine.fr\/it\/wp-json\/wp\/v2\/media?parent=48405"}],"wp:term":[{"taxonomy":"product_brand","embeddable":true,"href":"https:\/\/repliquemangacine.fr\/it\/wp-json\/wp\/v2\/product_brand?post=48405"},{"taxonomy":"product_cat","embeddable":true,"href":"https:\/\/repliquemangacine.fr\/it\/wp-json\/wp\/v2\/product_cat?post=48405"},{"taxonomy":"product_tag","embeddable":true,"href":"https:\/\/repliquemangacine.fr\/it\/wp-json\/wp\/v2\/product_tag?post=48405"}],"curies":[{"name":"wp","href":"https:\/\/api.w.org\/{rel}","templated":true}]}}