





{"id":48396,"date":"2022-02-21T12:45:28","date_gmt":"2022-02-21T11:45:28","guid":{"rendered":"https:\/\/repliquemangacine.fr\/?post_type=product&#038;p=48396"},"modified":"2026-02-02T15:19:09","modified_gmt":"2026-02-02T14:19:09","slug":"fondina-in-pelle-da-cintura-per-pistola-kolser","status":"publish","type":"product","link":"https:\/\/repliquemangacine.fr\/it\/holster-accessoires-western\/holster-cuir-ceinturon-pour-pistolet-kolser\/","title":{"rendered":"Fondina in pelle Kolser"},"content":{"rendered":"<h2>Fondina in pelle Kolser<\/h2>\n<p>Per cominciare, il<strong>Fondina in pelle <a href=\"https:\/\/kolser.com\/\" target=\"_blank\" rel=\"noopener noreferrer\">Kolser<\/a><\/strong> consente al possessore di avere sempre l'arma a portata di mano e di estrarla abbastanza rapidamente. Reso popolare dai film western e da famose scene di duelli. L'estrazione della pistola in alcuni film \u00e8 piuttosto spettacolare e si assiste a prodezze tecniche per rimetterla a posto.<\/p>\n<p>Questa cintura a 1 posto del marchio Kolser, realizzata in vera pelle, \u00e8 perfetta per contenere la tua replica di pistola e dare un tocco di autenticit\u00e0 ai tuoi abiti, ricostruzioni storiche, collezioni, accessori cinematografici, abiti western... Viene fornita con 14 proiettili finti per Colt 45, per una maggiore autenticit\u00e0.<\/p>\n<p>Grazie a questo accessorio per revolver o pistola. Rivivi scene mitiche del cinema, impreziosisci i tuoi abiti western, arricchisci la tua collezione. Sobrio ed elegante, questo cinturone con proiettili finti mantiene tutte le sue promesse.<\/p>\n<h2>I vostri accessori western al miglior prezzo.<\/h2>\n<p>Vi proponiamo un'ampia scelta di piccoli accessori western per completare il vostro costume.<\/p>\n<p>Innanzitutto,<\/p>\n<ul>\n<li>Avete bisogno del nostro <a href=\"https:\/\/repliquemangacine.fr\/it\/pistola-kolser\/replique-colt-45-4-75-pouces-1873-kolser\/\">set colt 45 4,75 pollici 1873 kolser<\/a> per metterlo alla cintura.<\/li>\n<li>Cos\u00ec come il <a href=\"https:\/\/repliquemangacine.fr\/it\/pistola-kolser\/coffret-colt-45-saa-31cm-poli-1873-kolser\/\">valigetta Colt 45 SAA 31cm lucidata 1873<\/a> lucidato a mano.<\/li>\n<li>Ci sono anche proiettili finti per riempire la fondina e creare un'illusione perfetta.<\/li>\n<li>E molti altri da scoprire nel nostro negozio online!<\/li>\n<\/ul>\n<p>Ecco perch\u00e9 questa \u00e8 un'ottima idea regalo per tutti gli amanti del western.<\/p>\n<p>In conclusione, potete utilizzare questa fondina in pelle Kolser per le vostre esibizioni western country o le vostre serate a tema.<\/p>\n<p>R\u00e9plique Manga Cin\u00e9, rivenditore francese del marchio Kolser in Francia.<\/p>","protected":false},"excerpt":{"rendered":"<p>Fondina di alta qualit\u00e0 a 1 posto<\/p>\n<ul>\n<li>Il tutto in morbida vera pelle.<\/li>\n<li>Interamente realizzato e rivettato a mano.<\/li>\n<li>Fibbia in acciaio invecchiato.<\/li>\n<li>Nastro della cartuccia.<\/li>\n<li>Fascia di sostegno per le cosce.<\/li>\n<li>Fornito con proiettili speciali Kolser.<\/li>\n<li>Lunghezza totale dall'ultimo foro alla fibbia: 113 cm<\/li>\n<\/ul>","protected":false},"featured_media":48397,"template":"","meta":[],"product_brand":[896],"product_cat":[100,45,90,27],"product_tag":[],"class_list":{"0":"post-48396","1":"product","2":"type-product","3":"status-publish","4":"has-post-thumbnail","6":"product_brand-replique-manga-cine","7":"product_cat-arme-kolser","8":"product_cat-holster-western-ceinturon","9":"product_cat-holster-accessoires-western","10":"product_cat-armes-et-accessoires-western","12":"first","13":"outofstock","14":"taxable","15":"shipping-taxable","16":"purchasable","17":"product-type-simple"},"yoast_head":"<!-- This site is optimized with the Yoast SEO plugin v27.4 - https:\/\/yoast.com\/product\/yoast-seo-wordpress\/ -->\n<title>Holster cuir Kolser - Ceinturon western - R\u00e9plique Manga Cin\u00e9<\/title>\n<meta name=\"description\" content=\"Soyez pr\u00eat pour votre duel avec ce superbe Holster cuir Kolser au meilleur prix - En cuir v\u00e9ritable souple - Livr\u00e9e avec ses 14 balles factices - 113 cm\" \/>\n<meta name=\"robots\" content=\"index, follow, max-snippet:-1, max-image-preview:large, max-video-preview:-1\" \/>\n<link rel=\"canonical\" href=\"https:\/\/repliquemangacine.fr\/it\/pistola-kolser\/fondina-in-pelle-da-cintura-per-pistola-kolser\/\" \/>\n<meta property=\"og:locale\" content=\"it_IT\" \/>\n<meta property=\"og:type\" content=\"article\" \/>\n<meta property=\"og:title\" content=\"Holster cuir Kolser - Ceinturon western - R\u00e9plique Manga Cin\u00e9\" \/>\n<meta property=\"og:description\" content=\"Soyez pr\u00eat pour votre duel avec ce superbe Holster cuir Kolser au meilleur prix - En cuir v\u00e9ritable souple - Livr\u00e9e avec ses 14 balles factices - 113 cm\" \/>\n<meta property=\"og:url\" content=\"https:\/\/repliquemangacine.fr\/it\/pistola-kolser\/fondina-in-pelle-da-cintura-per-pistola-kolser\/\" \/>\n<meta property=\"og:site_name\" content=\"R\u00e9plique Manga Cin\u00e9\" \/>\n<meta property=\"article:publisher\" content=\"https:\/\/www.facebook.com\/RepliqueMangaCine\" \/>\n<meta property=\"article:modified_time\" content=\"2026-02-02T14:19:09+00:00\" \/>\n<meta property=\"og:image\" content=\"https:\/\/repliquemangacine.fr\/wp-content\/uploads\/2023\/10\/65548213-A847-4479-B41D-13476B498689.png\" \/>\n\t<meta property=\"og:image:width\" content=\"500\" \/>\n\t<meta property=\"og:image:height\" content=\"500\" \/>\n\t<meta property=\"og:image:type\" content=\"image\/png\" \/>\n<meta name=\"twitter:card\" content=\"summary_large_image\" \/>\n<meta name=\"twitter:label1\" content=\"Tempo di lettura stimato\" \/>\n\t<meta name=\"twitter:data1\" content=\"1 minuto\" \/>\n<script type=\"application\/ld+json\" class=\"yoast-schema-graph\">{\"@context\":\"https:\\\/\\\/schema.org\",\"@graph\":[{\"@type\":\"WebPage\",\"@id\":\"https:\\\/\\\/repliquemangacine.fr\\\/arme-kolser\\\/holster-cuir-ceinturon-pour-pistolet-kolser\\\/\",\"url\":\"https:\\\/\\\/repliquemangacine.fr\\\/arme-kolser\\\/holster-cuir-ceinturon-pour-pistolet-kolser\\\/\",\"name\":\"Holster cuir Kolser - Ceinturon western - R\u00e9plique Manga Cin\u00e9\",\"isPartOf\":{\"@id\":\"https:\\\/\\\/repliquemangacine.fr\\\/#website\"},\"primaryImageOfPage\":{\"@id\":\"https:\\\/\\\/repliquemangacine.fr\\\/arme-kolser\\\/holster-cuir-ceinturon-pour-pistolet-kolser\\\/#primaryimage\"},\"image\":{\"@id\":\"https:\\\/\\\/repliquemangacine.fr\\\/arme-kolser\\\/holster-cuir-ceinturon-pour-pistolet-kolser\\\/#primaryimage\"},\"thumbnailUrl\":\"https:\\\/\\\/repliquemangacine.fr\\\/wp-content\\\/uploads\\\/2023\\\/10\\\/65548213-A847-4479-B41D-13476B498689.png\",\"datePublished\":\"2022-02-21T11:45:28+00:00\",\"dateModified\":\"2026-02-02T14:19:09+00:00\",\"description\":\"Soyez pr\u00eat pour votre duel avec ce superbe Holster cuir Kolser au meilleur prix - En cuir v\u00e9ritable souple - Livr\u00e9e avec ses 14 balles factices - 113 cm\",\"breadcrumb\":{\"@id\":\"https:\\\/\\\/repliquemangacine.fr\\\/arme-kolser\\\/holster-cuir-ceinturon-pour-pistolet-kolser\\\/#breadcrumb\"},\"inLanguage\":\"it-IT\",\"potentialAction\":[{\"@type\":\"ReadAction\",\"target\":[\"https:\\\/\\\/repliquemangacine.fr\\\/arme-kolser\\\/holster-cuir-ceinturon-pour-pistolet-kolser\\\/\"]}]},{\"@type\":\"ImageObject\",\"inLanguage\":\"it-IT\",\"@id\":\"https:\\\/\\\/repliquemangacine.fr\\\/arme-kolser\\\/holster-cuir-ceinturon-pour-pistolet-kolser\\\/#primaryimage\",\"url\":\"https:\\\/\\\/repliquemangacine.fr\\\/wp-content\\\/uploads\\\/2023\\\/10\\\/65548213-A847-4479-B41D-13476B498689.png\",\"contentUrl\":\"https:\\\/\\\/repliquemangacine.fr\\\/wp-content\\\/uploads\\\/2023\\\/10\\\/65548213-A847-4479-B41D-13476B498689.png\",\"width\":500,\"height\":500,\"caption\":\"Holster kolser\"},{\"@type\":\"BreadcrumbList\",\"@id\":\"https:\\\/\\\/repliquemangacine.fr\\\/arme-kolser\\\/holster-cuir-ceinturon-pour-pistolet-kolser\\\/#breadcrumb\",\"itemListElement\":[{\"@type\":\"ListItem\",\"position\":1,\"name\":\"Accueil\",\"item\":\"https:\\\/\\\/repliquemangacine.fr\\\/\"},{\"@type\":\"ListItem\",\"position\":2,\"name\":\"Produits\",\"item\":\"https:\\\/\\\/repliquemangacine.fr\\\/boutique\\\/\"},{\"@type\":\"ListItem\",\"position\":3,\"name\":\"Holster cuir Kolser\"}]},{\"@type\":\"WebSite\",\"@id\":\"https:\\\/\\\/repliquemangacine.fr\\\/#website\",\"url\":\"https:\\\/\\\/repliquemangacine.fr\\\/\",\"name\":\"R\u00e9plique Manga Cin\u00e9\",\"description\":\"\",\"publisher\":{\"@id\":\"https:\\\/\\\/repliquemangacine.fr\\\/#organization\"},\"potentialAction\":[{\"@type\":\"SearchAction\",\"target\":{\"@type\":\"EntryPoint\",\"urlTemplate\":\"https:\\\/\\\/repliquemangacine.fr\\\/?s={search_term_string}\"},\"query-input\":{\"@type\":\"PropertyValueSpecification\",\"valueRequired\":true,\"valueName\":\"search_term_string\"}}],\"inLanguage\":\"it-IT\"},{\"@type\":\"Organization\",\"@id\":\"https:\\\/\\\/repliquemangacine.fr\\\/#organization\",\"name\":\"R\u00e9plique Manga Cin\u00e9\",\"url\":\"https:\\\/\\\/repliquemangacine.fr\\\/\",\"logo\":{\"@type\":\"ImageObject\",\"inLanguage\":\"it-IT\",\"@id\":\"https:\\\/\\\/repliquemangacine.fr\\\/#\\\/schema\\\/logo\\\/image\\\/\",\"url\":\"https:\\\/\\\/repliquemangacine.fr\\\/wp-content\\\/uploads\\\/2023\\\/10\\\/RMC-500250.png\",\"contentUrl\":\"https:\\\/\\\/repliquemangacine.fr\\\/wp-content\\\/uploads\\\/2023\\\/10\\\/RMC-500250.png\",\"width\":500,\"height\":250,\"caption\":\"R\u00e9plique Manga Cin\u00e9\"},\"image\":{\"@id\":\"https:\\\/\\\/repliquemangacine.fr\\\/#\\\/schema\\\/logo\\\/image\\\/\"},\"sameAs\":[\"https:\\\/\\\/www.facebook.com\\\/RepliqueMangaCine\",\"https:\\\/\\\/www.instagram.com\\\/repliquemangacine.fr\\\/\"]}]}<\/script>\n<!-- \/ Yoast SEO plugin. -->","yoast_head_json":{"title":"Fondina in pelle Kolser - Cintura western - R\u00e9plique Manga Cin\u00e9","description":"Preparatevi al duello con questa superba fondina in pelle Kolser al miglior prezzo - In vera pelle morbida - Fornita con 14 proiettili finti - 113 cm","robots":{"index":"index","follow":"follow","max-snippet":"max-snippet:-1","max-image-preview":"max-image-preview:large","max-video-preview":"max-video-preview:-1"},"canonical":"https:\/\/repliquemangacine.fr\/it\/pistola-kolser\/fondina-in-pelle-da-cintura-per-pistola-kolser\/","og_locale":"it_IT","og_type":"article","og_title":"Holster cuir Kolser - Ceinturon western - R\u00e9plique Manga Cin\u00e9","og_description":"Soyez pr\u00eat pour votre duel avec ce superbe Holster cuir Kolser au meilleur prix - En cuir v\u00e9ritable souple - Livr\u00e9e avec ses 14 balles factices - 113 cm","og_url":"https:\/\/repliquemangacine.fr\/it\/pistola-kolser\/fondina-in-pelle-da-cintura-per-pistola-kolser\/","og_site_name":"R\u00e9plique Manga Cin\u00e9","article_publisher":"https:\/\/www.facebook.com\/RepliqueMangaCine","article_modified_time":"2026-02-02T14:19:09+00:00","og_image":[{"width":500,"height":500,"url":"https:\/\/repliquemangacine.fr\/wp-content\/uploads\/2023\/10\/65548213-A847-4479-B41D-13476B498689.png","type":"image\/png"}],"twitter_card":"summary_large_image","twitter_misc":{"Tempo di lettura stimato":"1 minuto"},"schema":{"@context":"https:\/\/schema.org","@graph":[{"@type":"WebPage","@id":"https:\/\/repliquemangacine.fr\/arme-kolser\/holster-cuir-ceinturon-pour-pistolet-kolser\/","url":"https:\/\/repliquemangacine.fr\/arme-kolser\/holster-cuir-ceinturon-pour-pistolet-kolser\/","name":"Fondina in pelle Kolser - Cintura western - R\u00e9plique Manga Cin\u00e9","isPartOf":{"@id":"https:\/\/repliquemangacine.fr\/#website"},"primaryImageOfPage":{"@id":"https:\/\/repliquemangacine.fr\/arme-kolser\/holster-cuir-ceinturon-pour-pistolet-kolser\/#primaryimage"},"image":{"@id":"https:\/\/repliquemangacine.fr\/arme-kolser\/holster-cuir-ceinturon-pour-pistolet-kolser\/#primaryimage"},"thumbnailUrl":"https:\/\/repliquemangacine.fr\/wp-content\/uploads\/2023\/10\/65548213-A847-4479-B41D-13476B498689.png","datePublished":"2022-02-21T11:45:28+00:00","dateModified":"2026-02-02T14:19:09+00:00","description":"Preparatevi al duello con questa superba fondina in pelle Kolser al miglior prezzo - In vera pelle morbida - Fornita con 14 proiettili finti - 113 cm","breadcrumb":{"@id":"https:\/\/repliquemangacine.fr\/arme-kolser\/holster-cuir-ceinturon-pour-pistolet-kolser\/#breadcrumb"},"inLanguage":"it-IT","potentialAction":[{"@type":"ReadAction","target":["https:\/\/repliquemangacine.fr\/arme-kolser\/holster-cuir-ceinturon-pour-pistolet-kolser\/"]}]},{"@type":"ImageObject","inLanguage":"it-IT","@id":"https:\/\/repliquemangacine.fr\/arme-kolser\/holster-cuir-ceinturon-pour-pistolet-kolser\/#primaryimage","url":"https:\/\/repliquemangacine.fr\/wp-content\/uploads\/2023\/10\/65548213-A847-4479-B41D-13476B498689.png","contentUrl":"https:\/\/repliquemangacine.fr\/wp-content\/uploads\/2023\/10\/65548213-A847-4479-B41D-13476B498689.png","width":500,"height":500,"caption":"Holster kolser"},{"@type":"BreadcrumbList","@id":"https:\/\/repliquemangacine.fr\/arme-kolser\/holster-cuir-ceinturon-pour-pistolet-kolser\/#breadcrumb","itemListElement":[{"@type":"ListItem","position":1,"name":"Accueil","item":"https:\/\/repliquemangacine.fr\/"},{"@type":"ListItem","position":2,"name":"Produits","item":"https:\/\/repliquemangacine.fr\/boutique\/"},{"@type":"ListItem","position":3,"name":"Holster cuir Kolser"}]},{"@type":"WebSite","@id":"https:\/\/repliquemangacine.fr\/#website","url":"https:\/\/repliquemangacine.fr\/","name":"R\u00e9plique Manga Cin\u00e9","description":"","publisher":{"@id":"https:\/\/repliquemangacine.fr\/#organization"},"potentialAction":[{"@type":"SearchAction","target":{"@type":"EntryPoint","urlTemplate":"https:\/\/repliquemangacine.fr\/?s={search_term_string}"},"query-input":{"@type":"PropertyValueSpecification","valueRequired":true,"valueName":"search_term_string"}}],"inLanguage":"it-IT"},{"@type":"Organization","@id":"https:\/\/repliquemangacine.fr\/#organization","name":"R\u00e9plique Manga Cin\u00e9","url":"https:\/\/repliquemangacine.fr\/","logo":{"@type":"ImageObject","inLanguage":"it-IT","@id":"https:\/\/repliquemangacine.fr\/#\/schema\/logo\/image\/","url":"https:\/\/repliquemangacine.fr\/wp-content\/uploads\/2023\/10\/RMC-500250.png","contentUrl":"https:\/\/repliquemangacine.fr\/wp-content\/uploads\/2023\/10\/RMC-500250.png","width":500,"height":250,"caption":"R\u00e9plique Manga Cin\u00e9"},"image":{"@id":"https:\/\/repliquemangacine.fr\/#\/schema\/logo\/image\/"},"sameAs":["https:\/\/www.facebook.com\/RepliqueMangaCine","https:\/\/www.instagram.com\/repliquemangacine.fr\/"]}]}},"_links":{"self":[{"href":"https:\/\/repliquemangacine.fr\/it\/wp-json\/wp\/v2\/product\/48396","targetHints":{"allow":["GET"]}}],"collection":[{"href":"https:\/\/repliquemangacine.fr\/it\/wp-json\/wp\/v2\/product"}],"about":[{"href":"https:\/\/repliquemangacine.fr\/it\/wp-json\/wp\/v2\/types\/product"}],"wp:featuredmedia":[{"embeddable":true,"href":"https:\/\/repliquemangacine.fr\/it\/wp-json\/wp\/v2\/media\/48397"}],"wp:attachment":[{"href":"https:\/\/repliquemangacine.fr\/it\/wp-json\/wp\/v2\/media?parent=48396"}],"wp:term":[{"taxonomy":"product_brand","embeddable":true,"href":"https:\/\/repliquemangacine.fr\/it\/wp-json\/wp\/v2\/product_brand?post=48396"},{"taxonomy":"product_cat","embeddable":true,"href":"https:\/\/repliquemangacine.fr\/it\/wp-json\/wp\/v2\/product_cat?post=48396"},{"taxonomy":"product_tag","embeddable":true,"href":"https:\/\/repliquemangacine.fr\/it\/wp-json\/wp\/v2\/product_tag?post=48396"}],"curies":[{"name":"wp","href":"https:\/\/api.w.org\/{rel}","templated":true}]}}