





{"id":48293,"date":"2022-02-16T15:17:28","date_gmt":"2022-02-16T14:17:28","guid":{"rendered":"https:\/\/repliquemangacine.fr\/?post_type=product&#038;p=48293"},"modified":"2026-04-15T12:17:02","modified_gmt":"2026-04-15T10:17:02","slug":"fushigiri-blade-of-death-sekiro-shadows-morire-due-volte","status":"publish","type":"product","link":"https:\/\/repliquemangacine.fr\/it\/katana-et-epee-de-jeux-video-autre-jeux-video\/fushigiri-lame-de-la-mort-sekiro-shadows-die-twice\/","title":{"rendered":"Lama mortale Fushigiri - Le ombre di Sekiro muoiono due volte"},"content":{"rendered":"<h2>Death Blade Sekiro: Le ombre muoiono due volte<\/h2>\n<p>Per iniziare, il <strong>Lama della morte di Sekiro<\/strong> si chiama Fushigiri Mortal Blade e la sua lama cremisi uccider\u00e0 chiunque osi estrarla. Senza il potere della Resurrezione, nessuno potrebbe sperare di brandire quest'arma, che pu\u00f2 sconfiggere anche gli esseri infestati. Nascosta da tempo nel tempio di Senpou, la lama porta il suo vero nome: \u201cGrazioso Dono delle Lacrime\u201d.<\/p>\n<p>La lama mortale, nota anche come <a href=\"https:\/\/sekiroshadowsdietwice.wiki.fextralife.com\/Mortal+Blade\" target=\"_blank\" rel=\"noopener noreferrer\">Fushigiri<\/a> \u201cTagliare l'immortalit\u00e0\u201d, \u00e8 un elemento chiave di Sekiro: Shadows Die Twice. Conosciuta come un Odachi in grado di uccidere gli immortali, \u00e8 una lama gemella della Lama Mortale Nera \u201cKaimon\u201d.<\/p>\n<p>Un lupo soprannominato Sekiro (lupo con un braccio solo) da Isshin Ashina accetta di aiutare Kuro a trovare i tre oggetti necessari per il rituale. Oltre a una spada in grado di uccidere gli esseri immortali, la Lama della Morte.<\/p>\n<h2>Il tuo Sekiro Death Blade al miglior prezzo.<\/h2>\n<p>Offriamo un'ampia selezione di katana, spade e sciabole ispirate ai videogiochi a prezzi bassi.<\/p>\n<p>Prima di tutto, troverete :<\/p>\n<ul>\n<li>La fantastica replica della leggendaria spada di Arthas la \" <a href=\"https:\/\/repliquemangacine.fr\/it\/mondo-di-warcraft\/frostmourne-deuillegivre-spada-spada-del-re-dei-lich\/\">Frostmourne<\/a>\"in World of Warcraft.<\/li>\n<li>Poi ci sono le spade di Overwatch, il <a href=\"https:\/\/repliquemangacine.fr\/it\/altri-videogiochi\/overwatch-katana-de-genji-lame-de-dragon\/\">Katana Genji<\/a>lama di drago.<\/li>\n<li>C'\u00e8 anche il<a href=\"https:\/\/repliquemangacine.fr\/it\/altri-videogiochi\/farfalla-dota-2-spada\/\">Spada a farfalla<\/a> (Farfalla) in Dota 2.<\/li>\n<li>E molti altri da scoprire nel nostro negozio online!<\/li>\n<\/ul>\n<p>Ecco quindi alcune grandi idee regalo per gli appassionati di videogiochi!<\/p>\n<p>In conclusione, \u00e8 possibile utilizzare questo <strong>Lama della morte di Sekiro<\/strong> per le sfilate di cosplay. Ma soprattutto, la spada Fushigiri \u00e8 anche un oggetto da collezione e un pezzo decorativo.<\/p>\n<h2>Come faccio a mantenere la lama della mia katana Mortal Blade?<\/h2>\n<p>Le katane da collezione e decorative sono realizzate e assemblate in modo semplificato. Poich\u00e9 il loro uso \u00e8 decorativo, non hanno le caratteristiche di sicurezza richieste da una spada giapponese destinata all'allenamento.<\/p>\n<p>Tuttavia, la vostra katana <strong>Lama della morte di Sekiro<\/strong> a una lama d'acciaio che deve essere curata per evitare che si danneggi nel tempo. Quando si espone la katana, gli amici saranno curiosi di vedere la lama e di toccarla. \u00c8 qui che bisogna fare attenzione, perch\u00e9 l'acidit\u00e0 delle dita \u00e8 molto dannosa per l'acciaio, indipendentemente dalla sua qualit\u00e0.<\/p>\n<p>Tuttavia, se ci\u00f2 dovesse accadere, niente panico: basta un panno inumidito con un po' d'olio per eliminare le impronte. In questo modo, la spada durer\u00e0 a lungo.<\/p>\n<p><strong>\u00a0<\/strong><\/p>","protected":false},"excerpt":{"rendered":"<p>Katana Fushigiri, lama mortale nel videogioco sekiro: le ombre muoiono due volte.<\/p>\n<ul>\n<li>Lama in acciaio al carbonio di alta qualit\u00e0.<\/li>\n<li>Elsa e pomo in acciaio.<\/li>\n<li>Fodero laccato marrone.<\/li>\n<li>Lunghezza lama: 68 cm - Lunghezza totale: 103 cm - Peso: 1040 gr.<\/li>\n<\/ul>\n<p>&nbsp;<\/p>","protected":false},"featured_media":48294,"template":"","meta":[],"product_brand":[896],"product_cat":[23,67,101],"product_tag":[],"class_list":{"0":"post-48293","1":"product","2":"type-product","3":"status-publish","4":"has-post-thumbnail","6":"product_brand-replique-manga-cine","7":"product_cat-repliques-manga-jeux-video","8":"product_cat-katana-et-epee-de-jeux-video-autre-jeux-video","9":"product_cat-soldes","11":"first","12":"instock","13":"sale","14":"taxable","15":"shipping-taxable","16":"purchasable","17":"product-type-simple"},"yoast_head":"<!-- This site is optimized with the Yoast SEO plugin v27.5 - https:\/\/yoast.com\/product\/yoast-seo-wordpress\/ -->\n<title>Lame de la Mort Sekiro - Katana Fushigiri Mortal Blade - RMC<\/title>\n<meta name=\"description\" content=\"Achetez vite ! Votre Lame de la Mort Sekiro au meilleur prix - Fushigiri \u00e0 une Lame en acier - Fourreau laqu\u00e9 - Longueur : 103 cm - Envoi 24\/48h\" \/>\n<meta name=\"robots\" content=\"index, follow, max-snippet:-1, max-image-preview:large, max-video-preview:-1\" \/>\n<link rel=\"canonical\" href=\"https:\/\/repliquemangacine.fr\/it\/katana-e-spada-videogiochi-altri-videogiochi\/fushigiri-blade-of-death-sekiro-shadows-morire-due-volte\/\" \/>\n<meta property=\"og:locale\" content=\"it_IT\" \/>\n<meta property=\"og:type\" content=\"article\" \/>\n<meta property=\"og:title\" content=\"Lame de la Mort Sekiro - Katana Fushigiri Mortal Blade - RMC\" \/>\n<meta property=\"og:description\" content=\"Achetez vite ! Votre Lame de la Mort Sekiro au meilleur prix - Fushigiri \u00e0 une Lame en acier - Fourreau laqu\u00e9 - Longueur : 103 cm - Envoi 24\/48h\" \/>\n<meta property=\"og:url\" content=\"https:\/\/repliquemangacine.fr\/it\/katana-e-spada-videogiochi-altri-videogiochi\/fushigiri-blade-of-death-sekiro-shadows-morire-due-volte\/\" \/>\n<meta property=\"og:site_name\" content=\"R\u00e9plique Manga Cin\u00e9\" \/>\n<meta property=\"article:publisher\" content=\"https:\/\/www.facebook.com\/RepliqueMangaCine\" \/>\n<meta property=\"article:modified_time\" content=\"2026-04-15T10:17:02+00:00\" \/>\n<meta property=\"og:image\" content=\"https:\/\/repliquemangacine.fr\/wp-content\/uploads\/2023\/10\/ornamental-katana-zs651bg.jpg\" \/>\n\t<meta property=\"og:image:width\" content=\"800\" \/>\n\t<meta property=\"og:image:height\" content=\"800\" \/>\n\t<meta property=\"og:image:type\" content=\"image\/jpeg\" \/>\n<meta name=\"twitter:card\" content=\"summary_large_image\" \/>\n<meta name=\"twitter:label1\" content=\"Tempo di lettura stimato\" \/>\n\t<meta name=\"twitter:data1\" content=\"2 minuti\" \/>\n<script type=\"application\/ld+json\" class=\"yoast-schema-graph\">{\"@context\":\"https:\\\/\\\/schema.org\",\"@graph\":[{\"@type\":\"WebPage\",\"@id\":\"https:\\\/\\\/repliquemangacine.fr\\\/katana-et-epee-de-jeux-video-autre-jeux-video\\\/fushigiri-lame-de-la-mort-sekiro-shadows-die-twice\\\/\",\"url\":\"https:\\\/\\\/repliquemangacine.fr\\\/katana-et-epee-de-jeux-video-autre-jeux-video\\\/fushigiri-lame-de-la-mort-sekiro-shadows-die-twice\\\/\",\"name\":\"Lame de la Mort Sekiro - Katana Fushigiri Mortal Blade - RMC\",\"isPartOf\":{\"@id\":\"https:\\\/\\\/repliquemangacine.fr\\\/#website\"},\"primaryImageOfPage\":{\"@id\":\"https:\\\/\\\/repliquemangacine.fr\\\/katana-et-epee-de-jeux-video-autre-jeux-video\\\/fushigiri-lame-de-la-mort-sekiro-shadows-die-twice\\\/#primaryimage\"},\"image\":{\"@id\":\"https:\\\/\\\/repliquemangacine.fr\\\/katana-et-epee-de-jeux-video-autre-jeux-video\\\/fushigiri-lame-de-la-mort-sekiro-shadows-die-twice\\\/#primaryimage\"},\"thumbnailUrl\":\"https:\\\/\\\/repliquemangacine.fr\\\/wp-content\\\/uploads\\\/2023\\\/10\\\/ornamental-katana-zs651bg.jpg\",\"datePublished\":\"2022-02-16T14:17:28+00:00\",\"dateModified\":\"2026-04-15T10:17:02+00:00\",\"description\":\"Achetez vite ! Votre Lame de la Mort Sekiro au meilleur prix - Fushigiri \u00e0 une Lame en acier - Fourreau laqu\u00e9 - Longueur : 103 cm - Envoi 24\\\/48h\",\"breadcrumb\":{\"@id\":\"https:\\\/\\\/repliquemangacine.fr\\\/katana-et-epee-de-jeux-video-autre-jeux-video\\\/fushigiri-lame-de-la-mort-sekiro-shadows-die-twice\\\/#breadcrumb\"},\"inLanguage\":\"it-IT\",\"potentialAction\":[{\"@type\":\"ReadAction\",\"target\":[\"https:\\\/\\\/repliquemangacine.fr\\\/katana-et-epee-de-jeux-video-autre-jeux-video\\\/fushigiri-lame-de-la-mort-sekiro-shadows-die-twice\\\/\"]}]},{\"@type\":\"ImageObject\",\"inLanguage\":\"it-IT\",\"@id\":\"https:\\\/\\\/repliquemangacine.fr\\\/katana-et-epee-de-jeux-video-autre-jeux-video\\\/fushigiri-lame-de-la-mort-sekiro-shadows-die-twice\\\/#primaryimage\",\"url\":\"https:\\\/\\\/repliquemangacine.fr\\\/wp-content\\\/uploads\\\/2023\\\/10\\\/ornamental-katana-zs651bg.jpg\",\"contentUrl\":\"https:\\\/\\\/repliquemangacine.fr\\\/wp-content\\\/uploads\\\/2023\\\/10\\\/ornamental-katana-zs651bg.jpg\",\"width\":800,\"height\":800,\"caption\":\"Lame de la Mort Sekiro\"},{\"@type\":\"BreadcrumbList\",\"@id\":\"https:\\\/\\\/repliquemangacine.fr\\\/katana-et-epee-de-jeux-video-autre-jeux-video\\\/fushigiri-lame-de-la-mort-sekiro-shadows-die-twice\\\/#breadcrumb\",\"itemListElement\":[{\"@type\":\"ListItem\",\"position\":1,\"name\":\"Accueil\",\"item\":\"https:\\\/\\\/repliquemangacine.fr\\\/\"},{\"@type\":\"ListItem\",\"position\":2,\"name\":\"Produits\",\"item\":\"https:\\\/\\\/repliquemangacine.fr\\\/boutique\\\/\"},{\"@type\":\"ListItem\",\"position\":3,\"name\":\"Fushigiri Mortal Blade -Sekiro Shadows Die Twice\"}]},{\"@type\":\"WebSite\",\"@id\":\"https:\\\/\\\/repliquemangacine.fr\\\/#website\",\"url\":\"https:\\\/\\\/repliquemangacine.fr\\\/\",\"name\":\"R\u00e9plique Manga Cin\u00e9\",\"description\":\"\",\"publisher\":{\"@id\":\"https:\\\/\\\/repliquemangacine.fr\\\/#organization\"},\"potentialAction\":[{\"@type\":\"SearchAction\",\"target\":{\"@type\":\"EntryPoint\",\"urlTemplate\":\"https:\\\/\\\/repliquemangacine.fr\\\/?s={search_term_string}\"},\"query-input\":{\"@type\":\"PropertyValueSpecification\",\"valueRequired\":true,\"valueName\":\"search_term_string\"}}],\"inLanguage\":\"it-IT\"},{\"@type\":\"Organization\",\"@id\":\"https:\\\/\\\/repliquemangacine.fr\\\/#organization\",\"name\":\"R\u00e9plique Manga Cin\u00e9\",\"url\":\"https:\\\/\\\/repliquemangacine.fr\\\/\",\"logo\":{\"@type\":\"ImageObject\",\"inLanguage\":\"it-IT\",\"@id\":\"https:\\\/\\\/repliquemangacine.fr\\\/#\\\/schema\\\/logo\\\/image\\\/\",\"url\":\"https:\\\/\\\/repliquemangacine.fr\\\/wp-content\\\/uploads\\\/2023\\\/10\\\/RMC-500250.png\",\"contentUrl\":\"https:\\\/\\\/repliquemangacine.fr\\\/wp-content\\\/uploads\\\/2023\\\/10\\\/RMC-500250.png\",\"width\":500,\"height\":250,\"caption\":\"R\u00e9plique Manga Cin\u00e9\"},\"image\":{\"@id\":\"https:\\\/\\\/repliquemangacine.fr\\\/#\\\/schema\\\/logo\\\/image\\\/\"},\"sameAs\":[\"https:\\\/\\\/www.facebook.com\\\/RepliqueMangaCine\",\"https:\\\/\\\/www.instagram.com\\\/repliquemangacine.fr\\\/\"]}]}<\/script>\n<!-- \/ Yoast SEO plugin. -->","yoast_head_json":{"title":"Sekiro Death Blade - Katana Fushigiri Lama mortale - RMC","description":"Acquista ora ! La tua lama della morte Sekiro al miglior prezzo - Fushigiri singolo in acciaio - Fodero laccato - Lunghezza: 103 cm - Spedizione 24\/48h","robots":{"index":"index","follow":"follow","max-snippet":"max-snippet:-1","max-image-preview":"max-image-preview:large","max-video-preview":"max-video-preview:-1"},"canonical":"https:\/\/repliquemangacine.fr\/it\/katana-e-spada-videogiochi-altri-videogiochi\/fushigiri-blade-of-death-sekiro-shadows-morire-due-volte\/","og_locale":"it_IT","og_type":"article","og_title":"Lame de la Mort Sekiro - Katana Fushigiri Mortal Blade - RMC","og_description":"Achetez vite ! Votre Lame de la Mort Sekiro au meilleur prix - Fushigiri \u00e0 une Lame en acier - Fourreau laqu\u00e9 - Longueur : 103 cm - Envoi 24\/48h","og_url":"https:\/\/repliquemangacine.fr\/it\/katana-e-spada-videogiochi-altri-videogiochi\/fushigiri-blade-of-death-sekiro-shadows-morire-due-volte\/","og_site_name":"R\u00e9plique Manga Cin\u00e9","article_publisher":"https:\/\/www.facebook.com\/RepliqueMangaCine","article_modified_time":"2026-04-15T10:17:02+00:00","og_image":[{"width":800,"height":800,"url":"https:\/\/repliquemangacine.fr\/wp-content\/uploads\/2023\/10\/ornamental-katana-zs651bg.jpg","type":"image\/jpeg"}],"twitter_card":"summary_large_image","twitter_misc":{"Tempo di lettura stimato":"2 minuti"},"schema":{"@context":"https:\/\/schema.org","@graph":[{"@type":"WebPage","@id":"https:\/\/repliquemangacine.fr\/katana-et-epee-de-jeux-video-autre-jeux-video\/fushigiri-lame-de-la-mort-sekiro-shadows-die-twice\/","url":"https:\/\/repliquemangacine.fr\/katana-et-epee-de-jeux-video-autre-jeux-video\/fushigiri-lame-de-la-mort-sekiro-shadows-die-twice\/","name":"Sekiro Death Blade - Katana Fushigiri Lama mortale - RMC","isPartOf":{"@id":"https:\/\/repliquemangacine.fr\/#website"},"primaryImageOfPage":{"@id":"https:\/\/repliquemangacine.fr\/katana-et-epee-de-jeux-video-autre-jeux-video\/fushigiri-lame-de-la-mort-sekiro-shadows-die-twice\/#primaryimage"},"image":{"@id":"https:\/\/repliquemangacine.fr\/katana-et-epee-de-jeux-video-autre-jeux-video\/fushigiri-lame-de-la-mort-sekiro-shadows-die-twice\/#primaryimage"},"thumbnailUrl":"https:\/\/repliquemangacine.fr\/wp-content\/uploads\/2023\/10\/ornamental-katana-zs651bg.jpg","datePublished":"2022-02-16T14:17:28+00:00","dateModified":"2026-04-15T10:17:02+00:00","description":"Acquista ora ! La tua lama della morte Sekiro al miglior prezzo - Fushigiri singolo in acciaio - Fodero laccato - Lunghezza: 103 cm - Spedizione 24\/48h","breadcrumb":{"@id":"https:\/\/repliquemangacine.fr\/katana-et-epee-de-jeux-video-autre-jeux-video\/fushigiri-lame-de-la-mort-sekiro-shadows-die-twice\/#breadcrumb"},"inLanguage":"it-IT","potentialAction":[{"@type":"ReadAction","target":["https:\/\/repliquemangacine.fr\/katana-et-epee-de-jeux-video-autre-jeux-video\/fushigiri-lame-de-la-mort-sekiro-shadows-die-twice\/"]}]},{"@type":"ImageObject","inLanguage":"it-IT","@id":"https:\/\/repliquemangacine.fr\/katana-et-epee-de-jeux-video-autre-jeux-video\/fushigiri-lame-de-la-mort-sekiro-shadows-die-twice\/#primaryimage","url":"https:\/\/repliquemangacine.fr\/wp-content\/uploads\/2023\/10\/ornamental-katana-zs651bg.jpg","contentUrl":"https:\/\/repliquemangacine.fr\/wp-content\/uploads\/2023\/10\/ornamental-katana-zs651bg.jpg","width":800,"height":800,"caption":"Lame de la Mort Sekiro"},{"@type":"BreadcrumbList","@id":"https:\/\/repliquemangacine.fr\/katana-et-epee-de-jeux-video-autre-jeux-video\/fushigiri-lame-de-la-mort-sekiro-shadows-die-twice\/#breadcrumb","itemListElement":[{"@type":"ListItem","position":1,"name":"Accueil","item":"https:\/\/repliquemangacine.fr\/"},{"@type":"ListItem","position":2,"name":"Produits","item":"https:\/\/repliquemangacine.fr\/boutique\/"},{"@type":"ListItem","position":3,"name":"Fushigiri Mortal Blade -Sekiro Shadows Die Twice"}]},{"@type":"WebSite","@id":"https:\/\/repliquemangacine.fr\/#website","url":"https:\/\/repliquemangacine.fr\/","name":"R\u00e9plique Manga Cin\u00e9","description":"","publisher":{"@id":"https:\/\/repliquemangacine.fr\/#organization"},"potentialAction":[{"@type":"SearchAction","target":{"@type":"EntryPoint","urlTemplate":"https:\/\/repliquemangacine.fr\/?s={search_term_string}"},"query-input":{"@type":"PropertyValueSpecification","valueRequired":true,"valueName":"search_term_string"}}],"inLanguage":"it-IT"},{"@type":"Organization","@id":"https:\/\/repliquemangacine.fr\/#organization","name":"R\u00e9plique Manga Cin\u00e9","url":"https:\/\/repliquemangacine.fr\/","logo":{"@type":"ImageObject","inLanguage":"it-IT","@id":"https:\/\/repliquemangacine.fr\/#\/schema\/logo\/image\/","url":"https:\/\/repliquemangacine.fr\/wp-content\/uploads\/2023\/10\/RMC-500250.png","contentUrl":"https:\/\/repliquemangacine.fr\/wp-content\/uploads\/2023\/10\/RMC-500250.png","width":500,"height":250,"caption":"R\u00e9plique Manga Cin\u00e9"},"image":{"@id":"https:\/\/repliquemangacine.fr\/#\/schema\/logo\/image\/"},"sameAs":["https:\/\/www.facebook.com\/RepliqueMangaCine","https:\/\/www.instagram.com\/repliquemangacine.fr\/"]}]}},"_links":{"self":[{"href":"https:\/\/repliquemangacine.fr\/it\/wp-json\/wp\/v2\/product\/48293","targetHints":{"allow":["GET"]}}],"collection":[{"href":"https:\/\/repliquemangacine.fr\/it\/wp-json\/wp\/v2\/product"}],"about":[{"href":"https:\/\/repliquemangacine.fr\/it\/wp-json\/wp\/v2\/types\/product"}],"wp:featuredmedia":[{"embeddable":true,"href":"https:\/\/repliquemangacine.fr\/it\/wp-json\/wp\/v2\/media\/48294"}],"wp:attachment":[{"href":"https:\/\/repliquemangacine.fr\/it\/wp-json\/wp\/v2\/media?parent=48293"}],"wp:term":[{"taxonomy":"product_brand","embeddable":true,"href":"https:\/\/repliquemangacine.fr\/it\/wp-json\/wp\/v2\/product_brand?post=48293"},{"taxonomy":"product_cat","embeddable":true,"href":"https:\/\/repliquemangacine.fr\/it\/wp-json\/wp\/v2\/product_cat?post=48293"},{"taxonomy":"product_tag","embeddable":true,"href":"https:\/\/repliquemangacine.fr\/it\/wp-json\/wp\/v2\/product_tag?post=48293"}],"curies":[{"name":"wp","href":"https:\/\/api.w.org\/{rel}","templated":true}]}}