





{"id":48282,"date":"2022-02-16T12:26:36","date_gmt":"2022-02-16T11:26:36","guid":{"rendered":"https:\/\/repliquemangacine.fr\/?post_type=product&#038;p=48282"},"modified":"2025-10-25T20:54:36","modified_gmt":"2025-10-25T18:54:36","slug":"pugnale-decorativo-della-massoneria","status":"publish","type":"product","link":"https:\/\/repliquemangacine.fr\/it\/dagues-medievales\/dague-de-decoration-franc-maconnerie\/","title":{"rendered":"Massoneria del pugnale"},"content":{"rendered":"<h2>Massoneria del pugnale<\/h2>\n<p>Per cominciare, il pugnale della Massoneria, con il suo motto Virtus Junxit Mors Non Separabit, che significa \u201dCi\u00f2 che la virt\u00f9 unisce, la morte non pu\u00f2 separare\u201d.\u201d<\/p>\n<p>Il termine Massoneria si riferisce a un gruppo di circoli sociali selettivi che reclutano i loro membri per cooptazione e praticano riti di iniziazione basati su un segreto massonico e sull'arte di costruire. Costituita da un'ampia variet\u00e0 di fenomeni storici e sociali, sembra essere emersa in Scozia nel 1598, poi in Inghilterra nel XVII secolo.<\/p>\n<p>Numerose personalit\u00e0 sono appartenute alla <a href=\"https:\/\/fr.wikipedia.org\/wiki\/Franc-ma\u00e7onnerie\" target=\"_blank\" rel=\"noopener noreferrer\">massoneria<\/a>. Tra i pi\u00f9 famosi: Voltaire, Goethe, Mozart, George Washington, Roosevelt...<\/p>\n<p>Benjamin Franklin e George Washington hanno avuto un ruolo fondamentale nella Rivoluzione americana.<\/p>\n<h2>Il tuo pugnale Massoneria al miglior prezzo.<\/h2>\n<p>Offriamo un'ampia gamma di pugnali storici.<\/p>\n<p>Innanzitutto,<\/p>\n<ul>\n<li>La <a href=\"https:\/\/repliquemangacine.fr\/it\/pugnale-medievale\/pugnale-templare-decorativo-2\/\">Pugnale templare<\/a> con il suo pomo a forma di elmo.<\/li>\n<li>Cos\u00ec come la linea di <a href=\"https:\/\/repliquemangacine.fr\/it\/riproduzioni-medievali\/dague-poignard-romain\/\">Pugnale romano<\/a> in acciaio inox.<\/li>\n<li>C'\u00e8 anche questo magnifico <a href=\"https:\/\/repliquemangacine.fr\/it\/pugnale-medievale\/coffret-mini-sabre-cavalerie-usa\/\">pugnale a sciabola<\/a> nella sua custodia di legno.<\/li>\n<li>E molti altri da scoprire nel nostro negozio online!<\/li>\n<\/ul>\n<p>Ecco perch\u00e9 questa \u00e8 un'ottima idea regalo per chiunque sia appassionato di storia.<\/p>\n<p>In conclusione, \u00e8 possibile utilizzare il metodo <strong>Pugnale della massoneria<\/strong> per le vostre rievocazioni storiche o serate a tema. Ma soprattutto, \u00e8 una replica da collezionare e decorare.<\/p>\n<p>R\u00e9plique Manga Cin\u00e9 \u00e8 un'azienda familiare francese.<\/p>\n<h2>Come faccio a mantenere la lama del mio pugnale decorativo?<\/h2>\n<p>I pugnali da collezione e decorativi sono realizzati e assemblati in modo semplificato. Poich\u00e9 il loro uso \u00e8 decorativo, non hanno le caratteristiche di sicurezza richieste per una sciabola giapponese destinata all'allenamento.<\/p>\n<p>Tuttavia, il vostro <strong>Pugnale della massoneria <\/strong>a una lama in acciaio che deve essere mantenuta per evitare che si danneggi nel tempo. Quando esponete il vostro pugnale, i vostri amici saranno curiosi di vedere la lama e di toccarla. \u00c8 qui che bisogna fare attenzione, perch\u00e9 l'acidit\u00e0 delle dita \u00e8 molto dannosa per l'acciaio, qualunque sia la sua qualit\u00e0.<\/p>\n<p>Tuttavia, se ci\u00f2 accade, non bisogna farsi prendere dal panico: basta usare un panno inumidito con un po' d'olio e cancellare le impronte digitali. In questo modo, il pugnale durer\u00e0 a lungo.<\/p>","protected":false},"excerpt":{"rendered":"<p>Superbo pugnale decorativo della massoneria.<\/p>\n<ul>\n<li>Lama in acciaio 440.<\/li>\n<li>Pomolo in acciaio che rappresenta l'occhio della provvidenza.<\/li>\n<li>Elsa in acciaio raffigurante i simboli: G, Quadrato e Bussola.<\/li>\n<li>Fodero in similpelle decorato.<\/li>\n<li>Lunghezza lama: 22,5 cm - Lunghezza totale: 42 cm - Peso: 400 gr.<\/li>\n<\/ul>","protected":false},"featured_media":48283,"template":"","meta":[],"product_brand":[896],"product_cat":[25,93,44,26,43],"product_tag":[],"class_list":{"0":"post-48282","1":"product","2":"type-product","3":"status-publish","4":"has-post-thumbnail","6":"product_brand-replique-manga-cine","7":"product_cat-armes-historiques","8":"product_cat-dagues-medievales","9":"product_cat-epees-et-dagues-fantasy","10":"product_cat-katana-epee","11":"product_cat-reproductions-d-armes-et-accessoires-medievales","13":"first","14":"outofstock","15":"sale","16":"taxable","17":"shipping-taxable","18":"purchasable","19":"product-type-simple"},"yoast_head":"<!-- This site is optimized with the Yoast SEO plugin v27.4 - https:\/\/yoast.com\/product\/yoast-seo-wordpress\/ -->\n<title>Dague Franc-Ma\u00e7onnerie - Vente en ligne - R\u00e9plique Manga Cin\u00e9<\/title>\n<meta name=\"description\" content=\"D\u00e9couvrez la Dague Franc-Ma\u00e7onnerie au meilleur prix - Lame en acier - Garde, pommeau et fourreau avec symboles et embl\u00e8mes Franc-Ma\u00e7on - Longueur : 42 cm\" \/>\n<meta name=\"robots\" content=\"index, follow, max-snippet:-1, max-image-preview:large, max-video-preview:-1\" \/>\n<link rel=\"canonical\" href=\"https:\/\/repliquemangacine.fr\/it\/pugnali-medievali\/pugnale-decorativo-della-massoneria\/\" \/>\n<meta property=\"og:locale\" content=\"it_IT\" \/>\n<meta property=\"og:type\" content=\"article\" \/>\n<meta property=\"og:title\" content=\"Dague Franc-Ma\u00e7onnerie - Vente en ligne - R\u00e9plique Manga Cin\u00e9\" \/>\n<meta property=\"og:description\" content=\"D\u00e9couvrez la Dague Franc-Ma\u00e7onnerie au meilleur prix - Lame en acier - Garde, pommeau et fourreau avec symboles et embl\u00e8mes Franc-Ma\u00e7on - Longueur : 42 cm\" \/>\n<meta property=\"og:url\" content=\"https:\/\/repliquemangacine.fr\/it\/pugnali-medievali\/pugnale-decorativo-della-massoneria\/\" \/>\n<meta property=\"og:site_name\" content=\"R\u00e9plique Manga Cin\u00e9\" \/>\n<meta property=\"article:publisher\" content=\"https:\/\/www.facebook.com\/RepliqueMangaCine\" \/>\n<meta property=\"article:modified_time\" content=\"2025-10-25T18:54:36+00:00\" \/>\n<meta property=\"og:image\" content=\"https:\/\/repliquemangacine.fr\/wp-content\/uploads\/2023\/10\/ornamental-masonic-dagger-zs214-1.jpg\" \/>\n\t<meta property=\"og:image:width\" content=\"800\" \/>\n\t<meta property=\"og:image:height\" content=\"800\" \/>\n\t<meta property=\"og:image:type\" content=\"image\/jpeg\" \/>\n<meta name=\"twitter:card\" content=\"summary_large_image\" \/>\n<meta name=\"twitter:label1\" content=\"Tempo di lettura stimato\" \/>\n\t<meta name=\"twitter:data1\" content=\"2 minuti\" \/>\n<script type=\"application\/ld+json\" class=\"yoast-schema-graph\">{\"@context\":\"https:\\\/\\\/schema.org\",\"@graph\":[{\"@type\":\"WebPage\",\"@id\":\"https:\\\/\\\/repliquemangacine.fr\\\/dagues-medievales\\\/dague-de-decoration-franc-maconnerie\\\/\",\"url\":\"https:\\\/\\\/repliquemangacine.fr\\\/dagues-medievales\\\/dague-de-decoration-franc-maconnerie\\\/\",\"name\":\"Dague Franc-Ma\u00e7onnerie - Vente en ligne - R\u00e9plique Manga Cin\u00e9\",\"isPartOf\":{\"@id\":\"https:\\\/\\\/repliquemangacine.fr\\\/#website\"},\"primaryImageOfPage\":{\"@id\":\"https:\\\/\\\/repliquemangacine.fr\\\/dagues-medievales\\\/dague-de-decoration-franc-maconnerie\\\/#primaryimage\"},\"image\":{\"@id\":\"https:\\\/\\\/repliquemangacine.fr\\\/dagues-medievales\\\/dague-de-decoration-franc-maconnerie\\\/#primaryimage\"},\"thumbnailUrl\":\"https:\\\/\\\/repliquemangacine.fr\\\/wp-content\\\/uploads\\\/2023\\\/10\\\/ornamental-masonic-dagger-zs214-1.jpg\",\"datePublished\":\"2022-02-16T11:26:36+00:00\",\"dateModified\":\"2025-10-25T18:54:36+00:00\",\"description\":\"D\u00e9couvrez la Dague Franc-Ma\u00e7onnerie au meilleur prix - Lame en acier - Garde, pommeau et fourreau avec symboles et embl\u00e8mes Franc-Ma\u00e7on - Longueur : 42 cm\",\"breadcrumb\":{\"@id\":\"https:\\\/\\\/repliquemangacine.fr\\\/dagues-medievales\\\/dague-de-decoration-franc-maconnerie\\\/#breadcrumb\"},\"inLanguage\":\"it-IT\",\"potentialAction\":[{\"@type\":\"ReadAction\",\"target\":[\"https:\\\/\\\/repliquemangacine.fr\\\/dagues-medievales\\\/dague-de-decoration-franc-maconnerie\\\/\"]}]},{\"@type\":\"ImageObject\",\"inLanguage\":\"it-IT\",\"@id\":\"https:\\\/\\\/repliquemangacine.fr\\\/dagues-medievales\\\/dague-de-decoration-franc-maconnerie\\\/#primaryimage\",\"url\":\"https:\\\/\\\/repliquemangacine.fr\\\/wp-content\\\/uploads\\\/2023\\\/10\\\/ornamental-masonic-dagger-zs214-1.jpg\",\"contentUrl\":\"https:\\\/\\\/repliquemangacine.fr\\\/wp-content\\\/uploads\\\/2023\\\/10\\\/ornamental-masonic-dagger-zs214-1.jpg\",\"width\":800,\"height\":800,\"caption\":\"dague des francs-ma\u00e7ons\"},{\"@type\":\"BreadcrumbList\",\"@id\":\"https:\\\/\\\/repliquemangacine.fr\\\/dagues-medievales\\\/dague-de-decoration-franc-maconnerie\\\/#breadcrumb\",\"itemListElement\":[{\"@type\":\"ListItem\",\"position\":1,\"name\":\"Accueil\",\"item\":\"https:\\\/\\\/repliquemangacine.fr\\\/\"},{\"@type\":\"ListItem\",\"position\":2,\"name\":\"Produits\",\"item\":\"https:\\\/\\\/repliquemangacine.fr\\\/boutique\\\/\"},{\"@type\":\"ListItem\",\"position\":3,\"name\":\"Dague Franc-Ma\u00e7onnerie\"}]},{\"@type\":\"WebSite\",\"@id\":\"https:\\\/\\\/repliquemangacine.fr\\\/#website\",\"url\":\"https:\\\/\\\/repliquemangacine.fr\\\/\",\"name\":\"R\u00e9plique Manga Cin\u00e9\",\"description\":\"\",\"publisher\":{\"@id\":\"https:\\\/\\\/repliquemangacine.fr\\\/#organization\"},\"potentialAction\":[{\"@type\":\"SearchAction\",\"target\":{\"@type\":\"EntryPoint\",\"urlTemplate\":\"https:\\\/\\\/repliquemangacine.fr\\\/?s={search_term_string}\"},\"query-input\":{\"@type\":\"PropertyValueSpecification\",\"valueRequired\":true,\"valueName\":\"search_term_string\"}}],\"inLanguage\":\"it-IT\"},{\"@type\":\"Organization\",\"@id\":\"https:\\\/\\\/repliquemangacine.fr\\\/#organization\",\"name\":\"R\u00e9plique Manga Cin\u00e9\",\"url\":\"https:\\\/\\\/repliquemangacine.fr\\\/\",\"logo\":{\"@type\":\"ImageObject\",\"inLanguage\":\"it-IT\",\"@id\":\"https:\\\/\\\/repliquemangacine.fr\\\/#\\\/schema\\\/logo\\\/image\\\/\",\"url\":\"https:\\\/\\\/repliquemangacine.fr\\\/wp-content\\\/uploads\\\/2023\\\/10\\\/RMC-500250.png\",\"contentUrl\":\"https:\\\/\\\/repliquemangacine.fr\\\/wp-content\\\/uploads\\\/2023\\\/10\\\/RMC-500250.png\",\"width\":500,\"height\":250,\"caption\":\"R\u00e9plique Manga Cin\u00e9\"},\"image\":{\"@id\":\"https:\\\/\\\/repliquemangacine.fr\\\/#\\\/schema\\\/logo\\\/image\\\/\"},\"sameAs\":[\"https:\\\/\\\/www.facebook.com\\\/RepliqueMangaCine\",\"https:\\\/\\\/www.instagram.com\\\/repliquemangacine.fr\\\/\"]}]}<\/script>\n<!-- \/ Yoast SEO plugin. -->","yoast_head_json":{"title":"Massoneria del pugnale - Vendita online - R\u00e9plique Manga Cin\u00e9","description":"Scopri il pugnale della Massoneria al miglior prezzo - Lama in acciaio - Guardia, pomo e fodero con simboli ed emblemi massoni - Lunghezza: 42 cm","robots":{"index":"index","follow":"follow","max-snippet":"max-snippet:-1","max-image-preview":"max-image-preview:large","max-video-preview":"max-video-preview:-1"},"canonical":"https:\/\/repliquemangacine.fr\/it\/pugnali-medievali\/pugnale-decorativo-della-massoneria\/","og_locale":"it_IT","og_type":"article","og_title":"Dague Franc-Ma\u00e7onnerie - Vente en ligne - R\u00e9plique Manga Cin\u00e9","og_description":"D\u00e9couvrez la Dague Franc-Ma\u00e7onnerie au meilleur prix - Lame en acier - Garde, pommeau et fourreau avec symboles et embl\u00e8mes Franc-Ma\u00e7on - Longueur : 42 cm","og_url":"https:\/\/repliquemangacine.fr\/it\/pugnali-medievali\/pugnale-decorativo-della-massoneria\/","og_site_name":"R\u00e9plique Manga Cin\u00e9","article_publisher":"https:\/\/www.facebook.com\/RepliqueMangaCine","article_modified_time":"2025-10-25T18:54:36+00:00","og_image":[{"width":800,"height":800,"url":"https:\/\/repliquemangacine.fr\/wp-content\/uploads\/2023\/10\/ornamental-masonic-dagger-zs214-1.jpg","type":"image\/jpeg"}],"twitter_card":"summary_large_image","twitter_misc":{"Tempo di lettura stimato":"2 minuti"},"schema":{"@context":"https:\/\/schema.org","@graph":[{"@type":"WebPage","@id":"https:\/\/repliquemangacine.fr\/dagues-medievales\/dague-de-decoration-franc-maconnerie\/","url":"https:\/\/repliquemangacine.fr\/dagues-medievales\/dague-de-decoration-franc-maconnerie\/","name":"Massoneria del pugnale - Vendita online - R\u00e9plique Manga Cin\u00e9","isPartOf":{"@id":"https:\/\/repliquemangacine.fr\/#website"},"primaryImageOfPage":{"@id":"https:\/\/repliquemangacine.fr\/dagues-medievales\/dague-de-decoration-franc-maconnerie\/#primaryimage"},"image":{"@id":"https:\/\/repliquemangacine.fr\/dagues-medievales\/dague-de-decoration-franc-maconnerie\/#primaryimage"},"thumbnailUrl":"https:\/\/repliquemangacine.fr\/wp-content\/uploads\/2023\/10\/ornamental-masonic-dagger-zs214-1.jpg","datePublished":"2022-02-16T11:26:36+00:00","dateModified":"2025-10-25T18:54:36+00:00","description":"Scopri il pugnale della Massoneria al miglior prezzo - Lama in acciaio - Guardia, pomo e fodero con simboli ed emblemi massoni - Lunghezza: 42 cm","breadcrumb":{"@id":"https:\/\/repliquemangacine.fr\/dagues-medievales\/dague-de-decoration-franc-maconnerie\/#breadcrumb"},"inLanguage":"it-IT","potentialAction":[{"@type":"ReadAction","target":["https:\/\/repliquemangacine.fr\/dagues-medievales\/dague-de-decoration-franc-maconnerie\/"]}]},{"@type":"ImageObject","inLanguage":"it-IT","@id":"https:\/\/repliquemangacine.fr\/dagues-medievales\/dague-de-decoration-franc-maconnerie\/#primaryimage","url":"https:\/\/repliquemangacine.fr\/wp-content\/uploads\/2023\/10\/ornamental-masonic-dagger-zs214-1.jpg","contentUrl":"https:\/\/repliquemangacine.fr\/wp-content\/uploads\/2023\/10\/ornamental-masonic-dagger-zs214-1.jpg","width":800,"height":800,"caption":"dague des francs-ma\u00e7ons"},{"@type":"BreadcrumbList","@id":"https:\/\/repliquemangacine.fr\/dagues-medievales\/dague-de-decoration-franc-maconnerie\/#breadcrumb","itemListElement":[{"@type":"ListItem","position":1,"name":"Accueil","item":"https:\/\/repliquemangacine.fr\/"},{"@type":"ListItem","position":2,"name":"Produits","item":"https:\/\/repliquemangacine.fr\/boutique\/"},{"@type":"ListItem","position":3,"name":"Dague Franc-Ma\u00e7onnerie"}]},{"@type":"WebSite","@id":"https:\/\/repliquemangacine.fr\/#website","url":"https:\/\/repliquemangacine.fr\/","name":"R\u00e9plique Manga Cin\u00e9","description":"","publisher":{"@id":"https:\/\/repliquemangacine.fr\/#organization"},"potentialAction":[{"@type":"SearchAction","target":{"@type":"EntryPoint","urlTemplate":"https:\/\/repliquemangacine.fr\/?s={search_term_string}"},"query-input":{"@type":"PropertyValueSpecification","valueRequired":true,"valueName":"search_term_string"}}],"inLanguage":"it-IT"},{"@type":"Organization","@id":"https:\/\/repliquemangacine.fr\/#organization","name":"R\u00e9plique Manga Cin\u00e9","url":"https:\/\/repliquemangacine.fr\/","logo":{"@type":"ImageObject","inLanguage":"it-IT","@id":"https:\/\/repliquemangacine.fr\/#\/schema\/logo\/image\/","url":"https:\/\/repliquemangacine.fr\/wp-content\/uploads\/2023\/10\/RMC-500250.png","contentUrl":"https:\/\/repliquemangacine.fr\/wp-content\/uploads\/2023\/10\/RMC-500250.png","width":500,"height":250,"caption":"R\u00e9plique Manga Cin\u00e9"},"image":{"@id":"https:\/\/repliquemangacine.fr\/#\/schema\/logo\/image\/"},"sameAs":["https:\/\/www.facebook.com\/RepliqueMangaCine","https:\/\/www.instagram.com\/repliquemangacine.fr\/"]}]}},"_links":{"self":[{"href":"https:\/\/repliquemangacine.fr\/it\/wp-json\/wp\/v2\/product\/48282","targetHints":{"allow":["GET"]}}],"collection":[{"href":"https:\/\/repliquemangacine.fr\/it\/wp-json\/wp\/v2\/product"}],"about":[{"href":"https:\/\/repliquemangacine.fr\/it\/wp-json\/wp\/v2\/types\/product"}],"wp:featuredmedia":[{"embeddable":true,"href":"https:\/\/repliquemangacine.fr\/it\/wp-json\/wp\/v2\/media\/48283"}],"wp:attachment":[{"href":"https:\/\/repliquemangacine.fr\/it\/wp-json\/wp\/v2\/media?parent=48282"}],"wp:term":[{"taxonomy":"product_brand","embeddable":true,"href":"https:\/\/repliquemangacine.fr\/it\/wp-json\/wp\/v2\/product_brand?post=48282"},{"taxonomy":"product_cat","embeddable":true,"href":"https:\/\/repliquemangacine.fr\/it\/wp-json\/wp\/v2\/product_cat?post=48282"},{"taxonomy":"product_tag","embeddable":true,"href":"https:\/\/repliquemangacine.fr\/it\/wp-json\/wp\/v2\/product_tag?post=48282"}],"curies":[{"name":"wp","href":"https:\/\/api.w.org\/{rel}","templated":true}]}}