





{"id":47884,"date":"2022-02-01T15:00:32","date_gmt":"2022-02-01T14:00:32","guid":{"rendered":"https:\/\/repliquemangacine.fr\/?post_type=product&#038;p=47884"},"modified":"2026-03-30T17:49:07","modified_gmt":"2026-03-30T15:49:07","slug":"set-di-kolser-lucidati-peacemaker-5-5","status":"publish","type":"product","link":"https:\/\/repliquemangacine.fr\/it\/colt-revolver-western\/coffret-peacemaker-5-5-poli-kolser\/","title":{"rendered":"Peacemaker 5.5 Set Kolser lucidato"},"content":{"rendered":"<h2>Peacemaker 5,5 set 1873 lucidato - Kolser.<\/h2>\n<p>Per cominciare, la riproduzione del cofanetto Peacemaker 5.5 Poli Modello 1873 Kolser, una riproduzione identica all'originale Colt 45 SAA. Storicamente, utilizzata da star come Buffalo Bill, Pat Garrett e Wild Bill Hickock.<\/p>\n<p>Questa replica Kolser si distingue per i materiali utilizzati per la lavorazione del metallo (invecchiato volutamente) dal tamburo alla canna. Accuratamente rivista nell'assemblaggio e lucidata a mano.<\/p>\n<p>Le istruzioni di montaggio sono fornite con la raccomandazione espressa di non smontare il prodotto. In tal caso non sar\u00e0 accettato alcun reso.<\/p>\n<p>Se c'\u00e8 un'arma il cui prestigio non ha mai vacillato, e anzi non ha mai smesso di crescere, \u00e8 la Colt Single Action. Questo revolver, con la sua forma caratteristica e perfettamente armoniosa, \u00e8 diventato leggendario.<\/p>\n<h2>Il vostro Peacemaker 5.5 Polished Set al miglior prezzo.<\/h2>\n<p>Vi proponiamo un'ampia scelta di riproduzioni di armi Western Kolser ai prezzi pi\u00f9 bassi sul mercato.<\/p>\n<p>Innanzitutto,<\/p>\n<ul>\n<li>Le <a href=\"https:\/\/repliquemangacine.fr\/it\/pistola-kolser\/colt-45-custodia-in-ottone-1873-kolser\/\">Colt SAA in ottone<\/a> Calibro 45, 4,75 pollici con lucidatura a mano.<\/li>\n<li>Cos\u00ec come<a href=\"https:\/\/repliquemangacine.fr\/it\/pistola-kolser\/6-proiettili-finti-per-colt-45-kolser\/\"> Proiettili finti Kolser<\/a> per un maggiore realismo.<\/li>\n<li>E molti altri da scoprire nel nostro negozio online!<\/li>\n<\/ul>\n<p>Ecco perch\u00e9 \u00e8 un'ottima idea regalo per i collezionisti o gli appassionati di western.<\/p>\n<p>In conclusione, \u00e8 possibile utilizzare il metodo <strong>Peacemaker 5,5 Set lucido<\/strong> 1873 Kolser per le vostre dimostrazioni di western o le vostre serate a tema.<\/p>\n<p>Vi ricordiamo che queste sono solo armi fittizie e non rappresentano alcun pericolo.<\/p>\n<p>R\u00e9plique Manga Cin\u00e9 \u00e8 un'azienda francese e distributore del marchio <a href=\"https:\/\/kolser.com\/fr\/catalogo\/\" target=\"_blank\" rel=\"noopener noreferrer\">Kolser<\/a>.<\/p>\n<h2>Come vengono realizzate le armi Kolser?<\/h2>\n<p>Le pistole Kolser sono realizzate in metallo con finiture speciali in ottone galvanizzato e nichel, con effetti di metallo invecchiato o acciaio ottenuti attraverso meticolosi processi manuali che conferiscono un aspetto unico ai pezzi del marchio.<\/p>\n<p>Situati al massimo livello di qualit\u00e0 sul mercato, preservano lo spirito degli armaioli dei secoli passati per un lavoro ben fatto.<\/p>\n<p>Inoltre, la modernizzazione dei protocolli di progettazione dei nuovi modelli, realizzati con i pi\u00f9 elevati standard, raggiunge questo aspetto molto reale. Allo stesso modo, Kolser innova nei sistemi di produzione e nei processi di assemblaggio manuale per garantire la migliore qualit\u00e0 dei pezzi e dei materiali con cui realizzano i vostri prodotti. <strong>Peacemaker 5,5 Set lucido<\/strong>.<\/p>","protected":false},"excerpt":{"rendered":"<p>Replica della Colt 45 Peacemaker 5,5 1873.<\/p>\n<ul>\n<li>Metallo lucidato a mano<\/li>\n<li>Stock di legno.<\/li>\n<li>Meccanismo funzionale.<\/li>\n<li>Camera a tamburo rotante ricaricabile.<\/li>\n<li>Scatola con 6 palline.<\/li>\n<li>Lunghezza totale: 27 cm - Peso: 950 g<\/li>\n<\/ul>\n<p><a href=\"https:\/\/youtu.be\/rEPbkLd2edU\">Fare clic qui per vedere la dimostrazione di Kolser<\/a><\/p>","protected":false},"featured_media":47885,"template":"","meta":[],"product_brand":[896],"product_cat":[100,34,33,77,28,27],"product_tag":[],"class_list":{"0":"post-47884","1":"product","2":"type-product","3":"status-publish","4":"has-post-thumbnail","6":"product_brand-replique-manga-cine","7":"product_cat-arme-kolser","8":"product_cat-armes-westerns","9":"product_cat-colt-pistolet","10":"product_cat-colt-revolver-western","11":"product_cat-repliques-darmes","12":"product_cat-armes-et-accessoires-western","14":"first","15":"outofstock","16":"taxable","17":"shipping-taxable","18":"purchasable","19":"product-type-simple"},"yoast_head":"<!-- This site is optimized with the Yoast SEO plugin v27.4 - https:\/\/yoast.com\/product\/yoast-seo-wordpress\/ -->\n<title>Coffret Peacemaker 5.5 Poli - Armes Kolser - R\u00e9plique Manga Cin\u00e9<\/title>\n<meta name=\"description\" content=\"Superbe ! Coffret Peacemaker 5.5 Poli sign\u00e9 Kolser au meilleur prix - Tout en m\u00e9tal - Poli \u00e0 la main - Barillet rotatif - M\u00e9canisme fonctionnel - 27 cm\" \/>\n<meta name=\"robots\" content=\"index, follow, max-snippet:-1, max-image-preview:large, max-video-preview:-1\" \/>\n<link rel=\"canonical\" href=\"https:\/\/repliquemangacine.fr\/it\/revolver-colt-western\/set-di-kolser-lucidati-peacemaker-5-5\/\" \/>\n<meta property=\"og:locale\" content=\"it_IT\" \/>\n<meta property=\"og:type\" content=\"article\" \/>\n<meta property=\"og:title\" content=\"Coffret Peacemaker 5.5 Poli - Armes Kolser - R\u00e9plique Manga Cin\u00e9\" \/>\n<meta property=\"og:description\" content=\"Superbe ! Coffret Peacemaker 5.5 Poli sign\u00e9 Kolser au meilleur prix - Tout en m\u00e9tal - Poli \u00e0 la main - Barillet rotatif - M\u00e9canisme fonctionnel - 27 cm\" \/>\n<meta property=\"og:url\" content=\"https:\/\/repliquemangacine.fr\/it\/revolver-colt-western\/set-di-kolser-lucidati-peacemaker-5-5\/\" \/>\n<meta property=\"og:site_name\" content=\"R\u00e9plique Manga Cin\u00e9\" \/>\n<meta property=\"article:publisher\" content=\"https:\/\/www.facebook.com\/RepliqueMangaCine\" \/>\n<meta property=\"article:modified_time\" content=\"2026-03-30T15:49:07+00:00\" \/>\n<meta property=\"og:image\" content=\"https:\/\/repliquemangacine.fr\/wp-content\/uploads\/2023\/10\/1065-wnp.jpg\" \/>\n\t<meta property=\"og:image:width\" content=\"800\" \/>\n\t<meta property=\"og:image:height\" content=\"800\" \/>\n\t<meta property=\"og:image:type\" content=\"image\/jpeg\" \/>\n<meta name=\"twitter:card\" content=\"summary_large_image\" \/>\n<meta name=\"twitter:label1\" content=\"Tempo di lettura stimato\" \/>\n\t<meta name=\"twitter:data1\" content=\"2 minuti\" \/>\n<script type=\"application\/ld+json\" class=\"yoast-schema-graph\">{\"@context\":\"https:\\\/\\\/schema.org\",\"@graph\":[{\"@type\":\"WebPage\",\"@id\":\"https:\\\/\\\/repliquemangacine.fr\\\/colt-revolver-western\\\/coffret-peacemaker-5-5-poli-kolser\\\/\",\"url\":\"https:\\\/\\\/repliquemangacine.fr\\\/colt-revolver-western\\\/coffret-peacemaker-5-5-poli-kolser\\\/\",\"name\":\"Coffret Peacemaker 5.5 Poli - Armes Kolser - R\u00e9plique Manga Cin\u00e9\",\"isPartOf\":{\"@id\":\"https:\\\/\\\/repliquemangacine.fr\\\/#website\"},\"primaryImageOfPage\":{\"@id\":\"https:\\\/\\\/repliquemangacine.fr\\\/colt-revolver-western\\\/coffret-peacemaker-5-5-poli-kolser\\\/#primaryimage\"},\"image\":{\"@id\":\"https:\\\/\\\/repliquemangacine.fr\\\/colt-revolver-western\\\/coffret-peacemaker-5-5-poli-kolser\\\/#primaryimage\"},\"thumbnailUrl\":\"https:\\\/\\\/repliquemangacine.fr\\\/wp-content\\\/uploads\\\/2023\\\/10\\\/1065-wnp.jpg\",\"datePublished\":\"2022-02-01T14:00:32+00:00\",\"dateModified\":\"2026-03-30T15:49:07+00:00\",\"description\":\"Superbe ! Coffret Peacemaker 5.5 Poli sign\u00e9 Kolser au meilleur prix - Tout en m\u00e9tal - Poli \u00e0 la main - Barillet rotatif - M\u00e9canisme fonctionnel - 27 cm\",\"breadcrumb\":{\"@id\":\"https:\\\/\\\/repliquemangacine.fr\\\/colt-revolver-western\\\/coffret-peacemaker-5-5-poli-kolser\\\/#breadcrumb\"},\"inLanguage\":\"it-IT\",\"potentialAction\":[{\"@type\":\"ReadAction\",\"target\":[\"https:\\\/\\\/repliquemangacine.fr\\\/colt-revolver-western\\\/coffret-peacemaker-5-5-poli-kolser\\\/\"]}]},{\"@type\":\"ImageObject\",\"inLanguage\":\"it-IT\",\"@id\":\"https:\\\/\\\/repliquemangacine.fr\\\/colt-revolver-western\\\/coffret-peacemaker-5-5-poli-kolser\\\/#primaryimage\",\"url\":\"https:\\\/\\\/repliquemangacine.fr\\\/wp-content\\\/uploads\\\/2023\\\/10\\\/1065-wnp.jpg\",\"contentUrl\":\"https:\\\/\\\/repliquemangacine.fr\\\/wp-content\\\/uploads\\\/2023\\\/10\\\/1065-wnp.jpg\",\"width\":800,\"height\":800,\"caption\":\"Coffret Peacemaker 5.5 Poli Kolser\"},{\"@type\":\"BreadcrumbList\",\"@id\":\"https:\\\/\\\/repliquemangacine.fr\\\/colt-revolver-western\\\/coffret-peacemaker-5-5-poli-kolser\\\/#breadcrumb\",\"itemListElement\":[{\"@type\":\"ListItem\",\"position\":1,\"name\":\"Accueil\",\"item\":\"https:\\\/\\\/repliquemangacine.fr\\\/\"},{\"@type\":\"ListItem\",\"position\":2,\"name\":\"Produits\",\"item\":\"https:\\\/\\\/repliquemangacine.fr\\\/boutique\\\/\"},{\"@type\":\"ListItem\",\"position\":3,\"name\":\"Coffret Peacemaker 5.5 Poli Kolser\"}]},{\"@type\":\"WebSite\",\"@id\":\"https:\\\/\\\/repliquemangacine.fr\\\/#website\",\"url\":\"https:\\\/\\\/repliquemangacine.fr\\\/\",\"name\":\"R\u00e9plique Manga Cin\u00e9\",\"description\":\"\",\"publisher\":{\"@id\":\"https:\\\/\\\/repliquemangacine.fr\\\/#organization\"},\"potentialAction\":[{\"@type\":\"SearchAction\",\"target\":{\"@type\":\"EntryPoint\",\"urlTemplate\":\"https:\\\/\\\/repliquemangacine.fr\\\/?s={search_term_string}\"},\"query-input\":{\"@type\":\"PropertyValueSpecification\",\"valueRequired\":true,\"valueName\":\"search_term_string\"}}],\"inLanguage\":\"it-IT\"},{\"@type\":\"Organization\",\"@id\":\"https:\\\/\\\/repliquemangacine.fr\\\/#organization\",\"name\":\"R\u00e9plique Manga Cin\u00e9\",\"url\":\"https:\\\/\\\/repliquemangacine.fr\\\/\",\"logo\":{\"@type\":\"ImageObject\",\"inLanguage\":\"it-IT\",\"@id\":\"https:\\\/\\\/repliquemangacine.fr\\\/#\\\/schema\\\/logo\\\/image\\\/\",\"url\":\"https:\\\/\\\/repliquemangacine.fr\\\/wp-content\\\/uploads\\\/2023\\\/10\\\/RMC-500250.png\",\"contentUrl\":\"https:\\\/\\\/repliquemangacine.fr\\\/wp-content\\\/uploads\\\/2023\\\/10\\\/RMC-500250.png\",\"width\":500,\"height\":250,\"caption\":\"R\u00e9plique Manga Cin\u00e9\"},\"image\":{\"@id\":\"https:\\\/\\\/repliquemangacine.fr\\\/#\\\/schema\\\/logo\\\/image\\\/\"},\"sameAs\":[\"https:\\\/\\\/www.facebook.com\\\/RepliqueMangaCine\",\"https:\\\/\\\/www.instagram.com\\\/repliquemangacine.fr\\\/\"]}]}<\/script>\n<!-- \/ Yoast SEO plugin. -->","yoast_head_json":{"title":"Peacemaker 5.5 Set lucidato - Pistole Kolser - R\u00e9plique Manga Cin\u00e9","description":"Superbo! Peacemaker 5.5 Polished set by Kolser al miglior prezzo - Tutto in metallo - Lucidato a mano - Canna rotante - Meccanismo funzionale - 27 cm","robots":{"index":"index","follow":"follow","max-snippet":"max-snippet:-1","max-image-preview":"max-image-preview:large","max-video-preview":"max-video-preview:-1"},"canonical":"https:\/\/repliquemangacine.fr\/it\/revolver-colt-western\/set-di-kolser-lucidati-peacemaker-5-5\/","og_locale":"it_IT","og_type":"article","og_title":"Coffret Peacemaker 5.5 Poli - Armes Kolser - R\u00e9plique Manga Cin\u00e9","og_description":"Superbe ! Coffret Peacemaker 5.5 Poli sign\u00e9 Kolser au meilleur prix - Tout en m\u00e9tal - Poli \u00e0 la main - Barillet rotatif - M\u00e9canisme fonctionnel - 27 cm","og_url":"https:\/\/repliquemangacine.fr\/it\/revolver-colt-western\/set-di-kolser-lucidati-peacemaker-5-5\/","og_site_name":"R\u00e9plique Manga Cin\u00e9","article_publisher":"https:\/\/www.facebook.com\/RepliqueMangaCine","article_modified_time":"2026-03-30T15:49:07+00:00","og_image":[{"width":800,"height":800,"url":"https:\/\/repliquemangacine.fr\/wp-content\/uploads\/2023\/10\/1065-wnp.jpg","type":"image\/jpeg"}],"twitter_card":"summary_large_image","twitter_misc":{"Tempo di lettura stimato":"2 minuti"},"schema":{"@context":"https:\/\/schema.org","@graph":[{"@type":"WebPage","@id":"https:\/\/repliquemangacine.fr\/colt-revolver-western\/coffret-peacemaker-5-5-poli-kolser\/","url":"https:\/\/repliquemangacine.fr\/colt-revolver-western\/coffret-peacemaker-5-5-poli-kolser\/","name":"Peacemaker 5.5 Set lucidato - Pistole Kolser - R\u00e9plique Manga Cin\u00e9","isPartOf":{"@id":"https:\/\/repliquemangacine.fr\/#website"},"primaryImageOfPage":{"@id":"https:\/\/repliquemangacine.fr\/colt-revolver-western\/coffret-peacemaker-5-5-poli-kolser\/#primaryimage"},"image":{"@id":"https:\/\/repliquemangacine.fr\/colt-revolver-western\/coffret-peacemaker-5-5-poli-kolser\/#primaryimage"},"thumbnailUrl":"https:\/\/repliquemangacine.fr\/wp-content\/uploads\/2023\/10\/1065-wnp.jpg","datePublished":"2022-02-01T14:00:32+00:00","dateModified":"2026-03-30T15:49:07+00:00","description":"Superbo! Peacemaker 5.5 Polished set by Kolser al miglior prezzo - Tutto in metallo - Lucidato a mano - Canna rotante - Meccanismo funzionale - 27 cm","breadcrumb":{"@id":"https:\/\/repliquemangacine.fr\/colt-revolver-western\/coffret-peacemaker-5-5-poli-kolser\/#breadcrumb"},"inLanguage":"it-IT","potentialAction":[{"@type":"ReadAction","target":["https:\/\/repliquemangacine.fr\/colt-revolver-western\/coffret-peacemaker-5-5-poli-kolser\/"]}]},{"@type":"ImageObject","inLanguage":"it-IT","@id":"https:\/\/repliquemangacine.fr\/colt-revolver-western\/coffret-peacemaker-5-5-poli-kolser\/#primaryimage","url":"https:\/\/repliquemangacine.fr\/wp-content\/uploads\/2023\/10\/1065-wnp.jpg","contentUrl":"https:\/\/repliquemangacine.fr\/wp-content\/uploads\/2023\/10\/1065-wnp.jpg","width":800,"height":800,"caption":"Coffret Peacemaker 5.5 Poli Kolser"},{"@type":"BreadcrumbList","@id":"https:\/\/repliquemangacine.fr\/colt-revolver-western\/coffret-peacemaker-5-5-poli-kolser\/#breadcrumb","itemListElement":[{"@type":"ListItem","position":1,"name":"Accueil","item":"https:\/\/repliquemangacine.fr\/"},{"@type":"ListItem","position":2,"name":"Produits","item":"https:\/\/repliquemangacine.fr\/boutique\/"},{"@type":"ListItem","position":3,"name":"Coffret Peacemaker 5.5 Poli Kolser"}]},{"@type":"WebSite","@id":"https:\/\/repliquemangacine.fr\/#website","url":"https:\/\/repliquemangacine.fr\/","name":"R\u00e9plique Manga Cin\u00e9","description":"","publisher":{"@id":"https:\/\/repliquemangacine.fr\/#organization"},"potentialAction":[{"@type":"SearchAction","target":{"@type":"EntryPoint","urlTemplate":"https:\/\/repliquemangacine.fr\/?s={search_term_string}"},"query-input":{"@type":"PropertyValueSpecification","valueRequired":true,"valueName":"search_term_string"}}],"inLanguage":"it-IT"},{"@type":"Organization","@id":"https:\/\/repliquemangacine.fr\/#organization","name":"R\u00e9plique Manga Cin\u00e9","url":"https:\/\/repliquemangacine.fr\/","logo":{"@type":"ImageObject","inLanguage":"it-IT","@id":"https:\/\/repliquemangacine.fr\/#\/schema\/logo\/image\/","url":"https:\/\/repliquemangacine.fr\/wp-content\/uploads\/2023\/10\/RMC-500250.png","contentUrl":"https:\/\/repliquemangacine.fr\/wp-content\/uploads\/2023\/10\/RMC-500250.png","width":500,"height":250,"caption":"R\u00e9plique Manga Cin\u00e9"},"image":{"@id":"https:\/\/repliquemangacine.fr\/#\/schema\/logo\/image\/"},"sameAs":["https:\/\/www.facebook.com\/RepliqueMangaCine","https:\/\/www.instagram.com\/repliquemangacine.fr\/"]}]}},"_links":{"self":[{"href":"https:\/\/repliquemangacine.fr\/it\/wp-json\/wp\/v2\/product\/47884","targetHints":{"allow":["GET"]}}],"collection":[{"href":"https:\/\/repliquemangacine.fr\/it\/wp-json\/wp\/v2\/product"}],"about":[{"href":"https:\/\/repliquemangacine.fr\/it\/wp-json\/wp\/v2\/types\/product"}],"wp:featuredmedia":[{"embeddable":true,"href":"https:\/\/repliquemangacine.fr\/it\/wp-json\/wp\/v2\/media\/47885"}],"wp:attachment":[{"href":"https:\/\/repliquemangacine.fr\/it\/wp-json\/wp\/v2\/media?parent=47884"}],"wp:term":[{"taxonomy":"product_brand","embeddable":true,"href":"https:\/\/repliquemangacine.fr\/it\/wp-json\/wp\/v2\/product_brand?post=47884"},{"taxonomy":"product_cat","embeddable":true,"href":"https:\/\/repliquemangacine.fr\/it\/wp-json\/wp\/v2\/product_cat?post=47884"},{"taxonomy":"product_tag","embeddable":true,"href":"https:\/\/repliquemangacine.fr\/it\/wp-json\/wp\/v2\/product_tag?post=47884"}],"curies":[{"name":"wp","href":"https:\/\/api.w.org\/{rel}","templated":true}]}}