





{"id":47696,"date":"2022-01-27T13:39:37","date_gmt":"2022-01-27T12:39:37","guid":{"rendered":"https:\/\/repliquemangacine.fr\/?post_type=product&#038;p=47696"},"modified":"2025-12-19T15:00:01","modified_gmt":"2025-12-19T14:00:01","slug":"winchester-98-cm-grey-kolser","status":"publish","type":"product","link":"https:\/\/repliquemangacine.fr\/it\/repliques-carabine-winchester-western\/winchester-98-cm-grey-kolser\/","title":{"rendered":"Winchester 98 cm Grigio - Kolser"},"content":{"rendered":"<h2>Winchester 98 cm Grigio - Kolser<\/h2>\n<p>Per cominciare, questa replica del <strong>Winchester 98 cm Grigio<\/strong> Kolser, \u00e8 dotato di un esclusivo sistema di espulsione dei proiettili <a href=\"https:\/\/kolser.com\/catalogo\/\" target=\"_blank\" rel=\"noopener noreferrer\">Kolser<\/a>.<\/p>\n<p>L'obiettivo era quello di rendere pi\u00f9 realistica la progettazione e la fabbricazione di questo fucile incorporando un meccanismo di simulazione del carico.<\/p>\n<p>I fucili Winchester sono caratterizzati dalla leva di armamento, un meccanismo all'altezza del grilletto che consente di espellere rapidamente il bossolo vuoto. Questo semplice principio di funzionamento ambidestro consente una maggiore velocit\u00e0 di fuoco.<\/p>\n<p>Infine, nel 1873 usc\u00ec un altro modello molto popolare, che utilizzava cartucce a percussione centrale. I modelli 66 e 73 Winchester saranno entrambi conosciuti con il termine \"il fucile che vinse il West\".<\/p>\n<h2>Il tuo Winchester 98 cm Grey al miglior prezzo.<\/h2>\n<p>Offriamo un'ampia gamma di riproduzioni di armi occidentali.<\/p>\n<p>Innanzitutto,<\/p>\n<ul>\n<li>Riproduzione di <a href=\"https:\/\/repliquemangacine.fr\/it\/pistola-kolser\/gamba-mares-55cm-edizione-nera-kolser\/\">Gamba della cavalla 55 cm<\/a> di Josh Randall Edizione nera.<\/li>\n<li>In secondo luogo, per rendere il fucile pi\u00f9 realistico, <a href=\"https:\/\/repliquemangacine.fr\/it\/accessori-western\/6-balles-pour-winchester-kolser\/\">Proiettili finti Kolser<\/a> sono essenziali.<\/li>\n<li>C'\u00e8 anche il <a href=\"https:\/\/repliquemangacine.fr\/it\/pistola-kolser\/vulcanico-1854\/\">Pistola vulcanica<\/a> Kolser che affascina i collezionisti.<\/li>\n<li>E molti altri da scoprire nel nostro negozio online!<\/li>\n<\/ul>\n<p>Ecco perch\u00e9 \u00e8 un'ottima idea regalo per gli appassionati del West americano.<\/p>\n<p>In conclusione, \u00e8 possibile utilizzare il metodo <strong>Winchester 98 cm Grigio<\/strong> Kolser per le vostre rievocazioni e dimostrazioni storiche. Ma soprattutto \u00e8 un oggetto da collezione e un pezzo decorativo.<\/p>\n<h2>Come vengono realizzate le armi Kolser?<\/h2>\n<p>Le pistole Kolser sono realizzate in metallo con finiture speciali in ottone galvanizzato e nichel, con effetti di metallo invecchiato o acciaio ottenuti attraverso meticolosi processi manuali che conferiscono un aspetto unico ai pezzi del marchio.<\/p>\n<p>Situati al massimo livello di qualit\u00e0 sul mercato, preservano lo spirito degli armaioli dei secoli passati per un lavoro ben fatto.<\/p>\n<p>Inoltre, la modernizzazione dei protocolli di progettazione dei nuovi modelli, realizzati con i pi\u00f9 elevati standard, raggiunge questo aspetto molto reale. Allo stesso modo, Kolser innova nei sistemi di produzione e nei processi di assemblaggio manuale per garantire la migliore qualit\u00e0 dei pezzi e dei materiali con cui realizzano i vostri prodotti. <strong>Winchester 98 cm Grigio<\/strong>.<\/p>","protected":false},"excerpt":{"rendered":"<p>Fucile Winchester mod. 92, USA 1892 finitura grigia.<\/p>\n<ul>\n<li>In metallo e legno.<\/li>\n<li>Meccanismo funzionale.<\/li>\n<li>Camera ricaricabile.<\/li>\n<li>Sistema di espulsione dei proiettili.<\/li>\n<li>Lunghezza totale: 98 cm<\/li>\n<\/ul>\n<p>Carica e spara fino a 6 volte come un vero Winchester - guardate il video qui sotto, \u00e8 molto pi\u00f9 chiaro!<\/p>\n<p><a href=\"https:\/\/youtu.be\/-3VM4x6B0sQ\">Fare clic qui per vedere la dimostrazione di Kolser<\/a><\/p>","protected":false},"featured_media":47697,"template":"","meta":[],"product_brand":[896],"product_cat":[100,34,39,86,28,27],"product_tag":[],"class_list":{"0":"post-47696","1":"product","2":"type-product","3":"status-publish","4":"has-post-thumbnail","6":"product_brand-replique-manga-cine","7":"product_cat-arme-kolser","8":"product_cat-armes-westerns","9":"product_cat-carabine-winchester","10":"product_cat-repliques-carabine-winchester-western","11":"product_cat-repliques-darmes","12":"product_cat-armes-et-accessoires-western","14":"first","15":"outofstock","16":"taxable","17":"shipping-taxable","18":"purchasable","19":"product-type-simple"},"yoast_head":"<!-- This site is optimized with the Yoast SEO plugin v27.4 - https:\/\/yoast.com\/product\/yoast-seo-wordpress\/ -->\n<title>Winchester 98 cm Grey - Kolser - Carabine Kolser - R\u00e9plique Manga Cin\u00e9<\/title>\n<meta name=\"description\" content=\"D\u00e9couvrez la Winchester 98 cm Grey Kolser au meilleur prix - En m\u00e9tal et bois - Chambre rechargeable - \u00c9jection des balles - M\u00e9canisme fonctionnel.\" \/>\n<meta name=\"robots\" content=\"index, follow, max-snippet:-1, max-image-preview:large, max-video-preview:-1\" \/>\n<link rel=\"canonical\" href=\"https:\/\/repliquemangacine.fr\/it\/pistola-kolser\/winchester-98-cm-grey-kolser\/\" \/>\n<meta property=\"og:locale\" content=\"it_IT\" \/>\n<meta property=\"og:type\" content=\"article\" \/>\n<meta property=\"og:title\" content=\"Winchester 98 cm Grey - Kolser - Carabine Kolser - R\u00e9plique Manga Cin\u00e9\" \/>\n<meta property=\"og:description\" content=\"D\u00e9couvrez la Winchester 98 cm Grey Kolser au meilleur prix - En m\u00e9tal et bois - Chambre rechargeable - \u00c9jection des balles - M\u00e9canisme fonctionnel.\" \/>\n<meta property=\"og:url\" content=\"https:\/\/repliquemangacine.fr\/it\/pistola-kolser\/winchester-98-cm-grey-kolser\/\" \/>\n<meta property=\"og:site_name\" content=\"R\u00e9plique Manga Cin\u00e9\" \/>\n<meta property=\"article:publisher\" content=\"https:\/\/www.facebook.com\/RepliqueMangaCine\" \/>\n<meta property=\"article:modified_time\" content=\"2025-12-19T14:00:01+00:00\" \/>\n<meta property=\"og:image\" content=\"https:\/\/repliquemangacine.fr\/wp-content\/uploads\/2023\/10\/winchester-1892-Grey-Edition-Kolser-4.jpg\" \/>\n\t<meta property=\"og:image:width\" content=\"800\" \/>\n\t<meta property=\"og:image:height\" content=\"800\" \/>\n\t<meta property=\"og:image:type\" content=\"image\/jpeg\" \/>\n<meta name=\"twitter:card\" content=\"summary_large_image\" \/>\n<meta name=\"twitter:label1\" content=\"Tempo di lettura stimato\" \/>\n\t<meta name=\"twitter:data1\" content=\"3 minuti\" \/>\n<script type=\"application\/ld+json\" class=\"yoast-schema-graph\">{\"@context\":\"https:\\\/\\\/schema.org\",\"@graph\":[{\"@type\":\"WebPage\",\"@id\":\"https:\\\/\\\/repliquemangacine.fr\\\/arme-kolser\\\/winchester-98-cm-grey-kolser\\\/\",\"url\":\"https:\\\/\\\/repliquemangacine.fr\\\/arme-kolser\\\/winchester-98-cm-grey-kolser\\\/\",\"name\":\"Winchester 98 cm Grey - Kolser - Carabine Kolser - R\u00e9plique Manga Cin\u00e9\",\"isPartOf\":{\"@id\":\"https:\\\/\\\/repliquemangacine.fr\\\/#website\"},\"primaryImageOfPage\":{\"@id\":\"https:\\\/\\\/repliquemangacine.fr\\\/arme-kolser\\\/winchester-98-cm-grey-kolser\\\/#primaryimage\"},\"image\":{\"@id\":\"https:\\\/\\\/repliquemangacine.fr\\\/arme-kolser\\\/winchester-98-cm-grey-kolser\\\/#primaryimage\"},\"thumbnailUrl\":\"https:\\\/\\\/repliquemangacine.fr\\\/wp-content\\\/uploads\\\/2023\\\/10\\\/winchester-1892-Grey-Edition-Kolser-4.jpg\",\"datePublished\":\"2022-01-27T12:39:37+00:00\",\"dateModified\":\"2025-12-19T14:00:01+00:00\",\"description\":\"D\u00e9couvrez la Winchester 98 cm Grey Kolser au meilleur prix - En m\u00e9tal et bois - Chambre rechargeable - \u00c9jection des balles - M\u00e9canisme fonctionnel.\",\"breadcrumb\":{\"@id\":\"https:\\\/\\\/repliquemangacine.fr\\\/arme-kolser\\\/winchester-98-cm-grey-kolser\\\/#breadcrumb\"},\"inLanguage\":\"it-IT\",\"potentialAction\":[{\"@type\":\"ReadAction\",\"target\":[\"https:\\\/\\\/repliquemangacine.fr\\\/arme-kolser\\\/winchester-98-cm-grey-kolser\\\/\"]}]},{\"@type\":\"ImageObject\",\"inLanguage\":\"it-IT\",\"@id\":\"https:\\\/\\\/repliquemangacine.fr\\\/arme-kolser\\\/winchester-98-cm-grey-kolser\\\/#primaryimage\",\"url\":\"https:\\\/\\\/repliquemangacine.fr\\\/wp-content\\\/uploads\\\/2023\\\/10\\\/winchester-1892-Grey-Edition-Kolser-4.jpg\",\"contentUrl\":\"https:\\\/\\\/repliquemangacine.fr\\\/wp-content\\\/uploads\\\/2023\\\/10\\\/winchester-1892-Grey-Edition-Kolser-4.jpg\",\"width\":800,\"height\":800,\"caption\":\"Winchester 98 cm Grey\"},{\"@type\":\"BreadcrumbList\",\"@id\":\"https:\\\/\\\/repliquemangacine.fr\\\/arme-kolser\\\/winchester-98-cm-grey-kolser\\\/#breadcrumb\",\"itemListElement\":[{\"@type\":\"ListItem\",\"position\":1,\"name\":\"Accueil\",\"item\":\"https:\\\/\\\/repliquemangacine.fr\\\/\"},{\"@type\":\"ListItem\",\"position\":2,\"name\":\"Produits\",\"item\":\"https:\\\/\\\/repliquemangacine.fr\\\/boutique\\\/\"},{\"@type\":\"ListItem\",\"position\":3,\"name\":\"Winchester 98 cm Grey &#8211; Kolser\"}]},{\"@type\":\"WebSite\",\"@id\":\"https:\\\/\\\/repliquemangacine.fr\\\/#website\",\"url\":\"https:\\\/\\\/repliquemangacine.fr\\\/\",\"name\":\"R\u00e9plique Manga Cin\u00e9\",\"description\":\"\",\"publisher\":{\"@id\":\"https:\\\/\\\/repliquemangacine.fr\\\/#organization\"},\"potentialAction\":[{\"@type\":\"SearchAction\",\"target\":{\"@type\":\"EntryPoint\",\"urlTemplate\":\"https:\\\/\\\/repliquemangacine.fr\\\/?s={search_term_string}\"},\"query-input\":{\"@type\":\"PropertyValueSpecification\",\"valueRequired\":true,\"valueName\":\"search_term_string\"}}],\"inLanguage\":\"it-IT\"},{\"@type\":\"Organization\",\"@id\":\"https:\\\/\\\/repliquemangacine.fr\\\/#organization\",\"name\":\"R\u00e9plique Manga Cin\u00e9\",\"url\":\"https:\\\/\\\/repliquemangacine.fr\\\/\",\"logo\":{\"@type\":\"ImageObject\",\"inLanguage\":\"it-IT\",\"@id\":\"https:\\\/\\\/repliquemangacine.fr\\\/#\\\/schema\\\/logo\\\/image\\\/\",\"url\":\"https:\\\/\\\/repliquemangacine.fr\\\/wp-content\\\/uploads\\\/2023\\\/10\\\/RMC-500250.png\",\"contentUrl\":\"https:\\\/\\\/repliquemangacine.fr\\\/wp-content\\\/uploads\\\/2023\\\/10\\\/RMC-500250.png\",\"width\":500,\"height\":250,\"caption\":\"R\u00e9plique Manga Cin\u00e9\"},\"image\":{\"@id\":\"https:\\\/\\\/repliquemangacine.fr\\\/#\\\/schema\\\/logo\\\/image\\\/\"},\"sameAs\":[\"https:\\\/\\\/www.facebook.com\\\/RepliqueMangaCine\",\"https:\\\/\\\/www.instagram.com\\\/repliquemangacine.fr\\\/\"]}]}<\/script>\n<!-- \/ Yoast SEO plugin. -->","yoast_head_json":{"title":"Winchester 98 cm Grigio - Kolser - Fucile Kolser - R\u00e9plique Manga Cin\u00e9","description":"Scopri il Winchester 98 cm Grey Kolser al miglior prezzo - In metallo e legno - Camera ricaricabile - Espulsione dei proiettili - Meccanismo funzionale.","robots":{"index":"index","follow":"follow","max-snippet":"max-snippet:-1","max-image-preview":"max-image-preview:large","max-video-preview":"max-video-preview:-1"},"canonical":"https:\/\/repliquemangacine.fr\/it\/pistola-kolser\/winchester-98-cm-grey-kolser\/","og_locale":"it_IT","og_type":"article","og_title":"Winchester 98 cm Grey - Kolser - Carabine Kolser - R\u00e9plique Manga Cin\u00e9","og_description":"D\u00e9couvrez la Winchester 98 cm Grey Kolser au meilleur prix - En m\u00e9tal et bois - Chambre rechargeable - \u00c9jection des balles - M\u00e9canisme fonctionnel.","og_url":"https:\/\/repliquemangacine.fr\/it\/pistola-kolser\/winchester-98-cm-grey-kolser\/","og_site_name":"R\u00e9plique Manga Cin\u00e9","article_publisher":"https:\/\/www.facebook.com\/RepliqueMangaCine","article_modified_time":"2025-12-19T14:00:01+00:00","og_image":[{"width":800,"height":800,"url":"https:\/\/repliquemangacine.fr\/wp-content\/uploads\/2023\/10\/winchester-1892-Grey-Edition-Kolser-4.jpg","type":"image\/jpeg"}],"twitter_card":"summary_large_image","twitter_misc":{"Tempo di lettura stimato":"3 minuti"},"schema":{"@context":"https:\/\/schema.org","@graph":[{"@type":"WebPage","@id":"https:\/\/repliquemangacine.fr\/arme-kolser\/winchester-98-cm-grey-kolser\/","url":"https:\/\/repliquemangacine.fr\/arme-kolser\/winchester-98-cm-grey-kolser\/","name":"Winchester 98 cm Grigio - Kolser - Fucile Kolser - R\u00e9plique Manga Cin\u00e9","isPartOf":{"@id":"https:\/\/repliquemangacine.fr\/#website"},"primaryImageOfPage":{"@id":"https:\/\/repliquemangacine.fr\/arme-kolser\/winchester-98-cm-grey-kolser\/#primaryimage"},"image":{"@id":"https:\/\/repliquemangacine.fr\/arme-kolser\/winchester-98-cm-grey-kolser\/#primaryimage"},"thumbnailUrl":"https:\/\/repliquemangacine.fr\/wp-content\/uploads\/2023\/10\/winchester-1892-Grey-Edition-Kolser-4.jpg","datePublished":"2022-01-27T12:39:37+00:00","dateModified":"2025-12-19T14:00:01+00:00","description":"Scopri il Winchester 98 cm Grey Kolser al miglior prezzo - In metallo e legno - Camera ricaricabile - Espulsione dei proiettili - Meccanismo funzionale.","breadcrumb":{"@id":"https:\/\/repliquemangacine.fr\/arme-kolser\/winchester-98-cm-grey-kolser\/#breadcrumb"},"inLanguage":"it-IT","potentialAction":[{"@type":"ReadAction","target":["https:\/\/repliquemangacine.fr\/arme-kolser\/winchester-98-cm-grey-kolser\/"]}]},{"@type":"ImageObject","inLanguage":"it-IT","@id":"https:\/\/repliquemangacine.fr\/arme-kolser\/winchester-98-cm-grey-kolser\/#primaryimage","url":"https:\/\/repliquemangacine.fr\/wp-content\/uploads\/2023\/10\/winchester-1892-Grey-Edition-Kolser-4.jpg","contentUrl":"https:\/\/repliquemangacine.fr\/wp-content\/uploads\/2023\/10\/winchester-1892-Grey-Edition-Kolser-4.jpg","width":800,"height":800,"caption":"Winchester 98 cm Grey"},{"@type":"BreadcrumbList","@id":"https:\/\/repliquemangacine.fr\/arme-kolser\/winchester-98-cm-grey-kolser\/#breadcrumb","itemListElement":[{"@type":"ListItem","position":1,"name":"Accueil","item":"https:\/\/repliquemangacine.fr\/"},{"@type":"ListItem","position":2,"name":"Produits","item":"https:\/\/repliquemangacine.fr\/boutique\/"},{"@type":"ListItem","position":3,"name":"Winchester 98 cm Grey &#8211; Kolser"}]},{"@type":"WebSite","@id":"https:\/\/repliquemangacine.fr\/#website","url":"https:\/\/repliquemangacine.fr\/","name":"R\u00e9plique Manga Cin\u00e9","description":"","publisher":{"@id":"https:\/\/repliquemangacine.fr\/#organization"},"potentialAction":[{"@type":"SearchAction","target":{"@type":"EntryPoint","urlTemplate":"https:\/\/repliquemangacine.fr\/?s={search_term_string}"},"query-input":{"@type":"PropertyValueSpecification","valueRequired":true,"valueName":"search_term_string"}}],"inLanguage":"it-IT"},{"@type":"Organization","@id":"https:\/\/repliquemangacine.fr\/#organization","name":"R\u00e9plique Manga Cin\u00e9","url":"https:\/\/repliquemangacine.fr\/","logo":{"@type":"ImageObject","inLanguage":"it-IT","@id":"https:\/\/repliquemangacine.fr\/#\/schema\/logo\/image\/","url":"https:\/\/repliquemangacine.fr\/wp-content\/uploads\/2023\/10\/RMC-500250.png","contentUrl":"https:\/\/repliquemangacine.fr\/wp-content\/uploads\/2023\/10\/RMC-500250.png","width":500,"height":250,"caption":"R\u00e9plique Manga Cin\u00e9"},"image":{"@id":"https:\/\/repliquemangacine.fr\/#\/schema\/logo\/image\/"},"sameAs":["https:\/\/www.facebook.com\/RepliqueMangaCine","https:\/\/www.instagram.com\/repliquemangacine.fr\/"]}]}},"_links":{"self":[{"href":"https:\/\/repliquemangacine.fr\/it\/wp-json\/wp\/v2\/product\/47696","targetHints":{"allow":["GET"]}}],"collection":[{"href":"https:\/\/repliquemangacine.fr\/it\/wp-json\/wp\/v2\/product"}],"about":[{"href":"https:\/\/repliquemangacine.fr\/it\/wp-json\/wp\/v2\/types\/product"}],"wp:featuredmedia":[{"embeddable":true,"href":"https:\/\/repliquemangacine.fr\/it\/wp-json\/wp\/v2\/media\/47697"}],"wp:attachment":[{"href":"https:\/\/repliquemangacine.fr\/it\/wp-json\/wp\/v2\/media?parent=47696"}],"wp:term":[{"taxonomy":"product_brand","embeddable":true,"href":"https:\/\/repliquemangacine.fr\/it\/wp-json\/wp\/v2\/product_brand?post=47696"},{"taxonomy":"product_cat","embeddable":true,"href":"https:\/\/repliquemangacine.fr\/it\/wp-json\/wp\/v2\/product_cat?post=47696"},{"taxonomy":"product_tag","embeddable":true,"href":"https:\/\/repliquemangacine.fr\/it\/wp-json\/wp\/v2\/product_tag?post=47696"}],"curies":[{"name":"wp","href":"https:\/\/api.w.org\/{rel}","templated":true}]}}