





{"id":47490,"date":"2022-01-18T13:52:47","date_gmt":"2022-01-18T12:52:47","guid":{"rendered":"https:\/\/repliquemangacine.fr\/?post_type=product&#038;p=47490"},"modified":"2025-11-07T19:06:02","modified_gmt":"2025-11-07T18:06:02","slug":"gamba-di-stagno-55cm-ottone-kolser","status":"publish","type":"product","link":"https:\/\/repliquemangacine.fr\/it\/repliques-carabine-winchester-western\/mares-leg-55cm-laiton-kolser\/","title":{"rendered":"Gamba di cavalla 55cm Ottone - Kolser"},"content":{"rendered":"<h2>Gamba di cavalla Winchester 55cm Ottone - Kolser.<\/h2>\n<p>Per cominciare, il <strong>Gamba di cavalla 55cm Ottone<\/strong> \u00e8 un fucile Winchester 1892 con il calcio e la canna segati. La ditta Kolser ha prodotto un modello da 67 cm con espulsione dei proiettili per un maggiore realismo.<\/p>\n<p>La Gamba di Mare immortalata nella serie In nome della legge (1958), utilizzata da Steve McQueen alias Josh Randall.<\/p>\n<p>L'obiettivo era quello di rendere pi\u00f9 realistica la progettazione e la fabbricazione di questo piccolo fucile incorporando un meccanismo di simulazione del carico.<\/p>\n<p>Utilizzata nel West americano perch\u00e9 i cowboy volevano un'arma potente che potesse essere estratta rapidamente. Sebbene quest'arma non fosse molto precisa a distanza, non era meno potente da vicino.<\/p>\n<h2>Your Mare's 55cm Brass al miglior prezzo.<\/h2>\n<p>Offriamo un'ampia gamma di riproduzioni di armi occidentali.<\/p>\n<p>Innanzitutto,<\/p>\n<ul>\n<li>Questa bellissima replica di <a href=\"https:\/\/repliquemangacine.fr\/it\/pistola-kolser\/replique-mares-leg-67cm-laiton-edition-kolser\/\">Gamba di cavalla edizione in ottone di 67 cm<\/a>prodotto da <a href=\"https:\/\/kolser.com\/fr\/\">Kolser<\/a>.<\/li>\n<li>In secondo luogo, la riproduzione di <a href=\"https:\/\/repliquemangacine.fr\/it\/accessori-western\/6-balles-pour-winchester-kolser\/\">proiettili finti per fucile Winchester<\/a> modello 92,USA 1892 Kolser, un oggetto indispensabile.<\/li>\n<li>Oltre al superbo <a href=\"https:\/\/repliquemangacine.fr\/it\/accessori-per-fondine\/portaproiettili-per-winchester-kolser\/\">portapalle interamente in pelle<\/a>Pu\u00f2 contenere 6 proiettili per fucili Kolser.<\/li>\n<li>E molti altri da scoprire nel nostro negozio online!<\/li>\n<\/ul>\n<p>Ecco perch\u00e9 \u00e8 un'ottima idea regalo per gli appassionati del West americano.<\/p>\n<p>In conclusione, \u00e8 possibile utilizzare il Winchester <strong>Gamba di cavalla 55cm Ottone<\/strong> per le vostre rievocazioni e dimostrazioni storiche. Ma soprattutto \u00e8 un oggetto da collezione e decorativo.<\/p>\n<h2>Come vengono realizzate le armi Kolser?<\/h2>\n<p>Le pistole Kolser sono realizzate in metallo con finiture speciali in ottone galvanizzato e nichel, con effetti di metallo invecchiato o acciaio ottenuti attraverso meticolosi processi manuali che conferiscono un aspetto unico ai pezzi del marchio.<\/p>\n<p>Situati al massimo livello di qualit\u00e0 sul mercato, preservano lo spirito degli armaioli dei secoli passati per un lavoro ben fatto.<\/p>\n<p>Inoltre, la modernizzazione dei protocolli di progettazione dei nuovi modelli, realizzati con i pi\u00f9 elevati standard, raggiunge questo aspetto molto reale. Allo stesso modo, Kolser innova nei sistemi di produzione e nei processi di assemblaggio manuale per garantire la migliore qualit\u00e0 dei pezzi e dei materiali con cui realizzano i vostri prodotti. <strong>Gamba di cavalla 55cm Ottone<\/strong>.<\/p>","protected":false},"excerpt":{"rendered":"<p>Replica della Gamba di Mare 55 cm con finitura in ottone.<\/p>\n<ul>\n<li>Meccanismo funzionale.<\/li>\n<li>Camera ricaricabile.<\/li>\n<li>Sistema di espulsione dei proiettili.<\/li>\n<li>In metallo e legno.<\/li>\n<li>Lunghezza totale: 55 cm.<\/li>\n<\/ul>\n<p>Carica e spara fino a 6 volte come un vero Winchester!<\/p>\n<p><a href=\"https:\/\/youtu.be\/-3VM4x6B0sQ\">Fare clic qui per vedere la dimostrazione di Kolser<\/a><\/p>","protected":false},"featured_media":47491,"template":"","meta":[],"product_brand":[896],"product_cat":[100,34,39,86,28,27],"product_tag":[],"class_list":{"0":"post-47490","1":"product","2":"type-product","3":"status-publish","4":"has-post-thumbnail","6":"product_brand-replique-manga-cine","7":"product_cat-arme-kolser","8":"product_cat-armes-westerns","9":"product_cat-carabine-winchester","10":"product_cat-repliques-carabine-winchester-western","11":"product_cat-repliques-darmes","12":"product_cat-armes-et-accessoires-western","14":"first","15":"outofstock","16":"taxable","17":"shipping-taxable","18":"purchasable","19":"product-type-simple"},"yoast_head":"<!-- This site is optimized with the Yoast SEO plugin v27.4 - https:\/\/yoast.com\/product\/yoast-seo-wordpress\/ -->\n<title>Mare&#039;s Leg 55cm Laiton - Kolser - Armes Kolser - R\u00e9plique Manga Cin\u00e9<\/title>\n<meta name=\"description\" content=\"Offre-lui ! la Mare&#039;s Leg 55cm Laiton sign\u00e9 Kolser au meilleur prix - En m\u00e9tal et bois - Syst\u00e8me d&#039;\u00e9jection des balles - M\u00e9canisme fonctionnel - 55 cm\" \/>\n<meta name=\"robots\" content=\"index, follow, max-snippet:-1, max-image-preview:large, max-video-preview:-1\" \/>\n<link rel=\"canonical\" href=\"https:\/\/repliquemangacine.fr\/it\/pistola-kolser\/gamba-di-stagno-55cm-ottone-kolser\/\" \/>\n<meta property=\"og:locale\" content=\"it_IT\" \/>\n<meta property=\"og:type\" content=\"article\" \/>\n<meta property=\"og:title\" content=\"Mare&#039;s Leg 55cm Laiton - Kolser - Armes Kolser - R\u00e9plique Manga Cin\u00e9\" \/>\n<meta property=\"og:description\" content=\"Offre-lui ! la Mare&#039;s Leg 55cm Laiton sign\u00e9 Kolser au meilleur prix - En m\u00e9tal et bois - Syst\u00e8me d&#039;\u00e9jection des balles - M\u00e9canisme fonctionnel - 55 cm\" \/>\n<meta property=\"og:url\" content=\"https:\/\/repliquemangacine.fr\/it\/pistola-kolser\/gamba-di-stagno-55cm-ottone-kolser\/\" \/>\n<meta property=\"og:site_name\" content=\"R\u00e9plique Manga Cin\u00e9\" \/>\n<meta property=\"article:publisher\" content=\"https:\/\/www.facebook.com\/RepliqueMangaCine\" \/>\n<meta property=\"article:modified_time\" content=\"2025-11-07T18:06:02+00:00\" \/>\n<meta property=\"og:image\" content=\"https:\/\/repliquemangacine.fr\/wp-content\/uploads\/2023\/10\/1057-LX-2.jpg\" \/>\n\t<meta property=\"og:image:width\" content=\"800\" \/>\n\t<meta property=\"og:image:height\" content=\"800\" \/>\n\t<meta property=\"og:image:type\" content=\"image\/jpeg\" \/>\n<meta name=\"twitter:card\" content=\"summary_large_image\" \/>\n<meta name=\"twitter:label1\" content=\"Tempo di lettura stimato\" \/>\n\t<meta name=\"twitter:data1\" content=\"3 minuti\" \/>\n<script type=\"application\/ld+json\" class=\"yoast-schema-graph\">{\"@context\":\"https:\\\/\\\/schema.org\",\"@graph\":[{\"@type\":\"WebPage\",\"@id\":\"https:\\\/\\\/repliquemangacine.fr\\\/arme-kolser\\\/mares-leg-55cm-laiton-kolser\\\/\",\"url\":\"https:\\\/\\\/repliquemangacine.fr\\\/arme-kolser\\\/mares-leg-55cm-laiton-kolser\\\/\",\"name\":\"Mare's Leg 55cm Laiton - Kolser - Armes Kolser - R\u00e9plique Manga Cin\u00e9\",\"isPartOf\":{\"@id\":\"https:\\\/\\\/repliquemangacine.fr\\\/#website\"},\"primaryImageOfPage\":{\"@id\":\"https:\\\/\\\/repliquemangacine.fr\\\/arme-kolser\\\/mares-leg-55cm-laiton-kolser\\\/#primaryimage\"},\"image\":{\"@id\":\"https:\\\/\\\/repliquemangacine.fr\\\/arme-kolser\\\/mares-leg-55cm-laiton-kolser\\\/#primaryimage\"},\"thumbnailUrl\":\"https:\\\/\\\/repliquemangacine.fr\\\/wp-content\\\/uploads\\\/2023\\\/10\\\/1057-LX-2.jpg\",\"datePublished\":\"2022-01-18T12:52:47+00:00\",\"dateModified\":\"2025-11-07T18:06:02+00:00\",\"description\":\"Offre-lui ! la Mare's Leg 55cm Laiton sign\u00e9 Kolser au meilleur prix - En m\u00e9tal et bois - Syst\u00e8me d'\u00e9jection des balles - M\u00e9canisme fonctionnel - 55 cm\",\"breadcrumb\":{\"@id\":\"https:\\\/\\\/repliquemangacine.fr\\\/arme-kolser\\\/mares-leg-55cm-laiton-kolser\\\/#breadcrumb\"},\"inLanguage\":\"it-IT\",\"potentialAction\":[{\"@type\":\"ReadAction\",\"target\":[\"https:\\\/\\\/repliquemangacine.fr\\\/arme-kolser\\\/mares-leg-55cm-laiton-kolser\\\/\"]}]},{\"@type\":\"ImageObject\",\"inLanguage\":\"it-IT\",\"@id\":\"https:\\\/\\\/repliquemangacine.fr\\\/arme-kolser\\\/mares-leg-55cm-laiton-kolser\\\/#primaryimage\",\"url\":\"https:\\\/\\\/repliquemangacine.fr\\\/wp-content\\\/uploads\\\/2023\\\/10\\\/1057-LX-2.jpg\",\"contentUrl\":\"https:\\\/\\\/repliquemangacine.fr\\\/wp-content\\\/uploads\\\/2023\\\/10\\\/1057-LX-2.jpg\",\"width\":800,\"height\":800,\"caption\":\"Mare's Leg 55cm Laiton\"},{\"@type\":\"BreadcrumbList\",\"@id\":\"https:\\\/\\\/repliquemangacine.fr\\\/arme-kolser\\\/mares-leg-55cm-laiton-kolser\\\/#breadcrumb\",\"itemListElement\":[{\"@type\":\"ListItem\",\"position\":1,\"name\":\"Accueil\",\"item\":\"https:\\\/\\\/repliquemangacine.fr\\\/\"},{\"@type\":\"ListItem\",\"position\":2,\"name\":\"Produits\",\"item\":\"https:\\\/\\\/repliquemangacine.fr\\\/boutique\\\/\"},{\"@type\":\"ListItem\",\"position\":3,\"name\":\"Mare&#8217;s Leg 55cm Laiton &#8211; Kolser\"}]},{\"@type\":\"WebSite\",\"@id\":\"https:\\\/\\\/repliquemangacine.fr\\\/#website\",\"url\":\"https:\\\/\\\/repliquemangacine.fr\\\/\",\"name\":\"R\u00e9plique Manga Cin\u00e9\",\"description\":\"\",\"publisher\":{\"@id\":\"https:\\\/\\\/repliquemangacine.fr\\\/#organization\"},\"potentialAction\":[{\"@type\":\"SearchAction\",\"target\":{\"@type\":\"EntryPoint\",\"urlTemplate\":\"https:\\\/\\\/repliquemangacine.fr\\\/?s={search_term_string}\"},\"query-input\":{\"@type\":\"PropertyValueSpecification\",\"valueRequired\":true,\"valueName\":\"search_term_string\"}}],\"inLanguage\":\"it-IT\"},{\"@type\":\"Organization\",\"@id\":\"https:\\\/\\\/repliquemangacine.fr\\\/#organization\",\"name\":\"R\u00e9plique Manga Cin\u00e9\",\"url\":\"https:\\\/\\\/repliquemangacine.fr\\\/\",\"logo\":{\"@type\":\"ImageObject\",\"inLanguage\":\"it-IT\",\"@id\":\"https:\\\/\\\/repliquemangacine.fr\\\/#\\\/schema\\\/logo\\\/image\\\/\",\"url\":\"https:\\\/\\\/repliquemangacine.fr\\\/wp-content\\\/uploads\\\/2023\\\/10\\\/RMC-500250.png\",\"contentUrl\":\"https:\\\/\\\/repliquemangacine.fr\\\/wp-content\\\/uploads\\\/2023\\\/10\\\/RMC-500250.png\",\"width\":500,\"height\":250,\"caption\":\"R\u00e9plique Manga Cin\u00e9\"},\"image\":{\"@id\":\"https:\\\/\\\/repliquemangacine.fr\\\/#\\\/schema\\\/logo\\\/image\\\/\"},\"sameAs\":[\"https:\\\/\\\/www.facebook.com\\\/RepliqueMangaCine\",\"https:\\\/\\\/www.instagram.com\\\/repliquemangacine.fr\\\/\"]}]}<\/script>\n<!-- \/ Yoast SEO plugin. -->","yoast_head_json":{"title":"Gamba di cavalla 55cm Ottone - Kolser - Bracci Kolser - R\u00e9plique Manga Cin\u00e9","description":"Offrigli il Gamba di Mare 55cm in ottone firmato Kolser al miglior prezzo - In metallo e legno - Sistema di espulsione della palla - Meccanismo funzionale - 55 cm","robots":{"index":"index","follow":"follow","max-snippet":"max-snippet:-1","max-image-preview":"max-image-preview:large","max-video-preview":"max-video-preview:-1"},"canonical":"https:\/\/repliquemangacine.fr\/it\/pistola-kolser\/gamba-di-stagno-55cm-ottone-kolser\/","og_locale":"it_IT","og_type":"article","og_title":"Mare's Leg 55cm Laiton - Kolser - Armes Kolser - R\u00e9plique Manga Cin\u00e9","og_description":"Offre-lui ! la Mare's Leg 55cm Laiton sign\u00e9 Kolser au meilleur prix - En m\u00e9tal et bois - Syst\u00e8me d'\u00e9jection des balles - M\u00e9canisme fonctionnel - 55 cm","og_url":"https:\/\/repliquemangacine.fr\/it\/pistola-kolser\/gamba-di-stagno-55cm-ottone-kolser\/","og_site_name":"R\u00e9plique Manga Cin\u00e9","article_publisher":"https:\/\/www.facebook.com\/RepliqueMangaCine","article_modified_time":"2025-11-07T18:06:02+00:00","og_image":[{"width":800,"height":800,"url":"https:\/\/repliquemangacine.fr\/wp-content\/uploads\/2023\/10\/1057-LX-2.jpg","type":"image\/jpeg"}],"twitter_card":"summary_large_image","twitter_misc":{"Tempo di lettura stimato":"3 minuti"},"schema":{"@context":"https:\/\/schema.org","@graph":[{"@type":"WebPage","@id":"https:\/\/repliquemangacine.fr\/arme-kolser\/mares-leg-55cm-laiton-kolser\/","url":"https:\/\/repliquemangacine.fr\/arme-kolser\/mares-leg-55cm-laiton-kolser\/","name":"Gamba di cavalla 55cm Ottone - Kolser - Bracci Kolser - R\u00e9plique Manga Cin\u00e9","isPartOf":{"@id":"https:\/\/repliquemangacine.fr\/#website"},"primaryImageOfPage":{"@id":"https:\/\/repliquemangacine.fr\/arme-kolser\/mares-leg-55cm-laiton-kolser\/#primaryimage"},"image":{"@id":"https:\/\/repliquemangacine.fr\/arme-kolser\/mares-leg-55cm-laiton-kolser\/#primaryimage"},"thumbnailUrl":"https:\/\/repliquemangacine.fr\/wp-content\/uploads\/2023\/10\/1057-LX-2.jpg","datePublished":"2022-01-18T12:52:47+00:00","dateModified":"2025-11-07T18:06:02+00:00","description":"Offrigli il Gamba di Mare 55cm in ottone firmato Kolser al miglior prezzo - In metallo e legno - Sistema di espulsione della palla - Meccanismo funzionale - 55 cm","breadcrumb":{"@id":"https:\/\/repliquemangacine.fr\/arme-kolser\/mares-leg-55cm-laiton-kolser\/#breadcrumb"},"inLanguage":"it-IT","potentialAction":[{"@type":"ReadAction","target":["https:\/\/repliquemangacine.fr\/arme-kolser\/mares-leg-55cm-laiton-kolser\/"]}]},{"@type":"ImageObject","inLanguage":"it-IT","@id":"https:\/\/repliquemangacine.fr\/arme-kolser\/mares-leg-55cm-laiton-kolser\/#primaryimage","url":"https:\/\/repliquemangacine.fr\/wp-content\/uploads\/2023\/10\/1057-LX-2.jpg","contentUrl":"https:\/\/repliquemangacine.fr\/wp-content\/uploads\/2023\/10\/1057-LX-2.jpg","width":800,"height":800,"caption":"Mare's Leg 55cm Laiton"},{"@type":"BreadcrumbList","@id":"https:\/\/repliquemangacine.fr\/arme-kolser\/mares-leg-55cm-laiton-kolser\/#breadcrumb","itemListElement":[{"@type":"ListItem","position":1,"name":"Accueil","item":"https:\/\/repliquemangacine.fr\/"},{"@type":"ListItem","position":2,"name":"Produits","item":"https:\/\/repliquemangacine.fr\/boutique\/"},{"@type":"ListItem","position":3,"name":"Mare&#8217;s Leg 55cm Laiton &#8211; Kolser"}]},{"@type":"WebSite","@id":"https:\/\/repliquemangacine.fr\/#website","url":"https:\/\/repliquemangacine.fr\/","name":"R\u00e9plique Manga Cin\u00e9","description":"","publisher":{"@id":"https:\/\/repliquemangacine.fr\/#organization"},"potentialAction":[{"@type":"SearchAction","target":{"@type":"EntryPoint","urlTemplate":"https:\/\/repliquemangacine.fr\/?s={search_term_string}"},"query-input":{"@type":"PropertyValueSpecification","valueRequired":true,"valueName":"search_term_string"}}],"inLanguage":"it-IT"},{"@type":"Organization","@id":"https:\/\/repliquemangacine.fr\/#organization","name":"R\u00e9plique Manga Cin\u00e9","url":"https:\/\/repliquemangacine.fr\/","logo":{"@type":"ImageObject","inLanguage":"it-IT","@id":"https:\/\/repliquemangacine.fr\/#\/schema\/logo\/image\/","url":"https:\/\/repliquemangacine.fr\/wp-content\/uploads\/2023\/10\/RMC-500250.png","contentUrl":"https:\/\/repliquemangacine.fr\/wp-content\/uploads\/2023\/10\/RMC-500250.png","width":500,"height":250,"caption":"R\u00e9plique Manga Cin\u00e9"},"image":{"@id":"https:\/\/repliquemangacine.fr\/#\/schema\/logo\/image\/"},"sameAs":["https:\/\/www.facebook.com\/RepliqueMangaCine","https:\/\/www.instagram.com\/repliquemangacine.fr\/"]}]}},"_links":{"self":[{"href":"https:\/\/repliquemangacine.fr\/it\/wp-json\/wp\/v2\/product\/47490","targetHints":{"allow":["GET"]}}],"collection":[{"href":"https:\/\/repliquemangacine.fr\/it\/wp-json\/wp\/v2\/product"}],"about":[{"href":"https:\/\/repliquemangacine.fr\/it\/wp-json\/wp\/v2\/types\/product"}],"wp:featuredmedia":[{"embeddable":true,"href":"https:\/\/repliquemangacine.fr\/it\/wp-json\/wp\/v2\/media\/47491"}],"wp:attachment":[{"href":"https:\/\/repliquemangacine.fr\/it\/wp-json\/wp\/v2\/media?parent=47490"}],"wp:term":[{"taxonomy":"product_brand","embeddable":true,"href":"https:\/\/repliquemangacine.fr\/it\/wp-json\/wp\/v2\/product_brand?post=47490"},{"taxonomy":"product_cat","embeddable":true,"href":"https:\/\/repliquemangacine.fr\/it\/wp-json\/wp\/v2\/product_cat?post=47490"},{"taxonomy":"product_tag","embeddable":true,"href":"https:\/\/repliquemangacine.fr\/it\/wp-json\/wp\/v2\/product_tag?post=47490"}],"curies":[{"name":"wp","href":"https:\/\/api.w.org\/{rel}","templated":true}]}}