





{"id":47224,"date":"2022-01-10T14:43:03","date_gmt":"2022-01-10T13:43:03","guid":{"rendered":"https:\/\/repliquemangacine.fr\/?post_type=product&#038;p=47224"},"modified":"2026-04-12T22:42:23","modified_gmt":"2026-04-12T20:42:23","slug":"maschera-da-soldato-del-gioco-del-calamaro","status":"publish","type":"product","link":"https:\/\/repliquemangacine.fr\/it\/squid-game-costumes-et-masques\/masque-soldats-squid-game\/","title":{"rendered":"Gioco del calamaro Maschera del soldato"},"content":{"rendered":"<h2>Gioco del calamaro Maschera del soldato<\/h2>\n<p>Per cominciare, il <strong>Gioco del calamaro Maschera del soldato<\/strong> con la figura geometrica del triangolo, con il significato di identificazione dei soldati.<\/p>\n<p>Tutte le guardie mostrano la stessa indifferenza nei confronti dei concorrenti, con le loro identit\u00e0 e uniformi nascoste, un metodo comune di disumanizzazione.<\/p>\n<p>Il <a href=\"https:\/\/squid-game.fandom.com\/wiki\/Guards\" target=\"_blank\" rel=\"noopener noreferrer\">guardie<\/a> indossano tutti lo stesso abbigliamento di base per preservare l'anonimato. Indossano tute con cappuccio, guanti neri e stivali neri, oltre a una maschera impregnata per nascondere la loro identit\u00e0. Queste maschere hanno uno dei tre simboli che indicano la loro classificazione.<\/p>\n<p>I soldati (simboleggiati da un \u25b3) sono le guardie armate che fanno rispettare con la forza le regole dei Giochi dei Calamari e la politica di eliminazione, oltre a mantenerne l'integrit\u00e0.<\/p>\n<h2>Your Squid Game Guardian Mask al miglior prezzo.<\/h2>\n<p>Offriamo una vasta gamma di travestimenti tratti dalla serie televisiva Squid Game<\/p>\n<p>Innanzitutto,<\/p>\n<ul>\n<li>La replica di questo <a href=\"https:\/\/repliquemangacine.fr\/it\/gioco-del-calamaro\/masque-gardiens-carre-squid-game\/\">maschera delle guardie<\/a> con la figura geometrica del quadrato.<\/li>\n<li>C'\u00e8 anche il <a href=\"https:\/\/repliquemangacine.fr\/it\/gioco-del-calamaro\/combinazione-di-guardiacaccia-per-calamari\/\">combinazione di custodi<\/a> responsabile della supervisione del gioco e dell'eliminazione dei partecipanti se commettono il minimo errore.<\/li>\n<li>Cos\u00ec come il <a href=\"https:\/\/repliquemangacine.fr\/it\/gioco-del-calamaro\/squid-game-masque-du-chef-a-facettes\/\">maschera del Guardiano Capo<\/a> con tutte le sue sfaccettature.<\/li>\n<li>E molti altri da scoprire nel nostro negozio online!<\/li>\n<\/ul>\n<p>Ecco un'ottima idea regalo per i fan della serie Netflix Squid Game.<\/p>\n<p>In conclusione, \u00e8 possibile utilizzare il metodo <strong>Gioco del calamaro Maschera del soldato<\/strong> per le vostre sfilate cosplay o serate a tema. Soprattutto, \u00e8 un oggetto da collezione, ma naturalmente si pu\u00f2 indossare.<\/p>\n<h2>Come vengono realizzati i costumi?<\/h2>\n<p>Per cominciare, tutti i nostri prodotti derivati sono di altissima qualit\u00e0, realizzati con una meticolosa attenzione ai dettagli. Alcuni di essi sono realizzati a mano, per riprodurre i minimi dettagli. Le parti pi\u00f9 importanti sono lavorate con macchine molto precise. Le incisioni sono generalmente realizzate con una punta di diamante o con il laser.<\/p>\n<p>Il tuo <strong>Maschera del guardiano del gioco del calamaro<\/strong> \u00e8 stato realizzato per riprodurre esattamente ogni dettaglio. Il tutto in plastica stampata finemente dettagliata, con elastico posteriore per il trasporto.<br \/>\nIn conclusione, importate dalla Cina o dalla Spagna, le nostre repliche vi stupiranno!<\/p>\n<p>R\u00e9plique Manga Cin\u00e9 \u00e8 un'azienda familiare francese.<\/p>\n<p>Buona visita.<\/p>","protected":false},"excerpt":{"rendered":"<p>Maschere di soldati nella serie Netflix Squid Game.<\/p>\n<ul>\n<li>La figura geometrica del triangolo viene utilizzata per identificare i soldati.<\/li>\n<li>Interamente in plastica, ha un dorso elasticizzato per il trasporto.<\/li>\n<li>Taglia adulto - Dimensione del triangolo: 8 cm<\/li>\n<\/ul>","protected":false},"featured_media":47225,"template":"","meta":[],"product_brand":[896],"product_cat":[24,101,99],"product_tag":[],"class_list":{"0":"post-47224","1":"product","2":"type-product","3":"status-publish","4":"has-post-thumbnail","6":"product_brand-replique-manga-cine","7":"product_cat-films-series-tv-vente-de-katana-epee-et-produits-derives","8":"product_cat-soldes","9":"product_cat-squid-game-costumes-et-masques","11":"first","12":"instock","13":"sale","14":"taxable","15":"shipping-taxable","16":"purchasable","17":"product-type-simple"},"yoast_head":"<!-- This site is optimized with the Yoast SEO plugin v27.4 - https:\/\/yoast.com\/product\/yoast-seo-wordpress\/ -->\n<title>Masque Soldats Squid Game - R\u00e9plique Manga Cin\u00e9<\/title>\n<meta name=\"description\" content=\"Offrez-vous ce superbe Masque Soldats Squid Game avec son triangle au meilleur prix. Tout en plastique - Semi-rigide avec a\u00e9ration - Taille adulte\" \/>\n<meta name=\"robots\" content=\"index, follow, max-snippet:-1, max-image-preview:large, max-video-preview:-1\" \/>\n<link rel=\"canonical\" href=\"https:\/\/repliquemangacine.fr\/it\/bilanci\/maschera-da-soldato-del-gioco-del-calamaro\/\" \/>\n<meta property=\"og:locale\" content=\"it_IT\" \/>\n<meta property=\"og:type\" content=\"article\" \/>\n<meta property=\"og:title\" content=\"Masque Soldats Squid Game - R\u00e9plique Manga Cin\u00e9\" \/>\n<meta property=\"og:description\" content=\"Offrez-vous ce superbe Masque Soldats Squid Game avec son triangle au meilleur prix. Tout en plastique - Semi-rigide avec a\u00e9ration - Taille adulte\" \/>\n<meta property=\"og:url\" content=\"https:\/\/repliquemangacine.fr\/it\/bilanci\/maschera-da-soldato-del-gioco-del-calamaro\/\" \/>\n<meta property=\"og:site_name\" content=\"R\u00e9plique Manga Cin\u00e9\" \/>\n<meta property=\"article:publisher\" content=\"https:\/\/www.facebook.com\/RepliqueMangaCine\" \/>\n<meta property=\"article:modified_time\" content=\"2026-04-12T20:42:23+00:00\" \/>\n<meta property=\"og:image\" content=\"https:\/\/repliquemangacine.fr\/wp-content\/uploads\/2023\/10\/masque-triangle.jpg\" \/>\n\t<meta property=\"og:image:width\" content=\"800\" \/>\n\t<meta property=\"og:image:height\" content=\"800\" \/>\n\t<meta property=\"og:image:type\" content=\"image\/jpeg\" \/>\n<meta name=\"twitter:card\" content=\"summary_large_image\" \/>\n<meta name=\"twitter:label1\" content=\"Tempo di lettura stimato\" \/>\n\t<meta name=\"twitter:data1\" content=\"2 minuti\" \/>\n<script type=\"application\/ld+json\" class=\"yoast-schema-graph\">{\"@context\":\"https:\\\/\\\/schema.org\",\"@graph\":[{\"@type\":\"WebPage\",\"@id\":\"https:\\\/\\\/repliquemangacine.fr\\\/en\\\/balances\\\/squid-game-soldier-mask\\\/\",\"url\":\"https:\\\/\\\/repliquemangacine.fr\\\/en\\\/balances\\\/squid-game-soldier-mask\\\/\",\"name\":\"Masque Soldats Squid Game - R\u00e9plique Manga Cin\u00e9\",\"isPartOf\":{\"@id\":\"https:\\\/\\\/repliquemangacine.fr\\\/#website\"},\"primaryImageOfPage\":{\"@id\":\"https:\\\/\\\/repliquemangacine.fr\\\/en\\\/balances\\\/squid-game-soldier-mask\\\/#primaryimage\"},\"image\":{\"@id\":\"https:\\\/\\\/repliquemangacine.fr\\\/en\\\/balances\\\/squid-game-soldier-mask\\\/#primaryimage\"},\"thumbnailUrl\":\"https:\\\/\\\/repliquemangacine.fr\\\/wp-content\\\/uploads\\\/2023\\\/10\\\/masque-triangle.jpg\",\"datePublished\":\"2022-01-10T13:43:03+00:00\",\"dateModified\":\"2026-04-12T20:42:23+00:00\",\"description\":\"Offrez-vous ce superbe Masque Soldats Squid Game avec son triangle au meilleur prix. Tout en plastique - Semi-rigide avec a\u00e9ration - Taille adulte\",\"breadcrumb\":{\"@id\":\"https:\\\/\\\/repliquemangacine.fr\\\/en\\\/balances\\\/squid-game-soldier-mask\\\/#breadcrumb\"},\"inLanguage\":\"it-IT\",\"potentialAction\":[{\"@type\":\"ReadAction\",\"target\":[\"https:\\\/\\\/repliquemangacine.fr\\\/en\\\/balances\\\/squid-game-soldier-mask\\\/\"]}]},{\"@type\":\"ImageObject\",\"inLanguage\":\"it-IT\",\"@id\":\"https:\\\/\\\/repliquemangacine.fr\\\/en\\\/balances\\\/squid-game-soldier-mask\\\/#primaryimage\",\"url\":\"https:\\\/\\\/repliquemangacine.fr\\\/wp-content\\\/uploads\\\/2023\\\/10\\\/masque-triangle.jpg\",\"contentUrl\":\"https:\\\/\\\/repliquemangacine.fr\\\/wp-content\\\/uploads\\\/2023\\\/10\\\/masque-triangle.jpg\",\"width\":800,\"height\":800,\"caption\":\"Masque Squid Game des soldats\"},{\"@type\":\"BreadcrumbList\",\"@id\":\"https:\\\/\\\/repliquemangacine.fr\\\/en\\\/balances\\\/squid-game-soldier-mask\\\/#breadcrumb\",\"itemListElement\":[{\"@type\":\"ListItem\",\"position\":1,\"name\":\"Accueil\",\"item\":\"https:\\\/\\\/repliquemangacine.fr\\\/\"},{\"@type\":\"ListItem\",\"position\":2,\"name\":\"Produits\",\"item\":\"https:\\\/\\\/repliquemangacine.fr\\\/boutique\\\/\"},{\"@type\":\"ListItem\",\"position\":3,\"name\":\"Masque Soldats Squid Game\"}]},{\"@type\":\"WebSite\",\"@id\":\"https:\\\/\\\/repliquemangacine.fr\\\/#website\",\"url\":\"https:\\\/\\\/repliquemangacine.fr\\\/\",\"name\":\"R\u00e9plique Manga Cin\u00e9\",\"description\":\"\",\"publisher\":{\"@id\":\"https:\\\/\\\/repliquemangacine.fr\\\/#organization\"},\"potentialAction\":[{\"@type\":\"SearchAction\",\"target\":{\"@type\":\"EntryPoint\",\"urlTemplate\":\"https:\\\/\\\/repliquemangacine.fr\\\/?s={search_term_string}\"},\"query-input\":{\"@type\":\"PropertyValueSpecification\",\"valueRequired\":true,\"valueName\":\"search_term_string\"}}],\"inLanguage\":\"it-IT\"},{\"@type\":\"Organization\",\"@id\":\"https:\\\/\\\/repliquemangacine.fr\\\/#organization\",\"name\":\"R\u00e9plique Manga Cin\u00e9\",\"url\":\"https:\\\/\\\/repliquemangacine.fr\\\/\",\"logo\":{\"@type\":\"ImageObject\",\"inLanguage\":\"it-IT\",\"@id\":\"https:\\\/\\\/repliquemangacine.fr\\\/#\\\/schema\\\/logo\\\/image\\\/\",\"url\":\"https:\\\/\\\/repliquemangacine.fr\\\/wp-content\\\/uploads\\\/2023\\\/10\\\/RMC-500250.png\",\"contentUrl\":\"https:\\\/\\\/repliquemangacine.fr\\\/wp-content\\\/uploads\\\/2023\\\/10\\\/RMC-500250.png\",\"width\":500,\"height\":250,\"caption\":\"R\u00e9plique Manga Cin\u00e9\"},\"image\":{\"@id\":\"https:\\\/\\\/repliquemangacine.fr\\\/#\\\/schema\\\/logo\\\/image\\\/\"},\"sameAs\":[\"https:\\\/\\\/www.facebook.com\\\/RepliqueMangaCine\",\"https:\\\/\\\/www.instagram.com\\\/repliquemangacine.fr\\\/\"]}]}<\/script>\n<!-- \/ Yoast SEO plugin. -->","yoast_head_json":{"title":"Maschera del soldato del gioco del calamaro - R\u00e9plique Manga Cin\u00e9","description":"Regalatevi questa superba maschera da soldato Squid Game con triangolo al miglior prezzo. Tutta plastica - Semirigida con ventilazione - Misura per adulti","robots":{"index":"index","follow":"follow","max-snippet":"max-snippet:-1","max-image-preview":"max-image-preview:large","max-video-preview":"max-video-preview:-1"},"canonical":"https:\/\/repliquemangacine.fr\/it\/bilanci\/maschera-da-soldato-del-gioco-del-calamaro\/","og_locale":"it_IT","og_type":"article","og_title":"Masque Soldats Squid Game - R\u00e9plique Manga Cin\u00e9","og_description":"Offrez-vous ce superbe Masque Soldats Squid Game avec son triangle au meilleur prix. Tout en plastique - Semi-rigide avec a\u00e9ration - Taille adulte","og_url":"https:\/\/repliquemangacine.fr\/it\/bilanci\/maschera-da-soldato-del-gioco-del-calamaro\/","og_site_name":"R\u00e9plique Manga Cin\u00e9","article_publisher":"https:\/\/www.facebook.com\/RepliqueMangaCine","article_modified_time":"2026-04-12T20:42:23+00:00","og_image":[{"width":800,"height":800,"url":"https:\/\/repliquemangacine.fr\/wp-content\/uploads\/2023\/10\/masque-triangle.jpg","type":"image\/jpeg"}],"twitter_card":"summary_large_image","twitter_misc":{"Tempo di lettura stimato":"2 minuti"},"schema":{"@context":"https:\/\/schema.org","@graph":[{"@type":"WebPage","@id":"https:\/\/repliquemangacine.fr\/en\/balances\/squid-game-soldier-mask\/","url":"https:\/\/repliquemangacine.fr\/en\/balances\/squid-game-soldier-mask\/","name":"Maschera del soldato del gioco del calamaro - R\u00e9plique Manga Cin\u00e9","isPartOf":{"@id":"https:\/\/repliquemangacine.fr\/#website"},"primaryImageOfPage":{"@id":"https:\/\/repliquemangacine.fr\/en\/balances\/squid-game-soldier-mask\/#primaryimage"},"image":{"@id":"https:\/\/repliquemangacine.fr\/en\/balances\/squid-game-soldier-mask\/#primaryimage"},"thumbnailUrl":"https:\/\/repliquemangacine.fr\/wp-content\/uploads\/2023\/10\/masque-triangle.jpg","datePublished":"2022-01-10T13:43:03+00:00","dateModified":"2026-04-12T20:42:23+00:00","description":"Regalatevi questa superba maschera da soldato Squid Game con triangolo al miglior prezzo. Tutta plastica - Semirigida con ventilazione - Misura per adulti","breadcrumb":{"@id":"https:\/\/repliquemangacine.fr\/en\/balances\/squid-game-soldier-mask\/#breadcrumb"},"inLanguage":"it-IT","potentialAction":[{"@type":"ReadAction","target":["https:\/\/repliquemangacine.fr\/en\/balances\/squid-game-soldier-mask\/"]}]},{"@type":"ImageObject","inLanguage":"it-IT","@id":"https:\/\/repliquemangacine.fr\/en\/balances\/squid-game-soldier-mask\/#primaryimage","url":"https:\/\/repliquemangacine.fr\/wp-content\/uploads\/2023\/10\/masque-triangle.jpg","contentUrl":"https:\/\/repliquemangacine.fr\/wp-content\/uploads\/2023\/10\/masque-triangle.jpg","width":800,"height":800,"caption":"Masque Squid Game des soldats"},{"@type":"BreadcrumbList","@id":"https:\/\/repliquemangacine.fr\/en\/balances\/squid-game-soldier-mask\/#breadcrumb","itemListElement":[{"@type":"ListItem","position":1,"name":"Accueil","item":"https:\/\/repliquemangacine.fr\/"},{"@type":"ListItem","position":2,"name":"Produits","item":"https:\/\/repliquemangacine.fr\/boutique\/"},{"@type":"ListItem","position":3,"name":"Masque Soldats Squid Game"}]},{"@type":"WebSite","@id":"https:\/\/repliquemangacine.fr\/#website","url":"https:\/\/repliquemangacine.fr\/","name":"R\u00e9plique Manga Cin\u00e9","description":"","publisher":{"@id":"https:\/\/repliquemangacine.fr\/#organization"},"potentialAction":[{"@type":"SearchAction","target":{"@type":"EntryPoint","urlTemplate":"https:\/\/repliquemangacine.fr\/?s={search_term_string}"},"query-input":{"@type":"PropertyValueSpecification","valueRequired":true,"valueName":"search_term_string"}}],"inLanguage":"it-IT"},{"@type":"Organization","@id":"https:\/\/repliquemangacine.fr\/#organization","name":"R\u00e9plique Manga Cin\u00e9","url":"https:\/\/repliquemangacine.fr\/","logo":{"@type":"ImageObject","inLanguage":"it-IT","@id":"https:\/\/repliquemangacine.fr\/#\/schema\/logo\/image\/","url":"https:\/\/repliquemangacine.fr\/wp-content\/uploads\/2023\/10\/RMC-500250.png","contentUrl":"https:\/\/repliquemangacine.fr\/wp-content\/uploads\/2023\/10\/RMC-500250.png","width":500,"height":250,"caption":"R\u00e9plique Manga Cin\u00e9"},"image":{"@id":"https:\/\/repliquemangacine.fr\/#\/schema\/logo\/image\/"},"sameAs":["https:\/\/www.facebook.com\/RepliqueMangaCine","https:\/\/www.instagram.com\/repliquemangacine.fr\/"]}]}},"_links":{"self":[{"href":"https:\/\/repliquemangacine.fr\/it\/wp-json\/wp\/v2\/product\/47224","targetHints":{"allow":["GET"]}}],"collection":[{"href":"https:\/\/repliquemangacine.fr\/it\/wp-json\/wp\/v2\/product"}],"about":[{"href":"https:\/\/repliquemangacine.fr\/it\/wp-json\/wp\/v2\/types\/product"}],"wp:featuredmedia":[{"embeddable":true,"href":"https:\/\/repliquemangacine.fr\/it\/wp-json\/wp\/v2\/media\/47225"}],"wp:attachment":[{"href":"https:\/\/repliquemangacine.fr\/it\/wp-json\/wp\/v2\/media?parent=47224"}],"wp:term":[{"taxonomy":"product_brand","embeddable":true,"href":"https:\/\/repliquemangacine.fr\/it\/wp-json\/wp\/v2\/product_brand?post=47224"},{"taxonomy":"product_cat","embeddable":true,"href":"https:\/\/repliquemangacine.fr\/it\/wp-json\/wp\/v2\/product_cat?post=47224"},{"taxonomy":"product_tag","embeddable":true,"href":"https:\/\/repliquemangacine.fr\/it\/wp-json\/wp\/v2\/product_tag?post=47224"}],"curies":[{"name":"wp","href":"https:\/\/api.w.org\/{rel}","templated":true}]}}