





{"id":46238,"date":"2021-12-14T18:09:13","date_gmt":"2021-12-14T17:09:13","guid":{"rendered":"https:\/\/repliquemangacine.fr\/?post_type=product&#038;p=46238"},"modified":"2025-12-04T11:59:48","modified_gmt":"2025-12-04T10:59:48","slug":"cannone-navale-inglese-del-xviii-secolo","status":"publish","type":"product","link":"https:\/\/repliquemangacine.fr\/it\/armes-de-pirates\/canon-naval-anglais-18eme-siecle\/","title":{"rendered":"Cannone navale inglese del XVIII secolo"},"content":{"rendered":"<h2>Replica in miniatura del cannone navale inglese del XVIII secolo<\/h2>\n<p>Questo cannone navale inglese del XVIII secolo \u00e8 una riproduzione <a href=\"https:\/\/www.denix.fr\/fr\/catalogue\/colonial-et-pirate-1492-s-xviii\/canons-et-catapultes\/407\/\">Denix<\/a>.<\/p>\n<p>Lo sviluppo dell'artiglieria nel XV secolo e la sua efficacia sui campi di battaglia europei portarono a una rivoluzione tecnologica e a una corsa agli armamenti tra le potenze continentali.<\/p>\n<p>A partire dalla fine del XVI secolo, in un momento in cui la guerra terrestre stava diventando pi\u00f9 stagnante, le grandi potenze tentarono di cercare la determinazione attraverso la forza navale e il perfezionamento delle loro tecniche militari. Fu in questo periodo che comparvero le prime flotte da guerra nazionali, capaci di prolungare il conflitto a grande distanza dalla terraferma.<\/p>\n<p>Nei secoli successivi, sarebbe diventato chiaro che le nazioni che non potevano rifornirsi di migliaia di cannoni, le loro navi sarebbero state relegate dalle principali rotte commerciali marittime, lasciando ad altri Paesi la direzione negli oceani, il nuovo palcoscenico principale del confronto.<\/p>\n<h3>Offriamo una vasta gamma di repliche di armi antiche<\/h3>\n<p>Innanzitutto<\/p>\n<ul>\n<li>Le <a href=\"https:\/\/repliquemangacine.fr\/it\/riproduzioni-darmes\/cannone-napoleone-1857-usa-guerra-civile-denix\/?highlight=c422\">Cannone Napoleone 1857<\/a> prodotto da Denix<\/li>\n<li>Esiste anche il moschetto Land Pattern, il <a href=\"https:\/\/repliquemangacine.fr\/it\/armi-replica-1-impero\/fucile-brown-bess-1722-land-pattern-denix\/\">Brown Bess 1722<\/a><\/li>\n<li>Cos\u00ec come il <a href=\"https:\/\/repliquemangacine.fr\/it\/armi-replica-1-impero\/fucile-charleville-1806-con-baionetta\/\">Fucile Charleville<\/a> e la sua baionetta<\/li>\n<li>E molto altro ancora da scoprire!<\/li>\n<\/ul>\n<p>Ecco perch\u00e9 \u00e8 un'ottima idea regalo per tutti gli amanti delle armi d'epoca.<\/p>\n<h3>\u00c8 possibile acquistare questa miniatura del cannone navale inglese da aggiungere alla propria collezione.<\/h3>\n<p>Prima di tutto, \u00e8 un oggetto da collezione e da arredamento.<\/p>\n<p>R\u00e9plique Manga Cin\u00e9 \u00e8 un'azienda familiare francese.<\/p>\n<p><strong>Desideriamo richiamare la vostra attenzione sull'autenticit\u00e0 di tutte queste repliche. Le forze dell'ordine le identificheranno come armi vere e reagiranno di conseguenza. \u00c8 quindi molto importante non andare in luoghi pubblici con queste repliche. Si prega di notare che le armi presentate sono riproduzioni non funzionanti, non adatte al tiro. Queste repliche sono destinate alla rievocazione storica e alla decorazione.<\/strong><\/p>","protected":false},"excerpt":{"rendered":"<p>Superba replica del famoso cannone navale inglese del XVIII secolo, realizzata da Denix.<\/p>\n<ul>\n<li>Il cannone in scala 1\/12<\/li>\n<li>Ha una canna di sollevamento di 25,4 cm,<\/li>\n<li>Un carrello di legno<\/li>\n<li>Ruote rotanti con una vera e propria rottura della corda.<\/li>\n<li>Finitura perfetta.<\/li>\n<li>Lunghezza totale: 28 cm - Peso: 1050 g<\/li>\n<\/ul>","protected":false},"featured_media":46239,"template":"","meta":[],"product_brand":[896],"product_cat":[49,25,28],"product_tag":[],"class_list":{"0":"post-46238","1":"product","2":"type-product","3":"status-publish","4":"has-post-thumbnail","6":"product_brand-replique-manga-cine","7":"product_cat-armes-de-pirates","8":"product_cat-armes-historiques","9":"product_cat-repliques-darmes","11":"first","12":"instock","13":"sale","14":"taxable","15":"shipping-taxable","16":"purchasable","17":"product-type-simple"},"yoast_head":"<!-- This site is optimized with the Yoast SEO plugin v27.4 - https:\/\/yoast.com\/product\/yoast-seo-wordpress\/ -->\n<title>Canon Naval Anglais 18\u00e8me si\u00e8cle - R\u00e9plique Manga Cin\u00e9<\/title>\n<meta name=\"description\" content=\"Superbe r\u00e9plique du Canon Naval Anglais 18\u00e8me si\u00e8cles sign\u00e9 Denix. Fabriqu\u00e9 en bois et zamac. Finition parfaite. Longueur 28cm-Poids 1050grs\" \/>\n<meta name=\"robots\" content=\"index, follow, max-snippet:-1, max-image-preview:large, max-video-preview:-1\" \/>\n<link rel=\"canonical\" href=\"https:\/\/repliquemangacine.fr\/it\/armi-pirata\/cannone-navale-inglese-del-xviii-secolo\/\" \/>\n<meta property=\"og:locale\" content=\"it_IT\" \/>\n<meta property=\"og:type\" content=\"article\" \/>\n<meta property=\"og:title\" content=\"Canon Naval Anglais 18\u00e8me si\u00e8cle - R\u00e9plique Manga Cin\u00e9\" \/>\n<meta property=\"og:description\" content=\"Superbe r\u00e9plique du Canon Naval Anglais 18\u00e8me si\u00e8cles sign\u00e9 Denix. Fabriqu\u00e9 en bois et zamac. Finition parfaite. Longueur 28cm-Poids 1050grs\" \/>\n<meta property=\"og:url\" content=\"https:\/\/repliquemangacine.fr\/it\/armi-pirata\/cannone-navale-inglese-del-xviii-secolo\/\" \/>\n<meta property=\"og:site_name\" content=\"R\u00e9plique Manga Cin\u00e9\" \/>\n<meta property=\"article:publisher\" content=\"https:\/\/www.facebook.com\/RepliqueMangaCine\" \/>\n<meta property=\"article:modified_time\" content=\"2025-12-04T10:59:48+00:00\" \/>\n<meta property=\"og:image\" content=\"https:\/\/repliquemangacine.fr\/wp-content\/uploads\/2023\/10\/canon-denix.jpg\" \/>\n\t<meta property=\"og:image:width\" content=\"800\" \/>\n\t<meta property=\"og:image:height\" content=\"800\" \/>\n\t<meta property=\"og:image:type\" content=\"image\/jpeg\" \/>\n<meta name=\"twitter:card\" content=\"summary_large_image\" \/>\n<meta name=\"twitter:label1\" content=\"Tempo di lettura stimato\" \/>\n\t<meta name=\"twitter:data1\" content=\"1 minuto\" \/>\n<script type=\"application\/ld+json\" class=\"yoast-schema-graph\">{\"@context\":\"https:\\\/\\\/schema.org\",\"@graph\":[{\"@type\":\"WebPage\",\"@id\":\"https:\\\/\\\/repliquemangacine.fr\\\/armes-de-pirates\\\/canon-naval-anglais-18eme-siecle\\\/\",\"url\":\"https:\\\/\\\/repliquemangacine.fr\\\/armes-de-pirates\\\/canon-naval-anglais-18eme-siecle\\\/\",\"name\":\"Canon Naval Anglais 18\u00e8me si\u00e8cle - R\u00e9plique Manga Cin\u00e9\",\"isPartOf\":{\"@id\":\"https:\\\/\\\/repliquemangacine.fr\\\/#website\"},\"primaryImageOfPage\":{\"@id\":\"https:\\\/\\\/repliquemangacine.fr\\\/armes-de-pirates\\\/canon-naval-anglais-18eme-siecle\\\/#primaryimage\"},\"image\":{\"@id\":\"https:\\\/\\\/repliquemangacine.fr\\\/armes-de-pirates\\\/canon-naval-anglais-18eme-siecle\\\/#primaryimage\"},\"thumbnailUrl\":\"https:\\\/\\\/repliquemangacine.fr\\\/wp-content\\\/uploads\\\/2023\\\/10\\\/canon-denix.jpg\",\"datePublished\":\"2021-12-14T17:09:13+00:00\",\"dateModified\":\"2025-12-04T10:59:48+00:00\",\"description\":\"Superbe r\u00e9plique du Canon Naval Anglais 18\u00e8me si\u00e8cles sign\u00e9 Denix. Fabriqu\u00e9 en bois et zamac. Finition parfaite. Longueur 28cm-Poids 1050grs\",\"breadcrumb\":{\"@id\":\"https:\\\/\\\/repliquemangacine.fr\\\/armes-de-pirates\\\/canon-naval-anglais-18eme-siecle\\\/#breadcrumb\"},\"inLanguage\":\"it-IT\",\"potentialAction\":[{\"@type\":\"ReadAction\",\"target\":[\"https:\\\/\\\/repliquemangacine.fr\\\/armes-de-pirates\\\/canon-naval-anglais-18eme-siecle\\\/\"]}]},{\"@type\":\"ImageObject\",\"inLanguage\":\"it-IT\",\"@id\":\"https:\\\/\\\/repliquemangacine.fr\\\/armes-de-pirates\\\/canon-naval-anglais-18eme-siecle\\\/#primaryimage\",\"url\":\"https:\\\/\\\/repliquemangacine.fr\\\/wp-content\\\/uploads\\\/2023\\\/10\\\/canon-denix.jpg\",\"contentUrl\":\"https:\\\/\\\/repliquemangacine.fr\\\/wp-content\\\/uploads\\\/2023\\\/10\\\/canon-denix.jpg\",\"width\":800,\"height\":800,\"caption\":\"Canon Naval Anglais 18eme siecle miniature Denix\"},{\"@type\":\"BreadcrumbList\",\"@id\":\"https:\\\/\\\/repliquemangacine.fr\\\/armes-de-pirates\\\/canon-naval-anglais-18eme-siecle\\\/#breadcrumb\",\"itemListElement\":[{\"@type\":\"ListItem\",\"position\":1,\"name\":\"Accueil\",\"item\":\"https:\\\/\\\/repliquemangacine.fr\\\/\"},{\"@type\":\"ListItem\",\"position\":2,\"name\":\"Produits\",\"item\":\"https:\\\/\\\/repliquemangacine.fr\\\/boutique\\\/\"},{\"@type\":\"ListItem\",\"position\":3,\"name\":\"Canon Naval Anglais 18\u00e8me si\u00e8cle\"}]},{\"@type\":\"WebSite\",\"@id\":\"https:\\\/\\\/repliquemangacine.fr\\\/#website\",\"url\":\"https:\\\/\\\/repliquemangacine.fr\\\/\",\"name\":\"R\u00e9plique Manga Cin\u00e9\",\"description\":\"\",\"publisher\":{\"@id\":\"https:\\\/\\\/repliquemangacine.fr\\\/#organization\"},\"potentialAction\":[{\"@type\":\"SearchAction\",\"target\":{\"@type\":\"EntryPoint\",\"urlTemplate\":\"https:\\\/\\\/repliquemangacine.fr\\\/?s={search_term_string}\"},\"query-input\":{\"@type\":\"PropertyValueSpecification\",\"valueRequired\":true,\"valueName\":\"search_term_string\"}}],\"inLanguage\":\"it-IT\"},{\"@type\":\"Organization\",\"@id\":\"https:\\\/\\\/repliquemangacine.fr\\\/#organization\",\"name\":\"R\u00e9plique Manga Cin\u00e9\",\"url\":\"https:\\\/\\\/repliquemangacine.fr\\\/\",\"logo\":{\"@type\":\"ImageObject\",\"inLanguage\":\"it-IT\",\"@id\":\"https:\\\/\\\/repliquemangacine.fr\\\/#\\\/schema\\\/logo\\\/image\\\/\",\"url\":\"https:\\\/\\\/repliquemangacine.fr\\\/wp-content\\\/uploads\\\/2023\\\/10\\\/RMC-500250.png\",\"contentUrl\":\"https:\\\/\\\/repliquemangacine.fr\\\/wp-content\\\/uploads\\\/2023\\\/10\\\/RMC-500250.png\",\"width\":500,\"height\":250,\"caption\":\"R\u00e9plique Manga Cin\u00e9\"},\"image\":{\"@id\":\"https:\\\/\\\/repliquemangacine.fr\\\/#\\\/schema\\\/logo\\\/image\\\/\"},\"sameAs\":[\"https:\\\/\\\/www.facebook.com\\\/RepliqueMangaCine\",\"https:\\\/\\\/www.instagram.com\\\/repliquemangacine.fr\\\/\"]}]}<\/script>\n<!-- \/ Yoast SEO plugin. -->","yoast_head_json":{"title":"Cannone navale inglese del XVIII secolo - R\u00e9plique Manga Cin\u00e9","description":"Splendida replica del cannone navale inglese del XVIII secolo realizzata da Denix. Realizzato in legno e zamac. Finitura perfetta. Lunghezza 28 cm-Peso 1050 gr.","robots":{"index":"index","follow":"follow","max-snippet":"max-snippet:-1","max-image-preview":"max-image-preview:large","max-video-preview":"max-video-preview:-1"},"canonical":"https:\/\/repliquemangacine.fr\/it\/armi-pirata\/cannone-navale-inglese-del-xviii-secolo\/","og_locale":"it_IT","og_type":"article","og_title":"Canon Naval Anglais 18\u00e8me si\u00e8cle - R\u00e9plique Manga Cin\u00e9","og_description":"Superbe r\u00e9plique du Canon Naval Anglais 18\u00e8me si\u00e8cles sign\u00e9 Denix. Fabriqu\u00e9 en bois et zamac. Finition parfaite. Longueur 28cm-Poids 1050grs","og_url":"https:\/\/repliquemangacine.fr\/it\/armi-pirata\/cannone-navale-inglese-del-xviii-secolo\/","og_site_name":"R\u00e9plique Manga Cin\u00e9","article_publisher":"https:\/\/www.facebook.com\/RepliqueMangaCine","article_modified_time":"2025-12-04T10:59:48+00:00","og_image":[{"width":800,"height":800,"url":"https:\/\/repliquemangacine.fr\/wp-content\/uploads\/2023\/10\/canon-denix.jpg","type":"image\/jpeg"}],"twitter_card":"summary_large_image","twitter_misc":{"Tempo di lettura stimato":"1 minuto"},"schema":{"@context":"https:\/\/schema.org","@graph":[{"@type":"WebPage","@id":"https:\/\/repliquemangacine.fr\/armes-de-pirates\/canon-naval-anglais-18eme-siecle\/","url":"https:\/\/repliquemangacine.fr\/armes-de-pirates\/canon-naval-anglais-18eme-siecle\/","name":"Cannone navale inglese del XVIII secolo - R\u00e9plique Manga Cin\u00e9","isPartOf":{"@id":"https:\/\/repliquemangacine.fr\/#website"},"primaryImageOfPage":{"@id":"https:\/\/repliquemangacine.fr\/armes-de-pirates\/canon-naval-anglais-18eme-siecle\/#primaryimage"},"image":{"@id":"https:\/\/repliquemangacine.fr\/armes-de-pirates\/canon-naval-anglais-18eme-siecle\/#primaryimage"},"thumbnailUrl":"https:\/\/repliquemangacine.fr\/wp-content\/uploads\/2023\/10\/canon-denix.jpg","datePublished":"2021-12-14T17:09:13+00:00","dateModified":"2025-12-04T10:59:48+00:00","description":"Splendida replica del cannone navale inglese del XVIII secolo realizzata da Denix. Realizzato in legno e zamac. Finitura perfetta. Lunghezza 28 cm-Peso 1050 gr.","breadcrumb":{"@id":"https:\/\/repliquemangacine.fr\/armes-de-pirates\/canon-naval-anglais-18eme-siecle\/#breadcrumb"},"inLanguage":"it-IT","potentialAction":[{"@type":"ReadAction","target":["https:\/\/repliquemangacine.fr\/armes-de-pirates\/canon-naval-anglais-18eme-siecle\/"]}]},{"@type":"ImageObject","inLanguage":"it-IT","@id":"https:\/\/repliquemangacine.fr\/armes-de-pirates\/canon-naval-anglais-18eme-siecle\/#primaryimage","url":"https:\/\/repliquemangacine.fr\/wp-content\/uploads\/2023\/10\/canon-denix.jpg","contentUrl":"https:\/\/repliquemangacine.fr\/wp-content\/uploads\/2023\/10\/canon-denix.jpg","width":800,"height":800,"caption":"Canon Naval Anglais 18eme siecle miniature Denix"},{"@type":"BreadcrumbList","@id":"https:\/\/repliquemangacine.fr\/armes-de-pirates\/canon-naval-anglais-18eme-siecle\/#breadcrumb","itemListElement":[{"@type":"ListItem","position":1,"name":"Accueil","item":"https:\/\/repliquemangacine.fr\/"},{"@type":"ListItem","position":2,"name":"Produits","item":"https:\/\/repliquemangacine.fr\/boutique\/"},{"@type":"ListItem","position":3,"name":"Canon Naval Anglais 18\u00e8me si\u00e8cle"}]},{"@type":"WebSite","@id":"https:\/\/repliquemangacine.fr\/#website","url":"https:\/\/repliquemangacine.fr\/","name":"R\u00e9plique Manga Cin\u00e9","description":"","publisher":{"@id":"https:\/\/repliquemangacine.fr\/#organization"},"potentialAction":[{"@type":"SearchAction","target":{"@type":"EntryPoint","urlTemplate":"https:\/\/repliquemangacine.fr\/?s={search_term_string}"},"query-input":{"@type":"PropertyValueSpecification","valueRequired":true,"valueName":"search_term_string"}}],"inLanguage":"it-IT"},{"@type":"Organization","@id":"https:\/\/repliquemangacine.fr\/#organization","name":"R\u00e9plique Manga Cin\u00e9","url":"https:\/\/repliquemangacine.fr\/","logo":{"@type":"ImageObject","inLanguage":"it-IT","@id":"https:\/\/repliquemangacine.fr\/#\/schema\/logo\/image\/","url":"https:\/\/repliquemangacine.fr\/wp-content\/uploads\/2023\/10\/RMC-500250.png","contentUrl":"https:\/\/repliquemangacine.fr\/wp-content\/uploads\/2023\/10\/RMC-500250.png","width":500,"height":250,"caption":"R\u00e9plique Manga Cin\u00e9"},"image":{"@id":"https:\/\/repliquemangacine.fr\/#\/schema\/logo\/image\/"},"sameAs":["https:\/\/www.facebook.com\/RepliqueMangaCine","https:\/\/www.instagram.com\/repliquemangacine.fr\/"]}]}},"_links":{"self":[{"href":"https:\/\/repliquemangacine.fr\/it\/wp-json\/wp\/v2\/product\/46238","targetHints":{"allow":["GET"]}}],"collection":[{"href":"https:\/\/repliquemangacine.fr\/it\/wp-json\/wp\/v2\/product"}],"about":[{"href":"https:\/\/repliquemangacine.fr\/it\/wp-json\/wp\/v2\/types\/product"}],"wp:featuredmedia":[{"embeddable":true,"href":"https:\/\/repliquemangacine.fr\/it\/wp-json\/wp\/v2\/media\/46239"}],"wp:attachment":[{"href":"https:\/\/repliquemangacine.fr\/it\/wp-json\/wp\/v2\/media?parent=46238"}],"wp:term":[{"taxonomy":"product_brand","embeddable":true,"href":"https:\/\/repliquemangacine.fr\/it\/wp-json\/wp\/v2\/product_brand?post=46238"},{"taxonomy":"product_cat","embeddable":true,"href":"https:\/\/repliquemangacine.fr\/it\/wp-json\/wp\/v2\/product_cat?post=46238"},{"taxonomy":"product_tag","embeddable":true,"href":"https:\/\/repliquemangacine.fr\/it\/wp-json\/wp\/v2\/product_tag?post=46238"}],"curies":[{"name":"wp","href":"https:\/\/api.w.org\/{rel}","templated":true}]}}