





{"id":45278,"date":"2021-12-03T14:52:23","date_gmt":"2021-12-03T13:52:23","guid":{"rendered":"https:\/\/repliquemangacine.fr\/?post_type=product&#038;p=45278"},"modified":"2026-04-02T19:39:20","modified_gmt":"2026-04-02T17:39:20","slug":"sciabola-pirata-sciabola-bucaniera","status":"publish","type":"product","link":"https:\/\/repliquemangacine.fr\/it\/sabre-dabordage-de-pirate\/sabre-pirate-sabre-dabordage-flibustier\/","title":{"rendered":"Spada da abbordaggio Flibustier"},"content":{"rendered":"<h2>Spada da abbordaggio Flibustier<\/h2>\n<p>Per iniziare, il programma <strong>Spada da abbordaggio Flibustier<\/strong> \u00e8 un'arma a lama utilizzata in marina. Si tratta di una sorta di sciabola corta con una lama spessa, utilizzata sia come arma che come strumento (per tagliare le corde, ad esempio). \u00c8 nota anche come \u00abcucchiaio da cucina\u00bb.<\/p>\n<p>Una spada da abbordaggio utilizzata dalla marina francese sotto il Primo Impero \u00e8 nota come cuill\u00e8re \u00e0 pot. Era dotata di un guscio a forma di cucchiaio per proteggere la mano. \u00c8 in questo senso che compare l'espressione \u00aben deux coups de cuill\u00e8re \u00e0 pot\u00bb (\u00abcon due colpi di cucchiaio\u00bb), che significa \u201crapidamente\u201d ma anche \u201cviolentemente\u201d o \"speditamente\".<\/p>\n<h2>La vostra spada da imbarco Flibustier al miglior prezzo.<\/h2>\n<p>Offriamo un'ampia gamma di riproduzioni di armi storiche.<\/p>\n<p>Innanzitutto,<\/p>\n<ul>\n<li>La riproduzione di <a href=\"https:\/\/repliquemangacine.fr\/it\/armi-pirata\/poignard-pirates\/\">sciabola da pirata<\/a>con la sua ampia lama d'acciaio.<\/li>\n<li>Cos\u00ec come il <a href=\"https:\/\/repliquemangacine.fr\/it\/armi-pirata\/pistola-pugnale-pirata-18-secolo\/\">Pistola a pugnale<\/a> pirata, pugnale con pistola a scintilla.<\/li>\n<li><a href=\"https:\/\/www.denix.fr\/fr\/catalogue\/colonial-et-pirate-1492-s-xviii\/maroquinerie\/715\/\" target=\"_blank\" rel=\"noopener noreferrer\">Denix<\/a> ci sorprende ancora con questo piccolo <a href=\"https:\/\/repliquemangacine.fr\/it\/armi-pirata\/bourse-de-pirates-avec-monnaie\/\">borsa da pirata<\/a> interamente in pelle con logo pirata.<\/li>\n<li>E molti altri da scoprire nel nostro negozio online!<\/li>\n<\/ul>\n<p>Ecco perch\u00e9 questa \u00e8 un'ottima idea regalo per tutti coloro che amano le armi dei pirati.<\/p>\n<p>In conclusione, \u00e8 possibile utilizzare questo <strong>Spada da abbordaggio Flibustier<\/strong> per le vostre rievocazioni e serate a tema. Ma soprattutto, quest'arma \u00e8 un oggetto da collezione e un pezzo decorativo.<\/p>\n<h2>Come faccio a mantenere la lama della mia spada?<\/h2>\n<p>Le spade da collezione e decorative sono realizzate e assemblate in modo semplificato. Poich\u00e9 il loro uso \u00e8 decorativo, non hanno le caratteristiche di sicurezza richieste per una spada giapponese destinata all'allenamento.<\/p>\n<p>Tuttavia, il vostro <strong>Spada da abbordaggio Flibustier<\/strong> a una lama d'acciaio che deve essere mantenuta per evitare che si danneggi nel tempo. Quando si espone la spada, gli amici saranno curiosi di vedere la lama e di toccarla. \u00c8 qui che bisogna fare attenzione, perch\u00e9 l'acidit\u00e0 delle dita \u00e8 molto dannosa per l'acciaio, qualunque sia la sua qualit\u00e0.<\/p>\n<p>Tuttavia, se ci\u00f2 dovesse accadere, niente panico: basta un panno inumidito con un po' d'olio per eliminare le impronte. In questo modo, la spada durer\u00e0 a lungo.<\/p>","protected":false},"excerpt":{"rendered":"<p>Replica di una tipica spada da pirata del XVII e XVIII secolo.<\/p>\n<ul>\n<li>Lama in acciaio 440 con incisione.<\/li>\n<li>Protezione e vaso in acciaio con incisione in ottone.<\/li>\n<li>Maniglia e pomolo in acciaio.<\/li>\n<li>Fodero in similpelle nera.<\/li>\n<li>Lunghezza lama: 56cm - Lunghezza totale: 79cm - Peso: 1190Grs<\/li>\n<\/ul>","protected":false},"featured_media":45279,"template":"","meta":[],"product_brand":[896],"product_cat":[49,25,115],"product_tag":[],"class_list":{"0":"post-45278","1":"product","2":"type-product","3":"status-publish","4":"has-post-thumbnail","6":"product_brand-replique-manga-cine","7":"product_cat-armes-de-pirates","8":"product_cat-armes-historiques","9":"product_cat-sabre-dabordage-de-pirate","11":"first","12":"instock","13":"taxable","14":"shipping-taxable","15":"purchasable","16":"product-type-simple"},"yoast_head":"<!-- This site is optimized with the Yoast SEO plugin v27.4 - https:\/\/yoast.com\/product\/yoast-seo-wordpress\/ -->\n<title>Sabre d&#039;abordage Flibustier - Vente en ligne d&#039;\u00c9p\u00e9es pirates - RMC<\/title>\n<meta name=\"description\" content=\"Offrez-lui ce Sabre d&#039;abordage Flibustier au meilleur prix - Lame en acier 440 - Fourreau bois - Cuill\u00e8re \u00e0 pot - Longueur totale : 79 cm - Envoi 24\/48h\" \/>\n<meta name=\"robots\" content=\"index, follow, max-snippet:-1, max-image-preview:large, max-video-preview:-1\" \/>\n<link rel=\"canonical\" href=\"https:\/\/repliquemangacine.fr\/it\/spada-pirata\/sciabola-pirata-sciabola-bucaniera\/\" \/>\n<meta property=\"og:locale\" content=\"it_IT\" \/>\n<meta property=\"og:type\" content=\"article\" \/>\n<meta property=\"og:title\" content=\"Sabre d&#039;abordage Flibustier - Vente en ligne d&#039;\u00c9p\u00e9es pirates - RMC\" \/>\n<meta property=\"og:description\" content=\"Offrez-lui ce Sabre d&#039;abordage Flibustier au meilleur prix - Lame en acier 440 - Fourreau bois - Cuill\u00e8re \u00e0 pot - Longueur totale : 79 cm - Envoi 24\/48h\" \/>\n<meta property=\"og:url\" content=\"https:\/\/repliquemangacine.fr\/it\/spada-pirata\/sciabola-pirata-sciabola-bucaniera\/\" \/>\n<meta property=\"og:site_name\" content=\"R\u00e9plique Manga Cin\u00e9\" \/>\n<meta property=\"article:publisher\" content=\"https:\/\/www.facebook.com\/RepliqueMangaCine\" \/>\n<meta property=\"article:modified_time\" content=\"2026-04-02T17:39:20+00:00\" \/>\n<meta property=\"og:image\" content=\"https:\/\/repliquemangacine.fr\/wp-content\/uploads\/2023\/10\/sabre-pirate-fourreau.jpg\" \/>\n\t<meta property=\"og:image:width\" content=\"800\" \/>\n\t<meta property=\"og:image:height\" content=\"800\" \/>\n\t<meta property=\"og:image:type\" content=\"image\/jpeg\" \/>\n<meta name=\"twitter:card\" content=\"summary_large_image\" \/>\n<meta name=\"twitter:label1\" content=\"Tempo di lettura stimato\" \/>\n\t<meta name=\"twitter:data1\" content=\"2 minuti\" \/>\n<script type=\"application\/ld+json\" class=\"yoast-schema-graph\">{\"@context\":\"https:\\\/\\\/schema.org\",\"@graph\":[{\"@type\":\"WebPage\",\"@id\":\"https:\\\/\\\/repliquemangacine.fr\\\/sabre-dabordage-de-pirate\\\/sabre-pirate-sabre-dabordage-flibustier\\\/\",\"url\":\"https:\\\/\\\/repliquemangacine.fr\\\/sabre-dabordage-de-pirate\\\/sabre-pirate-sabre-dabordage-flibustier\\\/\",\"name\":\"Sabre d'abordage Flibustier - Vente en ligne d'\u00c9p\u00e9es pirates - RMC\",\"isPartOf\":{\"@id\":\"https:\\\/\\\/repliquemangacine.fr\\\/#website\"},\"primaryImageOfPage\":{\"@id\":\"https:\\\/\\\/repliquemangacine.fr\\\/sabre-dabordage-de-pirate\\\/sabre-pirate-sabre-dabordage-flibustier\\\/#primaryimage\"},\"image\":{\"@id\":\"https:\\\/\\\/repliquemangacine.fr\\\/sabre-dabordage-de-pirate\\\/sabre-pirate-sabre-dabordage-flibustier\\\/#primaryimage\"},\"thumbnailUrl\":\"https:\\\/\\\/repliquemangacine.fr\\\/wp-content\\\/uploads\\\/2023\\\/10\\\/sabre-pirate-fourreau.jpg\",\"datePublished\":\"2021-12-03T13:52:23+00:00\",\"dateModified\":\"2026-04-02T17:39:20+00:00\",\"description\":\"Offrez-lui ce Sabre d'abordage Flibustier au meilleur prix - Lame en acier 440 - Fourreau bois - Cuill\u00e8re \u00e0 pot - Longueur totale : 79 cm - Envoi 24\\\/48h\",\"breadcrumb\":{\"@id\":\"https:\\\/\\\/repliquemangacine.fr\\\/sabre-dabordage-de-pirate\\\/sabre-pirate-sabre-dabordage-flibustier\\\/#breadcrumb\"},\"inLanguage\":\"it-IT\",\"potentialAction\":[{\"@type\":\"ReadAction\",\"target\":[\"https:\\\/\\\/repliquemangacine.fr\\\/sabre-dabordage-de-pirate\\\/sabre-pirate-sabre-dabordage-flibustier\\\/\"]}]},{\"@type\":\"ImageObject\",\"inLanguage\":\"it-IT\",\"@id\":\"https:\\\/\\\/repliquemangacine.fr\\\/sabre-dabordage-de-pirate\\\/sabre-pirate-sabre-dabordage-flibustier\\\/#primaryimage\",\"url\":\"https:\\\/\\\/repliquemangacine.fr\\\/wp-content\\\/uploads\\\/2023\\\/10\\\/sabre-pirate-fourreau.jpg\",\"contentUrl\":\"https:\\\/\\\/repliquemangacine.fr\\\/wp-content\\\/uploads\\\/2023\\\/10\\\/sabre-pirate-fourreau.jpg\",\"width\":800,\"height\":800,\"caption\":\"Sabre d'abordage Flibustier, lame acier\"},{\"@type\":\"BreadcrumbList\",\"@id\":\"https:\\\/\\\/repliquemangacine.fr\\\/sabre-dabordage-de-pirate\\\/sabre-pirate-sabre-dabordage-flibustier\\\/#breadcrumb\",\"itemListElement\":[{\"@type\":\"ListItem\",\"position\":1,\"name\":\"Accueil\",\"item\":\"https:\\\/\\\/repliquemangacine.fr\\\/\"},{\"@type\":\"ListItem\",\"position\":2,\"name\":\"Produits\",\"item\":\"https:\\\/\\\/repliquemangacine.fr\\\/boutique\\\/\"},{\"@type\":\"ListItem\",\"position\":3,\"name\":\"Sabre d&#8217;abordage Flibustier\"}]},{\"@type\":\"WebSite\",\"@id\":\"https:\\\/\\\/repliquemangacine.fr\\\/#website\",\"url\":\"https:\\\/\\\/repliquemangacine.fr\\\/\",\"name\":\"R\u00e9plique Manga Cin\u00e9\",\"description\":\"\",\"publisher\":{\"@id\":\"https:\\\/\\\/repliquemangacine.fr\\\/#organization\"},\"potentialAction\":[{\"@type\":\"SearchAction\",\"target\":{\"@type\":\"EntryPoint\",\"urlTemplate\":\"https:\\\/\\\/repliquemangacine.fr\\\/?s={search_term_string}\"},\"query-input\":{\"@type\":\"PropertyValueSpecification\",\"valueRequired\":true,\"valueName\":\"search_term_string\"}}],\"inLanguage\":\"it-IT\"},{\"@type\":\"Organization\",\"@id\":\"https:\\\/\\\/repliquemangacine.fr\\\/#organization\",\"name\":\"R\u00e9plique Manga Cin\u00e9\",\"url\":\"https:\\\/\\\/repliquemangacine.fr\\\/\",\"logo\":{\"@type\":\"ImageObject\",\"inLanguage\":\"it-IT\",\"@id\":\"https:\\\/\\\/repliquemangacine.fr\\\/#\\\/schema\\\/logo\\\/image\\\/\",\"url\":\"https:\\\/\\\/repliquemangacine.fr\\\/wp-content\\\/uploads\\\/2023\\\/10\\\/RMC-500250.png\",\"contentUrl\":\"https:\\\/\\\/repliquemangacine.fr\\\/wp-content\\\/uploads\\\/2023\\\/10\\\/RMC-500250.png\",\"width\":500,\"height\":250,\"caption\":\"R\u00e9plique Manga Cin\u00e9\"},\"image\":{\"@id\":\"https:\\\/\\\/repliquemangacine.fr\\\/#\\\/schema\\\/logo\\\/image\\\/\"},\"sameAs\":[\"https:\\\/\\\/www.facebook.com\\\/RepliqueMangaCine\",\"https:\\\/\\\/www.instagram.com\\\/repliquemangacine.fr\\\/\"]}]}<\/script>\n<!-- \/ Yoast SEO plugin. -->","yoast_head_json":{"title":"Spada da abbordaggio Flibustier - Spade da pirata in vendita online - RMC","description":"Offrigli questa spada da imbarco Flibustier al miglior prezzo - Lama in acciaio 440 - Fodero in legno - Cucchiaio da pentola - Lunghezza totale: 79 cm - Spedizione 24\/48h","robots":{"index":"index","follow":"follow","max-snippet":"max-snippet:-1","max-image-preview":"max-image-preview:large","max-video-preview":"max-video-preview:-1"},"canonical":"https:\/\/repliquemangacine.fr\/it\/spada-pirata\/sciabola-pirata-sciabola-bucaniera\/","og_locale":"it_IT","og_type":"article","og_title":"Sabre d'abordage Flibustier - Vente en ligne d'\u00c9p\u00e9es pirates - RMC","og_description":"Offrez-lui ce Sabre d'abordage Flibustier au meilleur prix - Lame en acier 440 - Fourreau bois - Cuill\u00e8re \u00e0 pot - Longueur totale : 79 cm - Envoi 24\/48h","og_url":"https:\/\/repliquemangacine.fr\/it\/spada-pirata\/sciabola-pirata-sciabola-bucaniera\/","og_site_name":"R\u00e9plique Manga Cin\u00e9","article_publisher":"https:\/\/www.facebook.com\/RepliqueMangaCine","article_modified_time":"2026-04-02T17:39:20+00:00","og_image":[{"width":800,"height":800,"url":"https:\/\/repliquemangacine.fr\/wp-content\/uploads\/2023\/10\/sabre-pirate-fourreau.jpg","type":"image\/jpeg"}],"twitter_card":"summary_large_image","twitter_misc":{"Tempo di lettura stimato":"2 minuti"},"schema":{"@context":"https:\/\/schema.org","@graph":[{"@type":"WebPage","@id":"https:\/\/repliquemangacine.fr\/sabre-dabordage-de-pirate\/sabre-pirate-sabre-dabordage-flibustier\/","url":"https:\/\/repliquemangacine.fr\/sabre-dabordage-de-pirate\/sabre-pirate-sabre-dabordage-flibustier\/","name":"Spada da abbordaggio Flibustier - Spade da pirata in vendita online - RMC","isPartOf":{"@id":"https:\/\/repliquemangacine.fr\/#website"},"primaryImageOfPage":{"@id":"https:\/\/repliquemangacine.fr\/sabre-dabordage-de-pirate\/sabre-pirate-sabre-dabordage-flibustier\/#primaryimage"},"image":{"@id":"https:\/\/repliquemangacine.fr\/sabre-dabordage-de-pirate\/sabre-pirate-sabre-dabordage-flibustier\/#primaryimage"},"thumbnailUrl":"https:\/\/repliquemangacine.fr\/wp-content\/uploads\/2023\/10\/sabre-pirate-fourreau.jpg","datePublished":"2021-12-03T13:52:23+00:00","dateModified":"2026-04-02T17:39:20+00:00","description":"Offrigli questa spada da imbarco Flibustier al miglior prezzo - Lama in acciaio 440 - Fodero in legno - Cucchiaio da pentola - Lunghezza totale: 79 cm - Spedizione 24\/48h","breadcrumb":{"@id":"https:\/\/repliquemangacine.fr\/sabre-dabordage-de-pirate\/sabre-pirate-sabre-dabordage-flibustier\/#breadcrumb"},"inLanguage":"it-IT","potentialAction":[{"@type":"ReadAction","target":["https:\/\/repliquemangacine.fr\/sabre-dabordage-de-pirate\/sabre-pirate-sabre-dabordage-flibustier\/"]}]},{"@type":"ImageObject","inLanguage":"it-IT","@id":"https:\/\/repliquemangacine.fr\/sabre-dabordage-de-pirate\/sabre-pirate-sabre-dabordage-flibustier\/#primaryimage","url":"https:\/\/repliquemangacine.fr\/wp-content\/uploads\/2023\/10\/sabre-pirate-fourreau.jpg","contentUrl":"https:\/\/repliquemangacine.fr\/wp-content\/uploads\/2023\/10\/sabre-pirate-fourreau.jpg","width":800,"height":800,"caption":"Sabre d'abordage Flibustier, lame acier"},{"@type":"BreadcrumbList","@id":"https:\/\/repliquemangacine.fr\/sabre-dabordage-de-pirate\/sabre-pirate-sabre-dabordage-flibustier\/#breadcrumb","itemListElement":[{"@type":"ListItem","position":1,"name":"Accueil","item":"https:\/\/repliquemangacine.fr\/"},{"@type":"ListItem","position":2,"name":"Produits","item":"https:\/\/repliquemangacine.fr\/boutique\/"},{"@type":"ListItem","position":3,"name":"Sabre d&#8217;abordage Flibustier"}]},{"@type":"WebSite","@id":"https:\/\/repliquemangacine.fr\/#website","url":"https:\/\/repliquemangacine.fr\/","name":"R\u00e9plique Manga Cin\u00e9","description":"","publisher":{"@id":"https:\/\/repliquemangacine.fr\/#organization"},"potentialAction":[{"@type":"SearchAction","target":{"@type":"EntryPoint","urlTemplate":"https:\/\/repliquemangacine.fr\/?s={search_term_string}"},"query-input":{"@type":"PropertyValueSpecification","valueRequired":true,"valueName":"search_term_string"}}],"inLanguage":"it-IT"},{"@type":"Organization","@id":"https:\/\/repliquemangacine.fr\/#organization","name":"R\u00e9plique Manga Cin\u00e9","url":"https:\/\/repliquemangacine.fr\/","logo":{"@type":"ImageObject","inLanguage":"it-IT","@id":"https:\/\/repliquemangacine.fr\/#\/schema\/logo\/image\/","url":"https:\/\/repliquemangacine.fr\/wp-content\/uploads\/2023\/10\/RMC-500250.png","contentUrl":"https:\/\/repliquemangacine.fr\/wp-content\/uploads\/2023\/10\/RMC-500250.png","width":500,"height":250,"caption":"R\u00e9plique Manga Cin\u00e9"},"image":{"@id":"https:\/\/repliquemangacine.fr\/#\/schema\/logo\/image\/"},"sameAs":["https:\/\/www.facebook.com\/RepliqueMangaCine","https:\/\/www.instagram.com\/repliquemangacine.fr\/"]}]}},"_links":{"self":[{"href":"https:\/\/repliquemangacine.fr\/it\/wp-json\/wp\/v2\/product\/45278","targetHints":{"allow":["GET"]}}],"collection":[{"href":"https:\/\/repliquemangacine.fr\/it\/wp-json\/wp\/v2\/product"}],"about":[{"href":"https:\/\/repliquemangacine.fr\/it\/wp-json\/wp\/v2\/types\/product"}],"wp:featuredmedia":[{"embeddable":true,"href":"https:\/\/repliquemangacine.fr\/it\/wp-json\/wp\/v2\/media\/45279"}],"wp:attachment":[{"href":"https:\/\/repliquemangacine.fr\/it\/wp-json\/wp\/v2\/media?parent=45278"}],"wp:term":[{"taxonomy":"product_brand","embeddable":true,"href":"https:\/\/repliquemangacine.fr\/it\/wp-json\/wp\/v2\/product_brand?post=45278"},{"taxonomy":"product_cat","embeddable":true,"href":"https:\/\/repliquemangacine.fr\/it\/wp-json\/wp\/v2\/product_cat?post=45278"},{"taxonomy":"product_tag","embeddable":true,"href":"https:\/\/repliquemangacine.fr\/it\/wp-json\/wp\/v2\/product_tag?post=45278"}],"curies":[{"name":"wp","href":"https:\/\/api.w.org\/{rel}","templated":true}]}}