





{"id":44267,"date":"2021-11-09T16:51:30","date_gmt":"2021-11-09T15:51:30","guid":{"rendered":"https:\/\/repliquemangacine.fr\/?post_type=product&#038;p=44267"},"modified":"2026-02-16T15:46:15","modified_gmt":"2026-02-16T14:46:15","slug":"signore-degli-anelli-glamdring-spada-gandalf","status":"publish","type":"product","link":"https:\/\/repliquemangacine.fr\/it\/epees-the-hobbit\/epee-de-gandalf-glamdring-le-seigneur-des-anneaux\/","title":{"rendered":"Spada di Gandalf Glamdring - LOTR"},"content":{"rendered":"<h2>Spada di Gandalf Glamdring Il Signore degli Anelli<\/h2>\n<p>Per cominciare, il<strong>Spada di Gandalf Glamdring<\/strong> apparteneva al Re di Gondolin, Turgon, e poi a Gandalf. Come Dard, si illumina di blu quando gli Orchi si avvicinano, poich\u00e9 \u00e8 una lama elfica. Il mago us\u00f2 Glamdring per uccidere l'ultimo Balrog di Morgoth a Moria.<\/p>\n<p>Spada sorella di Orcrist, trovata da Gandalf in un covo di Troll durante la sua partecipazione alla spedizione di Thorin alla Rovere. Si dice che sia stata forgiata da Maeglin, come molte altre spade. Il suo nome \u00e8 inciso in una runa sulla spada.<\/p>\n<p>Gandalf il Grigio, in seguito conosciuto come <a href=\"https:\/\/lotr.fandom.com\/fr\/wiki\/Gandalf\" target=\"_blank\" rel=\"noopener noreferrer\">Gandalf<\/a> il Bianco, \u00e8 un mago. Fu inviato nella Terra di Mezzo nella Terza Era per combattere la minaccia di Sauron.<\/p>\n<h2>La tua spada Gandalf Glamdring al miglior prezzo.<\/h2>\n<p>Offriamo tutte le repliche di spade e gioielli della trilogia de Il Signore degli Anelli.<\/p>\n<p>Innanzitutto,<\/p>\n<ul>\n<li>La spada<a href=\"https:\/\/repliquemangacine.fr\/it\/spade-del-signore-degli-anelli\/spada-di-theoden-spada-di-herugrim\/\"> de Th\u00e9oden<\/a>\u00c8 Gandalf a liberare Re Th\u00e9oden dalla maledizione di Saruman.<\/li>\n<li>C'\u00e8 anche il <a href=\"https:\/\/repliquemangacine.fr\/it\/anelli-di-gioielleria\/spilla-per-collana-lorien-leaf-signore-degli-anelli\/\">Spilla a forma di foglia Lorien<\/a>che tutti i membri della comunit\u00e0 dell'Anello indossano.<\/li>\n<li>E la spada di Aragorn l'Anduril, futuro re di Gondor.<\/li>\n<li>E molti altri da scoprire nel nostro negozio online!<\/li>\n<\/ul>\n<p>Ecco un'ottima idea regalo per i fan della trilogia de Il Signore degli Anelli.<\/p>\n<p>In conclusione, \u00e8 possibile utilizzare l\u2019<strong>Spada di Gandalf Glamdring<\/strong> per le vostre feste a tema o sfilate di cosplay. Ma soprattutto, questa spada \u00e8 un oggetto da collezione e un pezzo decorativo.<\/p>\n<h2>Come faccio a mantenere la lama della mia spada del Signore degli Anelli?<\/h2>\n<p>Le spade da collezione e decorative sono realizzate e assemblate in modo semplificato. Poich\u00e9 il loro uso \u00e8 decorativo, non hanno le caratteristiche di sicurezza richieste per una spada giapponese destinata all'allenamento.<\/p>\n<p>Tuttavia, il vostro <strong>Spada di Gandalf Glamdring<\/strong> a una lama d'acciaio che deve essere curata per evitare che si danneggi nel tempo. Quando si espone la katana, gli amici saranno curiosi di vedere la lama e di toccarla. \u00c8 qui che bisogna fare attenzione, perch\u00e9 l'acidit\u00e0 delle dita \u00e8 molto dannosa per l'acciaio, indipendentemente dalla sua qualit\u00e0.<\/p>\n<p>Tuttavia, se ci\u00f2 dovesse accadere, niente panico: basta un panno inumidito con un po' d'olio per eliminare le impronte. In questo modo, la spada durer\u00e0 a lungo.<\/p>\n<p><strong>\u00a0<\/strong><\/p>","protected":false},"excerpt":{"rendered":"<p>La spada di Gandalf nella trilogia del Signore degli Anelli.<\/p>\n<ul>\n<li>Lama in acciaio inossidabile con scanalatura, non affilata.<\/li>\n<li>Pomo e guardia in acciaio antico.<\/li>\n<li>Rune elfiche al centro della guardia.<\/li>\n<li>Maniglia rivestita in similpelle.<\/li>\n<li>Supporto da parete in legno.<\/li>\n<li>Lunghezza lama: 90,5 cm - Lunghezza totale: 122 cm<\/li>\n<\/ul>","protected":false},"featured_media":44268,"template":"","meta":[],"product_brand":[896],"product_cat":[68,69,24,29,35],"product_tag":[],"class_list":{"0":"post-44267","1":"product","2":"type-product","3":"status-publish","4":"has-post-thumbnail","6":"product_brand-replique-manga-cine","7":"product_cat-epees-seigneur-des-anneaux","8":"product_cat-epees-the-hobbit","9":"product_cat-films-series-tv-vente-de-katana-epee-et-produits-derives","10":"product_cat-le-seigneur-des-anneaux","11":"product_cat-epee-et-bijoux-the-hobbit","13":"first","14":"instock","15":"sale","16":"taxable","17":"shipping-taxable","18":"purchasable","19":"product-type-simple"},"yoast_head":"<!-- This site is optimized with the Yoast SEO plugin v27.4 - https:\/\/yoast.com\/product\/yoast-seo-wordpress\/ -->\n<title>Ep\u00e9e de Gandalf Glamdring - Le Seigneur des Anneaux | RMC<\/title>\n<meta name=\"description\" content=\"Faite vous plaisir avec l&#039;Ep\u00e9e de Gandalf Glamdring Seigneur des Anneaux au meilleur prix - Lame en acier - Support - Longueur : 122 cm - Envoi 24\/48h\" \/>\n<meta name=\"robots\" content=\"index, follow, max-snippet:-1, max-image-preview:large, max-video-preview:-1\" \/>\n<link rel=\"canonical\" href=\"https:\/\/repliquemangacine.fr\/it\/le-spade-dello-hobbit\/signore-degli-anelli-glamdring-spada-gandalf\/\" \/>\n<meta property=\"og:locale\" content=\"it_IT\" \/>\n<meta property=\"og:type\" content=\"article\" \/>\n<meta property=\"og:title\" content=\"Ep\u00e9e de Gandalf Glamdring - Le Seigneur des Anneaux | RMC\" \/>\n<meta property=\"og:description\" content=\"Faite vous plaisir avec l&#039;Ep\u00e9e de Gandalf Glamdring Seigneur des Anneaux au meilleur prix - Lame en acier - Support - Longueur : 122 cm - Envoi 24\/48h\" \/>\n<meta property=\"og:url\" content=\"https:\/\/repliquemangacine.fr\/it\/le-spade-dello-hobbit\/signore-degli-anelli-glamdring-spada-gandalf\/\" \/>\n<meta property=\"og:site_name\" content=\"R\u00e9plique Manga Cin\u00e9\" \/>\n<meta property=\"article:publisher\" content=\"https:\/\/www.facebook.com\/RepliqueMangaCine\" \/>\n<meta property=\"article:modified_time\" content=\"2026-02-16T14:46:15+00:00\" \/>\n<meta property=\"og:image\" content=\"https:\/\/repliquemangacine.fr\/wp-content\/uploads\/2023\/10\/epee-gandalf-.jpg\" \/>\n\t<meta property=\"og:image:width\" content=\"800\" \/>\n\t<meta property=\"og:image:height\" content=\"800\" \/>\n\t<meta property=\"og:image:type\" content=\"image\/jpeg\" \/>\n<meta name=\"twitter:card\" content=\"summary_large_image\" \/>\n<meta name=\"twitter:label1\" content=\"Tempo di lettura stimato\" \/>\n\t<meta name=\"twitter:data1\" content=\"2 minuti\" \/>\n<script type=\"application\/ld+json\" class=\"yoast-schema-graph\">{\"@context\":\"https:\\\/\\\/schema.org\",\"@graph\":[{\"@type\":\"WebPage\",\"@id\":\"https:\\\/\\\/repliquemangacine.fr\\\/epees-the-hobbit\\\/epee-de-gandalf-glamdring-le-seigneur-des-anneaux\\\/\",\"url\":\"https:\\\/\\\/repliquemangacine.fr\\\/epees-the-hobbit\\\/epee-de-gandalf-glamdring-le-seigneur-des-anneaux\\\/\",\"name\":\"Ep\u00e9e de Gandalf Glamdring - Le Seigneur des Anneaux | RMC\",\"isPartOf\":{\"@id\":\"https:\\\/\\\/repliquemangacine.fr\\\/#website\"},\"primaryImageOfPage\":{\"@id\":\"https:\\\/\\\/repliquemangacine.fr\\\/epees-the-hobbit\\\/epee-de-gandalf-glamdring-le-seigneur-des-anneaux\\\/#primaryimage\"},\"image\":{\"@id\":\"https:\\\/\\\/repliquemangacine.fr\\\/epees-the-hobbit\\\/epee-de-gandalf-glamdring-le-seigneur-des-anneaux\\\/#primaryimage\"},\"thumbnailUrl\":\"https:\\\/\\\/repliquemangacine.fr\\\/wp-content\\\/uploads\\\/2023\\\/10\\\/epee-gandalf-.jpg\",\"datePublished\":\"2021-11-09T15:51:30+00:00\",\"dateModified\":\"2026-02-16T14:46:15+00:00\",\"description\":\"Faite vous plaisir avec l'Ep\u00e9e de Gandalf Glamdring Seigneur des Anneaux au meilleur prix - Lame en acier - Support - Longueur : 122 cm - Envoi 24\\\/48h\",\"breadcrumb\":{\"@id\":\"https:\\\/\\\/repliquemangacine.fr\\\/epees-the-hobbit\\\/epee-de-gandalf-glamdring-le-seigneur-des-anneaux\\\/#breadcrumb\"},\"inLanguage\":\"it-IT\",\"potentialAction\":[{\"@type\":\"ReadAction\",\"target\":[\"https:\\\/\\\/repliquemangacine.fr\\\/epees-the-hobbit\\\/epee-de-gandalf-glamdring-le-seigneur-des-anneaux\\\/\"]}]},{\"@type\":\"ImageObject\",\"inLanguage\":\"it-IT\",\"@id\":\"https:\\\/\\\/repliquemangacine.fr\\\/epees-the-hobbit\\\/epee-de-gandalf-glamdring-le-seigneur-des-anneaux\\\/#primaryimage\",\"url\":\"https:\\\/\\\/repliquemangacine.fr\\\/wp-content\\\/uploads\\\/2023\\\/10\\\/epee-gandalf-.jpg\",\"contentUrl\":\"https:\\\/\\\/repliquemangacine.fr\\\/wp-content\\\/uploads\\\/2023\\\/10\\\/epee-gandalf-.jpg\",\"width\":800,\"height\":800,\"caption\":\"\u00e9p\u00e9e de Gandalf Glamdring\"},{\"@type\":\"BreadcrumbList\",\"@id\":\"https:\\\/\\\/repliquemangacine.fr\\\/epees-the-hobbit\\\/epee-de-gandalf-glamdring-le-seigneur-des-anneaux\\\/#breadcrumb\",\"itemListElement\":[{\"@type\":\"ListItem\",\"position\":1,\"name\":\"Accueil\",\"item\":\"https:\\\/\\\/repliquemangacine.fr\\\/\"},{\"@type\":\"ListItem\",\"position\":2,\"name\":\"Produits\",\"item\":\"https:\\\/\\\/repliquemangacine.fr\\\/boutique\\\/\"},{\"@type\":\"ListItem\",\"position\":3,\"name\":\"Ep\u00e9e de Gandalf Glamdring &#8211; LOTR\"}]},{\"@type\":\"WebSite\",\"@id\":\"https:\\\/\\\/repliquemangacine.fr\\\/#website\",\"url\":\"https:\\\/\\\/repliquemangacine.fr\\\/\",\"name\":\"R\u00e9plique Manga Cin\u00e9\",\"description\":\"\",\"publisher\":{\"@id\":\"https:\\\/\\\/repliquemangacine.fr\\\/#organization\"},\"potentialAction\":[{\"@type\":\"SearchAction\",\"target\":{\"@type\":\"EntryPoint\",\"urlTemplate\":\"https:\\\/\\\/repliquemangacine.fr\\\/?s={search_term_string}\"},\"query-input\":{\"@type\":\"PropertyValueSpecification\",\"valueRequired\":true,\"valueName\":\"search_term_string\"}}],\"inLanguage\":\"it-IT\"},{\"@type\":\"Organization\",\"@id\":\"https:\\\/\\\/repliquemangacine.fr\\\/#organization\",\"name\":\"R\u00e9plique Manga Cin\u00e9\",\"url\":\"https:\\\/\\\/repliquemangacine.fr\\\/\",\"logo\":{\"@type\":\"ImageObject\",\"inLanguage\":\"it-IT\",\"@id\":\"https:\\\/\\\/repliquemangacine.fr\\\/#\\\/schema\\\/logo\\\/image\\\/\",\"url\":\"https:\\\/\\\/repliquemangacine.fr\\\/wp-content\\\/uploads\\\/2023\\\/10\\\/RMC-500250.png\",\"contentUrl\":\"https:\\\/\\\/repliquemangacine.fr\\\/wp-content\\\/uploads\\\/2023\\\/10\\\/RMC-500250.png\",\"width\":500,\"height\":250,\"caption\":\"R\u00e9plique Manga Cin\u00e9\"},\"image\":{\"@id\":\"https:\\\/\\\/repliquemangacine.fr\\\/#\\\/schema\\\/logo\\\/image\\\/\"},\"sameAs\":[\"https:\\\/\\\/www.facebook.com\\\/RepliqueMangaCine\",\"https:\\\/\\\/www.instagram.com\\\/repliquemangacine.fr\\\/\"]}]}<\/script>\n<!-- \/ Yoast SEO plugin. -->","yoast_head_json":{"title":"Spada di Gandalf Glamdring - Il Signore degli Anelli | RMC","description":"Regalati la spada Gandalf Glamdring del Signore degli Anelli al miglior prezzo - Lama in acciaio - Supporto - Lunghezza: 122 cm - Spedizione 24\/48h","robots":{"index":"index","follow":"follow","max-snippet":"max-snippet:-1","max-image-preview":"max-image-preview:large","max-video-preview":"max-video-preview:-1"},"canonical":"https:\/\/repliquemangacine.fr\/it\/le-spade-dello-hobbit\/signore-degli-anelli-glamdring-spada-gandalf\/","og_locale":"it_IT","og_type":"article","og_title":"Ep\u00e9e de Gandalf Glamdring - Le Seigneur des Anneaux | RMC","og_description":"Faite vous plaisir avec l'Ep\u00e9e de Gandalf Glamdring Seigneur des Anneaux au meilleur prix - Lame en acier - Support - Longueur : 122 cm - Envoi 24\/48h","og_url":"https:\/\/repliquemangacine.fr\/it\/le-spade-dello-hobbit\/signore-degli-anelli-glamdring-spada-gandalf\/","og_site_name":"R\u00e9plique Manga Cin\u00e9","article_publisher":"https:\/\/www.facebook.com\/RepliqueMangaCine","article_modified_time":"2026-02-16T14:46:15+00:00","og_image":[{"width":800,"height":800,"url":"https:\/\/repliquemangacine.fr\/wp-content\/uploads\/2023\/10\/epee-gandalf-.jpg","type":"image\/jpeg"}],"twitter_card":"summary_large_image","twitter_misc":{"Tempo di lettura stimato":"2 minuti"},"schema":{"@context":"https:\/\/schema.org","@graph":[{"@type":"WebPage","@id":"https:\/\/repliquemangacine.fr\/epees-the-hobbit\/epee-de-gandalf-glamdring-le-seigneur-des-anneaux\/","url":"https:\/\/repliquemangacine.fr\/epees-the-hobbit\/epee-de-gandalf-glamdring-le-seigneur-des-anneaux\/","name":"Spada di Gandalf Glamdring - Il Signore degli Anelli | RMC","isPartOf":{"@id":"https:\/\/repliquemangacine.fr\/#website"},"primaryImageOfPage":{"@id":"https:\/\/repliquemangacine.fr\/epees-the-hobbit\/epee-de-gandalf-glamdring-le-seigneur-des-anneaux\/#primaryimage"},"image":{"@id":"https:\/\/repliquemangacine.fr\/epees-the-hobbit\/epee-de-gandalf-glamdring-le-seigneur-des-anneaux\/#primaryimage"},"thumbnailUrl":"https:\/\/repliquemangacine.fr\/wp-content\/uploads\/2023\/10\/epee-gandalf-.jpg","datePublished":"2021-11-09T15:51:30+00:00","dateModified":"2026-02-16T14:46:15+00:00","description":"Regalati la spada Gandalf Glamdring del Signore degli Anelli al miglior prezzo - Lama in acciaio - Supporto - Lunghezza: 122 cm - Spedizione 24\/48h","breadcrumb":{"@id":"https:\/\/repliquemangacine.fr\/epees-the-hobbit\/epee-de-gandalf-glamdring-le-seigneur-des-anneaux\/#breadcrumb"},"inLanguage":"it-IT","potentialAction":[{"@type":"ReadAction","target":["https:\/\/repliquemangacine.fr\/epees-the-hobbit\/epee-de-gandalf-glamdring-le-seigneur-des-anneaux\/"]}]},{"@type":"ImageObject","inLanguage":"it-IT","@id":"https:\/\/repliquemangacine.fr\/epees-the-hobbit\/epee-de-gandalf-glamdring-le-seigneur-des-anneaux\/#primaryimage","url":"https:\/\/repliquemangacine.fr\/wp-content\/uploads\/2023\/10\/epee-gandalf-.jpg","contentUrl":"https:\/\/repliquemangacine.fr\/wp-content\/uploads\/2023\/10\/epee-gandalf-.jpg","width":800,"height":800,"caption":"\u00e9p\u00e9e de Gandalf Glamdring"},{"@type":"BreadcrumbList","@id":"https:\/\/repliquemangacine.fr\/epees-the-hobbit\/epee-de-gandalf-glamdring-le-seigneur-des-anneaux\/#breadcrumb","itemListElement":[{"@type":"ListItem","position":1,"name":"Accueil","item":"https:\/\/repliquemangacine.fr\/"},{"@type":"ListItem","position":2,"name":"Produits","item":"https:\/\/repliquemangacine.fr\/boutique\/"},{"@type":"ListItem","position":3,"name":"Ep\u00e9e de Gandalf Glamdring &#8211; LOTR"}]},{"@type":"WebSite","@id":"https:\/\/repliquemangacine.fr\/#website","url":"https:\/\/repliquemangacine.fr\/","name":"R\u00e9plique Manga Cin\u00e9","description":"","publisher":{"@id":"https:\/\/repliquemangacine.fr\/#organization"},"potentialAction":[{"@type":"SearchAction","target":{"@type":"EntryPoint","urlTemplate":"https:\/\/repliquemangacine.fr\/?s={search_term_string}"},"query-input":{"@type":"PropertyValueSpecification","valueRequired":true,"valueName":"search_term_string"}}],"inLanguage":"it-IT"},{"@type":"Organization","@id":"https:\/\/repliquemangacine.fr\/#organization","name":"R\u00e9plique Manga Cin\u00e9","url":"https:\/\/repliquemangacine.fr\/","logo":{"@type":"ImageObject","inLanguage":"it-IT","@id":"https:\/\/repliquemangacine.fr\/#\/schema\/logo\/image\/","url":"https:\/\/repliquemangacine.fr\/wp-content\/uploads\/2023\/10\/RMC-500250.png","contentUrl":"https:\/\/repliquemangacine.fr\/wp-content\/uploads\/2023\/10\/RMC-500250.png","width":500,"height":250,"caption":"R\u00e9plique Manga Cin\u00e9"},"image":{"@id":"https:\/\/repliquemangacine.fr\/#\/schema\/logo\/image\/"},"sameAs":["https:\/\/www.facebook.com\/RepliqueMangaCine","https:\/\/www.instagram.com\/repliquemangacine.fr\/"]}]}},"_links":{"self":[{"href":"https:\/\/repliquemangacine.fr\/it\/wp-json\/wp\/v2\/product\/44267","targetHints":{"allow":["GET"]}}],"collection":[{"href":"https:\/\/repliquemangacine.fr\/it\/wp-json\/wp\/v2\/product"}],"about":[{"href":"https:\/\/repliquemangacine.fr\/it\/wp-json\/wp\/v2\/types\/product"}],"wp:featuredmedia":[{"embeddable":true,"href":"https:\/\/repliquemangacine.fr\/it\/wp-json\/wp\/v2\/media\/44268"}],"wp:attachment":[{"href":"https:\/\/repliquemangacine.fr\/it\/wp-json\/wp\/v2\/media?parent=44267"}],"wp:term":[{"taxonomy":"product_brand","embeddable":true,"href":"https:\/\/repliquemangacine.fr\/it\/wp-json\/wp\/v2\/product_brand?post=44267"},{"taxonomy":"product_cat","embeddable":true,"href":"https:\/\/repliquemangacine.fr\/it\/wp-json\/wp\/v2\/product_cat?post=44267"},{"taxonomy":"product_tag","embeddable":true,"href":"https:\/\/repliquemangacine.fr\/it\/wp-json\/wp\/v2\/product_tag?post=44267"}],"curies":[{"name":"wp","href":"https:\/\/api.w.org\/{rel}","templated":true}]}}