





{"id":44256,"date":"2021-11-09T15:46:41","date_gmt":"2021-11-09T14:46:41","guid":{"rendered":"https:\/\/repliquemangacine.fr\/?post_type=product&#038;p=44256"},"modified":"2025-12-07T15:01:58","modified_gmt":"2025-12-07T14:01:58","slug":"spilla-argent-geralt-de-riv-the-witcher","status":"publish","type":"product","link":"https:\/\/repliquemangacine.fr\/it\/epee-the-witcher\/epee-argent-geralt-de-riv-the-witcher\/","title":{"rendered":"Spada d'argento Geralt de riv The Witcher"},"content":{"rendered":"<h2>Geralt de riv The Witcher spada d'argento.<\/h2>\n<p>Per cominciare, il<strong>Spada d'argento Geralt de riv<\/strong> in The Witcher, \u00e8 alla seconda stagione su Netflix.<\/p>\n<p>Riconosciuto dai professionisti del settore come un gioco eccezionale che riesce ad essere all'altezza delle sue ambizioni. Sono tutti d'accordo sulla qualit\u00e0 narrativa e immersiva del titolo, e molti stanno dedicando <a href=\"https:\/\/witcher.fandom.com\/wiki\/The_Witcher_3:_Wild_Hunt\" target=\"_blank\" rel=\"noopener noreferrer\">The Witcher 3<\/a> come un capolavoro.<\/p>\n<p>Geralt de Riv \u00e8 uno stregone dalle capacit\u00e0 straordinarie, geneticamente modificato da un intenso addestramento fin dall'infanzia. Offre i suoi servizi come cacciatore di mostri, affidandosi alle sue capacit\u00e0 di localizzazione, combattimento e magia.<\/p>\n<p>Porta sulla schiena due spade che fanno parte dell'equipaggiamento della Scuola del Lupo Maestro. Una viene usata per uccidere i mostri e l'altra per uccidere gli umani.<\/p>\n<h2>La tua spada d'argento Geralt de Riv al miglior prezzo.<\/h2>\n<p>Vi proponiamo tutte le battute del gioco The Witcher 3, ma anche della serie The Witcher Netflix.<\/p>\n<p>Innanzitutto,<\/p>\n<ul>\n<li>L'<a href=\"https:\/\/repliquemangacine.fr\/it\/il-cacciatore\/epee-wolf-the-witcher3-geralt-de-riv\/\">Spada del lupo<\/a> utilizzati per uccidere gli esseri umani.<\/li>\n<li>Cos\u00ec come il medaglione indossato da G\u00e9ralt versione <a href=\"https:\/\/repliquemangacine.fr\/it\/il-cacciatore\/portachiavi-wolf-the-witcher\/\">portachiavi<\/a>.<\/li>\n<li>E molti altri da scoprire nel nostro negozio online!<\/li>\n<\/ul>\n<p>Ecco quindi alcune ottime idee regalo per i fan di The Witcher<\/p>\n<p>In conclusione, \u00e8 possibile utilizzare questo <strong>Spada d'argento Geralt de riv<\/strong> per le vostre sfilate cosplay o serate a tema. Ma soprattutto, la Spada di The Witcher \u00e8 anche un oggetto da collezione e un oggetto decorativo.<\/p>\n<p>R\u00e9plique Manga Cin\u00e9 \u00e8 una societ\u00e0 francese<\/p>\n<h2>Come faccio a mantenere la lama della mia spada The Witcher?<\/h2>\n<p>Le spade da collezione e decorative sono realizzate e assemblate in modo semplificato. Poich\u00e9 il loro uso \u00e8 decorativo, non hanno le caratteristiche di sicurezza richieste per una spada giapponese destinata all'allenamento.<\/p>\n<p>Tuttavia, il vostro <strong>Geralt de Riv spada d'argento<\/strong> a una lama d'acciaio che deve essere curata per evitare che si danneggi nel tempo. Quando si espone la katana, gli amici saranno curiosi di vedere la lama e di toccarla. \u00c8 qui che bisogna fare attenzione, perch\u00e9 l'acidit\u00e0 delle dita \u00e8 molto dannosa per l'acciaio, indipendentemente dalla sua qualit\u00e0.<\/p>\n<p>Tuttavia, se ci\u00f2 dovesse accadere, niente panico: basta un panno inumidito con un po' d'olio per eliminare le impronte. In questo modo, la spada durer\u00e0 a lungo.<\/p>\n<p><strong>\u00a0<\/strong><\/p>","protected":false},"excerpt":{"rendered":"<p>Spada ispirata alla serie The Witcher su Netflix.<\/p>\n<ul>\n<li>Elsa e pomo in acciaio massiccio.<\/li>\n<li>Lama in acciaio 440 con scanalatura.<\/li>\n<li>Fodero rivestito in pelle bianca.<\/li>\n<li>Manico in ABS bianco<\/li>\n<li>Lunghezza lama: 90,5 cm - Lunghezza totale: 122 cm<\/li>\n<li>Peso: 1045grs<\/li>\n<\/ul>\n<p><span style=\"color: #ff0000;\"><strong>Il ciondolo con gli occhi rossi viene fornito con questa spada.<\/strong><\/span><\/p>","protected":false},"featured_media":44257,"template":"","meta":[],"product_brand":[896],"product_cat":[23,58],"product_tag":[],"class_list":{"0":"post-44256","1":"product","2":"type-product","3":"status-publish","4":"has-post-thumbnail","6":"product_brand-replique-manga-cine","7":"product_cat-repliques-manga-jeux-video","8":"product_cat-epee-the-witcher","10":"first","11":"instock","12":"sale","13":"taxable","14":"shipping-taxable","15":"purchasable","16":"product-type-simple"},"yoast_head":"<!-- This site is optimized with the Yoast SEO plugin v27.4 - https:\/\/yoast.com\/product\/yoast-seo-wordpress\/ -->\n<title>Ep\u00e9e argent Geralt de riv - The Witcher - Boutique en ligne - RMC<\/title>\n<meta name=\"description\" content=\"Exclusivit\u00e9 ! l&#039;Ep\u00e9e argent Geralt de riv dans The Witcher saison 2 au meilleur prix. Lame acier - Echelle 1\/1 - Longueur : 122 cm - Envoi 24\/48h\" \/>\n<meta name=\"robots\" content=\"index, follow, max-snippet:-1, max-image-preview:large, max-video-preview:-1\" \/>\n<link rel=\"canonical\" href=\"https:\/\/repliquemangacine.fr\/it\/spada-il-cacciatore\/spilla-argent-geralt-de-riv-the-witcher\/\" \/>\n<meta property=\"og:locale\" content=\"it_IT\" \/>\n<meta property=\"og:type\" content=\"article\" \/>\n<meta property=\"og:title\" content=\"Ep\u00e9e argent Geralt de riv - The Witcher - Boutique en ligne - RMC\" \/>\n<meta property=\"og:description\" content=\"Exclusivit\u00e9 ! l&#039;Ep\u00e9e argent Geralt de riv dans The Witcher saison 2 au meilleur prix. Lame acier - Echelle 1\/1 - Longueur : 122 cm - Envoi 24\/48h\" \/>\n<meta property=\"og:url\" content=\"https:\/\/repliquemangacine.fr\/it\/spada-il-cacciatore\/spilla-argent-geralt-de-riv-the-witcher\/\" \/>\n<meta property=\"og:site_name\" content=\"R\u00e9plique Manga Cin\u00e9\" \/>\n<meta property=\"article:publisher\" content=\"https:\/\/www.facebook.com\/RepliqueMangaCine\" \/>\n<meta property=\"article:modified_time\" content=\"2025-12-07T14:01:58+00:00\" \/>\n<meta property=\"og:image\" content=\"https:\/\/repliquemangacine.fr\/wp-content\/uploads\/2023\/10\/epee-the-witcher-lamefourreaublanc.png\" \/>\n\t<meta property=\"og:image:width\" content=\"600\" \/>\n\t<meta property=\"og:image:height\" content=\"600\" \/>\n\t<meta property=\"og:image:type\" content=\"image\/png\" \/>\n<meta name=\"twitter:card\" content=\"summary_large_image\" \/>\n<meta name=\"twitter:label1\" content=\"Tempo di lettura stimato\" \/>\n\t<meta name=\"twitter:data1\" content=\"1 minuto\" \/>\n<script type=\"application\/ld+json\" class=\"yoast-schema-graph\">{\"@context\":\"https:\\\/\\\/schema.org\",\"@graph\":[{\"@type\":\"WebPage\",\"@id\":\"https:\\\/\\\/repliquemangacine.fr\\\/epee-the-witcher\\\/epee-argent-geralt-de-riv-the-witcher\\\/\",\"url\":\"https:\\\/\\\/repliquemangacine.fr\\\/epee-the-witcher\\\/epee-argent-geralt-de-riv-the-witcher\\\/\",\"name\":\"Ep\u00e9e argent Geralt de riv - The Witcher - Boutique en ligne - RMC\",\"isPartOf\":{\"@id\":\"https:\\\/\\\/repliquemangacine.fr\\\/#website\"},\"primaryImageOfPage\":{\"@id\":\"https:\\\/\\\/repliquemangacine.fr\\\/epee-the-witcher\\\/epee-argent-geralt-de-riv-the-witcher\\\/#primaryimage\"},\"image\":{\"@id\":\"https:\\\/\\\/repliquemangacine.fr\\\/epee-the-witcher\\\/epee-argent-geralt-de-riv-the-witcher\\\/#primaryimage\"},\"thumbnailUrl\":\"https:\\\/\\\/repliquemangacine.fr\\\/wp-content\\\/uploads\\\/2023\\\/10\\\/epee-the-witcher-lamefourreaublanc.png\",\"datePublished\":\"2021-11-09T14:46:41+00:00\",\"dateModified\":\"2025-12-07T14:01:58+00:00\",\"description\":\"Exclusivit\u00e9 ! l'Ep\u00e9e argent Geralt de riv dans The Witcher saison 2 au meilleur prix. Lame acier - Echelle 1\\\/1 - Longueur : 122 cm - Envoi 24\\\/48h\",\"breadcrumb\":{\"@id\":\"https:\\\/\\\/repliquemangacine.fr\\\/epee-the-witcher\\\/epee-argent-geralt-de-riv-the-witcher\\\/#breadcrumb\"},\"inLanguage\":\"it-IT\",\"potentialAction\":[{\"@type\":\"ReadAction\",\"target\":[\"https:\\\/\\\/repliquemangacine.fr\\\/epee-the-witcher\\\/epee-argent-geralt-de-riv-the-witcher\\\/\"]}]},{\"@type\":\"ImageObject\",\"inLanguage\":\"it-IT\",\"@id\":\"https:\\\/\\\/repliquemangacine.fr\\\/epee-the-witcher\\\/epee-argent-geralt-de-riv-the-witcher\\\/#primaryimage\",\"url\":\"https:\\\/\\\/repliquemangacine.fr\\\/wp-content\\\/uploads\\\/2023\\\/10\\\/epee-the-witcher-lamefourreaublanc.png\",\"contentUrl\":\"https:\\\/\\\/repliquemangacine.fr\\\/wp-content\\\/uploads\\\/2023\\\/10\\\/epee-the-witcher-lamefourreaublanc.png\",\"width\":600,\"height\":600,\"caption\":\"Ep\u00e9e argent Geralt de riv The witcher\"},{\"@type\":\"BreadcrumbList\",\"@id\":\"https:\\\/\\\/repliquemangacine.fr\\\/epee-the-witcher\\\/epee-argent-geralt-de-riv-the-witcher\\\/#breadcrumb\",\"itemListElement\":[{\"@type\":\"ListItem\",\"position\":1,\"name\":\"Accueil\",\"item\":\"https:\\\/\\\/repliquemangacine.fr\\\/\"},{\"@type\":\"ListItem\",\"position\":2,\"name\":\"Produits\",\"item\":\"https:\\\/\\\/repliquemangacine.fr\\\/boutique\\\/\"},{\"@type\":\"ListItem\",\"position\":3,\"name\":\"Ep\u00e9e argent Geralt de riv The Witcher\"}]},{\"@type\":\"WebSite\",\"@id\":\"https:\\\/\\\/repliquemangacine.fr\\\/#website\",\"url\":\"https:\\\/\\\/repliquemangacine.fr\\\/\",\"name\":\"R\u00e9plique Manga Cin\u00e9\",\"description\":\"\",\"publisher\":{\"@id\":\"https:\\\/\\\/repliquemangacine.fr\\\/#organization\"},\"potentialAction\":[{\"@type\":\"SearchAction\",\"target\":{\"@type\":\"EntryPoint\",\"urlTemplate\":\"https:\\\/\\\/repliquemangacine.fr\\\/?s={search_term_string}\"},\"query-input\":{\"@type\":\"PropertyValueSpecification\",\"valueRequired\":true,\"valueName\":\"search_term_string\"}}],\"inLanguage\":\"it-IT\"},{\"@type\":\"Organization\",\"@id\":\"https:\\\/\\\/repliquemangacine.fr\\\/#organization\",\"name\":\"R\u00e9plique Manga Cin\u00e9\",\"url\":\"https:\\\/\\\/repliquemangacine.fr\\\/\",\"logo\":{\"@type\":\"ImageObject\",\"inLanguage\":\"it-IT\",\"@id\":\"https:\\\/\\\/repliquemangacine.fr\\\/#\\\/schema\\\/logo\\\/image\\\/\",\"url\":\"https:\\\/\\\/repliquemangacine.fr\\\/wp-content\\\/uploads\\\/2023\\\/10\\\/RMC-500250.png\",\"contentUrl\":\"https:\\\/\\\/repliquemangacine.fr\\\/wp-content\\\/uploads\\\/2023\\\/10\\\/RMC-500250.png\",\"width\":500,\"height\":250,\"caption\":\"R\u00e9plique Manga Cin\u00e9\"},\"image\":{\"@id\":\"https:\\\/\\\/repliquemangacine.fr\\\/#\\\/schema\\\/logo\\\/image\\\/\"},\"sameAs\":[\"https:\\\/\\\/www.facebook.com\\\/RepliqueMangaCine\",\"https:\\\/\\\/www.instagram.com\\\/repliquemangacine.fr\\\/\"]}]}<\/script>\n<!-- \/ Yoast SEO plugin. -->","yoast_head_json":{"title":"Geralt de riv spada d'argento - The Witcher - Negozio online - RMC","description":"Esclusiva La spada d'argento di Geralt de riv in The Witcher stagione 2 al miglior prezzo. Lama in acciaio - Scala 1\/1 - Lunghezza: 122 cm - Spedizione 24\/48h","robots":{"index":"index","follow":"follow","max-snippet":"max-snippet:-1","max-image-preview":"max-image-preview:large","max-video-preview":"max-video-preview:-1"},"canonical":"https:\/\/repliquemangacine.fr\/it\/spada-il-cacciatore\/spilla-argent-geralt-de-riv-the-witcher\/","og_locale":"it_IT","og_type":"article","og_title":"Ep\u00e9e argent Geralt de riv - The Witcher - Boutique en ligne - RMC","og_description":"Exclusivit\u00e9 ! l'Ep\u00e9e argent Geralt de riv dans The Witcher saison 2 au meilleur prix. Lame acier - Echelle 1\/1 - Longueur : 122 cm - Envoi 24\/48h","og_url":"https:\/\/repliquemangacine.fr\/it\/spada-il-cacciatore\/spilla-argent-geralt-de-riv-the-witcher\/","og_site_name":"R\u00e9plique Manga Cin\u00e9","article_publisher":"https:\/\/www.facebook.com\/RepliqueMangaCine","article_modified_time":"2025-12-07T14:01:58+00:00","og_image":[{"width":600,"height":600,"url":"https:\/\/repliquemangacine.fr\/wp-content\/uploads\/2023\/10\/epee-the-witcher-lamefourreaublanc.png","type":"image\/png"}],"twitter_card":"summary_large_image","twitter_misc":{"Tempo di lettura stimato":"1 minuto"},"schema":{"@context":"https:\/\/schema.org","@graph":[{"@type":"WebPage","@id":"https:\/\/repliquemangacine.fr\/epee-the-witcher\/epee-argent-geralt-de-riv-the-witcher\/","url":"https:\/\/repliquemangacine.fr\/epee-the-witcher\/epee-argent-geralt-de-riv-the-witcher\/","name":"Geralt de riv spada d'argento - The Witcher - Negozio online - RMC","isPartOf":{"@id":"https:\/\/repliquemangacine.fr\/#website"},"primaryImageOfPage":{"@id":"https:\/\/repliquemangacine.fr\/epee-the-witcher\/epee-argent-geralt-de-riv-the-witcher\/#primaryimage"},"image":{"@id":"https:\/\/repliquemangacine.fr\/epee-the-witcher\/epee-argent-geralt-de-riv-the-witcher\/#primaryimage"},"thumbnailUrl":"https:\/\/repliquemangacine.fr\/wp-content\/uploads\/2023\/10\/epee-the-witcher-lamefourreaublanc.png","datePublished":"2021-11-09T14:46:41+00:00","dateModified":"2025-12-07T14:01:58+00:00","description":"Esclusiva La spada d'argento di Geralt de riv in The Witcher stagione 2 al miglior prezzo. Lama in acciaio - Scala 1\/1 - Lunghezza: 122 cm - Spedizione 24\/48h","breadcrumb":{"@id":"https:\/\/repliquemangacine.fr\/epee-the-witcher\/epee-argent-geralt-de-riv-the-witcher\/#breadcrumb"},"inLanguage":"it-IT","potentialAction":[{"@type":"ReadAction","target":["https:\/\/repliquemangacine.fr\/epee-the-witcher\/epee-argent-geralt-de-riv-the-witcher\/"]}]},{"@type":"ImageObject","inLanguage":"it-IT","@id":"https:\/\/repliquemangacine.fr\/epee-the-witcher\/epee-argent-geralt-de-riv-the-witcher\/#primaryimage","url":"https:\/\/repliquemangacine.fr\/wp-content\/uploads\/2023\/10\/epee-the-witcher-lamefourreaublanc.png","contentUrl":"https:\/\/repliquemangacine.fr\/wp-content\/uploads\/2023\/10\/epee-the-witcher-lamefourreaublanc.png","width":600,"height":600,"caption":"Ep\u00e9e argent Geralt de riv The witcher"},{"@type":"BreadcrumbList","@id":"https:\/\/repliquemangacine.fr\/epee-the-witcher\/epee-argent-geralt-de-riv-the-witcher\/#breadcrumb","itemListElement":[{"@type":"ListItem","position":1,"name":"Accueil","item":"https:\/\/repliquemangacine.fr\/"},{"@type":"ListItem","position":2,"name":"Produits","item":"https:\/\/repliquemangacine.fr\/boutique\/"},{"@type":"ListItem","position":3,"name":"Ep\u00e9e argent Geralt de riv The Witcher"}]},{"@type":"WebSite","@id":"https:\/\/repliquemangacine.fr\/#website","url":"https:\/\/repliquemangacine.fr\/","name":"R\u00e9plique Manga Cin\u00e9","description":"","publisher":{"@id":"https:\/\/repliquemangacine.fr\/#organization"},"potentialAction":[{"@type":"SearchAction","target":{"@type":"EntryPoint","urlTemplate":"https:\/\/repliquemangacine.fr\/?s={search_term_string}"},"query-input":{"@type":"PropertyValueSpecification","valueRequired":true,"valueName":"search_term_string"}}],"inLanguage":"it-IT"},{"@type":"Organization","@id":"https:\/\/repliquemangacine.fr\/#organization","name":"R\u00e9plique Manga Cin\u00e9","url":"https:\/\/repliquemangacine.fr\/","logo":{"@type":"ImageObject","inLanguage":"it-IT","@id":"https:\/\/repliquemangacine.fr\/#\/schema\/logo\/image\/","url":"https:\/\/repliquemangacine.fr\/wp-content\/uploads\/2023\/10\/RMC-500250.png","contentUrl":"https:\/\/repliquemangacine.fr\/wp-content\/uploads\/2023\/10\/RMC-500250.png","width":500,"height":250,"caption":"R\u00e9plique Manga Cin\u00e9"},"image":{"@id":"https:\/\/repliquemangacine.fr\/#\/schema\/logo\/image\/"},"sameAs":["https:\/\/www.facebook.com\/RepliqueMangaCine","https:\/\/www.instagram.com\/repliquemangacine.fr\/"]}]}},"_links":{"self":[{"href":"https:\/\/repliquemangacine.fr\/it\/wp-json\/wp\/v2\/product\/44256","targetHints":{"allow":["GET"]}}],"collection":[{"href":"https:\/\/repliquemangacine.fr\/it\/wp-json\/wp\/v2\/product"}],"about":[{"href":"https:\/\/repliquemangacine.fr\/it\/wp-json\/wp\/v2\/types\/product"}],"wp:featuredmedia":[{"embeddable":true,"href":"https:\/\/repliquemangacine.fr\/it\/wp-json\/wp\/v2\/media\/44257"}],"wp:attachment":[{"href":"https:\/\/repliquemangacine.fr\/it\/wp-json\/wp\/v2\/media?parent=44256"}],"wp:term":[{"taxonomy":"product_brand","embeddable":true,"href":"https:\/\/repliquemangacine.fr\/it\/wp-json\/wp\/v2\/product_brand?post=44256"},{"taxonomy":"product_cat","embeddable":true,"href":"https:\/\/repliquemangacine.fr\/it\/wp-json\/wp\/v2\/product_cat?post=44256"},{"taxonomy":"product_tag","embeddable":true,"href":"https:\/\/repliquemangacine.fr\/it\/wp-json\/wp\/v2\/product_tag?post=44256"}],"curies":[{"name":"wp","href":"https:\/\/api.w.org\/{rel}","templated":true}]}}