





{"id":43344,"date":"2021-10-04T13:15:48","date_gmt":"2021-10-04T11:15:48","guid":{"rendered":"https:\/\/repliquemangacine.fr\/?post_type=product&#038;p=43344"},"modified":"2026-04-15T12:56:15","modified_gmt":"2026-04-15T10:56:15","slug":"1807-carabina-napoleonica-a-pietra-focaia","status":"publish","type":"product","link":"https:\/\/repliquemangacine.fr\/it\/replique-d-armes-1er-empire\/fusil-napoleonien-1807-carabine-a-silex\/","title":{"rendered":"Fucile Napoleone 1807"},"content":{"rendered":"<h2>Fucile napoleonico 1807 Denix<\/h2>\n<p>Per cominciare, il <strong>Fucile napoleonico 1807<\/strong> \u00e8 un'arma progettata durante il regno di Luigi XVI dall'ingegnere Gribeauval. \u00c8 stata ampiamente utilizzata nei teatri militari europei (Rivoluzione francese, guerre napoleoniche). La longevit\u00e0 di quest'arma la dice lunga sulle sue qualit\u00e0. Prodotta fino al 1822, ne furono prodotti 2 milioni di esemplari, che equipaggiarono tutti i fanti del 1\u00b0 Impero.<\/p>\n<p>Le armi a scintilla erano dotate di una pietra focaia o selce che, quando veniva azionata dal martello, produceva la scintilla che accendeva la polvere da sparo. Va detto che questo tipo di armi richiedeva la ricarica manuale delle munizioni dopo ogni colpo.<\/p>\n<p>Infine, questa versione \u00e8 stata utilizzata in diversi film in scene di battaglia di fanteria.<\/p>\n<h2>Il vostro fucile napoleonico 1807 al miglior prezzo.<\/h2>\n<p>Offriamo un'ampia gamma di riproduzioni di armi storiche.<\/p>\n<p>Innanzitutto,<\/p>\n<ul>\n<li>Riproduzione a grandezza naturale del moschetto Land Pattern.<a href=\"https:\/\/repliquemangacine.fr\/it\/armi-replica-1-impero\/fucile-brown-bess-1722-land-pattern-denix\/\">Brown Bess 1722<\/a>.<\/li>\n<li>C'\u00e8 anche il lungo <a href=\"https:\/\/repliquemangacine.fr\/it\/armi-replica-1-impero\/fucile-charleville-1806-con-baionetta\/\">Fusil Fran\u00e7ais Charleville<\/a> con la baionetta.<\/li>\n<li>Cos\u00ec come il <a href=\"https:\/\/repliquemangacine.fr\/it\/fucile-antico\/fucile-denix-modello-1860-modello-p61\/\">Modello di fucile P61<\/a>Fucile Enfield inglese, versione corta.<\/li>\n<li>E molti altri da scoprire nel nostro negozio online!<\/li>\n<\/ul>\n<p>Ecco perch\u00e9 questa \u00e8 un'ottima idea regalo per tutti gli amanti delle armi storiche.<\/p>\n<p>In conclusione, \u00e8 possibile utilizzare questo <strong>Fucile napoleonico 1807<\/strong> per le vostre rievocazioni storiche. Ma soprattutto, quest'arma \u00e8 un oggetto da collezione e un pezzo decorativo.<\/p>\n<p>R\u00e9plique Manga Cin\u00e9 \u00e8 un'azienda francese e distributore ufficiale del marchio <a href=\"https:\/\/www.denix.fr\/fr\/catalogue\/armes-historiques-s-xvi-xix\/carabines-carabines-et-fusils\/1080-l\/\" target=\"_blank\" rel=\"noopener noreferrer\">Denix<\/a>.<\/p>\n<h2>Come vengono realizzate le repliche delle armi Denix?<\/h2>\n<p>Utilizzate in rievocazioni storiche, film, serie e dai collezionisti. Le riproduzioni Denix sono realizzate con materiali di alta qualit\u00e0. Sono accuratamente lavorate e assemblate per creare armi realistiche da collezione.<\/p>\n<ul>\n<li>I metalli sono in una lega metallica nota come Zamac, la cui composizione di base \u00e8 zinco in 95%.<\/li>\n<li>Le parti in plastica delle repliche sono realizzate in ABS stampato, che offre una grande resistenza.<\/li>\n<li>Il legno scelto per la sua bellezza e durata, come il mogano, l'ulivo o il noce, conferir\u00e0 ai mozziconi e alle botti un aspetto elegante e autentico.<\/li>\n<\/ul>\n<p>Va sottolineato che tutte le riproduzioni Denix sono identiche agli originali, come il vostro <strong>Fucile napoleonico 1807<\/strong>.<\/p>","protected":false},"excerpt":{"rendered":"<p>Identica all'originale, questa \u00e8 una riproduzione a grandezza naturale del fucile francese del periodo napoleonico 1806.<\/p>\n<ul>\n<li>Calcio e canna in legno massiccio.<\/li>\n<li>Meccanismo e canna in Zamac.<\/li>\n<li>Armi e scioperi.<\/li>\n<li>Non idoneo a sparare.<\/li>\n<li>Non \u00e8 richiesta alcuna autorizzazione. Vendita e possesso gratuiti<\/li>\n<li>Dimensioni: 110 cm - Peso: 2000 grammi<\/li>\n<\/ul>","protected":false},"featured_media":43345,"template":"","meta":[],"product_brand":[896],"product_cat":[25,102,55,37,83,28,833],"product_tag":[],"class_list":{"0":"post-43344","1":"product","2":"type-product","3":"status-publish","4":"has-post-thumbnail","6":"product_brand-replique-manga-cine","7":"product_cat-armes-historiques","8":"product_cat-denix","9":"product_cat-fusil-ancien","10":"product_cat-premier-empire","11":"product_cat-replique-d-armes-1er-empire","12":"product_cat-repliques-darmes","13":"product_cat-repliques-darmes-napoleon","15":"first","16":"instock","17":"sale","18":"taxable","19":"shipping-taxable","20":"purchasable","21":"product-type-simple"},"yoast_head":"<!-- This site is optimized with the Yoast SEO plugin v27.4 - https:\/\/yoast.com\/product\/yoast-seo-wordpress\/ -->\n<title>Fusil Napol\u00e9onien 1807 - R\u00e9plique Denix - R\u00e9plique Manga Cin\u00e9<\/title>\n<meta name=\"description\" content=\"D\u00e9couvrez le Fusil Napol\u00e9onien 1807 D\u00e9nix au meilleur prix - En bois massif et zamac - M\u00e9canisme de simulation - Longueur totale : 110 cm - Poids\u00a0: 2 kg\" \/>\n<meta name=\"robots\" content=\"index, follow, max-snippet:-1, max-image-preview:large, max-video-preview:-1\" \/>\n<link rel=\"canonical\" href=\"https:\/\/repliquemangacine.fr\/it\/armi-replica-1-impero\/1807-carabina-napoleonica-a-pietra-focaia\/\" \/>\n<meta property=\"og:locale\" content=\"it_IT\" \/>\n<meta property=\"og:type\" content=\"article\" \/>\n<meta property=\"og:title\" content=\"Fusil Napol\u00e9onien 1807 - R\u00e9plique Denix - R\u00e9plique Manga Cin\u00e9\" \/>\n<meta property=\"og:description\" content=\"D\u00e9couvrez le Fusil Napol\u00e9onien 1807 D\u00e9nix au meilleur prix - En bois massif et zamac - M\u00e9canisme de simulation - Longueur totale : 110 cm - Poids\u00a0: 2 kg\" \/>\n<meta property=\"og:url\" content=\"https:\/\/repliquemangacine.fr\/it\/armi-replica-1-impero\/1807-carabina-napoleonica-a-pietra-focaia\/\" \/>\n<meta property=\"og:site_name\" content=\"R\u00e9plique Manga Cin\u00e9\" \/>\n<meta property=\"article:publisher\" content=\"https:\/\/www.facebook.com\/RepliqueMangaCine\" \/>\n<meta property=\"article:modified_time\" content=\"2026-04-15T10:56:15+00:00\" \/>\n<meta property=\"og:image\" content=\"https:\/\/repliquemangacine.fr\/wp-content\/uploads\/2023\/10\/fusil-napoleon.jpg\" \/>\n\t<meta property=\"og:image:width\" content=\"800\" \/>\n\t<meta property=\"og:image:height\" content=\"800\" \/>\n\t<meta property=\"og:image:type\" content=\"image\/jpeg\" \/>\n<meta name=\"twitter:card\" content=\"summary_large_image\" \/>\n<meta name=\"twitter:label1\" content=\"Tempo di lettura stimato\" \/>\n\t<meta name=\"twitter:data1\" content=\"2 minuti\" \/>\n<script type=\"application\/ld+json\" class=\"yoast-schema-graph\">{\"@context\":\"https:\\\/\\\/schema.org\",\"@graph\":[{\"@type\":\"WebPage\",\"@id\":\"https:\\\/\\\/repliquemangacine.fr\\\/replique-d-armes-1er-empire\\\/fusil-napoleonien-1807-carabine-a-silex\\\/\",\"url\":\"https:\\\/\\\/repliquemangacine.fr\\\/replique-d-armes-1er-empire\\\/fusil-napoleonien-1807-carabine-a-silex\\\/\",\"name\":\"Fusil Napol\u00e9onien 1807 - R\u00e9plique Denix - R\u00e9plique Manga Cin\u00e9\",\"isPartOf\":{\"@id\":\"https:\\\/\\\/repliquemangacine.fr\\\/#website\"},\"primaryImageOfPage\":{\"@id\":\"https:\\\/\\\/repliquemangacine.fr\\\/replique-d-armes-1er-empire\\\/fusil-napoleonien-1807-carabine-a-silex\\\/#primaryimage\"},\"image\":{\"@id\":\"https:\\\/\\\/repliquemangacine.fr\\\/replique-d-armes-1er-empire\\\/fusil-napoleonien-1807-carabine-a-silex\\\/#primaryimage\"},\"thumbnailUrl\":\"https:\\\/\\\/repliquemangacine.fr\\\/wp-content\\\/uploads\\\/2023\\\/10\\\/fusil-napoleon.jpg\",\"datePublished\":\"2021-10-04T11:15:48+00:00\",\"dateModified\":\"2026-04-15T10:56:15+00:00\",\"description\":\"D\u00e9couvrez le Fusil Napol\u00e9onien 1807 D\u00e9nix au meilleur prix - En bois massif et zamac - M\u00e9canisme de simulation - Longueur totale : 110 cm - Poids\u00a0: 2 kg\",\"breadcrumb\":{\"@id\":\"https:\\\/\\\/repliquemangacine.fr\\\/replique-d-armes-1er-empire\\\/fusil-napoleonien-1807-carabine-a-silex\\\/#breadcrumb\"},\"inLanguage\":\"it-IT\",\"potentialAction\":[{\"@type\":\"ReadAction\",\"target\":[\"https:\\\/\\\/repliquemangacine.fr\\\/replique-d-armes-1er-empire\\\/fusil-napoleonien-1807-carabine-a-silex\\\/\"]}]},{\"@type\":\"ImageObject\",\"inLanguage\":\"it-IT\",\"@id\":\"https:\\\/\\\/repliquemangacine.fr\\\/replique-d-armes-1er-empire\\\/fusil-napoleonien-1807-carabine-a-silex\\\/#primaryimage\",\"url\":\"https:\\\/\\\/repliquemangacine.fr\\\/wp-content\\\/uploads\\\/2023\\\/10\\\/fusil-napoleon.jpg\",\"contentUrl\":\"https:\\\/\\\/repliquemangacine.fr\\\/wp-content\\\/uploads\\\/2023\\\/10\\\/fusil-napoleon.jpg\",\"width\":800,\"height\":800,\"caption\":\"fusil napoleon 1807 a \u00e9tincelles\"},{\"@type\":\"BreadcrumbList\",\"@id\":\"https:\\\/\\\/repliquemangacine.fr\\\/replique-d-armes-1er-empire\\\/fusil-napoleonien-1807-carabine-a-silex\\\/#breadcrumb\",\"itemListElement\":[{\"@type\":\"ListItem\",\"position\":1,\"name\":\"Accueil\",\"item\":\"https:\\\/\\\/repliquemangacine.fr\\\/\"},{\"@type\":\"ListItem\",\"position\":2,\"name\":\"Produits\",\"item\":\"https:\\\/\\\/repliquemangacine.fr\\\/boutique\\\/\"},{\"@type\":\"ListItem\",\"position\":3,\"name\":\"Fusil Napol\u00e9on 1807\"}]},{\"@type\":\"WebSite\",\"@id\":\"https:\\\/\\\/repliquemangacine.fr\\\/#website\",\"url\":\"https:\\\/\\\/repliquemangacine.fr\\\/\",\"name\":\"R\u00e9plique Manga Cin\u00e9\",\"description\":\"\",\"publisher\":{\"@id\":\"https:\\\/\\\/repliquemangacine.fr\\\/#organization\"},\"potentialAction\":[{\"@type\":\"SearchAction\",\"target\":{\"@type\":\"EntryPoint\",\"urlTemplate\":\"https:\\\/\\\/repliquemangacine.fr\\\/?s={search_term_string}\"},\"query-input\":{\"@type\":\"PropertyValueSpecification\",\"valueRequired\":true,\"valueName\":\"search_term_string\"}}],\"inLanguage\":\"it-IT\"},{\"@type\":\"Organization\",\"@id\":\"https:\\\/\\\/repliquemangacine.fr\\\/#organization\",\"name\":\"R\u00e9plique Manga Cin\u00e9\",\"url\":\"https:\\\/\\\/repliquemangacine.fr\\\/\",\"logo\":{\"@type\":\"ImageObject\",\"inLanguage\":\"it-IT\",\"@id\":\"https:\\\/\\\/repliquemangacine.fr\\\/#\\\/schema\\\/logo\\\/image\\\/\",\"url\":\"https:\\\/\\\/repliquemangacine.fr\\\/wp-content\\\/uploads\\\/2023\\\/10\\\/RMC-500250.png\",\"contentUrl\":\"https:\\\/\\\/repliquemangacine.fr\\\/wp-content\\\/uploads\\\/2023\\\/10\\\/RMC-500250.png\",\"width\":500,\"height\":250,\"caption\":\"R\u00e9plique Manga Cin\u00e9\"},\"image\":{\"@id\":\"https:\\\/\\\/repliquemangacine.fr\\\/#\\\/schema\\\/logo\\\/image\\\/\"},\"sameAs\":[\"https:\\\/\\\/www.facebook.com\\\/RepliqueMangaCine\",\"https:\\\/\\\/www.instagram.com\\\/repliquemangacine.fr\\\/\"]}]}<\/script>\n<!-- \/ Yoast SEO plugin. -->","yoast_head_json":{"title":"Fucile napoleonico 1807 - replica Denix - R\u00e9plique Manga Cin\u00e9","description":"Scopri il fucile napoleonico 1807 D\u00e9nix al miglior prezzo - Legno massiccio e zamac - Meccanismo di simulazione - Lunghezza totale: 110 cm - Peso: 2 kg","robots":{"index":"index","follow":"follow","max-snippet":"max-snippet:-1","max-image-preview":"max-image-preview:large","max-video-preview":"max-video-preview:-1"},"canonical":"https:\/\/repliquemangacine.fr\/it\/armi-replica-1-impero\/1807-carabina-napoleonica-a-pietra-focaia\/","og_locale":"it_IT","og_type":"article","og_title":"Fusil Napol\u00e9onien 1807 - R\u00e9plique Denix - R\u00e9plique Manga Cin\u00e9","og_description":"D\u00e9couvrez le Fusil Napol\u00e9onien 1807 D\u00e9nix au meilleur prix - En bois massif et zamac - M\u00e9canisme de simulation - Longueur totale : 110 cm - Poids\u00a0: 2 kg","og_url":"https:\/\/repliquemangacine.fr\/it\/armi-replica-1-impero\/1807-carabina-napoleonica-a-pietra-focaia\/","og_site_name":"R\u00e9plique Manga Cin\u00e9","article_publisher":"https:\/\/www.facebook.com\/RepliqueMangaCine","article_modified_time":"2026-04-15T10:56:15+00:00","og_image":[{"width":800,"height":800,"url":"https:\/\/repliquemangacine.fr\/wp-content\/uploads\/2023\/10\/fusil-napoleon.jpg","type":"image\/jpeg"}],"twitter_card":"summary_large_image","twitter_misc":{"Tempo di lettura stimato":"2 minuti"},"schema":{"@context":"https:\/\/schema.org","@graph":[{"@type":"WebPage","@id":"https:\/\/repliquemangacine.fr\/replique-d-armes-1er-empire\/fusil-napoleonien-1807-carabine-a-silex\/","url":"https:\/\/repliquemangacine.fr\/replique-d-armes-1er-empire\/fusil-napoleonien-1807-carabine-a-silex\/","name":"Fucile napoleonico 1807 - replica Denix - R\u00e9plique Manga Cin\u00e9","isPartOf":{"@id":"https:\/\/repliquemangacine.fr\/#website"},"primaryImageOfPage":{"@id":"https:\/\/repliquemangacine.fr\/replique-d-armes-1er-empire\/fusil-napoleonien-1807-carabine-a-silex\/#primaryimage"},"image":{"@id":"https:\/\/repliquemangacine.fr\/replique-d-armes-1er-empire\/fusil-napoleonien-1807-carabine-a-silex\/#primaryimage"},"thumbnailUrl":"https:\/\/repliquemangacine.fr\/wp-content\/uploads\/2023\/10\/fusil-napoleon.jpg","datePublished":"2021-10-04T11:15:48+00:00","dateModified":"2026-04-15T10:56:15+00:00","description":"Scopri il fucile napoleonico 1807 D\u00e9nix al miglior prezzo - Legno massiccio e zamac - Meccanismo di simulazione - Lunghezza totale: 110 cm - Peso: 2 kg","breadcrumb":{"@id":"https:\/\/repliquemangacine.fr\/replique-d-armes-1er-empire\/fusil-napoleonien-1807-carabine-a-silex\/#breadcrumb"},"inLanguage":"it-IT","potentialAction":[{"@type":"ReadAction","target":["https:\/\/repliquemangacine.fr\/replique-d-armes-1er-empire\/fusil-napoleonien-1807-carabine-a-silex\/"]}]},{"@type":"ImageObject","inLanguage":"it-IT","@id":"https:\/\/repliquemangacine.fr\/replique-d-armes-1er-empire\/fusil-napoleonien-1807-carabine-a-silex\/#primaryimage","url":"https:\/\/repliquemangacine.fr\/wp-content\/uploads\/2023\/10\/fusil-napoleon.jpg","contentUrl":"https:\/\/repliquemangacine.fr\/wp-content\/uploads\/2023\/10\/fusil-napoleon.jpg","width":800,"height":800,"caption":"fusil napoleon 1807 a \u00e9tincelles"},{"@type":"BreadcrumbList","@id":"https:\/\/repliquemangacine.fr\/replique-d-armes-1er-empire\/fusil-napoleonien-1807-carabine-a-silex\/#breadcrumb","itemListElement":[{"@type":"ListItem","position":1,"name":"Accueil","item":"https:\/\/repliquemangacine.fr\/"},{"@type":"ListItem","position":2,"name":"Produits","item":"https:\/\/repliquemangacine.fr\/boutique\/"},{"@type":"ListItem","position":3,"name":"Fusil Napol\u00e9on 1807"}]},{"@type":"WebSite","@id":"https:\/\/repliquemangacine.fr\/#website","url":"https:\/\/repliquemangacine.fr\/","name":"R\u00e9plique Manga Cin\u00e9","description":"","publisher":{"@id":"https:\/\/repliquemangacine.fr\/#organization"},"potentialAction":[{"@type":"SearchAction","target":{"@type":"EntryPoint","urlTemplate":"https:\/\/repliquemangacine.fr\/?s={search_term_string}"},"query-input":{"@type":"PropertyValueSpecification","valueRequired":true,"valueName":"search_term_string"}}],"inLanguage":"it-IT"},{"@type":"Organization","@id":"https:\/\/repliquemangacine.fr\/#organization","name":"R\u00e9plique Manga Cin\u00e9","url":"https:\/\/repliquemangacine.fr\/","logo":{"@type":"ImageObject","inLanguage":"it-IT","@id":"https:\/\/repliquemangacine.fr\/#\/schema\/logo\/image\/","url":"https:\/\/repliquemangacine.fr\/wp-content\/uploads\/2023\/10\/RMC-500250.png","contentUrl":"https:\/\/repliquemangacine.fr\/wp-content\/uploads\/2023\/10\/RMC-500250.png","width":500,"height":250,"caption":"R\u00e9plique Manga Cin\u00e9"},"image":{"@id":"https:\/\/repliquemangacine.fr\/#\/schema\/logo\/image\/"},"sameAs":["https:\/\/www.facebook.com\/RepliqueMangaCine","https:\/\/www.instagram.com\/repliquemangacine.fr\/"]}]}},"_links":{"self":[{"href":"https:\/\/repliquemangacine.fr\/it\/wp-json\/wp\/v2\/product\/43344","targetHints":{"allow":["GET"]}}],"collection":[{"href":"https:\/\/repliquemangacine.fr\/it\/wp-json\/wp\/v2\/product"}],"about":[{"href":"https:\/\/repliquemangacine.fr\/it\/wp-json\/wp\/v2\/types\/product"}],"wp:featuredmedia":[{"embeddable":true,"href":"https:\/\/repliquemangacine.fr\/it\/wp-json\/wp\/v2\/media\/43345"}],"wp:attachment":[{"href":"https:\/\/repliquemangacine.fr\/it\/wp-json\/wp\/v2\/media?parent=43344"}],"wp:term":[{"taxonomy":"product_brand","embeddable":true,"href":"https:\/\/repliquemangacine.fr\/it\/wp-json\/wp\/v2\/product_brand?post=43344"},{"taxonomy":"product_cat","embeddable":true,"href":"https:\/\/repliquemangacine.fr\/it\/wp-json\/wp\/v2\/product_cat?post=43344"},{"taxonomy":"product_tag","embeddable":true,"href":"https:\/\/repliquemangacine.fr\/it\/wp-json\/wp\/v2\/product_tag?post=43344"}],"curies":[{"name":"wp","href":"https:\/\/api.w.org\/{rel}","templated":true}]}}