





{"id":43263,"date":"2021-09-30T16:42:47","date_gmt":"2021-09-30T14:42:47","guid":{"rendered":"https:\/\/repliquemangacine.fr\/?post_type=product&#038;p=43263"},"modified":"2026-01-30T12:22:01","modified_gmt":"2026-01-30T11:22:01","slug":"fucile-denix-modello-1860-modello-p61","status":"publish","type":"product","link":"https:\/\/repliquemangacine.fr\/it\/fusil-ancien\/fusil-pattern-1860-denix-modele-p61\/","title":{"rendered":"Fucile Enfield modello 1860"},"content":{"rendered":"<h2>Fucile Enfield Pattern 1860 modello P61 - Denix<\/h2>\n<p>Per cominciare, il fucile Enfield Pattern 1860 Modello P61, una versione corta del fucile Modello 1853. Utilizzato dalle unit\u00e0 di artiglieria per la difesa personale nell'Impero britannico.<\/p>\n<p>Il fucile militare britannico Enfield Pattern 1853 era un moschetto fucile prodotto dal Royal Enfield Arsenal tra il 1853 e il 1867. Conosciuto anche come P53 Enfield e Enfield Rifle-Musket, era, come i fucili utilizzati da molte potenze dell'epoca, un derivato del fucile francese Mini\u00e9 del 1850. Sostitu\u00ec il famoso moschetto Brown Bess.<\/p>\n<p>Durante la guerra civile americana, il fucile Enfield P. 1853 fu acquistato in gran numero da entrambe le parti e utilizzato da entrambe le parti. Fu il secondo fucile militare pi\u00f9 utilizzato dopo lo Springfield Modello 1861.<\/p>\n<h2>Il vostro fucile Enfield Pattern 1860 al miglior prezzo.<\/h2>\n<p>Offriamo un'ampia gamma di riproduzioni di armi storiche.<\/p>\n<p>Innanzitutto,<\/p>\n<ul>\n<li>Riproduzione a grandezza naturale del moschetto Land Pattern.<a href=\"https:\/\/repliquemangacine.fr\/it\/armi-replica-1-impero\/fucile-brown-bess-1722-land-pattern-denix\/\">Brown Bess 1722<\/a> con la baionetta.<\/li>\n<li>Cos\u00ec come il<a href=\"https:\/\/repliquemangacine.fr\/it\/armi-replica-1-impero\/fusil-francais-napoleonien-1806-avec-baionnette\/\"> Fucile francese Charleville<\/a> Periodo napoleonico 1806 in dimensioni reali e la sua baionetta anche.<\/li>\n<li>E per esporre le vostre riproduzioni, il <a href=\"https:\/\/repliquemangacine.fr\/it\/accessori-medievali\/staffa-a-parete-per-pistola-e-spada\/\">supporti a parete<\/a> in metallo Denix sono perfetti.<\/li>\n<li>E molti altri da scoprire nel nostro negozio online!<\/li>\n<\/ul>\n<p>Ecco perch\u00e9 questa \u00e8 un'ottima idea regalo per tutti gli amanti delle armi storiche.<\/p>\n<p>In conclusione, \u00e8 possibile utilizzare questo <strong>Fucile Enfield modello 1860<\/strong> per le vostre rievocazioni storiche. Ma soprattutto, quest'arma \u00e8 un oggetto da collezione e un pezzo decorativo.<\/p>\n<p>R\u00e9plique Manga Cin\u00e9 \u00e8 un'azienda francese e distributore ufficiale del marchio <a href=\"https:\/\/www.denix.fr\/fr\/catalogue\/guerre-civile-occidentale-et-americaine-1861-1899\/carabines-carabines-et-fusils\/1046\/\" target=\"_blank\" rel=\"noopener noreferrer\">Denix<\/a>.<\/p>\n<h2>Come vengono realizzate le repliche delle armi Denix?<\/h2>\n<p>Utilizzate in rievocazioni storiche, film, serie e dai collezionisti. Le riproduzioni Denix sono realizzate con materiali di alta qualit\u00e0. Sono accuratamente lavorate e assemblate per creare armi realistiche da collezione.<\/p>\n<ul>\n<li>I metalli sono in una lega metallica nota come Zamac, la cui composizione di base \u00e8 zinco in 95%.<\/li>\n<li>Le parti in plastica delle repliche sono realizzate in ABS stampato, che offre una grande resistenza.<\/li>\n<li>Il legno scelto per la sua bellezza e durata, come il mogano, l'ulivo o il noce, conferir\u00e0 ai mozziconi e alle botti un aspetto elegante e autentico.<\/li>\n<\/ul>\n<p>Si noti che tutte le riproduzioni Denix sono identiche agli originali, come il vostro <strong>Fucile Enfield modello 1860<\/strong>.<\/p>","protected":false},"excerpt":{"rendered":"<p>Riproduzione a grandezza naturale del fucile inglese Enfield modello 1861.<\/p>\n<ul>\n<li>Calcio e canna in legno massiccio.<\/li>\n<li>Meccanismo e canna in Zamac.<\/li>\n<li>Armi e scioperi.<\/li>\n<li>Non idoneo a sparare.<\/li>\n<li>Non \u00e8 richiesta alcuna autorizzazione. Vendita e possesso gratuiti<\/li>\n<li>Dimensioni: 102 cm - Peso: 2320 grammi<\/li>\n<\/ul>","protected":false},"featured_media":43264,"template":"","meta":[],"product_brand":[896],"product_cat":[102,55,28],"product_tag":[],"class_list":{"0":"post-43263","1":"product","2":"type-product","3":"status-publish","4":"has-post-thumbnail","6":"product_brand-replique-manga-cine","7":"product_cat-denix","8":"product_cat-fusil-ancien","9":"product_cat-repliques-darmes","11":"first","12":"outofstock","13":"sale","14":"taxable","15":"shipping-taxable","16":"purchasable","17":"product-type-simple"},"yoast_head":"<!-- This site is optimized with the Yoast SEO plugin v27.4 - https:\/\/yoast.com\/product\/yoast-seo-wordpress\/ -->\n<title>Fusil Enfield Pattern 1860 - Vente en ligne - R\u00e9plique Manga Cin\u00e9<\/title>\n<meta name=\"description\" content=\"Offrez-lui ! Ce Fusil Enfield Pattern 1860 mod\u00e8le P61au meilleur prix - En m\u00e9tal et bois - M\u00e9canisme de mise \u00e0 feu - Ne tire pas - Longueur : 102 cm\" \/>\n<meta name=\"robots\" content=\"index, follow, max-snippet:-1, max-image-preview:large, max-video-preview:-1\" \/>\n<link rel=\"canonical\" href=\"https:\/\/repliquemangacine.fr\/it\/denix\/fucile-denix-modello-1860-modello-p61\/\" \/>\n<meta property=\"og:locale\" content=\"it_IT\" \/>\n<meta property=\"og:type\" content=\"article\" \/>\n<meta property=\"og:title\" content=\"Fusil Enfield Pattern 1860 - Vente en ligne - R\u00e9plique Manga Cin\u00e9\" \/>\n<meta property=\"og:description\" content=\"Offrez-lui ! Ce Fusil Enfield Pattern 1860 mod\u00e8le P61au meilleur prix - En m\u00e9tal et bois - M\u00e9canisme de mise \u00e0 feu - Ne tire pas - Longueur : 102 cm\" \/>\n<meta property=\"og:url\" content=\"https:\/\/repliquemangacine.fr\/it\/denix\/fucile-denix-modello-1860-modello-p61\/\" \/>\n<meta property=\"og:site_name\" content=\"R\u00e9plique Manga Cin\u00e9\" \/>\n<meta property=\"article:publisher\" content=\"https:\/\/www.facebook.com\/RepliqueMangaCine\" \/>\n<meta property=\"article:modified_time\" content=\"2026-01-30T11:22:01+00:00\" \/>\n<meta property=\"og:image\" content=\"https:\/\/repliquemangacine.fr\/wp-content\/uploads\/2023\/10\/1046.jpg\" \/>\n\t<meta property=\"og:image:width\" content=\"800\" \/>\n\t<meta property=\"og:image:height\" content=\"800\" \/>\n\t<meta property=\"og:image:type\" content=\"image\/jpeg\" \/>\n<meta name=\"twitter:card\" content=\"summary_large_image\" \/>\n<meta name=\"twitter:label1\" content=\"Tempo di lettura stimato\" \/>\n\t<meta name=\"twitter:data1\" content=\"2 minuti\" \/>\n<script type=\"application\/ld+json\" class=\"yoast-schema-graph\">{\"@context\":\"https:\\\/\\\/schema.org\",\"@graph\":[{\"@type\":\"WebPage\",\"@id\":\"https:\\\/\\\/repliquemangacine.fr\\\/denix\\\/fusil-pattern-1860-denix-modele-p61\\\/\",\"url\":\"https:\\\/\\\/repliquemangacine.fr\\\/denix\\\/fusil-pattern-1860-denix-modele-p61\\\/\",\"name\":\"Fusil Enfield Pattern 1860 - Vente en ligne - R\u00e9plique Manga Cin\u00e9\",\"isPartOf\":{\"@id\":\"https:\\\/\\\/repliquemangacine.fr\\\/#website\"},\"primaryImageOfPage\":{\"@id\":\"https:\\\/\\\/repliquemangacine.fr\\\/denix\\\/fusil-pattern-1860-denix-modele-p61\\\/#primaryimage\"},\"image\":{\"@id\":\"https:\\\/\\\/repliquemangacine.fr\\\/denix\\\/fusil-pattern-1860-denix-modele-p61\\\/#primaryimage\"},\"thumbnailUrl\":\"https:\\\/\\\/repliquemangacine.fr\\\/wp-content\\\/uploads\\\/2023\\\/10\\\/1046.jpg\",\"datePublished\":\"2021-09-30T14:42:47+00:00\",\"dateModified\":\"2026-01-30T11:22:01+00:00\",\"description\":\"Offrez-lui ! Ce Fusil Enfield Pattern 1860 mod\u00e8le P61au meilleur prix - En m\u00e9tal et bois - M\u00e9canisme de mise \u00e0 feu - Ne tire pas - Longueur : 102 cm\",\"breadcrumb\":{\"@id\":\"https:\\\/\\\/repliquemangacine.fr\\\/denix\\\/fusil-pattern-1860-denix-modele-p61\\\/#breadcrumb\"},\"inLanguage\":\"it-IT\",\"potentialAction\":[{\"@type\":\"ReadAction\",\"target\":[\"https:\\\/\\\/repliquemangacine.fr\\\/denix\\\/fusil-pattern-1860-denix-modele-p61\\\/\"]}]},{\"@type\":\"ImageObject\",\"inLanguage\":\"it-IT\",\"@id\":\"https:\\\/\\\/repliquemangacine.fr\\\/denix\\\/fusil-pattern-1860-denix-modele-p61\\\/#primaryimage\",\"url\":\"https:\\\/\\\/repliquemangacine.fr\\\/wp-content\\\/uploads\\\/2023\\\/10\\\/1046.jpg\",\"contentUrl\":\"https:\\\/\\\/repliquemangacine.fr\\\/wp-content\\\/uploads\\\/2023\\\/10\\\/1046.jpg\",\"width\":800,\"height\":800,\"caption\":\"Carabine pattern 1860, mod\u00e8le 1861\"},{\"@type\":\"BreadcrumbList\",\"@id\":\"https:\\\/\\\/repliquemangacine.fr\\\/denix\\\/fusil-pattern-1860-denix-modele-p61\\\/#breadcrumb\",\"itemListElement\":[{\"@type\":\"ListItem\",\"position\":1,\"name\":\"Accueil\",\"item\":\"https:\\\/\\\/repliquemangacine.fr\\\/\"},{\"@type\":\"ListItem\",\"position\":2,\"name\":\"Produits\",\"item\":\"https:\\\/\\\/repliquemangacine.fr\\\/boutique\\\/\"},{\"@type\":\"ListItem\",\"position\":3,\"name\":\"Fusil Enfield Pattern 1860\"}]},{\"@type\":\"WebSite\",\"@id\":\"https:\\\/\\\/repliquemangacine.fr\\\/#website\",\"url\":\"https:\\\/\\\/repliquemangacine.fr\\\/\",\"name\":\"R\u00e9plique Manga Cin\u00e9\",\"description\":\"\",\"publisher\":{\"@id\":\"https:\\\/\\\/repliquemangacine.fr\\\/#organization\"},\"potentialAction\":[{\"@type\":\"SearchAction\",\"target\":{\"@type\":\"EntryPoint\",\"urlTemplate\":\"https:\\\/\\\/repliquemangacine.fr\\\/?s={search_term_string}\"},\"query-input\":{\"@type\":\"PropertyValueSpecification\",\"valueRequired\":true,\"valueName\":\"search_term_string\"}}],\"inLanguage\":\"it-IT\"},{\"@type\":\"Organization\",\"@id\":\"https:\\\/\\\/repliquemangacine.fr\\\/#organization\",\"name\":\"R\u00e9plique Manga Cin\u00e9\",\"url\":\"https:\\\/\\\/repliquemangacine.fr\\\/\",\"logo\":{\"@type\":\"ImageObject\",\"inLanguage\":\"it-IT\",\"@id\":\"https:\\\/\\\/repliquemangacine.fr\\\/#\\\/schema\\\/logo\\\/image\\\/\",\"url\":\"https:\\\/\\\/repliquemangacine.fr\\\/wp-content\\\/uploads\\\/2023\\\/10\\\/RMC-500250.png\",\"contentUrl\":\"https:\\\/\\\/repliquemangacine.fr\\\/wp-content\\\/uploads\\\/2023\\\/10\\\/RMC-500250.png\",\"width\":500,\"height\":250,\"caption\":\"R\u00e9plique Manga Cin\u00e9\"},\"image\":{\"@id\":\"https:\\\/\\\/repliquemangacine.fr\\\/#\\\/schema\\\/logo\\\/image\\\/\"},\"sameAs\":[\"https:\\\/\\\/www.facebook.com\\\/RepliqueMangaCine\",\"https:\\\/\\\/www.instagram.com\\\/repliquemangacine.fr\\\/\"]}]}<\/script>\n<!-- \/ Yoast SEO plugin. -->","yoast_head_json":{"title":"Fucile Enfield Pattern 1860 - Vendita online - R\u00e9plique Manga Cin\u00e9","description":"Regalateglielo! Questo fucile Enfield Pattern 1860 modello P61 al miglior prezzo - In metallo e legno - Meccanismo di tiro - Non spara - Lunghezza: 102 cm","robots":{"index":"index","follow":"follow","max-snippet":"max-snippet:-1","max-image-preview":"max-image-preview:large","max-video-preview":"max-video-preview:-1"},"canonical":"https:\/\/repliquemangacine.fr\/it\/denix\/fucile-denix-modello-1860-modello-p61\/","og_locale":"it_IT","og_type":"article","og_title":"Fusil Enfield Pattern 1860 - Vente en ligne - R\u00e9plique Manga Cin\u00e9","og_description":"Offrez-lui ! Ce Fusil Enfield Pattern 1860 mod\u00e8le P61au meilleur prix - En m\u00e9tal et bois - M\u00e9canisme de mise \u00e0 feu - Ne tire pas - Longueur : 102 cm","og_url":"https:\/\/repliquemangacine.fr\/it\/denix\/fucile-denix-modello-1860-modello-p61\/","og_site_name":"R\u00e9plique Manga Cin\u00e9","article_publisher":"https:\/\/www.facebook.com\/RepliqueMangaCine","article_modified_time":"2026-01-30T11:22:01+00:00","og_image":[{"width":800,"height":800,"url":"https:\/\/repliquemangacine.fr\/wp-content\/uploads\/2023\/10\/1046.jpg","type":"image\/jpeg"}],"twitter_card":"summary_large_image","twitter_misc":{"Tempo di lettura stimato":"2 minuti"},"schema":{"@context":"https:\/\/schema.org","@graph":[{"@type":"WebPage","@id":"https:\/\/repliquemangacine.fr\/denix\/fusil-pattern-1860-denix-modele-p61\/","url":"https:\/\/repliquemangacine.fr\/denix\/fusil-pattern-1860-denix-modele-p61\/","name":"Fucile Enfield Pattern 1860 - Vendita online - R\u00e9plique Manga Cin\u00e9","isPartOf":{"@id":"https:\/\/repliquemangacine.fr\/#website"},"primaryImageOfPage":{"@id":"https:\/\/repliquemangacine.fr\/denix\/fusil-pattern-1860-denix-modele-p61\/#primaryimage"},"image":{"@id":"https:\/\/repliquemangacine.fr\/denix\/fusil-pattern-1860-denix-modele-p61\/#primaryimage"},"thumbnailUrl":"https:\/\/repliquemangacine.fr\/wp-content\/uploads\/2023\/10\/1046.jpg","datePublished":"2021-09-30T14:42:47+00:00","dateModified":"2026-01-30T11:22:01+00:00","description":"Regalateglielo! Questo fucile Enfield Pattern 1860 modello P61 al miglior prezzo - In metallo e legno - Meccanismo di tiro - Non spara - Lunghezza: 102 cm","breadcrumb":{"@id":"https:\/\/repliquemangacine.fr\/denix\/fusil-pattern-1860-denix-modele-p61\/#breadcrumb"},"inLanguage":"it-IT","potentialAction":[{"@type":"ReadAction","target":["https:\/\/repliquemangacine.fr\/denix\/fusil-pattern-1860-denix-modele-p61\/"]}]},{"@type":"ImageObject","inLanguage":"it-IT","@id":"https:\/\/repliquemangacine.fr\/denix\/fusil-pattern-1860-denix-modele-p61\/#primaryimage","url":"https:\/\/repliquemangacine.fr\/wp-content\/uploads\/2023\/10\/1046.jpg","contentUrl":"https:\/\/repliquemangacine.fr\/wp-content\/uploads\/2023\/10\/1046.jpg","width":800,"height":800,"caption":"Carabine pattern 1860, mod\u00e8le 1861"},{"@type":"BreadcrumbList","@id":"https:\/\/repliquemangacine.fr\/denix\/fusil-pattern-1860-denix-modele-p61\/#breadcrumb","itemListElement":[{"@type":"ListItem","position":1,"name":"Accueil","item":"https:\/\/repliquemangacine.fr\/"},{"@type":"ListItem","position":2,"name":"Produits","item":"https:\/\/repliquemangacine.fr\/boutique\/"},{"@type":"ListItem","position":3,"name":"Fusil Enfield Pattern 1860"}]},{"@type":"WebSite","@id":"https:\/\/repliquemangacine.fr\/#website","url":"https:\/\/repliquemangacine.fr\/","name":"R\u00e9plique Manga Cin\u00e9","description":"","publisher":{"@id":"https:\/\/repliquemangacine.fr\/#organization"},"potentialAction":[{"@type":"SearchAction","target":{"@type":"EntryPoint","urlTemplate":"https:\/\/repliquemangacine.fr\/?s={search_term_string}"},"query-input":{"@type":"PropertyValueSpecification","valueRequired":true,"valueName":"search_term_string"}}],"inLanguage":"it-IT"},{"@type":"Organization","@id":"https:\/\/repliquemangacine.fr\/#organization","name":"R\u00e9plique Manga Cin\u00e9","url":"https:\/\/repliquemangacine.fr\/","logo":{"@type":"ImageObject","inLanguage":"it-IT","@id":"https:\/\/repliquemangacine.fr\/#\/schema\/logo\/image\/","url":"https:\/\/repliquemangacine.fr\/wp-content\/uploads\/2023\/10\/RMC-500250.png","contentUrl":"https:\/\/repliquemangacine.fr\/wp-content\/uploads\/2023\/10\/RMC-500250.png","width":500,"height":250,"caption":"R\u00e9plique Manga Cin\u00e9"},"image":{"@id":"https:\/\/repliquemangacine.fr\/#\/schema\/logo\/image\/"},"sameAs":["https:\/\/www.facebook.com\/RepliqueMangaCine","https:\/\/www.instagram.com\/repliquemangacine.fr\/"]}]}},"_links":{"self":[{"href":"https:\/\/repliquemangacine.fr\/it\/wp-json\/wp\/v2\/product\/43263","targetHints":{"allow":["GET"]}}],"collection":[{"href":"https:\/\/repliquemangacine.fr\/it\/wp-json\/wp\/v2\/product"}],"about":[{"href":"https:\/\/repliquemangacine.fr\/it\/wp-json\/wp\/v2\/types\/product"}],"wp:featuredmedia":[{"embeddable":true,"href":"https:\/\/repliquemangacine.fr\/it\/wp-json\/wp\/v2\/media\/43264"}],"wp:attachment":[{"href":"https:\/\/repliquemangacine.fr\/it\/wp-json\/wp\/v2\/media?parent=43263"}],"wp:term":[{"taxonomy":"product_brand","embeddable":true,"href":"https:\/\/repliquemangacine.fr\/it\/wp-json\/wp\/v2\/product_brand?post=43263"},{"taxonomy":"product_cat","embeddable":true,"href":"https:\/\/repliquemangacine.fr\/it\/wp-json\/wp\/v2\/product_cat?post=43263"},{"taxonomy":"product_tag","embeddable":true,"href":"https:\/\/repliquemangacine.fr\/it\/wp-json\/wp\/v2\/product_tag?post=43263"}],"curies":[{"name":"wp","href":"https:\/\/api.w.org\/{rel}","templated":true}]}}